{"id":8539,"date":"2022-05-10T15:08:18","date_gmt":"2022-05-10T15:08:18","guid":{"rendered":"https:\/\/spacebridge.com\/?post_type=product&#038;p=8539"},"modified":"2022-12-01T21:49:41","modified_gmt":"2022-12-01T21:49:41","slug":"1-2m-ka-rxtx-class-i-antenna-system-model-900-vs1215-001","status":"publish","type":"product","link":"https:\/\/spacebridge.com\/fr\/produit\/1-2m-ka-rxtx-class-i-antenna-system-model-900-vs1215-001\/","title":{"rendered":"Syst\u00e8me d'antenne Ka RxTx de 1,2 m de classe I"},"content":{"rendered":"<h3>Pr\u00e9sentation du produit<\/h3>\n<p><b>Parfaitement con\u00e7u pour un d\u00e9ploiement \u00e9conomique du syst\u00e8me VSAT <\/b><\/p>","protected":false},"excerpt":{"rendered":"<p>Perfectly designed for the economical deployment of a VSAT system.<\/p>","protected":false},"featured_media":10615,"comment_status":"open","ping_status":"closed","template":"","meta":{"_acf_changed":false},"product_brand":[],"product_cat":[81],"product_tag":[147,118,121,117,119,120],"class_list":{"0":"post-8539","1":"product","2":"type-product","3":"status-publish","4":"has-post-thumbnail","6":"product_cat-terminals-solutions","7":"product_tag-broadcasting","8":"product_tag-cellular-backhaul","9":"product_tag-defense-government","10":"product_tag-enterprise-broadband","11":"product_tag-iot","12":"product_tag-mobility","14":"first","15":"instock","16":"shipping-taxable","17":"product-type-simple"},"acf":[],"yoast_head":"<!-- This site is optimized with the Yoast SEO plugin v27.3 - https:\/\/yoast.com\/product\/yoast-seo-wordpress\/ -->\n<title>1.2m Ka RxTx Class I Antenna System - Spacebridge Inc.<\/title>\n<meta name=\"description\" content=\"1.2m Ka Rx\/Tx Class I Antenna System is perfectly designed for economical deployment\u00a0 of VSAT system. Contact us for more information.\" \/>\n<meta name=\"robots\" content=\"index, follow, max-snippet:-1, max-image-preview:large, max-video-preview:-1\" \/>\n<link rel=\"canonical\" href=\"https:\/\/spacebridge.com\/fr\/produit\/1-2m-ka-rxtx-class-i-antenna-system-model-900-vs1215-001\/\" \/>\n<meta property=\"og:locale\" content=\"fr_FR\" \/>\n<meta property=\"og:type\" content=\"article\" \/>\n<meta property=\"og:title\" content=\"1.2m Ka RxTx Class I Antenna System - Spacebridge Inc.\" \/>\n<meta property=\"og:description\" content=\"1.2m Ka Rx\/Tx Class I Antenna System is perfectly designed for economical deployment\u00a0 of VSAT system. Contact us for more information.\" \/>\n<meta property=\"og:url\" content=\"https:\/\/spacebridge.com\/fr\/produit\/1-2m-ka-rxtx-class-i-antenna-system-model-900-vs1215-001\/\" \/>\n<meta property=\"og:site_name\" content=\"Spacebridge Inc.\" \/>\n<meta property=\"article:modified_time\" content=\"2022-12-01T21:49:41+00:00\" \/>\n<meta property=\"og:image\" content=\"https:\/\/spacebridge.com\/wp-content\/uploads\/2022\/05\/Untitled-design-36.png\" \/>\n\t<meta property=\"og:image:width\" content=\"700\" \/>\n\t<meta property=\"og:image:height\" content=\"700\" \/>\n\t<meta property=\"og:image:type\" content=\"image\/png\" \/>\n<meta name=\"twitter:card\" content=\"summary_large_image\" \/>\n<meta name=\"twitter:label1\" content=\"Dur\u00e9e de lecture estim\u00e9e\" \/>\n\t<meta name=\"twitter:data1\" content=\"1 minute\" \/>\n<script type=\"application\/ld+json\" class=\"yoast-schema-graph\">{\"@context\":\"https:\\\/\\\/schema.org\",\"@graph\":[{\"@type\":\"WebPage\",\"@id\":\"https:\\\/\\\/spacebridge.com\\\/product\\\/1-2m-ka-rxtx-class-i-antenna-system-model-900-vs1215-001\\\/\",\"url\":\"https:\\\/\\\/spacebridge.com\\\/product\\\/1-2m-ka-rxtx-class-i-antenna-system-model-900-vs1215-001\\\/\",\"name\":\"1.2m Ka RxTx Class I Antenna System - Spacebridge Inc.\",\"isPartOf\":{\"@id\":\"https:\\\/\\\/spacebridge.com\\\/#website\"},\"primaryImageOfPage\":{\"@id\":\"https:\\\/\\\/spacebridge.com\\\/product\\\/1-2m-ka-rxtx-class-i-antenna-system-model-900-vs1215-001\\\/#primaryimage\"},\"image\":{\"@id\":\"https:\\\/\\\/spacebridge.com\\\/product\\\/1-2m-ka-rxtx-class-i-antenna-system-model-900-vs1215-001\\\/#primaryimage\"},\"thumbnailUrl\":\"https:\\\/\\\/spacebridge.com\\\/wp-content\\\/uploads\\\/2022\\\/05\\\/Untitled-design-36.png\",\"datePublished\":\"2022-05-10T15:08:18+00:00\",\"dateModified\":\"2022-12-01T21:49:41+00:00\",\"description\":\"1.2m Ka Rx\\\/Tx Class I Antenna System is perfectly designed for economical deployment\u00a0 of VSAT system. Contact us for more information.\",\"breadcrumb\":{\"@id\":\"https:\\\/\\\/spacebridge.com\\\/product\\\/1-2m-ka-rxtx-class-i-antenna-system-model-900-vs1215-001\\\/#breadcrumb\"},\"inLanguage\":\"fr-FR\",\"potentialAction\":[{\"@type\":\"ReadAction\",\"target\":[\"https:\\\/\\\/spacebridge.com\\\/product\\\/1-2m-ka-rxtx-class-i-antenna-system-model-900-vs1215-001\\\/\"]}]},{\"@type\":\"ImageObject\",\"inLanguage\":\"fr-FR\",\"@id\":\"https:\\\/\\\/spacebridge.com\\\/product\\\/1-2m-ka-rxtx-class-i-antenna-system-model-900-vs1215-001\\\/#primaryimage\",\"url\":\"https:\\\/\\\/spacebridge.com\\\/wp-content\\\/uploads\\\/2022\\\/05\\\/Untitled-design-36.png\",\"contentUrl\":\"https:\\\/\\\/spacebridge.com\\\/wp-content\\\/uploads\\\/2022\\\/05\\\/Untitled-design-36.png\",\"width\":700,\"height\":700},{\"@type\":\"BreadcrumbList\",\"@id\":\"https:\\\/\\\/spacebridge.com\\\/product\\\/1-2m-ka-rxtx-class-i-antenna-system-model-900-vs1215-001\\\/#breadcrumb\",\"itemListElement\":[{\"@type\":\"ListItem\",\"position\":1,\"name\":\"Home\",\"item\":\"https:\\\/\\\/spacebridge.com\\\/\"},{\"@type\":\"ListItem\",\"position\":2,\"name\":\"Products\",\"item\":\"https:\\\/\\\/spacebridge.com\\\/products\\\/\"},{\"@type\":\"ListItem\",\"position\":3,\"name\":\"1.2m Ka RxTx Class I Antenna System\"}]},{\"@type\":\"WebSite\",\"@id\":\"https:\\\/\\\/spacebridge.com\\\/#website\",\"url\":\"https:\\\/\\\/spacebridge.com\\\/\",\"name\":\"Spacebridge Inc.\",\"description\":\"Broadband Satellite Communications Systems\",\"publisher\":{\"@id\":\"https:\\\/\\\/spacebridge.com\\\/#organization\"},\"potentialAction\":[{\"@type\":\"SearchAction\",\"target\":{\"@type\":\"EntryPoint\",\"urlTemplate\":\"https:\\\/\\\/spacebridge.com\\\/?s={search_term_string}\"},\"query-input\":{\"@type\":\"PropertyValueSpecification\",\"valueRequired\":true,\"valueName\":\"search_term_string\"}}],\"inLanguage\":\"fr-FR\"},{\"@type\":\"Organization\",\"@id\":\"https:\\\/\\\/spacebridge.com\\\/#organization\",\"name\":\"SpaceBridge Inc.\",\"url\":\"https:\\\/\\\/spacebridge.com\\\/\",\"logo\":{\"@type\":\"ImageObject\",\"inLanguage\":\"fr-FR\",\"@id\":\"https:\\\/\\\/spacebridge.com\\\/#\\\/schema\\\/logo\\\/image\\\/\",\"url\":\"https:\\\/\\\/spacebridge.com\\\/wp-content\\\/uploads\\\/2024\\\/02\\\/SpaceBridge-logo-no-tagline-full-color-on-white-or-blue.png\",\"contentUrl\":\"https:\\\/\\\/spacebridge.com\\\/wp-content\\\/uploads\\\/2024\\\/02\\\/SpaceBridge-logo-no-tagline-full-color-on-white-or-blue.png\",\"width\":1474,\"height\":730,\"caption\":\"SpaceBridge Inc.\"},\"image\":{\"@id\":\"https:\\\/\\\/spacebridge.com\\\/#\\\/schema\\\/logo\\\/image\\\/\"},\"sameAs\":[\"https:\\\/\\\/www.linkedin.com\\\/company\\\/spacebridgeinc\\\/\"]}]}<\/script>\n<!-- \/ Yoast SEO plugin. -->","yoast_head_json":{"title":"1.2m Ka RxTx Class I Antenna System - Spacebridge Inc.","description":"1.2m Ka Rx\/Tx Class I Antenna System is perfectly designed for economical deployment\u00a0 of VSAT system. Contact us for more information.","robots":{"index":"index","follow":"follow","max-snippet":"max-snippet:-1","max-image-preview":"max-image-preview:large","max-video-preview":"max-video-preview:-1"},"canonical":"https:\/\/spacebridge.com\/fr\/produit\/1-2m-ka-rxtx-class-i-antenna-system-model-900-vs1215-001\/","og_locale":"fr_FR","og_type":"article","og_title":"1.2m Ka RxTx Class I Antenna System - Spacebridge Inc.","og_description":"1.2m Ka Rx\/Tx Class I Antenna System is perfectly designed for economical deployment\u00a0 of VSAT system. Contact us for more information.","og_url":"https:\/\/spacebridge.com\/fr\/produit\/1-2m-ka-rxtx-class-i-antenna-system-model-900-vs1215-001\/","og_site_name":"Spacebridge Inc.","article_modified_time":"2022-12-01T21:49:41+00:00","og_image":[{"width":700,"height":700,"url":"https:\/\/spacebridge.com\/wp-content\/uploads\/2022\/05\/Untitled-design-36.png","type":"image\/png"}],"twitter_card":"summary_large_image","twitter_misc":{"Dur\u00e9e de lecture estim\u00e9e":"1 minute"},"schema":{"@context":"https:\/\/schema.org","@graph":[{"@type":"WebPage","@id":"https:\/\/spacebridge.com\/product\/1-2m-ka-rxtx-class-i-antenna-system-model-900-vs1215-001\/","url":"https:\/\/spacebridge.com\/product\/1-2m-ka-rxtx-class-i-antenna-system-model-900-vs1215-001\/","name":"1.2m Ka RxTx Class I Antenna System - Spacebridge Inc.","isPartOf":{"@id":"https:\/\/spacebridge.com\/#website"},"primaryImageOfPage":{"@id":"https:\/\/spacebridge.com\/product\/1-2m-ka-rxtx-class-i-antenna-system-model-900-vs1215-001\/#primaryimage"},"image":{"@id":"https:\/\/spacebridge.com\/product\/1-2m-ka-rxtx-class-i-antenna-system-model-900-vs1215-001\/#primaryimage"},"thumbnailUrl":"https:\/\/spacebridge.com\/wp-content\/uploads\/2022\/05\/Untitled-design-36.png","datePublished":"2022-05-10T15:08:18+00:00","dateModified":"2022-12-01T21:49:41+00:00","description":"1.2m Ka Rx\/Tx Class I Antenna System is perfectly designed for economical deployment\u00a0 of VSAT system. Contact us for more information.","breadcrumb":{"@id":"https:\/\/spacebridge.com\/product\/1-2m-ka-rxtx-class-i-antenna-system-model-900-vs1215-001\/#breadcrumb"},"inLanguage":"fr-FR","potentialAction":[{"@type":"ReadAction","target":["https:\/\/spacebridge.com\/product\/1-2m-ka-rxtx-class-i-antenna-system-model-900-vs1215-001\/"]}]},{"@type":"ImageObject","inLanguage":"fr-FR","@id":"https:\/\/spacebridge.com\/product\/1-2m-ka-rxtx-class-i-antenna-system-model-900-vs1215-001\/#primaryimage","url":"https:\/\/spacebridge.com\/wp-content\/uploads\/2022\/05\/Untitled-design-36.png","contentUrl":"https:\/\/spacebridge.com\/wp-content\/uploads\/2022\/05\/Untitled-design-36.png","width":700,"height":700},{"@type":"BreadcrumbList","@id":"https:\/\/spacebridge.com\/product\/1-2m-ka-rxtx-class-i-antenna-system-model-900-vs1215-001\/#breadcrumb","itemListElement":[{"@type":"ListItem","position":1,"name":"Home","item":"https:\/\/spacebridge.com\/"},{"@type":"ListItem","position":2,"name":"Products","item":"https:\/\/spacebridge.com\/products\/"},{"@type":"ListItem","position":3,"name":"1.2m Ka RxTx Class I Antenna System"}]},{"@type":"WebSite","@id":"https:\/\/spacebridge.com\/#website","url":"https:\/\/spacebridge.com\/","name":"Spacebridge Inc.","description":"Broadband Satellite Communications Systems","publisher":{"@id":"https:\/\/spacebridge.com\/#organization"},"potentialAction":[{"@type":"SearchAction","target":{"@type":"EntryPoint","urlTemplate":"https:\/\/spacebridge.com\/?s={search_term_string}"},"query-input":{"@type":"PropertyValueSpecification","valueRequired":true,"valueName":"search_term_string"}}],"inLanguage":"fr-FR"},{"@type":"Organization","@id":"https:\/\/spacebridge.com\/#organization","name":"SpaceBridge Inc.","url":"https:\/\/spacebridge.com\/","logo":{"@type":"ImageObject","inLanguage":"fr-FR","@id":"https:\/\/spacebridge.com\/#\/schema\/logo\/image\/","url":"https:\/\/spacebridge.com\/wp-content\/uploads\/2024\/02\/SpaceBridge-logo-no-tagline-full-color-on-white-or-blue.png","contentUrl":"https:\/\/spacebridge.com\/wp-content\/uploads\/2024\/02\/SpaceBridge-logo-no-tagline-full-color-on-white-or-blue.png","width":1474,"height":730,"caption":"SpaceBridge Inc."},"image":{"@id":"https:\/\/spacebridge.com\/#\/schema\/logo\/image\/"},"sameAs":["https:\/\/www.linkedin.com\/company\/spacebridgeinc\/"]}]}},"_links":{"self":[{"href":"https:\/\/spacebridge.com\/fr\/wp-json\/wp\/v2\/product\/8539","targetHints":{"allow":["GET"]}}],"collection":[{"href":"https:\/\/spacebridge.com\/fr\/wp-json\/wp\/v2\/product"}],"about":[{"href":"https:\/\/spacebridge.com\/fr\/wp-json\/wp\/v2\/types\/product"}],"replies":[{"embeddable":true,"href":"https:\/\/spacebridge.com\/fr\/wp-json\/wp\/v2\/comments?post=8539"}],"version-history":[{"count":0,"href":"https:\/\/spacebridge.com\/fr\/wp-json\/wp\/v2\/product\/8539\/revisions"}],"wp:featuredmedia":[{"embeddable":true,"href":"https:\/\/spacebridge.com\/fr\/wp-json\/wp\/v2\/media\/10615"}],"wp:attachment":[{"href":"https:\/\/spacebridge.com\/fr\/wp-json\/wp\/v2\/media?parent=8539"}],"wp:term":[{"taxonomy":"product_brand","embeddable":true,"href":"https:\/\/spacebridge.com\/fr\/wp-json\/wp\/v2\/product_brand?post=8539"},{"taxonomy":"product_cat","embeddable":true,"href":"https:\/\/spacebridge.com\/fr\/wp-json\/wp\/v2\/product_cat?post=8539"},{"taxonomy":"product_tag","embeddable":true,"href":"https:\/\/spacebridge.com\/fr\/wp-json\/wp\/v2\/product_tag?post=8539"}],"curies":[{"name":"wp","href":"https:\/\/api.w.org\/{rel}","templated":true}]}}