{"id":8537,"date":"2022-05-10T15:09:56","date_gmt":"2022-05-10T15:09:56","guid":{"rendered":"https:\/\/spacebridge.com\/?post_type=product&#038;p=8537"},"modified":"2024-09-12T13:30:16","modified_gmt":"2024-09-12T13:30:16","slug":"98cm-ka-ku-rxtx-class-i-antenna-system","status":"publish","type":"product","link":"https:\/\/spacebridge.com\/fr\/produit\/98cm-ka-ku-rxtx-class-i-antenna-system\/","title":{"rendered":"Syst\u00e8me d'antenne 98cm Ka-Ku RxTx Classe I"},"content":{"rendered":"<h3>Pr\u00e9sentation du produit<\/h3>\n<p><b>98cm Ka-Ku <\/b><b>RxTx<\/b><b> Syst\u00e8me d'antenne de classe I<\/b><\/p>\n<p><b>Parfaitement con\u00e7u pour un d\u00e9ploiement \u00e9conomique du syst\u00e8me VSAT <\/b><\/p>","protected":false},"excerpt":{"rendered":"<p><b>98cm Ka-Ku <\/b><b>RxTx<\/b><b> Syst\u00e8me d'antenne de classe I<\/b><\/p>\n<p><b>Parfaitement con\u00e7u pour un d\u00e9ploiement \u00e9conomique du syst\u00e8me VSAT <\/b><\/p>","protected":false},"featured_media":10610,"comment_status":"open","ping_status":"closed","template":"","meta":{"_acf_changed":false},"product_brand":[],"product_cat":[81],"product_tag":[147,118,121,117,119,120],"class_list":{"0":"post-8537","1":"product","2":"type-product","3":"status-publish","4":"has-post-thumbnail","6":"product_cat-terminals-solutions","7":"product_tag-broadcasting","8":"product_tag-cellular-backhaul","9":"product_tag-defense-government","10":"product_tag-enterprise-broadband","11":"product_tag-iot","12":"product_tag-mobility","14":"first","15":"instock","16":"shipping-taxable","17":"product-type-simple"},"acf":[],"yoast_head":"<!-- This site is optimized with the Yoast SEO plugin v27.3 - https:\/\/yoast.com\/product\/yoast-seo-wordpress\/ -->\n<title>98cm Ka-Ku RxTx Class I Antenna System - Spacebridge Inc.<\/title>\n<meta name=\"description\" content=\"98cm Ka-Ku RxTx Class I Antenna System is perfectly designed for economical deployment\u00a0 of VSAT system. Contact us for more information.\" \/>\n<meta name=\"robots\" content=\"index, follow, max-snippet:-1, max-image-preview:large, max-video-preview:-1\" \/>\n<link rel=\"canonical\" href=\"https:\/\/spacebridge.com\/fr\/produit\/98cm-ka-ku-rxtx-class-i-antenna-system\/\" \/>\n<meta property=\"og:locale\" content=\"fr_FR\" \/>\n<meta property=\"og:type\" content=\"article\" \/>\n<meta property=\"og:title\" content=\"98cm Ka-Ku RxTx Class I Antenna System - Spacebridge Inc.\" \/>\n<meta property=\"og:description\" content=\"98cm Ka-Ku RxTx Class I Antenna System is perfectly designed for economical deployment\u00a0 of VSAT system. Contact us for more information.\" \/>\n<meta property=\"og:url\" content=\"https:\/\/spacebridge.com\/fr\/produit\/98cm-ka-ku-rxtx-class-i-antenna-system\/\" \/>\n<meta property=\"og:site_name\" content=\"Spacebridge Inc.\" \/>\n<meta property=\"article:modified_time\" content=\"2024-09-12T13:30:16+00:00\" \/>\n<meta property=\"og:image\" content=\"https:\/\/spacebridge.com\/wp-content\/uploads\/2022\/05\/Untitled-design-33.png\" \/>\n\t<meta property=\"og:image:width\" content=\"700\" \/>\n\t<meta property=\"og:image:height\" content=\"700\" \/>\n\t<meta property=\"og:image:type\" content=\"image\/png\" \/>\n<meta name=\"twitter:card\" content=\"summary_large_image\" \/>\n<meta name=\"twitter:label1\" content=\"Dur\u00e9e de lecture estim\u00e9e\" \/>\n\t<meta name=\"twitter:data1\" content=\"1 minute\" \/>\n<script type=\"application\/ld+json\" class=\"yoast-schema-graph\">{\"@context\":\"https:\\\/\\\/schema.org\",\"@graph\":[{\"@type\":\"WebPage\",\"@id\":\"https:\\\/\\\/spacebridge.com\\\/product\\\/98cm-ka-ku-rxtx-class-i-antenna-system\\\/\",\"url\":\"https:\\\/\\\/spacebridge.com\\\/product\\\/98cm-ka-ku-rxtx-class-i-antenna-system\\\/\",\"name\":\"98cm Ka-Ku RxTx Class I Antenna System - Spacebridge Inc.\",\"isPartOf\":{\"@id\":\"https:\\\/\\\/spacebridge.com\\\/#website\"},\"primaryImageOfPage\":{\"@id\":\"https:\\\/\\\/spacebridge.com\\\/product\\\/98cm-ka-ku-rxtx-class-i-antenna-system\\\/#primaryimage\"},\"image\":{\"@id\":\"https:\\\/\\\/spacebridge.com\\\/product\\\/98cm-ka-ku-rxtx-class-i-antenna-system\\\/#primaryimage\"},\"thumbnailUrl\":\"https:\\\/\\\/spacebridge.com\\\/wp-content\\\/uploads\\\/2022\\\/05\\\/Untitled-design-33.png\",\"datePublished\":\"2022-05-10T15:09:56+00:00\",\"dateModified\":\"2024-09-12T13:30:16+00:00\",\"description\":\"98cm Ka-Ku RxTx Class I Antenna System is perfectly designed for economical deployment\u00a0 of VSAT system. Contact us for more information.\",\"breadcrumb\":{\"@id\":\"https:\\\/\\\/spacebridge.com\\\/product\\\/98cm-ka-ku-rxtx-class-i-antenna-system\\\/#breadcrumb\"},\"inLanguage\":\"fr-FR\",\"potentialAction\":[{\"@type\":\"ReadAction\",\"target\":[\"https:\\\/\\\/spacebridge.com\\\/product\\\/98cm-ka-ku-rxtx-class-i-antenna-system\\\/\"]}]},{\"@type\":\"ImageObject\",\"inLanguage\":\"fr-FR\",\"@id\":\"https:\\\/\\\/spacebridge.com\\\/product\\\/98cm-ka-ku-rxtx-class-i-antenna-system\\\/#primaryimage\",\"url\":\"https:\\\/\\\/spacebridge.com\\\/wp-content\\\/uploads\\\/2022\\\/05\\\/Untitled-design-33.png\",\"contentUrl\":\"https:\\\/\\\/spacebridge.com\\\/wp-content\\\/uploads\\\/2022\\\/05\\\/Untitled-design-33.png\",\"width\":700,\"height\":700},{\"@type\":\"BreadcrumbList\",\"@id\":\"https:\\\/\\\/spacebridge.com\\\/product\\\/98cm-ka-ku-rxtx-class-i-antenna-system\\\/#breadcrumb\",\"itemListElement\":[{\"@type\":\"ListItem\",\"position\":1,\"name\":\"Home\",\"item\":\"https:\\\/\\\/spacebridge.com\\\/\"},{\"@type\":\"ListItem\",\"position\":2,\"name\":\"Products\",\"item\":\"https:\\\/\\\/spacebridge.com\\\/products\\\/\"},{\"@type\":\"ListItem\",\"position\":3,\"name\":\"98cm Ka-Ku RxTx Class I Antenna System\"}]},{\"@type\":\"WebSite\",\"@id\":\"https:\\\/\\\/spacebridge.com\\\/#website\",\"url\":\"https:\\\/\\\/spacebridge.com\\\/\",\"name\":\"Spacebridge Inc.\",\"description\":\"Broadband Satellite Communications Systems\",\"publisher\":{\"@id\":\"https:\\\/\\\/spacebridge.com\\\/#organization\"},\"potentialAction\":[{\"@type\":\"SearchAction\",\"target\":{\"@type\":\"EntryPoint\",\"urlTemplate\":\"https:\\\/\\\/spacebridge.com\\\/?s={search_term_string}\"},\"query-input\":{\"@type\":\"PropertyValueSpecification\",\"valueRequired\":true,\"valueName\":\"search_term_string\"}}],\"inLanguage\":\"fr-FR\"},{\"@type\":\"Organization\",\"@id\":\"https:\\\/\\\/spacebridge.com\\\/#organization\",\"name\":\"SpaceBridge Inc.\",\"url\":\"https:\\\/\\\/spacebridge.com\\\/\",\"logo\":{\"@type\":\"ImageObject\",\"inLanguage\":\"fr-FR\",\"@id\":\"https:\\\/\\\/spacebridge.com\\\/#\\\/schema\\\/logo\\\/image\\\/\",\"url\":\"https:\\\/\\\/spacebridge.com\\\/wp-content\\\/uploads\\\/2024\\\/02\\\/SpaceBridge-logo-no-tagline-full-color-on-white-or-blue.png\",\"contentUrl\":\"https:\\\/\\\/spacebridge.com\\\/wp-content\\\/uploads\\\/2024\\\/02\\\/SpaceBridge-logo-no-tagline-full-color-on-white-or-blue.png\",\"width\":1474,\"height\":730,\"caption\":\"SpaceBridge Inc.\"},\"image\":{\"@id\":\"https:\\\/\\\/spacebridge.com\\\/#\\\/schema\\\/logo\\\/image\\\/\"},\"sameAs\":[\"https:\\\/\\\/www.linkedin.com\\\/company\\\/spacebridgeinc\\\/\"]}]}<\/script>\n<!-- \/ Yoast SEO plugin. -->","yoast_head_json":{"title":"98cm Ka-Ku RxTx Class I Antenna System - Spacebridge Inc.","description":"98cm Ka-Ku RxTx Class I Antenna System is perfectly designed for economical deployment\u00a0 of VSAT system. Contact us for more information.","robots":{"index":"index","follow":"follow","max-snippet":"max-snippet:-1","max-image-preview":"max-image-preview:large","max-video-preview":"max-video-preview:-1"},"canonical":"https:\/\/spacebridge.com\/fr\/produit\/98cm-ka-ku-rxtx-class-i-antenna-system\/","og_locale":"fr_FR","og_type":"article","og_title":"98cm Ka-Ku RxTx Class I Antenna System - Spacebridge Inc.","og_description":"98cm Ka-Ku RxTx Class I Antenna System is perfectly designed for economical deployment\u00a0 of VSAT system. Contact us for more information.","og_url":"https:\/\/spacebridge.com\/fr\/produit\/98cm-ka-ku-rxtx-class-i-antenna-system\/","og_site_name":"Spacebridge Inc.","article_modified_time":"2024-09-12T13:30:16+00:00","og_image":[{"width":700,"height":700,"url":"https:\/\/spacebridge.com\/wp-content\/uploads\/2022\/05\/Untitled-design-33.png","type":"image\/png"}],"twitter_card":"summary_large_image","twitter_misc":{"Dur\u00e9e de lecture estim\u00e9e":"1 minute"},"schema":{"@context":"https:\/\/schema.org","@graph":[{"@type":"WebPage","@id":"https:\/\/spacebridge.com\/product\/98cm-ka-ku-rxtx-class-i-antenna-system\/","url":"https:\/\/spacebridge.com\/product\/98cm-ka-ku-rxtx-class-i-antenna-system\/","name":"98cm Ka-Ku RxTx Class I Antenna System - Spacebridge Inc.","isPartOf":{"@id":"https:\/\/spacebridge.com\/#website"},"primaryImageOfPage":{"@id":"https:\/\/spacebridge.com\/product\/98cm-ka-ku-rxtx-class-i-antenna-system\/#primaryimage"},"image":{"@id":"https:\/\/spacebridge.com\/product\/98cm-ka-ku-rxtx-class-i-antenna-system\/#primaryimage"},"thumbnailUrl":"https:\/\/spacebridge.com\/wp-content\/uploads\/2022\/05\/Untitled-design-33.png","datePublished":"2022-05-10T15:09:56+00:00","dateModified":"2024-09-12T13:30:16+00:00","description":"98cm Ka-Ku RxTx Class I Antenna System is perfectly designed for economical deployment\u00a0 of VSAT system. Contact us for more information.","breadcrumb":{"@id":"https:\/\/spacebridge.com\/product\/98cm-ka-ku-rxtx-class-i-antenna-system\/#breadcrumb"},"inLanguage":"fr-FR","potentialAction":[{"@type":"ReadAction","target":["https:\/\/spacebridge.com\/product\/98cm-ka-ku-rxtx-class-i-antenna-system\/"]}]},{"@type":"ImageObject","inLanguage":"fr-FR","@id":"https:\/\/spacebridge.com\/product\/98cm-ka-ku-rxtx-class-i-antenna-system\/#primaryimage","url":"https:\/\/spacebridge.com\/wp-content\/uploads\/2022\/05\/Untitled-design-33.png","contentUrl":"https:\/\/spacebridge.com\/wp-content\/uploads\/2022\/05\/Untitled-design-33.png","width":700,"height":700},{"@type":"BreadcrumbList","@id":"https:\/\/spacebridge.com\/product\/98cm-ka-ku-rxtx-class-i-antenna-system\/#breadcrumb","itemListElement":[{"@type":"ListItem","position":1,"name":"Home","item":"https:\/\/spacebridge.com\/"},{"@type":"ListItem","position":2,"name":"Products","item":"https:\/\/spacebridge.com\/products\/"},{"@type":"ListItem","position":3,"name":"98cm Ka-Ku RxTx Class I Antenna System"}]},{"@type":"WebSite","@id":"https:\/\/spacebridge.com\/#website","url":"https:\/\/spacebridge.com\/","name":"Spacebridge Inc.","description":"Broadband Satellite Communications Systems","publisher":{"@id":"https:\/\/spacebridge.com\/#organization"},"potentialAction":[{"@type":"SearchAction","target":{"@type":"EntryPoint","urlTemplate":"https:\/\/spacebridge.com\/?s={search_term_string}"},"query-input":{"@type":"PropertyValueSpecification","valueRequired":true,"valueName":"search_term_string"}}],"inLanguage":"fr-FR"},{"@type":"Organization","@id":"https:\/\/spacebridge.com\/#organization","name":"SpaceBridge Inc.","url":"https:\/\/spacebridge.com\/","logo":{"@type":"ImageObject","inLanguage":"fr-FR","@id":"https:\/\/spacebridge.com\/#\/schema\/logo\/image\/","url":"https:\/\/spacebridge.com\/wp-content\/uploads\/2024\/02\/SpaceBridge-logo-no-tagline-full-color-on-white-or-blue.png","contentUrl":"https:\/\/spacebridge.com\/wp-content\/uploads\/2024\/02\/SpaceBridge-logo-no-tagline-full-color-on-white-or-blue.png","width":1474,"height":730,"caption":"SpaceBridge Inc."},"image":{"@id":"https:\/\/spacebridge.com\/#\/schema\/logo\/image\/"},"sameAs":["https:\/\/www.linkedin.com\/company\/spacebridgeinc\/"]}]}},"_links":{"self":[{"href":"https:\/\/spacebridge.com\/fr\/wp-json\/wp\/v2\/product\/8537","targetHints":{"allow":["GET"]}}],"collection":[{"href":"https:\/\/spacebridge.com\/fr\/wp-json\/wp\/v2\/product"}],"about":[{"href":"https:\/\/spacebridge.com\/fr\/wp-json\/wp\/v2\/types\/product"}],"replies":[{"embeddable":true,"href":"https:\/\/spacebridge.com\/fr\/wp-json\/wp\/v2\/comments?post=8537"}],"version-history":[{"count":1,"href":"https:\/\/spacebridge.com\/fr\/wp-json\/wp\/v2\/product\/8537\/revisions"}],"predecessor-version":[{"id":10350,"href":"https:\/\/spacebridge.com\/fr\/wp-json\/wp\/v2\/product\/8537\/revisions\/10350"}],"wp:featuredmedia":[{"embeddable":true,"href":"https:\/\/spacebridge.com\/fr\/wp-json\/wp\/v2\/media\/10610"}],"wp:attachment":[{"href":"https:\/\/spacebridge.com\/fr\/wp-json\/wp\/v2\/media?parent=8537"}],"wp:term":[{"taxonomy":"product_brand","embeddable":true,"href":"https:\/\/spacebridge.com\/fr\/wp-json\/wp\/v2\/product_brand?post=8537"},{"taxonomy":"product_cat","embeddable":true,"href":"https:\/\/spacebridge.com\/fr\/wp-json\/wp\/v2\/product_cat?post=8537"},{"taxonomy":"product_tag","embeddable":true,"href":"https:\/\/spacebridge.com\/fr\/wp-json\/wp\/v2\/product_tag?post=8537"}],"curies":[{"name":"wp","href":"https:\/\/api.w.org\/{rel}","templated":true}]}}