{"id":6310,"date":"2022-02-24T16:42:10","date_gmt":"2022-02-24T16:42:10","guid":{"rendered":"https:\/\/spacebridge.com\/?post_type=product&#038;p=6310"},"modified":"2026-01-12T17:37:35","modified_gmt":"2026-01-12T17:37:35","slug":"mod1250-dvb-s2x-wideband-modulator","status":"publish","type":"product","link":"https:\/\/spacebridge.com\/fr\/produit\/mod1250-dvb-s2x-wideband-modulator\/","title":{"rendered":"Modulateur large bande MOD1250 DVB-S2X"},"content":{"rendered":"<h3>Pr\u00e9sentation du produit<\/h3>\n<p>The MOD1250 is a DVB-S2X high performance Software Defined Radio (SDR) modulator for High Throughput Satellites (HTS) VSAT networks. The MOD1250 designed to provide connectivity through Very High Throughput Satellites. Based on a &#8220;Software Defined Radio&#8221; architecture. The MOD1250 is SpaceBridge&#8217;s DVBS2X Wideband modulator. It supports data transmissions over High Throughput Satellites from a central side towards a group of remote terminals.<\/p>","protected":false},"excerpt":{"rendered":"<h3>Pr\u00e9sentation du produit<\/h3>\n<p>Le MOD1250 est un modulateur de radio logicielle (SDR) DVB-S2X haute performance con\u00e7u pour les r\u00e9seaux VSAT de satellites \u00e0 haut d\u00e9bit (HTS). Le MOD1250 est con\u00e7u pour fournir une connectivit\u00e9 par le biais de satellites \u00e0 tr\u00e8s haut d\u00e9bit. Bas\u00e9 sur une architecture radio d\u00e9finie par logiciel, le MOD1250 est le modulateur large bande DVBS2X de SpaceBridge con\u00e7u pour supporter les transmissions de donn\u00e9es sur des satellites \u00e0 haut d\u00e9bit depuis un c\u00f4t\u00e9 central vers un groupe de terminaux distants.<\/p>","protected":false},"featured_media":6311,"comment_status":"open","ping_status":"closed","template":"","meta":{"_acf_changed":false},"product_brand":[],"product_cat":[82],"product_tag":[147,118,121,117,119,120],"class_list":{"0":"post-6310","1":"product","2":"type-product","3":"status-publish","4":"has-post-thumbnail","6":"product_cat-scpc-modems","7":"product_tag-broadcasting","8":"product_tag-cellular-backhaul","9":"product_tag-defense-government","10":"product_tag-enterprise-broadband","11":"product_tag-iot","12":"product_tag-mobility","14":"first","15":"instock","16":"shipping-taxable","17":"product-type-simple"},"acf":[],"yoast_head":"<!-- This site is optimized with the Yoast SEO plugin v27.3 - https:\/\/yoast.com\/product\/yoast-seo-wordpress\/ -->\n<title>MOD1250 DVB-S2X Wideband Modulator - Spacebridge Inc.<\/title>\n<meta name=\"description\" content=\"The MOD1250 is a DVB-S2X high performance Software Defined Radio (SDR) modulator designed for High Throughput Satellites (HTS) VSAT networks.\" \/>\n<meta name=\"robots\" content=\"index, follow, max-snippet:-1, max-image-preview:large, max-video-preview:-1\" \/>\n<link rel=\"canonical\" href=\"https:\/\/spacebridge.com\/fr\/produit\/mod1250-dvb-s2x-wideband-modulator\/\" \/>\n<meta property=\"og:locale\" content=\"fr_FR\" \/>\n<meta property=\"og:type\" content=\"article\" \/>\n<meta property=\"og:title\" content=\"MOD1250 DVB-S2X Wideband Modulator - Spacebridge Inc.\" \/>\n<meta property=\"og:description\" content=\"The MOD1250 is a DVB-S2X high performance Software Defined Radio (SDR) modulator designed for High Throughput Satellites (HTS) VSAT networks.\" \/>\n<meta property=\"og:url\" content=\"https:\/\/spacebridge.com\/fr\/produit\/mod1250-dvb-s2x-wideband-modulator\/\" \/>\n<meta property=\"og:site_name\" content=\"Spacebridge Inc.\" \/>\n<meta property=\"article:modified_time\" content=\"2026-01-12T17:37:35+00:00\" \/>\n<meta property=\"og:image\" content=\"https:\/\/spacebridge.com\/wp-content\/uploads\/2022\/02\/product-website-size-570-x-570-20.png\" \/>\n\t<meta property=\"og:image:width\" content=\"570\" \/>\n\t<meta property=\"og:image:height\" content=\"570\" \/>\n\t<meta property=\"og:image:type\" content=\"image\/png\" \/>\n<meta name=\"twitter:card\" content=\"summary_large_image\" \/>\n<meta name=\"twitter:label1\" content=\"Dur\u00e9e de lecture estim\u00e9e\" \/>\n\t<meta name=\"twitter:data1\" content=\"1 minute\" \/>\n<script type=\"application\/ld+json\" class=\"yoast-schema-graph\">{\"@context\":\"https:\\\/\\\/schema.org\",\"@graph\":[{\"@type\":\"WebPage\",\"@id\":\"https:\\\/\\\/spacebridge.com\\\/product\\\/mod1250-dvb-s2x-wideband-modulator\\\/\",\"url\":\"https:\\\/\\\/spacebridge.com\\\/product\\\/mod1250-dvb-s2x-wideband-modulator\\\/\",\"name\":\"MOD1250 DVB-S2X Wideband Modulator - Spacebridge Inc.\",\"isPartOf\":{\"@id\":\"https:\\\/\\\/spacebridge.com\\\/#website\"},\"primaryImageOfPage\":{\"@id\":\"https:\\\/\\\/spacebridge.com\\\/product\\\/mod1250-dvb-s2x-wideband-modulator\\\/#primaryimage\"},\"image\":{\"@id\":\"https:\\\/\\\/spacebridge.com\\\/product\\\/mod1250-dvb-s2x-wideband-modulator\\\/#primaryimage\"},\"thumbnailUrl\":\"https:\\\/\\\/spacebridge.com\\\/wp-content\\\/uploads\\\/2022\\\/02\\\/product-website-size-570-x-570-20.png\",\"datePublished\":\"2022-02-24T16:42:10+00:00\",\"dateModified\":\"2026-01-12T17:37:35+00:00\",\"description\":\"The MOD1250 is a DVB-S2X high performance Software Defined Radio (SDR) modulator designed for High Throughput Satellites (HTS) VSAT networks.\",\"breadcrumb\":{\"@id\":\"https:\\\/\\\/spacebridge.com\\\/product\\\/mod1250-dvb-s2x-wideband-modulator\\\/#breadcrumb\"},\"inLanguage\":\"fr-FR\",\"potentialAction\":[{\"@type\":\"ReadAction\",\"target\":[\"https:\\\/\\\/spacebridge.com\\\/product\\\/mod1250-dvb-s2x-wideband-modulator\\\/\"]}]},{\"@type\":\"ImageObject\",\"inLanguage\":\"fr-FR\",\"@id\":\"https:\\\/\\\/spacebridge.com\\\/product\\\/mod1250-dvb-s2x-wideband-modulator\\\/#primaryimage\",\"url\":\"https:\\\/\\\/spacebridge.com\\\/wp-content\\\/uploads\\\/2022\\\/02\\\/product-website-size-570-x-570-20.png\",\"contentUrl\":\"https:\\\/\\\/spacebridge.com\\\/wp-content\\\/uploads\\\/2022\\\/02\\\/product-website-size-570-x-570-20.png\",\"width\":570,\"height\":570,\"caption\":\"MOD1250\"},{\"@type\":\"BreadcrumbList\",\"@id\":\"https:\\\/\\\/spacebridge.com\\\/product\\\/mod1250-dvb-s2x-wideband-modulator\\\/#breadcrumb\",\"itemListElement\":[{\"@type\":\"ListItem\",\"position\":1,\"name\":\"Home\",\"item\":\"https:\\\/\\\/spacebridge.com\\\/\"},{\"@type\":\"ListItem\",\"position\":2,\"name\":\"Products\",\"item\":\"https:\\\/\\\/spacebridge.com\\\/products\\\/\"},{\"@type\":\"ListItem\",\"position\":3,\"name\":\"MOD1250 DVB-S2X Wideband Modulator\"}]},{\"@type\":\"WebSite\",\"@id\":\"https:\\\/\\\/spacebridge.com\\\/#website\",\"url\":\"https:\\\/\\\/spacebridge.com\\\/\",\"name\":\"Spacebridge Inc.\",\"description\":\"Broadband Satellite Communications Systems\",\"publisher\":{\"@id\":\"https:\\\/\\\/spacebridge.com\\\/#organization\"},\"potentialAction\":[{\"@type\":\"SearchAction\",\"target\":{\"@type\":\"EntryPoint\",\"urlTemplate\":\"https:\\\/\\\/spacebridge.com\\\/?s={search_term_string}\"},\"query-input\":{\"@type\":\"PropertyValueSpecification\",\"valueRequired\":true,\"valueName\":\"search_term_string\"}}],\"inLanguage\":\"fr-FR\"},{\"@type\":\"Organization\",\"@id\":\"https:\\\/\\\/spacebridge.com\\\/#organization\",\"name\":\"SpaceBridge Inc.\",\"url\":\"https:\\\/\\\/spacebridge.com\\\/\",\"logo\":{\"@type\":\"ImageObject\",\"inLanguage\":\"fr-FR\",\"@id\":\"https:\\\/\\\/spacebridge.com\\\/#\\\/schema\\\/logo\\\/image\\\/\",\"url\":\"https:\\\/\\\/spacebridge.com\\\/wp-content\\\/uploads\\\/2024\\\/02\\\/SpaceBridge-logo-no-tagline-full-color-on-white-or-blue.png\",\"contentUrl\":\"https:\\\/\\\/spacebridge.com\\\/wp-content\\\/uploads\\\/2024\\\/02\\\/SpaceBridge-logo-no-tagline-full-color-on-white-or-blue.png\",\"width\":1474,\"height\":730,\"caption\":\"SpaceBridge Inc.\"},\"image\":{\"@id\":\"https:\\\/\\\/spacebridge.com\\\/#\\\/schema\\\/logo\\\/image\\\/\"},\"sameAs\":[\"https:\\\/\\\/www.linkedin.com\\\/company\\\/spacebridgeinc\\\/\"]}]}<\/script>\n<!-- \/ Yoast SEO plugin. -->","yoast_head_json":{"title":"MOD1250 DVB-S2X Wideband Modulator - Spacebridge Inc.","description":"The MOD1250 is a DVB-S2X high performance Software Defined Radio (SDR) modulator designed for High Throughput Satellites (HTS) VSAT networks.","robots":{"index":"index","follow":"follow","max-snippet":"max-snippet:-1","max-image-preview":"max-image-preview:large","max-video-preview":"max-video-preview:-1"},"canonical":"https:\/\/spacebridge.com\/fr\/produit\/mod1250-dvb-s2x-wideband-modulator\/","og_locale":"fr_FR","og_type":"article","og_title":"MOD1250 DVB-S2X Wideband Modulator - Spacebridge Inc.","og_description":"The MOD1250 is a DVB-S2X high performance Software Defined Radio (SDR) modulator designed for High Throughput Satellites (HTS) VSAT networks.","og_url":"https:\/\/spacebridge.com\/fr\/produit\/mod1250-dvb-s2x-wideband-modulator\/","og_site_name":"Spacebridge Inc.","article_modified_time":"2026-01-12T17:37:35+00:00","og_image":[{"width":570,"height":570,"url":"https:\/\/spacebridge.com\/wp-content\/uploads\/2022\/02\/product-website-size-570-x-570-20.png","type":"image\/png"}],"twitter_card":"summary_large_image","twitter_misc":{"Dur\u00e9e de lecture estim\u00e9e":"1 minute"},"schema":{"@context":"https:\/\/schema.org","@graph":[{"@type":"WebPage","@id":"https:\/\/spacebridge.com\/product\/mod1250-dvb-s2x-wideband-modulator\/","url":"https:\/\/spacebridge.com\/product\/mod1250-dvb-s2x-wideband-modulator\/","name":"MOD1250 DVB-S2X Wideband Modulator - Spacebridge Inc.","isPartOf":{"@id":"https:\/\/spacebridge.com\/#website"},"primaryImageOfPage":{"@id":"https:\/\/spacebridge.com\/product\/mod1250-dvb-s2x-wideband-modulator\/#primaryimage"},"image":{"@id":"https:\/\/spacebridge.com\/product\/mod1250-dvb-s2x-wideband-modulator\/#primaryimage"},"thumbnailUrl":"https:\/\/spacebridge.com\/wp-content\/uploads\/2022\/02\/product-website-size-570-x-570-20.png","datePublished":"2022-02-24T16:42:10+00:00","dateModified":"2026-01-12T17:37:35+00:00","description":"The MOD1250 is a DVB-S2X high performance Software Defined Radio (SDR) modulator designed for High Throughput Satellites (HTS) VSAT networks.","breadcrumb":{"@id":"https:\/\/spacebridge.com\/product\/mod1250-dvb-s2x-wideband-modulator\/#breadcrumb"},"inLanguage":"fr-FR","potentialAction":[{"@type":"ReadAction","target":["https:\/\/spacebridge.com\/product\/mod1250-dvb-s2x-wideband-modulator\/"]}]},{"@type":"ImageObject","inLanguage":"fr-FR","@id":"https:\/\/spacebridge.com\/product\/mod1250-dvb-s2x-wideband-modulator\/#primaryimage","url":"https:\/\/spacebridge.com\/wp-content\/uploads\/2022\/02\/product-website-size-570-x-570-20.png","contentUrl":"https:\/\/spacebridge.com\/wp-content\/uploads\/2022\/02\/product-website-size-570-x-570-20.png","width":570,"height":570,"caption":"MOD1250"},{"@type":"BreadcrumbList","@id":"https:\/\/spacebridge.com\/product\/mod1250-dvb-s2x-wideband-modulator\/#breadcrumb","itemListElement":[{"@type":"ListItem","position":1,"name":"Home","item":"https:\/\/spacebridge.com\/"},{"@type":"ListItem","position":2,"name":"Products","item":"https:\/\/spacebridge.com\/products\/"},{"@type":"ListItem","position":3,"name":"MOD1250 DVB-S2X Wideband Modulator"}]},{"@type":"WebSite","@id":"https:\/\/spacebridge.com\/#website","url":"https:\/\/spacebridge.com\/","name":"Spacebridge Inc.","description":"Broadband Satellite Communications Systems","publisher":{"@id":"https:\/\/spacebridge.com\/#organization"},"potentialAction":[{"@type":"SearchAction","target":{"@type":"EntryPoint","urlTemplate":"https:\/\/spacebridge.com\/?s={search_term_string}"},"query-input":{"@type":"PropertyValueSpecification","valueRequired":true,"valueName":"search_term_string"}}],"inLanguage":"fr-FR"},{"@type":"Organization","@id":"https:\/\/spacebridge.com\/#organization","name":"SpaceBridge Inc.","url":"https:\/\/spacebridge.com\/","logo":{"@type":"ImageObject","inLanguage":"fr-FR","@id":"https:\/\/spacebridge.com\/#\/schema\/logo\/image\/","url":"https:\/\/spacebridge.com\/wp-content\/uploads\/2024\/02\/SpaceBridge-logo-no-tagline-full-color-on-white-or-blue.png","contentUrl":"https:\/\/spacebridge.com\/wp-content\/uploads\/2024\/02\/SpaceBridge-logo-no-tagline-full-color-on-white-or-blue.png","width":1474,"height":730,"caption":"SpaceBridge Inc."},"image":{"@id":"https:\/\/spacebridge.com\/#\/schema\/logo\/image\/"},"sameAs":["https:\/\/www.linkedin.com\/company\/spacebridgeinc\/"]}]}},"_links":{"self":[{"href":"https:\/\/spacebridge.com\/fr\/wp-json\/wp\/v2\/product\/6310","targetHints":{"allow":["GET"]}}],"collection":[{"href":"https:\/\/spacebridge.com\/fr\/wp-json\/wp\/v2\/product"}],"about":[{"href":"https:\/\/spacebridge.com\/fr\/wp-json\/wp\/v2\/types\/product"}],"replies":[{"embeddable":true,"href":"https:\/\/spacebridge.com\/fr\/wp-json\/wp\/v2\/comments?post=6310"}],"version-history":[{"count":4,"href":"https:\/\/spacebridge.com\/fr\/wp-json\/wp\/v2\/product\/6310\/revisions"}],"predecessor-version":[{"id":16627,"href":"https:\/\/spacebridge.com\/fr\/wp-json\/wp\/v2\/product\/6310\/revisions\/16627"}],"wp:featuredmedia":[{"embeddable":true,"href":"https:\/\/spacebridge.com\/fr\/wp-json\/wp\/v2\/media\/6311"}],"wp:attachment":[{"href":"https:\/\/spacebridge.com\/fr\/wp-json\/wp\/v2\/media?parent=6310"}],"wp:term":[{"taxonomy":"product_brand","embeddable":true,"href":"https:\/\/spacebridge.com\/fr\/wp-json\/wp\/v2\/product_brand?post=6310"},{"taxonomy":"product_cat","embeddable":true,"href":"https:\/\/spacebridge.com\/fr\/wp-json\/wp\/v2\/product_cat?post=6310"},{"taxonomy":"product_tag","embeddable":true,"href":"https:\/\/spacebridge.com\/fr\/wp-json\/wp\/v2\/product_tag?post=6310"}],"curies":[{"name":"wp","href":"https:\/\/api.w.org\/{rel}","templated":true}]}}