{"id":6303,"date":"2022-02-24T15:17:31","date_gmt":"2022-02-24T15:17:31","guid":{"rendered":"https:\/\/spacebridge.com\/?post_type=product&#038;p=6303"},"modified":"2025-05-15T16:29:05","modified_gmt":"2025-05-15T16:29:05","slug":"sbm90x","status":"publish","type":"product","link":"https:\/\/spacebridge.com\/fr\/produit\/sbm90x\/","title":{"rendered":"SBM-90X Wideband GEO SCPC Professional Modem"},"content":{"rendered":"<h3>Pr\u00e9sentation du produit<\/h3>\n<p>Le SBM-90X est un modem de qualit\u00e9 t\u00e9l\u00e9com qui permet un d\u00e9bit \u00e9lev\u00e9 in\u00e9gal\u00e9 pour les applications les plus exigeantes prenant en charge les r\u00e9seaux d\u00e9finis par logiciel.<\/p>\n<p>This 19\u201d rack-mountable unit features an Active LCD front panel for easy configuration. Suitable for deployments supporting point-to-point and point-to-multipoint topologies. The SBM-90X offers enormous flexibility and dynamism.<\/p>","protected":false},"excerpt":{"rendered":"<h3>Pr\u00e9sentation du produit<\/h3>\n<p>Le SBM-90X est un modem de qualit\u00e9 t\u00e9l\u00e9com qui permet un d\u00e9bit \u00e9lev\u00e9 in\u00e9gal\u00e9 pour les applications les plus exigeantes prenant en charge les r\u00e9seaux d\u00e9finis par logiciel.<\/p>\n<p>Cette unit\u00e9 montable en rack 19\" est dot\u00e9e d'un panneau frontal LCD actif pour une configuration facile. Il convient aux environnements qui exigent de vastes d\u00e9ploiements pour prendre en charge les topologies point \u00e0 point sans concentrateur et point \u00e0 multipoint. Le SBM-90X offre une flexibilit\u00e9 et un dynamisme \u00e9normes.<\/p>","protected":false},"featured_media":6304,"comment_status":"open","ping_status":"closed","template":"","meta":{"_acf_changed":false},"product_brand":[],"product_cat":[168,82],"product_tag":[147,118,121,117,120],"class_list":{"0":"post-6303","1":"product","2":"type-product","3":"status-publish","4":"has-post-thumbnail","6":"product_cat-defense-government","7":"product_cat-scpc-modems","8":"product_tag-broadcasting","9":"product_tag-cellular-backhaul","10":"product_tag-defense-government","11":"product_tag-enterprise-broadband","12":"product_tag-mobility","14":"first","15":"instock","16":"shipping-taxable","17":"product-type-simple"},"acf":[],"yoast_head":"<!-- This site is optimized with the Yoast SEO plugin v27.3 - https:\/\/yoast.com\/product\/yoast-seo-wordpress\/ -->\n<title>SBM-90X Wideband GEO SCPC Professional Modem<\/title>\n<meta name=\"description\" content=\"The SBM-90X is a telco-grade modem that enables unparalleled high-throughput for most demanding applications supporting Software Defined Networks.\" \/>\n<meta name=\"robots\" content=\"index, follow, max-snippet:-1, max-image-preview:large, max-video-preview:-1\" \/>\n<link rel=\"canonical\" href=\"https:\/\/spacebridge.com\/fr\/produit\/sbm90x\/\" \/>\n<meta property=\"og:locale\" content=\"fr_FR\" \/>\n<meta property=\"og:type\" content=\"article\" \/>\n<meta property=\"og:title\" content=\"SBM-90X Wideband GEO SCPC Professional Modem\" \/>\n<meta property=\"og:description\" content=\"The SBM-90X is a telco-grade modem that enables unparalleled high-throughput for most demanding applications supporting Software Defined Networks.\" \/>\n<meta property=\"og:url\" content=\"https:\/\/spacebridge.com\/fr\/produit\/sbm90x\/\" \/>\n<meta property=\"og:site_name\" content=\"Spacebridge Inc.\" \/>\n<meta property=\"article:modified_time\" content=\"2025-05-15T16:29:05+00:00\" \/>\n<meta property=\"og:image\" content=\"https:\/\/spacebridge.com\/wp-content\/uploads\/2022\/02\/product-website-size-570-x-570-16.png\" \/>\n\t<meta property=\"og:image:width\" content=\"570\" \/>\n\t<meta property=\"og:image:height\" content=\"570\" \/>\n\t<meta property=\"og:image:type\" content=\"image\/png\" \/>\n<meta name=\"twitter:card\" content=\"summary_large_image\" \/>\n<script type=\"application\/ld+json\" class=\"yoast-schema-graph\">{\"@context\":\"https:\\\/\\\/schema.org\",\"@graph\":[{\"@type\":\"WebPage\",\"@id\":\"https:\\\/\\\/spacebridge.com\\\/product\\\/sbm90x\\\/\",\"url\":\"https:\\\/\\\/spacebridge.com\\\/product\\\/sbm90x\\\/\",\"name\":\"SBM-90X Wideband GEO SCPC Professional Modem\",\"isPartOf\":{\"@id\":\"https:\\\/\\\/spacebridge.com\\\/#website\"},\"primaryImageOfPage\":{\"@id\":\"https:\\\/\\\/spacebridge.com\\\/product\\\/sbm90x\\\/#primaryimage\"},\"image\":{\"@id\":\"https:\\\/\\\/spacebridge.com\\\/product\\\/sbm90x\\\/#primaryimage\"},\"thumbnailUrl\":\"https:\\\/\\\/spacebridge.com\\\/wp-content\\\/uploads\\\/2022\\\/02\\\/product-website-size-570-x-570-16.png\",\"datePublished\":\"2022-02-24T15:17:31+00:00\",\"dateModified\":\"2025-05-15T16:29:05+00:00\",\"description\":\"The SBM-90X is a telco-grade modem that enables unparalleled high-throughput for most demanding applications supporting Software Defined Networks.\",\"breadcrumb\":{\"@id\":\"https:\\\/\\\/spacebridge.com\\\/product\\\/sbm90x\\\/#breadcrumb\"},\"inLanguage\":\"fr-FR\",\"potentialAction\":[{\"@type\":\"ReadAction\",\"target\":[\"https:\\\/\\\/spacebridge.com\\\/product\\\/sbm90x\\\/\"]}]},{\"@type\":\"ImageObject\",\"inLanguage\":\"fr-FR\",\"@id\":\"https:\\\/\\\/spacebridge.com\\\/product\\\/sbm90x\\\/#primaryimage\",\"url\":\"https:\\\/\\\/spacebridge.com\\\/wp-content\\\/uploads\\\/2022\\\/02\\\/product-website-size-570-x-570-16.png\",\"contentUrl\":\"https:\\\/\\\/spacebridge.com\\\/wp-content\\\/uploads\\\/2022\\\/02\\\/product-website-size-570-x-570-16.png\",\"width\":570,\"height\":570,\"caption\":\"SBM-90X\"},{\"@type\":\"BreadcrumbList\",\"@id\":\"https:\\\/\\\/spacebridge.com\\\/product\\\/sbm90x\\\/#breadcrumb\",\"itemListElement\":[{\"@type\":\"ListItem\",\"position\":1,\"name\":\"Home\",\"item\":\"https:\\\/\\\/spacebridge.com\\\/\"},{\"@type\":\"ListItem\",\"position\":2,\"name\":\"Products\",\"item\":\"https:\\\/\\\/spacebridge.com\\\/products\\\/\"},{\"@type\":\"ListItem\",\"position\":3,\"name\":\"SBM-90X Wideband GEO SCPC Professional Modem\"}]},{\"@type\":\"WebSite\",\"@id\":\"https:\\\/\\\/spacebridge.com\\\/#website\",\"url\":\"https:\\\/\\\/spacebridge.com\\\/\",\"name\":\"Spacebridge Inc.\",\"description\":\"Broadband Satellite Communications Systems\",\"publisher\":{\"@id\":\"https:\\\/\\\/spacebridge.com\\\/#organization\"},\"potentialAction\":[{\"@type\":\"SearchAction\",\"target\":{\"@type\":\"EntryPoint\",\"urlTemplate\":\"https:\\\/\\\/spacebridge.com\\\/?s={search_term_string}\"},\"query-input\":{\"@type\":\"PropertyValueSpecification\",\"valueRequired\":true,\"valueName\":\"search_term_string\"}}],\"inLanguage\":\"fr-FR\"},{\"@type\":\"Organization\",\"@id\":\"https:\\\/\\\/spacebridge.com\\\/#organization\",\"name\":\"SpaceBridge Inc.\",\"url\":\"https:\\\/\\\/spacebridge.com\\\/\",\"logo\":{\"@type\":\"ImageObject\",\"inLanguage\":\"fr-FR\",\"@id\":\"https:\\\/\\\/spacebridge.com\\\/#\\\/schema\\\/logo\\\/image\\\/\",\"url\":\"https:\\\/\\\/spacebridge.com\\\/wp-content\\\/uploads\\\/2024\\\/02\\\/SpaceBridge-logo-no-tagline-full-color-on-white-or-blue.png\",\"contentUrl\":\"https:\\\/\\\/spacebridge.com\\\/wp-content\\\/uploads\\\/2024\\\/02\\\/SpaceBridge-logo-no-tagline-full-color-on-white-or-blue.png\",\"width\":1474,\"height\":730,\"caption\":\"SpaceBridge Inc.\"},\"image\":{\"@id\":\"https:\\\/\\\/spacebridge.com\\\/#\\\/schema\\\/logo\\\/image\\\/\"},\"sameAs\":[\"https:\\\/\\\/www.linkedin.com\\\/company\\\/spacebridgeinc\\\/\"]}]}<\/script>\n<!-- \/ Yoast SEO plugin. -->","yoast_head_json":{"title":"SBM-90X Wideband GEO SCPC Professional Modem","description":"The SBM-90X is a telco-grade modem that enables unparalleled high-throughput for most demanding applications supporting Software Defined Networks.","robots":{"index":"index","follow":"follow","max-snippet":"max-snippet:-1","max-image-preview":"max-image-preview:large","max-video-preview":"max-video-preview:-1"},"canonical":"https:\/\/spacebridge.com\/fr\/produit\/sbm90x\/","og_locale":"fr_FR","og_type":"article","og_title":"SBM-90X Wideband GEO SCPC Professional Modem","og_description":"The SBM-90X is a telco-grade modem that enables unparalleled high-throughput for most demanding applications supporting Software Defined Networks.","og_url":"https:\/\/spacebridge.com\/fr\/produit\/sbm90x\/","og_site_name":"Spacebridge Inc.","article_modified_time":"2025-05-15T16:29:05+00:00","og_image":[{"width":570,"height":570,"url":"https:\/\/spacebridge.com\/wp-content\/uploads\/2022\/02\/product-website-size-570-x-570-16.png","type":"image\/png"}],"twitter_card":"summary_large_image","schema":{"@context":"https:\/\/schema.org","@graph":[{"@type":"WebPage","@id":"https:\/\/spacebridge.com\/product\/sbm90x\/","url":"https:\/\/spacebridge.com\/product\/sbm90x\/","name":"SBM-90X Wideband GEO SCPC Professional Modem","isPartOf":{"@id":"https:\/\/spacebridge.com\/#website"},"primaryImageOfPage":{"@id":"https:\/\/spacebridge.com\/product\/sbm90x\/#primaryimage"},"image":{"@id":"https:\/\/spacebridge.com\/product\/sbm90x\/#primaryimage"},"thumbnailUrl":"https:\/\/spacebridge.com\/wp-content\/uploads\/2022\/02\/product-website-size-570-x-570-16.png","datePublished":"2022-02-24T15:17:31+00:00","dateModified":"2025-05-15T16:29:05+00:00","description":"The SBM-90X is a telco-grade modem that enables unparalleled high-throughput for most demanding applications supporting Software Defined Networks.","breadcrumb":{"@id":"https:\/\/spacebridge.com\/product\/sbm90x\/#breadcrumb"},"inLanguage":"fr-FR","potentialAction":[{"@type":"ReadAction","target":["https:\/\/spacebridge.com\/product\/sbm90x\/"]}]},{"@type":"ImageObject","inLanguage":"fr-FR","@id":"https:\/\/spacebridge.com\/product\/sbm90x\/#primaryimage","url":"https:\/\/spacebridge.com\/wp-content\/uploads\/2022\/02\/product-website-size-570-x-570-16.png","contentUrl":"https:\/\/spacebridge.com\/wp-content\/uploads\/2022\/02\/product-website-size-570-x-570-16.png","width":570,"height":570,"caption":"SBM-90X"},{"@type":"BreadcrumbList","@id":"https:\/\/spacebridge.com\/product\/sbm90x\/#breadcrumb","itemListElement":[{"@type":"ListItem","position":1,"name":"Home","item":"https:\/\/spacebridge.com\/"},{"@type":"ListItem","position":2,"name":"Products","item":"https:\/\/spacebridge.com\/products\/"},{"@type":"ListItem","position":3,"name":"SBM-90X Wideband GEO SCPC Professional Modem"}]},{"@type":"WebSite","@id":"https:\/\/spacebridge.com\/#website","url":"https:\/\/spacebridge.com\/","name":"Spacebridge Inc.","description":"Broadband Satellite Communications Systems","publisher":{"@id":"https:\/\/spacebridge.com\/#organization"},"potentialAction":[{"@type":"SearchAction","target":{"@type":"EntryPoint","urlTemplate":"https:\/\/spacebridge.com\/?s={search_term_string}"},"query-input":{"@type":"PropertyValueSpecification","valueRequired":true,"valueName":"search_term_string"}}],"inLanguage":"fr-FR"},{"@type":"Organization","@id":"https:\/\/spacebridge.com\/#organization","name":"SpaceBridge Inc.","url":"https:\/\/spacebridge.com\/","logo":{"@type":"ImageObject","inLanguage":"fr-FR","@id":"https:\/\/spacebridge.com\/#\/schema\/logo\/image\/","url":"https:\/\/spacebridge.com\/wp-content\/uploads\/2024\/02\/SpaceBridge-logo-no-tagline-full-color-on-white-or-blue.png","contentUrl":"https:\/\/spacebridge.com\/wp-content\/uploads\/2024\/02\/SpaceBridge-logo-no-tagline-full-color-on-white-or-blue.png","width":1474,"height":730,"caption":"SpaceBridge Inc."},"image":{"@id":"https:\/\/spacebridge.com\/#\/schema\/logo\/image\/"},"sameAs":["https:\/\/www.linkedin.com\/company\/spacebridgeinc\/"]}]}},"_links":{"self":[{"href":"https:\/\/spacebridge.com\/fr\/wp-json\/wp\/v2\/product\/6303","targetHints":{"allow":["GET"]}}],"collection":[{"href":"https:\/\/spacebridge.com\/fr\/wp-json\/wp\/v2\/product"}],"about":[{"href":"https:\/\/spacebridge.com\/fr\/wp-json\/wp\/v2\/types\/product"}],"replies":[{"embeddable":true,"href":"https:\/\/spacebridge.com\/fr\/wp-json\/wp\/v2\/comments?post=6303"}],"version-history":[{"count":5,"href":"https:\/\/spacebridge.com\/fr\/wp-json\/wp\/v2\/product\/6303\/revisions"}],"predecessor-version":[{"id":15346,"href":"https:\/\/spacebridge.com\/fr\/wp-json\/wp\/v2\/product\/6303\/revisions\/15346"}],"wp:featuredmedia":[{"embeddable":true,"href":"https:\/\/spacebridge.com\/fr\/wp-json\/wp\/v2\/media\/6304"}],"wp:attachment":[{"href":"https:\/\/spacebridge.com\/fr\/wp-json\/wp\/v2\/media?parent=6303"}],"wp:term":[{"taxonomy":"product_brand","embeddable":true,"href":"https:\/\/spacebridge.com\/fr\/wp-json\/wp\/v2\/product_brand?post=6303"},{"taxonomy":"product_cat","embeddable":true,"href":"https:\/\/spacebridge.com\/fr\/wp-json\/wp\/v2\/product_cat?post=6303"},{"taxonomy":"product_tag","embeddable":true,"href":"https:\/\/spacebridge.com\/fr\/wp-json\/wp\/v2\/product_tag?post=6303"}],"curies":[{"name":"wp","href":"https:\/\/api.w.org\/{rel}","templated":true}]}}