{"id":6281,"date":"2022-02-23T19:59:07","date_gmt":"2022-02-23T19:59:07","guid":{"rendered":"https:\/\/spacebridge.com\/?post_type=product&#038;p=6281"},"modified":"2025-03-25T18:57:22","modified_gmt":"2025-03-25T18:57:22","slug":"s4120-asat-system-mf-tdma-satellite-modem","status":"publish","type":"product","link":"https:\/\/spacebridge.com\/fr\/produit\/s4120-asat-system-mf-tdma-satellite-modem\/","title":{"rendered":"S4120 \u2013 Modem satellite MF-TDMA du syst\u00e8me ESTELLA"},"content":{"rendered":"<h3>Pr\u00e9sentation du produit<\/h3>\n<p>Le terminal VSAT S4120 est interop\u00e9rable avec d'autres terminaux et hubs DVB-RCS SpaceBridge dans le m\u00eame r\u00e9seau, en remplacement d'une connexion c\u00e2ble ou DSL, ou sert de solution de secours pour assurer la continuit\u00e9 des activit\u00e9s.<\/p>\n<p><strong>Principales capacit\u00e9s<\/strong><\/p>\n<ul>\n<li>Services IP int\u00e9gr\u00e9s DHCP\/NAT<\/li>\n<li>Acc\u00e9l\u00e9ration TCP\/IP<\/li>\n<li>Prise en charge des applications multim\u00e9dia voix et vid\u00e9o<\/li>\n<li>DVB-S2 efficient Forward Link supporting ACM rain fade mitigation<\/li>\n<li>D\u00e9ployez et entretenez facilement les foyers et bureaux distants.<\/li>\n<li>T\u00e9l\u00e9chargements rapides<\/li>\n<li>Connectivit\u00e9 Internet r\u00e9siliente<\/li>\n<\/ul>","protected":false},"excerpt":{"rendered":"<h3>Pr\u00e9sentation du produit<\/h3>\n<p>Le terminal VSAT S4120 est interop\u00e9rable avec d'autres terminaux et hubs DVB-RCS SpaceBridge dans le m\u00eame r\u00e9seau, en remplacement d'une connexion c\u00e2ble ou DSL, ou sert de solution de secours pour assurer la continuit\u00e9 des activit\u00e9s.<\/p>\n<p><strong>Principales capacit\u00e9s<\/strong><\/p>\n<ul>\n<li>Services IP int\u00e9gr\u00e9s DHCP\/NAT<\/li>\n<li>Acc\u00e9l\u00e9ration TCP\/IP<\/li>\n<li>Prise en charge des applications multim\u00e9dia voix et vid\u00e9o<\/li>\n<li>Prise en charge de la liaison directe efficace DVB-S2<br \/>\nAtt\u00e9nuation de la d\u00e9gradation par la pluie des MCA<\/li>\n<li>D\u00e9ployez et entretenez facilement les foyers et bureaux distants.<\/li>\n<li>T\u00e9l\u00e9chargements rapides<\/li>\n<li>Connectivit\u00e9 Internet r\u00e9siliente<\/li>\n<\/ul>","protected":false},"featured_media":6283,"comment_status":"open","ping_status":"closed","template":"","meta":{"_acf_changed":false},"product_brand":[],"product_cat":[80],"product_tag":[118,117,119],"class_list":{"0":"post-6281","1":"product","2":"type-product","3":"status-publish","4":"has-post-thumbnail","6":"product_cat-estella-modems","7":"product_tag-cellular-backhaul","8":"product_tag-enterprise-broadband","9":"product_tag-iot","11":"first","12":"instock","13":"shipping-taxable","14":"product-type-simple"},"acf":[],"yoast_head":"<!-- This site is optimized with the Yoast SEO plugin v27.3 - https:\/\/yoast.com\/product\/yoast-seo-wordpress\/ -->\n<title>S4120 \u2013 ESTELLA System MF-TDMA Satellite Modem - Spacebridge Inc.<\/title>\n<meta name=\"description\" content=\"The S4120 VSAT terminal is interoperable with other SpaceBridge DVB-RCS terminals and hubs in the same network.\" \/>\n<meta name=\"robots\" content=\"index, follow, max-snippet:-1, max-image-preview:large, max-video-preview:-1\" \/>\n<link rel=\"canonical\" href=\"https:\/\/spacebridge.com\/fr\/produit\/s4120-asat-system-mf-tdma-satellite-modem\/\" \/>\n<meta property=\"og:locale\" content=\"fr_FR\" \/>\n<meta property=\"og:type\" content=\"article\" \/>\n<meta property=\"og:title\" content=\"S4120 \u2013 ESTELLA System MF-TDMA Satellite Modem - Spacebridge Inc.\" \/>\n<meta property=\"og:description\" content=\"The S4120 VSAT terminal is interoperable with other SpaceBridge DVB-RCS terminals and hubs in the same network.\" \/>\n<meta property=\"og:url\" content=\"https:\/\/spacebridge.com\/fr\/produit\/s4120-asat-system-mf-tdma-satellite-modem\/\" \/>\n<meta property=\"og:site_name\" content=\"Spacebridge Inc.\" \/>\n<meta property=\"article:modified_time\" content=\"2025-03-25T18:57:22+00:00\" \/>\n<meta property=\"og:image\" content=\"https:\/\/spacebridge.com\/wp-content\/uploads\/2022\/02\/product-website-size-570-x-570-13.png\" \/>\n\t<meta property=\"og:image:width\" content=\"570\" \/>\n\t<meta property=\"og:image:height\" content=\"570\" \/>\n\t<meta property=\"og:image:type\" content=\"image\/png\" \/>\n<meta name=\"twitter:card\" content=\"summary_large_image\" \/>\n<script type=\"application\/ld+json\" class=\"yoast-schema-graph\">{\"@context\":\"https:\\\/\\\/schema.org\",\"@graph\":[{\"@type\":\"WebPage\",\"@id\":\"https:\\\/\\\/spacebridge.com\\\/product\\\/s4120-asat-system-mf-tdma-satellite-modem\\\/\",\"url\":\"https:\\\/\\\/spacebridge.com\\\/product\\\/s4120-asat-system-mf-tdma-satellite-modem\\\/\",\"name\":\"S4120 \u2013 ESTELLA System MF-TDMA Satellite Modem - Spacebridge Inc.\",\"isPartOf\":{\"@id\":\"https:\\\/\\\/spacebridge.com\\\/#website\"},\"primaryImageOfPage\":{\"@id\":\"https:\\\/\\\/spacebridge.com\\\/product\\\/s4120-asat-system-mf-tdma-satellite-modem\\\/#primaryimage\"},\"image\":{\"@id\":\"https:\\\/\\\/spacebridge.com\\\/product\\\/s4120-asat-system-mf-tdma-satellite-modem\\\/#primaryimage\"},\"thumbnailUrl\":\"https:\\\/\\\/spacebridge.com\\\/wp-content\\\/uploads\\\/2022\\\/02\\\/product-website-size-570-x-570-13.png\",\"datePublished\":\"2022-02-23T19:59:07+00:00\",\"dateModified\":\"2025-03-25T18:57:22+00:00\",\"description\":\"The S4120 VSAT terminal is interoperable with other SpaceBridge DVB-RCS terminals and hubs in the same network.\",\"breadcrumb\":{\"@id\":\"https:\\\/\\\/spacebridge.com\\\/product\\\/s4120-asat-system-mf-tdma-satellite-modem\\\/#breadcrumb\"},\"inLanguage\":\"fr-FR\",\"potentialAction\":[{\"@type\":\"ReadAction\",\"target\":[\"https:\\\/\\\/spacebridge.com\\\/product\\\/s4120-asat-system-mf-tdma-satellite-modem\\\/\"]}]},{\"@type\":\"ImageObject\",\"inLanguage\":\"fr-FR\",\"@id\":\"https:\\\/\\\/spacebridge.com\\\/product\\\/s4120-asat-system-mf-tdma-satellite-modem\\\/#primaryimage\",\"url\":\"https:\\\/\\\/spacebridge.com\\\/wp-content\\\/uploads\\\/2022\\\/02\\\/product-website-size-570-x-570-13.png\",\"contentUrl\":\"https:\\\/\\\/spacebridge.com\\\/wp-content\\\/uploads\\\/2022\\\/02\\\/product-website-size-570-x-570-13.png\",\"width\":570,\"height\":570,\"caption\":\"S4120\"},{\"@type\":\"BreadcrumbList\",\"@id\":\"https:\\\/\\\/spacebridge.com\\\/product\\\/s4120-asat-system-mf-tdma-satellite-modem\\\/#breadcrumb\",\"itemListElement\":[{\"@type\":\"ListItem\",\"position\":1,\"name\":\"Home\",\"item\":\"https:\\\/\\\/spacebridge.com\\\/\"},{\"@type\":\"ListItem\",\"position\":2,\"name\":\"Products\",\"item\":\"https:\\\/\\\/spacebridge.com\\\/products\\\/\"},{\"@type\":\"ListItem\",\"position\":3,\"name\":\"S4120 \u2013 ESTELLA System MF-TDMA Satellite Modem\"}]},{\"@type\":\"WebSite\",\"@id\":\"https:\\\/\\\/spacebridge.com\\\/#website\",\"url\":\"https:\\\/\\\/spacebridge.com\\\/\",\"name\":\"Spacebridge Inc.\",\"description\":\"Broadband Satellite Communications Systems\",\"publisher\":{\"@id\":\"https:\\\/\\\/spacebridge.com\\\/#organization\"},\"potentialAction\":[{\"@type\":\"SearchAction\",\"target\":{\"@type\":\"EntryPoint\",\"urlTemplate\":\"https:\\\/\\\/spacebridge.com\\\/?s={search_term_string}\"},\"query-input\":{\"@type\":\"PropertyValueSpecification\",\"valueRequired\":true,\"valueName\":\"search_term_string\"}}],\"inLanguage\":\"fr-FR\"},{\"@type\":\"Organization\",\"@id\":\"https:\\\/\\\/spacebridge.com\\\/#organization\",\"name\":\"SpaceBridge Inc.\",\"url\":\"https:\\\/\\\/spacebridge.com\\\/\",\"logo\":{\"@type\":\"ImageObject\",\"inLanguage\":\"fr-FR\",\"@id\":\"https:\\\/\\\/spacebridge.com\\\/#\\\/schema\\\/logo\\\/image\\\/\",\"url\":\"https:\\\/\\\/spacebridge.com\\\/wp-content\\\/uploads\\\/2024\\\/02\\\/SpaceBridge-logo-no-tagline-full-color-on-white-or-blue.png\",\"contentUrl\":\"https:\\\/\\\/spacebridge.com\\\/wp-content\\\/uploads\\\/2024\\\/02\\\/SpaceBridge-logo-no-tagline-full-color-on-white-or-blue.png\",\"width\":1474,\"height\":730,\"caption\":\"SpaceBridge Inc.\"},\"image\":{\"@id\":\"https:\\\/\\\/spacebridge.com\\\/#\\\/schema\\\/logo\\\/image\\\/\"},\"sameAs\":[\"https:\\\/\\\/www.linkedin.com\\\/company\\\/spacebridgeinc\\\/\"]}]}<\/script>\n<!-- \/ Yoast SEO plugin. -->","yoast_head_json":{"title":"S4120 \u2013 ESTELLA System MF-TDMA Satellite Modem - Spacebridge Inc.","description":"The S4120 VSAT terminal is interoperable with other SpaceBridge DVB-RCS terminals and hubs in the same network.","robots":{"index":"index","follow":"follow","max-snippet":"max-snippet:-1","max-image-preview":"max-image-preview:large","max-video-preview":"max-video-preview:-1"},"canonical":"https:\/\/spacebridge.com\/fr\/produit\/s4120-asat-system-mf-tdma-satellite-modem\/","og_locale":"fr_FR","og_type":"article","og_title":"S4120 \u2013 ESTELLA System MF-TDMA Satellite Modem - Spacebridge Inc.","og_description":"The S4120 VSAT terminal is interoperable with other SpaceBridge DVB-RCS terminals and hubs in the same network.","og_url":"https:\/\/spacebridge.com\/fr\/produit\/s4120-asat-system-mf-tdma-satellite-modem\/","og_site_name":"Spacebridge Inc.","article_modified_time":"2025-03-25T18:57:22+00:00","og_image":[{"width":570,"height":570,"url":"https:\/\/spacebridge.com\/wp-content\/uploads\/2022\/02\/product-website-size-570-x-570-13.png","type":"image\/png"}],"twitter_card":"summary_large_image","schema":{"@context":"https:\/\/schema.org","@graph":[{"@type":"WebPage","@id":"https:\/\/spacebridge.com\/product\/s4120-asat-system-mf-tdma-satellite-modem\/","url":"https:\/\/spacebridge.com\/product\/s4120-asat-system-mf-tdma-satellite-modem\/","name":"S4120 \u2013 ESTELLA System MF-TDMA Satellite Modem - Spacebridge Inc.","isPartOf":{"@id":"https:\/\/spacebridge.com\/#website"},"primaryImageOfPage":{"@id":"https:\/\/spacebridge.com\/product\/s4120-asat-system-mf-tdma-satellite-modem\/#primaryimage"},"image":{"@id":"https:\/\/spacebridge.com\/product\/s4120-asat-system-mf-tdma-satellite-modem\/#primaryimage"},"thumbnailUrl":"https:\/\/spacebridge.com\/wp-content\/uploads\/2022\/02\/product-website-size-570-x-570-13.png","datePublished":"2022-02-23T19:59:07+00:00","dateModified":"2025-03-25T18:57:22+00:00","description":"The S4120 VSAT terminal is interoperable with other SpaceBridge DVB-RCS terminals and hubs in the same network.","breadcrumb":{"@id":"https:\/\/spacebridge.com\/product\/s4120-asat-system-mf-tdma-satellite-modem\/#breadcrumb"},"inLanguage":"fr-FR","potentialAction":[{"@type":"ReadAction","target":["https:\/\/spacebridge.com\/product\/s4120-asat-system-mf-tdma-satellite-modem\/"]}]},{"@type":"ImageObject","inLanguage":"fr-FR","@id":"https:\/\/spacebridge.com\/product\/s4120-asat-system-mf-tdma-satellite-modem\/#primaryimage","url":"https:\/\/spacebridge.com\/wp-content\/uploads\/2022\/02\/product-website-size-570-x-570-13.png","contentUrl":"https:\/\/spacebridge.com\/wp-content\/uploads\/2022\/02\/product-website-size-570-x-570-13.png","width":570,"height":570,"caption":"S4120"},{"@type":"BreadcrumbList","@id":"https:\/\/spacebridge.com\/product\/s4120-asat-system-mf-tdma-satellite-modem\/#breadcrumb","itemListElement":[{"@type":"ListItem","position":1,"name":"Home","item":"https:\/\/spacebridge.com\/"},{"@type":"ListItem","position":2,"name":"Products","item":"https:\/\/spacebridge.com\/products\/"},{"@type":"ListItem","position":3,"name":"S4120 \u2013 ESTELLA System MF-TDMA Satellite Modem"}]},{"@type":"WebSite","@id":"https:\/\/spacebridge.com\/#website","url":"https:\/\/spacebridge.com\/","name":"Spacebridge Inc.","description":"Broadband Satellite Communications Systems","publisher":{"@id":"https:\/\/spacebridge.com\/#organization"},"potentialAction":[{"@type":"SearchAction","target":{"@type":"EntryPoint","urlTemplate":"https:\/\/spacebridge.com\/?s={search_term_string}"},"query-input":{"@type":"PropertyValueSpecification","valueRequired":true,"valueName":"search_term_string"}}],"inLanguage":"fr-FR"},{"@type":"Organization","@id":"https:\/\/spacebridge.com\/#organization","name":"SpaceBridge Inc.","url":"https:\/\/spacebridge.com\/","logo":{"@type":"ImageObject","inLanguage":"fr-FR","@id":"https:\/\/spacebridge.com\/#\/schema\/logo\/image\/","url":"https:\/\/spacebridge.com\/wp-content\/uploads\/2024\/02\/SpaceBridge-logo-no-tagline-full-color-on-white-or-blue.png","contentUrl":"https:\/\/spacebridge.com\/wp-content\/uploads\/2024\/02\/SpaceBridge-logo-no-tagline-full-color-on-white-or-blue.png","width":1474,"height":730,"caption":"SpaceBridge Inc."},"image":{"@id":"https:\/\/spacebridge.com\/#\/schema\/logo\/image\/"},"sameAs":["https:\/\/www.linkedin.com\/company\/spacebridgeinc\/"]}]}},"_links":{"self":[{"href":"https:\/\/spacebridge.com\/fr\/wp-json\/wp\/v2\/product\/6281","targetHints":{"allow":["GET"]}}],"collection":[{"href":"https:\/\/spacebridge.com\/fr\/wp-json\/wp\/v2\/product"}],"about":[{"href":"https:\/\/spacebridge.com\/fr\/wp-json\/wp\/v2\/types\/product"}],"replies":[{"embeddable":true,"href":"https:\/\/spacebridge.com\/fr\/wp-json\/wp\/v2\/comments?post=6281"}],"version-history":[{"count":2,"href":"https:\/\/spacebridge.com\/fr\/wp-json\/wp\/v2\/product\/6281\/revisions"}],"predecessor-version":[{"id":14681,"href":"https:\/\/spacebridge.com\/fr\/wp-json\/wp\/v2\/product\/6281\/revisions\/14681"}],"wp:featuredmedia":[{"embeddable":true,"href":"https:\/\/spacebridge.com\/fr\/wp-json\/wp\/v2\/media\/6283"}],"wp:attachment":[{"href":"https:\/\/spacebridge.com\/fr\/wp-json\/wp\/v2\/media?parent=6281"}],"wp:term":[{"taxonomy":"product_brand","embeddable":true,"href":"https:\/\/spacebridge.com\/fr\/wp-json\/wp\/v2\/product_brand?post=6281"},{"taxonomy":"product_cat","embeddable":true,"href":"https:\/\/spacebridge.com\/fr\/wp-json\/wp\/v2\/product_cat?post=6281"},{"taxonomy":"product_tag","embeddable":true,"href":"https:\/\/spacebridge.com\/fr\/wp-json\/wp\/v2\/product_tag?post=6281"}],"curies":[{"name":"wp","href":"https:\/\/api.w.org\/{rel}","templated":true}]}}