{"id":6276,"date":"2022-02-23T18:53:19","date_gmt":"2022-02-23T18:53:19","guid":{"rendered":"https:\/\/spacebridge.com\/?post_type=product&#038;p=6276"},"modified":"2025-11-25T19:30:07","modified_gmt":"2025-11-25T19:30:07","slug":"u7780","status":"publish","type":"product","link":"https:\/\/spacebridge.com\/fr\/produit\/u7780\/","title":{"rendered":"U7780 \u2013 Modem satellite professionnel MF-TDMA du syst\u00e8me ESTELLA"},"content":{"rendered":"<h3>Pr\u00e9sentation du produit<\/h3>\n<p><strong>The U7780 is an advanced enterprise and <a href=\"https:\/\/spacebridge.com\/fr\/mobility\/cellular-backhaul\/\">cellular backhaul<\/a> modem for high performance CBH traffic optimization. It provides top notch experience and unparalleled value for service providers and MNOs.<\/strong><\/p>\n<p>Facteur de forme de montage en rack pour une int\u00e9gration facile dans les armoires de t\u00e9l\u00e9communication, exploitant une architecture d\u00e9finie par logiciel de pointe, ainsi qu'un ordinateur monocarte int\u00e9gr\u00e9. Id\u00e9al pour les march\u00e9s CBH ruraux 2.5G\/3G\/4G ax\u00e9s sur la valeur, les t\u00e9l\u00e9coms et les ORM dans les pays en d\u00e9veloppement avec des capacit\u00e9s haut d\u00e9bit tr\u00e8s performantes pour des applications allant de l'acc\u00e8s \u00e0 Internet pour la productivit\u00e9 au bureau \u00e0 la connectivit\u00e9 des communaut\u00e9s rurales.<\/p>","protected":false},"excerpt":{"rendered":"<h3>Pr\u00e9sentation du produit<\/h3>\n<p><strong>L'U7780 est un modem avanc\u00e9 pour les entreprises et le backhaul cellulaire permettant d'optimiser le trafic CBH \u00e0 haute performance, offrant une exp\u00e9rience de premier ordre et une valeur in\u00e9gal\u00e9e aux fournisseurs de services et aux MNO.<\/strong><\/p>\n<p><strong>\u00a0<\/strong>Facteur de forme de montage en rack pour une int\u00e9gration facile dans les armoires de t\u00e9l\u00e9communication, exploitant une architecture d\u00e9finie par logiciel de pointe, ainsi qu'un ordinateur monocarte int\u00e9gr\u00e9. Id\u00e9al pour les march\u00e9s CBH ruraux 2.5G\/3G\/4G ax\u00e9s sur la valeur, les t\u00e9l\u00e9coms et les ORM dans les pays en d\u00e9veloppement avec des capacit\u00e9s haut d\u00e9bit tr\u00e8s performantes pour des applications allant de l'acc\u00e8s \u00e0 Internet pour la productivit\u00e9 au bureau \u00e0 la connectivit\u00e9 des communaut\u00e9s rurales.<\/p>","protected":false},"featured_media":6277,"comment_status":"open","ping_status":"closed","template":"","meta":{"_acf_changed":false},"product_brand":[],"product_cat":[169,80],"product_tag":[118,117,120],"class_list":{"0":"post-6276","1":"product","2":"type-product","3":"status-publish","4":"has-post-thumbnail","6":"product_cat-cellular","7":"product_cat-estella-modems","8":"product_tag-cellular-backhaul","9":"product_tag-enterprise-broadband","10":"product_tag-mobility","12":"first","13":"instock","14":"shipping-taxable","15":"product-type-simple"},"acf":[],"yoast_head":"<!-- This site is optimized with the Yoast SEO plugin v27.4 - https:\/\/yoast.com\/product\/yoast-seo-wordpress\/ -->\n<title>U7780 \u2013 ESTELLA System Professional MF-TDMA Satellite Modem<\/title>\n<meta name=\"description\" content=\"The U7780 is an advanced enterprise and cellular backhaul modem for high performance CBH traffic optimization.\" \/>\n<meta name=\"robots\" content=\"index, follow, max-snippet:-1, max-image-preview:large, max-video-preview:-1\" \/>\n<link rel=\"canonical\" href=\"https:\/\/spacebridge.com\/fr\/produit\/u7780\/\" \/>\n<meta property=\"og:locale\" content=\"fr_FR\" \/>\n<meta property=\"og:type\" content=\"article\" \/>\n<meta property=\"og:title\" content=\"U7780 \u2013 ESTELLA System Professional MF-TDMA Satellite Modem\" \/>\n<meta property=\"og:description\" content=\"The U7780 is an advanced enterprise and cellular backhaul modem for high performance CBH traffic optimization.\" \/>\n<meta property=\"og:url\" content=\"https:\/\/spacebridge.com\/fr\/produit\/u7780\/\" \/>\n<meta property=\"og:site_name\" content=\"Spacebridge Inc.\" \/>\n<meta property=\"article:modified_time\" content=\"2025-11-25T19:30:07+00:00\" \/>\n<meta property=\"og:image\" content=\"https:\/\/spacebridge.com\/wp-content\/uploads\/2022\/02\/product-website-size-570-x-570-10.png\" \/>\n\t<meta property=\"og:image:width\" content=\"570\" \/>\n\t<meta property=\"og:image:height\" content=\"570\" \/>\n\t<meta property=\"og:image:type\" content=\"image\/png\" \/>\n<meta name=\"twitter:card\" content=\"summary_large_image\" \/>\n<meta name=\"twitter:label1\" content=\"Dur\u00e9e de lecture estim\u00e9e\" \/>\n\t<meta name=\"twitter:data1\" content=\"1 minute\" \/>\n<script type=\"application\/ld+json\" class=\"yoast-schema-graph\">{\"@context\":\"https:\\\/\\\/schema.org\",\"@graph\":[{\"@type\":\"WebPage\",\"@id\":\"https:\\\/\\\/spacebridge.com\\\/product\\\/u7780\\\/\",\"url\":\"https:\\\/\\\/spacebridge.com\\\/product\\\/u7780\\\/\",\"name\":\"U7780 \u2013 ESTELLA System Professional MF-TDMA Satellite Modem\",\"isPartOf\":{\"@id\":\"https:\\\/\\\/spacebridge.com\\\/#website\"},\"primaryImageOfPage\":{\"@id\":\"https:\\\/\\\/spacebridge.com\\\/product\\\/u7780\\\/#primaryimage\"},\"image\":{\"@id\":\"https:\\\/\\\/spacebridge.com\\\/product\\\/u7780\\\/#primaryimage\"},\"thumbnailUrl\":\"https:\\\/\\\/spacebridge.com\\\/wp-content\\\/uploads\\\/2022\\\/02\\\/product-website-size-570-x-570-10.png\",\"datePublished\":\"2022-02-23T18:53:19+00:00\",\"dateModified\":\"2025-11-25T19:30:07+00:00\",\"description\":\"The U7780 is an advanced enterprise and cellular backhaul modem for high performance CBH traffic optimization.\",\"breadcrumb\":{\"@id\":\"https:\\\/\\\/spacebridge.com\\\/product\\\/u7780\\\/#breadcrumb\"},\"inLanguage\":\"fr-FR\",\"potentialAction\":[{\"@type\":\"ReadAction\",\"target\":[\"https:\\\/\\\/spacebridge.com\\\/product\\\/u7780\\\/\"]}]},{\"@type\":\"ImageObject\",\"inLanguage\":\"fr-FR\",\"@id\":\"https:\\\/\\\/spacebridge.com\\\/product\\\/u7780\\\/#primaryimage\",\"url\":\"https:\\\/\\\/spacebridge.com\\\/wp-content\\\/uploads\\\/2022\\\/02\\\/product-website-size-570-x-570-10.png\",\"contentUrl\":\"https:\\\/\\\/spacebridge.com\\\/wp-content\\\/uploads\\\/2022\\\/02\\\/product-website-size-570-x-570-10.png\",\"width\":570,\"height\":570,\"caption\":\"U7780\"},{\"@type\":\"BreadcrumbList\",\"@id\":\"https:\\\/\\\/spacebridge.com\\\/product\\\/u7780\\\/#breadcrumb\",\"itemListElement\":[{\"@type\":\"ListItem\",\"position\":1,\"name\":\"Home\",\"item\":\"https:\\\/\\\/spacebridge.com\\\/\"},{\"@type\":\"ListItem\",\"position\":2,\"name\":\"Products\",\"item\":\"https:\\\/\\\/spacebridge.com\\\/products\\\/\"},{\"@type\":\"ListItem\",\"position\":3,\"name\":\"U7780 \u2013 ESTELLA System Professional MF-TDMA Satellite Modem\"}]},{\"@type\":\"WebSite\",\"@id\":\"https:\\\/\\\/spacebridge.com\\\/#website\",\"url\":\"https:\\\/\\\/spacebridge.com\\\/\",\"name\":\"Spacebridge Inc.\",\"description\":\"Broadband Satellite Communications Systems\",\"publisher\":{\"@id\":\"https:\\\/\\\/spacebridge.com\\\/#organization\"},\"potentialAction\":[{\"@type\":\"SearchAction\",\"target\":{\"@type\":\"EntryPoint\",\"urlTemplate\":\"https:\\\/\\\/spacebridge.com\\\/?s={search_term_string}\"},\"query-input\":{\"@type\":\"PropertyValueSpecification\",\"valueRequired\":true,\"valueName\":\"search_term_string\"}}],\"inLanguage\":\"fr-FR\"},{\"@type\":\"Organization\",\"@id\":\"https:\\\/\\\/spacebridge.com\\\/#organization\",\"name\":\"SpaceBridge Inc.\",\"url\":\"https:\\\/\\\/spacebridge.com\\\/\",\"logo\":{\"@type\":\"ImageObject\",\"inLanguage\":\"fr-FR\",\"@id\":\"https:\\\/\\\/spacebridge.com\\\/#\\\/schema\\\/logo\\\/image\\\/\",\"url\":\"https:\\\/\\\/spacebridge.com\\\/wp-content\\\/uploads\\\/2024\\\/02\\\/SpaceBridge-logo-no-tagline-full-color-on-white-or-blue.png\",\"contentUrl\":\"https:\\\/\\\/spacebridge.com\\\/wp-content\\\/uploads\\\/2024\\\/02\\\/SpaceBridge-logo-no-tagline-full-color-on-white-or-blue.png\",\"width\":1474,\"height\":730,\"caption\":\"SpaceBridge Inc.\"},\"image\":{\"@id\":\"https:\\\/\\\/spacebridge.com\\\/#\\\/schema\\\/logo\\\/image\\\/\"},\"sameAs\":[\"https:\\\/\\\/www.linkedin.com\\\/company\\\/spacebridgeinc\\\/\"]}]}<\/script>\n<!-- \/ Yoast SEO plugin. -->","yoast_head_json":{"title":"U7780 \u2013 Modem satellite professionnel MF-TDMA du syst\u00e8me ESTELLA","description":"The U7780 is an advanced enterprise and cellular backhaul modem for high performance CBH traffic optimization.","robots":{"index":"index","follow":"follow","max-snippet":"max-snippet:-1","max-image-preview":"max-image-preview:large","max-video-preview":"max-video-preview:-1"},"canonical":"https:\/\/spacebridge.com\/fr\/produit\/u7780\/","og_locale":"fr_FR","og_type":"article","og_title":"U7780 \u2013 ESTELLA System Professional MF-TDMA Satellite Modem","og_description":"The U7780 is an advanced enterprise and cellular backhaul modem for high performance CBH traffic optimization.","og_url":"https:\/\/spacebridge.com\/fr\/produit\/u7780\/","og_site_name":"Spacebridge Inc.","article_modified_time":"2025-11-25T19:30:07+00:00","og_image":[{"width":570,"height":570,"url":"https:\/\/spacebridge.com\/wp-content\/uploads\/2022\/02\/product-website-size-570-x-570-10.png","type":"image\/png"}],"twitter_card":"summary_large_image","twitter_misc":{"Dur\u00e9e de lecture estim\u00e9e":"1 minute"},"schema":{"@context":"https:\/\/schema.org","@graph":[{"@type":"WebPage","@id":"https:\/\/spacebridge.com\/product\/u7780\/","url":"https:\/\/spacebridge.com\/product\/u7780\/","name":"U7780 \u2013 Modem satellite professionnel MF-TDMA du syst\u00e8me ESTELLA","isPartOf":{"@id":"https:\/\/spacebridge.com\/#website"},"primaryImageOfPage":{"@id":"https:\/\/spacebridge.com\/product\/u7780\/#primaryimage"},"image":{"@id":"https:\/\/spacebridge.com\/product\/u7780\/#primaryimage"},"thumbnailUrl":"https:\/\/spacebridge.com\/wp-content\/uploads\/2022\/02\/product-website-size-570-x-570-10.png","datePublished":"2022-02-23T18:53:19+00:00","dateModified":"2025-11-25T19:30:07+00:00","description":"The U7780 is an advanced enterprise and cellular backhaul modem for high performance CBH traffic optimization.","breadcrumb":{"@id":"https:\/\/spacebridge.com\/product\/u7780\/#breadcrumb"},"inLanguage":"fr-FR","potentialAction":[{"@type":"ReadAction","target":["https:\/\/spacebridge.com\/product\/u7780\/"]}]},{"@type":"ImageObject","inLanguage":"fr-FR","@id":"https:\/\/spacebridge.com\/product\/u7780\/#primaryimage","url":"https:\/\/spacebridge.com\/wp-content\/uploads\/2022\/02\/product-website-size-570-x-570-10.png","contentUrl":"https:\/\/spacebridge.com\/wp-content\/uploads\/2022\/02\/product-website-size-570-x-570-10.png","width":570,"height":570,"caption":"U7780"},{"@type":"BreadcrumbList","@id":"https:\/\/spacebridge.com\/product\/u7780\/#breadcrumb","itemListElement":[{"@type":"ListItem","position":1,"name":"Home","item":"https:\/\/spacebridge.com\/"},{"@type":"ListItem","position":2,"name":"Products","item":"https:\/\/spacebridge.com\/products\/"},{"@type":"ListItem","position":3,"name":"U7780 \u2013 ESTELLA System Professional MF-TDMA Satellite Modem"}]},{"@type":"WebSite","@id":"https:\/\/spacebridge.com\/#website","url":"https:\/\/spacebridge.com\/","name":"Spacebridge Inc.","description":"Broadband Satellite Communications Systems","publisher":{"@id":"https:\/\/spacebridge.com\/#organization"},"potentialAction":[{"@type":"SearchAction","target":{"@type":"EntryPoint","urlTemplate":"https:\/\/spacebridge.com\/?s={search_term_string}"},"query-input":{"@type":"PropertyValueSpecification","valueRequired":true,"valueName":"search_term_string"}}],"inLanguage":"fr-FR"},{"@type":"Organization","@id":"https:\/\/spacebridge.com\/#organization","name":"SpaceBridge Inc.","url":"https:\/\/spacebridge.com\/","logo":{"@type":"ImageObject","inLanguage":"fr-FR","@id":"https:\/\/spacebridge.com\/#\/schema\/logo\/image\/","url":"https:\/\/spacebridge.com\/wp-content\/uploads\/2024\/02\/SpaceBridge-logo-no-tagline-full-color-on-white-or-blue.png","contentUrl":"https:\/\/spacebridge.com\/wp-content\/uploads\/2024\/02\/SpaceBridge-logo-no-tagline-full-color-on-white-or-blue.png","width":1474,"height":730,"caption":"SpaceBridge Inc."},"image":{"@id":"https:\/\/spacebridge.com\/#\/schema\/logo\/image\/"},"sameAs":["https:\/\/www.linkedin.com\/company\/spacebridgeinc\/"]}]}},"_links":{"self":[{"href":"https:\/\/spacebridge.com\/fr\/wp-json\/wp\/v2\/product\/6276","targetHints":{"allow":["GET"]}}],"collection":[{"href":"https:\/\/spacebridge.com\/fr\/wp-json\/wp\/v2\/product"}],"about":[{"href":"https:\/\/spacebridge.com\/fr\/wp-json\/wp\/v2\/types\/product"}],"replies":[{"embeddable":true,"href":"https:\/\/spacebridge.com\/fr\/wp-json\/wp\/v2\/comments?post=6276"}],"version-history":[{"count":3,"href":"https:\/\/spacebridge.com\/fr\/wp-json\/wp\/v2\/product\/6276\/revisions"}],"predecessor-version":[{"id":16476,"href":"https:\/\/spacebridge.com\/fr\/wp-json\/wp\/v2\/product\/6276\/revisions\/16476"}],"wp:featuredmedia":[{"embeddable":true,"href":"https:\/\/spacebridge.com\/fr\/wp-json\/wp\/v2\/media\/6277"}],"wp:attachment":[{"href":"https:\/\/spacebridge.com\/fr\/wp-json\/wp\/v2\/media?parent=6276"}],"wp:term":[{"taxonomy":"product_brand","embeddable":true,"href":"https:\/\/spacebridge.com\/fr\/wp-json\/wp\/v2\/product_brand?post=6276"},{"taxonomy":"product_cat","embeddable":true,"href":"https:\/\/spacebridge.com\/fr\/wp-json\/wp\/v2\/product_cat?post=6276"},{"taxonomy":"product_tag","embeddable":true,"href":"https:\/\/spacebridge.com\/fr\/wp-json\/wp\/v2\/product_tag?post=6276"}],"curies":[{"name":"wp","href":"https:\/\/api.w.org\/{rel}","templated":true}]}}