{"id":6273,"date":"2022-02-23T16:40:10","date_gmt":"2022-02-23T16:40:10","guid":{"rendered":"https:\/\/spacebridge.com\/?post_type=product&#038;p=6273"},"modified":"2025-12-10T19:54:47","modified_gmt":"2025-12-10T19:54:47","slug":"u7400-vsat-router-for-professional-mobility-trunking","status":"publish","type":"product","link":"https:\/\/spacebridge.com\/fr\/produit\/u7400-vsat-router-for-professional-mobility-trunking\/","title":{"rendered":"Routeur VSAT U7400 pour mobilit\u00e9 professionnelle\/trunking"},"content":{"rendered":"<h3>Pr\u00e9sentation du produit<\/h3>\n<p><b>L'U7400 est un modem satellite VSAT SpaceBridge de qualit\u00e9 t\u00e9l\u00e9com, destin\u00e9 aux applications professionnelles et de mobilit\u00e9.<\/b>.<\/p>\n<p>Telco grade indoor 19\u201d rack-mountable suitable for vast deployment\u00a0 flexibly, supports hub-less point-to-point deployments as well as ESTELLA System hub-spoke. Start small with point-to-point SCPC\u00a0 links and grow to large hub-spoke MF-TDMA \/Dynamic SCPC network. <a href=\"https:\/\/spacebridge.com\/fr\/waveswitch\/\">WaveSwitch<\/a> hub-spoke multi-waveform support:\u00a0 Automatic on-the-fly MF-TDMA \/ SCPC Return link switching,\u00a0 based on application, traffic density and scheduled triggers. SCPC Return Link dynamic channel adaptation to meet traffic demand while conserving satellite bandwidth. OpenAMIP antenna interface support for SATCOM on the Move (SOTM) applications.<\/p>","protected":false},"excerpt":{"rendered":"<h3>Pr\u00e9sentation du produit<\/h3>\n<p><b>L'U7400 est un modem satellite VSAT SpaceBridge de qualit\u00e9 t\u00e9l\u00e9com, destin\u00e9 aux applications professionnelles et de mobilit\u00e9.<\/b>.<\/p>\n<p>Telco grade indoor 19\u201d rack-mountable suitable for vast deployment\u00a0 flexibly, supports hub-less point-to-point deployments as well as ESTELLA System hub-spoke. Start small with point-to-point SCPC\u00a0 links and grow to large hub-spoke MF-TDMA \/Dynamic SCPC network. WaveSwitch\u2122 hub-spoke multi-waveform support:\u00a0 Automatic on-the-fly MF-TDMA \/ SCPC Return link switching,\u00a0 based on application, traffic density and scheduled triggers. SCPC Return Link dynamic channel adaptation to meet traffic demand while conserving satellite bandwidth. OpenAMIP antenna interface support for SATCOM on the Move (SOTM) applications.<\/p>","protected":false},"featured_media":6274,"comment_status":"open","ping_status":"closed","template":"","meta":{"_acf_changed":false},"product_brand":[],"product_cat":[213,172],"product_tag":[147,118,121,117,120],"class_list":{"0":"post-6273","1":"product","2":"type-product","3":"status-publish","4":"has-post-thumbnail","6":"product_cat-asat-modems","7":"product_cat-broadcasting","8":"product_tag-broadcasting","9":"product_tag-cellular-backhaul","10":"product_tag-defense-government","11":"product_tag-enterprise-broadband","12":"product_tag-mobility","14":"first","15":"instock","16":"shipping-taxable","17":"product-type-simple"},"acf":[],"yoast_head":"<!-- This site is optimized with the Yoast SEO plugin v27.3 - https:\/\/yoast.com\/product\/yoast-seo-wordpress\/ -->\n<title>U7400 VSAT Router for Professional Mobility\/Trunking - Spacebridge Inc.<\/title>\n<meta name=\"description\" content=\"The U7400 is a SpaceBridge flagship\u00a0telecom grade VSAT satellite modem for professional\u00a0and mobility applications.\" \/>\n<meta name=\"robots\" content=\"index, follow, max-snippet:-1, max-image-preview:large, max-video-preview:-1\" \/>\n<link rel=\"canonical\" href=\"https:\/\/spacebridge.com\/fr\/produit\/u7400-vsat-router-for-professional-mobility-trunking\/\" \/>\n<meta property=\"og:locale\" content=\"fr_FR\" \/>\n<meta property=\"og:type\" content=\"article\" \/>\n<meta property=\"og:title\" content=\"U7400 VSAT Router for Professional Mobility\/Trunking - Spacebridge Inc.\" \/>\n<meta property=\"og:description\" content=\"The U7400 is a SpaceBridge flagship\u00a0telecom grade VSAT satellite modem for professional\u00a0and mobility applications.\" \/>\n<meta property=\"og:url\" content=\"https:\/\/spacebridge.com\/fr\/produit\/u7400-vsat-router-for-professional-mobility-trunking\/\" \/>\n<meta property=\"og:site_name\" content=\"Spacebridge Inc.\" \/>\n<meta property=\"article:modified_time\" content=\"2025-12-10T19:54:47+00:00\" \/>\n<meta property=\"og:image\" content=\"https:\/\/spacebridge.com\/wp-content\/uploads\/2022\/02\/product-website-size-570-x-570-9.png\" \/>\n\t<meta property=\"og:image:width\" content=\"570\" \/>\n\t<meta property=\"og:image:height\" content=\"570\" \/>\n\t<meta property=\"og:image:type\" content=\"image\/png\" \/>\n<meta name=\"twitter:card\" content=\"summary_large_image\" \/>\n<meta name=\"twitter:label1\" content=\"Dur\u00e9e de lecture estim\u00e9e\" \/>\n\t<meta name=\"twitter:data1\" content=\"1 minute\" \/>\n<script type=\"application\/ld+json\" class=\"yoast-schema-graph\">{\"@context\":\"https:\\\/\\\/schema.org\",\"@graph\":[{\"@type\":\"WebPage\",\"@id\":\"https:\\\/\\\/spacebridge.com\\\/product\\\/u7400-vsat-router-for-professional-mobility-trunking\\\/\",\"url\":\"https:\\\/\\\/spacebridge.com\\\/product\\\/u7400-vsat-router-for-professional-mobility-trunking\\\/\",\"name\":\"U7400 VSAT Router for Professional Mobility\\\/Trunking - Spacebridge Inc.\",\"isPartOf\":{\"@id\":\"https:\\\/\\\/spacebridge.com\\\/#website\"},\"primaryImageOfPage\":{\"@id\":\"https:\\\/\\\/spacebridge.com\\\/product\\\/u7400-vsat-router-for-professional-mobility-trunking\\\/#primaryimage\"},\"image\":{\"@id\":\"https:\\\/\\\/spacebridge.com\\\/product\\\/u7400-vsat-router-for-professional-mobility-trunking\\\/#primaryimage\"},\"thumbnailUrl\":\"https:\\\/\\\/spacebridge.com\\\/wp-content\\\/uploads\\\/2022\\\/02\\\/product-website-size-570-x-570-9.png\",\"datePublished\":\"2022-02-23T16:40:10+00:00\",\"dateModified\":\"2025-12-10T19:54:47+00:00\",\"description\":\"The U7400 is a SpaceBridge flagship\u00a0telecom grade VSAT satellite modem for professional\u00a0and mobility applications.\",\"breadcrumb\":{\"@id\":\"https:\\\/\\\/spacebridge.com\\\/product\\\/u7400-vsat-router-for-professional-mobility-trunking\\\/#breadcrumb\"},\"inLanguage\":\"fr-FR\",\"potentialAction\":[{\"@type\":\"ReadAction\",\"target\":[\"https:\\\/\\\/spacebridge.com\\\/product\\\/u7400-vsat-router-for-professional-mobility-trunking\\\/\"]}]},{\"@type\":\"ImageObject\",\"inLanguage\":\"fr-FR\",\"@id\":\"https:\\\/\\\/spacebridge.com\\\/product\\\/u7400-vsat-router-for-professional-mobility-trunking\\\/#primaryimage\",\"url\":\"https:\\\/\\\/spacebridge.com\\\/wp-content\\\/uploads\\\/2022\\\/02\\\/product-website-size-570-x-570-9.png\",\"contentUrl\":\"https:\\\/\\\/spacebridge.com\\\/wp-content\\\/uploads\\\/2022\\\/02\\\/product-website-size-570-x-570-9.png\",\"width\":570,\"height\":570,\"caption\":\"U7400\"},{\"@type\":\"BreadcrumbList\",\"@id\":\"https:\\\/\\\/spacebridge.com\\\/product\\\/u7400-vsat-router-for-professional-mobility-trunking\\\/#breadcrumb\",\"itemListElement\":[{\"@type\":\"ListItem\",\"position\":1,\"name\":\"Home\",\"item\":\"https:\\\/\\\/spacebridge.com\\\/\"},{\"@type\":\"ListItem\",\"position\":2,\"name\":\"Products\",\"item\":\"https:\\\/\\\/spacebridge.com\\\/products\\\/\"},{\"@type\":\"ListItem\",\"position\":3,\"name\":\"U7400 VSAT Router for Professional Mobility\\\/Trunking\"}]},{\"@type\":\"WebSite\",\"@id\":\"https:\\\/\\\/spacebridge.com\\\/#website\",\"url\":\"https:\\\/\\\/spacebridge.com\\\/\",\"name\":\"Spacebridge Inc.\",\"description\":\"Broadband Satellite Communications Systems\",\"publisher\":{\"@id\":\"https:\\\/\\\/spacebridge.com\\\/#organization\"},\"potentialAction\":[{\"@type\":\"SearchAction\",\"target\":{\"@type\":\"EntryPoint\",\"urlTemplate\":\"https:\\\/\\\/spacebridge.com\\\/?s={search_term_string}\"},\"query-input\":{\"@type\":\"PropertyValueSpecification\",\"valueRequired\":true,\"valueName\":\"search_term_string\"}}],\"inLanguage\":\"fr-FR\"},{\"@type\":\"Organization\",\"@id\":\"https:\\\/\\\/spacebridge.com\\\/#organization\",\"name\":\"SpaceBridge Inc.\",\"url\":\"https:\\\/\\\/spacebridge.com\\\/\",\"logo\":{\"@type\":\"ImageObject\",\"inLanguage\":\"fr-FR\",\"@id\":\"https:\\\/\\\/spacebridge.com\\\/#\\\/schema\\\/logo\\\/image\\\/\",\"url\":\"https:\\\/\\\/spacebridge.com\\\/wp-content\\\/uploads\\\/2024\\\/02\\\/SpaceBridge-logo-no-tagline-full-color-on-white-or-blue.png\",\"contentUrl\":\"https:\\\/\\\/spacebridge.com\\\/wp-content\\\/uploads\\\/2024\\\/02\\\/SpaceBridge-logo-no-tagline-full-color-on-white-or-blue.png\",\"width\":1474,\"height\":730,\"caption\":\"SpaceBridge Inc.\"},\"image\":{\"@id\":\"https:\\\/\\\/spacebridge.com\\\/#\\\/schema\\\/logo\\\/image\\\/\"},\"sameAs\":[\"https:\\\/\\\/www.linkedin.com\\\/company\\\/spacebridgeinc\\\/\"]}]}<\/script>\n<!-- \/ Yoast SEO plugin. -->","yoast_head_json":{"title":"U7400 VSAT Router for Professional Mobility\/Trunking - Spacebridge Inc.","description":"The U7400 is a SpaceBridge flagship\u00a0telecom grade VSAT satellite modem for professional\u00a0and mobility applications.","robots":{"index":"index","follow":"follow","max-snippet":"max-snippet:-1","max-image-preview":"max-image-preview:large","max-video-preview":"max-video-preview:-1"},"canonical":"https:\/\/spacebridge.com\/fr\/produit\/u7400-vsat-router-for-professional-mobility-trunking\/","og_locale":"fr_FR","og_type":"article","og_title":"U7400 VSAT Router for Professional Mobility\/Trunking - Spacebridge Inc.","og_description":"The U7400 is a SpaceBridge flagship\u00a0telecom grade VSAT satellite modem for professional\u00a0and mobility applications.","og_url":"https:\/\/spacebridge.com\/fr\/produit\/u7400-vsat-router-for-professional-mobility-trunking\/","og_site_name":"Spacebridge Inc.","article_modified_time":"2025-12-10T19:54:47+00:00","og_image":[{"width":570,"height":570,"url":"https:\/\/spacebridge.com\/wp-content\/uploads\/2022\/02\/product-website-size-570-x-570-9.png","type":"image\/png"}],"twitter_card":"summary_large_image","twitter_misc":{"Dur\u00e9e de lecture estim\u00e9e":"1 minute"},"schema":{"@context":"https:\/\/schema.org","@graph":[{"@type":"WebPage","@id":"https:\/\/spacebridge.com\/product\/u7400-vsat-router-for-professional-mobility-trunking\/","url":"https:\/\/spacebridge.com\/product\/u7400-vsat-router-for-professional-mobility-trunking\/","name":"U7400 VSAT Router for Professional Mobility\/Trunking - Spacebridge Inc.","isPartOf":{"@id":"https:\/\/spacebridge.com\/#website"},"primaryImageOfPage":{"@id":"https:\/\/spacebridge.com\/product\/u7400-vsat-router-for-professional-mobility-trunking\/#primaryimage"},"image":{"@id":"https:\/\/spacebridge.com\/product\/u7400-vsat-router-for-professional-mobility-trunking\/#primaryimage"},"thumbnailUrl":"https:\/\/spacebridge.com\/wp-content\/uploads\/2022\/02\/product-website-size-570-x-570-9.png","datePublished":"2022-02-23T16:40:10+00:00","dateModified":"2025-12-10T19:54:47+00:00","description":"The U7400 is a SpaceBridge flagship\u00a0telecom grade VSAT satellite modem for professional\u00a0and mobility applications.","breadcrumb":{"@id":"https:\/\/spacebridge.com\/product\/u7400-vsat-router-for-professional-mobility-trunking\/#breadcrumb"},"inLanguage":"fr-FR","potentialAction":[{"@type":"ReadAction","target":["https:\/\/spacebridge.com\/product\/u7400-vsat-router-for-professional-mobility-trunking\/"]}]},{"@type":"ImageObject","inLanguage":"fr-FR","@id":"https:\/\/spacebridge.com\/product\/u7400-vsat-router-for-professional-mobility-trunking\/#primaryimage","url":"https:\/\/spacebridge.com\/wp-content\/uploads\/2022\/02\/product-website-size-570-x-570-9.png","contentUrl":"https:\/\/spacebridge.com\/wp-content\/uploads\/2022\/02\/product-website-size-570-x-570-9.png","width":570,"height":570,"caption":"U7400"},{"@type":"BreadcrumbList","@id":"https:\/\/spacebridge.com\/product\/u7400-vsat-router-for-professional-mobility-trunking\/#breadcrumb","itemListElement":[{"@type":"ListItem","position":1,"name":"Home","item":"https:\/\/spacebridge.com\/"},{"@type":"ListItem","position":2,"name":"Products","item":"https:\/\/spacebridge.com\/products\/"},{"@type":"ListItem","position":3,"name":"U7400 VSAT Router for Professional Mobility\/Trunking"}]},{"@type":"WebSite","@id":"https:\/\/spacebridge.com\/#website","url":"https:\/\/spacebridge.com\/","name":"Spacebridge Inc.","description":"Broadband Satellite Communications Systems","publisher":{"@id":"https:\/\/spacebridge.com\/#organization"},"potentialAction":[{"@type":"SearchAction","target":{"@type":"EntryPoint","urlTemplate":"https:\/\/spacebridge.com\/?s={search_term_string}"},"query-input":{"@type":"PropertyValueSpecification","valueRequired":true,"valueName":"search_term_string"}}],"inLanguage":"fr-FR"},{"@type":"Organization","@id":"https:\/\/spacebridge.com\/#organization","name":"SpaceBridge Inc.","url":"https:\/\/spacebridge.com\/","logo":{"@type":"ImageObject","inLanguage":"fr-FR","@id":"https:\/\/spacebridge.com\/#\/schema\/logo\/image\/","url":"https:\/\/spacebridge.com\/wp-content\/uploads\/2024\/02\/SpaceBridge-logo-no-tagline-full-color-on-white-or-blue.png","contentUrl":"https:\/\/spacebridge.com\/wp-content\/uploads\/2024\/02\/SpaceBridge-logo-no-tagline-full-color-on-white-or-blue.png","width":1474,"height":730,"caption":"SpaceBridge Inc."},"image":{"@id":"https:\/\/spacebridge.com\/#\/schema\/logo\/image\/"},"sameAs":["https:\/\/www.linkedin.com\/company\/spacebridgeinc\/"]}]}},"_links":{"self":[{"href":"https:\/\/spacebridge.com\/fr\/wp-json\/wp\/v2\/product\/6273","targetHints":{"allow":["GET"]}}],"collection":[{"href":"https:\/\/spacebridge.com\/fr\/wp-json\/wp\/v2\/product"}],"about":[{"href":"https:\/\/spacebridge.com\/fr\/wp-json\/wp\/v2\/types\/product"}],"replies":[{"embeddable":true,"href":"https:\/\/spacebridge.com\/fr\/wp-json\/wp\/v2\/comments?post=6273"}],"version-history":[{"count":3,"href":"https:\/\/spacebridge.com\/fr\/wp-json\/wp\/v2\/product\/6273\/revisions"}],"predecessor-version":[{"id":16542,"href":"https:\/\/spacebridge.com\/fr\/wp-json\/wp\/v2\/product\/6273\/revisions\/16542"}],"wp:featuredmedia":[{"embeddable":true,"href":"https:\/\/spacebridge.com\/fr\/wp-json\/wp\/v2\/media\/6274"}],"wp:attachment":[{"href":"https:\/\/spacebridge.com\/fr\/wp-json\/wp\/v2\/media?parent=6273"}],"wp:term":[{"taxonomy":"product_brand","embeddable":true,"href":"https:\/\/spacebridge.com\/fr\/wp-json\/wp\/v2\/product_brand?post=6273"},{"taxonomy":"product_cat","embeddable":true,"href":"https:\/\/spacebridge.com\/fr\/wp-json\/wp\/v2\/product_cat?post=6273"},{"taxonomy":"product_tag","embeddable":true,"href":"https:\/\/spacebridge.com\/fr\/wp-json\/wp\/v2\/product_tag?post=6273"}],"curies":[{"name":"wp","href":"https:\/\/api.w.org\/{rel}","templated":true}]}}