{"id":6271,"date":"2022-02-23T16:19:26","date_gmt":"2022-02-23T16:19:26","guid":{"rendered":"https:\/\/spacebridge.com\/?post_type=product&#038;p=6271"},"modified":"2025-12-08T21:05:20","modified_gmt":"2025-12-08T21:05:20","slug":"mcr4-high-performance-scpc-receiver","status":"publish","type":"product","link":"https:\/\/spacebridge.com\/fr\/produit\/mcr4-high-performance-scpc-receiver\/","title":{"rendered":"R\u00e9cepteur SCPC haute performance MCR4"},"content":{"rendered":"<h3>Pr\u00e9sentation du produit<\/h3>\n<p><b>The MCR4 High Performance SCPC Receiver provides HUB side support for SpaceBridge ESTELLA WaveSwitch<sup>TM<\/sup>\u00a0(jusqu'\u00e0 4 connexions simultan\u00e9es) par unit\u00e9.<\/b><\/p>\n<p>SpaceBridge\u2019s Multi-Channel Receiver (MCR)-4 contains a rack mount. It makes for an easy deployment as well as a limitless user traffic support for mission-critical applications. It detains a powerful wire-speed packet processing and an easy integration to any networking infrastructure.<\/p>","protected":false},"excerpt":{"rendered":"<h3>Pr\u00e9sentation du produit<\/h3>\n<p><b>The MCR4 High Performance SCPC Receiver provides HUB side support for SpaceBridge ESTELLA WaveSwitch<sup>TM<\/sup>\u00a0(jusqu'\u00e0 4 connexions simultan\u00e9es) par unit\u00e9.<\/b><\/p>\n<p>Le r\u00e9cepteur multi-canal (MCR)-4 de SpaceBridge contient un montage en rack pour un d\u00e9ploiement facile ainsi qu'un support de trafic utilisateur illimit\u00e9 pour les applications critiques. Il dispose d'un puissant traitement de paquets \u00e0 vitesse filaire et s'int\u00e8gre facilement \u00e0 toute infrastructure de r\u00e9seau.<\/p>","protected":false},"featured_media":6272,"comment_status":"open","ping_status":"closed","template":"","meta":{"_acf_changed":false},"product_brand":[],"product_cat":[82],"product_tag":[118,121,117,120],"class_list":{"0":"post-6271","1":"product","2":"type-product","3":"status-publish","4":"has-post-thumbnail","6":"product_cat-scpc-modems","7":"product_tag-cellular-backhaul","8":"product_tag-defense-government","9":"product_tag-enterprise-broadband","10":"product_tag-mobility","12":"first","13":"instock","14":"shipping-taxable","15":"product-type-simple"},"acf":[],"yoast_head":"<!-- This site is optimized with the Yoast SEO plugin v27.4 - https:\/\/yoast.com\/product\/yoast-seo-wordpress\/ -->\n<title>MCR4 High Performance SCPC Receiver - Spacebridge Inc.<\/title>\n<meta name=\"description\" content=\"The MCR4 High Performance SCPC Receiver provides HUB side support for WaveSwitch\u00a0service (up to 4 simultaneous connections) per unit.\" \/>\n<meta name=\"robots\" content=\"index, follow, max-snippet:-1, max-image-preview:large, max-video-preview:-1\" \/>\n<link rel=\"canonical\" href=\"https:\/\/spacebridge.com\/fr\/produit\/mcr4-high-performance-scpc-receiver\/\" \/>\n<meta property=\"og:locale\" content=\"fr_FR\" \/>\n<meta property=\"og:type\" content=\"article\" \/>\n<meta property=\"og:title\" content=\"MCR4 High Performance SCPC Receiver - Spacebridge Inc.\" \/>\n<meta property=\"og:description\" content=\"The MCR4 High Performance SCPC Receiver provides HUB side support for WaveSwitch\u00a0service (up to 4 simultaneous connections) per unit.\" \/>\n<meta property=\"og:url\" content=\"https:\/\/spacebridge.com\/fr\/produit\/mcr4-high-performance-scpc-receiver\/\" \/>\n<meta property=\"og:site_name\" content=\"Spacebridge Inc.\" \/>\n<meta property=\"article:modified_time\" content=\"2025-12-08T21:05:20+00:00\" \/>\n<meta property=\"og:image\" content=\"https:\/\/spacebridge.com\/wp-content\/uploads\/2022\/02\/product-website-size-570-x-570-8.png\" \/>\n\t<meta property=\"og:image:width\" content=\"570\" \/>\n\t<meta property=\"og:image:height\" content=\"570\" \/>\n\t<meta property=\"og:image:type\" content=\"image\/png\" \/>\n<meta name=\"twitter:card\" content=\"summary_large_image\" \/>\n<meta name=\"twitter:label1\" content=\"Dur\u00e9e de lecture estim\u00e9e\" \/>\n\t<meta name=\"twitter:data1\" content=\"1 minute\" \/>\n<script type=\"application\/ld+json\" class=\"yoast-schema-graph\">{\"@context\":\"https:\\\/\\\/schema.org\",\"@graph\":[{\"@type\":\"WebPage\",\"@id\":\"https:\\\/\\\/spacebridge.com\\\/product\\\/mcr4-high-performance-scpc-receiver\\\/\",\"url\":\"https:\\\/\\\/spacebridge.com\\\/product\\\/mcr4-high-performance-scpc-receiver\\\/\",\"name\":\"MCR4 High Performance SCPC Receiver - Spacebridge Inc.\",\"isPartOf\":{\"@id\":\"https:\\\/\\\/spacebridge.com\\\/#website\"},\"primaryImageOfPage\":{\"@id\":\"https:\\\/\\\/spacebridge.com\\\/product\\\/mcr4-high-performance-scpc-receiver\\\/#primaryimage\"},\"image\":{\"@id\":\"https:\\\/\\\/spacebridge.com\\\/product\\\/mcr4-high-performance-scpc-receiver\\\/#primaryimage\"},\"thumbnailUrl\":\"https:\\\/\\\/spacebridge.com\\\/wp-content\\\/uploads\\\/2022\\\/02\\\/product-website-size-570-x-570-8.png\",\"datePublished\":\"2022-02-23T16:19:26+00:00\",\"dateModified\":\"2025-12-08T21:05:20+00:00\",\"description\":\"The MCR4 High Performance SCPC Receiver provides HUB side support for WaveSwitch\u00a0service (up to 4 simultaneous connections) per unit.\",\"breadcrumb\":{\"@id\":\"https:\\\/\\\/spacebridge.com\\\/product\\\/mcr4-high-performance-scpc-receiver\\\/#breadcrumb\"},\"inLanguage\":\"fr-FR\",\"potentialAction\":[{\"@type\":\"ReadAction\",\"target\":[\"https:\\\/\\\/spacebridge.com\\\/product\\\/mcr4-high-performance-scpc-receiver\\\/\"]}]},{\"@type\":\"ImageObject\",\"inLanguage\":\"fr-FR\",\"@id\":\"https:\\\/\\\/spacebridge.com\\\/product\\\/mcr4-high-performance-scpc-receiver\\\/#primaryimage\",\"url\":\"https:\\\/\\\/spacebridge.com\\\/wp-content\\\/uploads\\\/2022\\\/02\\\/product-website-size-570-x-570-8.png\",\"contentUrl\":\"https:\\\/\\\/spacebridge.com\\\/wp-content\\\/uploads\\\/2022\\\/02\\\/product-website-size-570-x-570-8.png\",\"width\":570,\"height\":570,\"caption\":\"MCR4\"},{\"@type\":\"BreadcrumbList\",\"@id\":\"https:\\\/\\\/spacebridge.com\\\/product\\\/mcr4-high-performance-scpc-receiver\\\/#breadcrumb\",\"itemListElement\":[{\"@type\":\"ListItem\",\"position\":1,\"name\":\"Home\",\"item\":\"https:\\\/\\\/spacebridge.com\\\/\"},{\"@type\":\"ListItem\",\"position\":2,\"name\":\"Products\",\"item\":\"https:\\\/\\\/spacebridge.com\\\/products\\\/\"},{\"@type\":\"ListItem\",\"position\":3,\"name\":\"MCR4 High Performance SCPC Receiver\"}]},{\"@type\":\"WebSite\",\"@id\":\"https:\\\/\\\/spacebridge.com\\\/#website\",\"url\":\"https:\\\/\\\/spacebridge.com\\\/\",\"name\":\"Spacebridge Inc.\",\"description\":\"Broadband Satellite Communications Systems\",\"publisher\":{\"@id\":\"https:\\\/\\\/spacebridge.com\\\/#organization\"},\"potentialAction\":[{\"@type\":\"SearchAction\",\"target\":{\"@type\":\"EntryPoint\",\"urlTemplate\":\"https:\\\/\\\/spacebridge.com\\\/?s={search_term_string}\"},\"query-input\":{\"@type\":\"PropertyValueSpecification\",\"valueRequired\":true,\"valueName\":\"search_term_string\"}}],\"inLanguage\":\"fr-FR\"},{\"@type\":\"Organization\",\"@id\":\"https:\\\/\\\/spacebridge.com\\\/#organization\",\"name\":\"SpaceBridge Inc.\",\"url\":\"https:\\\/\\\/spacebridge.com\\\/\",\"logo\":{\"@type\":\"ImageObject\",\"inLanguage\":\"fr-FR\",\"@id\":\"https:\\\/\\\/spacebridge.com\\\/#\\\/schema\\\/logo\\\/image\\\/\",\"url\":\"https:\\\/\\\/spacebridge.com\\\/wp-content\\\/uploads\\\/2024\\\/02\\\/SpaceBridge-logo-no-tagline-full-color-on-white-or-blue.png\",\"contentUrl\":\"https:\\\/\\\/spacebridge.com\\\/wp-content\\\/uploads\\\/2024\\\/02\\\/SpaceBridge-logo-no-tagline-full-color-on-white-or-blue.png\",\"width\":1474,\"height\":730,\"caption\":\"SpaceBridge Inc.\"},\"image\":{\"@id\":\"https:\\\/\\\/spacebridge.com\\\/#\\\/schema\\\/logo\\\/image\\\/\"},\"sameAs\":[\"https:\\\/\\\/www.linkedin.com\\\/company\\\/spacebridgeinc\\\/\"]}]}<\/script>\n<!-- \/ Yoast SEO plugin. -->","yoast_head_json":{"title":"MCR4 High Performance SCPC Receiver - Spacebridge Inc.","description":"The MCR4 High Performance SCPC Receiver provides HUB side support for WaveSwitch\u00a0service (up to 4 simultaneous connections) per unit.","robots":{"index":"index","follow":"follow","max-snippet":"max-snippet:-1","max-image-preview":"max-image-preview:large","max-video-preview":"max-video-preview:-1"},"canonical":"https:\/\/spacebridge.com\/fr\/produit\/mcr4-high-performance-scpc-receiver\/","og_locale":"fr_FR","og_type":"article","og_title":"MCR4 High Performance SCPC Receiver - Spacebridge Inc.","og_description":"The MCR4 High Performance SCPC Receiver provides HUB side support for WaveSwitch\u00a0service (up to 4 simultaneous connections) per unit.","og_url":"https:\/\/spacebridge.com\/fr\/produit\/mcr4-high-performance-scpc-receiver\/","og_site_name":"Spacebridge Inc.","article_modified_time":"2025-12-08T21:05:20+00:00","og_image":[{"width":570,"height":570,"url":"https:\/\/spacebridge.com\/wp-content\/uploads\/2022\/02\/product-website-size-570-x-570-8.png","type":"image\/png"}],"twitter_card":"summary_large_image","twitter_misc":{"Dur\u00e9e de lecture estim\u00e9e":"1 minute"},"schema":{"@context":"https:\/\/schema.org","@graph":[{"@type":"WebPage","@id":"https:\/\/spacebridge.com\/product\/mcr4-high-performance-scpc-receiver\/","url":"https:\/\/spacebridge.com\/product\/mcr4-high-performance-scpc-receiver\/","name":"MCR4 High Performance SCPC Receiver - Spacebridge Inc.","isPartOf":{"@id":"https:\/\/spacebridge.com\/#website"},"primaryImageOfPage":{"@id":"https:\/\/spacebridge.com\/product\/mcr4-high-performance-scpc-receiver\/#primaryimage"},"image":{"@id":"https:\/\/spacebridge.com\/product\/mcr4-high-performance-scpc-receiver\/#primaryimage"},"thumbnailUrl":"https:\/\/spacebridge.com\/wp-content\/uploads\/2022\/02\/product-website-size-570-x-570-8.png","datePublished":"2022-02-23T16:19:26+00:00","dateModified":"2025-12-08T21:05:20+00:00","description":"The MCR4 High Performance SCPC Receiver provides HUB side support for WaveSwitch\u00a0service (up to 4 simultaneous connections) per unit.","breadcrumb":{"@id":"https:\/\/spacebridge.com\/product\/mcr4-high-performance-scpc-receiver\/#breadcrumb"},"inLanguage":"fr-FR","potentialAction":[{"@type":"ReadAction","target":["https:\/\/spacebridge.com\/product\/mcr4-high-performance-scpc-receiver\/"]}]},{"@type":"ImageObject","inLanguage":"fr-FR","@id":"https:\/\/spacebridge.com\/product\/mcr4-high-performance-scpc-receiver\/#primaryimage","url":"https:\/\/spacebridge.com\/wp-content\/uploads\/2022\/02\/product-website-size-570-x-570-8.png","contentUrl":"https:\/\/spacebridge.com\/wp-content\/uploads\/2022\/02\/product-website-size-570-x-570-8.png","width":570,"height":570,"caption":"MCR4"},{"@type":"BreadcrumbList","@id":"https:\/\/spacebridge.com\/product\/mcr4-high-performance-scpc-receiver\/#breadcrumb","itemListElement":[{"@type":"ListItem","position":1,"name":"Home","item":"https:\/\/spacebridge.com\/"},{"@type":"ListItem","position":2,"name":"Products","item":"https:\/\/spacebridge.com\/products\/"},{"@type":"ListItem","position":3,"name":"MCR4 High Performance SCPC Receiver"}]},{"@type":"WebSite","@id":"https:\/\/spacebridge.com\/#website","url":"https:\/\/spacebridge.com\/","name":"Spacebridge Inc.","description":"Broadband Satellite Communications Systems","publisher":{"@id":"https:\/\/spacebridge.com\/#organization"},"potentialAction":[{"@type":"SearchAction","target":{"@type":"EntryPoint","urlTemplate":"https:\/\/spacebridge.com\/?s={search_term_string}"},"query-input":{"@type":"PropertyValueSpecification","valueRequired":true,"valueName":"search_term_string"}}],"inLanguage":"fr-FR"},{"@type":"Organization","@id":"https:\/\/spacebridge.com\/#organization","name":"SpaceBridge Inc.","url":"https:\/\/spacebridge.com\/","logo":{"@type":"ImageObject","inLanguage":"fr-FR","@id":"https:\/\/spacebridge.com\/#\/schema\/logo\/image\/","url":"https:\/\/spacebridge.com\/wp-content\/uploads\/2024\/02\/SpaceBridge-logo-no-tagline-full-color-on-white-or-blue.png","contentUrl":"https:\/\/spacebridge.com\/wp-content\/uploads\/2024\/02\/SpaceBridge-logo-no-tagline-full-color-on-white-or-blue.png","width":1474,"height":730,"caption":"SpaceBridge Inc."},"image":{"@id":"https:\/\/spacebridge.com\/#\/schema\/logo\/image\/"},"sameAs":["https:\/\/www.linkedin.com\/company\/spacebridgeinc\/"]}]}},"_links":{"self":[{"href":"https:\/\/spacebridge.com\/fr\/wp-json\/wp\/v2\/product\/6271","targetHints":{"allow":["GET"]}}],"collection":[{"href":"https:\/\/spacebridge.com\/fr\/wp-json\/wp\/v2\/product"}],"about":[{"href":"https:\/\/spacebridge.com\/fr\/wp-json\/wp\/v2\/types\/product"}],"replies":[{"embeddable":true,"href":"https:\/\/spacebridge.com\/fr\/wp-json\/wp\/v2\/comments?post=6271"}],"version-history":[{"count":4,"href":"https:\/\/spacebridge.com\/fr\/wp-json\/wp\/v2\/product\/6271\/revisions"}],"predecessor-version":[{"id":16531,"href":"https:\/\/spacebridge.com\/fr\/wp-json\/wp\/v2\/product\/6271\/revisions\/16531"}],"wp:featuredmedia":[{"embeddable":true,"href":"https:\/\/spacebridge.com\/fr\/wp-json\/wp\/v2\/media\/6272"}],"wp:attachment":[{"href":"https:\/\/spacebridge.com\/fr\/wp-json\/wp\/v2\/media?parent=6271"}],"wp:term":[{"taxonomy":"product_brand","embeddable":true,"href":"https:\/\/spacebridge.com\/fr\/wp-json\/wp\/v2\/product_brand?post=6271"},{"taxonomy":"product_cat","embeddable":true,"href":"https:\/\/spacebridge.com\/fr\/wp-json\/wp\/v2\/product_cat?post=6271"},{"taxonomy":"product_tag","embeddable":true,"href":"https:\/\/spacebridge.com\/fr\/wp-json\/wp\/v2\/product_tag?post=6271"}],"curies":[{"name":"wp","href":"https:\/\/api.w.org\/{rel}","templated":true}]}}