{"id":6266,"date":"2022-02-23T15:58:05","date_gmt":"2022-02-23T15:58:05","guid":{"rendered":"https:\/\/spacebridge.com\/?post_type=product&#038;p=6266"},"modified":"2024-09-12T13:28:59","modified_gmt":"2024-09-12T13:28:59","slug":"sbtr6030-3w-ku-band-vsat-transceivers","status":"publish","type":"product","link":"https:\/\/spacebridge.com\/fr\/produit\/sbtr6030-3w-ku-band-vsat-transceivers\/","title":{"rendered":"SBTR6030 \u2013 Transceivers VSAT 3W en bande Ku"},"content":{"rendered":"<h3>Pr\u00e9sentation du produit<\/h3>\n<p><strong>SBTR6030\u00a0 \u2013 3W Ku-band VSAT Transceivers<\/strong><\/p>\n<p>SpaceBridge\u2019s 3W Ku-band VSAT Transceivers provides a powerful quad SCPC receiver Integrated BUC, LNB &amp; OMT with a Fixed cross-polar TX\/RX. This transceivers provide a constant Gain type with Low Phase Noise Local Oscillator and External Reference.<\/p>\n<p>Ce produit est disponible dans les mod\u00e8les suivants :<\/p>\n<ul>\n<li>1,5 W  standard-Ku SBTR5015<\/li>\n<li>1,5 W \u00e9tendu-Ku SBTR6015<\/li>\n<li>3 W standard-Ku SBTR5030<\/li>\n<li>3 W \u00e9tendu-Ku SBTR6030<\/li>\n<\/ul>","protected":false},"excerpt":{"rendered":"<h3>Pr\u00e9sentation du produit<\/h3>\n<p><strong>SBTR6030 OEM - \u00c9metteurs-r\u00e9cepteurs VSAT en bande Ku 3W<\/strong><\/p>\n<p>Les \u00e9metteurs-r\u00e9cepteurs VSAT 3W en bande Ku de SpaceBridge fournissent un puissant r\u00e9cepteur quad SCPC int\u00e9gr\u00e9 BUC, LNB et OMT avec un TX\/RX \u00e0 polarit\u00e9 crois\u00e9e fixe.\u00a0 Cet \u00e9metteur-r\u00e9cepteur fournit un type de gain constant avec un oscillateur local \u00e0 faible bruit de phase et une r\u00e9f\u00e9rence externe.<\/p>\n<p>Ce produit est disponible dans les mod\u00e8les suivants :<\/p>\n<ul>\n<li>1,5 W  standard-Ku SBTR5015<\/li>\n<li>1,5 W \u00e9tendu-Ku SBTR6015<\/li>\n<li>3 W standard-Ku SBTR5030<\/li>\n<li>3 W \u00e9tendu-Ku SBTR6030<\/li>\n<\/ul>","protected":false},"featured_media":10607,"comment_status":"open","ping_status":"closed","template":"","meta":{"_acf_changed":false},"product_brand":[],"product_cat":[81],"product_tag":[147,118,121,117,119,120],"class_list":{"0":"post-6266","1":"product","2":"type-product","3":"status-publish","4":"has-post-thumbnail","6":"product_cat-terminals-solutions","7":"product_tag-broadcasting","8":"product_tag-cellular-backhaul","9":"product_tag-defense-government","10":"product_tag-enterprise-broadband","11":"product_tag-iot","12":"product_tag-mobility","14":"first","15":"instock","16":"shipping-taxable","17":"product-type-simple"},"acf":[],"yoast_head":"<!-- This site is optimized with the Yoast SEO plugin v27.3 - https:\/\/yoast.com\/product\/yoast-seo-wordpress\/ -->\n<title>SBTR6030 \u2013 3W Ku-band VSAT Transceivers - Spacebridge Inc.<\/title>\n<meta name=\"description\" content=\"SBTR6030 \u2013 3W Ku-band VSAT Transceivers: SpaceBridge\u2019s 3W Ku-band VSAT Transceivers provides a powerful quad SCPC receiver.\" \/>\n<meta name=\"robots\" content=\"index, follow, max-snippet:-1, max-image-preview:large, max-video-preview:-1\" \/>\n<link rel=\"canonical\" href=\"https:\/\/spacebridge.com\/fr\/produit\/sbtr6030-3w-ku-band-vsat-transceivers\/\" \/>\n<meta property=\"og:locale\" content=\"fr_FR\" \/>\n<meta property=\"og:type\" content=\"article\" \/>\n<meta property=\"og:title\" content=\"SBTR6030 \u2013 3W Ku-band VSAT Transceivers - Spacebridge Inc.\" \/>\n<meta property=\"og:description\" content=\"SBTR6030 \u2013 3W Ku-band VSAT Transceivers: SpaceBridge\u2019s 3W Ku-band VSAT Transceivers provides a powerful quad SCPC receiver.\" \/>\n<meta property=\"og:url\" content=\"https:\/\/spacebridge.com\/fr\/produit\/sbtr6030-3w-ku-band-vsat-transceivers\/\" \/>\n<meta property=\"og:site_name\" content=\"Spacebridge Inc.\" \/>\n<meta property=\"article:modified_time\" content=\"2024-09-12T13:28:59+00:00\" \/>\n<meta property=\"og:image\" content=\"https:\/\/spacebridge.com\/wp-content\/uploads\/2022\/02\/Untitled-design-30.png\" \/>\n\t<meta property=\"og:image:width\" content=\"700\" \/>\n\t<meta property=\"og:image:height\" content=\"700\" \/>\n\t<meta property=\"og:image:type\" content=\"image\/png\" \/>\n<meta name=\"twitter:card\" content=\"summary_large_image\" \/>\n<meta name=\"twitter:label1\" content=\"Dur\u00e9e de lecture estim\u00e9e\" \/>\n\t<meta name=\"twitter:data1\" content=\"1 minute\" \/>\n<script type=\"application\/ld+json\" class=\"yoast-schema-graph\">{\"@context\":\"https:\\\/\\\/schema.org\",\"@graph\":[{\"@type\":\"WebPage\",\"@id\":\"https:\\\/\\\/spacebridge.com\\\/product\\\/sbtr6030-3w-ku-band-vsat-transceivers\\\/\",\"url\":\"https:\\\/\\\/spacebridge.com\\\/product\\\/sbtr6030-3w-ku-band-vsat-transceivers\\\/\",\"name\":\"SBTR6030 \u2013 3W Ku-band VSAT Transceivers - Spacebridge Inc.\",\"isPartOf\":{\"@id\":\"https:\\\/\\\/spacebridge.com\\\/#website\"},\"primaryImageOfPage\":{\"@id\":\"https:\\\/\\\/spacebridge.com\\\/product\\\/sbtr6030-3w-ku-band-vsat-transceivers\\\/#primaryimage\"},\"image\":{\"@id\":\"https:\\\/\\\/spacebridge.com\\\/product\\\/sbtr6030-3w-ku-band-vsat-transceivers\\\/#primaryimage\"},\"thumbnailUrl\":\"https:\\\/\\\/spacebridge.com\\\/wp-content\\\/uploads\\\/2022\\\/02\\\/Untitled-design-30.png\",\"datePublished\":\"2022-02-23T15:58:05+00:00\",\"dateModified\":\"2024-09-12T13:28:59+00:00\",\"description\":\"SBTR6030 \u2013 3W Ku-band VSAT Transceivers: SpaceBridge\u2019s 3W Ku-band VSAT Transceivers provides a powerful quad SCPC receiver.\",\"breadcrumb\":{\"@id\":\"https:\\\/\\\/spacebridge.com\\\/product\\\/sbtr6030-3w-ku-band-vsat-transceivers\\\/#breadcrumb\"},\"inLanguage\":\"fr-FR\",\"potentialAction\":[{\"@type\":\"ReadAction\",\"target\":[\"https:\\\/\\\/spacebridge.com\\\/product\\\/sbtr6030-3w-ku-band-vsat-transceivers\\\/\"]}]},{\"@type\":\"ImageObject\",\"inLanguage\":\"fr-FR\",\"@id\":\"https:\\\/\\\/spacebridge.com\\\/product\\\/sbtr6030-3w-ku-band-vsat-transceivers\\\/#primaryimage\",\"url\":\"https:\\\/\\\/spacebridge.com\\\/wp-content\\\/uploads\\\/2022\\\/02\\\/Untitled-design-30.png\",\"contentUrl\":\"https:\\\/\\\/spacebridge.com\\\/wp-content\\\/uploads\\\/2022\\\/02\\\/Untitled-design-30.png\",\"width\":700,\"height\":700},{\"@type\":\"BreadcrumbList\",\"@id\":\"https:\\\/\\\/spacebridge.com\\\/product\\\/sbtr6030-3w-ku-band-vsat-transceivers\\\/#breadcrumb\",\"itemListElement\":[{\"@type\":\"ListItem\",\"position\":1,\"name\":\"Home\",\"item\":\"https:\\\/\\\/spacebridge.com\\\/\"},{\"@type\":\"ListItem\",\"position\":2,\"name\":\"Products\",\"item\":\"https:\\\/\\\/spacebridge.com\\\/products\\\/\"},{\"@type\":\"ListItem\",\"position\":3,\"name\":\"SBTR6030 \u2013 3W Ku-band VSAT Transceivers\"}]},{\"@type\":\"WebSite\",\"@id\":\"https:\\\/\\\/spacebridge.com\\\/#website\",\"url\":\"https:\\\/\\\/spacebridge.com\\\/\",\"name\":\"Spacebridge Inc.\",\"description\":\"Broadband Satellite Communications Systems\",\"publisher\":{\"@id\":\"https:\\\/\\\/spacebridge.com\\\/#organization\"},\"potentialAction\":[{\"@type\":\"SearchAction\",\"target\":{\"@type\":\"EntryPoint\",\"urlTemplate\":\"https:\\\/\\\/spacebridge.com\\\/?s={search_term_string}\"},\"query-input\":{\"@type\":\"PropertyValueSpecification\",\"valueRequired\":true,\"valueName\":\"search_term_string\"}}],\"inLanguage\":\"fr-FR\"},{\"@type\":\"Organization\",\"@id\":\"https:\\\/\\\/spacebridge.com\\\/#organization\",\"name\":\"SpaceBridge Inc.\",\"url\":\"https:\\\/\\\/spacebridge.com\\\/\",\"logo\":{\"@type\":\"ImageObject\",\"inLanguage\":\"fr-FR\",\"@id\":\"https:\\\/\\\/spacebridge.com\\\/#\\\/schema\\\/logo\\\/image\\\/\",\"url\":\"https:\\\/\\\/spacebridge.com\\\/wp-content\\\/uploads\\\/2024\\\/02\\\/SpaceBridge-logo-no-tagline-full-color-on-white-or-blue.png\",\"contentUrl\":\"https:\\\/\\\/spacebridge.com\\\/wp-content\\\/uploads\\\/2024\\\/02\\\/SpaceBridge-logo-no-tagline-full-color-on-white-or-blue.png\",\"width\":1474,\"height\":730,\"caption\":\"SpaceBridge Inc.\"},\"image\":{\"@id\":\"https:\\\/\\\/spacebridge.com\\\/#\\\/schema\\\/logo\\\/image\\\/\"},\"sameAs\":[\"https:\\\/\\\/www.linkedin.com\\\/company\\\/spacebridgeinc\\\/\"]}]}<\/script>\n<!-- \/ Yoast SEO plugin. -->","yoast_head_json":{"title":"SBTR6030 \u2013 3W Ku-band VSAT Transceivers - Spacebridge Inc.","description":"SBTR6030 \u2013 3W Ku-band VSAT Transceivers: SpaceBridge\u2019s 3W Ku-band VSAT Transceivers provides a powerful quad SCPC receiver.","robots":{"index":"index","follow":"follow","max-snippet":"max-snippet:-1","max-image-preview":"max-image-preview:large","max-video-preview":"max-video-preview:-1"},"canonical":"https:\/\/spacebridge.com\/fr\/produit\/sbtr6030-3w-ku-band-vsat-transceivers\/","og_locale":"fr_FR","og_type":"article","og_title":"SBTR6030 \u2013 3W Ku-band VSAT Transceivers - Spacebridge Inc.","og_description":"SBTR6030 \u2013 3W Ku-band VSAT Transceivers: SpaceBridge\u2019s 3W Ku-band VSAT Transceivers provides a powerful quad SCPC receiver.","og_url":"https:\/\/spacebridge.com\/fr\/produit\/sbtr6030-3w-ku-band-vsat-transceivers\/","og_site_name":"Spacebridge Inc.","article_modified_time":"2024-09-12T13:28:59+00:00","og_image":[{"width":700,"height":700,"url":"https:\/\/spacebridge.com\/wp-content\/uploads\/2022\/02\/Untitled-design-30.png","type":"image\/png"}],"twitter_card":"summary_large_image","twitter_misc":{"Dur\u00e9e de lecture estim\u00e9e":"1 minute"},"schema":{"@context":"https:\/\/schema.org","@graph":[{"@type":"WebPage","@id":"https:\/\/spacebridge.com\/product\/sbtr6030-3w-ku-band-vsat-transceivers\/","url":"https:\/\/spacebridge.com\/product\/sbtr6030-3w-ku-band-vsat-transceivers\/","name":"SBTR6030 \u2013 3W Ku-band VSAT Transceivers - Spacebridge Inc.","isPartOf":{"@id":"https:\/\/spacebridge.com\/#website"},"primaryImageOfPage":{"@id":"https:\/\/spacebridge.com\/product\/sbtr6030-3w-ku-band-vsat-transceivers\/#primaryimage"},"image":{"@id":"https:\/\/spacebridge.com\/product\/sbtr6030-3w-ku-band-vsat-transceivers\/#primaryimage"},"thumbnailUrl":"https:\/\/spacebridge.com\/wp-content\/uploads\/2022\/02\/Untitled-design-30.png","datePublished":"2022-02-23T15:58:05+00:00","dateModified":"2024-09-12T13:28:59+00:00","description":"SBTR6030 \u2013 3W Ku-band VSAT Transceivers: SpaceBridge\u2019s 3W Ku-band VSAT Transceivers provides a powerful quad SCPC receiver.","breadcrumb":{"@id":"https:\/\/spacebridge.com\/product\/sbtr6030-3w-ku-band-vsat-transceivers\/#breadcrumb"},"inLanguage":"fr-FR","potentialAction":[{"@type":"ReadAction","target":["https:\/\/spacebridge.com\/product\/sbtr6030-3w-ku-band-vsat-transceivers\/"]}]},{"@type":"ImageObject","inLanguage":"fr-FR","@id":"https:\/\/spacebridge.com\/product\/sbtr6030-3w-ku-band-vsat-transceivers\/#primaryimage","url":"https:\/\/spacebridge.com\/wp-content\/uploads\/2022\/02\/Untitled-design-30.png","contentUrl":"https:\/\/spacebridge.com\/wp-content\/uploads\/2022\/02\/Untitled-design-30.png","width":700,"height":700},{"@type":"BreadcrumbList","@id":"https:\/\/spacebridge.com\/product\/sbtr6030-3w-ku-band-vsat-transceivers\/#breadcrumb","itemListElement":[{"@type":"ListItem","position":1,"name":"Home","item":"https:\/\/spacebridge.com\/"},{"@type":"ListItem","position":2,"name":"Products","item":"https:\/\/spacebridge.com\/products\/"},{"@type":"ListItem","position":3,"name":"SBTR6030 \u2013 3W Ku-band VSAT Transceivers"}]},{"@type":"WebSite","@id":"https:\/\/spacebridge.com\/#website","url":"https:\/\/spacebridge.com\/","name":"Spacebridge Inc.","description":"Broadband Satellite Communications Systems","publisher":{"@id":"https:\/\/spacebridge.com\/#organization"},"potentialAction":[{"@type":"SearchAction","target":{"@type":"EntryPoint","urlTemplate":"https:\/\/spacebridge.com\/?s={search_term_string}"},"query-input":{"@type":"PropertyValueSpecification","valueRequired":true,"valueName":"search_term_string"}}],"inLanguage":"fr-FR"},{"@type":"Organization","@id":"https:\/\/spacebridge.com\/#organization","name":"SpaceBridge Inc.","url":"https:\/\/spacebridge.com\/","logo":{"@type":"ImageObject","inLanguage":"fr-FR","@id":"https:\/\/spacebridge.com\/#\/schema\/logo\/image\/","url":"https:\/\/spacebridge.com\/wp-content\/uploads\/2024\/02\/SpaceBridge-logo-no-tagline-full-color-on-white-or-blue.png","contentUrl":"https:\/\/spacebridge.com\/wp-content\/uploads\/2024\/02\/SpaceBridge-logo-no-tagline-full-color-on-white-or-blue.png","width":1474,"height":730,"caption":"SpaceBridge Inc."},"image":{"@id":"https:\/\/spacebridge.com\/#\/schema\/logo\/image\/"},"sameAs":["https:\/\/www.linkedin.com\/company\/spacebridgeinc\/"]}]}},"_links":{"self":[{"href":"https:\/\/spacebridge.com\/fr\/wp-json\/wp\/v2\/product\/6266","targetHints":{"allow":["GET"]}}],"collection":[{"href":"https:\/\/spacebridge.com\/fr\/wp-json\/wp\/v2\/product"}],"about":[{"href":"https:\/\/spacebridge.com\/fr\/wp-json\/wp\/v2\/types\/product"}],"replies":[{"embeddable":true,"href":"https:\/\/spacebridge.com\/fr\/wp-json\/wp\/v2\/comments?post=6266"}],"version-history":[{"count":1,"href":"https:\/\/spacebridge.com\/fr\/wp-json\/wp\/v2\/product\/6266\/revisions"}],"predecessor-version":[{"id":10289,"href":"https:\/\/spacebridge.com\/fr\/wp-json\/wp\/v2\/product\/6266\/revisions\/10289"}],"wp:featuredmedia":[{"embeddable":true,"href":"https:\/\/spacebridge.com\/fr\/wp-json\/wp\/v2\/media\/10607"}],"wp:attachment":[{"href":"https:\/\/spacebridge.com\/fr\/wp-json\/wp\/v2\/media?parent=6266"}],"wp:term":[{"taxonomy":"product_brand","embeddable":true,"href":"https:\/\/spacebridge.com\/fr\/wp-json\/wp\/v2\/product_brand?post=6266"},{"taxonomy":"product_cat","embeddable":true,"href":"https:\/\/spacebridge.com\/fr\/wp-json\/wp\/v2\/product_cat?post=6266"},{"taxonomy":"product_tag","embeddable":true,"href":"https:\/\/spacebridge.com\/fr\/wp-json\/wp\/v2\/product_tag?post=6266"}],"curies":[{"name":"wp","href":"https:\/\/api.w.org\/{rel}","templated":true}]}}