{"id":6264,"date":"2022-02-23T15:27:51","date_gmt":"2022-02-23T15:27:51","guid":{"rendered":"https:\/\/spacebridge.com\/?post_type=product&#038;p=6264"},"modified":"2025-12-09T14:57:12","modified_gmt":"2025-12-09T14:57:12","slug":"u7720-high-performance-networking-satellite-modem-router","status":"publish","type":"product","link":"https:\/\/spacebridge.com\/fr\/produit\/u7720-high-performance-networking-satellite-modem-router\/","title":{"rendered":"U7720 \u2013 Modem\/router satellite r\u00e9seau hautes performances"},"content":{"rendered":"<h3>Pr\u00e9sentation du produit<\/h3>\n<p>U7720 is a high performance networking satellite modem\/router capable of supporting IP speeds of 100Mbps download and up to 15Mbps upload. It supports industry standard OpenAMIP, which when coupled with ESTELLA <a href=\"https:\/\/spacebridge.com\/fr\/maritime\/\">maritime<\/a> multi-beam support and beam switching technology, provides a very effective, robust and secure maritime\/mobility communication solution. A board level solution, supporting single user GigE and MGMT GigE, for integration into ODU terminal is also available. SpaceBridge entry level rackmount satellite modem\/router for high performance L2\/L3 multipurpose multiservice networking applications.<\/p>\n<p>This product is available in the following formats :<br \/>\n\u2022 U7720-60 : montage en rack de faible puissance (&lt;40W RF\/BUC)<br \/>\n\u2022 U7720-120: montage en rack de puissance moyenne (&lt;100W RF\/BUC power) + Quad GigE<br \/>\n\u2022 U7720-ODU: IP67 ferm\u00e9, faible puissance<br \/>\n\u2022 U7720-SA : panneau de niveau autonome<\/p>","protected":false},"excerpt":{"rendered":"<h3>Pr\u00e9sentation du produit<\/h3>\n<p><strong>Modem\/router satellite SpaceBridge d'entr\u00e9e de gamme, mont\u00e9 en rack, pour des applications de mise en r\u00e9seau multiservices polyvalentes L2\/L3 de haute performance.<\/strong><\/p>\n<p>U7720 is a high performance networking satellite modem\/router capable of supporting IP speeds of 100Mbps download and up to 15Mbps upload. U7720 supports industry standard OpenAMIP, which when coupled with ESTELLA maritime multi-beam support and beam switching technology, provides a very effective, robust and secure maritime\/mobility communication solution. A board level solution, supporting single user GigE and MGMT GigE, for integration into ODU terminal is also available.<\/p>\n<p>Le U7720 est disponible dans les formats suivants :<br \/>\n\u2022 U7720-60 : montage en rack de faible puissance (&lt;40W RF\/BUC)<br \/>\n\u2022 U7720-120: montage en rack de puissance moyenne (&lt;100W RF\/BUC power) + Quad GigE<br \/>\n\u2022 U7720-ODU: IP67 ferm\u00e9, faible puissance<br \/>\n\u2022 U7720-SA : panneau de niveau autonome<\/p>","protected":false},"featured_media":6265,"comment_status":"open","ping_status":"closed","template":"","meta":{"_acf_changed":false},"product_brand":[],"product_cat":[168,80,171,170],"product_tag":[118,117,119,120],"class_list":{"0":"post-6264","1":"product","2":"type-product","3":"status-publish","4":"has-post-thumbnail","6":"product_cat-defense-government","7":"product_cat-estella-modems","8":"product_cat-iot","9":"product_cat-mobility","10":"product_tag-cellular-backhaul","11":"product_tag-enterprise-broadband","12":"product_tag-iot","13":"product_tag-mobility","15":"first","16":"instock","17":"shipping-taxable","18":"product-type-simple"},"acf":[],"yoast_head":"<!-- This site is optimized with the Yoast SEO plugin v27.3 - https:\/\/yoast.com\/product\/yoast-seo-wordpress\/ -->\n<title>U7720 \u2013 High-Performance Networking Satellite Modem\/Router<\/title>\n<meta name=\"description\" content=\"U7720 is a high performance networking satellite modem\/router capable of supporting IP speeds of 100Mbps download and up to 15Mbps upload.\" \/>\n<meta name=\"robots\" content=\"index, follow, max-snippet:-1, max-image-preview:large, max-video-preview:-1\" \/>\n<link rel=\"canonical\" href=\"https:\/\/spacebridge.com\/fr\/produit\/u7720-high-performance-networking-satellite-modem-router\/\" \/>\n<meta property=\"og:locale\" content=\"fr_FR\" \/>\n<meta property=\"og:type\" content=\"article\" \/>\n<meta property=\"og:title\" content=\"U7720 \u2013 High-Performance Networking Satellite Modem\/Router\" \/>\n<meta property=\"og:description\" content=\"U7720 is a high performance networking satellite modem\/router capable of supporting IP speeds of 100Mbps download and up to 15Mbps upload.\" \/>\n<meta property=\"og:url\" content=\"https:\/\/spacebridge.com\/fr\/produit\/u7720-high-performance-networking-satellite-modem-router\/\" \/>\n<meta property=\"og:site_name\" content=\"Spacebridge Inc.\" \/>\n<meta property=\"article:modified_time\" content=\"2025-12-09T14:57:12+00:00\" \/>\n<meta property=\"og:image\" content=\"https:\/\/spacebridge.com\/wp-content\/uploads\/2022\/02\/product-website-size-570-x-570-5.png\" \/>\n\t<meta property=\"og:image:width\" content=\"570\" \/>\n\t<meta property=\"og:image:height\" content=\"570\" \/>\n\t<meta property=\"og:image:type\" content=\"image\/png\" \/>\n<meta name=\"twitter:card\" content=\"summary_large_image\" \/>\n<meta name=\"twitter:label1\" content=\"Dur\u00e9e de lecture estim\u00e9e\" \/>\n\t<meta name=\"twitter:data1\" content=\"1 minute\" \/>\n<script type=\"application\/ld+json\" class=\"yoast-schema-graph\">{\"@context\":\"https:\\\/\\\/schema.org\",\"@graph\":[{\"@type\":\"WebPage\",\"@id\":\"https:\\\/\\\/spacebridge.com\\\/product\\\/u7720-high-performance-networking-satellite-modem-router\\\/\",\"url\":\"https:\\\/\\\/spacebridge.com\\\/product\\\/u7720-high-performance-networking-satellite-modem-router\\\/\",\"name\":\"U7720 \u2013 High-Performance Networking Satellite Modem\\\/Router\",\"isPartOf\":{\"@id\":\"https:\\\/\\\/spacebridge.com\\\/#website\"},\"primaryImageOfPage\":{\"@id\":\"https:\\\/\\\/spacebridge.com\\\/product\\\/u7720-high-performance-networking-satellite-modem-router\\\/#primaryimage\"},\"image\":{\"@id\":\"https:\\\/\\\/spacebridge.com\\\/product\\\/u7720-high-performance-networking-satellite-modem-router\\\/#primaryimage\"},\"thumbnailUrl\":\"https:\\\/\\\/spacebridge.com\\\/wp-content\\\/uploads\\\/2022\\\/02\\\/product-website-size-570-x-570-5.png\",\"datePublished\":\"2022-02-23T15:27:51+00:00\",\"dateModified\":\"2025-12-09T14:57:12+00:00\",\"description\":\"U7720 is a high performance networking satellite modem\\\/router capable of supporting IP speeds of 100Mbps download and up to 15Mbps upload.\",\"breadcrumb\":{\"@id\":\"https:\\\/\\\/spacebridge.com\\\/product\\\/u7720-high-performance-networking-satellite-modem-router\\\/#breadcrumb\"},\"inLanguage\":\"fr-FR\",\"potentialAction\":[{\"@type\":\"ReadAction\",\"target\":[\"https:\\\/\\\/spacebridge.com\\\/product\\\/u7720-high-performance-networking-satellite-modem-router\\\/\"]}]},{\"@type\":\"ImageObject\",\"inLanguage\":\"fr-FR\",\"@id\":\"https:\\\/\\\/spacebridge.com\\\/product\\\/u7720-high-performance-networking-satellite-modem-router\\\/#primaryimage\",\"url\":\"https:\\\/\\\/spacebridge.com\\\/wp-content\\\/uploads\\\/2022\\\/02\\\/product-website-size-570-x-570-5.png\",\"contentUrl\":\"https:\\\/\\\/spacebridge.com\\\/wp-content\\\/uploads\\\/2022\\\/02\\\/product-website-size-570-x-570-5.png\",\"width\":570,\"height\":570,\"caption\":\"U7720\"},{\"@type\":\"BreadcrumbList\",\"@id\":\"https:\\\/\\\/spacebridge.com\\\/product\\\/u7720-high-performance-networking-satellite-modem-router\\\/#breadcrumb\",\"itemListElement\":[{\"@type\":\"ListItem\",\"position\":1,\"name\":\"Home\",\"item\":\"https:\\\/\\\/spacebridge.com\\\/\"},{\"@type\":\"ListItem\",\"position\":2,\"name\":\"Products\",\"item\":\"https:\\\/\\\/spacebridge.com\\\/products\\\/\"},{\"@type\":\"ListItem\",\"position\":3,\"name\":\"U7720 \u2013 High-Performance Networking Satellite Modem\\\/Router\"}]},{\"@type\":\"WebSite\",\"@id\":\"https:\\\/\\\/spacebridge.com\\\/#website\",\"url\":\"https:\\\/\\\/spacebridge.com\\\/\",\"name\":\"Spacebridge Inc.\",\"description\":\"Broadband Satellite Communications Systems\",\"publisher\":{\"@id\":\"https:\\\/\\\/spacebridge.com\\\/#organization\"},\"potentialAction\":[{\"@type\":\"SearchAction\",\"target\":{\"@type\":\"EntryPoint\",\"urlTemplate\":\"https:\\\/\\\/spacebridge.com\\\/?s={search_term_string}\"},\"query-input\":{\"@type\":\"PropertyValueSpecification\",\"valueRequired\":true,\"valueName\":\"search_term_string\"}}],\"inLanguage\":\"fr-FR\"},{\"@type\":\"Organization\",\"@id\":\"https:\\\/\\\/spacebridge.com\\\/#organization\",\"name\":\"SpaceBridge Inc.\",\"url\":\"https:\\\/\\\/spacebridge.com\\\/\",\"logo\":{\"@type\":\"ImageObject\",\"inLanguage\":\"fr-FR\",\"@id\":\"https:\\\/\\\/spacebridge.com\\\/#\\\/schema\\\/logo\\\/image\\\/\",\"url\":\"https:\\\/\\\/spacebridge.com\\\/wp-content\\\/uploads\\\/2024\\\/02\\\/SpaceBridge-logo-no-tagline-full-color-on-white-or-blue.png\",\"contentUrl\":\"https:\\\/\\\/spacebridge.com\\\/wp-content\\\/uploads\\\/2024\\\/02\\\/SpaceBridge-logo-no-tagline-full-color-on-white-or-blue.png\",\"width\":1474,\"height\":730,\"caption\":\"SpaceBridge Inc.\"},\"image\":{\"@id\":\"https:\\\/\\\/spacebridge.com\\\/#\\\/schema\\\/logo\\\/image\\\/\"},\"sameAs\":[\"https:\\\/\\\/www.linkedin.com\\\/company\\\/spacebridgeinc\\\/\"]}]}<\/script>\n<!-- \/ Yoast SEO plugin. -->","yoast_head_json":{"title":"U7720 \u2013 Modem\/router satellite r\u00e9seau hautes performances","description":"U7720 is a high performance networking satellite modem\/router capable of supporting IP speeds of 100Mbps download and up to 15Mbps upload.","robots":{"index":"index","follow":"follow","max-snippet":"max-snippet:-1","max-image-preview":"max-image-preview:large","max-video-preview":"max-video-preview:-1"},"canonical":"https:\/\/spacebridge.com\/fr\/produit\/u7720-high-performance-networking-satellite-modem-router\/","og_locale":"fr_FR","og_type":"article","og_title":"U7720 \u2013 High-Performance Networking Satellite Modem\/Router","og_description":"U7720 is a high performance networking satellite modem\/router capable of supporting IP speeds of 100Mbps download and up to 15Mbps upload.","og_url":"https:\/\/spacebridge.com\/fr\/produit\/u7720-high-performance-networking-satellite-modem-router\/","og_site_name":"Spacebridge Inc.","article_modified_time":"2025-12-09T14:57:12+00:00","og_image":[{"width":570,"height":570,"url":"https:\/\/spacebridge.com\/wp-content\/uploads\/2022\/02\/product-website-size-570-x-570-5.png","type":"image\/png"}],"twitter_card":"summary_large_image","twitter_misc":{"Dur\u00e9e de lecture estim\u00e9e":"1 minute"},"schema":{"@context":"https:\/\/schema.org","@graph":[{"@type":"WebPage","@id":"https:\/\/spacebridge.com\/product\/u7720-high-performance-networking-satellite-modem-router\/","url":"https:\/\/spacebridge.com\/product\/u7720-high-performance-networking-satellite-modem-router\/","name":"U7720 \u2013 Modem\/router satellite r\u00e9seau hautes performances","isPartOf":{"@id":"https:\/\/spacebridge.com\/#website"},"primaryImageOfPage":{"@id":"https:\/\/spacebridge.com\/product\/u7720-high-performance-networking-satellite-modem-router\/#primaryimage"},"image":{"@id":"https:\/\/spacebridge.com\/product\/u7720-high-performance-networking-satellite-modem-router\/#primaryimage"},"thumbnailUrl":"https:\/\/spacebridge.com\/wp-content\/uploads\/2022\/02\/product-website-size-570-x-570-5.png","datePublished":"2022-02-23T15:27:51+00:00","dateModified":"2025-12-09T14:57:12+00:00","description":"U7720 is a high performance networking satellite modem\/router capable of supporting IP speeds of 100Mbps download and up to 15Mbps upload.","breadcrumb":{"@id":"https:\/\/spacebridge.com\/product\/u7720-high-performance-networking-satellite-modem-router\/#breadcrumb"},"inLanguage":"fr-FR","potentialAction":[{"@type":"ReadAction","target":["https:\/\/spacebridge.com\/product\/u7720-high-performance-networking-satellite-modem-router\/"]}]},{"@type":"ImageObject","inLanguage":"fr-FR","@id":"https:\/\/spacebridge.com\/product\/u7720-high-performance-networking-satellite-modem-router\/#primaryimage","url":"https:\/\/spacebridge.com\/wp-content\/uploads\/2022\/02\/product-website-size-570-x-570-5.png","contentUrl":"https:\/\/spacebridge.com\/wp-content\/uploads\/2022\/02\/product-website-size-570-x-570-5.png","width":570,"height":570,"caption":"U7720"},{"@type":"BreadcrumbList","@id":"https:\/\/spacebridge.com\/product\/u7720-high-performance-networking-satellite-modem-router\/#breadcrumb","itemListElement":[{"@type":"ListItem","position":1,"name":"Home","item":"https:\/\/spacebridge.com\/"},{"@type":"ListItem","position":2,"name":"Products","item":"https:\/\/spacebridge.com\/products\/"},{"@type":"ListItem","position":3,"name":"U7720 \u2013 High-Performance Networking Satellite Modem\/Router"}]},{"@type":"WebSite","@id":"https:\/\/spacebridge.com\/#website","url":"https:\/\/spacebridge.com\/","name":"Spacebridge Inc.","description":"Broadband Satellite Communications Systems","publisher":{"@id":"https:\/\/spacebridge.com\/#organization"},"potentialAction":[{"@type":"SearchAction","target":{"@type":"EntryPoint","urlTemplate":"https:\/\/spacebridge.com\/?s={search_term_string}"},"query-input":{"@type":"PropertyValueSpecification","valueRequired":true,"valueName":"search_term_string"}}],"inLanguage":"fr-FR"},{"@type":"Organization","@id":"https:\/\/spacebridge.com\/#organization","name":"SpaceBridge Inc.","url":"https:\/\/spacebridge.com\/","logo":{"@type":"ImageObject","inLanguage":"fr-FR","@id":"https:\/\/spacebridge.com\/#\/schema\/logo\/image\/","url":"https:\/\/spacebridge.com\/wp-content\/uploads\/2024\/02\/SpaceBridge-logo-no-tagline-full-color-on-white-or-blue.png","contentUrl":"https:\/\/spacebridge.com\/wp-content\/uploads\/2024\/02\/SpaceBridge-logo-no-tagline-full-color-on-white-or-blue.png","width":1474,"height":730,"caption":"SpaceBridge Inc."},"image":{"@id":"https:\/\/spacebridge.com\/#\/schema\/logo\/image\/"},"sameAs":["https:\/\/www.linkedin.com\/company\/spacebridgeinc\/"]}]}},"_links":{"self":[{"href":"https:\/\/spacebridge.com\/fr\/wp-json\/wp\/v2\/product\/6264","targetHints":{"allow":["GET"]}}],"collection":[{"href":"https:\/\/spacebridge.com\/fr\/wp-json\/wp\/v2\/product"}],"about":[{"href":"https:\/\/spacebridge.com\/fr\/wp-json\/wp\/v2\/types\/product"}],"replies":[{"embeddable":true,"href":"https:\/\/spacebridge.com\/fr\/wp-json\/wp\/v2\/comments?post=6264"}],"version-history":[{"count":8,"href":"https:\/\/spacebridge.com\/fr\/wp-json\/wp\/v2\/product\/6264\/revisions"}],"predecessor-version":[{"id":16536,"href":"https:\/\/spacebridge.com\/fr\/wp-json\/wp\/v2\/product\/6264\/revisions\/16536"}],"wp:featuredmedia":[{"embeddable":true,"href":"https:\/\/spacebridge.com\/fr\/wp-json\/wp\/v2\/media\/6265"}],"wp:attachment":[{"href":"https:\/\/spacebridge.com\/fr\/wp-json\/wp\/v2\/media?parent=6264"}],"wp:term":[{"taxonomy":"product_brand","embeddable":true,"href":"https:\/\/spacebridge.com\/fr\/wp-json\/wp\/v2\/product_brand?post=6264"},{"taxonomy":"product_cat","embeddable":true,"href":"https:\/\/spacebridge.com\/fr\/wp-json\/wp\/v2\/product_cat?post=6264"},{"taxonomy":"product_tag","embeddable":true,"href":"https:\/\/spacebridge.com\/fr\/wp-json\/wp\/v2\/product_tag?post=6264"}],"curies":[{"name":"wp","href":"https:\/\/api.w.org\/{rel}","templated":true}]}}