{"id":6232,"date":"2022-02-22T21:14:00","date_gmt":"2022-02-22T21:14:00","guid":{"rendered":"https:\/\/spacebridge.com\/?post_type=product&#038;p=6232"},"modified":"2025-12-04T16:26:16","modified_gmt":"2025-12-04T16:26:16","slug":"c7700-3","status":"publish","type":"product","link":"https:\/\/spacebridge.com\/fr\/produit\/c7700-3\/","title":{"rendered":"Router VSAT haut d\u00e9bit HTS de bureau C7700"},"content":{"rendered":"<h3>Pr\u00e9sentation du produit<\/h3>\n<p>Le C7700 est un modem satellite pour l'Internet \u00e0 large bande. L'unit\u00e9 regroupe un riche ensemble de fonctions et de puissantes capacit\u00e9s de performance dans un appareil compact de modem satellite de bureau.<\/p>\n<p>The modem optimizes the next-generation High-Throughput-Satellite (HTS) systems. It provides high download and upload speeds, TCP\/IP and HTTP acceleration, user traffic compression and QoS capabilities,\u00a0 delivering true broadband Internet experience.<\/p>\n<p>The C7700 designs around a System on Chip (SoC) architecture. It provides the power of Software Defined Radio (SDR) and allows flexibility of future waveform adaptation and customization.<\/p>","protected":false},"excerpt":{"rendered":"<h3>Pr\u00e9sentation du produit<\/h3>\n<p>Le C7700 est un modem satellite pour l'Internet \u00e0 large bande. L'unit\u00e9 regroupe un riche ensemble de fonctions et de puissantes capacit\u00e9s de performance dans un appareil compact de modem satellite de bureau.<\/p>\n<p>Le modem est optimis\u00e9 pour les syst\u00e8mes satellitaires \u00e0 haut d\u00e9bit (HTS) de la prochaine g\u00e9n\u00e9ration. Il offre des vitesses \u00e9lev\u00e9es de t\u00e9l\u00e9chargement en aval et en amont, une acc\u00e9l\u00e9ration TCP\/IP et HTTP, une compression du trafic utilisateur et des capacit\u00e9s de qualit\u00e9 de service, pour une v\u00e9ritable exp\u00e9rience Internet \u00e0 large bande.<\/p>\n<p>Le C7700 est con\u00e7u autour d'une architecture System on Chip (SoC) offrant la puissance de la radio logicielle (SDR) et permettant la flexibilit\u00e9 de l'adaptation et de la personnalisation des formes d'ondes futures.<\/p>","protected":false},"featured_media":6257,"comment_status":"open","ping_status":"closed","template":"","meta":{"_acf_changed":false},"product_brand":[],"product_cat":[167,80,171],"product_tag":[118,117,119],"class_list":{"0":"post-6232","1":"product","2":"type-product","3":"status-publish","4":"has-post-thumbnail","6":"product_cat-enterprise-broadband","7":"product_cat-estella-modems","8":"product_cat-iot","9":"product_tag-cellular-backhaul","10":"product_tag-enterprise-broadband","11":"product_tag-iot","13":"first","14":"instock","15":"shipping-taxable","16":"product-type-simple"},"acf":[],"yoast_head":"<!-- This site is optimized with the Yoast SEO plugin v27.4 - https:\/\/yoast.com\/product\/yoast-seo-wordpress\/ -->\n<title>C7700 Desktop HTS Broadband VSAT Router - Spacebridge Inc.<\/title>\n<meta name=\"description\" content=\"C7700 is a broadband Internet satellite modem. The unit packs a rich set and powerful performance capabilities into compact desktop.\" \/>\n<meta name=\"robots\" content=\"index, follow, max-snippet:-1, max-image-preview:large, max-video-preview:-1\" \/>\n<link rel=\"canonical\" href=\"https:\/\/spacebridge.com\/fr\/produit\/c7700-3\/\" \/>\n<meta property=\"og:locale\" content=\"fr_FR\" \/>\n<meta property=\"og:type\" content=\"article\" \/>\n<meta property=\"og:title\" content=\"C7700 Desktop HTS Broadband VSAT Router - Spacebridge Inc.\" \/>\n<meta property=\"og:description\" content=\"C7700 is a broadband Internet satellite modem. The unit packs a rich set and powerful performance capabilities into compact desktop.\" \/>\n<meta property=\"og:url\" content=\"https:\/\/spacebridge.com\/fr\/produit\/c7700-3\/\" \/>\n<meta property=\"og:site_name\" content=\"Spacebridge Inc.\" \/>\n<meta property=\"article:modified_time\" content=\"2025-12-04T16:26:16+00:00\" \/>\n<meta property=\"og:image\" content=\"https:\/\/spacebridge.com\/wp-content\/uploads\/2022\/02\/product-website-size-570-x-570.png\" \/>\n\t<meta property=\"og:image:width\" content=\"570\" \/>\n\t<meta property=\"og:image:height\" content=\"570\" \/>\n\t<meta property=\"og:image:type\" content=\"image\/png\" \/>\n<meta name=\"twitter:card\" content=\"summary_large_image\" \/>\n<meta name=\"twitter:label1\" content=\"Dur\u00e9e de lecture estim\u00e9e\" \/>\n\t<meta name=\"twitter:data1\" content=\"1 minute\" \/>\n<script type=\"application\/ld+json\" class=\"yoast-schema-graph\">{\"@context\":\"https:\\\/\\\/schema.org\",\"@graph\":[{\"@type\":\"WebPage\",\"@id\":\"https:\\\/\\\/spacebridge.com\\\/product\\\/c7700-3\\\/\",\"url\":\"https:\\\/\\\/spacebridge.com\\\/product\\\/c7700-3\\\/\",\"name\":\"C7700 Desktop HTS Broadband VSAT Router - Spacebridge Inc.\",\"isPartOf\":{\"@id\":\"https:\\\/\\\/spacebridge.com\\\/#website\"},\"primaryImageOfPage\":{\"@id\":\"https:\\\/\\\/spacebridge.com\\\/product\\\/c7700-3\\\/#primaryimage\"},\"image\":{\"@id\":\"https:\\\/\\\/spacebridge.com\\\/product\\\/c7700-3\\\/#primaryimage\"},\"thumbnailUrl\":\"https:\\\/\\\/spacebridge.com\\\/wp-content\\\/uploads\\\/2022\\\/02\\\/product-website-size-570-x-570.png\",\"datePublished\":\"2022-02-22T21:14:00+00:00\",\"dateModified\":\"2025-12-04T16:26:16+00:00\",\"description\":\"C7700 is a broadband Internet satellite modem. The unit packs a rich set and powerful performance capabilities into compact desktop.\",\"breadcrumb\":{\"@id\":\"https:\\\/\\\/spacebridge.com\\\/product\\\/c7700-3\\\/#breadcrumb\"},\"inLanguage\":\"fr-FR\",\"potentialAction\":[{\"@type\":\"ReadAction\",\"target\":[\"https:\\\/\\\/spacebridge.com\\\/product\\\/c7700-3\\\/\"]}]},{\"@type\":\"ImageObject\",\"inLanguage\":\"fr-FR\",\"@id\":\"https:\\\/\\\/spacebridge.com\\\/product\\\/c7700-3\\\/#primaryimage\",\"url\":\"https:\\\/\\\/spacebridge.com\\\/wp-content\\\/uploads\\\/2022\\\/02\\\/product-website-size-570-x-570.png\",\"contentUrl\":\"https:\\\/\\\/spacebridge.com\\\/wp-content\\\/uploads\\\/2022\\\/02\\\/product-website-size-570-x-570.png\",\"width\":570,\"height\":570,\"caption\":\"C7700\"},{\"@type\":\"BreadcrumbList\",\"@id\":\"https:\\\/\\\/spacebridge.com\\\/product\\\/c7700-3\\\/#breadcrumb\",\"itemListElement\":[{\"@type\":\"ListItem\",\"position\":1,\"name\":\"Home\",\"item\":\"https:\\\/\\\/spacebridge.com\\\/\"},{\"@type\":\"ListItem\",\"position\":2,\"name\":\"Products\",\"item\":\"https:\\\/\\\/spacebridge.com\\\/products\\\/\"},{\"@type\":\"ListItem\",\"position\":3,\"name\":\"C7700 Desktop HTS Broadband VSAT Router\"}]},{\"@type\":\"WebSite\",\"@id\":\"https:\\\/\\\/spacebridge.com\\\/#website\",\"url\":\"https:\\\/\\\/spacebridge.com\\\/\",\"name\":\"Spacebridge Inc.\",\"description\":\"Broadband Satellite Communications Systems\",\"publisher\":{\"@id\":\"https:\\\/\\\/spacebridge.com\\\/#organization\"},\"potentialAction\":[{\"@type\":\"SearchAction\",\"target\":{\"@type\":\"EntryPoint\",\"urlTemplate\":\"https:\\\/\\\/spacebridge.com\\\/?s={search_term_string}\"},\"query-input\":{\"@type\":\"PropertyValueSpecification\",\"valueRequired\":true,\"valueName\":\"search_term_string\"}}],\"inLanguage\":\"fr-FR\"},{\"@type\":\"Organization\",\"@id\":\"https:\\\/\\\/spacebridge.com\\\/#organization\",\"name\":\"SpaceBridge Inc.\",\"url\":\"https:\\\/\\\/spacebridge.com\\\/\",\"logo\":{\"@type\":\"ImageObject\",\"inLanguage\":\"fr-FR\",\"@id\":\"https:\\\/\\\/spacebridge.com\\\/#\\\/schema\\\/logo\\\/image\\\/\",\"url\":\"https:\\\/\\\/spacebridge.com\\\/wp-content\\\/uploads\\\/2024\\\/02\\\/SpaceBridge-logo-no-tagline-full-color-on-white-or-blue.png\",\"contentUrl\":\"https:\\\/\\\/spacebridge.com\\\/wp-content\\\/uploads\\\/2024\\\/02\\\/SpaceBridge-logo-no-tagline-full-color-on-white-or-blue.png\",\"width\":1474,\"height\":730,\"caption\":\"SpaceBridge Inc.\"},\"image\":{\"@id\":\"https:\\\/\\\/spacebridge.com\\\/#\\\/schema\\\/logo\\\/image\\\/\"},\"sameAs\":[\"https:\\\/\\\/www.linkedin.com\\\/company\\\/spacebridgeinc\\\/\"]}]}<\/script>\n<!-- \/ Yoast SEO plugin. -->","yoast_head_json":{"title":"C7700 Desktop HTS Broadband VSAT Router - Spacebridge Inc.","description":"C7700 is a broadband Internet satellite modem. The unit packs a rich set and powerful performance capabilities into compact desktop.","robots":{"index":"index","follow":"follow","max-snippet":"max-snippet:-1","max-image-preview":"max-image-preview:large","max-video-preview":"max-video-preview:-1"},"canonical":"https:\/\/spacebridge.com\/fr\/produit\/c7700-3\/","og_locale":"fr_FR","og_type":"article","og_title":"C7700 Desktop HTS Broadband VSAT Router - Spacebridge Inc.","og_description":"C7700 is a broadband Internet satellite modem. The unit packs a rich set and powerful performance capabilities into compact desktop.","og_url":"https:\/\/spacebridge.com\/fr\/produit\/c7700-3\/","og_site_name":"Spacebridge Inc.","article_modified_time":"2025-12-04T16:26:16+00:00","og_image":[{"width":570,"height":570,"url":"https:\/\/spacebridge.com\/wp-content\/uploads\/2022\/02\/product-website-size-570-x-570.png","type":"image\/png"}],"twitter_card":"summary_large_image","twitter_misc":{"Dur\u00e9e de lecture estim\u00e9e":"1 minute"},"schema":{"@context":"https:\/\/schema.org","@graph":[{"@type":"WebPage","@id":"https:\/\/spacebridge.com\/product\/c7700-3\/","url":"https:\/\/spacebridge.com\/product\/c7700-3\/","name":"C7700 Desktop HTS Broadband VSAT Router - Spacebridge Inc.","isPartOf":{"@id":"https:\/\/spacebridge.com\/#website"},"primaryImageOfPage":{"@id":"https:\/\/spacebridge.com\/product\/c7700-3\/#primaryimage"},"image":{"@id":"https:\/\/spacebridge.com\/product\/c7700-3\/#primaryimage"},"thumbnailUrl":"https:\/\/spacebridge.com\/wp-content\/uploads\/2022\/02\/product-website-size-570-x-570.png","datePublished":"2022-02-22T21:14:00+00:00","dateModified":"2025-12-04T16:26:16+00:00","description":"C7700 is a broadband Internet satellite modem. The unit packs a rich set and powerful performance capabilities into compact desktop.","breadcrumb":{"@id":"https:\/\/spacebridge.com\/product\/c7700-3\/#breadcrumb"},"inLanguage":"fr-FR","potentialAction":[{"@type":"ReadAction","target":["https:\/\/spacebridge.com\/product\/c7700-3\/"]}]},{"@type":"ImageObject","inLanguage":"fr-FR","@id":"https:\/\/spacebridge.com\/product\/c7700-3\/#primaryimage","url":"https:\/\/spacebridge.com\/wp-content\/uploads\/2022\/02\/product-website-size-570-x-570.png","contentUrl":"https:\/\/spacebridge.com\/wp-content\/uploads\/2022\/02\/product-website-size-570-x-570.png","width":570,"height":570,"caption":"C7700"},{"@type":"BreadcrumbList","@id":"https:\/\/spacebridge.com\/product\/c7700-3\/#breadcrumb","itemListElement":[{"@type":"ListItem","position":1,"name":"Home","item":"https:\/\/spacebridge.com\/"},{"@type":"ListItem","position":2,"name":"Products","item":"https:\/\/spacebridge.com\/products\/"},{"@type":"ListItem","position":3,"name":"C7700 Desktop HTS Broadband VSAT Router"}]},{"@type":"WebSite","@id":"https:\/\/spacebridge.com\/#website","url":"https:\/\/spacebridge.com\/","name":"Spacebridge Inc.","description":"Broadband Satellite Communications Systems","publisher":{"@id":"https:\/\/spacebridge.com\/#organization"},"potentialAction":[{"@type":"SearchAction","target":{"@type":"EntryPoint","urlTemplate":"https:\/\/spacebridge.com\/?s={search_term_string}"},"query-input":{"@type":"PropertyValueSpecification","valueRequired":true,"valueName":"search_term_string"}}],"inLanguage":"fr-FR"},{"@type":"Organization","@id":"https:\/\/spacebridge.com\/#organization","name":"SpaceBridge Inc.","url":"https:\/\/spacebridge.com\/","logo":{"@type":"ImageObject","inLanguage":"fr-FR","@id":"https:\/\/spacebridge.com\/#\/schema\/logo\/image\/","url":"https:\/\/spacebridge.com\/wp-content\/uploads\/2024\/02\/SpaceBridge-logo-no-tagline-full-color-on-white-or-blue.png","contentUrl":"https:\/\/spacebridge.com\/wp-content\/uploads\/2024\/02\/SpaceBridge-logo-no-tagline-full-color-on-white-or-blue.png","width":1474,"height":730,"caption":"SpaceBridge Inc."},"image":{"@id":"https:\/\/spacebridge.com\/#\/schema\/logo\/image\/"},"sameAs":["https:\/\/www.linkedin.com\/company\/spacebridgeinc\/"]}]}},"_links":{"self":[{"href":"https:\/\/spacebridge.com\/fr\/wp-json\/wp\/v2\/product\/6232","targetHints":{"allow":["GET"]}}],"collection":[{"href":"https:\/\/spacebridge.com\/fr\/wp-json\/wp\/v2\/product"}],"about":[{"href":"https:\/\/spacebridge.com\/fr\/wp-json\/wp\/v2\/types\/product"}],"replies":[{"embeddable":true,"href":"https:\/\/spacebridge.com\/fr\/wp-json\/wp\/v2\/comments?post=6232"}],"version-history":[{"count":3,"href":"https:\/\/spacebridge.com\/fr\/wp-json\/wp\/v2\/product\/6232\/revisions"}],"predecessor-version":[{"id":16518,"href":"https:\/\/spacebridge.com\/fr\/wp-json\/wp\/v2\/product\/6232\/revisions\/16518"}],"wp:featuredmedia":[{"embeddable":true,"href":"https:\/\/spacebridge.com\/fr\/wp-json\/wp\/v2\/media\/6257"}],"wp:attachment":[{"href":"https:\/\/spacebridge.com\/fr\/wp-json\/wp\/v2\/media?parent=6232"}],"wp:term":[{"taxonomy":"product_brand","embeddable":true,"href":"https:\/\/spacebridge.com\/fr\/wp-json\/wp\/v2\/product_brand?post=6232"},{"taxonomy":"product_cat","embeddable":true,"href":"https:\/\/spacebridge.com\/fr\/wp-json\/wp\/v2\/product_cat?post=6232"},{"taxonomy":"product_tag","embeddable":true,"href":"https:\/\/spacebridge.com\/fr\/wp-json\/wp\/v2\/product_tag?post=6232"}],"curies":[{"name":"wp","href":"https:\/\/api.w.org\/{rel}","templated":true}]}}