{"id":16505,"date":"2025-12-02T21:09:17","date_gmt":"2025-12-02T21:09:17","guid":{"rendered":"https:\/\/spacebridge.com\/?post_type=product&#038;p=16505"},"modified":"2025-12-02T21:10:20","modified_gmt":"2025-12-02T21:10:20","slug":"60w-x-band-outdoor-multicarrier-gen-iii-gan-buc","status":"publish","type":"product","link":"https:\/\/spacebridge.com\/fr\/produit\/60w-x-band-outdoor-multicarrier-gen-iii-gan-buc\/","title":{"rendered":"60 W BUC GaN ext\u00e9rieur multicarrier bande X \u2013 Gen III"},"content":{"rendered":"","protected":false},"excerpt":{"rendered":"<p><b>Le BUC ext\u00e9rieur compact et puissant de 60 W, \u00e9quip\u00e9 de la technologie GaN de troisi\u00e8me g\u00e9n\u00e9ration de pointe, <\/b><b>GaN<\/b><b> offre des performances exceptionnelles : haute lin\u00e9arit\u00e9, grande efficacit\u00e9 et fiabilit\u00e9 pour les applications monoporteuse ou multiporteuse, ainsi que pour les applications mobiles et FSS.<\/b><\/p>\n<p>L'appareil offre une large gamme de capacit\u00e9s de surveillance et de contr\u00f4le, toutes facilement accessibles via Ethernet, les interfaces s\u00e9rie RS232 et RS485 et les contacts secs. Il s'agit de la meilleure solution de sa cat\u00e9gorie pour toutes les applications mobiles ou fixes exigeantes con\u00e7ues pour une installation en ext\u00e9rieur. Mont\u00e9e \u00e0 courte distance de l'alimentation de l'antenne, cette unit\u00e9 am\u00e9liore consid\u00e9rablement le bilan de liaison, car il n'y a pas de perte RF W\/G par rapport aux unit\u00e9s int\u00e9rieures, install\u00e9es dans un abri. Ce dispositif ne n\u00e9cessite pas de climatisation suppl\u00e9mentaire, ni d'abri, car il est class\u00e9 IP67 pour la protection contre les intrusions.<\/p>","protected":false},"featured_media":16044,"comment_status":"open","ping_status":"closed","template":"","meta":{"_acf_changed":false},"product_brand":[],"product_cat":[173],"product_tag":[],"class_list":{"0":"post-16505","1":"product","2":"type-product","3":"status-publish","4":"has-post-thumbnail","6":"product_cat-rf-hpa-buc","8":"first","9":"instock","10":"shipping-taxable","11":"product-type-simple"},"acf":[],"yoast_head":"<!-- This site is optimized with the Yoast SEO plugin v27.3 - https:\/\/yoast.com\/product\/yoast-seo-wordpress\/ -->\n<title>60W X-band Outdoor Multicarrier Gen III GaN BUC - Spacebridge Inc.<\/title>\n<meta name=\"robots\" content=\"index, follow, max-snippet:-1, max-image-preview:large, max-video-preview:-1\" \/>\n<link rel=\"canonical\" href=\"https:\/\/spacebridge.com\/fr\/produit\/60w-x-band-outdoor-multicarrier-gen-iii-gan-buc\/\" \/>\n<meta property=\"og:locale\" content=\"fr_FR\" \/>\n<meta property=\"og:type\" content=\"article\" \/>\n<meta property=\"og:title\" content=\"60W X-band Outdoor Multicarrier Gen III GaN BUC - Spacebridge Inc.\" \/>\n<meta property=\"og:description\" content=\"The compact and powerful 60W Outdoor BUC, equipped with cutting-edge third generation GaN technology, offers exceptional\u00a0 performance: high linearity, efficiency reliability for Single or Multicarrier Applications for Mobile and FSS applications  The device offers a wide range of monitoring and control capabilities, all easily accessible through Ethernet, serial RS232 and RS485 interfaces and dry contacts. It&#039;s the best-in-class solution for any demanding mobile or fixed applications designed for all-outdoor installation. Mounted at the short distance from antenna feed, this unit significantly improves the Link Budget, as there is no W\/G RF Loss compared to the indoor units, installed in a shelter. This device does not require the additional air conditioning, or shelter, as it IP67 rated for ingress protection.\" \/>\n<meta property=\"og:url\" content=\"https:\/\/spacebridge.com\/fr\/produit\/60w-x-band-outdoor-multicarrier-gen-iii-gan-buc\/\" \/>\n<meta property=\"og:site_name\" content=\"Spacebridge Inc.\" \/>\n<meta property=\"article:modified_time\" content=\"2025-12-02T21:10:20+00:00\" \/>\n<meta property=\"og:image\" content=\"https:\/\/spacebridge.com\/wp-content\/uploads\/2025\/05\/BUC-army-green-2-with-logo-scaled.png\" \/>\n\t<meta property=\"og:image:width\" content=\"2560\" \/>\n\t<meta property=\"og:image:height\" content=\"2560\" \/>\n\t<meta property=\"og:image:type\" content=\"image\/png\" \/>\n<meta name=\"twitter:card\" content=\"summary_large_image\" \/>\n<script type=\"application\/ld+json\" class=\"yoast-schema-graph\">{\"@context\":\"https:\\\/\\\/schema.org\",\"@graph\":[{\"@type\":\"WebPage\",\"@id\":\"https:\\\/\\\/spacebridge.com\\\/product\\\/60w-x-band-outdoor-multicarrier-gen-iii-gan-buc\\\/\",\"url\":\"https:\\\/\\\/spacebridge.com\\\/product\\\/60w-x-band-outdoor-multicarrier-gen-iii-gan-buc\\\/\",\"name\":\"60W X-band Outdoor Multicarrier Gen III GaN BUC - Spacebridge Inc.\",\"isPartOf\":{\"@id\":\"https:\\\/\\\/spacebridge.com\\\/#website\"},\"primaryImageOfPage\":{\"@id\":\"https:\\\/\\\/spacebridge.com\\\/product\\\/60w-x-band-outdoor-multicarrier-gen-iii-gan-buc\\\/#primaryimage\"},\"image\":{\"@id\":\"https:\\\/\\\/spacebridge.com\\\/product\\\/60w-x-band-outdoor-multicarrier-gen-iii-gan-buc\\\/#primaryimage\"},\"thumbnailUrl\":\"https:\\\/\\\/spacebridge.com\\\/wp-content\\\/uploads\\\/2025\\\/05\\\/BUC-army-green-2-with-logo-scaled.png\",\"datePublished\":\"2025-12-02T21:09:17+00:00\",\"dateModified\":\"2025-12-02T21:10:20+00:00\",\"breadcrumb\":{\"@id\":\"https:\\\/\\\/spacebridge.com\\\/product\\\/60w-x-band-outdoor-multicarrier-gen-iii-gan-buc\\\/#breadcrumb\"},\"inLanguage\":\"fr-FR\",\"potentialAction\":[{\"@type\":\"ReadAction\",\"target\":[\"https:\\\/\\\/spacebridge.com\\\/product\\\/60w-x-band-outdoor-multicarrier-gen-iii-gan-buc\\\/\"]}]},{\"@type\":\"ImageObject\",\"inLanguage\":\"fr-FR\",\"@id\":\"https:\\\/\\\/spacebridge.com\\\/product\\\/60w-x-band-outdoor-multicarrier-gen-iii-gan-buc\\\/#primaryimage\",\"url\":\"https:\\\/\\\/spacebridge.com\\\/wp-content\\\/uploads\\\/2025\\\/05\\\/BUC-army-green-2-with-logo-scaled.png\",\"contentUrl\":\"https:\\\/\\\/spacebridge.com\\\/wp-content\\\/uploads\\\/2025\\\/05\\\/BUC-army-green-2-with-logo-scaled.png\",\"width\":2560,\"height\":2560},{\"@type\":\"BreadcrumbList\",\"@id\":\"https:\\\/\\\/spacebridge.com\\\/product\\\/60w-x-band-outdoor-multicarrier-gen-iii-gan-buc\\\/#breadcrumb\",\"itemListElement\":[{\"@type\":\"ListItem\",\"position\":1,\"name\":\"Home\",\"item\":\"https:\\\/\\\/spacebridge.com\\\/\"},{\"@type\":\"ListItem\",\"position\":2,\"name\":\"Products\",\"item\":\"https:\\\/\\\/spacebridge.com\\\/products\\\/\"},{\"@type\":\"ListItem\",\"position\":3,\"name\":\"60W X-band Outdoor Multicarrier Gen III GaN BUC\"}]},{\"@type\":\"WebSite\",\"@id\":\"https:\\\/\\\/spacebridge.com\\\/#website\",\"url\":\"https:\\\/\\\/spacebridge.com\\\/\",\"name\":\"Spacebridge Inc.\",\"description\":\"Broadband Satellite Communications Systems\",\"publisher\":{\"@id\":\"https:\\\/\\\/spacebridge.com\\\/#organization\"},\"potentialAction\":[{\"@type\":\"SearchAction\",\"target\":{\"@type\":\"EntryPoint\",\"urlTemplate\":\"https:\\\/\\\/spacebridge.com\\\/?s={search_term_string}\"},\"query-input\":{\"@type\":\"PropertyValueSpecification\",\"valueRequired\":true,\"valueName\":\"search_term_string\"}}],\"inLanguage\":\"fr-FR\"},{\"@type\":\"Organization\",\"@id\":\"https:\\\/\\\/spacebridge.com\\\/#organization\",\"name\":\"SpaceBridge Inc.\",\"url\":\"https:\\\/\\\/spacebridge.com\\\/\",\"logo\":{\"@type\":\"ImageObject\",\"inLanguage\":\"fr-FR\",\"@id\":\"https:\\\/\\\/spacebridge.com\\\/#\\\/schema\\\/logo\\\/image\\\/\",\"url\":\"https:\\\/\\\/spacebridge.com\\\/wp-content\\\/uploads\\\/2024\\\/02\\\/SpaceBridge-logo-no-tagline-full-color-on-white-or-blue.png\",\"contentUrl\":\"https:\\\/\\\/spacebridge.com\\\/wp-content\\\/uploads\\\/2024\\\/02\\\/SpaceBridge-logo-no-tagline-full-color-on-white-or-blue.png\",\"width\":1474,\"height\":730,\"caption\":\"SpaceBridge Inc.\"},\"image\":{\"@id\":\"https:\\\/\\\/spacebridge.com\\\/#\\\/schema\\\/logo\\\/image\\\/\"},\"sameAs\":[\"https:\\\/\\\/www.linkedin.com\\\/company\\\/spacebridgeinc\\\/\"]}]}<\/script>\n<!-- \/ Yoast SEO plugin. -->","yoast_head_json":{"title":"60W X-band Outdoor Multicarrier Gen III GaN BUC - Spacebridge Inc.","robots":{"index":"index","follow":"follow","max-snippet":"max-snippet:-1","max-image-preview":"max-image-preview:large","max-video-preview":"max-video-preview:-1"},"canonical":"https:\/\/spacebridge.com\/fr\/produit\/60w-x-band-outdoor-multicarrier-gen-iii-gan-buc\/","og_locale":"fr_FR","og_type":"article","og_title":"60W X-band Outdoor Multicarrier Gen III GaN BUC - Spacebridge Inc.","og_description":"The compact and powerful 60W Outdoor BUC, equipped with cutting-edge third generation GaN technology, offers exceptional\u00a0 performance: high linearity, efficiency reliability for Single or Multicarrier Applications for Mobile and FSS applications  The device offers a wide range of monitoring and control capabilities, all easily accessible through Ethernet, serial RS232 and RS485 interfaces and dry contacts. It's the best-in-class solution for any demanding mobile or fixed applications designed for all-outdoor installation. Mounted at the short distance from antenna feed, this unit significantly improves the Link Budget, as there is no W\/G RF Loss compared to the indoor units, installed in a shelter. This device does not require the additional air conditioning, or shelter, as it IP67 rated for ingress protection.","og_url":"https:\/\/spacebridge.com\/fr\/produit\/60w-x-band-outdoor-multicarrier-gen-iii-gan-buc\/","og_site_name":"Spacebridge Inc.","article_modified_time":"2025-12-02T21:10:20+00:00","og_image":[{"width":2560,"height":2560,"url":"https:\/\/spacebridge.com\/wp-content\/uploads\/2025\/05\/BUC-army-green-2-with-logo-scaled.png","type":"image\/png"}],"twitter_card":"summary_large_image","schema":{"@context":"https:\/\/schema.org","@graph":[{"@type":"WebPage","@id":"https:\/\/spacebridge.com\/product\/60w-x-band-outdoor-multicarrier-gen-iii-gan-buc\/","url":"https:\/\/spacebridge.com\/product\/60w-x-band-outdoor-multicarrier-gen-iii-gan-buc\/","name":"60W X-band Outdoor Multicarrier Gen III GaN BUC - Spacebridge Inc.","isPartOf":{"@id":"https:\/\/spacebridge.com\/#website"},"primaryImageOfPage":{"@id":"https:\/\/spacebridge.com\/product\/60w-x-band-outdoor-multicarrier-gen-iii-gan-buc\/#primaryimage"},"image":{"@id":"https:\/\/spacebridge.com\/product\/60w-x-band-outdoor-multicarrier-gen-iii-gan-buc\/#primaryimage"},"thumbnailUrl":"https:\/\/spacebridge.com\/wp-content\/uploads\/2025\/05\/BUC-army-green-2-with-logo-scaled.png","datePublished":"2025-12-02T21:09:17+00:00","dateModified":"2025-12-02T21:10:20+00:00","breadcrumb":{"@id":"https:\/\/spacebridge.com\/product\/60w-x-band-outdoor-multicarrier-gen-iii-gan-buc\/#breadcrumb"},"inLanguage":"fr-FR","potentialAction":[{"@type":"ReadAction","target":["https:\/\/spacebridge.com\/product\/60w-x-band-outdoor-multicarrier-gen-iii-gan-buc\/"]}]},{"@type":"ImageObject","inLanguage":"fr-FR","@id":"https:\/\/spacebridge.com\/product\/60w-x-band-outdoor-multicarrier-gen-iii-gan-buc\/#primaryimage","url":"https:\/\/spacebridge.com\/wp-content\/uploads\/2025\/05\/BUC-army-green-2-with-logo-scaled.png","contentUrl":"https:\/\/spacebridge.com\/wp-content\/uploads\/2025\/05\/BUC-army-green-2-with-logo-scaled.png","width":2560,"height":2560},{"@type":"BreadcrumbList","@id":"https:\/\/spacebridge.com\/product\/60w-x-band-outdoor-multicarrier-gen-iii-gan-buc\/#breadcrumb","itemListElement":[{"@type":"ListItem","position":1,"name":"Home","item":"https:\/\/spacebridge.com\/"},{"@type":"ListItem","position":2,"name":"Products","item":"https:\/\/spacebridge.com\/products\/"},{"@type":"ListItem","position":3,"name":"60W X-band Outdoor Multicarrier Gen III GaN BUC"}]},{"@type":"WebSite","@id":"https:\/\/spacebridge.com\/#website","url":"https:\/\/spacebridge.com\/","name":"Spacebridge Inc.","description":"Broadband Satellite Communications Systems","publisher":{"@id":"https:\/\/spacebridge.com\/#organization"},"potentialAction":[{"@type":"SearchAction","target":{"@type":"EntryPoint","urlTemplate":"https:\/\/spacebridge.com\/?s={search_term_string}"},"query-input":{"@type":"PropertyValueSpecification","valueRequired":true,"valueName":"search_term_string"}}],"inLanguage":"fr-FR"},{"@type":"Organization","@id":"https:\/\/spacebridge.com\/#organization","name":"SpaceBridge Inc.","url":"https:\/\/spacebridge.com\/","logo":{"@type":"ImageObject","inLanguage":"fr-FR","@id":"https:\/\/spacebridge.com\/#\/schema\/logo\/image\/","url":"https:\/\/spacebridge.com\/wp-content\/uploads\/2024\/02\/SpaceBridge-logo-no-tagline-full-color-on-white-or-blue.png","contentUrl":"https:\/\/spacebridge.com\/wp-content\/uploads\/2024\/02\/SpaceBridge-logo-no-tagline-full-color-on-white-or-blue.png","width":1474,"height":730,"caption":"SpaceBridge Inc."},"image":{"@id":"https:\/\/spacebridge.com\/#\/schema\/logo\/image\/"},"sameAs":["https:\/\/www.linkedin.com\/company\/spacebridgeinc\/"]}]}},"_links":{"self":[{"href":"https:\/\/spacebridge.com\/fr\/wp-json\/wp\/v2\/product\/16505","targetHints":{"allow":["GET"]}}],"collection":[{"href":"https:\/\/spacebridge.com\/fr\/wp-json\/wp\/v2\/product"}],"about":[{"href":"https:\/\/spacebridge.com\/fr\/wp-json\/wp\/v2\/types\/product"}],"replies":[{"embeddable":true,"href":"https:\/\/spacebridge.com\/fr\/wp-json\/wp\/v2\/comments?post=16505"}],"version-history":[{"count":1,"href":"https:\/\/spacebridge.com\/fr\/wp-json\/wp\/v2\/product\/16505\/revisions"}],"predecessor-version":[{"id":16506,"href":"https:\/\/spacebridge.com\/fr\/wp-json\/wp\/v2\/product\/16505\/revisions\/16506"}],"wp:featuredmedia":[{"embeddable":true,"href":"https:\/\/spacebridge.com\/fr\/wp-json\/wp\/v2\/media\/16044"}],"wp:attachment":[{"href":"https:\/\/spacebridge.com\/fr\/wp-json\/wp\/v2\/media?parent=16505"}],"wp:term":[{"taxonomy":"product_brand","embeddable":true,"href":"https:\/\/spacebridge.com\/fr\/wp-json\/wp\/v2\/product_brand?post=16505"},{"taxonomy":"product_cat","embeddable":true,"href":"https:\/\/spacebridge.com\/fr\/wp-json\/wp\/v2\/product_cat?post=16505"},{"taxonomy":"product_tag","embeddable":true,"href":"https:\/\/spacebridge.com\/fr\/wp-json\/wp\/v2\/product_tag?post=16505"}],"curies":[{"name":"wp","href":"https:\/\/api.w.org\/{rel}","templated":true}]}}