{"id":16244,"date":"2025-10-15T17:29:34","date_gmt":"2025-10-15T17:29:34","guid":{"rendered":"https:\/\/spacebridge.com\/?post_type=product&#038;p=16244"},"modified":"2025-10-15T17:35:14","modified_gmt":"2025-10-15T17:35:14","slug":"400-w-c-band-outdoor-multicarrier-gen-iii-gan-buc","status":"publish","type":"product","link":"https:\/\/spacebridge.com\/fr\/produit\/400-w-c-band-outdoor-multicarrier-gen-iii-gan-buc\/","title":{"rendered":"400 W BUC \/ SSPA ext\u00e9rieur multicarrier bande C GaN Gen III"},"content":{"rendered":"","protected":false},"excerpt":{"rendered":"<p class=\"p1\">Ce SSPA\/BUC ext\u00e9rieur compact mais puissant de 400 W, bas\u00e9 sur la technologie GaN de troisi\u00e8me g\u00e9n\u00e9ration, offre des performances RF large bande exceptionnelles, une haute efficacit\u00e9 ainsi qu\u2019une excellente lin\u00e9arit\u00e9 et fiabilit\u00e9 pour des applications telles que le multicarrier, le multi-transpondeur, la contribution ou distribution DTH, le CBH et les hubs VSAT HTS.<\/p>","protected":false},"featured_media":16131,"comment_status":"open","ping_status":"closed","template":"","meta":{"_acf_changed":false},"product_brand":[],"product_cat":[173],"product_tag":[236],"class_list":{"0":"post-16244","1":"product","2":"type-product","3":"status-publish","4":"has-post-thumbnail","6":"product_cat-rf-hpa-buc","7":"product_tag-200w-c-band-buc","9":"first","10":"instock","11":"shipping-taxable","12":"product-type-simple"},"acf":[],"yoast_head":"<!-- This site is optimized with the Yoast SEO plugin v27.4 - https:\/\/yoast.com\/product\/yoast-seo-wordpress\/ -->\n<title>400 W C-band Outdoor Multicarrier Gen III GaN BUC - Spacebridge Inc.<\/title>\n<meta name=\"description\" content=\"This compact yet powerful 400W outdoor SSPA\/BUC harnesses advanced Gen III GaN technology, delivering exceptional broadband RF performance, high efficiency, and outstanding linearity and reliability for applications such as multicarrier, multi-transponder DTH contribution or distribution, CBH, HTS VSAT Hub\" \/>\n<meta name=\"robots\" content=\"index, follow, max-snippet:-1, max-image-preview:large, max-video-preview:-1\" \/>\n<link rel=\"canonical\" href=\"https:\/\/spacebridge.com\/fr\/produit\/400-w-c-band-outdoor-multicarrier-gen-iii-gan-buc\/\" \/>\n<meta property=\"og:locale\" content=\"fr_FR\" \/>\n<meta property=\"og:type\" content=\"article\" \/>\n<meta property=\"og:title\" content=\"400 W C-band Outdoor Multicarrier Gen III GaN BUC - Spacebridge Inc.\" \/>\n<meta property=\"og:description\" content=\"This compact yet powerful 400W outdoor SSPA\/BUC harnesses advanced Gen III GaN technology, delivering exceptional broadband RF performance, high efficiency, and outstanding linearity and reliability for applications such as multicarrier, multi-transponder DTH contribution or distribution, CBH, HTS VSAT Hub\" \/>\n<meta property=\"og:url\" content=\"https:\/\/spacebridge.com\/fr\/produit\/400-w-c-band-outdoor-multicarrier-gen-iii-gan-buc\/\" \/>\n<meta property=\"og:site_name\" content=\"Spacebridge Inc.\" \/>\n<meta property=\"article:modified_time\" content=\"2025-10-15T17:35:14+00:00\" \/>\n<meta property=\"og:image\" content=\"https:\/\/spacebridge.com\/wp-content\/uploads\/2025\/10\/high-power-amplifier-with-logo.png\" \/>\n\t<meta property=\"og:image:width\" content=\"1134\" \/>\n\t<meta property=\"og:image:height\" content=\"1134\" \/>\n\t<meta property=\"og:image:type\" content=\"image\/png\" \/>\n<meta name=\"twitter:card\" content=\"summary_large_image\" \/>\n<script type=\"application\/ld+json\" class=\"yoast-schema-graph\">{\"@context\":\"https:\\\/\\\/schema.org\",\"@graph\":[{\"@type\":\"WebPage\",\"@id\":\"https:\\\/\\\/spacebridge.com\\\/product\\\/400-w-c-band-outdoor-multicarrier-gen-iii-gan-buc\\\/\",\"url\":\"https:\\\/\\\/spacebridge.com\\\/product\\\/400-w-c-band-outdoor-multicarrier-gen-iii-gan-buc\\\/\",\"name\":\"400 W C-band Outdoor Multicarrier Gen III GaN BUC - Spacebridge Inc.\",\"isPartOf\":{\"@id\":\"https:\\\/\\\/spacebridge.com\\\/#website\"},\"primaryImageOfPage\":{\"@id\":\"https:\\\/\\\/spacebridge.com\\\/product\\\/400-w-c-band-outdoor-multicarrier-gen-iii-gan-buc\\\/#primaryimage\"},\"image\":{\"@id\":\"https:\\\/\\\/spacebridge.com\\\/product\\\/400-w-c-band-outdoor-multicarrier-gen-iii-gan-buc\\\/#primaryimage\"},\"thumbnailUrl\":\"https:\\\/\\\/spacebridge.com\\\/wp-content\\\/uploads\\\/2025\\\/10\\\/high-power-amplifier-with-logo.png\",\"datePublished\":\"2025-10-15T17:29:34+00:00\",\"dateModified\":\"2025-10-15T17:35:14+00:00\",\"description\":\"This compact yet powerful 400W outdoor SSPA\\\/BUC harnesses advanced Gen III GaN technology, delivering exceptional broadband RF performance, high efficiency, and outstanding linearity and reliability for applications such as multicarrier, multi-transponder DTH contribution or distribution, CBH, HTS VSAT Hub\",\"breadcrumb\":{\"@id\":\"https:\\\/\\\/spacebridge.com\\\/product\\\/400-w-c-band-outdoor-multicarrier-gen-iii-gan-buc\\\/#breadcrumb\"},\"inLanguage\":\"fr-FR\",\"potentialAction\":[{\"@type\":\"ReadAction\",\"target\":[\"https:\\\/\\\/spacebridge.com\\\/product\\\/400-w-c-band-outdoor-multicarrier-gen-iii-gan-buc\\\/\"]}]},{\"@type\":\"ImageObject\",\"inLanguage\":\"fr-FR\",\"@id\":\"https:\\\/\\\/spacebridge.com\\\/product\\\/400-w-c-band-outdoor-multicarrier-gen-iii-gan-buc\\\/#primaryimage\",\"url\":\"https:\\\/\\\/spacebridge.com\\\/wp-content\\\/uploads\\\/2025\\\/10\\\/high-power-amplifier-with-logo.png\",\"contentUrl\":\"https:\\\/\\\/spacebridge.com\\\/wp-content\\\/uploads\\\/2025\\\/10\\\/high-power-amplifier-with-logo.png\",\"width\":1134,\"height\":1134,\"caption\":\"spacebridge buc\"},{\"@type\":\"BreadcrumbList\",\"@id\":\"https:\\\/\\\/spacebridge.com\\\/product\\\/400-w-c-band-outdoor-multicarrier-gen-iii-gan-buc\\\/#breadcrumb\",\"itemListElement\":[{\"@type\":\"ListItem\",\"position\":1,\"name\":\"Home\",\"item\":\"https:\\\/\\\/spacebridge.com\\\/\"},{\"@type\":\"ListItem\",\"position\":2,\"name\":\"Products\",\"item\":\"https:\\\/\\\/spacebridge.com\\\/products\\\/\"},{\"@type\":\"ListItem\",\"position\":3,\"name\":\"400 W C-band Outdoor Multicarrier Gen III GaN BUC\"}]},{\"@type\":\"WebSite\",\"@id\":\"https:\\\/\\\/spacebridge.com\\\/#website\",\"url\":\"https:\\\/\\\/spacebridge.com\\\/\",\"name\":\"Spacebridge Inc.\",\"description\":\"Broadband Satellite Communications Systems\",\"publisher\":{\"@id\":\"https:\\\/\\\/spacebridge.com\\\/#organization\"},\"potentialAction\":[{\"@type\":\"SearchAction\",\"target\":{\"@type\":\"EntryPoint\",\"urlTemplate\":\"https:\\\/\\\/spacebridge.com\\\/?s={search_term_string}\"},\"query-input\":{\"@type\":\"PropertyValueSpecification\",\"valueRequired\":true,\"valueName\":\"search_term_string\"}}],\"inLanguage\":\"fr-FR\"},{\"@type\":\"Organization\",\"@id\":\"https:\\\/\\\/spacebridge.com\\\/#organization\",\"name\":\"SpaceBridge Inc.\",\"url\":\"https:\\\/\\\/spacebridge.com\\\/\",\"logo\":{\"@type\":\"ImageObject\",\"inLanguage\":\"fr-FR\",\"@id\":\"https:\\\/\\\/spacebridge.com\\\/#\\\/schema\\\/logo\\\/image\\\/\",\"url\":\"https:\\\/\\\/spacebridge.com\\\/wp-content\\\/uploads\\\/2024\\\/02\\\/SpaceBridge-logo-no-tagline-full-color-on-white-or-blue.png\",\"contentUrl\":\"https:\\\/\\\/spacebridge.com\\\/wp-content\\\/uploads\\\/2024\\\/02\\\/SpaceBridge-logo-no-tagline-full-color-on-white-or-blue.png\",\"width\":1474,\"height\":730,\"caption\":\"SpaceBridge Inc.\"},\"image\":{\"@id\":\"https:\\\/\\\/spacebridge.com\\\/#\\\/schema\\\/logo\\\/image\\\/\"},\"sameAs\":[\"https:\\\/\\\/www.linkedin.com\\\/company\\\/spacebridgeinc\\\/\"]}]}<\/script>\n<!-- \/ Yoast SEO plugin. -->","yoast_head_json":{"title":"400 W C-band Outdoor Multicarrier Gen III GaN BUC - Spacebridge Inc.","description":"Ce SSPA\/BUC ext\u00e9rieur compact mais puissant de 400 W, bas\u00e9 sur la technologie GaN de troisi\u00e8me g\u00e9n\u00e9ration, offre des performances RF large bande exceptionnelles, une haute efficacit\u00e9 ainsi qu\u2019une excellente lin\u00e9arit\u00e9 et fiabilit\u00e9 pour des applications telles que le multicarrier, le multi-transpondeur, la contribution ou distribution DTH, le CBH et les hubs VSAT HTS.","robots":{"index":"index","follow":"follow","max-snippet":"max-snippet:-1","max-image-preview":"max-image-preview:large","max-video-preview":"max-video-preview:-1"},"canonical":"https:\/\/spacebridge.com\/fr\/produit\/400-w-c-band-outdoor-multicarrier-gen-iii-gan-buc\/","og_locale":"fr_FR","og_type":"article","og_title":"400 W C-band Outdoor Multicarrier Gen III GaN BUC - Spacebridge Inc.","og_description":"This compact yet powerful 400W outdoor SSPA\/BUC harnesses advanced Gen III GaN technology, delivering exceptional broadband RF performance, high efficiency, and outstanding linearity and reliability for applications such as multicarrier, multi-transponder DTH contribution or distribution, CBH, HTS VSAT Hub","og_url":"https:\/\/spacebridge.com\/fr\/produit\/400-w-c-band-outdoor-multicarrier-gen-iii-gan-buc\/","og_site_name":"Spacebridge Inc.","article_modified_time":"2025-10-15T17:35:14+00:00","og_image":[{"width":1134,"height":1134,"url":"https:\/\/spacebridge.com\/wp-content\/uploads\/2025\/10\/high-power-amplifier-with-logo.png","type":"image\/png"}],"twitter_card":"summary_large_image","schema":{"@context":"https:\/\/schema.org","@graph":[{"@type":"WebPage","@id":"https:\/\/spacebridge.com\/product\/400-w-c-band-outdoor-multicarrier-gen-iii-gan-buc\/","url":"https:\/\/spacebridge.com\/product\/400-w-c-band-outdoor-multicarrier-gen-iii-gan-buc\/","name":"400 W C-band Outdoor Multicarrier Gen III GaN BUC - Spacebridge Inc.","isPartOf":{"@id":"https:\/\/spacebridge.com\/#website"},"primaryImageOfPage":{"@id":"https:\/\/spacebridge.com\/product\/400-w-c-band-outdoor-multicarrier-gen-iii-gan-buc\/#primaryimage"},"image":{"@id":"https:\/\/spacebridge.com\/product\/400-w-c-band-outdoor-multicarrier-gen-iii-gan-buc\/#primaryimage"},"thumbnailUrl":"https:\/\/spacebridge.com\/wp-content\/uploads\/2025\/10\/high-power-amplifier-with-logo.png","datePublished":"2025-10-15T17:29:34+00:00","dateModified":"2025-10-15T17:35:14+00:00","description":"Ce SSPA\/BUC ext\u00e9rieur compact mais puissant de 400 W, bas\u00e9 sur la technologie GaN de troisi\u00e8me g\u00e9n\u00e9ration, offre des performances RF large bande exceptionnelles, une haute efficacit\u00e9 ainsi qu\u2019une excellente lin\u00e9arit\u00e9 et fiabilit\u00e9 pour des applications telles que le multicarrier, le multi-transpondeur, la contribution ou distribution DTH, le CBH et les hubs VSAT HTS.","breadcrumb":{"@id":"https:\/\/spacebridge.com\/product\/400-w-c-band-outdoor-multicarrier-gen-iii-gan-buc\/#breadcrumb"},"inLanguage":"fr-FR","potentialAction":[{"@type":"ReadAction","target":["https:\/\/spacebridge.com\/product\/400-w-c-band-outdoor-multicarrier-gen-iii-gan-buc\/"]}]},{"@type":"ImageObject","inLanguage":"fr-FR","@id":"https:\/\/spacebridge.com\/product\/400-w-c-band-outdoor-multicarrier-gen-iii-gan-buc\/#primaryimage","url":"https:\/\/spacebridge.com\/wp-content\/uploads\/2025\/10\/high-power-amplifier-with-logo.png","contentUrl":"https:\/\/spacebridge.com\/wp-content\/uploads\/2025\/10\/high-power-amplifier-with-logo.png","width":1134,"height":1134,"caption":"spacebridge buc"},{"@type":"BreadcrumbList","@id":"https:\/\/spacebridge.com\/product\/400-w-c-band-outdoor-multicarrier-gen-iii-gan-buc\/#breadcrumb","itemListElement":[{"@type":"ListItem","position":1,"name":"Home","item":"https:\/\/spacebridge.com\/"},{"@type":"ListItem","position":2,"name":"Products","item":"https:\/\/spacebridge.com\/products\/"},{"@type":"ListItem","position":3,"name":"400 W C-band Outdoor Multicarrier Gen III GaN BUC"}]},{"@type":"WebSite","@id":"https:\/\/spacebridge.com\/#website","url":"https:\/\/spacebridge.com\/","name":"Spacebridge Inc.","description":"Broadband Satellite Communications Systems","publisher":{"@id":"https:\/\/spacebridge.com\/#organization"},"potentialAction":[{"@type":"SearchAction","target":{"@type":"EntryPoint","urlTemplate":"https:\/\/spacebridge.com\/?s={search_term_string}"},"query-input":{"@type":"PropertyValueSpecification","valueRequired":true,"valueName":"search_term_string"}}],"inLanguage":"fr-FR"},{"@type":"Organization","@id":"https:\/\/spacebridge.com\/#organization","name":"SpaceBridge Inc.","url":"https:\/\/spacebridge.com\/","logo":{"@type":"ImageObject","inLanguage":"fr-FR","@id":"https:\/\/spacebridge.com\/#\/schema\/logo\/image\/","url":"https:\/\/spacebridge.com\/wp-content\/uploads\/2024\/02\/SpaceBridge-logo-no-tagline-full-color-on-white-or-blue.png","contentUrl":"https:\/\/spacebridge.com\/wp-content\/uploads\/2024\/02\/SpaceBridge-logo-no-tagline-full-color-on-white-or-blue.png","width":1474,"height":730,"caption":"SpaceBridge Inc."},"image":{"@id":"https:\/\/spacebridge.com\/#\/schema\/logo\/image\/"},"sameAs":["https:\/\/www.linkedin.com\/company\/spacebridgeinc\/"]}]}},"_links":{"self":[{"href":"https:\/\/spacebridge.com\/fr\/wp-json\/wp\/v2\/product\/16244","targetHints":{"allow":["GET"]}}],"collection":[{"href":"https:\/\/spacebridge.com\/fr\/wp-json\/wp\/v2\/product"}],"about":[{"href":"https:\/\/spacebridge.com\/fr\/wp-json\/wp\/v2\/types\/product"}],"replies":[{"embeddable":true,"href":"https:\/\/spacebridge.com\/fr\/wp-json\/wp\/v2\/comments?post=16244"}],"version-history":[{"count":1,"href":"https:\/\/spacebridge.com\/fr\/wp-json\/wp\/v2\/product\/16244\/revisions"}],"predecessor-version":[{"id":16245,"href":"https:\/\/spacebridge.com\/fr\/wp-json\/wp\/v2\/product\/16244\/revisions\/16245"}],"wp:featuredmedia":[{"embeddable":true,"href":"https:\/\/spacebridge.com\/fr\/wp-json\/wp\/v2\/media\/16131"}],"wp:attachment":[{"href":"https:\/\/spacebridge.com\/fr\/wp-json\/wp\/v2\/media?parent=16244"}],"wp:term":[{"taxonomy":"product_brand","embeddable":true,"href":"https:\/\/spacebridge.com\/fr\/wp-json\/wp\/v2\/product_brand?post=16244"},{"taxonomy":"product_cat","embeddable":true,"href":"https:\/\/spacebridge.com\/fr\/wp-json\/wp\/v2\/product_cat?post=16244"},{"taxonomy":"product_tag","embeddable":true,"href":"https:\/\/spacebridge.com\/fr\/wp-json\/wp\/v2\/product_tag?post=16244"}],"curies":[{"name":"wp","href":"https:\/\/api.w.org\/{rel}","templated":true}]}}