{"id":16241,"date":"2025-10-15T17:25:41","date_gmt":"2025-10-15T17:25:41","guid":{"rendered":"https:\/\/spacebridge.com\/?post_type=product&#038;p=16241"},"modified":"2025-10-15T17:27:12","modified_gmt":"2025-10-15T17:27:12","slug":"250-w-c-band-outdoor-multicarrier-gen-iii-gan-buc","status":"publish","type":"product","link":"https:\/\/spacebridge.com\/fr\/produit\/250-w-c-band-outdoor-multicarrier-gen-iii-gan-buc\/","title":{"rendered":"250 W BUC \/ SSPA ext\u00e9rieur multicarrier bande C GaN Gen III"},"content":{"rendered":"","protected":false},"excerpt":{"rendered":"<p class=\"p1\">Ce SSPA\/BUC ext\u00e9rieur compact mais puissant de 250 W, bas\u00e9 sur la technologie GaN de troisi\u00e8me g\u00e9n\u00e9ration, offre des performances RF large bande exceptionnelles, une haute efficacit\u00e9 ainsi qu\u2019une excellente lin\u00e9arit\u00e9, pour des applications monoporteuse de contribution ainsi que multicarrier et multi-transpondeur pour la distribution DTH, le CBH, les transmissions de donn\u00e9es et les r\u00e9seaux VSAT large bande.<\/p>","protected":false},"featured_media":16140,"comment_status":"open","ping_status":"closed","template":"","meta":{"_acf_changed":false},"product_brand":[],"product_cat":[173],"product_tag":[236],"class_list":{"0":"post-16241","1":"product","2":"type-product","3":"status-publish","4":"has-post-thumbnail","6":"product_cat-rf-hpa-buc","7":"product_tag-200w-c-band-buc","9":"first","10":"instock","11":"shipping-taxable","12":"product-type-simple"},"acf":[],"yoast_head":"<!-- This site is optimized with the Yoast SEO plugin v27.4 - https:\/\/yoast.com\/product\/yoast-seo-wordpress\/ -->\n<title>250 W C-band Outdoor Multicarrier Gen III GaN BUC - Spacebridge Inc.<\/title>\n<meta name=\"description\" content=\"This compact and powerful 200 W C-band Outdoor BUC, equipped with cutting-edge Gen III GaN technology boasts exceptional RF performance, efficiency and reliability for Single or Multicarrier Applications.\" \/>\n<meta name=\"robots\" content=\"index, follow, max-snippet:-1, max-image-preview:large, max-video-preview:-1\" \/>\n<link rel=\"canonical\" href=\"https:\/\/spacebridge.com\/fr\/produit\/250-w-c-band-outdoor-multicarrier-gen-iii-gan-buc\/\" \/>\n<meta property=\"og:locale\" content=\"fr_FR\" \/>\n<meta property=\"og:type\" content=\"article\" \/>\n<meta property=\"og:title\" content=\"250 W C-band Outdoor Multicarrier Gen III GaN BUC - Spacebridge Inc.\" \/>\n<meta property=\"og:description\" content=\"This compact and powerful 200 W C-band Outdoor BUC, equipped with cutting-edge Gen III GaN technology boasts exceptional RF performance, efficiency and reliability for Single or Multicarrier Applications.\" \/>\n<meta property=\"og:url\" content=\"https:\/\/spacebridge.com\/fr\/produit\/250-w-c-band-outdoor-multicarrier-gen-iii-gan-buc\/\" \/>\n<meta property=\"og:site_name\" content=\"Spacebridge Inc.\" \/>\n<meta property=\"article:modified_time\" content=\"2025-10-15T17:27:12+00:00\" \/>\n<meta property=\"og:image\" content=\"https:\/\/spacebridge.com\/wp-content\/uploads\/2025\/10\/RF-2-with-logo.png\" \/>\n\t<meta property=\"og:image:width\" content=\"1134\" \/>\n\t<meta property=\"og:image:height\" content=\"1134\" \/>\n\t<meta property=\"og:image:type\" content=\"image\/png\" \/>\n<meta name=\"twitter:card\" content=\"summary_large_image\" \/>\n<script type=\"application\/ld+json\" class=\"yoast-schema-graph\">{\"@context\":\"https:\\\/\\\/schema.org\",\"@graph\":[{\"@type\":\"WebPage\",\"@id\":\"https:\\\/\\\/spacebridge.com\\\/product\\\/250-w-c-band-outdoor-multicarrier-gen-iii-gan-buc\\\/\",\"url\":\"https:\\\/\\\/spacebridge.com\\\/product\\\/250-w-c-band-outdoor-multicarrier-gen-iii-gan-buc\\\/\",\"name\":\"250 W C-band Outdoor Multicarrier Gen III GaN BUC - Spacebridge Inc.\",\"isPartOf\":{\"@id\":\"https:\\\/\\\/spacebridge.com\\\/#website\"},\"primaryImageOfPage\":{\"@id\":\"https:\\\/\\\/spacebridge.com\\\/product\\\/250-w-c-band-outdoor-multicarrier-gen-iii-gan-buc\\\/#primaryimage\"},\"image\":{\"@id\":\"https:\\\/\\\/spacebridge.com\\\/product\\\/250-w-c-band-outdoor-multicarrier-gen-iii-gan-buc\\\/#primaryimage\"},\"thumbnailUrl\":\"https:\\\/\\\/spacebridge.com\\\/wp-content\\\/uploads\\\/2025\\\/10\\\/RF-2-with-logo.png\",\"datePublished\":\"2025-10-15T17:25:41+00:00\",\"dateModified\":\"2025-10-15T17:27:12+00:00\",\"description\":\"This compact and powerful 200 W C-band Outdoor BUC, equipped with cutting-edge Gen III GaN technology boasts exceptional RF performance, efficiency and reliability for Single or Multicarrier Applications.\",\"breadcrumb\":{\"@id\":\"https:\\\/\\\/spacebridge.com\\\/product\\\/250-w-c-band-outdoor-multicarrier-gen-iii-gan-buc\\\/#breadcrumb\"},\"inLanguage\":\"fr-FR\",\"potentialAction\":[{\"@type\":\"ReadAction\",\"target\":[\"https:\\\/\\\/spacebridge.com\\\/product\\\/250-w-c-band-outdoor-multicarrier-gen-iii-gan-buc\\\/\"]}]},{\"@type\":\"ImageObject\",\"inLanguage\":\"fr-FR\",\"@id\":\"https:\\\/\\\/spacebridge.com\\\/product\\\/250-w-c-band-outdoor-multicarrier-gen-iii-gan-buc\\\/#primaryimage\",\"url\":\"https:\\\/\\\/spacebridge.com\\\/wp-content\\\/uploads\\\/2025\\\/10\\\/RF-2-with-logo.png\",\"contentUrl\":\"https:\\\/\\\/spacebridge.com\\\/wp-content\\\/uploads\\\/2025\\\/10\\\/RF-2-with-logo.png\",\"width\":1134,\"height\":1134,\"caption\":\"200w buc\"},{\"@type\":\"BreadcrumbList\",\"@id\":\"https:\\\/\\\/spacebridge.com\\\/product\\\/250-w-c-band-outdoor-multicarrier-gen-iii-gan-buc\\\/#breadcrumb\",\"itemListElement\":[{\"@type\":\"ListItem\",\"position\":1,\"name\":\"Home\",\"item\":\"https:\\\/\\\/spacebridge.com\\\/\"},{\"@type\":\"ListItem\",\"position\":2,\"name\":\"Products\",\"item\":\"https:\\\/\\\/spacebridge.com\\\/products\\\/\"},{\"@type\":\"ListItem\",\"position\":3,\"name\":\"250 W C-band Outdoor Multicarrier Gen III GaN BUC\"}]},{\"@type\":\"WebSite\",\"@id\":\"https:\\\/\\\/spacebridge.com\\\/#website\",\"url\":\"https:\\\/\\\/spacebridge.com\\\/\",\"name\":\"Spacebridge Inc.\",\"description\":\"Broadband Satellite Communications Systems\",\"publisher\":{\"@id\":\"https:\\\/\\\/spacebridge.com\\\/#organization\"},\"potentialAction\":[{\"@type\":\"SearchAction\",\"target\":{\"@type\":\"EntryPoint\",\"urlTemplate\":\"https:\\\/\\\/spacebridge.com\\\/?s={search_term_string}\"},\"query-input\":{\"@type\":\"PropertyValueSpecification\",\"valueRequired\":true,\"valueName\":\"search_term_string\"}}],\"inLanguage\":\"fr-FR\"},{\"@type\":\"Organization\",\"@id\":\"https:\\\/\\\/spacebridge.com\\\/#organization\",\"name\":\"SpaceBridge Inc.\",\"url\":\"https:\\\/\\\/spacebridge.com\\\/\",\"logo\":{\"@type\":\"ImageObject\",\"inLanguage\":\"fr-FR\",\"@id\":\"https:\\\/\\\/spacebridge.com\\\/#\\\/schema\\\/logo\\\/image\\\/\",\"url\":\"https:\\\/\\\/spacebridge.com\\\/wp-content\\\/uploads\\\/2024\\\/02\\\/SpaceBridge-logo-no-tagline-full-color-on-white-or-blue.png\",\"contentUrl\":\"https:\\\/\\\/spacebridge.com\\\/wp-content\\\/uploads\\\/2024\\\/02\\\/SpaceBridge-logo-no-tagline-full-color-on-white-or-blue.png\",\"width\":1474,\"height\":730,\"caption\":\"SpaceBridge Inc.\"},\"image\":{\"@id\":\"https:\\\/\\\/spacebridge.com\\\/#\\\/schema\\\/logo\\\/image\\\/\"},\"sameAs\":[\"https:\\\/\\\/www.linkedin.com\\\/company\\\/spacebridgeinc\\\/\"]}]}<\/script>\n<!-- \/ Yoast SEO plugin. -->","yoast_head_json":{"title":"250 W C-band Outdoor Multicarrier Gen III GaN BUC - Spacebridge Inc.","description":"This compact and powerful 200 W C-band Outdoor BUC, equipped with cutting-edge Gen III GaN technology boasts exceptional RF performance, efficiency and reliability for Single or Multicarrier Applications.","robots":{"index":"index","follow":"follow","max-snippet":"max-snippet:-1","max-image-preview":"max-image-preview:large","max-video-preview":"max-video-preview:-1"},"canonical":"https:\/\/spacebridge.com\/fr\/produit\/250-w-c-band-outdoor-multicarrier-gen-iii-gan-buc\/","og_locale":"fr_FR","og_type":"article","og_title":"250 W C-band Outdoor Multicarrier Gen III GaN BUC - Spacebridge Inc.","og_description":"This compact and powerful 200 W C-band Outdoor BUC, equipped with cutting-edge Gen III GaN technology boasts exceptional RF performance, efficiency and reliability for Single or Multicarrier Applications.","og_url":"https:\/\/spacebridge.com\/fr\/produit\/250-w-c-band-outdoor-multicarrier-gen-iii-gan-buc\/","og_site_name":"Spacebridge Inc.","article_modified_time":"2025-10-15T17:27:12+00:00","og_image":[{"width":1134,"height":1134,"url":"https:\/\/spacebridge.com\/wp-content\/uploads\/2025\/10\/RF-2-with-logo.png","type":"image\/png"}],"twitter_card":"summary_large_image","schema":{"@context":"https:\/\/schema.org","@graph":[{"@type":"WebPage","@id":"https:\/\/spacebridge.com\/product\/250-w-c-band-outdoor-multicarrier-gen-iii-gan-buc\/","url":"https:\/\/spacebridge.com\/product\/250-w-c-band-outdoor-multicarrier-gen-iii-gan-buc\/","name":"250 W C-band Outdoor Multicarrier Gen III GaN BUC - Spacebridge Inc.","isPartOf":{"@id":"https:\/\/spacebridge.com\/#website"},"primaryImageOfPage":{"@id":"https:\/\/spacebridge.com\/product\/250-w-c-band-outdoor-multicarrier-gen-iii-gan-buc\/#primaryimage"},"image":{"@id":"https:\/\/spacebridge.com\/product\/250-w-c-band-outdoor-multicarrier-gen-iii-gan-buc\/#primaryimage"},"thumbnailUrl":"https:\/\/spacebridge.com\/wp-content\/uploads\/2025\/10\/RF-2-with-logo.png","datePublished":"2025-10-15T17:25:41+00:00","dateModified":"2025-10-15T17:27:12+00:00","description":"This compact and powerful 200 W C-band Outdoor BUC, equipped with cutting-edge Gen III GaN technology boasts exceptional RF performance, efficiency and reliability for Single or Multicarrier Applications.","breadcrumb":{"@id":"https:\/\/spacebridge.com\/product\/250-w-c-band-outdoor-multicarrier-gen-iii-gan-buc\/#breadcrumb"},"inLanguage":"fr-FR","potentialAction":[{"@type":"ReadAction","target":["https:\/\/spacebridge.com\/product\/250-w-c-band-outdoor-multicarrier-gen-iii-gan-buc\/"]}]},{"@type":"ImageObject","inLanguage":"fr-FR","@id":"https:\/\/spacebridge.com\/product\/250-w-c-band-outdoor-multicarrier-gen-iii-gan-buc\/#primaryimage","url":"https:\/\/spacebridge.com\/wp-content\/uploads\/2025\/10\/RF-2-with-logo.png","contentUrl":"https:\/\/spacebridge.com\/wp-content\/uploads\/2025\/10\/RF-2-with-logo.png","width":1134,"height":1134,"caption":"200w buc"},{"@type":"BreadcrumbList","@id":"https:\/\/spacebridge.com\/product\/250-w-c-band-outdoor-multicarrier-gen-iii-gan-buc\/#breadcrumb","itemListElement":[{"@type":"ListItem","position":1,"name":"Home","item":"https:\/\/spacebridge.com\/"},{"@type":"ListItem","position":2,"name":"Products","item":"https:\/\/spacebridge.com\/products\/"},{"@type":"ListItem","position":3,"name":"250 W C-band Outdoor Multicarrier Gen III GaN BUC"}]},{"@type":"WebSite","@id":"https:\/\/spacebridge.com\/#website","url":"https:\/\/spacebridge.com\/","name":"Spacebridge Inc.","description":"Broadband Satellite Communications Systems","publisher":{"@id":"https:\/\/spacebridge.com\/#organization"},"potentialAction":[{"@type":"SearchAction","target":{"@type":"EntryPoint","urlTemplate":"https:\/\/spacebridge.com\/?s={search_term_string}"},"query-input":{"@type":"PropertyValueSpecification","valueRequired":true,"valueName":"search_term_string"}}],"inLanguage":"fr-FR"},{"@type":"Organization","@id":"https:\/\/spacebridge.com\/#organization","name":"SpaceBridge Inc.","url":"https:\/\/spacebridge.com\/","logo":{"@type":"ImageObject","inLanguage":"fr-FR","@id":"https:\/\/spacebridge.com\/#\/schema\/logo\/image\/","url":"https:\/\/spacebridge.com\/wp-content\/uploads\/2024\/02\/SpaceBridge-logo-no-tagline-full-color-on-white-or-blue.png","contentUrl":"https:\/\/spacebridge.com\/wp-content\/uploads\/2024\/02\/SpaceBridge-logo-no-tagline-full-color-on-white-or-blue.png","width":1474,"height":730,"caption":"SpaceBridge Inc."},"image":{"@id":"https:\/\/spacebridge.com\/#\/schema\/logo\/image\/"},"sameAs":["https:\/\/www.linkedin.com\/company\/spacebridgeinc\/"]}]}},"_links":{"self":[{"href":"https:\/\/spacebridge.com\/fr\/wp-json\/wp\/v2\/product\/16241","targetHints":{"allow":["GET"]}}],"collection":[{"href":"https:\/\/spacebridge.com\/fr\/wp-json\/wp\/v2\/product"}],"about":[{"href":"https:\/\/spacebridge.com\/fr\/wp-json\/wp\/v2\/types\/product"}],"replies":[{"embeddable":true,"href":"https:\/\/spacebridge.com\/fr\/wp-json\/wp\/v2\/comments?post=16241"}],"version-history":[{"count":1,"href":"https:\/\/spacebridge.com\/fr\/wp-json\/wp\/v2\/product\/16241\/revisions"}],"predecessor-version":[{"id":16242,"href":"https:\/\/spacebridge.com\/fr\/wp-json\/wp\/v2\/product\/16241\/revisions\/16242"}],"wp:featuredmedia":[{"embeddable":true,"href":"https:\/\/spacebridge.com\/fr\/wp-json\/wp\/v2\/media\/16140"}],"wp:attachment":[{"href":"https:\/\/spacebridge.com\/fr\/wp-json\/wp\/v2\/media?parent=16241"}],"wp:term":[{"taxonomy":"product_brand","embeddable":true,"href":"https:\/\/spacebridge.com\/fr\/wp-json\/wp\/v2\/product_brand?post=16241"},{"taxonomy":"product_cat","embeddable":true,"href":"https:\/\/spacebridge.com\/fr\/wp-json\/wp\/v2\/product_cat?post=16241"},{"taxonomy":"product_tag","embeddable":true,"href":"https:\/\/spacebridge.com\/fr\/wp-json\/wp\/v2\/product_tag?post=16241"}],"curies":[{"name":"wp","href":"https:\/\/api.w.org\/{rel}","templated":true}]}}