{"id":16193,"date":"2025-10-10T18:32:56","date_gmt":"2025-10-10T18:32:56","guid":{"rendered":"https:\/\/spacebridge.com\/?post_type=product&#038;p=16193"},"modified":"2025-10-10T18:42:39","modified_gmt":"2025-10-10T18:42:39","slug":"25w-c-band-outdoor-multicarrier-gen-iii-gan-buc","status":"publish","type":"product","link":"https:\/\/spacebridge.com\/fr\/produit\/25w-c-band-outdoor-multicarrier-gen-iii-gan-buc\/","title":{"rendered":"25 W BUC ext\u00e9rieur multicarrier bande C GaN Gen III"},"content":{"rendered":"","protected":false},"excerpt":{"rendered":"<p class=\"p1\">Ce BUC ext\u00e9rieur compact mais puissant de 25 W, bas\u00e9 sur une technologie avanc\u00e9e, offre des performances RF large bande exceptionnelles, une haute efficacit\u00e9 ainsi qu\u2019une excellente lin\u00e9arit\u00e9 et fiabilit\u00e9 pour des applications telles que la contribution broadcast et le Cellular Backhaul (CBH).<\/p>","protected":false},"featured_media":16034,"comment_status":"open","ping_status":"closed","template":"","meta":{"_acf_changed":false},"product_brand":[],"product_cat":[173],"product_tag":[],"class_list":{"0":"post-16193","1":"product","2":"type-product","3":"status-publish","4":"has-post-thumbnail","6":"product_cat-rf-hpa-buc","8":"first","9":"instock","10":"shipping-taxable","11":"product-type-simple"},"acf":[],"yoast_head":"<!-- This site is optimized with the Yoast SEO plugin v27.3 - https:\/\/yoast.com\/product\/yoast-seo-wordpress\/ -->\n<title>25 W C-band Outdoor Multicarrier Gen III GaN BUC\u200b - Spacebridge Inc.<\/title>\n<meta name=\"description\" content=\"This compact yet powerful 25W outdoor BUC harnesses advanced technology, delivering exceptional broadband RF performance, high efficiency, and outstanding linearity and reliability for applications such as broadcast contribution and CBH\" \/>\n<meta name=\"robots\" content=\"index, follow, max-snippet:-1, max-image-preview:large, max-video-preview:-1\" \/>\n<link rel=\"canonical\" href=\"https:\/\/spacebridge.com\/fr\/produit\/25w-c-band-outdoor-multicarrier-gen-iii-gan-buc\/\" \/>\n<meta property=\"og:locale\" content=\"fr_FR\" \/>\n<meta property=\"og:type\" content=\"article\" \/>\n<meta property=\"og:title\" content=\"25 W C-band Outdoor Multicarrier Gen III GaN BUC\u200b - Spacebridge Inc.\" \/>\n<meta property=\"og:description\" content=\"This compact yet powerful 25W outdoor BUC harnesses advanced technology, delivering exceptional broadband RF performance, high efficiency, and outstanding linearity and reliability for applications such as broadcast contribution and CBH\" \/>\n<meta property=\"og:url\" content=\"https:\/\/spacebridge.com\/fr\/produit\/25w-c-band-outdoor-multicarrier-gen-iii-gan-buc\/\" \/>\n<meta property=\"og:site_name\" content=\"Spacebridge Inc.\" \/>\n<meta property=\"article:modified_time\" content=\"2025-10-10T18:42:39+00:00\" \/>\n<meta property=\"og:image\" content=\"https:\/\/spacebridge.com\/wp-content\/uploads\/2024\/11\/single-buc-with-logo.png\" \/>\n\t<meta property=\"og:image:width\" content=\"661\" \/>\n\t<meta property=\"og:image:height\" content=\"661\" \/>\n\t<meta property=\"og:image:type\" content=\"image\/png\" \/>\n<meta name=\"twitter:card\" content=\"summary_large_image\" \/>\n<script type=\"application\/ld+json\" class=\"yoast-schema-graph\">{\"@context\":\"https:\\\/\\\/schema.org\",\"@graph\":[{\"@type\":\"WebPage\",\"@id\":\"https:\\\/\\\/spacebridge.com\\\/product\\\/25w-c-band-outdoor-multicarrier-gen-iii-gan-buc\\\/\",\"url\":\"https:\\\/\\\/spacebridge.com\\\/product\\\/25w-c-band-outdoor-multicarrier-gen-iii-gan-buc\\\/\",\"name\":\"25 W C-band Outdoor Multicarrier Gen III GaN BUC\u200b - Spacebridge Inc.\",\"isPartOf\":{\"@id\":\"https:\\\/\\\/spacebridge.com\\\/#website\"},\"primaryImageOfPage\":{\"@id\":\"https:\\\/\\\/spacebridge.com\\\/product\\\/25w-c-band-outdoor-multicarrier-gen-iii-gan-buc\\\/#primaryimage\"},\"image\":{\"@id\":\"https:\\\/\\\/spacebridge.com\\\/product\\\/25w-c-band-outdoor-multicarrier-gen-iii-gan-buc\\\/#primaryimage\"},\"thumbnailUrl\":\"https:\\\/\\\/spacebridge.com\\\/wp-content\\\/uploads\\\/2024\\\/11\\\/single-buc-with-logo.png\",\"datePublished\":\"2025-10-10T18:32:56+00:00\",\"dateModified\":\"2025-10-10T18:42:39+00:00\",\"description\":\"This compact yet powerful 25W outdoor BUC harnesses advanced technology, delivering exceptional broadband RF performance, high efficiency, and outstanding linearity and reliability for applications such as broadcast contribution and CBH\",\"breadcrumb\":{\"@id\":\"https:\\\/\\\/spacebridge.com\\\/product\\\/25w-c-band-outdoor-multicarrier-gen-iii-gan-buc\\\/#breadcrumb\"},\"inLanguage\":\"fr-FR\",\"potentialAction\":[{\"@type\":\"ReadAction\",\"target\":[\"https:\\\/\\\/spacebridge.com\\\/product\\\/25w-c-band-outdoor-multicarrier-gen-iii-gan-buc\\\/\"]}]},{\"@type\":\"ImageObject\",\"inLanguage\":\"fr-FR\",\"@id\":\"https:\\\/\\\/spacebridge.com\\\/product\\\/25w-c-band-outdoor-multicarrier-gen-iii-gan-buc\\\/#primaryimage\",\"url\":\"https:\\\/\\\/spacebridge.com\\\/wp-content\\\/uploads\\\/2024\\\/11\\\/single-buc-with-logo.png\",\"contentUrl\":\"https:\\\/\\\/spacebridge.com\\\/wp-content\\\/uploads\\\/2024\\\/11\\\/single-buc-with-logo.png\",\"width\":661,\"height\":661},{\"@type\":\"BreadcrumbList\",\"@id\":\"https:\\\/\\\/spacebridge.com\\\/product\\\/25w-c-band-outdoor-multicarrier-gen-iii-gan-buc\\\/#breadcrumb\",\"itemListElement\":[{\"@type\":\"ListItem\",\"position\":1,\"name\":\"Home\",\"item\":\"https:\\\/\\\/spacebridge.com\\\/\"},{\"@type\":\"ListItem\",\"position\":2,\"name\":\"Products\",\"item\":\"https:\\\/\\\/spacebridge.com\\\/products\\\/\"},{\"@type\":\"ListItem\",\"position\":3,\"name\":\"25 W C-band Outdoor Multicarrier Gen III GaN BUC\u200b\"}]},{\"@type\":\"WebSite\",\"@id\":\"https:\\\/\\\/spacebridge.com\\\/#website\",\"url\":\"https:\\\/\\\/spacebridge.com\\\/\",\"name\":\"Spacebridge Inc.\",\"description\":\"Broadband Satellite Communications Systems\",\"publisher\":{\"@id\":\"https:\\\/\\\/spacebridge.com\\\/#organization\"},\"potentialAction\":[{\"@type\":\"SearchAction\",\"target\":{\"@type\":\"EntryPoint\",\"urlTemplate\":\"https:\\\/\\\/spacebridge.com\\\/?s={search_term_string}\"},\"query-input\":{\"@type\":\"PropertyValueSpecification\",\"valueRequired\":true,\"valueName\":\"search_term_string\"}}],\"inLanguage\":\"fr-FR\"},{\"@type\":\"Organization\",\"@id\":\"https:\\\/\\\/spacebridge.com\\\/#organization\",\"name\":\"SpaceBridge Inc.\",\"url\":\"https:\\\/\\\/spacebridge.com\\\/\",\"logo\":{\"@type\":\"ImageObject\",\"inLanguage\":\"fr-FR\",\"@id\":\"https:\\\/\\\/spacebridge.com\\\/#\\\/schema\\\/logo\\\/image\\\/\",\"url\":\"https:\\\/\\\/spacebridge.com\\\/wp-content\\\/uploads\\\/2024\\\/02\\\/SpaceBridge-logo-no-tagline-full-color-on-white-or-blue.png\",\"contentUrl\":\"https:\\\/\\\/spacebridge.com\\\/wp-content\\\/uploads\\\/2024\\\/02\\\/SpaceBridge-logo-no-tagline-full-color-on-white-or-blue.png\",\"width\":1474,\"height\":730,\"caption\":\"SpaceBridge Inc.\"},\"image\":{\"@id\":\"https:\\\/\\\/spacebridge.com\\\/#\\\/schema\\\/logo\\\/image\\\/\"},\"sameAs\":[\"https:\\\/\\\/www.linkedin.com\\\/company\\\/spacebridgeinc\\\/\"]}]}<\/script>\n<!-- \/ Yoast SEO plugin. -->","yoast_head_json":{"title":"25 W C-band Outdoor Multicarrier Gen III GaN BUC\u200b - Spacebridge Inc.","description":"Ce BUC ext\u00e9rieur compact mais puissant de 25 W, bas\u00e9 sur une technologie avanc\u00e9e, offre des performances RF large bande exceptionnelles, une haute efficacit\u00e9 ainsi qu\u2019une excellente lin\u00e9arit\u00e9 et fiabilit\u00e9 pour des applications telles que la contribution broadcast et le Cellular Backhaul (CBH).","robots":{"index":"index","follow":"follow","max-snippet":"max-snippet:-1","max-image-preview":"max-image-preview:large","max-video-preview":"max-video-preview:-1"},"canonical":"https:\/\/spacebridge.com\/fr\/produit\/25w-c-band-outdoor-multicarrier-gen-iii-gan-buc\/","og_locale":"fr_FR","og_type":"article","og_title":"25 W C-band Outdoor Multicarrier Gen III GaN BUC\u200b - Spacebridge Inc.","og_description":"This compact yet powerful 25W outdoor BUC harnesses advanced technology, delivering exceptional broadband RF performance, high efficiency, and outstanding linearity and reliability for applications such as broadcast contribution and CBH","og_url":"https:\/\/spacebridge.com\/fr\/produit\/25w-c-band-outdoor-multicarrier-gen-iii-gan-buc\/","og_site_name":"Spacebridge Inc.","article_modified_time":"2025-10-10T18:42:39+00:00","og_image":[{"width":661,"height":661,"url":"https:\/\/spacebridge.com\/wp-content\/uploads\/2024\/11\/single-buc-with-logo.png","type":"image\/png"}],"twitter_card":"summary_large_image","schema":{"@context":"https:\/\/schema.org","@graph":[{"@type":"WebPage","@id":"https:\/\/spacebridge.com\/product\/25w-c-band-outdoor-multicarrier-gen-iii-gan-buc\/","url":"https:\/\/spacebridge.com\/product\/25w-c-band-outdoor-multicarrier-gen-iii-gan-buc\/","name":"25 W C-band Outdoor Multicarrier Gen III GaN BUC\u200b - Spacebridge Inc.","isPartOf":{"@id":"https:\/\/spacebridge.com\/#website"},"primaryImageOfPage":{"@id":"https:\/\/spacebridge.com\/product\/25w-c-band-outdoor-multicarrier-gen-iii-gan-buc\/#primaryimage"},"image":{"@id":"https:\/\/spacebridge.com\/product\/25w-c-band-outdoor-multicarrier-gen-iii-gan-buc\/#primaryimage"},"thumbnailUrl":"https:\/\/spacebridge.com\/wp-content\/uploads\/2024\/11\/single-buc-with-logo.png","datePublished":"2025-10-10T18:32:56+00:00","dateModified":"2025-10-10T18:42:39+00:00","description":"Ce BUC ext\u00e9rieur compact mais puissant de 25 W, bas\u00e9 sur une technologie avanc\u00e9e, offre des performances RF large bande exceptionnelles, une haute efficacit\u00e9 ainsi qu\u2019une excellente lin\u00e9arit\u00e9 et fiabilit\u00e9 pour des applications telles que la contribution broadcast et le Cellular Backhaul (CBH).","breadcrumb":{"@id":"https:\/\/spacebridge.com\/product\/25w-c-band-outdoor-multicarrier-gen-iii-gan-buc\/#breadcrumb"},"inLanguage":"fr-FR","potentialAction":[{"@type":"ReadAction","target":["https:\/\/spacebridge.com\/product\/25w-c-band-outdoor-multicarrier-gen-iii-gan-buc\/"]}]},{"@type":"ImageObject","inLanguage":"fr-FR","@id":"https:\/\/spacebridge.com\/product\/25w-c-band-outdoor-multicarrier-gen-iii-gan-buc\/#primaryimage","url":"https:\/\/spacebridge.com\/wp-content\/uploads\/2024\/11\/single-buc-with-logo.png","contentUrl":"https:\/\/spacebridge.com\/wp-content\/uploads\/2024\/11\/single-buc-with-logo.png","width":661,"height":661},{"@type":"BreadcrumbList","@id":"https:\/\/spacebridge.com\/product\/25w-c-band-outdoor-multicarrier-gen-iii-gan-buc\/#breadcrumb","itemListElement":[{"@type":"ListItem","position":1,"name":"Home","item":"https:\/\/spacebridge.com\/"},{"@type":"ListItem","position":2,"name":"Products","item":"https:\/\/spacebridge.com\/products\/"},{"@type":"ListItem","position":3,"name":"25 W C-band Outdoor Multicarrier Gen III GaN BUC\u200b"}]},{"@type":"WebSite","@id":"https:\/\/spacebridge.com\/#website","url":"https:\/\/spacebridge.com\/","name":"Spacebridge Inc.","description":"Broadband Satellite Communications Systems","publisher":{"@id":"https:\/\/spacebridge.com\/#organization"},"potentialAction":[{"@type":"SearchAction","target":{"@type":"EntryPoint","urlTemplate":"https:\/\/spacebridge.com\/?s={search_term_string}"},"query-input":{"@type":"PropertyValueSpecification","valueRequired":true,"valueName":"search_term_string"}}],"inLanguage":"fr-FR"},{"@type":"Organization","@id":"https:\/\/spacebridge.com\/#organization","name":"SpaceBridge Inc.","url":"https:\/\/spacebridge.com\/","logo":{"@type":"ImageObject","inLanguage":"fr-FR","@id":"https:\/\/spacebridge.com\/#\/schema\/logo\/image\/","url":"https:\/\/spacebridge.com\/wp-content\/uploads\/2024\/02\/SpaceBridge-logo-no-tagline-full-color-on-white-or-blue.png","contentUrl":"https:\/\/spacebridge.com\/wp-content\/uploads\/2024\/02\/SpaceBridge-logo-no-tagline-full-color-on-white-or-blue.png","width":1474,"height":730,"caption":"SpaceBridge Inc."},"image":{"@id":"https:\/\/spacebridge.com\/#\/schema\/logo\/image\/"},"sameAs":["https:\/\/www.linkedin.com\/company\/spacebridgeinc\/"]}]}},"_links":{"self":[{"href":"https:\/\/spacebridge.com\/fr\/wp-json\/wp\/v2\/product\/16193","targetHints":{"allow":["GET"]}}],"collection":[{"href":"https:\/\/spacebridge.com\/fr\/wp-json\/wp\/v2\/product"}],"about":[{"href":"https:\/\/spacebridge.com\/fr\/wp-json\/wp\/v2\/types\/product"}],"replies":[{"embeddable":true,"href":"https:\/\/spacebridge.com\/fr\/wp-json\/wp\/v2\/comments?post=16193"}],"version-history":[{"count":2,"href":"https:\/\/spacebridge.com\/fr\/wp-json\/wp\/v2\/product\/16193\/revisions"}],"predecessor-version":[{"id":16210,"href":"https:\/\/spacebridge.com\/fr\/wp-json\/wp\/v2\/product\/16193\/revisions\/16210"}],"wp:featuredmedia":[{"embeddable":true,"href":"https:\/\/spacebridge.com\/fr\/wp-json\/wp\/v2\/media\/16034"}],"wp:attachment":[{"href":"https:\/\/spacebridge.com\/fr\/wp-json\/wp\/v2\/media?parent=16193"}],"wp:term":[{"taxonomy":"product_brand","embeddable":true,"href":"https:\/\/spacebridge.com\/fr\/wp-json\/wp\/v2\/product_brand?post=16193"},{"taxonomy":"product_cat","embeddable":true,"href":"https:\/\/spacebridge.com\/fr\/wp-json\/wp\/v2\/product_cat?post=16193"},{"taxonomy":"product_tag","embeddable":true,"href":"https:\/\/spacebridge.com\/fr\/wp-json\/wp\/v2\/product_tag?post=16193"}],"curies":[{"name":"wp","href":"https:\/\/api.w.org\/{rel}","templated":true}]}}