{"id":16180,"date":"2025-10-09T16:32:03","date_gmt":"2025-10-09T16:32:03","guid":{"rendered":"https:\/\/spacebridge.com\/?post_type=product&#038;p=16180"},"modified":"2026-04-02T12:45:18","modified_gmt":"2026-04-02T12:45:18","slug":"800-w-ku-band-appendix-30b-15-or-kx-band-outdoor-multicarrier-gen-iii-gan-buc","status":"publish","type":"product","link":"https:\/\/spacebridge.com\/fr\/produit\/800-w-ku-band-appendix-30b-15-or-kx-band-outdoor-multicarrier-gen-iii-gan-buc\/","title":{"rendered":"800 W BUC \/ SSPA ext\u00e9rieur multicarrier bande Ku (Appendix-30B-15) ou bande Kx GaN Gen III"},"content":{"rendered":"","protected":false},"excerpt":{"rendered":"<p>Ce SSPA\/BUC ext\u00e9rieur compact mais puissant de 800 W, bas\u00e9 sur la technologie GaN de troisi\u00e8me g\u00e9n\u00e9ration, offre des performances RF large bande exceptionnelles, une haute efficacit\u00e9 ainsi qu\u2019une excellente lin\u00e9arit\u00e9 et fiabilit\u00e9 pour des applications telles que le multicarrier, le multi-transpondeur, la contribution ou distribution DTH, le CBH et les hubs VSAT HTS.\n\nCe BUC ext\u00e9rieur de 800 W, \u00e9quip\u00e9 de la technologie GaN Gen III de pointe, garantit \u00e9galement des performances RF, une efficacit\u00e9 et une fiabilit\u00e9 exceptionnelles pour des applications monoporteuse ou multiporteuse.<\/p>","protected":false},"featured_media":16181,"comment_status":"open","ping_status":"closed","template":"","meta":{"_acf_changed":false},"product_brand":[],"product_cat":[173],"product_tag":[],"class_list":{"0":"post-16180","1":"product","2":"type-product","3":"status-publish","4":"has-post-thumbnail","6":"product_cat-rf-hpa-buc","8":"first","9":"instock","10":"shipping-taxable","11":"product-type-simple"},"acf":[],"yoast_head":"<!-- This site is optimized with the Yoast SEO plugin v27.3 - https:\/\/yoast.com\/product\/yoast-seo-wordpress\/ -->\n<title>800 W Ku-band Appendix-30B-15 or Kx- band Outdoor Multicarrier Gen III GaN BUC - Spacebridge Inc.<\/title>\n<meta name=\"description\" content=\"This compact yet powerful 800W outdoor SSPA\/BUC harnesses advanced Gen III GaN technology, delivering exceptional broadband RF performance, high efficiency, and outstanding linearity and reliability for applications such as multicarrier, multi-transponder DTH contribution or distribution, CBH, HTS VSAT Hub00 W Outdoor BUC, equipped with cutting-edge Gen III GaN technology boasts exceptional RF performance, efficiency and reliability for Single or Multicarrier Applications.\" \/>\n<meta name=\"robots\" content=\"index, follow, max-snippet:-1, max-image-preview:large, max-video-preview:-1\" \/>\n<link rel=\"canonical\" href=\"https:\/\/spacebridge.com\/fr\/produit\/800-w-ku-band-appendix-30b-15-or-kx-band-outdoor-multicarrier-gen-iii-gan-buc\/\" \/>\n<meta property=\"og:locale\" content=\"fr_FR\" \/>\n<meta property=\"og:type\" content=\"article\" \/>\n<meta property=\"og:title\" content=\"800 W Ku-band Appendix-30B-15 or Kx- band Outdoor Multicarrier Gen III GaN BUC - Spacebridge Inc.\" \/>\n<meta property=\"og:description\" content=\"This compact yet powerful 800W outdoor SSPA\/BUC harnesses advanced Gen III GaN technology, delivering exceptional broadband RF performance, high efficiency, and outstanding linearity and reliability for applications such as multicarrier, multi-transponder DTH contribution or distribution, CBH, HTS VSAT Hub00 W Outdoor BUC, equipped with cutting-edge Gen III GaN technology boasts exceptional RF performance, efficiency and reliability for Single or Multicarrier Applications.\" \/>\n<meta property=\"og:url\" content=\"https:\/\/spacebridge.com\/fr\/produit\/800-w-ku-band-appendix-30b-15-or-kx-band-outdoor-multicarrier-gen-iii-gan-buc\/\" \/>\n<meta property=\"og:site_name\" content=\"Spacebridge Inc.\" \/>\n<meta property=\"article:modified_time\" content=\"2026-04-02T12:45:18+00:00\" \/>\n<meta property=\"og:image\" content=\"https:\/\/spacebridge.com\/wp-content\/uploads\/2025\/10\/800w.png\" \/>\n\t<meta property=\"og:image:width\" content=\"1024\" \/>\n\t<meta property=\"og:image:height\" content=\"1100\" \/>\n\t<meta property=\"og:image:type\" content=\"image\/png\" \/>\n<meta name=\"twitter:card\" content=\"summary_large_image\" \/>\n<script type=\"application\/ld+json\" class=\"yoast-schema-graph\">{\"@context\":\"https:\\\/\\\/schema.org\",\"@graph\":[{\"@type\":\"WebPage\",\"@id\":\"https:\\\/\\\/spacebridge.com\\\/product\\\/800-w-ku-band-appendix-30b-15-or-kx-band-outdoor-multicarrier-gen-iii-gan-buc\\\/\",\"url\":\"https:\\\/\\\/spacebridge.com\\\/product\\\/800-w-ku-band-appendix-30b-15-or-kx-band-outdoor-multicarrier-gen-iii-gan-buc\\\/\",\"name\":\"800 W Ku-band Appendix-30B-15 or Kx- band Outdoor Multicarrier Gen III GaN BUC - Spacebridge Inc.\",\"isPartOf\":{\"@id\":\"https:\\\/\\\/spacebridge.com\\\/#website\"},\"primaryImageOfPage\":{\"@id\":\"https:\\\/\\\/spacebridge.com\\\/product\\\/800-w-ku-band-appendix-30b-15-or-kx-band-outdoor-multicarrier-gen-iii-gan-buc\\\/#primaryimage\"},\"image\":{\"@id\":\"https:\\\/\\\/spacebridge.com\\\/product\\\/800-w-ku-band-appendix-30b-15-or-kx-band-outdoor-multicarrier-gen-iii-gan-buc\\\/#primaryimage\"},\"thumbnailUrl\":\"https:\\\/\\\/spacebridge.com\\\/wp-content\\\/uploads\\\/2025\\\/10\\\/800w.png\",\"datePublished\":\"2025-10-09T16:32:03+00:00\",\"dateModified\":\"2026-04-02T12:45:18+00:00\",\"description\":\"This compact yet powerful 800W outdoor SSPA\\\/BUC harnesses advanced Gen III GaN technology, delivering exceptional broadband RF performance, high efficiency, and outstanding linearity and reliability for applications such as multicarrier, multi-transponder DTH contribution or distribution, CBH, HTS VSAT Hub00 W Outdoor BUC, equipped with cutting-edge Gen III GaN technology boasts exceptional RF performance, efficiency and reliability for Single or Multicarrier Applications.\",\"breadcrumb\":{\"@id\":\"https:\\\/\\\/spacebridge.com\\\/product\\\/800-w-ku-band-appendix-30b-15-or-kx-band-outdoor-multicarrier-gen-iii-gan-buc\\\/#breadcrumb\"},\"inLanguage\":\"fr-FR\",\"potentialAction\":[{\"@type\":\"ReadAction\",\"target\":[\"https:\\\/\\\/spacebridge.com\\\/product\\\/800-w-ku-band-appendix-30b-15-or-kx-band-outdoor-multicarrier-gen-iii-gan-buc\\\/\"]}]},{\"@type\":\"ImageObject\",\"inLanguage\":\"fr-FR\",\"@id\":\"https:\\\/\\\/spacebridge.com\\\/product\\\/800-w-ku-band-appendix-30b-15-or-kx-band-outdoor-multicarrier-gen-iii-gan-buc\\\/#primaryimage\",\"url\":\"https:\\\/\\\/spacebridge.com\\\/wp-content\\\/uploads\\\/2025\\\/10\\\/800w.png\",\"contentUrl\":\"https:\\\/\\\/spacebridge.com\\\/wp-content\\\/uploads\\\/2025\\\/10\\\/800w.png\",\"width\":1024,\"height\":1100,\"caption\":\"very high power buc\"},{\"@type\":\"BreadcrumbList\",\"@id\":\"https:\\\/\\\/spacebridge.com\\\/product\\\/800-w-ku-band-appendix-30b-15-or-kx-band-outdoor-multicarrier-gen-iii-gan-buc\\\/#breadcrumb\",\"itemListElement\":[{\"@type\":\"ListItem\",\"position\":1,\"name\":\"Home\",\"item\":\"https:\\\/\\\/spacebridge.com\\\/\"},{\"@type\":\"ListItem\",\"position\":2,\"name\":\"Products\",\"item\":\"https:\\\/\\\/spacebridge.com\\\/products\\\/\"},{\"@type\":\"ListItem\",\"position\":3,\"name\":\"800 W Ku-band Appendix-30B-15 or Kx- band Outdoor Multicarrier Gen III GaN BUC\"}]},{\"@type\":\"WebSite\",\"@id\":\"https:\\\/\\\/spacebridge.com\\\/#website\",\"url\":\"https:\\\/\\\/spacebridge.com\\\/\",\"name\":\"Spacebridge Inc.\",\"description\":\"Broadband Satellite Communications Systems\",\"publisher\":{\"@id\":\"https:\\\/\\\/spacebridge.com\\\/#organization\"},\"potentialAction\":[{\"@type\":\"SearchAction\",\"target\":{\"@type\":\"EntryPoint\",\"urlTemplate\":\"https:\\\/\\\/spacebridge.com\\\/?s={search_term_string}\"},\"query-input\":{\"@type\":\"PropertyValueSpecification\",\"valueRequired\":true,\"valueName\":\"search_term_string\"}}],\"inLanguage\":\"fr-FR\"},{\"@type\":\"Organization\",\"@id\":\"https:\\\/\\\/spacebridge.com\\\/#organization\",\"name\":\"SpaceBridge Inc.\",\"url\":\"https:\\\/\\\/spacebridge.com\\\/\",\"logo\":{\"@type\":\"ImageObject\",\"inLanguage\":\"fr-FR\",\"@id\":\"https:\\\/\\\/spacebridge.com\\\/#\\\/schema\\\/logo\\\/image\\\/\",\"url\":\"https:\\\/\\\/spacebridge.com\\\/wp-content\\\/uploads\\\/2024\\\/02\\\/SpaceBridge-logo-no-tagline-full-color-on-white-or-blue.png\",\"contentUrl\":\"https:\\\/\\\/spacebridge.com\\\/wp-content\\\/uploads\\\/2024\\\/02\\\/SpaceBridge-logo-no-tagline-full-color-on-white-or-blue.png\",\"width\":1474,\"height\":730,\"caption\":\"SpaceBridge Inc.\"},\"image\":{\"@id\":\"https:\\\/\\\/spacebridge.com\\\/#\\\/schema\\\/logo\\\/image\\\/\"},\"sameAs\":[\"https:\\\/\\\/www.linkedin.com\\\/company\\\/spacebridgeinc\\\/\"]}]}<\/script>\n<!-- \/ Yoast SEO plugin. -->","yoast_head_json":{"title":"800 W Ku-band Appendix-30B-15 or Kx- band Outdoor Multicarrier Gen III GaN BUC - Spacebridge Inc.","description":"Ce SSPA\/BUC ext\u00e9rieur compact mais puissant de 800 W, bas\u00e9 sur la technologie GaN de troisi\u00e8me g\u00e9n\u00e9ration, offre des performances RF large bande exceptionnelles, une haute efficacit\u00e9 ainsi qu\u2019une excellente lin\u00e9arit\u00e9 et fiabilit\u00e9 pour des applications telles que le multicarrier, le multi-transpondeur, la contribution ou distribution DTH, le CBH et les hubs VSAT HTS.\n\nCe BUC ext\u00e9rieur de 800 W, \u00e9quip\u00e9 de la technologie GaN Gen III de pointe, garantit \u00e9galement des performances RF, une efficacit\u00e9 et une fiabilit\u00e9 exceptionnelles pour des applications monoporteuse ou multiporteuse.","robots":{"index":"index","follow":"follow","max-snippet":"max-snippet:-1","max-image-preview":"max-image-preview:large","max-video-preview":"max-video-preview:-1"},"canonical":"https:\/\/spacebridge.com\/fr\/produit\/800-w-ku-band-appendix-30b-15-or-kx-band-outdoor-multicarrier-gen-iii-gan-buc\/","og_locale":"fr_FR","og_type":"article","og_title":"800 W Ku-band Appendix-30B-15 or Kx- band Outdoor Multicarrier Gen III GaN BUC - Spacebridge Inc.","og_description":"This compact yet powerful 800W outdoor SSPA\/BUC harnesses advanced Gen III GaN technology, delivering exceptional broadband RF performance, high efficiency, and outstanding linearity and reliability for applications such as multicarrier, multi-transponder DTH contribution or distribution, CBH, HTS VSAT Hub00 W Outdoor BUC, equipped with cutting-edge Gen III GaN technology boasts exceptional RF performance, efficiency and reliability for Single or Multicarrier Applications.","og_url":"https:\/\/spacebridge.com\/fr\/produit\/800-w-ku-band-appendix-30b-15-or-kx-band-outdoor-multicarrier-gen-iii-gan-buc\/","og_site_name":"Spacebridge Inc.","article_modified_time":"2026-04-02T12:45:18+00:00","og_image":[{"width":1024,"height":1100,"url":"https:\/\/spacebridge.com\/wp-content\/uploads\/2025\/10\/800w.png","type":"image\/png"}],"twitter_card":"summary_large_image","schema":{"@context":"https:\/\/schema.org","@graph":[{"@type":"WebPage","@id":"https:\/\/spacebridge.com\/product\/800-w-ku-band-appendix-30b-15-or-kx-band-outdoor-multicarrier-gen-iii-gan-buc\/","url":"https:\/\/spacebridge.com\/product\/800-w-ku-band-appendix-30b-15-or-kx-band-outdoor-multicarrier-gen-iii-gan-buc\/","name":"800 W Ku-band Appendix-30B-15 or Kx- band Outdoor Multicarrier Gen III GaN BUC - Spacebridge Inc.","isPartOf":{"@id":"https:\/\/spacebridge.com\/#website"},"primaryImageOfPage":{"@id":"https:\/\/spacebridge.com\/product\/800-w-ku-band-appendix-30b-15-or-kx-band-outdoor-multicarrier-gen-iii-gan-buc\/#primaryimage"},"image":{"@id":"https:\/\/spacebridge.com\/product\/800-w-ku-band-appendix-30b-15-or-kx-band-outdoor-multicarrier-gen-iii-gan-buc\/#primaryimage"},"thumbnailUrl":"https:\/\/spacebridge.com\/wp-content\/uploads\/2025\/10\/800w.png","datePublished":"2025-10-09T16:32:03+00:00","dateModified":"2026-04-02T12:45:18+00:00","description":"Ce SSPA\/BUC ext\u00e9rieur compact mais puissant de 800 W, bas\u00e9 sur la technologie GaN de troisi\u00e8me g\u00e9n\u00e9ration, offre des performances RF large bande exceptionnelles, une haute efficacit\u00e9 ainsi qu\u2019une excellente lin\u00e9arit\u00e9 et fiabilit\u00e9 pour des applications telles que le multicarrier, le multi-transpondeur, la contribution ou distribution DTH, le CBH et les hubs VSAT HTS.\n\nCe BUC ext\u00e9rieur de 800 W, \u00e9quip\u00e9 de la technologie GaN Gen III de pointe, garantit \u00e9galement des performances RF, une efficacit\u00e9 et une fiabilit\u00e9 exceptionnelles pour des applications monoporteuse ou multiporteuse.","breadcrumb":{"@id":"https:\/\/spacebridge.com\/product\/800-w-ku-band-appendix-30b-15-or-kx-band-outdoor-multicarrier-gen-iii-gan-buc\/#breadcrumb"},"inLanguage":"fr-FR","potentialAction":[{"@type":"ReadAction","target":["https:\/\/spacebridge.com\/product\/800-w-ku-band-appendix-30b-15-or-kx-band-outdoor-multicarrier-gen-iii-gan-buc\/"]}]},{"@type":"ImageObject","inLanguage":"fr-FR","@id":"https:\/\/spacebridge.com\/product\/800-w-ku-band-appendix-30b-15-or-kx-band-outdoor-multicarrier-gen-iii-gan-buc\/#primaryimage","url":"https:\/\/spacebridge.com\/wp-content\/uploads\/2025\/10\/800w.png","contentUrl":"https:\/\/spacebridge.com\/wp-content\/uploads\/2025\/10\/800w.png","width":1024,"height":1100,"caption":"very high power buc"},{"@type":"BreadcrumbList","@id":"https:\/\/spacebridge.com\/product\/800-w-ku-band-appendix-30b-15-or-kx-band-outdoor-multicarrier-gen-iii-gan-buc\/#breadcrumb","itemListElement":[{"@type":"ListItem","position":1,"name":"Home","item":"https:\/\/spacebridge.com\/"},{"@type":"ListItem","position":2,"name":"Products","item":"https:\/\/spacebridge.com\/products\/"},{"@type":"ListItem","position":3,"name":"800 W Ku-band Appendix-30B-15 or Kx- band Outdoor Multicarrier Gen III GaN BUC"}]},{"@type":"WebSite","@id":"https:\/\/spacebridge.com\/#website","url":"https:\/\/spacebridge.com\/","name":"Spacebridge Inc.","description":"Broadband Satellite Communications Systems","publisher":{"@id":"https:\/\/spacebridge.com\/#organization"},"potentialAction":[{"@type":"SearchAction","target":{"@type":"EntryPoint","urlTemplate":"https:\/\/spacebridge.com\/?s={search_term_string}"},"query-input":{"@type":"PropertyValueSpecification","valueRequired":true,"valueName":"search_term_string"}}],"inLanguage":"fr-FR"},{"@type":"Organization","@id":"https:\/\/spacebridge.com\/#organization","name":"SpaceBridge Inc.","url":"https:\/\/spacebridge.com\/","logo":{"@type":"ImageObject","inLanguage":"fr-FR","@id":"https:\/\/spacebridge.com\/#\/schema\/logo\/image\/","url":"https:\/\/spacebridge.com\/wp-content\/uploads\/2024\/02\/SpaceBridge-logo-no-tagline-full-color-on-white-or-blue.png","contentUrl":"https:\/\/spacebridge.com\/wp-content\/uploads\/2024\/02\/SpaceBridge-logo-no-tagline-full-color-on-white-or-blue.png","width":1474,"height":730,"caption":"SpaceBridge Inc."},"image":{"@id":"https:\/\/spacebridge.com\/#\/schema\/logo\/image\/"},"sameAs":["https:\/\/www.linkedin.com\/company\/spacebridgeinc\/"]}]}},"_links":{"self":[{"href":"https:\/\/spacebridge.com\/fr\/wp-json\/wp\/v2\/product\/16180","targetHints":{"allow":["GET"]}}],"collection":[{"href":"https:\/\/spacebridge.com\/fr\/wp-json\/wp\/v2\/product"}],"about":[{"href":"https:\/\/spacebridge.com\/fr\/wp-json\/wp\/v2\/types\/product"}],"replies":[{"embeddable":true,"href":"https:\/\/spacebridge.com\/fr\/wp-json\/wp\/v2\/comments?post=16180"}],"version-history":[{"count":2,"href":"https:\/\/spacebridge.com\/fr\/wp-json\/wp\/v2\/product\/16180\/revisions"}],"predecessor-version":[{"id":17142,"href":"https:\/\/spacebridge.com\/fr\/wp-json\/wp\/v2\/product\/16180\/revisions\/17142"}],"wp:featuredmedia":[{"embeddable":true,"href":"https:\/\/spacebridge.com\/fr\/wp-json\/wp\/v2\/media\/16181"}],"wp:attachment":[{"href":"https:\/\/spacebridge.com\/fr\/wp-json\/wp\/v2\/media?parent=16180"}],"wp:term":[{"taxonomy":"product_brand","embeddable":true,"href":"https:\/\/spacebridge.com\/fr\/wp-json\/wp\/v2\/product_brand?post=16180"},{"taxonomy":"product_cat","embeddable":true,"href":"https:\/\/spacebridge.com\/fr\/wp-json\/wp\/v2\/product_cat?post=16180"},{"taxonomy":"product_tag","embeddable":true,"href":"https:\/\/spacebridge.com\/fr\/wp-json\/wp\/v2\/product_tag?post=16180"}],"curies":[{"name":"wp","href":"https:\/\/api.w.org\/{rel}","templated":true}]}}