{"id":12279,"date":"2024-01-18T14:39:53","date_gmt":"2024-01-18T14:39:53","guid":{"rendered":"https:\/\/spacebridge.com\/?post_type=product&#038;p=12279"},"modified":"2025-11-14T17:59:04","modified_gmt":"2025-11-14T17:59:04","slug":"estella","status":"publish","type":"product","link":"https:\/\/spacebridge.com\/fr\/produit\/estella\/","title":{"rendered":"HUB ESTELLA"},"content":{"rendered":"","protected":false},"excerpt":{"rendered":"<p>La plateforme ESTELLA de SpaceBridge offre une solution bas\u00e9e sur les normes ouvertes DVB-RCS2, servant de point central pour l\u2019\u00e9change d\u2019informations et de services entre les particuliers, les entreprises commerciales, les gouvernements, les partenaires B2B et d\u2019autres secteurs.\n\nLes solutions de hub ESTELLA de SpaceBridge sont con\u00e7ues pour prendre en charge les normes ouvertes bien \u00e9tablies DVB-RCS2 pour les r\u00e9seaux TDM\/TDMA. Ces normes, publi\u00e9es par l\u2019ETSI, sont les seules normes ouvertes et enti\u00e8rement document\u00e9es pour la technologie TDM\/TDMA.<\/p>","protected":false},"featured_media":13959,"comment_status":"open","ping_status":"closed","template":"","meta":{"_acf_changed":false},"product_brand":[],"product_cat":[177],"product_tag":[],"class_list":{"0":"post-12279","1":"product","2":"type-product","3":"status-publish","4":"has-post-thumbnail","6":"product_cat-vsat-platforms","8":"first","9":"instock","10":"shipping-taxable","11":"product-type-simple"},"acf":[],"yoast_head":"<!-- This site is optimized with the Yoast SEO plugin v27.3 - https:\/\/yoast.com\/product\/yoast-seo-wordpress\/ -->\n<title>ESTELLA HUB - Spacebridge Inc.<\/title>\n<meta name=\"description\" content=\"The SpaceBridge ESTELLA provides a open standards based DVB-RCS2 platform serving as an central point for exchange of information and services to individuals, commercial entities, government, B2B and others.\" \/>\n<meta name=\"robots\" content=\"index, follow, max-snippet:-1, max-image-preview:large, max-video-preview:-1\" \/>\n<link rel=\"canonical\" href=\"https:\/\/spacebridge.com\/fr\/produit\/estella\/\" \/>\n<meta property=\"og:locale\" content=\"fr_FR\" \/>\n<meta property=\"og:type\" content=\"article\" \/>\n<meta property=\"og:title\" content=\"ESTELLA HUB - Spacebridge Inc.\" \/>\n<meta property=\"og:description\" content=\"The SpaceBridge ESTELLA provides a open standards based DVB-RCS2 platform serving as an central point for exchange of information and services to individuals, commercial entities, government, B2B and others.\" \/>\n<meta property=\"og:url\" content=\"https:\/\/spacebridge.com\/fr\/produit\/estella\/\" \/>\n<meta property=\"og:site_name\" content=\"Spacebridge Inc.\" \/>\n<meta property=\"article:modified_time\" content=\"2025-11-14T17:59:04+00:00\" \/>\n<meta property=\"og:image\" content=\"https:\/\/spacebridge.com\/wp-content\/uploads\/2024\/01\/ESTELLA-hub-BLUE-light-on.png\" \/>\n\t<meta property=\"og:image:width\" content=\"1590\" \/>\n\t<meta property=\"og:image:height\" content=\"776\" \/>\n\t<meta property=\"og:image:type\" content=\"image\/png\" \/>\n<meta name=\"twitter:card\" content=\"summary_large_image\" \/>\n<script type=\"application\/ld+json\" class=\"yoast-schema-graph\">{\"@context\":\"https:\\\/\\\/schema.org\",\"@graph\":[{\"@type\":\"WebPage\",\"@id\":\"https:\\\/\\\/spacebridge.com\\\/product\\\/estella\\\/\",\"url\":\"https:\\\/\\\/spacebridge.com\\\/product\\\/estella\\\/\",\"name\":\"ESTELLA HUB - Spacebridge Inc.\",\"isPartOf\":{\"@id\":\"https:\\\/\\\/spacebridge.com\\\/#website\"},\"primaryImageOfPage\":{\"@id\":\"https:\\\/\\\/spacebridge.com\\\/product\\\/estella\\\/#primaryimage\"},\"image\":{\"@id\":\"https:\\\/\\\/spacebridge.com\\\/product\\\/estella\\\/#primaryimage\"},\"thumbnailUrl\":\"https:\\\/\\\/spacebridge.com\\\/wp-content\\\/uploads\\\/2024\\\/01\\\/ESTELLA-hub-BLUE-light-on.png\",\"datePublished\":\"2024-01-18T14:39:53+00:00\",\"dateModified\":\"2025-11-14T17:59:04+00:00\",\"description\":\"The SpaceBridge ESTELLA provides a open standards based DVB-RCS2 platform serving as an central point for exchange of information and services to individuals, commercial entities, government, B2B and others.\",\"breadcrumb\":{\"@id\":\"https:\\\/\\\/spacebridge.com\\\/product\\\/estella\\\/#breadcrumb\"},\"inLanguage\":\"fr-FR\",\"potentialAction\":[{\"@type\":\"ReadAction\",\"target\":[\"https:\\\/\\\/spacebridge.com\\\/product\\\/estella\\\/\"]}]},{\"@type\":\"ImageObject\",\"inLanguage\":\"fr-FR\",\"@id\":\"https:\\\/\\\/spacebridge.com\\\/product\\\/estella\\\/#primaryimage\",\"url\":\"https:\\\/\\\/spacebridge.com\\\/wp-content\\\/uploads\\\/2024\\\/01\\\/ESTELLA-hub-BLUE-light-on.png\",\"contentUrl\":\"https:\\\/\\\/spacebridge.com\\\/wp-content\\\/uploads\\\/2024\\\/01\\\/ESTELLA-hub-BLUE-light-on.png\",\"width\":1590,\"height\":776},{\"@type\":\"BreadcrumbList\",\"@id\":\"https:\\\/\\\/spacebridge.com\\\/product\\\/estella\\\/#breadcrumb\",\"itemListElement\":[{\"@type\":\"ListItem\",\"position\":1,\"name\":\"Home\",\"item\":\"https:\\\/\\\/spacebridge.com\\\/\"},{\"@type\":\"ListItem\",\"position\":2,\"name\":\"Products\",\"item\":\"https:\\\/\\\/spacebridge.com\\\/products\\\/\"},{\"@type\":\"ListItem\",\"position\":3,\"name\":\"ESTELLA HUB\"}]},{\"@type\":\"WebSite\",\"@id\":\"https:\\\/\\\/spacebridge.com\\\/#website\",\"url\":\"https:\\\/\\\/spacebridge.com\\\/\",\"name\":\"Spacebridge Inc.\",\"description\":\"Broadband Satellite Communications Systems\",\"publisher\":{\"@id\":\"https:\\\/\\\/spacebridge.com\\\/#organization\"},\"potentialAction\":[{\"@type\":\"SearchAction\",\"target\":{\"@type\":\"EntryPoint\",\"urlTemplate\":\"https:\\\/\\\/spacebridge.com\\\/?s={search_term_string}\"},\"query-input\":{\"@type\":\"PropertyValueSpecification\",\"valueRequired\":true,\"valueName\":\"search_term_string\"}}],\"inLanguage\":\"fr-FR\"},{\"@type\":\"Organization\",\"@id\":\"https:\\\/\\\/spacebridge.com\\\/#organization\",\"name\":\"SpaceBridge Inc.\",\"url\":\"https:\\\/\\\/spacebridge.com\\\/\",\"logo\":{\"@type\":\"ImageObject\",\"inLanguage\":\"fr-FR\",\"@id\":\"https:\\\/\\\/spacebridge.com\\\/#\\\/schema\\\/logo\\\/image\\\/\",\"url\":\"https:\\\/\\\/spacebridge.com\\\/wp-content\\\/uploads\\\/2024\\\/02\\\/SpaceBridge-logo-no-tagline-full-color-on-white-or-blue.png\",\"contentUrl\":\"https:\\\/\\\/spacebridge.com\\\/wp-content\\\/uploads\\\/2024\\\/02\\\/SpaceBridge-logo-no-tagline-full-color-on-white-or-blue.png\",\"width\":1474,\"height\":730,\"caption\":\"SpaceBridge Inc.\"},\"image\":{\"@id\":\"https:\\\/\\\/spacebridge.com\\\/#\\\/schema\\\/logo\\\/image\\\/\"},\"sameAs\":[\"https:\\\/\\\/www.linkedin.com\\\/company\\\/spacebridgeinc\\\/\"]}]}<\/script>\n<!-- \/ Yoast SEO plugin. -->","yoast_head_json":{"title":"ESTELLA HUB - Spacebridge Inc.","description":"The SpaceBridge ESTELLA provides a open standards based DVB-RCS2 platform serving as an central point for exchange of information and services to individuals, commercial entities, government, B2B and others.","robots":{"index":"index","follow":"follow","max-snippet":"max-snippet:-1","max-image-preview":"max-image-preview:large","max-video-preview":"max-video-preview:-1"},"canonical":"https:\/\/spacebridge.com\/fr\/produit\/estella\/","og_locale":"fr_FR","og_type":"article","og_title":"ESTELLA HUB - Spacebridge Inc.","og_description":"The SpaceBridge ESTELLA provides a open standards based DVB-RCS2 platform serving as an central point for exchange of information and services to individuals, commercial entities, government, B2B and others.","og_url":"https:\/\/spacebridge.com\/fr\/produit\/estella\/","og_site_name":"Spacebridge Inc.","article_modified_time":"2025-11-14T17:59:04+00:00","og_image":[{"width":1590,"height":776,"url":"https:\/\/spacebridge.com\/wp-content\/uploads\/2024\/01\/ESTELLA-hub-BLUE-light-on.png","type":"image\/png"}],"twitter_card":"summary_large_image","schema":{"@context":"https:\/\/schema.org","@graph":[{"@type":"WebPage","@id":"https:\/\/spacebridge.com\/product\/estella\/","url":"https:\/\/spacebridge.com\/product\/estella\/","name":"ESTELLA HUB - Spacebridge Inc.","isPartOf":{"@id":"https:\/\/spacebridge.com\/#website"},"primaryImageOfPage":{"@id":"https:\/\/spacebridge.com\/product\/estella\/#primaryimage"},"image":{"@id":"https:\/\/spacebridge.com\/product\/estella\/#primaryimage"},"thumbnailUrl":"https:\/\/spacebridge.com\/wp-content\/uploads\/2024\/01\/ESTELLA-hub-BLUE-light-on.png","datePublished":"2024-01-18T14:39:53+00:00","dateModified":"2025-11-14T17:59:04+00:00","description":"The SpaceBridge ESTELLA provides a open standards based DVB-RCS2 platform serving as an central point for exchange of information and services to individuals, commercial entities, government, B2B and others.","breadcrumb":{"@id":"https:\/\/spacebridge.com\/product\/estella\/#breadcrumb"},"inLanguage":"fr-FR","potentialAction":[{"@type":"ReadAction","target":["https:\/\/spacebridge.com\/product\/estella\/"]}]},{"@type":"ImageObject","inLanguage":"fr-FR","@id":"https:\/\/spacebridge.com\/product\/estella\/#primaryimage","url":"https:\/\/spacebridge.com\/wp-content\/uploads\/2024\/01\/ESTELLA-hub-BLUE-light-on.png","contentUrl":"https:\/\/spacebridge.com\/wp-content\/uploads\/2024\/01\/ESTELLA-hub-BLUE-light-on.png","width":1590,"height":776},{"@type":"BreadcrumbList","@id":"https:\/\/spacebridge.com\/product\/estella\/#breadcrumb","itemListElement":[{"@type":"ListItem","position":1,"name":"Home","item":"https:\/\/spacebridge.com\/"},{"@type":"ListItem","position":2,"name":"Products","item":"https:\/\/spacebridge.com\/products\/"},{"@type":"ListItem","position":3,"name":"ESTELLA HUB"}]},{"@type":"WebSite","@id":"https:\/\/spacebridge.com\/#website","url":"https:\/\/spacebridge.com\/","name":"Spacebridge Inc.","description":"Broadband Satellite Communications Systems","publisher":{"@id":"https:\/\/spacebridge.com\/#organization"},"potentialAction":[{"@type":"SearchAction","target":{"@type":"EntryPoint","urlTemplate":"https:\/\/spacebridge.com\/?s={search_term_string}"},"query-input":{"@type":"PropertyValueSpecification","valueRequired":true,"valueName":"search_term_string"}}],"inLanguage":"fr-FR"},{"@type":"Organization","@id":"https:\/\/spacebridge.com\/#organization","name":"SpaceBridge Inc.","url":"https:\/\/spacebridge.com\/","logo":{"@type":"ImageObject","inLanguage":"fr-FR","@id":"https:\/\/spacebridge.com\/#\/schema\/logo\/image\/","url":"https:\/\/spacebridge.com\/wp-content\/uploads\/2024\/02\/SpaceBridge-logo-no-tagline-full-color-on-white-or-blue.png","contentUrl":"https:\/\/spacebridge.com\/wp-content\/uploads\/2024\/02\/SpaceBridge-logo-no-tagline-full-color-on-white-or-blue.png","width":1474,"height":730,"caption":"SpaceBridge Inc."},"image":{"@id":"https:\/\/spacebridge.com\/#\/schema\/logo\/image\/"},"sameAs":["https:\/\/www.linkedin.com\/company\/spacebridgeinc\/"]}]}},"_links":{"self":[{"href":"https:\/\/spacebridge.com\/fr\/wp-json\/wp\/v2\/product\/12279","targetHints":{"allow":["GET"]}}],"collection":[{"href":"https:\/\/spacebridge.com\/fr\/wp-json\/wp\/v2\/product"}],"about":[{"href":"https:\/\/spacebridge.com\/fr\/wp-json\/wp\/v2\/types\/product"}],"replies":[{"embeddable":true,"href":"https:\/\/spacebridge.com\/fr\/wp-json\/wp\/v2\/comments?post=12279"}],"version-history":[{"count":17,"href":"https:\/\/spacebridge.com\/fr\/wp-json\/wp\/v2\/product\/12279\/revisions"}],"predecessor-version":[{"id":16400,"href":"https:\/\/spacebridge.com\/fr\/wp-json\/wp\/v2\/product\/12279\/revisions\/16400"}],"wp:featuredmedia":[{"embeddable":true,"href":"https:\/\/spacebridge.com\/fr\/wp-json\/wp\/v2\/media\/13959"}],"wp:attachment":[{"href":"https:\/\/spacebridge.com\/fr\/wp-json\/wp\/v2\/media?parent=12279"}],"wp:term":[{"taxonomy":"product_brand","embeddable":true,"href":"https:\/\/spacebridge.com\/fr\/wp-json\/wp\/v2\/product_brand?post=12279"},{"taxonomy":"product_cat","embeddable":true,"href":"https:\/\/spacebridge.com\/fr\/wp-json\/wp\/v2\/product_cat?post=12279"},{"taxonomy":"product_tag","embeddable":true,"href":"https:\/\/spacebridge.com\/fr\/wp-json\/wp\/v2\/product_tag?post=12279"}],"curies":[{"name":"wp","href":"https:\/\/api.w.org\/{rel}","templated":true}]}}