{"id":11693,"date":"2023-06-12T17:43:15","date_gmt":"2023-06-12T17:43:15","guid":{"rendered":"https:\/\/spacebridge.com\/?post_type=product&#038;p=11693"},"modified":"2025-10-09T14:42:05","modified_gmt":"2025-10-09T14:42:05","slug":"100-w-ku-band-appendix-30b-15","status":"publish","type":"product","link":"https:\/\/spacebridge.com\/fr\/produit\/100-w-ku-band-appendix-30b-15\/","title":{"rendered":"BUC ext\u00e9rieur multicarrier 100W Ku-band Appendix-30B-15 ou Kx-band Gen III GaN"},"content":{"rendered":"","protected":false},"excerpt":{"rendered":"<p><span class=\"TextRun BCX0 SCXP193142320\" lang=\"EN-US\" xml:lang=\"EN-US\" data-scheme-color=\"@FFFFFF,,\" data-usefontface=\"true\" data-contrast=\"none\"><span class=\"NormalTextRun BCX0 SCXP193142320\">Ce BUC ext\u00e9rieur compact et puissant de 100 W, \u00e9quip\u00e9 de la technologie de pointe Gen III\u00a0<\/span><\/span><span class=\"TextRun BCX0 SCXP193142320\" lang=\"EN-US\" xml:lang=\"EN-US\" data-scheme-color=\"@FFFFFF,,\" data-usefontface=\"true\" data-contrast=\"none\"><span class=\"SpellingError BCX0 SCXP193142320\">GaN<\/span><span class=\"NormalTextRun BCX0 SCXP193142320\">\u00a0g\u00e9n\u00e9ration de pointe,\u00a0<\/span><\/span><span class=\"TextRun BCX0 SCXP193142320\" lang=\"EN-US\" xml:lang=\"EN-US\" data-scheme-color=\"@FFFFFF,,\" data-usefontface=\"true\" data-contrast=\"none\"><span class=\"NormalTextRun BCX0 SCXP193142320\">offre des performances RF exceptionnelles, une grande efficacit\u00e9 ainsi qu\u2019une excellente fiabilit\u00e9\u00a0<\/span><\/span><span class=\"TextRun BCX0 SCXP193142320\" lang=\"EN-US\" xml:lang=\"EN-US\" data-scheme-color=\"@FFFFFF,,\" data-usefontface=\"true\" data-contrast=\"none\"><span class=\"NormalTextRun BCX0 SCXP193142320\">pour des applications\u00a0<\/span><\/span><span class=\"TextRun BCX0 SCXP193142320\" lang=\"EN-US\" xml:lang=\"EN-US\" data-scheme-color=\"@FFFFFF,,\" data-usefontface=\"true\" data-contrast=\"none\"><span class=\"NormalTextRun BCX0 SCXP193142320\">monoporteuse ou multiporteuse.<\/span><\/span><\/p>","protected":false},"featured_media":16148,"comment_status":"open","ping_status":"closed","template":"","meta":{"_acf_changed":false},"product_brand":[],"product_cat":[173],"product_tag":[],"class_list":{"0":"post-11693","1":"product","2":"type-product","3":"status-publish","4":"has-post-thumbnail","6":"product_cat-rf-hpa-buc","8":"first","9":"instock","10":"shipping-taxable","11":"product-type-simple"},"acf":[],"yoast_head":"<!-- This site is optimized with the Yoast SEO plugin v27.3 - https:\/\/yoast.com\/product\/yoast-seo-wordpress\/ -->\n<title>100 W Ku-band Appendix-30B-15 or\u200b Kx- band Outdoor Multicarrier Gen III GaN BUC\u200b - Spacebridge Inc.<\/title>\n<meta name=\"description\" content=\"This compact and powerful 100 W Outdoor BUC, equipped with cutting-edge Gen III GaN technology boasts exceptional RF performance, efficiency and reliability for Single or Multicarrier Applications.\" \/>\n<meta name=\"robots\" content=\"index, follow, max-snippet:-1, max-image-preview:large, max-video-preview:-1\" \/>\n<link rel=\"canonical\" href=\"https:\/\/spacebridge.com\/fr\/produit\/100-w-ku-band-appendix-30b-15\/\" \/>\n<meta property=\"og:locale\" content=\"fr_FR\" \/>\n<meta property=\"og:type\" content=\"article\" \/>\n<meta property=\"og:title\" content=\"100 W Ku-band Appendix-30B-15 or\u200b Kx- band Outdoor Multicarrier Gen III GaN BUC\u200b - Spacebridge Inc.\" \/>\n<meta property=\"og:description\" content=\"This compact and powerful 100 W Outdoor BUC, equipped with cutting-edge Gen III GaN technology boasts exceptional RF performance, efficiency and reliability for Single or Multicarrier Applications.\" \/>\n<meta property=\"og:url\" content=\"https:\/\/spacebridge.com\/fr\/produit\/100-w-ku-band-appendix-30b-15\/\" \/>\n<meta property=\"og:site_name\" content=\"Spacebridge Inc.\" \/>\n<meta property=\"article:modified_time\" content=\"2025-10-09T14:42:05+00:00\" \/>\n<meta property=\"og:image\" content=\"https:\/\/spacebridge.com\/wp-content\/uploads\/2023\/06\/RF-with-logo.png\" \/>\n\t<meta property=\"og:image:width\" content=\"1094\" \/>\n\t<meta property=\"og:image:height\" content=\"1094\" \/>\n\t<meta property=\"og:image:type\" content=\"image\/png\" \/>\n<meta name=\"twitter:card\" content=\"summary_large_image\" \/>\n<script type=\"application\/ld+json\" class=\"yoast-schema-graph\">{\"@context\":\"https:\\\/\\\/schema.org\",\"@graph\":[{\"@type\":\"WebPage\",\"@id\":\"https:\\\/\\\/spacebridge.com\\\/product\\\/100-w-ku-band-appendix-30b-15\\\/\",\"url\":\"https:\\\/\\\/spacebridge.com\\\/product\\\/100-w-ku-band-appendix-30b-15\\\/\",\"name\":\"100 W Ku-band Appendix-30B-15 or\u200b Kx- band Outdoor Multicarrier Gen III GaN BUC\u200b - Spacebridge Inc.\",\"isPartOf\":{\"@id\":\"https:\\\/\\\/spacebridge.com\\\/#website\"},\"primaryImageOfPage\":{\"@id\":\"https:\\\/\\\/spacebridge.com\\\/product\\\/100-w-ku-band-appendix-30b-15\\\/#primaryimage\"},\"image\":{\"@id\":\"https:\\\/\\\/spacebridge.com\\\/product\\\/100-w-ku-band-appendix-30b-15\\\/#primaryimage\"},\"thumbnailUrl\":\"https:\\\/\\\/spacebridge.com\\\/wp-content\\\/uploads\\\/2023\\\/06\\\/RF-with-logo.png\",\"datePublished\":\"2023-06-12T17:43:15+00:00\",\"dateModified\":\"2025-10-09T14:42:05+00:00\",\"description\":\"This compact and powerful 100 W Outdoor BUC, equipped with cutting-edge Gen III GaN technology boasts exceptional RF performance, efficiency and reliability for Single or Multicarrier Applications.\",\"breadcrumb\":{\"@id\":\"https:\\\/\\\/spacebridge.com\\\/product\\\/100-w-ku-band-appendix-30b-15\\\/#breadcrumb\"},\"inLanguage\":\"fr-FR\",\"potentialAction\":[{\"@type\":\"ReadAction\",\"target\":[\"https:\\\/\\\/spacebridge.com\\\/product\\\/100-w-ku-band-appendix-30b-15\\\/\"]}]},{\"@type\":\"ImageObject\",\"inLanguage\":\"fr-FR\",\"@id\":\"https:\\\/\\\/spacebridge.com\\\/product\\\/100-w-ku-band-appendix-30b-15\\\/#primaryimage\",\"url\":\"https:\\\/\\\/spacebridge.com\\\/wp-content\\\/uploads\\\/2023\\\/06\\\/RF-with-logo.png\",\"contentUrl\":\"https:\\\/\\\/spacebridge.com\\\/wp-content\\\/uploads\\\/2023\\\/06\\\/RF-with-logo.png\",\"width\":1094,\"height\":1094,\"caption\":\"medium power buc\"},{\"@type\":\"BreadcrumbList\",\"@id\":\"https:\\\/\\\/spacebridge.com\\\/product\\\/100-w-ku-band-appendix-30b-15\\\/#breadcrumb\",\"itemListElement\":[{\"@type\":\"ListItem\",\"position\":1,\"name\":\"Home\",\"item\":\"https:\\\/\\\/spacebridge.com\\\/\"},{\"@type\":\"ListItem\",\"position\":2,\"name\":\"Products\",\"item\":\"https:\\\/\\\/spacebridge.com\\\/products\\\/\"},{\"@type\":\"ListItem\",\"position\":3,\"name\":\"100 W Ku-band Appendix-30B-15 or\u200b Kx- band Outdoor Multicarrier Gen III GaN BUC\u200b\"}]},{\"@type\":\"WebSite\",\"@id\":\"https:\\\/\\\/spacebridge.com\\\/#website\",\"url\":\"https:\\\/\\\/spacebridge.com\\\/\",\"name\":\"Spacebridge Inc.\",\"description\":\"Broadband Satellite Communications Systems\",\"publisher\":{\"@id\":\"https:\\\/\\\/spacebridge.com\\\/#organization\"},\"potentialAction\":[{\"@type\":\"SearchAction\",\"target\":{\"@type\":\"EntryPoint\",\"urlTemplate\":\"https:\\\/\\\/spacebridge.com\\\/?s={search_term_string}\"},\"query-input\":{\"@type\":\"PropertyValueSpecification\",\"valueRequired\":true,\"valueName\":\"search_term_string\"}}],\"inLanguage\":\"fr-FR\"},{\"@type\":\"Organization\",\"@id\":\"https:\\\/\\\/spacebridge.com\\\/#organization\",\"name\":\"SpaceBridge Inc.\",\"url\":\"https:\\\/\\\/spacebridge.com\\\/\",\"logo\":{\"@type\":\"ImageObject\",\"inLanguage\":\"fr-FR\",\"@id\":\"https:\\\/\\\/spacebridge.com\\\/#\\\/schema\\\/logo\\\/image\\\/\",\"url\":\"https:\\\/\\\/spacebridge.com\\\/wp-content\\\/uploads\\\/2024\\\/02\\\/SpaceBridge-logo-no-tagline-full-color-on-white-or-blue.png\",\"contentUrl\":\"https:\\\/\\\/spacebridge.com\\\/wp-content\\\/uploads\\\/2024\\\/02\\\/SpaceBridge-logo-no-tagline-full-color-on-white-or-blue.png\",\"width\":1474,\"height\":730,\"caption\":\"SpaceBridge Inc.\"},\"image\":{\"@id\":\"https:\\\/\\\/spacebridge.com\\\/#\\\/schema\\\/logo\\\/image\\\/\"},\"sameAs\":[\"https:\\\/\\\/www.linkedin.com\\\/company\\\/spacebridgeinc\\\/\"]}]}<\/script>\n<!-- \/ Yoast SEO plugin. -->","yoast_head_json":{"title":"100 W Ku-band Appendix-30B-15 or\u200b Kx- band Outdoor Multicarrier Gen III GaN BUC\u200b - Spacebridge Inc.","description":"This compact and powerful 100 W Outdoor BUC, equipped with cutting-edge Gen III GaN technology boasts exceptional RF performance, efficiency and reliability for Single or Multicarrier Applications.","robots":{"index":"index","follow":"follow","max-snippet":"max-snippet:-1","max-image-preview":"max-image-preview:large","max-video-preview":"max-video-preview:-1"},"canonical":"https:\/\/spacebridge.com\/fr\/produit\/100-w-ku-band-appendix-30b-15\/","og_locale":"fr_FR","og_type":"article","og_title":"100 W Ku-band Appendix-30B-15 or\u200b Kx- band Outdoor Multicarrier Gen III GaN BUC\u200b - Spacebridge Inc.","og_description":"This compact and powerful 100 W Outdoor BUC, equipped with cutting-edge Gen III GaN technology boasts exceptional RF performance, efficiency and reliability for Single or Multicarrier Applications.","og_url":"https:\/\/spacebridge.com\/fr\/produit\/100-w-ku-band-appendix-30b-15\/","og_site_name":"Spacebridge Inc.","article_modified_time":"2025-10-09T14:42:05+00:00","og_image":[{"width":1094,"height":1094,"url":"https:\/\/spacebridge.com\/wp-content\/uploads\/2023\/06\/RF-with-logo.png","type":"image\/png"}],"twitter_card":"summary_large_image","schema":{"@context":"https:\/\/schema.org","@graph":[{"@type":"WebPage","@id":"https:\/\/spacebridge.com\/product\/100-w-ku-band-appendix-30b-15\/","url":"https:\/\/spacebridge.com\/product\/100-w-ku-band-appendix-30b-15\/","name":"100 W Ku-band Appendix-30B-15 or\u200b Kx- band Outdoor Multicarrier Gen III GaN BUC\u200b - Spacebridge Inc.","isPartOf":{"@id":"https:\/\/spacebridge.com\/#website"},"primaryImageOfPage":{"@id":"https:\/\/spacebridge.com\/product\/100-w-ku-band-appendix-30b-15\/#primaryimage"},"image":{"@id":"https:\/\/spacebridge.com\/product\/100-w-ku-band-appendix-30b-15\/#primaryimage"},"thumbnailUrl":"https:\/\/spacebridge.com\/wp-content\/uploads\/2023\/06\/RF-with-logo.png","datePublished":"2023-06-12T17:43:15+00:00","dateModified":"2025-10-09T14:42:05+00:00","description":"This compact and powerful 100 W Outdoor BUC, equipped with cutting-edge Gen III GaN technology boasts exceptional RF performance, efficiency and reliability for Single or Multicarrier Applications.","breadcrumb":{"@id":"https:\/\/spacebridge.com\/product\/100-w-ku-band-appendix-30b-15\/#breadcrumb"},"inLanguage":"fr-FR","potentialAction":[{"@type":"ReadAction","target":["https:\/\/spacebridge.com\/product\/100-w-ku-band-appendix-30b-15\/"]}]},{"@type":"ImageObject","inLanguage":"fr-FR","@id":"https:\/\/spacebridge.com\/product\/100-w-ku-band-appendix-30b-15\/#primaryimage","url":"https:\/\/spacebridge.com\/wp-content\/uploads\/2023\/06\/RF-with-logo.png","contentUrl":"https:\/\/spacebridge.com\/wp-content\/uploads\/2023\/06\/RF-with-logo.png","width":1094,"height":1094,"caption":"medium power buc"},{"@type":"BreadcrumbList","@id":"https:\/\/spacebridge.com\/product\/100-w-ku-band-appendix-30b-15\/#breadcrumb","itemListElement":[{"@type":"ListItem","position":1,"name":"Home","item":"https:\/\/spacebridge.com\/"},{"@type":"ListItem","position":2,"name":"Products","item":"https:\/\/spacebridge.com\/products\/"},{"@type":"ListItem","position":3,"name":"100 W Ku-band Appendix-30B-15 or\u200b Kx- band Outdoor Multicarrier Gen III GaN BUC\u200b"}]},{"@type":"WebSite","@id":"https:\/\/spacebridge.com\/#website","url":"https:\/\/spacebridge.com\/","name":"Spacebridge Inc.","description":"Broadband Satellite Communications Systems","publisher":{"@id":"https:\/\/spacebridge.com\/#organization"},"potentialAction":[{"@type":"SearchAction","target":{"@type":"EntryPoint","urlTemplate":"https:\/\/spacebridge.com\/?s={search_term_string}"},"query-input":{"@type":"PropertyValueSpecification","valueRequired":true,"valueName":"search_term_string"}}],"inLanguage":"fr-FR"},{"@type":"Organization","@id":"https:\/\/spacebridge.com\/#organization","name":"SpaceBridge Inc.","url":"https:\/\/spacebridge.com\/","logo":{"@type":"ImageObject","inLanguage":"fr-FR","@id":"https:\/\/spacebridge.com\/#\/schema\/logo\/image\/","url":"https:\/\/spacebridge.com\/wp-content\/uploads\/2024\/02\/SpaceBridge-logo-no-tagline-full-color-on-white-or-blue.png","contentUrl":"https:\/\/spacebridge.com\/wp-content\/uploads\/2024\/02\/SpaceBridge-logo-no-tagline-full-color-on-white-or-blue.png","width":1474,"height":730,"caption":"SpaceBridge Inc."},"image":{"@id":"https:\/\/spacebridge.com\/#\/schema\/logo\/image\/"},"sameAs":["https:\/\/www.linkedin.com\/company\/spacebridgeinc\/"]}]}},"_links":{"self":[{"href":"https:\/\/spacebridge.com\/fr\/wp-json\/wp\/v2\/product\/11693","targetHints":{"allow":["GET"]}}],"collection":[{"href":"https:\/\/spacebridge.com\/fr\/wp-json\/wp\/v2\/product"}],"about":[{"href":"https:\/\/spacebridge.com\/fr\/wp-json\/wp\/v2\/types\/product"}],"replies":[{"embeddable":true,"href":"https:\/\/spacebridge.com\/fr\/wp-json\/wp\/v2\/comments?post=11693"}],"version-history":[{"count":3,"href":"https:\/\/spacebridge.com\/fr\/wp-json\/wp\/v2\/product\/11693\/revisions"}],"predecessor-version":[{"id":16171,"href":"https:\/\/spacebridge.com\/fr\/wp-json\/wp\/v2\/product\/11693\/revisions\/16171"}],"wp:featuredmedia":[{"embeddable":true,"href":"https:\/\/spacebridge.com\/fr\/wp-json\/wp\/v2\/media\/16148"}],"wp:attachment":[{"href":"https:\/\/spacebridge.com\/fr\/wp-json\/wp\/v2\/media?parent=11693"}],"wp:term":[{"taxonomy":"product_brand","embeddable":true,"href":"https:\/\/spacebridge.com\/fr\/wp-json\/wp\/v2\/product_brand?post=11693"},{"taxonomy":"product_cat","embeddable":true,"href":"https:\/\/spacebridge.com\/fr\/wp-json\/wp\/v2\/product_cat?post=11693"},{"taxonomy":"product_tag","embeddable":true,"href":"https:\/\/spacebridge.com\/fr\/wp-json\/wp\/v2\/product_tag?post=11693"}],"curies":[{"name":"wp","href":"https:\/\/api.w.org\/{rel}","templated":true}]}}