{"id":11683,"date":"2023-06-12T15:59:24","date_gmt":"2023-06-12T15:59:24","guid":{"rendered":"https:\/\/spacebridge.com\/?post_type=product&#038;p=11683"},"modified":"2025-10-09T14:41:01","modified_gmt":"2025-10-09T14:41:01","slug":"125-w-ku-band-appendix-30b-15","status":"publish","type":"product","link":"https:\/\/spacebridge.com\/fr\/produit\/125-w-ku-band-appendix-30b-15\/","title":{"rendered":"BUC ext\u00e9rieur multicarrier 125W Ku-band Appendix-30B-15 ou Kx-band Gen III GaN"},"content":{"rendered":"","protected":false},"excerpt":{"rendered":"<p><b>Ce BUC ext\u00e9rieur compact et puissant de 125 W, \u00e9quip\u00e9 de la technologie de pointe Gen III GaN, offre des performances RF exceptionnelles, une haute efficacit\u00e9 et une fiabilit\u00e9 remarquable pour les applications monocanal ou multicanal.<\/b><\/p>","protected":false},"featured_media":16148,"comment_status":"open","ping_status":"closed","template":"","meta":{"_acf_changed":false},"product_brand":[],"product_cat":[173],"product_tag":[],"class_list":{"0":"post-11683","1":"product","2":"type-product","3":"status-publish","4":"has-post-thumbnail","6":"product_cat-rf-hpa-buc","8":"first","9":"instock","10":"shipping-taxable","11":"product-type-simple"},"acf":[],"yoast_head":"<!-- This site is optimized with the Yoast SEO plugin v27.4 - https:\/\/yoast.com\/product\/yoast-seo-wordpress\/ -->\n<title>125 W Ku-band Appendix-30B-15 or Kx- band Outdoor Multicarrier Gen III GaN BUC - Spacebridge Inc.<\/title>\n<meta name=\"description\" content=\"This compact and powerful 125 W Outdoor BUC, equipped with cutting-edge Gen III GaN technology, it boasts exceptional RF performance, efficiency and reliability for Single or Multicarrier Application.\" \/>\n<meta name=\"robots\" content=\"index, follow, max-snippet:-1, max-image-preview:large, max-video-preview:-1\" \/>\n<link rel=\"canonical\" href=\"https:\/\/spacebridge.com\/fr\/produit\/125-w-ku-band-appendix-30b-15\/\" \/>\n<meta property=\"og:locale\" content=\"fr_FR\" \/>\n<meta property=\"og:type\" content=\"article\" \/>\n<meta property=\"og:title\" content=\"125 W Ku-band Appendix-30B-15 or Kx- band Outdoor Multicarrier Gen III GaN BUC - Spacebridge Inc.\" \/>\n<meta property=\"og:description\" content=\"This compact and powerful 125 W Outdoor BUC, equipped with cutting-edge Gen III GaN technology, it boasts exceptional RF performance, efficiency and reliability for Single or Multicarrier Application.\" \/>\n<meta property=\"og:url\" content=\"https:\/\/spacebridge.com\/fr\/produit\/125-w-ku-band-appendix-30b-15\/\" \/>\n<meta property=\"og:site_name\" content=\"Spacebridge Inc.\" \/>\n<meta property=\"article:modified_time\" content=\"2025-10-09T14:41:01+00:00\" \/>\n<meta property=\"og:image\" content=\"https:\/\/spacebridge.com\/wp-content\/uploads\/2023\/06\/RF-with-logo.png\" \/>\n\t<meta property=\"og:image:width\" content=\"1094\" \/>\n\t<meta property=\"og:image:height\" content=\"1094\" \/>\n\t<meta property=\"og:image:type\" content=\"image\/png\" \/>\n<meta name=\"twitter:card\" content=\"summary_large_image\" \/>\n<script type=\"application\/ld+json\" class=\"yoast-schema-graph\">{\"@context\":\"https:\\\/\\\/schema.org\",\"@graph\":[{\"@type\":\"WebPage\",\"@id\":\"https:\\\/\\\/spacebridge.com\\\/product\\\/125-w-ku-band-appendix-30b-15\\\/\",\"url\":\"https:\\\/\\\/spacebridge.com\\\/product\\\/125-w-ku-band-appendix-30b-15\\\/\",\"name\":\"125 W Ku-band Appendix-30B-15 or Kx- band Outdoor Multicarrier Gen III GaN BUC - Spacebridge Inc.\",\"isPartOf\":{\"@id\":\"https:\\\/\\\/spacebridge.com\\\/#website\"},\"primaryImageOfPage\":{\"@id\":\"https:\\\/\\\/spacebridge.com\\\/product\\\/125-w-ku-band-appendix-30b-15\\\/#primaryimage\"},\"image\":{\"@id\":\"https:\\\/\\\/spacebridge.com\\\/product\\\/125-w-ku-band-appendix-30b-15\\\/#primaryimage\"},\"thumbnailUrl\":\"https:\\\/\\\/spacebridge.com\\\/wp-content\\\/uploads\\\/2023\\\/06\\\/RF-with-logo.png\",\"datePublished\":\"2023-06-12T15:59:24+00:00\",\"dateModified\":\"2025-10-09T14:41:01+00:00\",\"description\":\"This compact and powerful 125 W Outdoor BUC, equipped with cutting-edge Gen III GaN technology, it boasts exceptional RF performance, efficiency and reliability for Single or Multicarrier Application.\",\"breadcrumb\":{\"@id\":\"https:\\\/\\\/spacebridge.com\\\/product\\\/125-w-ku-band-appendix-30b-15\\\/#breadcrumb\"},\"inLanguage\":\"fr-FR\",\"potentialAction\":[{\"@type\":\"ReadAction\",\"target\":[\"https:\\\/\\\/spacebridge.com\\\/product\\\/125-w-ku-band-appendix-30b-15\\\/\"]}]},{\"@type\":\"ImageObject\",\"inLanguage\":\"fr-FR\",\"@id\":\"https:\\\/\\\/spacebridge.com\\\/product\\\/125-w-ku-band-appendix-30b-15\\\/#primaryimage\",\"url\":\"https:\\\/\\\/spacebridge.com\\\/wp-content\\\/uploads\\\/2023\\\/06\\\/RF-with-logo.png\",\"contentUrl\":\"https:\\\/\\\/spacebridge.com\\\/wp-content\\\/uploads\\\/2023\\\/06\\\/RF-with-logo.png\",\"width\":1094,\"height\":1094,\"caption\":\"medium power buc\"},{\"@type\":\"BreadcrumbList\",\"@id\":\"https:\\\/\\\/spacebridge.com\\\/product\\\/125-w-ku-band-appendix-30b-15\\\/#breadcrumb\",\"itemListElement\":[{\"@type\":\"ListItem\",\"position\":1,\"name\":\"Home\",\"item\":\"https:\\\/\\\/spacebridge.com\\\/\"},{\"@type\":\"ListItem\",\"position\":2,\"name\":\"Products\",\"item\":\"https:\\\/\\\/spacebridge.com\\\/products\\\/\"},{\"@type\":\"ListItem\",\"position\":3,\"name\":\"125 W Ku-band Appendix-30B-15 or Kx- band Outdoor Multicarrier Gen III GaN BUC\"}]},{\"@type\":\"WebSite\",\"@id\":\"https:\\\/\\\/spacebridge.com\\\/#website\",\"url\":\"https:\\\/\\\/spacebridge.com\\\/\",\"name\":\"Spacebridge Inc.\",\"description\":\"Broadband Satellite Communications Systems\",\"publisher\":{\"@id\":\"https:\\\/\\\/spacebridge.com\\\/#organization\"},\"potentialAction\":[{\"@type\":\"SearchAction\",\"target\":{\"@type\":\"EntryPoint\",\"urlTemplate\":\"https:\\\/\\\/spacebridge.com\\\/?s={search_term_string}\"},\"query-input\":{\"@type\":\"PropertyValueSpecification\",\"valueRequired\":true,\"valueName\":\"search_term_string\"}}],\"inLanguage\":\"fr-FR\"},{\"@type\":\"Organization\",\"@id\":\"https:\\\/\\\/spacebridge.com\\\/#organization\",\"name\":\"SpaceBridge Inc.\",\"url\":\"https:\\\/\\\/spacebridge.com\\\/\",\"logo\":{\"@type\":\"ImageObject\",\"inLanguage\":\"fr-FR\",\"@id\":\"https:\\\/\\\/spacebridge.com\\\/#\\\/schema\\\/logo\\\/image\\\/\",\"url\":\"https:\\\/\\\/spacebridge.com\\\/wp-content\\\/uploads\\\/2024\\\/02\\\/SpaceBridge-logo-no-tagline-full-color-on-white-or-blue.png\",\"contentUrl\":\"https:\\\/\\\/spacebridge.com\\\/wp-content\\\/uploads\\\/2024\\\/02\\\/SpaceBridge-logo-no-tagline-full-color-on-white-or-blue.png\",\"width\":1474,\"height\":730,\"caption\":\"SpaceBridge Inc.\"},\"image\":{\"@id\":\"https:\\\/\\\/spacebridge.com\\\/#\\\/schema\\\/logo\\\/image\\\/\"},\"sameAs\":[\"https:\\\/\\\/www.linkedin.com\\\/company\\\/spacebridgeinc\\\/\"]}]}<\/script>\n<!-- \/ Yoast SEO plugin. -->","yoast_head_json":{"title":"125 W Ku-band Appendix-30B-15 or Kx- band Outdoor Multicarrier Gen III GaN BUC - Spacebridge Inc.","description":"Ce BUC ext\u00e9rieur compact et puissant de 125 W, \u00e9quip\u00e9 de la technologie de pointe Gen III GaN, offre des performances RF exceptionnelles, une haute efficacit\u00e9 et une fiabilit\u00e9 remarquable pour les applications monocanal ou multicanal.","robots":{"index":"index","follow":"follow","max-snippet":"max-snippet:-1","max-image-preview":"max-image-preview:large","max-video-preview":"max-video-preview:-1"},"canonical":"https:\/\/spacebridge.com\/fr\/produit\/125-w-ku-band-appendix-30b-15\/","og_locale":"fr_FR","og_type":"article","og_title":"125 W Ku-band Appendix-30B-15 or Kx- band Outdoor Multicarrier Gen III GaN BUC - Spacebridge Inc.","og_description":"This compact and powerful 125 W Outdoor BUC, equipped with cutting-edge Gen III GaN technology, it boasts exceptional RF performance, efficiency and reliability for Single or Multicarrier Application.","og_url":"https:\/\/spacebridge.com\/fr\/produit\/125-w-ku-band-appendix-30b-15\/","og_site_name":"Spacebridge Inc.","article_modified_time":"2025-10-09T14:41:01+00:00","og_image":[{"width":1094,"height":1094,"url":"https:\/\/spacebridge.com\/wp-content\/uploads\/2023\/06\/RF-with-logo.png","type":"image\/png"}],"twitter_card":"summary_large_image","schema":{"@context":"https:\/\/schema.org","@graph":[{"@type":"WebPage","@id":"https:\/\/spacebridge.com\/product\/125-w-ku-band-appendix-30b-15\/","url":"https:\/\/spacebridge.com\/product\/125-w-ku-band-appendix-30b-15\/","name":"125 W Ku-band Appendix-30B-15 or Kx- band Outdoor Multicarrier Gen III GaN BUC - Spacebridge Inc.","isPartOf":{"@id":"https:\/\/spacebridge.com\/#website"},"primaryImageOfPage":{"@id":"https:\/\/spacebridge.com\/product\/125-w-ku-band-appendix-30b-15\/#primaryimage"},"image":{"@id":"https:\/\/spacebridge.com\/product\/125-w-ku-band-appendix-30b-15\/#primaryimage"},"thumbnailUrl":"https:\/\/spacebridge.com\/wp-content\/uploads\/2023\/06\/RF-with-logo.png","datePublished":"2023-06-12T15:59:24+00:00","dateModified":"2025-10-09T14:41:01+00:00","description":"Ce BUC ext\u00e9rieur compact et puissant de 125 W, \u00e9quip\u00e9 de la technologie de pointe Gen III GaN, offre des performances RF exceptionnelles, une haute efficacit\u00e9 et une fiabilit\u00e9 remarquable pour les applications monocanal ou multicanal.","breadcrumb":{"@id":"https:\/\/spacebridge.com\/product\/125-w-ku-band-appendix-30b-15\/#breadcrumb"},"inLanguage":"fr-FR","potentialAction":[{"@type":"ReadAction","target":["https:\/\/spacebridge.com\/product\/125-w-ku-band-appendix-30b-15\/"]}]},{"@type":"ImageObject","inLanguage":"fr-FR","@id":"https:\/\/spacebridge.com\/product\/125-w-ku-band-appendix-30b-15\/#primaryimage","url":"https:\/\/spacebridge.com\/wp-content\/uploads\/2023\/06\/RF-with-logo.png","contentUrl":"https:\/\/spacebridge.com\/wp-content\/uploads\/2023\/06\/RF-with-logo.png","width":1094,"height":1094,"caption":"medium power buc"},{"@type":"BreadcrumbList","@id":"https:\/\/spacebridge.com\/product\/125-w-ku-band-appendix-30b-15\/#breadcrumb","itemListElement":[{"@type":"ListItem","position":1,"name":"Home","item":"https:\/\/spacebridge.com\/"},{"@type":"ListItem","position":2,"name":"Products","item":"https:\/\/spacebridge.com\/products\/"},{"@type":"ListItem","position":3,"name":"125 W Ku-band Appendix-30B-15 or Kx- band Outdoor Multicarrier Gen III GaN BUC"}]},{"@type":"WebSite","@id":"https:\/\/spacebridge.com\/#website","url":"https:\/\/spacebridge.com\/","name":"Spacebridge Inc.","description":"Broadband Satellite Communications Systems","publisher":{"@id":"https:\/\/spacebridge.com\/#organization"},"potentialAction":[{"@type":"SearchAction","target":{"@type":"EntryPoint","urlTemplate":"https:\/\/spacebridge.com\/?s={search_term_string}"},"query-input":{"@type":"PropertyValueSpecification","valueRequired":true,"valueName":"search_term_string"}}],"inLanguage":"fr-FR"},{"@type":"Organization","@id":"https:\/\/spacebridge.com\/#organization","name":"SpaceBridge Inc.","url":"https:\/\/spacebridge.com\/","logo":{"@type":"ImageObject","inLanguage":"fr-FR","@id":"https:\/\/spacebridge.com\/#\/schema\/logo\/image\/","url":"https:\/\/spacebridge.com\/wp-content\/uploads\/2024\/02\/SpaceBridge-logo-no-tagline-full-color-on-white-or-blue.png","contentUrl":"https:\/\/spacebridge.com\/wp-content\/uploads\/2024\/02\/SpaceBridge-logo-no-tagline-full-color-on-white-or-blue.png","width":1474,"height":730,"caption":"SpaceBridge Inc."},"image":{"@id":"https:\/\/spacebridge.com\/#\/schema\/logo\/image\/"},"sameAs":["https:\/\/www.linkedin.com\/company\/spacebridgeinc\/"]}]}},"_links":{"self":[{"href":"https:\/\/spacebridge.com\/fr\/wp-json\/wp\/v2\/product\/11683","targetHints":{"allow":["GET"]}}],"collection":[{"href":"https:\/\/spacebridge.com\/fr\/wp-json\/wp\/v2\/product"}],"about":[{"href":"https:\/\/spacebridge.com\/fr\/wp-json\/wp\/v2\/types\/product"}],"replies":[{"embeddable":true,"href":"https:\/\/spacebridge.com\/fr\/wp-json\/wp\/v2\/comments?post=11683"}],"version-history":[{"count":3,"href":"https:\/\/spacebridge.com\/fr\/wp-json\/wp\/v2\/product\/11683\/revisions"}],"predecessor-version":[{"id":16170,"href":"https:\/\/spacebridge.com\/fr\/wp-json\/wp\/v2\/product\/11683\/revisions\/16170"}],"wp:featuredmedia":[{"embeddable":true,"href":"https:\/\/spacebridge.com\/fr\/wp-json\/wp\/v2\/media\/16148"}],"wp:attachment":[{"href":"https:\/\/spacebridge.com\/fr\/wp-json\/wp\/v2\/media?parent=11683"}],"wp:term":[{"taxonomy":"product_brand","embeddable":true,"href":"https:\/\/spacebridge.com\/fr\/wp-json\/wp\/v2\/product_brand?post=11683"},{"taxonomy":"product_cat","embeddable":true,"href":"https:\/\/spacebridge.com\/fr\/wp-json\/wp\/v2\/product_cat?post=11683"},{"taxonomy":"product_tag","embeddable":true,"href":"https:\/\/spacebridge.com\/fr\/wp-json\/wp\/v2\/product_tag?post=11683"}],"curies":[{"name":"wp","href":"https:\/\/api.w.org\/{rel}","templated":true}]}}