{"id":11321,"date":"2022-12-01T19:34:51","date_gmt":"2022-12-01T19:34:51","guid":{"rendered":"https:\/\/spacebridge.com\/?post_type=product&#038;p=11321"},"modified":"2025-02-07T19:02:39","modified_gmt":"2025-02-07T19:02:39","slug":"sbfa120ua","status":"publish","type":"product","link":"https:\/\/spacebridge.com\/fr\/produit\/sbfa120ua\/","title":{"rendered":"SBFA120 \u2013 Antenne Flyaway Auto-Pointing 1,2 m Ku et Ka-band"},"content":{"rendered":"","protected":false},"excerpt":{"rendered":"<h3>Pr\u00e9sentation du produit<\/h3>\n<p>Cette antenne auto-pointing l\u00e9g\u00e8re et robuste est adapt\u00e9e aux applications les plus exigeantes et critiques pour les missions, aussi bien en Ku-band qu\u2019en Ka-band.<\/p>\n<p>&nbsp;<\/p>","protected":false},"featured_media":11322,"comment_status":"open","ping_status":"closed","template":"","meta":{"_acf_changed":false},"product_brand":[],"product_cat":[166],"product_tag":[],"class_list":{"0":"post-11321","1":"product","2":"type-product","3":"status-publish","4":"has-post-thumbnail","6":"product_cat-antennas-mobility","8":"first","9":"instock","10":"shipping-taxable","11":"product-type-simple"},"acf":[],"yoast_head":"<!-- This site is optimized with the Yoast SEO plugin v27.3 - https:\/\/yoast.com\/product\/yoast-seo-wordpress\/ -->\n<title>SBFA120 - 1.2m Ku and Ka-Bands Auto-Pointing Flyaway Antenna - Spacebridge Inc.<\/title>\n<meta name=\"description\" content=\"This lightweight rugged auto-pointing antenna is suitable for the most demanding and mission critical applications, both on Ku and Ka-bands.\" \/>\n<meta name=\"robots\" content=\"index, follow, max-snippet:-1, max-image-preview:large, max-video-preview:-1\" \/>\n<link rel=\"canonical\" href=\"https:\/\/spacebridge.com\/fr\/produit\/sbfa120ua\/\" \/>\n<meta property=\"og:locale\" content=\"fr_FR\" \/>\n<meta property=\"og:type\" content=\"article\" \/>\n<meta property=\"og:title\" content=\"SBFA120 - 1.2m Ku and Ka-Bands Auto-Pointing Flyaway Antenna - Spacebridge Inc.\" \/>\n<meta property=\"og:description\" content=\"This lightweight rugged auto-pointing antenna is suitable for the most demanding and mission critical applications, both on Ku and Ka-bands.\" \/>\n<meta property=\"og:url\" content=\"https:\/\/spacebridge.com\/fr\/produit\/sbfa120ua\/\" \/>\n<meta property=\"og:site_name\" content=\"Spacebridge Inc.\" \/>\n<meta property=\"article:modified_time\" content=\"2025-02-07T19:02:39+00:00\" \/>\n<meta property=\"og:image\" content=\"https:\/\/spacebridge.com\/wp-content\/uploads\/2022\/12\/Untitled-design-84.jpg\" \/>\n\t<meta property=\"og:image:width\" content=\"1000\" \/>\n\t<meta property=\"og:image:height\" content=\"1000\" \/>\n\t<meta property=\"og:image:type\" content=\"image\/jpeg\" \/>\n<meta name=\"twitter:card\" content=\"summary_large_image\" \/>\n<script type=\"application\/ld+json\" class=\"yoast-schema-graph\">{\"@context\":\"https:\\\/\\\/schema.org\",\"@graph\":[{\"@type\":\"WebPage\",\"@id\":\"https:\\\/\\\/spacebridge.com\\\/product\\\/sbfa120ua\\\/\",\"url\":\"https:\\\/\\\/spacebridge.com\\\/product\\\/sbfa120ua\\\/\",\"name\":\"SBFA120 - 1.2m Ku and Ka-Bands Auto-Pointing Flyaway Antenna - Spacebridge Inc.\",\"isPartOf\":{\"@id\":\"https:\\\/\\\/spacebridge.com\\\/#website\"},\"primaryImageOfPage\":{\"@id\":\"https:\\\/\\\/spacebridge.com\\\/product\\\/sbfa120ua\\\/#primaryimage\"},\"image\":{\"@id\":\"https:\\\/\\\/spacebridge.com\\\/product\\\/sbfa120ua\\\/#primaryimage\"},\"thumbnailUrl\":\"https:\\\/\\\/spacebridge.com\\\/wp-content\\\/uploads\\\/2022\\\/12\\\/Untitled-design-84.jpg\",\"datePublished\":\"2022-12-01T19:34:51+00:00\",\"dateModified\":\"2025-02-07T19:02:39+00:00\",\"description\":\"This lightweight rugged auto-pointing antenna is suitable for the most demanding and mission critical applications, both on Ku and Ka-bands.\",\"breadcrumb\":{\"@id\":\"https:\\\/\\\/spacebridge.com\\\/product\\\/sbfa120ua\\\/#breadcrumb\"},\"inLanguage\":\"fr-FR\",\"potentialAction\":[{\"@type\":\"ReadAction\",\"target\":[\"https:\\\/\\\/spacebridge.com\\\/product\\\/sbfa120ua\\\/\"]}]},{\"@type\":\"ImageObject\",\"inLanguage\":\"fr-FR\",\"@id\":\"https:\\\/\\\/spacebridge.com\\\/product\\\/sbfa120ua\\\/#primaryimage\",\"url\":\"https:\\\/\\\/spacebridge.com\\\/wp-content\\\/uploads\\\/2022\\\/12\\\/Untitled-design-84.jpg\",\"contentUrl\":\"https:\\\/\\\/spacebridge.com\\\/wp-content\\\/uploads\\\/2022\\\/12\\\/Untitled-design-84.jpg\",\"width\":1000,\"height\":1000,\"caption\":\"antenna and modem\"},{\"@type\":\"BreadcrumbList\",\"@id\":\"https:\\\/\\\/spacebridge.com\\\/product\\\/sbfa120ua\\\/#breadcrumb\",\"itemListElement\":[{\"@type\":\"ListItem\",\"position\":1,\"name\":\"Home\",\"item\":\"https:\\\/\\\/spacebridge.com\\\/\"},{\"@type\":\"ListItem\",\"position\":2,\"name\":\"Products\",\"item\":\"https:\\\/\\\/spacebridge.com\\\/products\\\/\"},{\"@type\":\"ListItem\",\"position\":3,\"name\":\"SBFA120 &#8211; 1.2m Ku and Ka-Bands Auto-Pointing Flyaway Antenna\"}]},{\"@type\":\"WebSite\",\"@id\":\"https:\\\/\\\/spacebridge.com\\\/#website\",\"url\":\"https:\\\/\\\/spacebridge.com\\\/\",\"name\":\"Spacebridge Inc.\",\"description\":\"Broadband Satellite Communications Systems\",\"publisher\":{\"@id\":\"https:\\\/\\\/spacebridge.com\\\/#organization\"},\"potentialAction\":[{\"@type\":\"SearchAction\",\"target\":{\"@type\":\"EntryPoint\",\"urlTemplate\":\"https:\\\/\\\/spacebridge.com\\\/?s={search_term_string}\"},\"query-input\":{\"@type\":\"PropertyValueSpecification\",\"valueRequired\":true,\"valueName\":\"search_term_string\"}}],\"inLanguage\":\"fr-FR\"},{\"@type\":\"Organization\",\"@id\":\"https:\\\/\\\/spacebridge.com\\\/#organization\",\"name\":\"SpaceBridge Inc.\",\"url\":\"https:\\\/\\\/spacebridge.com\\\/\",\"logo\":{\"@type\":\"ImageObject\",\"inLanguage\":\"fr-FR\",\"@id\":\"https:\\\/\\\/spacebridge.com\\\/#\\\/schema\\\/logo\\\/image\\\/\",\"url\":\"https:\\\/\\\/spacebridge.com\\\/wp-content\\\/uploads\\\/2024\\\/02\\\/SpaceBridge-logo-no-tagline-full-color-on-white-or-blue.png\",\"contentUrl\":\"https:\\\/\\\/spacebridge.com\\\/wp-content\\\/uploads\\\/2024\\\/02\\\/SpaceBridge-logo-no-tagline-full-color-on-white-or-blue.png\",\"width\":1474,\"height\":730,\"caption\":\"SpaceBridge Inc.\"},\"image\":{\"@id\":\"https:\\\/\\\/spacebridge.com\\\/#\\\/schema\\\/logo\\\/image\\\/\"},\"sameAs\":[\"https:\\\/\\\/www.linkedin.com\\\/company\\\/spacebridgeinc\\\/\"]}]}<\/script>\n<!-- \/ Yoast SEO plugin. -->","yoast_head_json":{"title":"SBFA120 - 1.2m Ku and Ka-Bands Auto-Pointing Flyaway Antenna - Spacebridge Inc.","description":"Cette antenne auto-pointing l\u00e9g\u00e8re et robuste est adapt\u00e9e aux applications les plus exigeantes et critiques pour les missions, aussi bien en Ku-band qu\u2019en Ka-band.","robots":{"index":"index","follow":"follow","max-snippet":"max-snippet:-1","max-image-preview":"max-image-preview:large","max-video-preview":"max-video-preview:-1"},"canonical":"https:\/\/spacebridge.com\/fr\/produit\/sbfa120ua\/","og_locale":"fr_FR","og_type":"article","og_title":"SBFA120 - 1.2m Ku and Ka-Bands Auto-Pointing Flyaway Antenna - Spacebridge Inc.","og_description":"This lightweight rugged auto-pointing antenna is suitable for the most demanding and mission critical applications, both on Ku and Ka-bands.","og_url":"https:\/\/spacebridge.com\/fr\/produit\/sbfa120ua\/","og_site_name":"Spacebridge Inc.","article_modified_time":"2025-02-07T19:02:39+00:00","og_image":[{"width":1000,"height":1000,"url":"https:\/\/spacebridge.com\/wp-content\/uploads\/2022\/12\/Untitled-design-84.jpg","type":"image\/jpeg"}],"twitter_card":"summary_large_image","schema":{"@context":"https:\/\/schema.org","@graph":[{"@type":"WebPage","@id":"https:\/\/spacebridge.com\/product\/sbfa120ua\/","url":"https:\/\/spacebridge.com\/product\/sbfa120ua\/","name":"SBFA120 - 1.2m Ku and Ka-Bands Auto-Pointing Flyaway Antenna - Spacebridge Inc.","isPartOf":{"@id":"https:\/\/spacebridge.com\/#website"},"primaryImageOfPage":{"@id":"https:\/\/spacebridge.com\/product\/sbfa120ua\/#primaryimage"},"image":{"@id":"https:\/\/spacebridge.com\/product\/sbfa120ua\/#primaryimage"},"thumbnailUrl":"https:\/\/spacebridge.com\/wp-content\/uploads\/2022\/12\/Untitled-design-84.jpg","datePublished":"2022-12-01T19:34:51+00:00","dateModified":"2025-02-07T19:02:39+00:00","description":"Cette antenne auto-pointing l\u00e9g\u00e8re et robuste est adapt\u00e9e aux applications les plus exigeantes et critiques pour les missions, aussi bien en Ku-band qu\u2019en Ka-band.","breadcrumb":{"@id":"https:\/\/spacebridge.com\/product\/sbfa120ua\/#breadcrumb"},"inLanguage":"fr-FR","potentialAction":[{"@type":"ReadAction","target":["https:\/\/spacebridge.com\/product\/sbfa120ua\/"]}]},{"@type":"ImageObject","inLanguage":"fr-FR","@id":"https:\/\/spacebridge.com\/product\/sbfa120ua\/#primaryimage","url":"https:\/\/spacebridge.com\/wp-content\/uploads\/2022\/12\/Untitled-design-84.jpg","contentUrl":"https:\/\/spacebridge.com\/wp-content\/uploads\/2022\/12\/Untitled-design-84.jpg","width":1000,"height":1000,"caption":"antenna and modem"},{"@type":"BreadcrumbList","@id":"https:\/\/spacebridge.com\/product\/sbfa120ua\/#breadcrumb","itemListElement":[{"@type":"ListItem","position":1,"name":"Home","item":"https:\/\/spacebridge.com\/"},{"@type":"ListItem","position":2,"name":"Products","item":"https:\/\/spacebridge.com\/products\/"},{"@type":"ListItem","position":3,"name":"SBFA120 &#8211; 1.2m Ku and Ka-Bands Auto-Pointing Flyaway Antenna"}]},{"@type":"WebSite","@id":"https:\/\/spacebridge.com\/#website","url":"https:\/\/spacebridge.com\/","name":"Spacebridge Inc.","description":"Broadband Satellite Communications Systems","publisher":{"@id":"https:\/\/spacebridge.com\/#organization"},"potentialAction":[{"@type":"SearchAction","target":{"@type":"EntryPoint","urlTemplate":"https:\/\/spacebridge.com\/?s={search_term_string}"},"query-input":{"@type":"PropertyValueSpecification","valueRequired":true,"valueName":"search_term_string"}}],"inLanguage":"fr-FR"},{"@type":"Organization","@id":"https:\/\/spacebridge.com\/#organization","name":"SpaceBridge Inc.","url":"https:\/\/spacebridge.com\/","logo":{"@type":"ImageObject","inLanguage":"fr-FR","@id":"https:\/\/spacebridge.com\/#\/schema\/logo\/image\/","url":"https:\/\/spacebridge.com\/wp-content\/uploads\/2024\/02\/SpaceBridge-logo-no-tagline-full-color-on-white-or-blue.png","contentUrl":"https:\/\/spacebridge.com\/wp-content\/uploads\/2024\/02\/SpaceBridge-logo-no-tagline-full-color-on-white-or-blue.png","width":1474,"height":730,"caption":"SpaceBridge Inc."},"image":{"@id":"https:\/\/spacebridge.com\/#\/schema\/logo\/image\/"},"sameAs":["https:\/\/www.linkedin.com\/company\/spacebridgeinc\/"]}]}},"_links":{"self":[{"href":"https:\/\/spacebridge.com\/fr\/wp-json\/wp\/v2\/product\/11321","targetHints":{"allow":["GET"]}}],"collection":[{"href":"https:\/\/spacebridge.com\/fr\/wp-json\/wp\/v2\/product"}],"about":[{"href":"https:\/\/spacebridge.com\/fr\/wp-json\/wp\/v2\/types\/product"}],"replies":[{"embeddable":true,"href":"https:\/\/spacebridge.com\/fr\/wp-json\/wp\/v2\/comments?post=11321"}],"version-history":[{"count":2,"href":"https:\/\/spacebridge.com\/fr\/wp-json\/wp\/v2\/product\/11321\/revisions"}],"predecessor-version":[{"id":14416,"href":"https:\/\/spacebridge.com\/fr\/wp-json\/wp\/v2\/product\/11321\/revisions\/14416"}],"wp:featuredmedia":[{"embeddable":true,"href":"https:\/\/spacebridge.com\/fr\/wp-json\/wp\/v2\/media\/11322"}],"wp:attachment":[{"href":"https:\/\/spacebridge.com\/fr\/wp-json\/wp\/v2\/media?parent=11321"}],"wp:term":[{"taxonomy":"product_brand","embeddable":true,"href":"https:\/\/spacebridge.com\/fr\/wp-json\/wp\/v2\/product_brand?post=11321"},{"taxonomy":"product_cat","embeddable":true,"href":"https:\/\/spacebridge.com\/fr\/wp-json\/wp\/v2\/product_cat?post=11321"},{"taxonomy":"product_tag","embeddable":true,"href":"https:\/\/spacebridge.com\/fr\/wp-json\/wp\/v2\/product_tag?post=11321"}],"curies":[{"name":"wp","href":"https:\/\/api.w.org\/{rel}","templated":true}]}}