{"id":11008,"date":"2022-11-03T18:35:03","date_gmt":"2022-11-03T18:35:03","guid":{"rendered":"https:\/\/spacebridge.com\/?post_type=product&#038;p=11008"},"modified":"2024-09-12T14:28:34","modified_gmt":"2024-09-12T14:28:34","slug":"ipoint","status":"publish","type":"product","link":"https:\/\/spacebridge.com\/fr\/produit\/ipoint\/","title":{"rendered":"iPOINT \u2013 Outil d\u2019auto-commissioning"},"content":{"rendered":"","protected":false},"excerpt":{"rendered":"<h3>Pr\u00e9sentation du produit<\/h3>\n<p>L'iPOINT est un outil avanc\u00e9 qui fournit un moyen rapide, facile et peu co\u00fbteux d'installer efficacement des terminaux VSAT avec des modems SpaceBridge.<\/p>\n<p><strong>La mise en service se fait en 6 \u00e9tapes simples :<\/strong><\/p>\n<ol>\n<li>Calculateur d'angle de vue satellite<\/li>\n<li>Antenne Peaking grossier<\/li>\n<li>Antenne Fine Peaking<\/li>\n<li>R\u00e9glage de la polarit\u00e9 crois\u00e9e<\/li>\n<li>P1dB<\/li>\n<li>Rapport du NMS<\/li>\n<\/ol>\n<p>L'outil iPOINT est compatible avec la plupart des modems SpaceBridge et supporte les bandes S, C, X, Ku et Ka.<\/p>","protected":false},"featured_media":11005,"comment_status":"open","ping_status":"closed","template":"","meta":{"_acf_changed":false},"product_brand":[],"product_cat":[165],"product_tag":[],"class_list":{"0":"post-11008","1":"product","2":"type-product","3":"status-publish","4":"has-post-thumbnail","6":"product_cat-gateway-hub-platform","8":"first","9":"instock","10":"shipping-taxable","11":"product-type-simple"},"acf":[],"yoast_head":"<!-- This site is optimized with the Yoast SEO plugin v27.3 - https:\/\/yoast.com\/product\/yoast-seo-wordpress\/ -->\n<title>iPOINT - Auto Commissioning Tool - Spacebridge Inc.<\/title>\n<meta name=\"description\" content=\"The iPOINT is an advanced tool that provides a quick, easy and inexpensive way to efficiently install VSAT terminals with SpaceBridge modems.\" \/>\n<meta name=\"robots\" content=\"index, follow, max-snippet:-1, max-image-preview:large, max-video-preview:-1\" \/>\n<link rel=\"canonical\" href=\"https:\/\/spacebridge.com\/fr\/produit\/ipoint\/\" \/>\n<meta property=\"og:locale\" content=\"fr_FR\" \/>\n<meta property=\"og:type\" content=\"article\" \/>\n<meta property=\"og:title\" content=\"iPOINT - Auto Commissioning Tool - Spacebridge Inc.\" \/>\n<meta property=\"og:description\" content=\"The iPOINT is an advanced tool that provides a quick, easy and inexpensive way to efficiently install VSAT terminals with SpaceBridge modems.\" \/>\n<meta property=\"og:url\" content=\"https:\/\/spacebridge.com\/fr\/produit\/ipoint\/\" \/>\n<meta property=\"og:site_name\" content=\"Spacebridge Inc.\" \/>\n<meta property=\"article:modified_time\" content=\"2024-09-12T14:28:34+00:00\" \/>\n<meta property=\"og:image\" content=\"https:\/\/spacebridge.com\/wp-content\/uploads\/2022\/11\/Untitled-design-56.jpg\" \/>\n\t<meta property=\"og:image:width\" content=\"560\" \/>\n\t<meta property=\"og:image:height\" content=\"560\" \/>\n\t<meta property=\"og:image:type\" content=\"image\/jpeg\" \/>\n<meta name=\"twitter:card\" content=\"summary_large_image\" \/>\n<script type=\"application\/ld+json\" class=\"yoast-schema-graph\">{\"@context\":\"https:\\\/\\\/schema.org\",\"@graph\":[{\"@type\":\"WebPage\",\"@id\":\"https:\\\/\\\/spacebridge.com\\\/product\\\/ipoint\\\/\",\"url\":\"https:\\\/\\\/spacebridge.com\\\/product\\\/ipoint\\\/\",\"name\":\"iPOINT - Auto Commissioning Tool - Spacebridge Inc.\",\"isPartOf\":{\"@id\":\"https:\\\/\\\/spacebridge.com\\\/#website\"},\"primaryImageOfPage\":{\"@id\":\"https:\\\/\\\/spacebridge.com\\\/product\\\/ipoint\\\/#primaryimage\"},\"image\":{\"@id\":\"https:\\\/\\\/spacebridge.com\\\/product\\\/ipoint\\\/#primaryimage\"},\"thumbnailUrl\":\"https:\\\/\\\/spacebridge.com\\\/wp-content\\\/uploads\\\/2022\\\/11\\\/Untitled-design-56.jpg\",\"datePublished\":\"2022-11-03T18:35:03+00:00\",\"dateModified\":\"2024-09-12T14:28:34+00:00\",\"description\":\"The iPOINT is an advanced tool that provides a quick, easy and inexpensive way to efficiently install VSAT terminals with SpaceBridge modems.\",\"breadcrumb\":{\"@id\":\"https:\\\/\\\/spacebridge.com\\\/product\\\/ipoint\\\/#breadcrumb\"},\"inLanguage\":\"fr-FR\",\"potentialAction\":[{\"@type\":\"ReadAction\",\"target\":[\"https:\\\/\\\/spacebridge.com\\\/product\\\/ipoint\\\/\"]}]},{\"@type\":\"ImageObject\",\"inLanguage\":\"fr-FR\",\"@id\":\"https:\\\/\\\/spacebridge.com\\\/product\\\/ipoint\\\/#primaryimage\",\"url\":\"https:\\\/\\\/spacebridge.com\\\/wp-content\\\/uploads\\\/2022\\\/11\\\/Untitled-design-56.jpg\",\"contentUrl\":\"https:\\\/\\\/spacebridge.com\\\/wp-content\\\/uploads\\\/2022\\\/11\\\/Untitled-design-56.jpg\",\"width\":560,\"height\":560,\"caption\":\"iPOINT tool demonstrated on laptop\"},{\"@type\":\"BreadcrumbList\",\"@id\":\"https:\\\/\\\/spacebridge.com\\\/product\\\/ipoint\\\/#breadcrumb\",\"itemListElement\":[{\"@type\":\"ListItem\",\"position\":1,\"name\":\"Home\",\"item\":\"https:\\\/\\\/spacebridge.com\\\/\"},{\"@type\":\"ListItem\",\"position\":2,\"name\":\"Products\",\"item\":\"https:\\\/\\\/spacebridge.com\\\/products\\\/\"},{\"@type\":\"ListItem\",\"position\":3,\"name\":\"iPOINT &#8211; Auto Commissioning Tool\"}]},{\"@type\":\"WebSite\",\"@id\":\"https:\\\/\\\/spacebridge.com\\\/#website\",\"url\":\"https:\\\/\\\/spacebridge.com\\\/\",\"name\":\"Spacebridge Inc.\",\"description\":\"Broadband Satellite Communications Systems\",\"publisher\":{\"@id\":\"https:\\\/\\\/spacebridge.com\\\/#organization\"},\"potentialAction\":[{\"@type\":\"SearchAction\",\"target\":{\"@type\":\"EntryPoint\",\"urlTemplate\":\"https:\\\/\\\/spacebridge.com\\\/?s={search_term_string}\"},\"query-input\":{\"@type\":\"PropertyValueSpecification\",\"valueRequired\":true,\"valueName\":\"search_term_string\"}}],\"inLanguage\":\"fr-FR\"},{\"@type\":\"Organization\",\"@id\":\"https:\\\/\\\/spacebridge.com\\\/#organization\",\"name\":\"SpaceBridge Inc.\",\"url\":\"https:\\\/\\\/spacebridge.com\\\/\",\"logo\":{\"@type\":\"ImageObject\",\"inLanguage\":\"fr-FR\",\"@id\":\"https:\\\/\\\/spacebridge.com\\\/#\\\/schema\\\/logo\\\/image\\\/\",\"url\":\"https:\\\/\\\/spacebridge.com\\\/wp-content\\\/uploads\\\/2024\\\/02\\\/SpaceBridge-logo-no-tagline-full-color-on-white-or-blue.png\",\"contentUrl\":\"https:\\\/\\\/spacebridge.com\\\/wp-content\\\/uploads\\\/2024\\\/02\\\/SpaceBridge-logo-no-tagline-full-color-on-white-or-blue.png\",\"width\":1474,\"height\":730,\"caption\":\"SpaceBridge Inc.\"},\"image\":{\"@id\":\"https:\\\/\\\/spacebridge.com\\\/#\\\/schema\\\/logo\\\/image\\\/\"},\"sameAs\":[\"https:\\\/\\\/www.linkedin.com\\\/company\\\/spacebridgeinc\\\/\"]}]}<\/script>\n<!-- \/ Yoast SEO plugin. -->","yoast_head_json":{"title":"iPOINT - Auto Commissioning Tool - Spacebridge Inc.","description":"L'iPOINT est un outil avanc\u00e9 qui fournit un moyen rapide, facile et peu co\u00fbteux d'installer efficacement des terminaux VSAT avec des modems SpaceBridge.","robots":{"index":"index","follow":"follow","max-snippet":"max-snippet:-1","max-image-preview":"max-image-preview:large","max-video-preview":"max-video-preview:-1"},"canonical":"https:\/\/spacebridge.com\/fr\/produit\/ipoint\/","og_locale":"fr_FR","og_type":"article","og_title":"iPOINT - Auto Commissioning Tool - Spacebridge Inc.","og_description":"The iPOINT is an advanced tool that provides a quick, easy and inexpensive way to efficiently install VSAT terminals with SpaceBridge modems.","og_url":"https:\/\/spacebridge.com\/fr\/produit\/ipoint\/","og_site_name":"Spacebridge Inc.","article_modified_time":"2024-09-12T14:28:34+00:00","og_image":[{"width":560,"height":560,"url":"https:\/\/spacebridge.com\/wp-content\/uploads\/2022\/11\/Untitled-design-56.jpg","type":"image\/jpeg"}],"twitter_card":"summary_large_image","schema":{"@context":"https:\/\/schema.org","@graph":[{"@type":"WebPage","@id":"https:\/\/spacebridge.com\/product\/ipoint\/","url":"https:\/\/spacebridge.com\/product\/ipoint\/","name":"iPOINT - Auto Commissioning Tool - Spacebridge Inc.","isPartOf":{"@id":"https:\/\/spacebridge.com\/#website"},"primaryImageOfPage":{"@id":"https:\/\/spacebridge.com\/product\/ipoint\/#primaryimage"},"image":{"@id":"https:\/\/spacebridge.com\/product\/ipoint\/#primaryimage"},"thumbnailUrl":"https:\/\/spacebridge.com\/wp-content\/uploads\/2022\/11\/Untitled-design-56.jpg","datePublished":"2022-11-03T18:35:03+00:00","dateModified":"2024-09-12T14:28:34+00:00","description":"L'iPOINT est un outil avanc\u00e9 qui fournit un moyen rapide, facile et peu co\u00fbteux d'installer efficacement des terminaux VSAT avec des modems SpaceBridge.","breadcrumb":{"@id":"https:\/\/spacebridge.com\/product\/ipoint\/#breadcrumb"},"inLanguage":"fr-FR","potentialAction":[{"@type":"ReadAction","target":["https:\/\/spacebridge.com\/product\/ipoint\/"]}]},{"@type":"ImageObject","inLanguage":"fr-FR","@id":"https:\/\/spacebridge.com\/product\/ipoint\/#primaryimage","url":"https:\/\/spacebridge.com\/wp-content\/uploads\/2022\/11\/Untitled-design-56.jpg","contentUrl":"https:\/\/spacebridge.com\/wp-content\/uploads\/2022\/11\/Untitled-design-56.jpg","width":560,"height":560,"caption":"iPOINT tool demonstrated on laptop"},{"@type":"BreadcrumbList","@id":"https:\/\/spacebridge.com\/product\/ipoint\/#breadcrumb","itemListElement":[{"@type":"ListItem","position":1,"name":"Home","item":"https:\/\/spacebridge.com\/"},{"@type":"ListItem","position":2,"name":"Products","item":"https:\/\/spacebridge.com\/products\/"},{"@type":"ListItem","position":3,"name":"iPOINT &#8211; Auto Commissioning Tool"}]},{"@type":"WebSite","@id":"https:\/\/spacebridge.com\/#website","url":"https:\/\/spacebridge.com\/","name":"Spacebridge Inc.","description":"Broadband Satellite Communications Systems","publisher":{"@id":"https:\/\/spacebridge.com\/#organization"},"potentialAction":[{"@type":"SearchAction","target":{"@type":"EntryPoint","urlTemplate":"https:\/\/spacebridge.com\/?s={search_term_string}"},"query-input":{"@type":"PropertyValueSpecification","valueRequired":true,"valueName":"search_term_string"}}],"inLanguage":"fr-FR"},{"@type":"Organization","@id":"https:\/\/spacebridge.com\/#organization","name":"SpaceBridge Inc.","url":"https:\/\/spacebridge.com\/","logo":{"@type":"ImageObject","inLanguage":"fr-FR","@id":"https:\/\/spacebridge.com\/#\/schema\/logo\/image\/","url":"https:\/\/spacebridge.com\/wp-content\/uploads\/2024\/02\/SpaceBridge-logo-no-tagline-full-color-on-white-or-blue.png","contentUrl":"https:\/\/spacebridge.com\/wp-content\/uploads\/2024\/02\/SpaceBridge-logo-no-tagline-full-color-on-white-or-blue.png","width":1474,"height":730,"caption":"SpaceBridge Inc."},"image":{"@id":"https:\/\/spacebridge.com\/#\/schema\/logo\/image\/"},"sameAs":["https:\/\/www.linkedin.com\/company\/spacebridgeinc\/"]}]}},"_links":{"self":[{"href":"https:\/\/spacebridge.com\/fr\/wp-json\/wp\/v2\/product\/11008","targetHints":{"allow":["GET"]}}],"collection":[{"href":"https:\/\/spacebridge.com\/fr\/wp-json\/wp\/v2\/product"}],"about":[{"href":"https:\/\/spacebridge.com\/fr\/wp-json\/wp\/v2\/types\/product"}],"replies":[{"embeddable":true,"href":"https:\/\/spacebridge.com\/fr\/wp-json\/wp\/v2\/comments?post=11008"}],"version-history":[{"count":0,"href":"https:\/\/spacebridge.com\/fr\/wp-json\/wp\/v2\/product\/11008\/revisions"}],"wp:featuredmedia":[{"embeddable":true,"href":"https:\/\/spacebridge.com\/fr\/wp-json\/wp\/v2\/media\/11005"}],"wp:attachment":[{"href":"https:\/\/spacebridge.com\/fr\/wp-json\/wp\/v2\/media?parent=11008"}],"wp:term":[{"taxonomy":"product_brand","embeddable":true,"href":"https:\/\/spacebridge.com\/fr\/wp-json\/wp\/v2\/product_brand?post=11008"},{"taxonomy":"product_cat","embeddable":true,"href":"https:\/\/spacebridge.com\/fr\/wp-json\/wp\/v2\/product_cat?post=11008"},{"taxonomy":"product_tag","embeddable":true,"href":"https:\/\/spacebridge.com\/fr\/wp-json\/wp\/v2\/product_tag?post=11008"}],"curies":[{"name":"wp","href":"https:\/\/api.w.org\/{rel}","templated":true}]}}