{"id":7068,"date":"2022-03-08T18:24:21","date_gmt":"2022-03-08T18:24:21","guid":{"rendered":"https:\/\/spacebridge.com\/?page_id=7068"},"modified":"2022-09-06T16:08:31","modified_gmt":"2022-09-06T16:08:31","slug":"managed-service","status":"publish","type":"page","link":"https:\/\/spacebridge.com\/fr\/managed-service\/","title":{"rendered":"Services G\u00e9r\u00e9s"},"content":{"rendered":"<div data-elementor-type=\"wp-page\" data-elementor-id=\"7068\" class=\"elementor elementor-7068\" data-elementor-post-type=\"page\">\n\t\t\t\t\t\t<section class=\"elementor-section elementor-top-section elementor-element elementor-element-8b707f5 ot-traditional elementor-section-boxed elementor-section-height-default elementor-section-height-default\" data-id=\"8b707f5\" data-element_type=\"section\" data-e-type=\"section\">\n\t\t\t\t\t\t<div class=\"elementor-container elementor-column-gap-default\">\n\t\t\t\t\t<div class=\"elementor-column elementor-col-100 elementor-top-column elementor-element elementor-element-fe752dc ot-flex-column-vertical\" data-id=\"fe752dc\" data-element_type=\"column\" data-e-type=\"column\">\n\t\t\t<div class=\"elementor-widget-wrap elementor-element-populated\">\n\t\t\t\t\t\t<div class=\"elementor-element elementor-element-ff966de elementor-widget elementor-widget-heading\" data-id=\"ff966de\" data-element_type=\"widget\" data-e-type=\"widget\" data-widget_type=\"heading.default\">\n\t\t\t\t<div class=\"elementor-widget-container\">\n\t\t\t\t\t<h5 class=\"elementor-heading-title elementor-size-default\">Services de solutions g\u00e9r\u00e9s<\/h5>\t\t\t\t<\/div>\n\t\t\t\t<\/div>\n\t\t\t\t<div class=\"elementor-element elementor-element-06f55a3 elementor-widget elementor-widget-text-editor\" data-id=\"06f55a3\" data-element_type=\"widget\" data-e-type=\"widget\" data-widget_type=\"text-editor.default\">\n\t\t\t\t<div class=\"elementor-widget-container\">\n\t\t\t\t\t\t\t\t\t<p>Chez SpaceBridge, nous croyons fermement \u00e0 nos produits et solutions, \u00e0 notre service g\u00e9r\u00e9 et \u00e0 l'assurance qu'ils apportent une v\u00e9ritable valeur ajout\u00e9e aux clients.\u00a0 Ainsi, la raison pour laquelle nous sommes si engag\u00e9s \u00e0 soutenir les produits que nous construisons, exp\u00e9dions et installons est que nous croyons que le service distingue SpaceBridge. En fait, depuis pr\u00e8s de 30 ans, l'\u00e9quipe SpaceBridge a d\u00e9velopp\u00e9 et fourni avec succ\u00e8s des r\u00e9seaux et des solutions par satellite, des formations et un support client \u00e0 des centaines de clients dans le monde entier.\u00a0 De l'assistance sur site distant aux op\u00e9rations de r\u00e9seau, en passant par les syst\u00e8mes de Hub et de mise en r\u00e9seau, les professionnels de notre \u00e9quipe technique et d'exploitation ont le savoir-faire de l'industrie pour vous aider. Ainsi, vous pouvez \u00e9galement faire appel \u00e0 nos \u00e9quipes de support professionnel exp\u00e9riment\u00e9es pour vous aider \u00e0 avancer rapidement, au lieu de vous soucier de la formation interne et des courbes d'apprentissage qui peuvent taxer les ressources de votre \u00e9quipe et vous ralentir.\u00a0<\/p><h5><strong>Centre d'exploitation du r\u00e9seau 24\/7 (NOC)<\/strong><\/h5><p>En fait, le service g\u00e9r\u00e9 de SpaceBridge fournit aux clients une assistance technique de premier ordre 24x7x365 pour vous aider \u00e0 g\u00e9rer vos syst\u00e8mes VSAT d\u00e8s le premier jour. De plus, notre service est maintenu par un personnel hautement professionnel et d\u00e9vou\u00e9, dot\u00e9 de comp\u00e9tences techniques et d'une formation exceptionnelles.\u00a0 Nous fournissons :<\/p><ul><li>Contr\u00f4le proactif des liaisons<\/li><li>Centre d'assistance client\u00e8le multilingue 24 x 7 x 365<\/li><li>Vaste exp\u00e9rience dans la gestion des plateformes VSAT<\/li><\/ul><h6><strong>Pr\u00e9sence mondiale et sur place<\/strong><\/h6><p>\u00a0De plus, nos \u00e9quipes d'assistance technique, de services professionnels et d'ing\u00e9nierie fournissent un service client \u00e0 partir de plusieurs fuseaux horaires. Par cons\u00e9quent, nous fournissons \u00e9galement une assistance locale sur site aux clients gr\u00e2ce \u00e0 notre pr\u00e9sence et \u00e0 nos installations op\u00e9rationnelles dans diff\u00e9rentes parties du monde.<\/p><h6><strong>Soutien aux projets et \u00e0 la planification<\/strong><\/h6><p>En outre, nous pouvons \u00e9galement offrir notre expertise pour vous aider dans des domaines tels que la planification du projet, le d\u00e9ploiement et la maintenance continue. Nous nous concentrons sur l'\u00e9laboration de solutions pour aider nos clients \u00e0 relever avec succ\u00e8s les d\u00e9fis : d\u00e9fis commerciaux, techniques et op\u00e9rationnels. En m\u00eame temps, nous nous effor\u00e7ons de vous donner des outils pour vous aider \u00e0 d\u00e9velopper votre entreprise.<\/p><p>Cependant, le d\u00e9ploiement ou l'expansion d'un service VSAT peut s'av\u00e9rer difficile.\u00a0 En fait, certains de ces obstacles sont les suivants :<\/p><ul><li>Choisir les bons partenaires technologiques et les bons fournisseurs de syst\u00e8mes<\/li><li>Financement de l'investissement en \u00e9quipement<\/li><li>D\u00e9finir les besoins en mati\u00e8re de satellites et obtenir une capacit\u00e9 satellitaire \u00e0 des conditions appropri\u00e9es.<\/li><li>Formation du personnel pour soutenir votre nouvelle op\u00e9ration<\/li><li>D\u00e9ploiement et int\u00e9gration des technologies<\/li><li>Courbes de formation et d'apprentissage pour la mise en place des op\u00e9rations<\/li><li>Services CNO<\/li><\/ul><p>SpaceBridge Managed Services peut vous offrir une assistance pr\u00e9cieuse, en vous aidant, le cas \u00e9ch\u00e9ant, \u00e0 relever chacun de ces d\u00e9fis.<\/p><h6><strong>Nous pouvons vous aider<\/strong><\/h6><p>Vous envisagez un service g\u00e9r\u00e9 bas\u00e9 sur le VSAT ?<\/p><ul><li>Voulez-vous de l'aide pour construire un mod\u00e8le d'entreprise appropri\u00e9 ou une analyse P&amp;L avec des informations r\u00e9alistes sur les co\u00fbts ?<\/li><li>Avez-vous besoin de ces informations pour vous aider \u00e0 prendre une d\u00e9cision de type \"Go\/No-Go\" ?<\/li><li>\u00cates-vous pr\u00e9occup\u00e9 par les risques, tels que les co\u00fbts d'exploitation impr\u00e9vus ?<\/li><\/ul><p>Nous pouvons vous aider \u00e0 \u00e9viter les processus p\u00e9niblement longs qui affectent la transaction et \u00e0 minimiser les surprises ind\u00e9sirables en cours de route.<\/p>\t\t\t\t\t\t\t\t<\/div>\n\t\t\t\t<\/div>\n\t\t\t\t\t<\/div>\n\t\t<\/div>\n\t\t\t\t\t<\/div>\n\t\t<\/section>\n\t\t\t\t<\/div>","protected":false},"excerpt":{"rendered":"<p>Managed Solutions services At SpaceBridge, we believe strongly in our products and solutions, our managed service, and in ensuring that they deliver true value for customers.&nbsp; Thus, the reason why [&hellip;]<\/p>\n","protected":false},"author":13,"featured_media":7088,"parent":0,"menu_order":0,"comment_status":"closed","ping_status":"closed","template":"","meta":{"_acf_changed":false,"footnotes":""},"class_list":["post-7068","page","type-page","status-publish","has-post-thumbnail","hentry"],"acf":[],"yoast_head":"<!-- This site is optimized with the Yoast SEO plugin v27.3 - https:\/\/yoast.com\/product\/yoast-seo-wordpress\/ -->\n<title>Managed Services - Spacebridge Inc.<\/title>\n<meta name=\"description\" content=\"At SpaceBridge, we believe strongly in our products and solutions, and our managed service. Contact us for more information!\" \/>\n<meta name=\"robots\" content=\"index, follow, max-snippet:-1, max-image-preview:large, max-video-preview:-1\" \/>\n<link rel=\"canonical\" href=\"https:\/\/spacebridge.com\/fr\/managed-service\/\" \/>\n<meta property=\"og:locale\" content=\"fr_FR\" \/>\n<meta property=\"og:type\" content=\"article\" \/>\n<meta property=\"og:title\" content=\"Managed Services - Spacebridge Inc.\" \/>\n<meta property=\"og:description\" content=\"At SpaceBridge, we believe strongly in our products and solutions, and our managed service. Contact us for more information!\" \/>\n<meta property=\"og:url\" content=\"https:\/\/spacebridge.com\/fr\/managed-service\/\" \/>\n<meta property=\"og:site_name\" content=\"Spacebridge Inc.\" \/>\n<meta property=\"article:modified_time\" content=\"2022-09-06T16:08:31+00:00\" \/>\n<meta property=\"og:image\" content=\"https:\/\/spacebridge.com\/wp-content\/uploads\/2022\/03\/managed-services.gif\" \/>\n\t<meta property=\"og:image:width\" content=\"849\" \/>\n\t<meta property=\"og:image:height\" content=\"303\" \/>\n\t<meta property=\"og:image:type\" content=\"image\/gif\" \/>\n<meta name=\"twitter:card\" content=\"summary_large_image\" \/>\n<meta name=\"twitter:label1\" content=\"Dur\u00e9e de lecture estim\u00e9e\" \/>\n\t<meta name=\"twitter:data1\" content=\"2 minutes\" \/>\n<script type=\"application\/ld+json\" class=\"yoast-schema-graph\">{\"@context\":\"https:\\\/\\\/schema.org\",\"@graph\":[{\"@type\":\"WebPage\",\"@id\":\"https:\\\/\\\/spacebridge.com\\\/managed-service\\\/\",\"url\":\"https:\\\/\\\/spacebridge.com\\\/managed-service\\\/\",\"name\":\"Managed Services - Spacebridge Inc.\",\"isPartOf\":{\"@id\":\"https:\\\/\\\/spacebridge.com\\\/#website\"},\"primaryImageOfPage\":{\"@id\":\"https:\\\/\\\/spacebridge.com\\\/managed-service\\\/#primaryimage\"},\"image\":{\"@id\":\"https:\\\/\\\/spacebridge.com\\\/managed-service\\\/#primaryimage\"},\"thumbnailUrl\":\"https:\\\/\\\/spacebridge.com\\\/wp-content\\\/uploads\\\/2022\\\/03\\\/managed-services.gif\",\"datePublished\":\"2022-03-08T18:24:21+00:00\",\"dateModified\":\"2022-09-06T16:08:31+00:00\",\"description\":\"At SpaceBridge, we believe strongly in our products and solutions, and our managed service. Contact us for more information!\",\"breadcrumb\":{\"@id\":\"https:\\\/\\\/spacebridge.com\\\/managed-service\\\/#breadcrumb\"},\"inLanguage\":\"fr-FR\",\"potentialAction\":[{\"@type\":\"ReadAction\",\"target\":[\"https:\\\/\\\/spacebridge.com\\\/managed-service\\\/\"]}]},{\"@type\":\"ImageObject\",\"inLanguage\":\"fr-FR\",\"@id\":\"https:\\\/\\\/spacebridge.com\\\/managed-service\\\/#primaryimage\",\"url\":\"https:\\\/\\\/spacebridge.com\\\/wp-content\\\/uploads\\\/2022\\\/03\\\/managed-services.gif\",\"contentUrl\":\"https:\\\/\\\/spacebridge.com\\\/wp-content\\\/uploads\\\/2022\\\/03\\\/managed-services.gif\",\"width\":849,\"height\":303,\"caption\":\"managed services\"},{\"@type\":\"BreadcrumbList\",\"@id\":\"https:\\\/\\\/spacebridge.com\\\/managed-service\\\/#breadcrumb\",\"itemListElement\":[{\"@type\":\"ListItem\",\"position\":1,\"name\":\"Home\",\"item\":\"https:\\\/\\\/spacebridge.com\\\/\"},{\"@type\":\"ListItem\",\"position\":2,\"name\":\"Managed Services\"}]},{\"@type\":\"WebSite\",\"@id\":\"https:\\\/\\\/spacebridge.com\\\/#website\",\"url\":\"https:\\\/\\\/spacebridge.com\\\/\",\"name\":\"Spacebridge Inc.\",\"description\":\"Broadband Satellite Communications Systems\",\"publisher\":{\"@id\":\"https:\\\/\\\/spacebridge.com\\\/#organization\"},\"potentialAction\":[{\"@type\":\"SearchAction\",\"target\":{\"@type\":\"EntryPoint\",\"urlTemplate\":\"https:\\\/\\\/spacebridge.com\\\/?s={search_term_string}\"},\"query-input\":{\"@type\":\"PropertyValueSpecification\",\"valueRequired\":true,\"valueName\":\"search_term_string\"}}],\"inLanguage\":\"fr-FR\"},{\"@type\":\"Organization\",\"@id\":\"https:\\\/\\\/spacebridge.com\\\/#organization\",\"name\":\"SpaceBridge Inc.\",\"url\":\"https:\\\/\\\/spacebridge.com\\\/\",\"logo\":{\"@type\":\"ImageObject\",\"inLanguage\":\"fr-FR\",\"@id\":\"https:\\\/\\\/spacebridge.com\\\/#\\\/schema\\\/logo\\\/image\\\/\",\"url\":\"https:\\\/\\\/spacebridge.com\\\/wp-content\\\/uploads\\\/2024\\\/02\\\/SpaceBridge-logo-no-tagline-full-color-on-white-or-blue.png\",\"contentUrl\":\"https:\\\/\\\/spacebridge.com\\\/wp-content\\\/uploads\\\/2024\\\/02\\\/SpaceBridge-logo-no-tagline-full-color-on-white-or-blue.png\",\"width\":1474,\"height\":730,\"caption\":\"SpaceBridge Inc.\"},\"image\":{\"@id\":\"https:\\\/\\\/spacebridge.com\\\/#\\\/schema\\\/logo\\\/image\\\/\"},\"sameAs\":[\"https:\\\/\\\/www.linkedin.com\\\/company\\\/spacebridgeinc\\\/\"]}]}<\/script>\n<!-- \/ Yoast SEO plugin. -->","yoast_head_json":{"title":"Managed Services - Spacebridge Inc.","description":"At SpaceBridge, we believe strongly in our products and solutions, and our managed service. Contact us for more information!","robots":{"index":"index","follow":"follow","max-snippet":"max-snippet:-1","max-image-preview":"max-image-preview:large","max-video-preview":"max-video-preview:-1"},"canonical":"https:\/\/spacebridge.com\/fr\/managed-service\/","og_locale":"fr_FR","og_type":"article","og_title":"Managed Services - Spacebridge Inc.","og_description":"At SpaceBridge, we believe strongly in our products and solutions, and our managed service. Contact us for more information!","og_url":"https:\/\/spacebridge.com\/fr\/managed-service\/","og_site_name":"Spacebridge Inc.","article_modified_time":"2022-09-06T16:08:31+00:00","og_image":[{"width":849,"height":303,"url":"https:\/\/spacebridge.com\/wp-content\/uploads\/2022\/03\/managed-services.gif","type":"image\/gif"}],"twitter_card":"summary_large_image","twitter_misc":{"Dur\u00e9e de lecture estim\u00e9e":"2 minutes"},"schema":{"@context":"https:\/\/schema.org","@graph":[{"@type":"WebPage","@id":"https:\/\/spacebridge.com\/managed-service\/","url":"https:\/\/spacebridge.com\/managed-service\/","name":"Managed Services - Spacebridge Inc.","isPartOf":{"@id":"https:\/\/spacebridge.com\/#website"},"primaryImageOfPage":{"@id":"https:\/\/spacebridge.com\/managed-service\/#primaryimage"},"image":{"@id":"https:\/\/spacebridge.com\/managed-service\/#primaryimage"},"thumbnailUrl":"https:\/\/spacebridge.com\/wp-content\/uploads\/2022\/03\/managed-services.gif","datePublished":"2022-03-08T18:24:21+00:00","dateModified":"2022-09-06T16:08:31+00:00","description":"At SpaceBridge, we believe strongly in our products and solutions, and our managed service. Contact us for more information!","breadcrumb":{"@id":"https:\/\/spacebridge.com\/managed-service\/#breadcrumb"},"inLanguage":"fr-FR","potentialAction":[{"@type":"ReadAction","target":["https:\/\/spacebridge.com\/managed-service\/"]}]},{"@type":"ImageObject","inLanguage":"fr-FR","@id":"https:\/\/spacebridge.com\/managed-service\/#primaryimage","url":"https:\/\/spacebridge.com\/wp-content\/uploads\/2022\/03\/managed-services.gif","contentUrl":"https:\/\/spacebridge.com\/wp-content\/uploads\/2022\/03\/managed-services.gif","width":849,"height":303,"caption":"managed services"},{"@type":"BreadcrumbList","@id":"https:\/\/spacebridge.com\/managed-service\/#breadcrumb","itemListElement":[{"@type":"ListItem","position":1,"name":"Home","item":"https:\/\/spacebridge.com\/"},{"@type":"ListItem","position":2,"name":"Managed Services"}]},{"@type":"WebSite","@id":"https:\/\/spacebridge.com\/#website","url":"https:\/\/spacebridge.com\/","name":"Spacebridge Inc.","description":"Broadband Satellite Communications Systems","publisher":{"@id":"https:\/\/spacebridge.com\/#organization"},"potentialAction":[{"@type":"SearchAction","target":{"@type":"EntryPoint","urlTemplate":"https:\/\/spacebridge.com\/?s={search_term_string}"},"query-input":{"@type":"PropertyValueSpecification","valueRequired":true,"valueName":"search_term_string"}}],"inLanguage":"fr-FR"},{"@type":"Organization","@id":"https:\/\/spacebridge.com\/#organization","name":"SpaceBridge Inc.","url":"https:\/\/spacebridge.com\/","logo":{"@type":"ImageObject","inLanguage":"fr-FR","@id":"https:\/\/spacebridge.com\/#\/schema\/logo\/image\/","url":"https:\/\/spacebridge.com\/wp-content\/uploads\/2024\/02\/SpaceBridge-logo-no-tagline-full-color-on-white-or-blue.png","contentUrl":"https:\/\/spacebridge.com\/wp-content\/uploads\/2024\/02\/SpaceBridge-logo-no-tagline-full-color-on-white-or-blue.png","width":1474,"height":730,"caption":"SpaceBridge Inc."},"image":{"@id":"https:\/\/spacebridge.com\/#\/schema\/logo\/image\/"},"sameAs":["https:\/\/www.linkedin.com\/company\/spacebridgeinc\/"]}]}},"_links":{"self":[{"href":"https:\/\/spacebridge.com\/fr\/wp-json\/wp\/v2\/pages\/7068","targetHints":{"allow":["GET"]}}],"collection":[{"href":"https:\/\/spacebridge.com\/fr\/wp-json\/wp\/v2\/pages"}],"about":[{"href":"https:\/\/spacebridge.com\/fr\/wp-json\/wp\/v2\/types\/page"}],"author":[{"embeddable":true,"href":"https:\/\/spacebridge.com\/fr\/wp-json\/wp\/v2\/users\/13"}],"replies":[{"embeddable":true,"href":"https:\/\/spacebridge.com\/fr\/wp-json\/wp\/v2\/comments?post=7068"}],"version-history":[{"count":34,"href":"https:\/\/spacebridge.com\/fr\/wp-json\/wp\/v2\/pages\/7068\/revisions"}],"predecessor-version":[{"id":10664,"href":"https:\/\/spacebridge.com\/fr\/wp-json\/wp\/v2\/pages\/7068\/revisions\/10664"}],"wp:featuredmedia":[{"embeddable":true,"href":"https:\/\/spacebridge.com\/fr\/wp-json\/wp\/v2\/media\/7088"}],"wp:attachment":[{"href":"https:\/\/spacebridge.com\/fr\/wp-json\/wp\/v2\/media?parent=7068"}],"curies":[{"name":"wp","href":"https:\/\/api.w.org\/{rel}","templated":true}]}}