{"id":7061,"date":"2022-03-08T18:13:54","date_gmt":"2022-03-08T18:13:54","guid":{"rendered":"https:\/\/spacebridge.com\/?page_id=7061"},"modified":"2022-09-06T19:07:32","modified_gmt":"2022-09-06T19:07:32","slug":"partnerships","status":"publish","type":"page","link":"https:\/\/spacebridge.com\/fr\/partnerships\/","title":{"rendered":"Partenariats"},"content":{"rendered":"<div data-elementor-type=\"wp-page\" data-elementor-id=\"7061\" class=\"elementor elementor-7061\" data-elementor-post-type=\"page\">\n\t\t\t\t\t\t<section class=\"elementor-section elementor-top-section elementor-element elementor-element-badfaf8 ot-traditional elementor-section-boxed elementor-section-height-default elementor-section-height-default\" data-id=\"badfaf8\" data-element_type=\"section\" data-e-type=\"section\">\n\t\t\t\t\t\t<div class=\"elementor-container elementor-column-gap-default\">\n\t\t\t\t\t<div class=\"elementor-column elementor-col-100 elementor-top-column elementor-element elementor-element-f61b858 ot-flex-column-vertical\" data-id=\"f61b858\" data-element_type=\"column\" data-e-type=\"column\">\n\t\t\t<div class=\"elementor-widget-wrap elementor-element-populated\">\n\t\t\t\t\t\t<div class=\"elementor-element elementor-element-eeb2cc2 elementor-widget elementor-widget-text-editor\" data-id=\"eeb2cc2\" data-element_type=\"widget\" data-e-type=\"widget\" data-widget_type=\"text-editor.default\">\n\t\t\t\t<div class=\"elementor-widget-container\">\n\t\t\t\t\t\t\t\t\t<p>SpaceBridge\u2122 believes in partnerships. In fact, we believe partnerships are what help us succeed.&nbsp; Therefore, helping our partners achieve their goals delivers more value to both parties, time and time again. Moreover, as a privately-owned company, SpaceBridge brings our entrepreneurial vision, combined with flexibility and openness to explore a variety of business models for Revenue-Sharing partnerships.<\/p>\n<p><strong>Partage des revenus&nbsp;<\/strong><\/p>\n<p>En outre, nous avons travaill\u00e9 avec succ\u00e8s avec de nombreux partenaires pour cr\u00e9er divers mod\u00e8les de partage des revenus et pour d\u00e9velopper ensemble de nouvelles activit\u00e9s. En fait, nous adaptons nos approches pour cr\u00e9er des partenariats mutuellement b\u00e9n\u00e9fiques.<\/p>\n<p><strong>Ce que nous apportons<\/strong><\/p>\n<p>Par exemple, certains des domaines de partenariat dans lesquels SpaceBridge\u2122 apporte son expertise comprennent :<\/p>\n<ul>\n<li>R\u00e9duire les barri\u00e8res \u00e0 l'entr\u00e9e pour les nouveaux march\u00e9s et d\u00e9ploiements<\/li>\n<li>Aussi, fournir la meilleure ad\u00e9quation produit\/march\u00e9<\/li>\n<li>ainsi que le partage des risques et l'att\u00e9nuation des risques.<\/li>\n<\/ul>\n<p>Moreover, we look for win-win opportunities where we can contribute real value as a partner, and gain real rewards by teaming.&nbsp; Therefore, the role of SpaceBridge naturally and most frequently includes serving as your \u201cChief Technology Enabler\u201d in a Joint Venture \/ Partnership. Especially, when it comes to satellite networks.<\/p>\n<p>Ainsi, il peut s'agir de contribuer \u00e0 l'une ou \u00e0 l'ensemble des ressources et fonctions suivantes :<\/p>\n<table width=\"776\">\n<tbody>\n<tr>\n<td>Planification et dimensionnement du r\u00e9seau<\/td>\n<td>D\u00e9finition des exigences et n\u00e9gociation avec les fournisseurs de satellites<\/td>\n<\/tr>\n<tr>\n<td>Analyse du budget de la liaison par satellite<\/td>\n<td>Soutien \u00e0 la mise en march\u00e9<\/td>\n<\/tr>\n<tr>\n<td>Livraison de mat\u00e9riel et de logiciels sur HUB et \u00e0 distance<\/td>\n<td>Fournir des niveaux de soutien 2, 3 et 4<\/td>\n<\/tr>\n<tr>\n<td>Installation de HUB VSAT et int\u00e9gration avec des syst\u00e8mes de technologies de l'information et des communications (TIC) tiers<\/td>\n<td>Connectivit\u00e9 Internet en fibre<\/td>\n<\/tr>\n<tr>\n<td>Plan de reprise apr\u00e8s sinistre (DRO)<\/td>\n<td>Planification de la s\u00e9curit\u00e9 des r\u00e9seaux<\/td>\n<\/tr>\n<tr>\n<td>Formation d'installateur de site VSAT \u00e0 distance<\/td>\n<td>Centres d'assistance dans les pays<\/td>\n<\/tr>\n<tr>\n<td>Centres de r\u00e9paration<\/td>\n<td>Centres d'exploitation de r\u00e9seau<\/td>\n<\/tr>\n<\/tbody>\n<\/table>\n<h5><strong>Alors, que pouvons-nous faire de mieux ensemble ?<\/strong><\/h5>\n<p>Par cons\u00e9quent, nous nous r\u00e9jouissons de l'opportunit\u00e9 d'explorer des partenariats pour des mod\u00e8les de partage des revenus.<\/p>\n<p>In other words, if you think your organization may benefit in partnerships with SpaceBridge&nbsp;by tapping our strengths and yours, we welcome the chance to explore with you how we can build more business together.<\/p>\n<p>N'h\u00e9sitez donc pas, <a href=\"https:\/\/spacebridge.com\/fr\/contact-us\/\">contactez-nous<\/a>! Ou, envoyez-nous un courriel maintenant \u00e0 <a href=\"mailto:info@SpaceBridge.com\">info@SpaceBridge.c<\/a>om<\/p>\t\t\t\t\t\t\t\t<\/div>\n\t\t\t\t<\/div>\n\t\t\t\t\t<\/div>\n\t\t<\/div>\n\t\t\t\t\t<\/div>\n\t\t<\/section>\n\t\t\t\t<\/div>","protected":false},"excerpt":{"rendered":"<p>SpaceBridge\u2122 believes in partnerships. In fact, we believe partnerships are what help us succeed.&nbsp; Therefore, helping our partners achieve their goals delivers more value to both parties, time and time [&hellip;]<\/p>\n","protected":false},"author":13,"featured_media":5435,"parent":0,"menu_order":0,"comment_status":"closed","ping_status":"closed","template":"","meta":{"_acf_changed":false,"footnotes":""},"class_list":["post-7061","page","type-page","status-publish","has-post-thumbnail","hentry"],"acf":[],"yoast_head":"<!-- This site is optimized with the Yoast SEO plugin v27.4 - https:\/\/yoast.com\/product\/yoast-seo-wordpress\/ -->\n<title>Partnerships - Spacebridge Inc.<\/title>\n<meta name=\"description\" content=\"SpaceBridge\u2122 believes in partnerships. In fact, we believe partnerships are what helps us succeed. Contact us for more information!\" \/>\n<meta name=\"robots\" content=\"index, follow, max-snippet:-1, max-image-preview:large, max-video-preview:-1\" \/>\n<link rel=\"canonical\" href=\"https:\/\/spacebridge.com\/fr\/partnerships\/\" \/>\n<meta property=\"og:locale\" content=\"fr_FR\" \/>\n<meta property=\"og:type\" content=\"article\" \/>\n<meta property=\"og:title\" content=\"Partnerships - Spacebridge Inc.\" \/>\n<meta property=\"og:description\" content=\"SpaceBridge\u2122 believes in partnerships. In fact, we believe partnerships are what helps us succeed. Contact us for more information!\" \/>\n<meta property=\"og:url\" content=\"https:\/\/spacebridge.com\/fr\/partnerships\/\" \/>\n<meta property=\"og:site_name\" content=\"Spacebridge Inc.\" \/>\n<meta property=\"article:modified_time\" content=\"2022-09-06T19:07:32+00:00\" \/>\n<meta property=\"og:image\" content=\"https:\/\/spacebridge.com\/wp-content\/uploads\/2022\/02\/contact-changed-2-1024x404.png\" \/>\n\t<meta property=\"og:image:width\" content=\"1024\" \/>\n\t<meta property=\"og:image:height\" content=\"404\" \/>\n\t<meta property=\"og:image:type\" content=\"image\/png\" \/>\n<meta name=\"twitter:card\" content=\"summary_large_image\" \/>\n<meta name=\"twitter:label1\" content=\"Dur\u00e9e de lecture estim\u00e9e\" \/>\n\t<meta name=\"twitter:data1\" content=\"2 minutes\" \/>\n<script type=\"application\/ld+json\" class=\"yoast-schema-graph\">{\"@context\":\"https:\\\/\\\/schema.org\",\"@graph\":[{\"@type\":\"WebPage\",\"@id\":\"https:\\\/\\\/spacebridge.com\\\/partnerships\\\/\",\"url\":\"https:\\\/\\\/spacebridge.com\\\/partnerships\\\/\",\"name\":\"Partnerships - Spacebridge Inc.\",\"isPartOf\":{\"@id\":\"https:\\\/\\\/spacebridge.com\\\/#website\"},\"primaryImageOfPage\":{\"@id\":\"https:\\\/\\\/spacebridge.com\\\/partnerships\\\/#primaryimage\"},\"image\":{\"@id\":\"https:\\\/\\\/spacebridge.com\\\/partnerships\\\/#primaryimage\"},\"thumbnailUrl\":\"https:\\\/\\\/spacebridge.com\\\/wp-content\\\/uploads\\\/2022\\\/02\\\/contact-changed-2.png\",\"datePublished\":\"2022-03-08T18:13:54+00:00\",\"dateModified\":\"2022-09-06T19:07:32+00:00\",\"description\":\"SpaceBridge\u2122 believes in partnerships. In fact, we believe partnerships are what helps us succeed. Contact us for more information!\",\"breadcrumb\":{\"@id\":\"https:\\\/\\\/spacebridge.com\\\/partnerships\\\/#breadcrumb\"},\"inLanguage\":\"fr-FR\",\"potentialAction\":[{\"@type\":\"ReadAction\",\"target\":[\"https:\\\/\\\/spacebridge.com\\\/partnerships\\\/\"]}]},{\"@type\":\"ImageObject\",\"inLanguage\":\"fr-FR\",\"@id\":\"https:\\\/\\\/spacebridge.com\\\/partnerships\\\/#primaryimage\",\"url\":\"https:\\\/\\\/spacebridge.com\\\/wp-content\\\/uploads\\\/2022\\\/02\\\/contact-changed-2.png\",\"contentUrl\":\"https:\\\/\\\/spacebridge.com\\\/wp-content\\\/uploads\\\/2022\\\/02\\\/contact-changed-2.png\",\"width\":1920,\"height\":757,\"caption\":\"Partnerships\"},{\"@type\":\"BreadcrumbList\",\"@id\":\"https:\\\/\\\/spacebridge.com\\\/partnerships\\\/#breadcrumb\",\"itemListElement\":[{\"@type\":\"ListItem\",\"position\":1,\"name\":\"Home\",\"item\":\"https:\\\/\\\/spacebridge.com\\\/\"},{\"@type\":\"ListItem\",\"position\":2,\"name\":\"Partnerships\"}]},{\"@type\":\"WebSite\",\"@id\":\"https:\\\/\\\/spacebridge.com\\\/#website\",\"url\":\"https:\\\/\\\/spacebridge.com\\\/\",\"name\":\"Spacebridge Inc.\",\"description\":\"Broadband Satellite Communications Systems\",\"publisher\":{\"@id\":\"https:\\\/\\\/spacebridge.com\\\/#organization\"},\"potentialAction\":[{\"@type\":\"SearchAction\",\"target\":{\"@type\":\"EntryPoint\",\"urlTemplate\":\"https:\\\/\\\/spacebridge.com\\\/?s={search_term_string}\"},\"query-input\":{\"@type\":\"PropertyValueSpecification\",\"valueRequired\":true,\"valueName\":\"search_term_string\"}}],\"inLanguage\":\"fr-FR\"},{\"@type\":\"Organization\",\"@id\":\"https:\\\/\\\/spacebridge.com\\\/#organization\",\"name\":\"SpaceBridge Inc.\",\"url\":\"https:\\\/\\\/spacebridge.com\\\/\",\"logo\":{\"@type\":\"ImageObject\",\"inLanguage\":\"fr-FR\",\"@id\":\"https:\\\/\\\/spacebridge.com\\\/#\\\/schema\\\/logo\\\/image\\\/\",\"url\":\"https:\\\/\\\/spacebridge.com\\\/wp-content\\\/uploads\\\/2024\\\/02\\\/SpaceBridge-logo-no-tagline-full-color-on-white-or-blue.png\",\"contentUrl\":\"https:\\\/\\\/spacebridge.com\\\/wp-content\\\/uploads\\\/2024\\\/02\\\/SpaceBridge-logo-no-tagline-full-color-on-white-or-blue.png\",\"width\":1474,\"height\":730,\"caption\":\"SpaceBridge Inc.\"},\"image\":{\"@id\":\"https:\\\/\\\/spacebridge.com\\\/#\\\/schema\\\/logo\\\/image\\\/\"},\"sameAs\":[\"https:\\\/\\\/www.linkedin.com\\\/company\\\/spacebridgeinc\\\/\"]}]}<\/script>\n<!-- \/ Yoast SEO plugin. -->","yoast_head_json":{"title":"Partnerships - Spacebridge Inc.","description":"SpaceBridge\u2122 believes in partnerships. In fact, we believe partnerships are what helps us succeed. Contact us for more information!","robots":{"index":"index","follow":"follow","max-snippet":"max-snippet:-1","max-image-preview":"max-image-preview:large","max-video-preview":"max-video-preview:-1"},"canonical":"https:\/\/spacebridge.com\/fr\/partnerships\/","og_locale":"fr_FR","og_type":"article","og_title":"Partnerships - Spacebridge Inc.","og_description":"SpaceBridge\u2122 believes in partnerships. In fact, we believe partnerships are what helps us succeed. Contact us for more information!","og_url":"https:\/\/spacebridge.com\/fr\/partnerships\/","og_site_name":"Spacebridge Inc.","article_modified_time":"2022-09-06T19:07:32+00:00","og_image":[{"width":1024,"height":404,"url":"https:\/\/spacebridge.com\/wp-content\/uploads\/2022\/02\/contact-changed-2-1024x404.png","type":"image\/png"}],"twitter_card":"summary_large_image","twitter_misc":{"Dur\u00e9e de lecture estim\u00e9e":"2 minutes"},"schema":{"@context":"https:\/\/schema.org","@graph":[{"@type":"WebPage","@id":"https:\/\/spacebridge.com\/partnerships\/","url":"https:\/\/spacebridge.com\/partnerships\/","name":"Partnerships - Spacebridge Inc.","isPartOf":{"@id":"https:\/\/spacebridge.com\/#website"},"primaryImageOfPage":{"@id":"https:\/\/spacebridge.com\/partnerships\/#primaryimage"},"image":{"@id":"https:\/\/spacebridge.com\/partnerships\/#primaryimage"},"thumbnailUrl":"https:\/\/spacebridge.com\/wp-content\/uploads\/2022\/02\/contact-changed-2.png","datePublished":"2022-03-08T18:13:54+00:00","dateModified":"2022-09-06T19:07:32+00:00","description":"SpaceBridge\u2122 believes in partnerships. In fact, we believe partnerships are what helps us succeed. Contact us for more information!","breadcrumb":{"@id":"https:\/\/spacebridge.com\/partnerships\/#breadcrumb"},"inLanguage":"fr-FR","potentialAction":[{"@type":"ReadAction","target":["https:\/\/spacebridge.com\/partnerships\/"]}]},{"@type":"ImageObject","inLanguage":"fr-FR","@id":"https:\/\/spacebridge.com\/partnerships\/#primaryimage","url":"https:\/\/spacebridge.com\/wp-content\/uploads\/2022\/02\/contact-changed-2.png","contentUrl":"https:\/\/spacebridge.com\/wp-content\/uploads\/2022\/02\/contact-changed-2.png","width":1920,"height":757,"caption":"Partnerships"},{"@type":"BreadcrumbList","@id":"https:\/\/spacebridge.com\/partnerships\/#breadcrumb","itemListElement":[{"@type":"ListItem","position":1,"name":"Home","item":"https:\/\/spacebridge.com\/"},{"@type":"ListItem","position":2,"name":"Partnerships"}]},{"@type":"WebSite","@id":"https:\/\/spacebridge.com\/#website","url":"https:\/\/spacebridge.com\/","name":"Spacebridge Inc.","description":"Broadband Satellite Communications Systems","publisher":{"@id":"https:\/\/spacebridge.com\/#organization"},"potentialAction":[{"@type":"SearchAction","target":{"@type":"EntryPoint","urlTemplate":"https:\/\/spacebridge.com\/?s={search_term_string}"},"query-input":{"@type":"PropertyValueSpecification","valueRequired":true,"valueName":"search_term_string"}}],"inLanguage":"fr-FR"},{"@type":"Organization","@id":"https:\/\/spacebridge.com\/#organization","name":"SpaceBridge Inc.","url":"https:\/\/spacebridge.com\/","logo":{"@type":"ImageObject","inLanguage":"fr-FR","@id":"https:\/\/spacebridge.com\/#\/schema\/logo\/image\/","url":"https:\/\/spacebridge.com\/wp-content\/uploads\/2024\/02\/SpaceBridge-logo-no-tagline-full-color-on-white-or-blue.png","contentUrl":"https:\/\/spacebridge.com\/wp-content\/uploads\/2024\/02\/SpaceBridge-logo-no-tagline-full-color-on-white-or-blue.png","width":1474,"height":730,"caption":"SpaceBridge Inc."},"image":{"@id":"https:\/\/spacebridge.com\/#\/schema\/logo\/image\/"},"sameAs":["https:\/\/www.linkedin.com\/company\/spacebridgeinc\/"]}]}},"_links":{"self":[{"href":"https:\/\/spacebridge.com\/fr\/wp-json\/wp\/v2\/pages\/7061","targetHints":{"allow":["GET"]}}],"collection":[{"href":"https:\/\/spacebridge.com\/fr\/wp-json\/wp\/v2\/pages"}],"about":[{"href":"https:\/\/spacebridge.com\/fr\/wp-json\/wp\/v2\/types\/page"}],"author":[{"embeddable":true,"href":"https:\/\/spacebridge.com\/fr\/wp-json\/wp\/v2\/users\/13"}],"replies":[{"embeddable":true,"href":"https:\/\/spacebridge.com\/fr\/wp-json\/wp\/v2\/comments?post=7061"}],"version-history":[{"count":48,"href":"https:\/\/spacebridge.com\/fr\/wp-json\/wp\/v2\/pages\/7061\/revisions"}],"predecessor-version":[{"id":10736,"href":"https:\/\/spacebridge.com\/fr\/wp-json\/wp\/v2\/pages\/7061\/revisions\/10736"}],"wp:featuredmedia":[{"embeddable":true,"href":"https:\/\/spacebridge.com\/fr\/wp-json\/wp\/v2\/media\/5435"}],"wp:attachment":[{"href":"https:\/\/spacebridge.com\/fr\/wp-json\/wp\/v2\/media?parent=7061"}],"curies":[{"name":"wp","href":"https:\/\/api.w.org\/{rel}","templated":true}]}}