{"id":7055,"date":"2022-03-08T17:55:10","date_gmt":"2022-03-08T17:55:10","guid":{"rendered":"https:\/\/spacebridge.com\/?page_id=7055"},"modified":"2024-09-12T14:19:09","modified_gmt":"2024-09-12T14:19:09","slug":"managed-services","status":"publish","type":"page","link":"https:\/\/spacebridge.com\/fr\/managed-services\/","title":{"rendered":"Services G\u00e9r\u00e9s"},"content":{"rendered":"<div data-elementor-type=\"wp-page\" data-elementor-id=\"7055\" class=\"elementor elementor-7055\" data-elementor-post-type=\"page\">\n\t\t\t\t\t\t<section class=\"elementor-section elementor-top-section elementor-element elementor-element-6b0a81e ot-traditional elementor-section-boxed elementor-section-height-default elementor-section-height-default\" data-id=\"6b0a81e\" data-element_type=\"section\" data-e-type=\"section\">\n\t\t\t\t\t\t<div class=\"elementor-container elementor-column-gap-default\">\n\t\t\t\t\t<div class=\"elementor-column elementor-col-100 elementor-top-column elementor-element elementor-element-a36d6f1 ot-flex-column-vertical\" data-id=\"a36d6f1\" data-element_type=\"column\" data-e-type=\"column\">\n\t\t\t<div class=\"elementor-widget-wrap elementor-element-populated\">\n\t\t\t\t\t\t<div class=\"elementor-element elementor-element-02ae71a elementor-widget elementor-widget-text-editor\" data-id=\"02ae71a\" data-element_type=\"widget\" data-e-type=\"widget\" data-widget_type=\"text-editor.default\">\n\t\t\t\t<div class=\"elementor-widget-container\">\n\t\t\t\t\t\t\t\t\t<p>Notamment, les services g\u00e9r\u00e9s de SpaceBridge fournissent aux clients une assistance technique de premier ordre, 24 heures sur 24, 7 jours sur 7, 365 jours par an, pour vous aider \u00e0 g\u00e9rer vos syst\u00e8mes VSAT d\u00e8s le premier jour.<\/p><p><strong>Centre d'exploitation du r\u00e9seau 24 heures sur 24 et 7 jours sur 7 :<\/strong>\u00a0 En fait, notre service est assur\u00e9 par un personnel hautement professionnel et d\u00e9vou\u00e9, dot\u00e9 de comp\u00e9tences techniques et d'une formation exceptionnelles.\u00a0 Nous fournissons :<\/p><ul><li>Contr\u00f4le proactif des liaisons<\/li><li>Centre d'assistance client\u00e8le multilingue 24 x 7 x 365<\/li><li>Vaste exp\u00e9rience dans la gestion des plateformes VSAT<\/li><\/ul><p><strong>Pr\u00e9sence mondiale et sur place<\/strong>: Nos \u00e9quipes de support technique, de services professionnels et d'ing\u00e9nierie fournissent un service client \u00e0 partir de plusieurs fuseaux horaires.\u00a0 En outre, nous fournissons \u00e9galement une assistance locale sur site aux clients gr\u00e2ce \u00e0 notre pr\u00e9sence et \u00e0 nos installations op\u00e9rationnelles dans diff\u00e9rentes parties du globe.<\/p><p><strong>Soutien aux projets et \u00e0 la planification :\u00a0<\/strong>Nous pouvons \u00e9galement offrir notre expertise pour vous aider dans des domaines tels que la planification du projet, le d\u00e9ploiement et la maintenance continue. En outre, nous nous attachons \u00e0 \u00e9laborer des solutions pour aider nos clients \u00e0 relever avec succ\u00e8s les d\u00e9fis : d\u00e9fis commerciaux, techniques et op\u00e9rationnels. En m\u00eame temps, nous nous effor\u00e7ons de vous donner des outils pour vous aider \u00e0 d\u00e9velopper votre entreprise.<\/p><div class=\"more_info_content\"><h6><strong>Le d\u00e9ploiement ou l'expansion d'un service VSAT peut \u00eatre un d\u00e9fi.\u00a0<\/strong><\/h6><p>En fait, certains de ces obstacles sont les suivants :<\/p><ul><li>Choisir les bons partenaires technologiques et les bons fournisseurs de syst\u00e8mes<\/li><li>Financement de l'investissement en \u00e9quipement<\/li><li>D\u00e9finir les besoins en mati\u00e8re de satellites et obtenir une capacit\u00e9 satellitaire \u00e0 des conditions appropri\u00e9es.<\/li><li>Formation du personnel pour soutenir votre nouvelle op\u00e9ration<\/li><li>D\u00e9ploiement et int\u00e9gration des technologies<\/li><li>Courbes de formation et d'apprentissage pour la mise en place des op\u00e9rations<\/li><li>Ainsi que les services de CNO<\/li><\/ul><p>De plus, SpaceBridge Managed Services peut vous offrir une assistance pr\u00e9cieuse, en vous aidant, si n\u00e9cessaire, \u00e0 relever chacun de ces d\u00e9fis.<\/p><p><strong>Nous pouvons vous aider<\/strong><\/p><p>Alors, envisagez-vous un service bas\u00e9 sur le VSAT ?<\/p><ul><li>Voulez-vous de l'aide pour construire un mod\u00e8le d'entreprise appropri\u00e9 ou une analyse P&amp;L avec des informations r\u00e9alistes sur les co\u00fbts ?<\/li><li>Avez-vous besoin de ces informations pour vous aider \u00e0 prendre une d\u00e9cision de type \"Go\/No-Go\" ?<\/li><li>\u00cates-vous pr\u00e9occup\u00e9 par les risques, tels que les co\u00fbts d'exploitation impr\u00e9vus ?<\/li><\/ul><p>En fait, nous pouvons vous aider \u00e0 \u00e9viter les processus p\u00e9niblement longs qui affectent la transaction et \u00e0 minimiser les surprises ind\u00e9sirables en cours de route.<\/p><\/div>\t\t\t\t\t\t\t\t<\/div>\n\t\t\t\t<\/div>\n\t\t\t\t\t<\/div>\n\t\t<\/div>\n\t\t\t\t\t<\/div>\n\t\t<\/section>\n\t\t\t\t<section class=\"elementor-section elementor-top-section elementor-element elementor-element-673eb64 related-products-section ot-traditional elementor-section-boxed elementor-section-height-default elementor-section-height-default\" data-id=\"673eb64\" data-element_type=\"section\" data-e-type=\"section\">\n\t\t\t\t\t\t<div class=\"elementor-container elementor-column-gap-default\">\n\t\t\t\t\t<div class=\"elementor-column elementor-col-50 elementor-top-column elementor-element elementor-element-27793fd ot-flex-column-vertical\" data-id=\"27793fd\" data-element_type=\"column\" data-e-type=\"column\">\n\t\t\t<div class=\"elementor-widget-wrap elementor-element-populated\">\n\t\t\t\t\t\t<div class=\"elementor-element elementor-element-510e6e2 elementor-widget elementor-widget-iiconbox2\" data-id=\"510e6e2\" data-element_type=\"widget\" data-e-type=\"widget\" data-widget_type=\"iiconbox2.default\">\n\t\t\t\t<div class=\"elementor-widget-container\">\n\t\t\t\t\t\t\t<div class=\"icon-box-s2 s2\">\r\n\t\t\t<div class=\"icon-main\">\r\n\t\t        \t\t\t    <img decoding=\"async\" src=\"https:\/\/spacebridge.com\/wp-content\/uploads\/2022\/03\/handshake.gif\" alt=\"Partnership\">\t\t        \t\t        \t        <\/div>\r\n\t        <div class=\"content-box\">\r\n\t            <h5><a href=\"https:\/\/spacebridge.com\/fr\/partnerships\/\">Partenariat<\/a><\/h5>\r\n\t            <p><\/p>\r\n\t        <\/div>\r\n\t    <\/div>\r\n\t    \t\t\t\t<\/div>\n\t\t\t\t<\/div>\n\t\t\t\t\t<\/div>\n\t\t<\/div>\n\t\t\t\t<div class=\"elementor-column elementor-col-50 elementor-top-column elementor-element elementor-element-6c1c063 ot-flex-column-vertical\" data-id=\"6c1c063\" data-element_type=\"column\" data-e-type=\"column\">\n\t\t\t<div class=\"elementor-widget-wrap elementor-element-populated\">\n\t\t\t\t\t\t<div class=\"elementor-element elementor-element-2bfcbc2 elementor-widget elementor-widget-iiconbox2\" data-id=\"2bfcbc2\" data-element_type=\"widget\" data-e-type=\"widget\" data-widget_type=\"iiconbox2.default\">\n\t\t\t\t<div class=\"elementor-widget-container\">\n\t\t\t\t\t\t\t<div class=\"icon-box-s2 s2\">\r\n\t\t\t<div class=\"icon-main\">\r\n\t\t        \t\t\t    <img decoding=\"async\" src=\"https:\/\/spacebridge.com\/wp-content\/uploads\/2022\/03\/digital-services-1.gif\" alt=\"Managed Services\">\t\t        \t\t        \t        <\/div>\r\n\t        <div class=\"content-box\">\r\n\t            <h5><a href=\"https:\/\/spacebridge.com\/fr\/managed-service\/\">Services G\u00e9r\u00e9s<\/a><\/h5>\r\n\t            <p><\/p>\r\n\t        <\/div>\r\n\t    <\/div>\r\n\t    \t\t\t\t<\/div>\n\t\t\t\t<\/div>\n\t\t\t\t\t<\/div>\n\t\t<\/div>\n\t\t\t\t\t<\/div>\n\t\t<\/section>\n\t\t\t\t<section class=\"elementor-section elementor-top-section elementor-element elementor-element-64feee0 ot-traditional elementor-section-boxed elementor-section-height-default elementor-section-height-default\" data-id=\"64feee0\" data-element_type=\"section\" data-e-type=\"section\">\n\t\t\t\t\t\t<div class=\"elementor-container elementor-column-gap-default\">\n\t\t\t\t\t<div class=\"elementor-column elementor-col-100 elementor-top-column elementor-element elementor-element-0194380 ot-flex-column-vertical\" data-id=\"0194380\" data-element_type=\"column\" data-e-type=\"column\">\n\t\t\t<div class=\"elementor-widget-wrap elementor-element-populated\">\n\t\t\t\t\t\t<div class=\"elementor-element elementor-element-8c4db5d elementor-widget elementor-widget-heading\" data-id=\"8c4db5d\" data-element_type=\"widget\" data-e-type=\"widget\" data-widget_type=\"heading.default\">\n\t\t\t\t<div class=\"elementor-widget-container\">\n\t\t\t\t\t<h4 class=\"elementor-heading-title elementor-size-default\">Ressources Connexes<\/h4>\t\t\t\t<\/div>\n\t\t\t\t<\/div>\n\t\t\t\t<div class=\"elementor-element elementor-element-2f642b4 related-resources-acc elementor-widget elementor-widget-iaccordions\" data-id=\"2f642b4\" data-element_type=\"widget\" data-e-type=\"widget\" data-widget_type=\"iaccordions.default\">\n\t\t\t\t<div class=\"elementor-widget-container\">\n\t\t\t\t\t\r\n\t\t<div class=\"ot-accordions\">\r\n\t\t\t\t\t\t<div class=\"acc-item\">\r\n\t\t\t\t<span class=\"acc-toggle\">Livres Blancs <i class=\"down flaticon-download-arrow\"><\/i><i class=\"up flaticon-up-arrow\"><\/i><\/span>\r\n\t\t\t\t<div class=\"acc-content\">\r\n\t\t\t\t\t<p><a href=\"https:\/\/spacebridge.com\/wp-content\/uploads\/2022\/06\/Managed-Services-fr.pdf\">Options de services g\u00e9r\u00e9s de bout \u00e0 bout <\/a><\/p><p><a href=\"https:\/\/spacebridge.com\/wp-content\/uploads\/2022\/06\/Government-Defense-and-Home-Land-Security-White-Paper.fr_.pdf\">Livre blanc sur la s\u00e9curit\u00e9 du gouvernement et de la d\u00e9fense<\/a><\/p><p><a href=\"https:\/\/spacebridge.com\/wp-content\/uploads\/2022\/04\/PB-IOT-WP-003-21061-1-fr.pdf\">Livre blanc sur l'IdO<\/a><\/p><p><a href=\"https:\/\/spacebridge.com\/wp-content\/uploads\/2022\/06\/banking-financial-inclusion_2021.pdf\">Livre blanc sur l'inclusion financi\u00e8re<\/a><\/p>\t\t\t\t<\/div>\r\n\t\t\t<\/div>\r\n\t\t\t\t    <\/div>\r\n\r\n\t    \t\t\t\t<\/div>\n\t\t\t\t<\/div>\n\t\t\t\t\t<\/div>\n\t\t<\/div>\n\t\t\t\t\t<\/div>\n\t\t<\/section>\n\t\t\t\t<\/div>","protected":false},"excerpt":{"rendered":"<p>Notably, SpaceBridge Managed Services provide customers with top-tier 24 x 7 x 365 customer technical support to help you manage your VSAT systems from day one. 24\/7 Network Operations Center [&hellip;]<\/p>\n","protected":false},"author":13,"featured_media":7088,"parent":0,"menu_order":0,"comment_status":"closed","ping_status":"closed","template":"","meta":{"_acf_changed":false,"footnotes":""},"class_list":["post-7055","page","type-page","status-publish","has-post-thumbnail","hentry"],"acf":[],"yoast_head":"<!-- This site is optimized with the Yoast SEO plugin v27.3 - https:\/\/yoast.com\/product\/yoast-seo-wordpress\/ -->\n<title>Managed Services - Spacebridge Inc.<\/title>\n<meta name=\"description\" content=\"SpaceBridge Managed Services provide customers with top-tier 24 x 7 x 365 customer technical support to help you manage your VSAT systems from day one.\" \/>\n<meta name=\"robots\" content=\"index, follow, max-snippet:-1, max-image-preview:large, max-video-preview:-1\" \/>\n<link rel=\"canonical\" href=\"https:\/\/spacebridge.com\/fr\/managed-services\/\" \/>\n<meta property=\"og:locale\" content=\"fr_FR\" \/>\n<meta property=\"og:type\" content=\"article\" \/>\n<meta property=\"og:title\" content=\"Managed Services - Spacebridge Inc.\" \/>\n<meta property=\"og:description\" content=\"SpaceBridge Managed Services provide customers with top-tier 24 x 7 x 365 customer technical support to help you manage your VSAT systems from day one.\" \/>\n<meta property=\"og:url\" content=\"https:\/\/spacebridge.com\/fr\/managed-services\/\" \/>\n<meta property=\"og:site_name\" content=\"Spacebridge Inc.\" \/>\n<meta property=\"article:modified_time\" content=\"2024-09-12T14:19:09+00:00\" \/>\n<meta property=\"og:image\" content=\"https:\/\/spacebridge.com\/wp-content\/uploads\/2022\/03\/managed-services.gif\" \/>\n\t<meta property=\"og:image:width\" content=\"849\" \/>\n\t<meta property=\"og:image:height\" content=\"303\" \/>\n\t<meta property=\"og:image:type\" content=\"image\/gif\" \/>\n<meta name=\"twitter:card\" content=\"summary_large_image\" \/>\n<meta name=\"twitter:label1\" content=\"Dur\u00e9e de lecture estim\u00e9e\" \/>\n\t<meta name=\"twitter:data1\" content=\"2 minutes\" \/>\n<script type=\"application\/ld+json\" class=\"yoast-schema-graph\">{\"@context\":\"https:\\\/\\\/schema.org\",\"@graph\":[{\"@type\":\"WebPage\",\"@id\":\"https:\\\/\\\/spacebridge.com\\\/managed-services\\\/\",\"url\":\"https:\\\/\\\/spacebridge.com\\\/managed-services\\\/\",\"name\":\"Managed Services - Spacebridge Inc.\",\"isPartOf\":{\"@id\":\"https:\\\/\\\/spacebridge.com\\\/#website\"},\"primaryImageOfPage\":{\"@id\":\"https:\\\/\\\/spacebridge.com\\\/managed-services\\\/#primaryimage\"},\"image\":{\"@id\":\"https:\\\/\\\/spacebridge.com\\\/managed-services\\\/#primaryimage\"},\"thumbnailUrl\":\"https:\\\/\\\/spacebridge.com\\\/wp-content\\\/uploads\\\/2022\\\/03\\\/managed-services.gif\",\"datePublished\":\"2022-03-08T17:55:10+00:00\",\"dateModified\":\"2024-09-12T14:19:09+00:00\",\"description\":\"SpaceBridge Managed Services provide customers with top-tier 24 x 7 x 365 customer technical support to help you manage your VSAT systems from day one.\",\"breadcrumb\":{\"@id\":\"https:\\\/\\\/spacebridge.com\\\/managed-services\\\/#breadcrumb\"},\"inLanguage\":\"fr-FR\",\"potentialAction\":[{\"@type\":\"ReadAction\",\"target\":[\"https:\\\/\\\/spacebridge.com\\\/managed-services\\\/\"]}]},{\"@type\":\"ImageObject\",\"inLanguage\":\"fr-FR\",\"@id\":\"https:\\\/\\\/spacebridge.com\\\/managed-services\\\/#primaryimage\",\"url\":\"https:\\\/\\\/spacebridge.com\\\/wp-content\\\/uploads\\\/2022\\\/03\\\/managed-services.gif\",\"contentUrl\":\"https:\\\/\\\/spacebridge.com\\\/wp-content\\\/uploads\\\/2022\\\/03\\\/managed-services.gif\",\"width\":849,\"height\":303,\"caption\":\"managed services\"},{\"@type\":\"BreadcrumbList\",\"@id\":\"https:\\\/\\\/spacebridge.com\\\/managed-services\\\/#breadcrumb\",\"itemListElement\":[{\"@type\":\"ListItem\",\"position\":1,\"name\":\"Home\",\"item\":\"https:\\\/\\\/spacebridge.com\\\/\"},{\"@type\":\"ListItem\",\"position\":2,\"name\":\"Managed Services\"}]},{\"@type\":\"WebSite\",\"@id\":\"https:\\\/\\\/spacebridge.com\\\/#website\",\"url\":\"https:\\\/\\\/spacebridge.com\\\/\",\"name\":\"Spacebridge Inc.\",\"description\":\"Broadband Satellite Communications Systems\",\"publisher\":{\"@id\":\"https:\\\/\\\/spacebridge.com\\\/#organization\"},\"potentialAction\":[{\"@type\":\"SearchAction\",\"target\":{\"@type\":\"EntryPoint\",\"urlTemplate\":\"https:\\\/\\\/spacebridge.com\\\/?s={search_term_string}\"},\"query-input\":{\"@type\":\"PropertyValueSpecification\",\"valueRequired\":true,\"valueName\":\"search_term_string\"}}],\"inLanguage\":\"fr-FR\"},{\"@type\":\"Organization\",\"@id\":\"https:\\\/\\\/spacebridge.com\\\/#organization\",\"name\":\"SpaceBridge Inc.\",\"url\":\"https:\\\/\\\/spacebridge.com\\\/\",\"logo\":{\"@type\":\"ImageObject\",\"inLanguage\":\"fr-FR\",\"@id\":\"https:\\\/\\\/spacebridge.com\\\/#\\\/schema\\\/logo\\\/image\\\/\",\"url\":\"https:\\\/\\\/spacebridge.com\\\/wp-content\\\/uploads\\\/2024\\\/02\\\/SpaceBridge-logo-no-tagline-full-color-on-white-or-blue.png\",\"contentUrl\":\"https:\\\/\\\/spacebridge.com\\\/wp-content\\\/uploads\\\/2024\\\/02\\\/SpaceBridge-logo-no-tagline-full-color-on-white-or-blue.png\",\"width\":1474,\"height\":730,\"caption\":\"SpaceBridge Inc.\"},\"image\":{\"@id\":\"https:\\\/\\\/spacebridge.com\\\/#\\\/schema\\\/logo\\\/image\\\/\"},\"sameAs\":[\"https:\\\/\\\/www.linkedin.com\\\/company\\\/spacebridgeinc\\\/\"]}]}<\/script>\n<!-- \/ Yoast SEO plugin. -->","yoast_head_json":{"title":"Managed Services - Spacebridge Inc.","description":"Les Services G\u00e9r\u00e9s SpaceBridge fournissent aux clients une assistance technique de premier ordre, 24 heures sur 24, 7 jours sur 7 et 365 jours par an, pour vous aider \u00e0 g\u00e9rer vos syst\u00e8mes VSAT d\u00e8s le premier jour.","robots":{"index":"index","follow":"follow","max-snippet":"max-snippet:-1","max-image-preview":"max-image-preview:large","max-video-preview":"max-video-preview:-1"},"canonical":"https:\/\/spacebridge.com\/fr\/managed-services\/","og_locale":"fr_FR","og_type":"article","og_title":"Managed Services - Spacebridge Inc.","og_description":"SpaceBridge Managed Services provide customers with top-tier 24 x 7 x 365 customer technical support to help you manage your VSAT systems from day one.","og_url":"https:\/\/spacebridge.com\/fr\/managed-services\/","og_site_name":"Spacebridge Inc.","article_modified_time":"2024-09-12T14:19:09+00:00","og_image":[{"width":849,"height":303,"url":"https:\/\/spacebridge.com\/wp-content\/uploads\/2022\/03\/managed-services.gif","type":"image\/gif"}],"twitter_card":"summary_large_image","twitter_misc":{"Dur\u00e9e de lecture estim\u00e9e":"2 minutes"},"schema":{"@context":"https:\/\/schema.org","@graph":[{"@type":"WebPage","@id":"https:\/\/spacebridge.com\/managed-services\/","url":"https:\/\/spacebridge.com\/managed-services\/","name":"Managed Services - Spacebridge Inc.","isPartOf":{"@id":"https:\/\/spacebridge.com\/#website"},"primaryImageOfPage":{"@id":"https:\/\/spacebridge.com\/managed-services\/#primaryimage"},"image":{"@id":"https:\/\/spacebridge.com\/managed-services\/#primaryimage"},"thumbnailUrl":"https:\/\/spacebridge.com\/wp-content\/uploads\/2022\/03\/managed-services.gif","datePublished":"2022-03-08T17:55:10+00:00","dateModified":"2024-09-12T14:19:09+00:00","description":"Les Services G\u00e9r\u00e9s SpaceBridge fournissent aux clients une assistance technique de premier ordre, 24 heures sur 24, 7 jours sur 7 et 365 jours par an, pour vous aider \u00e0 g\u00e9rer vos syst\u00e8mes VSAT d\u00e8s le premier jour.","breadcrumb":{"@id":"https:\/\/spacebridge.com\/managed-services\/#breadcrumb"},"inLanguage":"fr-FR","potentialAction":[{"@type":"ReadAction","target":["https:\/\/spacebridge.com\/managed-services\/"]}]},{"@type":"ImageObject","inLanguage":"fr-FR","@id":"https:\/\/spacebridge.com\/managed-services\/#primaryimage","url":"https:\/\/spacebridge.com\/wp-content\/uploads\/2022\/03\/managed-services.gif","contentUrl":"https:\/\/spacebridge.com\/wp-content\/uploads\/2022\/03\/managed-services.gif","width":849,"height":303,"caption":"managed services"},{"@type":"BreadcrumbList","@id":"https:\/\/spacebridge.com\/managed-services\/#breadcrumb","itemListElement":[{"@type":"ListItem","position":1,"name":"Home","item":"https:\/\/spacebridge.com\/"},{"@type":"ListItem","position":2,"name":"Managed Services"}]},{"@type":"WebSite","@id":"https:\/\/spacebridge.com\/#website","url":"https:\/\/spacebridge.com\/","name":"Spacebridge Inc.","description":"Broadband Satellite Communications Systems","publisher":{"@id":"https:\/\/spacebridge.com\/#organization"},"potentialAction":[{"@type":"SearchAction","target":{"@type":"EntryPoint","urlTemplate":"https:\/\/spacebridge.com\/?s={search_term_string}"},"query-input":{"@type":"PropertyValueSpecification","valueRequired":true,"valueName":"search_term_string"}}],"inLanguage":"fr-FR"},{"@type":"Organization","@id":"https:\/\/spacebridge.com\/#organization","name":"SpaceBridge Inc.","url":"https:\/\/spacebridge.com\/","logo":{"@type":"ImageObject","inLanguage":"fr-FR","@id":"https:\/\/spacebridge.com\/#\/schema\/logo\/image\/","url":"https:\/\/spacebridge.com\/wp-content\/uploads\/2024\/02\/SpaceBridge-logo-no-tagline-full-color-on-white-or-blue.png","contentUrl":"https:\/\/spacebridge.com\/wp-content\/uploads\/2024\/02\/SpaceBridge-logo-no-tagline-full-color-on-white-or-blue.png","width":1474,"height":730,"caption":"SpaceBridge Inc."},"image":{"@id":"https:\/\/spacebridge.com\/#\/schema\/logo\/image\/"},"sameAs":["https:\/\/www.linkedin.com\/company\/spacebridgeinc\/"]}]}},"_links":{"self":[{"href":"https:\/\/spacebridge.com\/fr\/wp-json\/wp\/v2\/pages\/7055","targetHints":{"allow":["GET"]}}],"collection":[{"href":"https:\/\/spacebridge.com\/fr\/wp-json\/wp\/v2\/pages"}],"about":[{"href":"https:\/\/spacebridge.com\/fr\/wp-json\/wp\/v2\/types\/page"}],"author":[{"embeddable":true,"href":"https:\/\/spacebridge.com\/fr\/wp-json\/wp\/v2\/users\/13"}],"replies":[{"embeddable":true,"href":"https:\/\/spacebridge.com\/fr\/wp-json\/wp\/v2\/comments?post=7055"}],"version-history":[{"count":52,"href":"https:\/\/spacebridge.com\/fr\/wp-json\/wp\/v2\/pages\/7055\/revisions"}],"predecessor-version":[{"id":10567,"href":"https:\/\/spacebridge.com\/fr\/wp-json\/wp\/v2\/pages\/7055\/revisions\/10567"}],"wp:featuredmedia":[{"embeddable":true,"href":"https:\/\/spacebridge.com\/fr\/wp-json\/wp\/v2\/media\/7088"}],"wp:attachment":[{"href":"https:\/\/spacebridge.com\/fr\/wp-json\/wp\/v2\/media?parent=7055"}],"curies":[{"name":"wp","href":"https:\/\/api.w.org\/{rel}","templated":true}]}}