{"id":6903,"date":"2022-03-03T20:40:52","date_gmt":"2022-03-03T20:40:52","guid":{"rendered":"https:\/\/spacebridge.com\/?page_id=6903"},"modified":"2024-09-13T15:08:02","modified_gmt":"2024-09-13T15:08:02","slug":"enterprise","status":"publish","type":"page","link":"https:\/\/spacebridge.com\/fr\/enterprise\/","title":{"rendered":"Entreprise"},"content":{"rendered":"<div data-elementor-type=\"wp-page\" data-elementor-id=\"6903\" class=\"elementor elementor-6903\" data-elementor-post-type=\"page\">\n\t\t\t\t\t\t<section class=\"elementor-section elementor-top-section elementor-element elementor-element-0673eb9 ot-traditional elementor-section-boxed elementor-section-height-default elementor-section-height-default\" data-id=\"0673eb9\" data-element_type=\"section\" data-e-type=\"section\">\n\t\t\t\t\t\t<div class=\"elementor-container elementor-column-gap-default\">\n\t\t\t\t\t<div class=\"elementor-column elementor-col-100 elementor-top-column elementor-element elementor-element-1c61889 ot-flex-column-vertical\" data-id=\"1c61889\" data-element_type=\"column\" data-e-type=\"column\">\n\t\t\t<div class=\"elementor-widget-wrap elementor-element-populated\">\n\t\t\t\t\t\t<div class=\"elementor-element elementor-element-48a63b3 elementor-widget elementor-widget-text-editor\" data-id=\"48a63b3\" data-element_type=\"widget\" data-e-type=\"widget\" data-widget_type=\"text-editor.default\">\n\t\t\t\t<div class=\"elementor-widget-container\">\n\t\t\t\t\t\t\t\t\t<h6><strong>La nouvelle g\u00e9n\u00e9ration de solutions haut d\u00e9bit par satellite pour les entreprises<\/strong><\/h6><p>En fait, le haut d\u00e9bit d'entreprise devient n\u00e9cessaire. De plus en plus d'applications informatiques d'entreprise migrant vers des nuages priv\u00e9s et\/ou publics et fonctionnant sur ces nuages, une connectivit\u00e9 IP\/Internet fiable et \u00e0 haut d\u00e9bit est devenue plus que jamais indispensable aux activit\u00e9s quotidiennes. En fait, pour la plupart des grandes entreprises, disposer d'une connectivit\u00e9 num\u00e9rique vers et depuis les sites distants de l'entreprise est essentiel au fonctionnement quotidien. En outre, les banques, les commerces de d\u00e9tail, les stations-service, les soins de sant\u00e9 et les soci\u00e9t\u00e9s d'exploration p\u00e9troli\u00e8re sont quelques exemples d'entreprises qui d\u00e9pendent fortement des r\u00e9seaux de donn\u00e9es \u00e9tendus<strong>.\u00a0<\/strong><\/p><h6><strong>Parfait pour les r\u00e9seaux multisites \u00e0 grande \u00e9chelle<\/strong><\/h6><p>En outre, le SpaceBridge\u00a0<strong>ASAT<sup>\u2122\u00a0<\/sup><\/strong>Le syst\u00e8me VSAT offre une connectivit\u00e9 IP fiable et rentable \u00e0 des installations tr\u00e8s dispers\u00e9es, pratiquement partout pour les r\u00e9seaux d'entreprise qui peuvent \u00eatre mieux desservis par la technologie satellite. En fait, l'\u00e9norme r\u00e9duction du co\u00fbt de la bande passante par bit cr\u00e9\u00e9e par la nouvelle technologie des satellites HTS rend les r\u00e9seaux d'entreprise VSAT \u00e0 large bande plus abordables que jamais.\u00a0 En fait, ASAT<sup>\u2122<\/sup>\u00a0Le syst\u00e8me VSAT est optimis\u00e9 pour tirer parti des avantages des satellites HTS. Ainsi, il s'ajoute \u00e0 tous les avantages que les r\u00e9seaux VSAT offrent depuis longtemps. Par exemple, certains de ces avantages sont la possibilit\u00e9 de faire \u00e9voluer l'entreprise vers des dizaines de milliers de sites, la diffusion efficace de type \"un \u00e0 plusieurs\" et la possibilit\u00e9 d'ajouter rapidement de nouveaux sites de partage de la bande passante.<\/p><h6>Passerelle vers le haut d\u00e9bit d'entreprise : SpaceBridge<\/h6><p>L'\u00a0<strong>ASAT\u2122\u00a0<\/strong>peut fournir des communications \u00e0 large bande fiables, m\u00eame dans les endroits les plus recul\u00e9s. Il comprend des taux de t\u00e9l\u00e9chargement aussi \u00e9lev\u00e9s que 100 \u00e0 500 Mbps, plus rapides que les capacit\u00e9s de nombreux syst\u00e8mes terrestres. En fait, ASAT\u2122 fournit des capacit\u00e9s de mise en r\u00e9seau IP pures de bout en bout. Il offre \u00e9galement une qualit\u00e9 d'exp\u00e9rience utilisateur (QoE) et des capacit\u00e9s de gestion des accords de niveau de service (SLA) qui peuvent alimenter les r\u00e9seaux \u00e0 large bande des entreprises dans le ciel.<\/p><p>Le routeur VSAT E7000 de SpaceBridge est un appareil haute performance dot\u00e9 d'un ensemble complet de fonctions de mise en r\u00e9seau pour les environnements et la connectivit\u00e9 des entreprises. En effet, ce produit comprend :<\/p><ul><li>Capacit\u00e9s de s\u00e9curit\u00e9 de niveau entreprise telles que la prise en charge des r\u00e9seaux locaux virtuels (VLAN), le VPN IPSec et les protocoles de routage pour prendre en charge la connectivit\u00e9 des succursales de prosommateurs \u00e0 celles de grande envergure.<\/li><li>Prise en charge des vitesses de t\u00e9l\u00e9chargement et d'envoi ultra-rapides, acc\u00e9l\u00e9ration TCP\/IP et HTTP, compression du trafic utilisateur.<\/li><li>De plus, des fonctions d'optimisation int\u00e9gr\u00e9es pour une utilisation avec les syst\u00e8mes de satellites \u00e0 haut d\u00e9bit (HTS) de la prochaine g\u00e9n\u00e9ration, et des capacit\u00e9s de gestion de la qualit\u00e9 de service (QoS) qui en font une solution de connectivit\u00e9 \u00e0 large bande id\u00e9ale pour les r\u00e9seaux avec de nombreuses distributions, ou les bureaux distants.<\/li><\/ul><h6><strong>R\u00e9tablissement apr\u00e8s une catastrophe<\/strong>\u00a0<\/h6><p>De plus, les lignes en fibre optique peuvent tomber en panne. De m\u00eame, les circuits locaux peuvent subir des pannes. Par cons\u00e9quent, les r\u00e9seaux de t\u00e9l\u00e9communications terrestres sont vuln\u00e9rables aux catastrophes naturelles ou d'origine humaine. De plus, ils n\u00e9cessitent un r\u00e9tablissement imm\u00e9diat et rapide, car la connectivit\u00e9 critique pour l'entreprise peut \u00eatre cruciale.\u00a0 En fait, pour la reprise apr\u00e8s sinistre ou les r\u00e9seaux de secours, la plateforme SpaceBridge ASAT\u2122 peut fournir un chemin de r\u00e9tablissement de communication diversifi\u00e9 qui contourne compl\u00e8tement l'infrastructure terrestre d\u00e9faillante. De plus, elle le fait en connectant directement les sites distants par satellite \u00e0 des vitesses \u00e0 large bande. En outre, en plus de sa capacit\u00e9 \u00e0 fournir du haut d\u00e9bit partout, ind\u00e9pendamment de l'infrastructure de t\u00e9l\u00e9communications terrestre, un syst\u00e8me ASAT\u2122 peut \u00e9galement s'int\u00e9grer de mani\u00e8re transparente dans les r\u00e9seaux filaires lors d'op\u00e9rations normales non urgentes.<\/p><h6><strong>Communications d'urgence<\/strong><\/h6><p>De plus, l'ASAT<strong>\u2122<\/strong>\u00a0peuvent \u00e9galement fournir des communications mobiles d'intervention rapide pour r\u00e9tablir d'urgence la connectivit\u00e9 des installations critiques des entreprises, des administrations ou des agences.<\/p>\t\t\t\t\t\t\t\t<\/div>\n\t\t\t\t<\/div>\n\t\t\t\t\t<\/div>\n\t\t<\/div>\n\t\t\t\t\t<\/div>\n\t\t<\/section>\n\t\t\t\t<section class=\"elementor-section elementor-top-section elementor-element elementor-element-095999f ot-traditional elementor-section-boxed elementor-section-height-default elementor-section-height-default\" data-id=\"095999f\" data-element_type=\"section\" data-e-type=\"section\">\n\t\t\t\t\t\t<div class=\"elementor-container elementor-column-gap-default\">\n\t\t\t\t\t<div class=\"elementor-column elementor-col-100 elementor-top-column elementor-element elementor-element-3728c84 ot-flex-column-vertical\" data-id=\"3728c84\" data-element_type=\"column\" data-e-type=\"column\">\n\t\t\t<div class=\"elementor-widget-wrap elementor-element-populated\">\n\t\t\t\t\t\t<div class=\"elementor-element elementor-element-b63a171 elementor-widget elementor-widget-heading\" data-id=\"b63a171\" data-element_type=\"widget\" data-e-type=\"widget\" data-widget_type=\"heading.default\">\n\t\t\t\t<div class=\"elementor-widget-container\">\n\t\t\t\t\t<h4 class=\"elementor-heading-title elementor-size-default\">Ressources Connexes<\/h4>\t\t\t\t<\/div>\n\t\t\t\t<\/div>\n\t\t\t\t<div class=\"elementor-element elementor-element-54f7d9a related-resources-acc elementor-widget elementor-widget-iaccordions\" data-id=\"54f7d9a\" data-element_type=\"widget\" data-e-type=\"widget\" data-widget_type=\"iaccordions.default\">\n\t\t\t\t<div class=\"elementor-widget-container\">\n\t\t\t\t\t\r\n\t\t<div class=\"ot-accordions\">\r\n\t\t\t\t\t\t<div class=\"acc-item\">\r\n\t\t\t\t<span class=\"acc-toggle\">Fiches Techniques <i class=\"down flaticon-download-arrow\"><\/i><i class=\"up flaticon-up-arrow\"><\/i><\/span>\r\n\t\t\t\t<div class=\"acc-content\">\r\n\t\t\t\t\t<p><a href=\"https:\/\/spacebridge.com\/wp-content\/uploads\/2022\/05\/PB-E7000-DS-006-21105_1-fr.pdf\">Modem satellite de connectivit\u00e9 d&#039;entreprise du syst\u00e8me E7000 ASAT\u2122<\/a><\/p><p><a href=\"https:\/\/spacebridge.com\/wp-content\/uploads\/2022\/02\/C7700-DS-20231113R03.pdf\">C7700 - Modem\/appareil satellite \u00e0 large bande du syst\u00e8me ASAT\u2122<\/a><\/p>\t\t\t\t<\/div>\r\n\t\t\t<\/div>\r\n\t\t\t\t\t\t<div class=\"acc-item\">\r\n\t\t\t\t<span class=\"acc-toggle\">D\u00e9pliants <i class=\"down flaticon-download-arrow\"><\/i><i class=\"up flaticon-up-arrow\"><\/i><\/span>\r\n\t\t\t\t<div class=\"acc-content\">\r\n\t\t\t\t\t<p><a href=\"https:\/\/spacebridge.com\/wp-content\/uploads\/2022\/04\/PB-ASAT-SYSTEM-BR-007-22020-fr.pdf\">Brochure du syst\u00e8me ASAT<\/a><\/p><p><a href=\"https:\/\/spacebridge.com\/wp-content\/uploads\/2022\/04\/PB-ASAT-CBH-AN-007-21236-1-fr.pdf\">Description de la solution de liaisons de retour cellulaires<\/a><\/p><p><a href=\"https:\/\/spacebridge.com\/wp-content\/uploads\/2022\/04\/PB-SATCOMMOBILITY-AN-006-21060-fr.pdf\">Description de la solution des communications par satellite en mouvement<\/a><\/p>\t\t\t\t<\/div>\r\n\t\t\t<\/div>\r\n\t\t\t\t\t\t<div class=\"acc-item\">\r\n\t\t\t\t<span class=\"acc-toggle\">Livres Blancs <i class=\"down flaticon-download-arrow\"><\/i><i class=\"up flaticon-up-arrow\"><\/i><\/span>\r\n\t\t\t\t<div class=\"acc-content\">\r\n\t\t\t\t\t<p><a href=\"https:\/\/spacebridge.com\/wp-content\/uploads\/2022\/04\/PB-WAVESWITCH-WP-003-22020-1-fr.pdf\">Livre blanc WaveSwitch<\/a><\/p>\t\t\t\t<\/div>\r\n\t\t\t<\/div>\r\n\t\t\t\t\t\t<div class=\"acc-item\">\r\n\t\t\t\t<span class=\"acc-toggle\">Histoires de Succ\u00e8s <i class=\"down flaticon-download-arrow\"><\/i><i class=\"up flaticon-up-arrow\"><\/i><\/span>\r\n\t\t\t\t<div class=\"acc-content\">\r\n\t\t\t\t\t<p><a href=\"https:\/\/spacebridge.com\/wp-content\/uploads\/2022\/06\/Penoles-fr.pdf\">Pe\u00f1oles - Histoire d'une r\u00e9ussite<\/a><\/p><p><a href=\"https:\/\/spacebridge.com\/wp-content\/uploads\/2022\/06\/Venezuela-CANTV-21060_1-fr.pdf\">Venezuela-CANTV - Histoire d'une r\u00e9ussite<\/a><\/p><p><a href=\"https:\/\/spacebridge.com\/wp-content\/uploads\/2022\/04\/Omansat-Success-Story-1-2-fr.pdf\">Omansat - Histoire d'une r\u00e9ussite<\/a><\/p>\t\t\t\t<\/div>\r\n\t\t\t<\/div>\r\n\t\t\t\t    <\/div>\r\n\r\n\t    \t\t\t\t<\/div>\n\t\t\t\t<\/div>\n\t\t\t\t\t<\/div>\n\t\t<\/div>\n\t\t\t\t\t<\/div>\n\t\t<\/section>\n\t\t\t\t<\/div>","protected":false},"excerpt":{"rendered":"<p>The Next Generation in Satellite Enterprise Broadband Solutions In fact, enterprise broadband is becoming necessary with more and more enterprise IT applications migrating to and running on private and\/or public [&hellip;]<\/p>\n","protected":false},"author":13,"featured_media":0,"parent":0,"menu_order":0,"comment_status":"closed","ping_status":"closed","template":"","meta":{"_acf_changed":false,"footnotes":""},"class_list":["post-6903","page","type-page","status-publish","hentry"],"acf":[],"yoast_head":"<!-- This site is optimized with the Yoast SEO plugin v27.3 - https:\/\/yoast.com\/product\/yoast-seo-wordpress\/ -->\n<title>Enterprise - Spacebridge Inc.<\/title>\n<meta name=\"description\" content=\"The increase of enterprise migrating to the cloud, reliable high-speed IP\/Internet connectivity has become more integral to daily business than ever before.\" \/>\n<meta name=\"robots\" content=\"index, follow, max-snippet:-1, max-image-preview:large, max-video-preview:-1\" \/>\n<link rel=\"canonical\" href=\"https:\/\/spacebridge.com\/fr\/enterprise\/\" \/>\n<meta property=\"og:locale\" content=\"fr_FR\" \/>\n<meta property=\"og:type\" content=\"article\" \/>\n<meta property=\"og:title\" content=\"Enterprise - Spacebridge Inc.\" \/>\n<meta property=\"og:description\" content=\"The increase of enterprise migrating to the cloud, reliable high-speed IP\/Internet connectivity has become more integral to daily business than ever before.\" \/>\n<meta property=\"og:url\" content=\"https:\/\/spacebridge.com\/fr\/enterprise\/\" \/>\n<meta property=\"og:site_name\" content=\"Spacebridge Inc.\" \/>\n<meta property=\"article:modified_time\" content=\"2024-09-13T15:08:02+00:00\" \/>\n<meta property=\"og:image\" content=\"https:\/\/spacebridge.com\/wp-content\/uploads\/2024\/02\/SpaceBridge-logo-no-tagline-full-color-on-white-or-blue.png\" \/>\n\t<meta property=\"og:image:width\" content=\"1474\" \/>\n\t<meta property=\"og:image:height\" content=\"730\" \/>\n\t<meta property=\"og:image:type\" content=\"image\/png\" \/>\n<meta name=\"twitter:card\" content=\"summary_large_image\" \/>\n<meta name=\"twitter:label1\" content=\"Dur\u00e9e de lecture estim\u00e9e\" \/>\n\t<meta name=\"twitter:data1\" content=\"3 minutes\" \/>\n<script type=\"application\/ld+json\" class=\"yoast-schema-graph\">{\"@context\":\"https:\\\/\\\/schema.org\",\"@graph\":[{\"@type\":\"WebPage\",\"@id\":\"https:\\\/\\\/spacebridge.com\\\/enterprise\\\/\",\"url\":\"https:\\\/\\\/spacebridge.com\\\/enterprise\\\/\",\"name\":\"Enterprise - Spacebridge Inc.\",\"isPartOf\":{\"@id\":\"https:\\\/\\\/spacebridge.com\\\/#website\"},\"datePublished\":\"2022-03-03T20:40:52+00:00\",\"dateModified\":\"2024-09-13T15:08:02+00:00\",\"description\":\"The increase of enterprise migrating to the cloud, reliable high-speed IP\\\/Internet connectivity has become more integral to daily business than ever before.\",\"breadcrumb\":{\"@id\":\"https:\\\/\\\/spacebridge.com\\\/enterprise\\\/#breadcrumb\"},\"inLanguage\":\"fr-FR\",\"potentialAction\":[{\"@type\":\"ReadAction\",\"target\":[\"https:\\\/\\\/spacebridge.com\\\/enterprise\\\/\"]}]},{\"@type\":\"BreadcrumbList\",\"@id\":\"https:\\\/\\\/spacebridge.com\\\/enterprise\\\/#breadcrumb\",\"itemListElement\":[{\"@type\":\"ListItem\",\"position\":1,\"name\":\"Home\",\"item\":\"https:\\\/\\\/spacebridge.com\\\/\"},{\"@type\":\"ListItem\",\"position\":2,\"name\":\"Enterprise\"}]},{\"@type\":\"WebSite\",\"@id\":\"https:\\\/\\\/spacebridge.com\\\/#website\",\"url\":\"https:\\\/\\\/spacebridge.com\\\/\",\"name\":\"Spacebridge Inc.\",\"description\":\"Broadband Satellite Communications Systems\",\"publisher\":{\"@id\":\"https:\\\/\\\/spacebridge.com\\\/#organization\"},\"potentialAction\":[{\"@type\":\"SearchAction\",\"target\":{\"@type\":\"EntryPoint\",\"urlTemplate\":\"https:\\\/\\\/spacebridge.com\\\/?s={search_term_string}\"},\"query-input\":{\"@type\":\"PropertyValueSpecification\",\"valueRequired\":true,\"valueName\":\"search_term_string\"}}],\"inLanguage\":\"fr-FR\"},{\"@type\":\"Organization\",\"@id\":\"https:\\\/\\\/spacebridge.com\\\/#organization\",\"name\":\"SpaceBridge Inc.\",\"url\":\"https:\\\/\\\/spacebridge.com\\\/\",\"logo\":{\"@type\":\"ImageObject\",\"inLanguage\":\"fr-FR\",\"@id\":\"https:\\\/\\\/spacebridge.com\\\/#\\\/schema\\\/logo\\\/image\\\/\",\"url\":\"https:\\\/\\\/spacebridge.com\\\/wp-content\\\/uploads\\\/2024\\\/02\\\/SpaceBridge-logo-no-tagline-full-color-on-white-or-blue.png\",\"contentUrl\":\"https:\\\/\\\/spacebridge.com\\\/wp-content\\\/uploads\\\/2024\\\/02\\\/SpaceBridge-logo-no-tagline-full-color-on-white-or-blue.png\",\"width\":1474,\"height\":730,\"caption\":\"SpaceBridge Inc.\"},\"image\":{\"@id\":\"https:\\\/\\\/spacebridge.com\\\/#\\\/schema\\\/logo\\\/image\\\/\"},\"sameAs\":[\"https:\\\/\\\/www.linkedin.com\\\/company\\\/spacebridgeinc\\\/\"]}]}<\/script>\n<!-- \/ Yoast SEO plugin. -->","yoast_head_json":{"title":"Enterprise - Spacebridge Inc.","description":"The increase of enterprise migrating to the cloud, reliable high-speed IP\/Internet connectivity has become more integral to daily business than ever before.","robots":{"index":"index","follow":"follow","max-snippet":"max-snippet:-1","max-image-preview":"max-image-preview:large","max-video-preview":"max-video-preview:-1"},"canonical":"https:\/\/spacebridge.com\/fr\/enterprise\/","og_locale":"fr_FR","og_type":"article","og_title":"Enterprise - Spacebridge Inc.","og_description":"The increase of enterprise migrating to the cloud, reliable high-speed IP\/Internet connectivity has become more integral to daily business than ever before.","og_url":"https:\/\/spacebridge.com\/fr\/enterprise\/","og_site_name":"Spacebridge Inc.","article_modified_time":"2024-09-13T15:08:02+00:00","og_image":[{"width":1474,"height":730,"url":"https:\/\/spacebridge.com\/wp-content\/uploads\/2024\/02\/SpaceBridge-logo-no-tagline-full-color-on-white-or-blue.png","type":"image\/png"}],"twitter_card":"summary_large_image","twitter_misc":{"Dur\u00e9e de lecture estim\u00e9e":"3 minutes"},"schema":{"@context":"https:\/\/schema.org","@graph":[{"@type":"WebPage","@id":"https:\/\/spacebridge.com\/enterprise\/","url":"https:\/\/spacebridge.com\/enterprise\/","name":"Enterprise - Spacebridge Inc.","isPartOf":{"@id":"https:\/\/spacebridge.com\/#website"},"datePublished":"2022-03-03T20:40:52+00:00","dateModified":"2024-09-13T15:08:02+00:00","description":"The increase of enterprise migrating to the cloud, reliable high-speed IP\/Internet connectivity has become more integral to daily business than ever before.","breadcrumb":{"@id":"https:\/\/spacebridge.com\/enterprise\/#breadcrumb"},"inLanguage":"fr-FR","potentialAction":[{"@type":"ReadAction","target":["https:\/\/spacebridge.com\/enterprise\/"]}]},{"@type":"BreadcrumbList","@id":"https:\/\/spacebridge.com\/enterprise\/#breadcrumb","itemListElement":[{"@type":"ListItem","position":1,"name":"Home","item":"https:\/\/spacebridge.com\/"},{"@type":"ListItem","position":2,"name":"Enterprise"}]},{"@type":"WebSite","@id":"https:\/\/spacebridge.com\/#website","url":"https:\/\/spacebridge.com\/","name":"Spacebridge Inc.","description":"Broadband Satellite Communications Systems","publisher":{"@id":"https:\/\/spacebridge.com\/#organization"},"potentialAction":[{"@type":"SearchAction","target":{"@type":"EntryPoint","urlTemplate":"https:\/\/spacebridge.com\/?s={search_term_string}"},"query-input":{"@type":"PropertyValueSpecification","valueRequired":true,"valueName":"search_term_string"}}],"inLanguage":"fr-FR"},{"@type":"Organization","@id":"https:\/\/spacebridge.com\/#organization","name":"SpaceBridge Inc.","url":"https:\/\/spacebridge.com\/","logo":{"@type":"ImageObject","inLanguage":"fr-FR","@id":"https:\/\/spacebridge.com\/#\/schema\/logo\/image\/","url":"https:\/\/spacebridge.com\/wp-content\/uploads\/2024\/02\/SpaceBridge-logo-no-tagline-full-color-on-white-or-blue.png","contentUrl":"https:\/\/spacebridge.com\/wp-content\/uploads\/2024\/02\/SpaceBridge-logo-no-tagline-full-color-on-white-or-blue.png","width":1474,"height":730,"caption":"SpaceBridge Inc."},"image":{"@id":"https:\/\/spacebridge.com\/#\/schema\/logo\/image\/"},"sameAs":["https:\/\/www.linkedin.com\/company\/spacebridgeinc\/"]}]}},"_links":{"self":[{"href":"https:\/\/spacebridge.com\/fr\/wp-json\/wp\/v2\/pages\/6903","targetHints":{"allow":["GET"]}}],"collection":[{"href":"https:\/\/spacebridge.com\/fr\/wp-json\/wp\/v2\/pages"}],"about":[{"href":"https:\/\/spacebridge.com\/fr\/wp-json\/wp\/v2\/types\/page"}],"author":[{"embeddable":true,"href":"https:\/\/spacebridge.com\/fr\/wp-json\/wp\/v2\/users\/13"}],"replies":[{"embeddable":true,"href":"https:\/\/spacebridge.com\/fr\/wp-json\/wp\/v2\/comments?post=6903"}],"version-history":[{"count":108,"href":"https:\/\/spacebridge.com\/fr\/wp-json\/wp\/v2\/pages\/6903\/revisions"}],"predecessor-version":[{"id":12289,"href":"https:\/\/spacebridge.com\/fr\/wp-json\/wp\/v2\/pages\/6903\/revisions\/12289"}],"wp:attachment":[{"href":"https:\/\/spacebridge.com\/fr\/wp-json\/wp\/v2\/media?parent=6903"}],"curies":[{"name":"wp","href":"https:\/\/api.w.org\/{rel}","templated":true}]}}