{"id":6890,"date":"2022-03-03T20:24:26","date_gmt":"2022-03-03T20:24:26","guid":{"rendered":"https:\/\/spacebridge.com\/?page_id=6890"},"modified":"2024-09-13T15:09:06","modified_gmt":"2024-09-13T15:09:06","slug":"e-education","status":"publish","type":"page","link":"https:\/\/spacebridge.com\/fr\/e-education\/","title":{"rendered":"E-\u00e9ducation"},"content":{"rendered":"<div data-elementor-type=\"wp-page\" data-elementor-id=\"6890\" class=\"elementor elementor-6890\" data-elementor-post-type=\"page\">\n\t\t\t\t\t\t<section class=\"elementor-section elementor-top-section elementor-element elementor-element-a40042f ot-traditional elementor-section-boxed elementor-section-height-default elementor-section-height-default\" data-id=\"a40042f\" data-element_type=\"section\" data-e-type=\"section\">\n\t\t\t\t\t\t<div class=\"elementor-container elementor-column-gap-default\">\n\t\t\t\t\t<div class=\"elementor-column elementor-col-100 elementor-top-column elementor-element elementor-element-0a21cc5 ot-flex-column-vertical\" data-id=\"0a21cc5\" data-element_type=\"column\" data-e-type=\"column\">\n\t\t\t<div class=\"elementor-widget-wrap elementor-element-populated\">\n\t\t\t\t\t\t<div class=\"elementor-element elementor-element-5ea6ebe elementor-widget elementor-widget-heading\" data-id=\"5ea6ebe\" data-element_type=\"widget\" data-e-type=\"widget\" data-widget_type=\"heading.default\">\n\t\t\t\t<div class=\"elementor-widget-container\">\n\t\t\t\t\t<h2 class=\"elementor-heading-title elementor-size-medium\">E-Education | Classes connect\u00e9es | Enseignement \u00e0 distance | Apprentissage en ligne | Syst\u00e8mes de gestion de l'apprentissage | Salles de classe en ligne.<\/h2>\t\t\t\t<\/div>\n\t\t\t\t<\/div>\n\t\t\t\t<div class=\"elementor-element elementor-element-86a7e0f elementor-widget elementor-widget-text-editor\" data-id=\"86a7e0f\" data-element_type=\"widget\" data-e-type=\"widget\" data-widget_type=\"text-editor.default\">\n\t\t\t\t<div class=\"elementor-widget-container\">\n\t\t\t\t\t\t\t\t\t<p>Les syst\u00e8mes \u00e9ducatifs peuvent comprendre des milliers d'\u00e9coles dans une r\u00e9gion ou un pays donn\u00e9, et m\u00eame jusqu'\u00e0 un million d'\u00e9coles dans certains des plus grands pays du monde. Ainsi, les syst\u00e8mes d'e-\u00e9ducation permettent de fournir un contenu \u00e9ducatif uniforme \u00e0 un grand nombre d'\u00e9coles et de salles de classe \u00e0 une \u00e9chelle et une efficacit\u00e9 comparables \u00e0 celles de l'apprentissage traditionnel par le livre. Par cons\u00e9quent, l'e-education par satellite aide les syst\u00e8mes \u00e9ducatifs \u00e0 \u00e9duquer avec succ\u00e8s les \u00e9l\u00e8ves des communaut\u00e9s rurales et \u00e9loign\u00e9es dans de nombreux pays du monde.<\/p><h6>Avantages de la education en ligne<\/h6><ul><li>Le haut d\u00e9bit par satellite est un moyen avantageux pour fournir des applications multim\u00e9dia d'apprentissage en ligne aux salles de classe rurales et aux syst\u00e8mes comportant de nombreuses salles de classe g\u00e9ographiquement dispers\u00e9es.<\/li><li>Les satellites peuvent diffuser efficacement des cours en direct, et multidiffuser des contenus non en direct tels que des vid\u00e9os, des livres \u00e9lectroniques et des pr\u00e9sentations, pour les t\u00e9l\u00e9charger et les visionner ult\u00e9rieurement \u00e0 la demande, vers un nombre pratiquement illimit\u00e9 de sites situ\u00e9s dans la ligne de vis\u00e9e de l'empreinte du satellite, sans que le co\u00fbt de la bande passante n'augmente avec le nombre de sites.<\/li><li>Tout ce dont une \u00e9cole ou un \u00e9tablissement d'enseignement a besoin, c'est d'une antenne parabolique et d'un terminal \u00e0 faible co\u00fbt pour assurer la connectivit\u00e9.<\/li><\/ul><p>Le syst\u00e8me SpaceBridge ASAT\u2122 est con\u00e7u pour fournir un acc\u00e8s Internet par satellite \u00e0 haut d\u00e9bit et de qualit\u00e9 terrestre dans les zones rurales. \u00a0Il peut fournir des communications \u00e0 large bande fiables et rentables aux \u00e9coles rurales les plus \u00e9loign\u00e9es par satellite.<\/p><p>Notre famille de produits de terminaux VSAT compacts, comme le routeur de bureau E7000 ou C7700 abordable, peut aider les r\u00e9seaux ruraux de la \"fracture num\u00e9rique\" \u00e0 connecter les \u00e9coles \u00e9loign\u00e9es.\u00a0<\/p><p>Les r\u00e9seaux VSAT utilisant cette plateforme peuvent fournir du contenu et des outils de classe \u00e9lectronique tels que :<\/p><p>\u00a0<\/p>\t\t\t\t\t\t\t\t<\/div>\n\t\t\t\t<\/div>\n\t\t\t\t\t<\/div>\n\t\t<\/div>\n\t\t\t\t\t<\/div>\n\t\t<\/section>\n\t\t\t\t<section class=\"elementor-section elementor-top-section elementor-element elementor-element-db626de ot-traditional elementor-section-boxed elementor-section-height-default elementor-section-height-default\" data-id=\"db626de\" data-element_type=\"section\" data-e-type=\"section\">\n\t\t\t\t\t\t<div class=\"elementor-container elementor-column-gap-default\">\n\t\t\t\t\t<div class=\"elementor-column elementor-col-50 elementor-top-column elementor-element elementor-element-986eea9 ot-flex-column-vertical\" data-id=\"986eea9\" data-element_type=\"column\" data-e-type=\"column\">\n\t\t\t<div class=\"elementor-widget-wrap elementor-element-populated\">\n\t\t\t\t\t\t<div class=\"elementor-element elementor-element-c580989 elementor-widget elementor-widget-text-editor\" data-id=\"c580989\" data-element_type=\"widget\" data-e-type=\"widget\" data-widget_type=\"text-editor.default\">\n\t\t\t\t<div class=\"elementor-widget-container\">\n\t\t\t\t\t\t\t\t\t<ul><li>Diffusion d'instructions en direct<\/li><li>Le\u00e7ons vid\u00e9o\/biblioth\u00e8ques et mat\u00e9riel didactique<\/li><\/ul>\t\t\t\t\t\t\t\t<\/div>\n\t\t\t\t<\/div>\n\t\t\t\t\t<\/div>\n\t\t<\/div>\n\t\t\t\t<div class=\"elementor-column elementor-col-50 elementor-top-column elementor-element elementor-element-34ab14e ot-flex-column-vertical\" data-id=\"34ab14e\" data-element_type=\"column\" data-e-type=\"column\">\n\t\t\t<div class=\"elementor-widget-wrap elementor-element-populated\">\n\t\t\t\t\t\t<div class=\"elementor-element elementor-element-ddbe156 elementor-widget elementor-widget-text-editor\" data-id=\"ddbe156\" data-element_type=\"widget\" data-e-type=\"widget\" data-widget_type=\"text-editor.default\">\n\t\t\t\t<div class=\"elementor-widget-container\">\n\t\t\t\t\t\t\t\t\t<ul><li>Vid\u00e9o-conf\u00e9rence interactive<\/li><li>Manuel \u00e9lectronique et mat\u00e9riel de cours<\/li><li>Formation assist\u00e9e par ordinateur et applications d'auto-apprentissage<\/li><\/ul>\t\t\t\t\t\t\t\t<\/div>\n\t\t\t\t<\/div>\n\t\t\t\t\t<\/div>\n\t\t<\/div>\n\t\t\t\t\t<\/div>\n\t\t<\/section>\n\t\t\t\t<section class=\"elementor-section elementor-top-section elementor-element elementor-element-c159352 ot-traditional elementor-section-boxed elementor-section-height-default elementor-section-height-default\" data-id=\"c159352\" data-element_type=\"section\" data-e-type=\"section\">\n\t\t\t\t\t\t<div class=\"elementor-container elementor-column-gap-default\">\n\t\t\t\t\t<div class=\"elementor-column elementor-col-100 elementor-top-column elementor-element elementor-element-cdeeeb2 ot-flex-column-vertical\" data-id=\"cdeeeb2\" data-element_type=\"column\" data-e-type=\"column\">\n\t\t\t<div class=\"elementor-widget-wrap elementor-element-populated\">\n\t\t\t\t\t\t<div class=\"elementor-element elementor-element-096001c elementor-widget elementor-widget-text-editor\" data-id=\"096001c\" data-element_type=\"widget\" data-e-type=\"widget\" data-widget_type=\"text-editor.default\">\n\t\t\t\t<div class=\"elementor-widget-container\">\n\t\t\t\t\t\t\t\t\t<p>Ainsi, le routeur VSAT SpaceBridge E7000 est un terminal utilisateur facile \u00e0 d\u00e9ployer. Il peut se connecter au syst\u00e8me de gestion de l'apprentissage d'une \u00e9cole. Il permet \u00e9galement aux \u00e9tudiants et aux salles de classe de t\u00e9l\u00e9charger et de consommer du contenu interactif. Il s'agit notamment de biblioth\u00e8ques de vid\u00e9os \u00e0 la demande de le\u00e7ons et de conf\u00e9rences hors ligne, de vid\u00e9os d'instruction et de s\u00e9quences.<\/p><h6>Hotspot Wi-Fi rural \/ Backhaul sans fil<\/h6><p>En outre, l'ASAT<sup>\u2122<\/sup>\u00a0ou le routeur de bureau compact de classe entreprise SpaceBridge E7000, peuvent \u00e9tablir des donn\u00e9es priv\u00e9es et une connectivit\u00e9 Internet \u00e0 large bande pour les applications de backhaul Wi-Fi, d'administration et de classe. Par exemple, ce produit peut \u00eatre utilis\u00e9 pour les grands campus. \u00a0Nos syst\u00e8mes et terminaux peuvent \u00e9voluer facilement pour g\u00e9rer un grand nombre de smartphones mobiles, de combin\u00e9s, de tablettes ou de PC acc\u00e9dant \u00e0 Internet. Par cons\u00e9quent, ceux-ci peuvent se trouver au m\u00eame endroit ou \u00eatre distribu\u00e9s via des communications sans fil Wi-Fi.<\/p><h6>Efficacit\u00e9 de la bande passante pour les r\u00e9seaux \u00e9ducatifs : WaveSwitch<sup>\u2122<\/sup><\/h6><p>En outre, WaveSwitch<sup>\u2122<\/sup>\u00a0de SpaceBridge offre des avantages uniques pour les applications du secteur de l'enseignement et de l'apprentissage par satellite qui sont \" gourmandes en d\u00e9bit \". Parmi les exemples, citons la vid\u00e9o bidirectionnelle, les t\u00e9l\u00e9chargements \u00e0 grande vitesse et les points d'acc\u00e8s Wi-Fi. Ainsi, avec WaveSwitch\u2122, les terminaux \" toujours en ligne \" peuvent \u00eatre param\u00e9tr\u00e9s pour ne consommer de la bande passante que lorsque les priorit\u00e9s du trafic l'exigent - minimisant ainsi la consommation co\u00fbteuse de bande passante par satellite.<\/p>\t\t\t\t\t\t\t\t<\/div>\n\t\t\t\t<\/div>\n\t\t\t\t\t<\/div>\n\t\t<\/div>\n\t\t\t\t\t<\/div>\n\t\t<\/section>\n\t\t\t\t<section class=\"elementor-section elementor-top-section elementor-element elementor-element-0d327d5 ot-traditional elementor-section-boxed elementor-section-height-default elementor-section-height-default\" data-id=\"0d327d5\" data-element_type=\"section\" data-e-type=\"section\">\n\t\t\t\t\t\t<div class=\"elementor-container elementor-column-gap-default\">\n\t\t\t\t\t<div class=\"elementor-column elementor-col-100 elementor-top-column elementor-element elementor-element-0168ba5 ot-flex-column-vertical\" data-id=\"0168ba5\" data-element_type=\"column\" data-e-type=\"column\">\n\t\t\t<div class=\"elementor-widget-wrap elementor-element-populated\">\n\t\t\t\t\t\t<div class=\"elementor-element elementor-element-db2181a elementor-widget elementor-widget-heading\" data-id=\"db2181a\" data-element_type=\"widget\" data-e-type=\"widget\" data-widget_type=\"heading.default\">\n\t\t\t\t<div class=\"elementor-widget-container\">\n\t\t\t\t\t<h4 class=\"elementor-heading-title elementor-size-default\">Ressources Connexes<\/h4>\t\t\t\t<\/div>\n\t\t\t\t<\/div>\n\t\t\t\t<div class=\"elementor-element elementor-element-426b5d3 related-resources-acc elementor-widget elementor-widget-iaccordions\" data-id=\"426b5d3\" data-element_type=\"widget\" data-e-type=\"widget\" data-widget_type=\"iaccordions.default\">\n\t\t\t\t<div class=\"elementor-widget-container\">\n\t\t\t\t\t\r\n\t\t<div class=\"ot-accordions\">\r\n\t\t\t\t\t\t<div class=\"acc-item\">\r\n\t\t\t\t<span class=\"acc-toggle\">Fiches Techniques <i class=\"down flaticon-download-arrow\"><\/i><i class=\"up flaticon-up-arrow\"><\/i><\/span>\r\n\t\t\t\t<div class=\"acc-content\">\r\n\t\t\t\t\t<p><a href=\"https:\/\/spacebridge.com\/wp-content\/uploads\/2022\/02\/C7700-DS-20231113R03.pdf\">C7700 - Modem\/appareil satellite \u00e0 large bande du syst\u00e8me ASAT\u2122<\/a><\/p><p><a href=\"https:\/\/spacebridge.com\/wp-content\/uploads\/2022\/05\/PB-E7000-DS-006-21105_1-fr.pdf\">Modem satellite de connectivit\u00e9 d&#039;entreprise du syst\u00e8me E7000 ASAT\u2122<\/a><\/p>\t\t\t\t<\/div>\r\n\t\t\t<\/div>\r\n\t\t\t\t\t\t<div class=\"acc-item\">\r\n\t\t\t\t<span class=\"acc-toggle\">D\u00e9pliants <i class=\"down flaticon-download-arrow\"><\/i><i class=\"up flaticon-up-arrow\"><\/i><\/span>\r\n\t\t\t\t<div class=\"acc-content\">\r\n\t\t\t\t\t<p><a href=\"https:\/\/spacebridge.com\/wp-content\/uploads\/2022\/04\/PB-ASAT-SYSTEM-BR-007-22020-fr.pdf\">Brochure du syst\u00e8me ASAT<\/a><\/p><p><a href=\"https:\/\/spacebridge.com\/wp-content\/uploads\/2022\/04\/PB-ASAT-CBH-AN-007-21236-1-fr.pdf\">Description de la solution de liaisons de retour cellulaires<\/a><\/p>\t\t\t\t<\/div>\r\n\t\t\t<\/div>\r\n\t\t\t\t\t\t<div class=\"acc-item\">\r\n\t\t\t\t<span class=\"acc-toggle\">Livres Blancs <i class=\"down flaticon-download-arrow\"><\/i><i class=\"up flaticon-up-arrow\"><\/i><\/span>\r\n\t\t\t\t<div class=\"acc-content\">\r\n\t\t\t\t\t<p><a href=\"https:\/\/spacebridge.com\/wp-content\/uploads\/2022\/04\/PB-WAVESWITCH-WP-003-22020-1-fr.pdf\">Livre blanc WaveSwitch<\/a><\/p>\t\t\t\t<\/div>\r\n\t\t\t<\/div>\r\n\t\t\t\t\t\t<div class=\"acc-item\">\r\n\t\t\t\t<span class=\"acc-toggle\">Histoires de Succ\u00e8s <i class=\"down flaticon-download-arrow\"><\/i><i class=\"up flaticon-up-arrow\"><\/i><\/span>\r\n\t\t\t\t<div class=\"acc-content\">\r\n\t\t\t\t\t<p><a href=\"https:\/\/spacebridge.com\/wp-content\/uploads\/2022\/06\/Venezuela-CANTV-21060_1-fr.pdf\">Venezuela-CANTV - Histoire d'une r\u00e9ussite<\/a><\/p><p><a href=\"https:\/\/spacebridge.com\/wp-content\/uploads\/2022\/04\/Omansat-Success-Story-1-2-fr.pdf\">Omansat - Histoire d'une r\u00e9ussite<\/a><\/p>\t\t\t\t<\/div>\r\n\t\t\t<\/div>\r\n\t\t\t\t    <\/div>\r\n\r\n\t    \t\t\t\t<\/div>\n\t\t\t\t<\/div>\n\t\t\t\t\t<\/div>\n\t\t<\/div>\n\t\t\t\t\t<\/div>\n\t\t<\/section>\n\t\t\t\t<\/div>","protected":false},"excerpt":{"rendered":"<p>E-Education | Connected classrooms | Distance Learning | E-Learning | Learning Management Systems | E-Classrooms. Educational systems can include thousands of schools in a given region or country, and even [&hellip;]<\/p>\n","protected":false},"author":13,"featured_media":0,"parent":0,"menu_order":0,"comment_status":"closed","ping_status":"closed","template":"","meta":{"_acf_changed":false,"footnotes":""},"class_list":["post-6890","page","type-page","status-publish","hentry"],"acf":[],"yoast_head":"<!-- This site is optimized with the Yoast SEO plugin v27.3 - https:\/\/yoast.com\/product\/yoast-seo-wordpress\/ -->\n<title>E-Education - Spacebridge Inc.<\/title>\n<meta name=\"description\" content=\"\u201cE-Education\u201d systems provide scale and efficiency learning, for delivering uniform educational content. Learn how we keep them connected!\" \/>\n<meta name=\"robots\" content=\"index, follow, max-snippet:-1, max-image-preview:large, max-video-preview:-1\" \/>\n<link rel=\"canonical\" href=\"https:\/\/spacebridge.com\/fr\/e-education\/\" \/>\n<meta property=\"og:locale\" content=\"fr_FR\" \/>\n<meta property=\"og:type\" content=\"article\" \/>\n<meta property=\"og:title\" content=\"E-Education - Spacebridge Inc.\" \/>\n<meta property=\"og:description\" content=\"\u201cE-Education\u201d systems provide scale and efficiency learning, for delivering uniform educational content. Learn how we keep them connected!\" \/>\n<meta property=\"og:url\" content=\"https:\/\/spacebridge.com\/fr\/e-education\/\" \/>\n<meta property=\"og:site_name\" content=\"Spacebridge Inc.\" \/>\n<meta property=\"article:modified_time\" content=\"2024-09-13T15:09:06+00:00\" \/>\n<meta property=\"og:image\" content=\"https:\/\/spacebridge.com\/wp-content\/uploads\/2024\/02\/SpaceBridge-logo-no-tagline-full-color-on-white-or-blue.png\" \/>\n\t<meta property=\"og:image:width\" content=\"1474\" \/>\n\t<meta property=\"og:image:height\" content=\"730\" \/>\n\t<meta property=\"og:image:type\" content=\"image\/png\" \/>\n<meta name=\"twitter:card\" content=\"summary_large_image\" \/>\n<meta name=\"twitter:label1\" content=\"Dur\u00e9e de lecture estim\u00e9e\" \/>\n\t<meta name=\"twitter:data1\" content=\"3 minutes\" \/>\n<script type=\"application\/ld+json\" class=\"yoast-schema-graph\">{\"@context\":\"https:\\\/\\\/schema.org\",\"@graph\":[{\"@type\":\"WebPage\",\"@id\":\"https:\\\/\\\/spacebridge.com\\\/e-education\\\/\",\"url\":\"https:\\\/\\\/spacebridge.com\\\/e-education\\\/\",\"name\":\"E-Education - Spacebridge Inc.\",\"isPartOf\":{\"@id\":\"https:\\\/\\\/spacebridge.com\\\/#website\"},\"datePublished\":\"2022-03-03T20:24:26+00:00\",\"dateModified\":\"2024-09-13T15:09:06+00:00\",\"description\":\"\u201cE-Education\u201d systems provide scale and efficiency learning, for delivering uniform educational content. Learn how we keep them connected!\",\"breadcrumb\":{\"@id\":\"https:\\\/\\\/spacebridge.com\\\/e-education\\\/#breadcrumb\"},\"inLanguage\":\"fr-FR\",\"potentialAction\":[{\"@type\":\"ReadAction\",\"target\":[\"https:\\\/\\\/spacebridge.com\\\/e-education\\\/\"]}]},{\"@type\":\"BreadcrumbList\",\"@id\":\"https:\\\/\\\/spacebridge.com\\\/e-education\\\/#breadcrumb\",\"itemListElement\":[{\"@type\":\"ListItem\",\"position\":1,\"name\":\"Home\",\"item\":\"https:\\\/\\\/spacebridge.com\\\/\"},{\"@type\":\"ListItem\",\"position\":2,\"name\":\"E-Education\"}]},{\"@type\":\"WebSite\",\"@id\":\"https:\\\/\\\/spacebridge.com\\\/#website\",\"url\":\"https:\\\/\\\/spacebridge.com\\\/\",\"name\":\"Spacebridge Inc.\",\"description\":\"Broadband Satellite Communications Systems\",\"publisher\":{\"@id\":\"https:\\\/\\\/spacebridge.com\\\/#organization\"},\"potentialAction\":[{\"@type\":\"SearchAction\",\"target\":{\"@type\":\"EntryPoint\",\"urlTemplate\":\"https:\\\/\\\/spacebridge.com\\\/?s={search_term_string}\"},\"query-input\":{\"@type\":\"PropertyValueSpecification\",\"valueRequired\":true,\"valueName\":\"search_term_string\"}}],\"inLanguage\":\"fr-FR\"},{\"@type\":\"Organization\",\"@id\":\"https:\\\/\\\/spacebridge.com\\\/#organization\",\"name\":\"SpaceBridge Inc.\",\"url\":\"https:\\\/\\\/spacebridge.com\\\/\",\"logo\":{\"@type\":\"ImageObject\",\"inLanguage\":\"fr-FR\",\"@id\":\"https:\\\/\\\/spacebridge.com\\\/#\\\/schema\\\/logo\\\/image\\\/\",\"url\":\"https:\\\/\\\/spacebridge.com\\\/wp-content\\\/uploads\\\/2024\\\/02\\\/SpaceBridge-logo-no-tagline-full-color-on-white-or-blue.png\",\"contentUrl\":\"https:\\\/\\\/spacebridge.com\\\/wp-content\\\/uploads\\\/2024\\\/02\\\/SpaceBridge-logo-no-tagline-full-color-on-white-or-blue.png\",\"width\":1474,\"height\":730,\"caption\":\"SpaceBridge Inc.\"},\"image\":{\"@id\":\"https:\\\/\\\/spacebridge.com\\\/#\\\/schema\\\/logo\\\/image\\\/\"},\"sameAs\":[\"https:\\\/\\\/www.linkedin.com\\\/company\\\/spacebridgeinc\\\/\"]}]}<\/script>\n<!-- \/ Yoast SEO plugin. -->","yoast_head_json":{"title":"E-Education - Spacebridge Inc.","description":"\u201cE-Education\u201d systems provide scale and efficiency learning, for delivering uniform educational content. Learn how we keep them connected!","robots":{"index":"index","follow":"follow","max-snippet":"max-snippet:-1","max-image-preview":"max-image-preview:large","max-video-preview":"max-video-preview:-1"},"canonical":"https:\/\/spacebridge.com\/fr\/e-education\/","og_locale":"fr_FR","og_type":"article","og_title":"E-Education - Spacebridge Inc.","og_description":"\u201cE-Education\u201d systems provide scale and efficiency learning, for delivering uniform educational content. Learn how we keep them connected!","og_url":"https:\/\/spacebridge.com\/fr\/e-education\/","og_site_name":"Spacebridge Inc.","article_modified_time":"2024-09-13T15:09:06+00:00","og_image":[{"width":1474,"height":730,"url":"https:\/\/spacebridge.com\/wp-content\/uploads\/2024\/02\/SpaceBridge-logo-no-tagline-full-color-on-white-or-blue.png","type":"image\/png"}],"twitter_card":"summary_large_image","twitter_misc":{"Dur\u00e9e de lecture estim\u00e9e":"3 minutes"},"schema":{"@context":"https:\/\/schema.org","@graph":[{"@type":"WebPage","@id":"https:\/\/spacebridge.com\/e-education\/","url":"https:\/\/spacebridge.com\/e-education\/","name":"E-Education - Spacebridge Inc.","isPartOf":{"@id":"https:\/\/spacebridge.com\/#website"},"datePublished":"2022-03-03T20:24:26+00:00","dateModified":"2024-09-13T15:09:06+00:00","description":"\u201cE-Education\u201d systems provide scale and efficiency learning, for delivering uniform educational content. Learn how we keep them connected!","breadcrumb":{"@id":"https:\/\/spacebridge.com\/e-education\/#breadcrumb"},"inLanguage":"fr-FR","potentialAction":[{"@type":"ReadAction","target":["https:\/\/spacebridge.com\/e-education\/"]}]},{"@type":"BreadcrumbList","@id":"https:\/\/spacebridge.com\/e-education\/#breadcrumb","itemListElement":[{"@type":"ListItem","position":1,"name":"Home","item":"https:\/\/spacebridge.com\/"},{"@type":"ListItem","position":2,"name":"E-Education"}]},{"@type":"WebSite","@id":"https:\/\/spacebridge.com\/#website","url":"https:\/\/spacebridge.com\/","name":"Spacebridge Inc.","description":"Broadband Satellite Communications Systems","publisher":{"@id":"https:\/\/spacebridge.com\/#organization"},"potentialAction":[{"@type":"SearchAction","target":{"@type":"EntryPoint","urlTemplate":"https:\/\/spacebridge.com\/?s={search_term_string}"},"query-input":{"@type":"PropertyValueSpecification","valueRequired":true,"valueName":"search_term_string"}}],"inLanguage":"fr-FR"},{"@type":"Organization","@id":"https:\/\/spacebridge.com\/#organization","name":"SpaceBridge Inc.","url":"https:\/\/spacebridge.com\/","logo":{"@type":"ImageObject","inLanguage":"fr-FR","@id":"https:\/\/spacebridge.com\/#\/schema\/logo\/image\/","url":"https:\/\/spacebridge.com\/wp-content\/uploads\/2024\/02\/SpaceBridge-logo-no-tagline-full-color-on-white-or-blue.png","contentUrl":"https:\/\/spacebridge.com\/wp-content\/uploads\/2024\/02\/SpaceBridge-logo-no-tagline-full-color-on-white-or-blue.png","width":1474,"height":730,"caption":"SpaceBridge Inc."},"image":{"@id":"https:\/\/spacebridge.com\/#\/schema\/logo\/image\/"},"sameAs":["https:\/\/www.linkedin.com\/company\/spacebridgeinc\/"]}]}},"_links":{"self":[{"href":"https:\/\/spacebridge.com\/fr\/wp-json\/wp\/v2\/pages\/6890","targetHints":{"allow":["GET"]}}],"collection":[{"href":"https:\/\/spacebridge.com\/fr\/wp-json\/wp\/v2\/pages"}],"about":[{"href":"https:\/\/spacebridge.com\/fr\/wp-json\/wp\/v2\/types\/page"}],"author":[{"embeddable":true,"href":"https:\/\/spacebridge.com\/fr\/wp-json\/wp\/v2\/users\/13"}],"replies":[{"embeddable":true,"href":"https:\/\/spacebridge.com\/fr\/wp-json\/wp\/v2\/comments?post=6890"}],"version-history":[{"count":54,"href":"https:\/\/spacebridge.com\/fr\/wp-json\/wp\/v2\/pages\/6890\/revisions"}],"predecessor-version":[{"id":12295,"href":"https:\/\/spacebridge.com\/fr\/wp-json\/wp\/v2\/pages\/6890\/revisions\/12295"}],"wp:attachment":[{"href":"https:\/\/spacebridge.com\/fr\/wp-json\/wp\/v2\/media?parent=6890"}],"curies":[{"name":"wp","href":"https:\/\/api.w.org\/{rel}","templated":true}]}}