{"id":6885,"date":"2022-03-03T20:17:10","date_gmt":"2022-03-03T20:17:10","guid":{"rendered":"https:\/\/spacebridge.com\/?page_id=6885"},"modified":"2024-09-13T15:28:29","modified_gmt":"2024-09-13T15:28:29","slug":"broadcasting","status":"publish","type":"page","link":"https:\/\/spacebridge.com\/fr\/broadcasting\/","title":{"rendered":"Radiodiffusion"},"content":{"rendered":"<div data-elementor-type=\"wp-page\" data-elementor-id=\"6885\" class=\"elementor elementor-6885\" data-elementor-post-type=\"page\">\n\t\t\t\t\t\t<section class=\"elementor-section elementor-top-section elementor-element elementor-element-bd188a7 ot-traditional elementor-section-boxed elementor-section-height-default elementor-section-height-default\" data-id=\"bd188a7\" data-element_type=\"section\" data-e-type=\"section\">\n\t\t\t\t\t\t<div class=\"elementor-container elementor-column-gap-default\">\n\t\t\t\t\t<div class=\"elementor-column elementor-col-100 elementor-top-column elementor-element elementor-element-8d62817 ot-flex-column-vertical\" data-id=\"8d62817\" data-element_type=\"column\" data-e-type=\"column\">\n\t\t\t<div class=\"elementor-widget-wrap elementor-element-populated\">\n\t\t\t\t\t\t<div class=\"elementor-element elementor-element-2382b9c elementor-widget elementor-widget-text-editor\" data-id=\"2382b9c\" data-element_type=\"widget\" data-e-type=\"widget\" data-widget_type=\"text-editor.default\">\n\t\t\t\t<div class=\"elementor-widget-container\">\n\t\t\t\t\t\t\t\t\t<p>En fait, pour les applications de liaison et de radiodiffusion qui ne peuvent tol\u00e9rer le partage de la bande passante entre sites ou stations et qui ont besoin d'une bande passante d\u00e9di\u00e9e, des liaisons par satellite \u00e0 canal unique par transporteur (SCPC) peuvent \u00eatre n\u00e9cessaires. Parmi les exemples, on peut citer les \"trunks\" longue distance, les circuits d'extension Internet vers les principaux points de pr\u00e9sence (PoP) mondiaux, les circuits de secours pour la fibre \u00e0 \"faible disponibilit\u00e9\" ou d'autres liaisons critiques, ainsi que la diffusion de cha\u00eenes de t\u00e9l\u00e9vision DTH.<\/p><p>Par cons\u00e9quent, SpaceBridge fournit des modems et modulateurs de satellite SCPC (Single Channel Per Carrier) \u00e0 haute performance, adapt\u00e9s \u00e0 une vari\u00e9t\u00e9 d'applications satellitaires, notamment :<\/p><ul><li>Trunking<\/li><li>Diffusion - Distribution, Contribution, SNG<\/li><li>Internet - circuits d'extension vers les principaux points de pr\u00e9sence (PoP) globaux,<\/li><li>Circuits de secours - pour la fibre \u00e0 \"faible disponibilit\u00e9\" ou d'autres liens critiques pour la mission.<\/li><li>Circuits priv\u00e9s et de d\u00e9fense<\/li><\/ul><p>De plus, les diffuseurs peuvent profiter des avantages de la technologie modem de SpaceBridge en termes de performance, de la flexibilit\u00e9 des mises \u00e0 jour logicielles et de la souplesse des interfaces. En fait, SpaceBridge's propose un modem de diffusion \u00e0 haut d\u00e9bit, un modulateur de diffusion par satellite et un d\u00e9modulateur.<\/p><p>En outre, le\u00a0<strong>SpaceBridge AMT 75E Modem de diffusion haut d\u00e9bit DVB-S\/S2<\/strong>\u00a0est un modem satellite haut d\u00e9bit polyvalent, flexible pour supporter une vari\u00e9t\u00e9 d'applications, et id\u00e9al pour :<\/p>\t\t\t\t\t\t\t\t<\/div>\n\t\t\t\t<\/div>\n\t\t\t\t\t<\/div>\n\t\t<\/div>\n\t\t\t\t\t<\/div>\n\t\t<\/section>\n\t\t\t\t<section class=\"elementor-section elementor-top-section elementor-element elementor-element-b2cb767 ot-traditional elementor-section-boxed elementor-section-height-default elementor-section-height-default\" data-id=\"b2cb767\" data-element_type=\"section\" data-e-type=\"section\">\n\t\t\t\t\t\t<div class=\"elementor-container elementor-column-gap-default\">\n\t\t\t\t\t<div class=\"elementor-column elementor-col-50 elementor-top-column elementor-element elementor-element-35c4933 ot-flex-column-vertical\" data-id=\"35c4933\" data-element_type=\"column\" data-e-type=\"column\">\n\t\t\t<div class=\"elementor-widget-wrap elementor-element-populated\">\n\t\t\t\t\t\t<div class=\"elementor-element elementor-element-8f270b9 elementor-widget elementor-widget-text-editor\" data-id=\"8f270b9\" data-element_type=\"widget\" data-e-type=\"widget\" data-widget_type=\"text-editor.default\">\n\t\t\t\t<div class=\"elementor-widget-container\">\n\t\t\t\t\t\t\t\t\t<ul><li>Distribution vid\u00e9o<\/li><li>SNG<\/li><li>Contribution vid\u00e9o<\/li><\/ul>\t\t\t\t\t\t\t\t<\/div>\n\t\t\t\t<\/div>\n\t\t\t\t\t<\/div>\n\t\t<\/div>\n\t\t\t\t<div class=\"elementor-column elementor-col-50 elementor-top-column elementor-element elementor-element-c2ace88 ot-flex-column-vertical\" data-id=\"c2ace88\" data-element_type=\"column\" data-e-type=\"column\">\n\t\t\t<div class=\"elementor-widget-wrap elementor-element-populated\">\n\t\t\t\t\t\t<div class=\"elementor-element elementor-element-1b56dce elementor-widget elementor-widget-text-editor\" data-id=\"1b56dce\" data-element_type=\"widget\" data-e-type=\"widget\" data-widget_type=\"text-editor.default\">\n\t\t\t\t<div class=\"elementor-widget-container\">\n\t\t\t\t\t\t\t\t\t<ul><li>Restauration de la dorsale et des c\u00e2bles LIP<\/li><li>Distribution primaire des r\u00e9seaux terrestres<\/li><li>Backhaul \/ trunks IP<\/li><li>R\u00e9seaux bidirectionnels d'entreprise.<\/li><\/ul>\t\t\t\t\t\t\t\t<\/div>\n\t\t\t\t<\/div>\n\t\t\t\t\t<\/div>\n\t\t<\/div>\n\t\t\t\t\t<\/div>\n\t\t<\/section>\n\t\t\t\t<section class=\"elementor-section elementor-top-section elementor-element elementor-element-5b86c87 ot-traditional elementor-section-boxed elementor-section-height-default elementor-section-height-default\" data-id=\"5b86c87\" data-element_type=\"section\" data-e-type=\"section\">\n\t\t\t\t\t\t<div class=\"elementor-container elementor-column-gap-default\">\n\t\t\t\t\t<div class=\"elementor-column elementor-col-100 elementor-top-column elementor-element elementor-element-974c6e1 ot-flex-column-vertical\" data-id=\"974c6e1\" data-element_type=\"column\" data-e-type=\"column\">\n\t\t\t<div class=\"elementor-widget-wrap elementor-element-populated\">\n\t\t\t\t\t\t<div class=\"elementor-element elementor-element-1b7309a elementor-widget elementor-widget-text-editor\" data-id=\"1b7309a\" data-element_type=\"widget\" data-e-type=\"widget\" data-widget_type=\"text-editor.default\">\n\t\t\t\t<div class=\"elementor-widget-container\">\n\t\t\t\t\t\t\t\t\t<p>De plus, les caract\u00e9ristiques de la radio logicielle (SDR) garantissent une flexibilit\u00e9 in\u00e9gal\u00e9e pour ajouter des am\u00e9liorations par des mises \u00e0 jour du FirmWare. Par cons\u00e9quent, pour la diffusion, l'AMT75 offre un choix flexible d'interfaces de donn\u00e9es.<\/p><h6><strong>R\u00e9ception des \u00e9missions :<\/strong><\/h6><p>De m\u00eame, le r\u00e9cepteur SBD75E \/ SBR75 est con\u00e7u pour la r\u00e9ception professionnelle et l'acheminement de la transmission sur les liaisons satellite DVB-S\/S2. Ainsi, un ch\u00e2ssis 1RU supporte jusqu'\u00e0 3 r\u00e9cepteurs avec une formation redondante en option. En fait, il re\u00e7oit des signaux de t\u00e9l\u00e9vision num\u00e9rique et\/ou des donn\u00e9es \u00e0 haut d\u00e9bit (IP) pour la distribution\/contribution de t\u00e9l\u00e9vision num\u00e9rique et le rassemblement de nouvelles num\u00e9riques par satellite (DSNG).<\/p><p>En outre, le r\u00e9cepteur SBD75E peut d\u00e9sagr\u00e9ger, remapper et dupliquer les flux de transport MPEG. Enfin, les n\u0153uds clients sont connect\u00e9s via des interfaces ASI et\/ou 100Base-T.<\/p><h6>Avantages<\/h6>\t\t\t\t\t\t\t\t<\/div>\n\t\t\t\t<\/div>\n\t\t\t\t\t<\/div>\n\t\t<\/div>\n\t\t\t\t\t<\/div>\n\t\t<\/section>\n\t\t\t\t<section class=\"elementor-section elementor-top-section elementor-element elementor-element-7e3a2be ot-traditional elementor-section-boxed elementor-section-height-default elementor-section-height-default\" data-id=\"7e3a2be\" data-element_type=\"section\" data-e-type=\"section\">\n\t\t\t\t\t\t<div class=\"elementor-container elementor-column-gap-default\">\n\t\t\t\t\t<div class=\"elementor-column elementor-col-50 elementor-top-column elementor-element elementor-element-54b4a61 ot-flex-column-vertical\" data-id=\"54b4a61\" data-element_type=\"column\" data-e-type=\"column\">\n\t\t\t<div class=\"elementor-widget-wrap elementor-element-populated\">\n\t\t\t\t\t\t<div class=\"elementor-element elementor-element-0a57bd0 elementor-widget elementor-widget-text-editor\" data-id=\"0a57bd0\" data-element_type=\"widget\" data-e-type=\"widget\" data-widget_type=\"text-editor.default\">\n\t\t\t\t<div class=\"elementor-widget-container\">\n\t\t\t\t\t\t\t\t\t<ul><li>Diffusion : Distribution, Contribution, SNG<\/li><li>Circuits d'extension Internet vers les principaux points de pr\u00e9sence (PoP) mondiaux,<\/li><li>Circuits de secours pour la fibre \u00e0 \"faible disponibilit\u00e9\" ou d'autres liens critiques pour la mission<\/li><\/ul>\t\t\t\t\t\t\t\t<\/div>\n\t\t\t\t<\/div>\n\t\t\t\t\t<\/div>\n\t\t<\/div>\n\t\t\t\t<div class=\"elementor-column elementor-col-50 elementor-top-column elementor-element elementor-element-ce60bbc ot-flex-column-vertical\" data-id=\"ce60bbc\" data-element_type=\"column\" data-e-type=\"column\">\n\t\t\t<div class=\"elementor-widget-wrap elementor-element-populated\">\n\t\t\t\t\t\t<div class=\"elementor-element elementor-element-26d2337 elementor-widget elementor-widget-text-editor\" data-id=\"26d2337\" data-element_type=\"widget\" data-e-type=\"widget\" data-widget_type=\"text-editor.default\">\n\t\t\t\t<div class=\"elementor-widget-container\">\n\t\t\t\t\t\t\t\t\t<ul><li>Circuits priv\u00e9s et de d\u00e9fense<\/li><li>Prise en charge de diverses applications du satellite en mouvement, de l'UAV \u00e0 l'UGV et aux navires de mer<\/li><li>En outre, la prise en charge de tous les protocoles et codes industriels, anciens et nouveaux, est assur\u00e9e.<\/li><\/ul>\t\t\t\t\t\t\t\t<\/div>\n\t\t\t\t<\/div>\n\t\t\t\t\t<\/div>\n\t\t<\/div>\n\t\t\t\t\t<\/div>\n\t\t<\/section>\n\t\t\t\t<section class=\"elementor-section elementor-top-section elementor-element elementor-element-1410d54 ot-traditional elementor-section-boxed elementor-section-height-default elementor-section-height-default\" data-id=\"1410d54\" data-element_type=\"section\" data-e-type=\"section\">\n\t\t\t\t\t\t<div class=\"elementor-container elementor-column-gap-default\">\n\t\t\t\t\t<div class=\"elementor-column elementor-col-100 elementor-top-column elementor-element elementor-element-fc3904f ot-flex-column-vertical\" data-id=\"fc3904f\" data-element_type=\"column\" data-e-type=\"column\">\n\t\t\t<div class=\"elementor-widget-wrap elementor-element-populated\">\n\t\t\t\t\t\t<div class=\"elementor-element elementor-element-912cc6f elementor-widget elementor-widget-heading\" data-id=\"912cc6f\" data-element_type=\"widget\" data-e-type=\"widget\" data-widget_type=\"heading.default\">\n\t\t\t\t<div class=\"elementor-widget-container\">\n\t\t\t\t\t<h4 class=\"elementor-heading-title elementor-size-default\">Ressources Connexes<\/h4>\t\t\t\t<\/div>\n\t\t\t\t<\/div>\n\t\t\t\t<div class=\"elementor-element elementor-element-e72f731 related-resources-acc elementor-widget elementor-widget-iaccordions\" data-id=\"e72f731\" data-element_type=\"widget\" data-e-type=\"widget\" data-widget_type=\"iaccordions.default\">\n\t\t\t\t<div class=\"elementor-widget-container\">\n\t\t\t\t\t\r\n\t\t<div class=\"ot-accordions\">\r\n\t\t\t\t\t\t<div class=\"acc-item\">\r\n\t\t\t\t<span class=\"acc-toggle\">Fiches Techniques <i class=\"down flaticon-download-arrow\"><\/i><i class=\"up flaticon-up-arrow\"><\/i><\/span>\r\n\t\t\t\t<div class=\"acc-content\">\r\n\t\t\t\t\t<p><a href=\"https:\/\/spacebridge.com\/wp-content\/uploads\/2022\/05\/PB-AMT75E-DS-005-21061_1-fr.pdf\">AMT75E Modem satellite DVB-S\/S2 SCPC<\/a><\/p><p><a href=\"https:\/\/spacebridge.com\/wp-content\/uploads\/2022\/06\/PB-AMT30-DS-003-21061-fr.pdf\">Modulateur\/d\u00e9modulateur SCPC \u00e0 faible d\u00e9bit de donn\u00e9es AMT30<\/a><\/p><p><a href=\"https:\/\/spacebridge.com\/wp-content\/uploads\/2022\/05\/PB-U7400-DS-009-21105-fr.pdf\">Routeur VSAT U7400 pour mobilit\u00e9 professionnelle\/trunking<\/a><\/p>\t\t\t\t<\/div>\r\n\t\t\t<\/div>\r\n\t\t\t\t\t\t<div class=\"acc-item\">\r\n\t\t\t\t<span class=\"acc-toggle\">D\u00e9pliants <i class=\"down flaticon-download-arrow\"><\/i><i class=\"up flaticon-up-arrow\"><\/i><\/span>\r\n\t\t\t\t<div class=\"acc-content\">\r\n\t\t\t\t\t<p><a href=\"https:\/\/spacebridge.com\/wp-content\/uploads\/2022\/04\/PB-ASAT-SYSTEM-BR-007-22020-fr.pdf\">Brochure du syst\u00e8me ASAT<\/a><\/p><p><a href=\"https:\/\/spacebridge.com\/wp-content\/uploads\/2022\/04\/PB-ASAT-CBH-AN-007-21236-1-fr.pdf\">Description de la solution de liaisons de retour cellulaires<\/a><\/p>\t\t\t\t<\/div>\r\n\t\t\t<\/div>\r\n\t\t\t\t\t\t<div class=\"acc-item\">\r\n\t\t\t\t<span class=\"acc-toggle\">Livres Blancs <i class=\"down flaticon-download-arrow\"><\/i><i class=\"up flaticon-up-arrow\"><\/i><\/span>\r\n\t\t\t\t<div class=\"acc-content\">\r\n\t\t\t\t\t<p><a href=\"https:\/\/spacebridge.com\/wp-content\/uploads\/2022\/04\/PB-WAVESWITCH-WP-003-22020-1-fr.pdf\">Livre blanc WaveSwitch<\/a><\/p>\t\t\t\t<\/div>\r\n\t\t\t<\/div>\r\n\t\t\t\t\t\t<div class=\"acc-item\">\r\n\t\t\t\t<span class=\"acc-toggle\">Histoires de Succ\u00e8s <i class=\"down flaticon-download-arrow\"><\/i><i class=\"up flaticon-up-arrow\"><\/i><\/span>\r\n\t\t\t\t<div class=\"acc-content\">\r\n\t\t\t\t\t<p><a href=\"https:\/\/spacebridge.com\/wp-content\/uploads\/2022\/06\/Venezuela-CANTV-21060_1-fr.pdf\">Venezuela-CANTV - Histoire d'une r\u00e9ussite<\/a><\/p>\t\t\t\t<\/div>\r\n\t\t\t<\/div>\r\n\t\t\t\t\t\t<div class=\"acc-item\">\r\n\t\t\t\t<span class=\"acc-toggle\">Videos <i class=\"down flaticon-download-arrow\"><\/i><i class=\"up flaticon-up-arrow\"><\/i><\/span>\r\n\t\t\t\t<div class=\"acc-content\">\r\n\t\t\t\t\t<p><iframe title=\"YouTube video player\" src=\"\/\/www.youtube.com\/embed\/kakmjv4KUUA\" width=\"560\" height=\"263\" frameborder=\"0\" allowfullscreen=\"allowfullscreen\"><\/iframe><\/p><p><iframe src=\"\/\/www.youtube.com\/embed\/eUfe7Ty_Af8?ab_channel=SpaceBridge\" width=\"560\" height=\"314\" allowfullscreen=\"allowfullscreen\"><\/iframe><\/p>\t\t\t\t<\/div>\r\n\t\t\t<\/div>\r\n\t\t\t\t    <\/div>\r\n\r\n\t    \t\t\t\t<\/div>\n\t\t\t\t<\/div>\n\t\t\t\t\t<\/div>\n\t\t<\/div>\n\t\t\t\t\t<\/div>\n\t\t<\/section>\n\t\t\t\t<\/div>","protected":false},"excerpt":{"rendered":"<p>In fact, for trunking and broadcasting applications that cannot tolerate shared satellite bandwidth between sites or stations and need dedicated bandwidth, Single Channel Per Carrier (SCPC) satellite links can be [&hellip;]<\/p>\n","protected":false},"author":13,"featured_media":0,"parent":0,"menu_order":0,"comment_status":"closed","ping_status":"closed","template":"","meta":{"_acf_changed":false,"footnotes":""},"class_list":["post-6885","page","type-page","status-publish","hentry"],"acf":[],"yoast_head":"<!-- This site is optimized with the Yoast SEO plugin v27.4 - https:\/\/yoast.com\/product\/yoast-seo-wordpress\/ -->\n<title>Broadcasting - Spacebridge Inc.<\/title>\n<meta name=\"description\" content=\"For broadcasting applications that cannot tolerate shared satellite bandwidth between sites or stations and need dedicated bandwidth.\" \/>\n<meta name=\"robots\" content=\"index, follow, max-snippet:-1, max-image-preview:large, max-video-preview:-1\" \/>\n<link rel=\"canonical\" href=\"https:\/\/spacebridge.com\/fr\/broadcasting\/\" \/>\n<meta property=\"og:locale\" content=\"fr_FR\" \/>\n<meta property=\"og:type\" content=\"article\" \/>\n<meta property=\"og:title\" content=\"Broadcasting - Spacebridge Inc.\" \/>\n<meta property=\"og:description\" content=\"For broadcasting applications that cannot tolerate shared satellite bandwidth between sites or stations and need dedicated bandwidth.\" \/>\n<meta property=\"og:url\" content=\"https:\/\/spacebridge.com\/fr\/broadcasting\/\" \/>\n<meta property=\"og:site_name\" content=\"Spacebridge Inc.\" \/>\n<meta property=\"article:modified_time\" content=\"2024-09-13T15:28:29+00:00\" \/>\n<meta property=\"og:image\" content=\"https:\/\/spacebridge.com\/wp-content\/uploads\/2024\/02\/SpaceBridge-logo-no-tagline-full-color-on-white-or-blue.png\" \/>\n\t<meta property=\"og:image:width\" content=\"1474\" \/>\n\t<meta property=\"og:image:height\" content=\"730\" \/>\n\t<meta property=\"og:image:type\" content=\"image\/png\" \/>\n<meta name=\"twitter:card\" content=\"summary_large_image\" \/>\n<meta name=\"twitter:label1\" content=\"Dur\u00e9e de lecture estim\u00e9e\" \/>\n\t<meta name=\"twitter:data1\" content=\"2 minutes\" \/>\n<script type=\"application\/ld+json\" class=\"yoast-schema-graph\">{\"@context\":\"https:\\\/\\\/schema.org\",\"@graph\":[{\"@type\":\"WebPage\",\"@id\":\"https:\\\/\\\/spacebridge.com\\\/broadcasting\\\/\",\"url\":\"https:\\\/\\\/spacebridge.com\\\/broadcasting\\\/\",\"name\":\"Broadcasting - Spacebridge Inc.\",\"isPartOf\":{\"@id\":\"https:\\\/\\\/spacebridge.com\\\/#website\"},\"datePublished\":\"2022-03-03T20:17:10+00:00\",\"dateModified\":\"2024-09-13T15:28:29+00:00\",\"description\":\"For broadcasting applications that cannot tolerate shared satellite bandwidth between sites or stations and need dedicated bandwidth.\",\"breadcrumb\":{\"@id\":\"https:\\\/\\\/spacebridge.com\\\/broadcasting\\\/#breadcrumb\"},\"inLanguage\":\"fr-FR\",\"potentialAction\":[{\"@type\":\"ReadAction\",\"target\":[\"https:\\\/\\\/spacebridge.com\\\/broadcasting\\\/\"]}]},{\"@type\":\"BreadcrumbList\",\"@id\":\"https:\\\/\\\/spacebridge.com\\\/broadcasting\\\/#breadcrumb\",\"itemListElement\":[{\"@type\":\"ListItem\",\"position\":1,\"name\":\"Home\",\"item\":\"https:\\\/\\\/spacebridge.com\\\/\"},{\"@type\":\"ListItem\",\"position\":2,\"name\":\"Broadcasting\"}]},{\"@type\":\"WebSite\",\"@id\":\"https:\\\/\\\/spacebridge.com\\\/#website\",\"url\":\"https:\\\/\\\/spacebridge.com\\\/\",\"name\":\"Spacebridge Inc.\",\"description\":\"Broadband Satellite Communications Systems\",\"publisher\":{\"@id\":\"https:\\\/\\\/spacebridge.com\\\/#organization\"},\"potentialAction\":[{\"@type\":\"SearchAction\",\"target\":{\"@type\":\"EntryPoint\",\"urlTemplate\":\"https:\\\/\\\/spacebridge.com\\\/?s={search_term_string}\"},\"query-input\":{\"@type\":\"PropertyValueSpecification\",\"valueRequired\":true,\"valueName\":\"search_term_string\"}}],\"inLanguage\":\"fr-FR\"},{\"@type\":\"Organization\",\"@id\":\"https:\\\/\\\/spacebridge.com\\\/#organization\",\"name\":\"SpaceBridge Inc.\",\"url\":\"https:\\\/\\\/spacebridge.com\\\/\",\"logo\":{\"@type\":\"ImageObject\",\"inLanguage\":\"fr-FR\",\"@id\":\"https:\\\/\\\/spacebridge.com\\\/#\\\/schema\\\/logo\\\/image\\\/\",\"url\":\"https:\\\/\\\/spacebridge.com\\\/wp-content\\\/uploads\\\/2024\\\/02\\\/SpaceBridge-logo-no-tagline-full-color-on-white-or-blue.png\",\"contentUrl\":\"https:\\\/\\\/spacebridge.com\\\/wp-content\\\/uploads\\\/2024\\\/02\\\/SpaceBridge-logo-no-tagline-full-color-on-white-or-blue.png\",\"width\":1474,\"height\":730,\"caption\":\"SpaceBridge Inc.\"},\"image\":{\"@id\":\"https:\\\/\\\/spacebridge.com\\\/#\\\/schema\\\/logo\\\/image\\\/\"},\"sameAs\":[\"https:\\\/\\\/www.linkedin.com\\\/company\\\/spacebridgeinc\\\/\"]}]}<\/script>\n<!-- \/ Yoast SEO plugin. -->","yoast_head_json":{"title":"Broadcasting - Spacebridge Inc.","description":"For broadcasting applications that cannot tolerate shared satellite bandwidth between sites or stations and need dedicated bandwidth.","robots":{"index":"index","follow":"follow","max-snippet":"max-snippet:-1","max-image-preview":"max-image-preview:large","max-video-preview":"max-video-preview:-1"},"canonical":"https:\/\/spacebridge.com\/fr\/broadcasting\/","og_locale":"fr_FR","og_type":"article","og_title":"Broadcasting - Spacebridge Inc.","og_description":"For broadcasting applications that cannot tolerate shared satellite bandwidth between sites or stations and need dedicated bandwidth.","og_url":"https:\/\/spacebridge.com\/fr\/broadcasting\/","og_site_name":"Spacebridge Inc.","article_modified_time":"2024-09-13T15:28:29+00:00","og_image":[{"width":1474,"height":730,"url":"https:\/\/spacebridge.com\/wp-content\/uploads\/2024\/02\/SpaceBridge-logo-no-tagline-full-color-on-white-or-blue.png","type":"image\/png"}],"twitter_card":"summary_large_image","twitter_misc":{"Dur\u00e9e de lecture estim\u00e9e":"2 minutes"},"schema":{"@context":"https:\/\/schema.org","@graph":[{"@type":"WebPage","@id":"https:\/\/spacebridge.com\/broadcasting\/","url":"https:\/\/spacebridge.com\/broadcasting\/","name":"Broadcasting - Spacebridge Inc.","isPartOf":{"@id":"https:\/\/spacebridge.com\/#website"},"datePublished":"2022-03-03T20:17:10+00:00","dateModified":"2024-09-13T15:28:29+00:00","description":"For broadcasting applications that cannot tolerate shared satellite bandwidth between sites or stations and need dedicated bandwidth.","breadcrumb":{"@id":"https:\/\/spacebridge.com\/broadcasting\/#breadcrumb"},"inLanguage":"fr-FR","potentialAction":[{"@type":"ReadAction","target":["https:\/\/spacebridge.com\/broadcasting\/"]}]},{"@type":"BreadcrumbList","@id":"https:\/\/spacebridge.com\/broadcasting\/#breadcrumb","itemListElement":[{"@type":"ListItem","position":1,"name":"Home","item":"https:\/\/spacebridge.com\/"},{"@type":"ListItem","position":2,"name":"Broadcasting"}]},{"@type":"WebSite","@id":"https:\/\/spacebridge.com\/#website","url":"https:\/\/spacebridge.com\/","name":"Spacebridge Inc.","description":"Broadband Satellite Communications Systems","publisher":{"@id":"https:\/\/spacebridge.com\/#organization"},"potentialAction":[{"@type":"SearchAction","target":{"@type":"EntryPoint","urlTemplate":"https:\/\/spacebridge.com\/?s={search_term_string}"},"query-input":{"@type":"PropertyValueSpecification","valueRequired":true,"valueName":"search_term_string"}}],"inLanguage":"fr-FR"},{"@type":"Organization","@id":"https:\/\/spacebridge.com\/#organization","name":"SpaceBridge Inc.","url":"https:\/\/spacebridge.com\/","logo":{"@type":"ImageObject","inLanguage":"fr-FR","@id":"https:\/\/spacebridge.com\/#\/schema\/logo\/image\/","url":"https:\/\/spacebridge.com\/wp-content\/uploads\/2024\/02\/SpaceBridge-logo-no-tagline-full-color-on-white-or-blue.png","contentUrl":"https:\/\/spacebridge.com\/wp-content\/uploads\/2024\/02\/SpaceBridge-logo-no-tagline-full-color-on-white-or-blue.png","width":1474,"height":730,"caption":"SpaceBridge Inc."},"image":{"@id":"https:\/\/spacebridge.com\/#\/schema\/logo\/image\/"},"sameAs":["https:\/\/www.linkedin.com\/company\/spacebridgeinc\/"]}]}},"_links":{"self":[{"href":"https:\/\/spacebridge.com\/fr\/wp-json\/wp\/v2\/pages\/6885","targetHints":{"allow":["GET"]}}],"collection":[{"href":"https:\/\/spacebridge.com\/fr\/wp-json\/wp\/v2\/pages"}],"about":[{"href":"https:\/\/spacebridge.com\/fr\/wp-json\/wp\/v2\/types\/page"}],"author":[{"embeddable":true,"href":"https:\/\/spacebridge.com\/fr\/wp-json\/wp\/v2\/users\/13"}],"replies":[{"embeddable":true,"href":"https:\/\/spacebridge.com\/fr\/wp-json\/wp\/v2\/comments?post=6885"}],"version-history":[{"count":68,"href":"https:\/\/spacebridge.com\/fr\/wp-json\/wp\/v2\/pages\/6885\/revisions"}],"predecessor-version":[{"id":10549,"href":"https:\/\/spacebridge.com\/fr\/wp-json\/wp\/v2\/pages\/6885\/revisions\/10549"}],"wp:attachment":[{"href":"https:\/\/spacebridge.com\/fr\/wp-json\/wp\/v2\/media?parent=6885"}],"curies":[{"name":"wp","href":"https:\/\/api.w.org\/{rel}","templated":true}]}}