{"id":6837,"date":"2022-03-03T19:44:45","date_gmt":"2022-03-03T19:44:45","guid":{"rendered":"https:\/\/spacebridge.com\/?page_id=6837"},"modified":"2024-09-13T15:08:35","modified_gmt":"2024-09-13T15:08:35","slug":"residential-broadband","status":"publish","type":"page","link":"https:\/\/spacebridge.com\/fr\/residential-broadband\/","title":{"rendered":"Haut d\u00e9bit r\u00e9sidentiel"},"content":{"rendered":"<div data-elementor-type=\"wp-page\" data-elementor-id=\"6837\" class=\"elementor elementor-6837\" data-elementor-post-type=\"page\">\n\t\t\t\t\t\t<section class=\"elementor-section elementor-top-section elementor-element elementor-element-4245e85 ot-traditional elementor-section-boxed elementor-section-height-default elementor-section-height-default\" data-id=\"4245e85\" data-element_type=\"section\" data-e-type=\"section\">\n\t\t\t\t\t\t<div class=\"elementor-container elementor-column-gap-default\">\n\t\t\t\t\t<div class=\"elementor-column elementor-col-100 elementor-top-column elementor-element elementor-element-2cbcd6b ot-flex-column-vertical\" data-id=\"2cbcd6b\" data-element_type=\"column\" data-e-type=\"column\">\n\t\t\t<div class=\"elementor-widget-wrap elementor-element-populated\">\n\t\t\t\t\t\t<div class=\"elementor-element elementor-element-6284edb elementor-widget elementor-widget-heading\" data-id=\"6284edb\" data-element_type=\"widget\" data-e-type=\"widget\" data-widget_type=\"heading.default\">\n\t\t\t\t<div class=\"elementor-widget-container\">\n\t\t\t\t\t<h2 class=\"elementor-heading-title elementor-size-medium\">HTS Internet haut d\u00e9bit<\/h2>\t\t\t\t<\/div>\n\t\t\t\t<\/div>\n\t\t\t\t<div class=\"elementor-element elementor-element-eafd974 elementor-widget elementor-widget-text-editor\" data-id=\"eafd974\" data-element_type=\"widget\" data-e-type=\"widget\" data-widget_type=\"text-editor.default\">\n\t\t\t\t<div class=\"elementor-widget-container\">\n\t\t\t\t\t\t\t\t\t<p>Les nouveaux syst\u00e8mes satellitaires \u00e0 haut d\u00e9bit (HTS) peuvent d\u00e9sormais fournir une capacit\u00e9 plus de 100 fois sup\u00e9rieure \u00e0 celle des satellites de services fixes classiques pour le haut d\u00e9bit r\u00e9sidentiel. En fait, gr\u00e2ce \u00e0 cette augmentation massive du d\u00e9bit, les syst\u00e8mes HTS r\u00e9duisent consid\u00e9rablement le co\u00fbt par bit par seconde de la capacit\u00e9 de la bande passante. Cela ouvre la voie \u00e0 des applications et des march\u00e9s satellitaires enti\u00e8rement nouveaux.<\/p>\n<p>De plus, l'\u00e9conomie de la bande passante des satellites HTS fait tomber les barri\u00e8res auxquelles l'acc\u00e8s \u00e0 l'Internet \u00e0 large bande par satellite s'est heurt\u00e9 dans le pass\u00e9. Par cons\u00e9quent, de nouvelles capacit\u00e9s HTS sont mises en ligne dans le monde entier pour r\u00e9pondre \u00e0 la demande du march\u00e9 dans les zones non desservies ou mal desservies par les r\u00e9seaux terrestres.<\/p>\n<h6><strong>La technologie SpaceBridge et les syst\u00e8mes VSAT offrent des avantages distincts aux op\u00e9rateurs de services qui cherchent \u00e0 exploiter la puissance de la technologie HTS pour les r\u00e9seaux grand public et d'entreprise.<\/strong><\/h6>\n<p>Contrairement aux satellites traditionnels, les services HTS peuvent \u00eatre comp\u00e9titifs, en termes de vitesse, de qualit\u00e9 et de prix, avec les solutions terrestres dans les zones exurbaines. En outre, les opportunit\u00e9s du march\u00e9 HTS ne se limitent pas \u00e0 l'espace large bande grand public. Elles se situent \u00e9galement dans le domaine du haut d\u00e9bit r\u00e9sidentiel.\u00a0 Les nouveaux satellites en bande Ka et HTS et la technologie correspondante offrent \u00e9galement des possibilit\u00e9s de desservir de mani\u00e8re unique les march\u00e9s des communications des entreprises et des gouvernements sur terre, en mer et dans les airs. En outre, la r\u00e9duction du co\u00fbt par bit de nombreuses plates-formes HTS permet d'am\u00e9liorer consid\u00e9rablement la rentabilit\u00e9 de l'utilisation du satellite par les op\u00e9rateurs de t\u00e9l\u00e9phonie mobile pour la transmission de la voix et des donn\u00e9es.<\/p>\n<h6>Capacit\u00e9 multi-satellite \/ multi-faisceau, pr\u00eat pour HTS<\/h6>\n<p>De plus, le syst\u00e8me VSAT SpaceBridge ASAT\u2122 pour l'Internet haut d\u00e9bit par satellite est construit d\u00e8s le d\u00e9part pour \u00eatre une plateforme conviviale, flexible et \u00e9volutive qui alimente efficacement les services des satellites et des op\u00e9rateurs. En outre, optimis\u00e9s pour les syst\u00e8mes \u00e0 haut d\u00e9bit (HTS) de prochaine g\u00e9n\u00e9ration, les terminaux et routeurs VSAT de la s\u00e9rie Compact de SpaceBridge apportent de riches ensembles de fonctionnalit\u00e9s.\u00a0 Les capacit\u00e9s de gestion ASAT\u2122 peuvent piloter aussi bien des services sophistiqu\u00e9s que des services simples.\u00a0 En fait, l'architecture ASAT\u2122 peut s\u00e9parer les \u00e9quipements de bande de base, tels que les modulateurs et les d\u00e9modulateurs, des autres fonctions de service de traitement (encapsulation\/d\u00e9capsulation, PEP, QoS, gestion de la bande passante du satellite).\u00a0Cependant, les fonctions et services de traitement n'ont pas besoin d'\u00eatre ex\u00e9cut\u00e9s \u00e0 l'emplacement du HUB.\u00a0 Par cons\u00e9quent, ces fonctions peuvent \u00eatre ex\u00e9cut\u00e9es dans des centres de donn\u00e9es distants, ce qui minimise l'empreinte du syst\u00e8me et les frais g\u00e9n\u00e9raux au niveau des t\u00e9l\u00e9ports\/portations par satellite.\u00a0\u00a0\u00a0 Le syst\u00e8me prend \u00e9galement en charge la diversit\u00e9 des t\u00e9l\u00e9ports RF sur fibre, la diversit\u00e9 des sous-syst\u00e8mes de bande de base, ainsi que le fonctionnement avec des centres de donn\u00e9es \/ NOC g\u00e9o-redondants.<\/p>\n<h6>Des terminaux pour une gamme d'applications<\/h6>\n<p>Pour les march\u00e9s grand public et entreprises, notre gamme de terminaux compacts et de modems d'entreprise r\u00e9pond \u00e0 un large \u00e9ventail d'exigences des consommateurs et des entreprises, des r\u00e9seaux ruraux \" fracture num\u00e9rique \" au haut d\u00e9bit haut de gamme, en passant par les r\u00e9seaux robustes des FAI et des entreprises :<\/p>\n<h6><strong>Applications typiques&nbsp;&nbsp;<\/strong><\/h6>\t\t\t\t\t\t\t\t<\/div>\n\t\t\t\t<\/div>\n\t\t\t\t\t<\/div>\n\t\t<\/div>\n\t\t\t\t\t<\/div>\n\t\t<\/section>\n\t\t\t\t<section class=\"elementor-section elementor-top-section elementor-element elementor-element-b31f721 ot-traditional elementor-section-boxed elementor-section-height-default elementor-section-height-default\" data-id=\"b31f721\" data-element_type=\"section\" data-e-type=\"section\">\n\t\t\t\t\t\t<div class=\"elementor-container elementor-column-gap-default\">\n\t\t\t\t\t<div class=\"elementor-column elementor-col-50 elementor-top-column elementor-element elementor-element-23f624c ot-flex-column-vertical\" data-id=\"23f624c\" data-element_type=\"column\" data-e-type=\"column\">\n\t\t\t<div class=\"elementor-widget-wrap elementor-element-populated\">\n\t\t\t\t\t\t<div class=\"elementor-element elementor-element-21b3ac1 elementor-widget elementor-widget-text-editor\" data-id=\"21b3ac1\" data-element_type=\"widget\" data-e-type=\"widget\" data-widget_type=\"text-editor.default\">\n\t\t\t\t<div class=\"elementor-widget-container\">\n\t\t\t\t\t\t\t\t\t<ul><li>Haut d\u00e9bit grand public \/ (Petit bureau, bureau \u00e0 domicile)<\/li><li>Large bande grand public \/ Bande Ka \/ HTS<\/li><li>PME (petite et moyenne entreprise)<\/li><li style=\"list-style-type: none;\">\u00a0<\/li><\/ul>\t\t\t\t\t\t\t\t<\/div>\n\t\t\t\t<\/div>\n\t\t\t\t\t<\/div>\n\t\t<\/div>\n\t\t\t\t<div class=\"elementor-column elementor-col-50 elementor-top-column elementor-element elementor-element-76643ea ot-flex-column-vertical\" data-id=\"76643ea\" data-element_type=\"column\" data-e-type=\"column\">\n\t\t\t<div class=\"elementor-widget-wrap elementor-element-populated\">\n\t\t\t\t\t\t<div class=\"elementor-element elementor-element-7d7be81 elementor-widget elementor-widget-text-editor\" data-id=\"7d7be81\" data-element_type=\"widget\" data-e-type=\"widget\" data-widget_type=\"text-editor.default\">\n\t\t\t\t<div class=\"elementor-widget-container\">\n\t\t\t\t\t\t\t\t\t<ul><li><p>Industrial Internet of things -IIoT<\/p><\/li><li><p>R\u00e9seaux d'entreprise (voix, donn\u00e9es, vid\u00e9o)<\/p><\/li><li>Entreprise (VLAN, VPN IPSec, r\u00e9seau IP)<\/li><\/ul>\t\t\t\t\t\t\t\t<\/div>\n\t\t\t\t<\/div>\n\t\t\t\t\t<\/div>\n\t\t<\/div>\n\t\t\t\t\t<\/div>\n\t\t<\/section>\n\t\t\t\t<section class=\"elementor-section elementor-top-section elementor-element elementor-element-b009efc ot-traditional elementor-section-boxed elementor-section-height-default elementor-section-height-default\" data-id=\"b009efc\" data-element_type=\"section\" data-e-type=\"section\">\n\t\t\t\t\t\t<div class=\"elementor-container elementor-column-gap-default\">\n\t\t\t\t\t<div class=\"elementor-column elementor-col-100 elementor-top-column elementor-element elementor-element-b6278c6 ot-flex-column-vertical\" data-id=\"b6278c6\" data-element_type=\"column\" data-e-type=\"column\">\n\t\t\t<div class=\"elementor-widget-wrap elementor-element-populated\">\n\t\t\t\t\t\t<div class=\"elementor-element elementor-element-c4106d8 elementor-widget elementor-widget-heading\" data-id=\"c4106d8\" data-element_type=\"widget\" data-e-type=\"widget\" data-widget_type=\"heading.default\">\n\t\t\t\t<div class=\"elementor-widget-container\">\n\t\t\t\t\t<h4 class=\"elementor-heading-title elementor-size-default\">Ressources Connexes<\/h4>\t\t\t\t<\/div>\n\t\t\t\t<\/div>\n\t\t\t\t<div class=\"elementor-element elementor-element-b6b3e98 related-resources-acc elementor-widget elementor-widget-iaccordions\" data-id=\"b6b3e98\" data-element_type=\"widget\" data-e-type=\"widget\" data-widget_type=\"iaccordions.default\">\n\t\t\t\t<div class=\"elementor-widget-container\">\n\t\t\t\t\t\r\n\t\t<div class=\"ot-accordions\">\r\n\t\t\t\t\t\t<div class=\"acc-item\">\r\n\t\t\t\t<span class=\"acc-toggle\">Fiches Techniques <i class=\"down flaticon-download-arrow\"><\/i><i class=\"up flaticon-up-arrow\"><\/i><\/span>\r\n\t\t\t\t<div class=\"acc-content\">\r\n\t\t\t\t\t<p><a href=\"https:\/\/spacebridge.com\/wp-content\/uploads\/2022\/02\/C7700-DS-20231113R03.pdf\">C7700 - Modem\/appareil satellite \u00e0 large bande du syst\u00e8me ASAT\u2122<\/a><\/p><p><a href=\"https:\/\/spacebridge.com\/wp-content\/uploads\/2022\/05\/PB-E7000-DS-006-21105_1-fr.pdf\">Modem satellite de connectivit\u00e9 d&#039;entreprise du syst\u00e8me E7000 ASAT\u2122<\/a><\/p>\t\t\t\t<\/div>\r\n\t\t\t<\/div>\r\n\t\t\t\t\t\t<div class=\"acc-item\">\r\n\t\t\t\t<span class=\"acc-toggle\">Livres Blancs <i class=\"down flaticon-download-arrow\"><\/i><i class=\"up flaticon-up-arrow\"><\/i><\/span>\r\n\t\t\t\t<div class=\"acc-content\">\r\n\t\t\t\t\t<p><a href=\"https:\/\/spacebridge.com\/wp-content\/uploads\/2022\/04\/PB-WAVESWITCH-WP-003-22020-1-fr.pdf\">Livre blanc WaveSwitch<\/a><\/p>\t\t\t\t<\/div>\r\n\t\t\t<\/div>\r\n\t\t\t\t\t\t<div class=\"acc-item\">\r\n\t\t\t\t<span class=\"acc-toggle\">D\u00e9pliants <i class=\"down flaticon-download-arrow\"><\/i><i class=\"up flaticon-up-arrow\"><\/i><\/span>\r\n\t\t\t\t<div class=\"acc-content\">\r\n\t\t\t\t\t<p><a href=\"https:\/\/spacebridge.com\/wp-content\/uploads\/2022\/04\/PB-ASAT-SYSTEM-BR-007-22020-fr.pdf\">Brochure du syst\u00e8me ASAT<\/a><\/p><p><a href=\"https:\/\/spacebridge.com\/wp-content\/uploads\/2022\/04\/PB-ASAT-CBH-AN-007-21236-1-fr.pdf\">Description de la solution de liaisons de retour cellulaires<\/a><\/p><p><a href=\"https:\/\/spacebridge.com\/wp-content\/uploads\/2022\/04\/PB-SATCOMMOBILITY-AN-006-21060-fr.pdf\">Description de la solution des communications par satellite en mouvement<\/a><\/p>\t\t\t\t<\/div>\r\n\t\t\t<\/div>\r\n\t\t\t\t\t\t<div class=\"acc-item\">\r\n\t\t\t\t<span class=\"acc-toggle\">Histoires de Succ\u00e8s <i class=\"down flaticon-download-arrow\"><\/i><i class=\"up flaticon-up-arrow\"><\/i><\/span>\r\n\t\t\t\t<div class=\"acc-content\">\r\n\t\t\t\t\t<p><a href=\"https:\/\/spacebridge.com\/wp-content\/uploads\/2022\/06\/Venezuela-CANTV-21060_1-fr.pdf\">Venezuela-CANTV - Histoire d'une r\u00e9ussite<\/a><\/p><p><a href=\"https:\/\/spacebridge.com\/wp-content\/uploads\/2022\/04\/Omansat-Success-Story-1-2-fr.pdf\">Omansat - Histoire d'une r\u00e9ussite<\/a><\/p>\t\t\t\t<\/div>\r\n\t\t\t<\/div>\r\n\t\t\t\t    <\/div>\r\n\r\n\t    \t\t\t\t<\/div>\n\t\t\t\t<\/div>\n\t\t\t\t\t<\/div>\n\t\t<\/div>\n\t\t\t\t\t<\/div>\n\t\t<\/section>\n\t\t\t\t<\/div>","protected":false},"excerpt":{"rendered":"<p>HTS Internet Broadband New High-Throughput Satellite (HTS) satellite systems can now provide more than 100 times the capacity of conventional fixed services satellites for residential broadband. In fact, with this [&hellip;]<\/p>\n","protected":false},"author":13,"featured_media":0,"parent":0,"menu_order":0,"comment_status":"closed","ping_status":"closed","template":"","meta":{"_acf_changed":false,"footnotes":""},"class_list":["post-6837","page","type-page","status-publish","hentry"],"acf":[],"yoast_head":"<!-- This site is optimized with the Yoast SEO plugin v27.4 - https:\/\/yoast.com\/product\/yoast-seo-wordpress\/ -->\n<title>Residential Broadband - Spacebridge Inc.<\/title>\n<meta name=\"description\" content=\"Residential broadband is crucial to bridge the digital divide. Contact us to find out how Spacebridge is erasing the digital divide!\" \/>\n<meta name=\"robots\" content=\"index, follow, max-snippet:-1, max-image-preview:large, max-video-preview:-1\" \/>\n<link rel=\"canonical\" href=\"https:\/\/spacebridge.com\/fr\/residential-broadband\/\" \/>\n<meta property=\"og:locale\" content=\"fr_FR\" \/>\n<meta property=\"og:type\" content=\"article\" \/>\n<meta property=\"og:title\" content=\"Residential Broadband - Spacebridge Inc.\" \/>\n<meta property=\"og:description\" content=\"Residential broadband is crucial to bridge the digital divide. Contact us to find out how Spacebridge is erasing the digital divide!\" \/>\n<meta property=\"og:url\" content=\"https:\/\/spacebridge.com\/fr\/residential-broadband\/\" \/>\n<meta property=\"og:site_name\" content=\"Spacebridge Inc.\" \/>\n<meta property=\"article:modified_time\" content=\"2024-09-13T15:08:35+00:00\" \/>\n<meta property=\"og:image\" content=\"https:\/\/spacebridge.com\/wp-content\/uploads\/2024\/02\/SpaceBridge-logo-no-tagline-full-color-on-white-or-blue.png\" \/>\n\t<meta property=\"og:image:width\" content=\"1474\" \/>\n\t<meta property=\"og:image:height\" content=\"730\" \/>\n\t<meta property=\"og:image:type\" content=\"image\/png\" \/>\n<meta name=\"twitter:card\" content=\"summary_large_image\" \/>\n<meta name=\"twitter:label1\" content=\"Dur\u00e9e de lecture estim\u00e9e\" \/>\n\t<meta name=\"twitter:data1\" content=\"3 minutes\" \/>\n<script type=\"application\/ld+json\" class=\"yoast-schema-graph\">{\"@context\":\"https:\\\/\\\/schema.org\",\"@graph\":[{\"@type\":\"WebPage\",\"@id\":\"https:\\\/\\\/spacebridge.com\\\/residential-broadband\\\/\",\"url\":\"https:\\\/\\\/spacebridge.com\\\/residential-broadband\\\/\",\"name\":\"Residential Broadband - Spacebridge Inc.\",\"isPartOf\":{\"@id\":\"https:\\\/\\\/spacebridge.com\\\/#website\"},\"datePublished\":\"2022-03-03T19:44:45+00:00\",\"dateModified\":\"2024-09-13T15:08:35+00:00\",\"description\":\"Residential broadband is crucial to bridge the digital divide. Contact us to find out how Spacebridge is erasing the digital divide!\",\"breadcrumb\":{\"@id\":\"https:\\\/\\\/spacebridge.com\\\/residential-broadband\\\/#breadcrumb\"},\"inLanguage\":\"fr-FR\",\"potentialAction\":[{\"@type\":\"ReadAction\",\"target\":[\"https:\\\/\\\/spacebridge.com\\\/residential-broadband\\\/\"]}]},{\"@type\":\"BreadcrumbList\",\"@id\":\"https:\\\/\\\/spacebridge.com\\\/residential-broadband\\\/#breadcrumb\",\"itemListElement\":[{\"@type\":\"ListItem\",\"position\":1,\"name\":\"Home\",\"item\":\"https:\\\/\\\/spacebridge.com\\\/\"},{\"@type\":\"ListItem\",\"position\":2,\"name\":\"Residential Broadband\"}]},{\"@type\":\"WebSite\",\"@id\":\"https:\\\/\\\/spacebridge.com\\\/#website\",\"url\":\"https:\\\/\\\/spacebridge.com\\\/\",\"name\":\"Spacebridge Inc.\",\"description\":\"Broadband Satellite Communications Systems\",\"publisher\":{\"@id\":\"https:\\\/\\\/spacebridge.com\\\/#organization\"},\"potentialAction\":[{\"@type\":\"SearchAction\",\"target\":{\"@type\":\"EntryPoint\",\"urlTemplate\":\"https:\\\/\\\/spacebridge.com\\\/?s={search_term_string}\"},\"query-input\":{\"@type\":\"PropertyValueSpecification\",\"valueRequired\":true,\"valueName\":\"search_term_string\"}}],\"inLanguage\":\"fr-FR\"},{\"@type\":\"Organization\",\"@id\":\"https:\\\/\\\/spacebridge.com\\\/#organization\",\"name\":\"SpaceBridge Inc.\",\"url\":\"https:\\\/\\\/spacebridge.com\\\/\",\"logo\":{\"@type\":\"ImageObject\",\"inLanguage\":\"fr-FR\",\"@id\":\"https:\\\/\\\/spacebridge.com\\\/#\\\/schema\\\/logo\\\/image\\\/\",\"url\":\"https:\\\/\\\/spacebridge.com\\\/wp-content\\\/uploads\\\/2024\\\/02\\\/SpaceBridge-logo-no-tagline-full-color-on-white-or-blue.png\",\"contentUrl\":\"https:\\\/\\\/spacebridge.com\\\/wp-content\\\/uploads\\\/2024\\\/02\\\/SpaceBridge-logo-no-tagline-full-color-on-white-or-blue.png\",\"width\":1474,\"height\":730,\"caption\":\"SpaceBridge Inc.\"},\"image\":{\"@id\":\"https:\\\/\\\/spacebridge.com\\\/#\\\/schema\\\/logo\\\/image\\\/\"},\"sameAs\":[\"https:\\\/\\\/www.linkedin.com\\\/company\\\/spacebridgeinc\\\/\"]}]}<\/script>\n<!-- \/ Yoast SEO plugin. -->","yoast_head_json":{"title":"Residential Broadband - Spacebridge Inc.","description":"Residential broadband is crucial to bridge the digital divide. Contact us to find out how Spacebridge is erasing the digital divide!","robots":{"index":"index","follow":"follow","max-snippet":"max-snippet:-1","max-image-preview":"max-image-preview:large","max-video-preview":"max-video-preview:-1"},"canonical":"https:\/\/spacebridge.com\/fr\/residential-broadband\/","og_locale":"fr_FR","og_type":"article","og_title":"Residential Broadband - Spacebridge Inc.","og_description":"Residential broadband is crucial to bridge the digital divide. Contact us to find out how Spacebridge is erasing the digital divide!","og_url":"https:\/\/spacebridge.com\/fr\/residential-broadband\/","og_site_name":"Spacebridge Inc.","article_modified_time":"2024-09-13T15:08:35+00:00","og_image":[{"width":1474,"height":730,"url":"https:\/\/spacebridge.com\/wp-content\/uploads\/2024\/02\/SpaceBridge-logo-no-tagline-full-color-on-white-or-blue.png","type":"image\/png"}],"twitter_card":"summary_large_image","twitter_misc":{"Dur\u00e9e de lecture estim\u00e9e":"3 minutes"},"schema":{"@context":"https:\/\/schema.org","@graph":[{"@type":"WebPage","@id":"https:\/\/spacebridge.com\/residential-broadband\/","url":"https:\/\/spacebridge.com\/residential-broadband\/","name":"Residential Broadband - Spacebridge Inc.","isPartOf":{"@id":"https:\/\/spacebridge.com\/#website"},"datePublished":"2022-03-03T19:44:45+00:00","dateModified":"2024-09-13T15:08:35+00:00","description":"Residential broadband is crucial to bridge the digital divide. Contact us to find out how Spacebridge is erasing the digital divide!","breadcrumb":{"@id":"https:\/\/spacebridge.com\/residential-broadband\/#breadcrumb"},"inLanguage":"fr-FR","potentialAction":[{"@type":"ReadAction","target":["https:\/\/spacebridge.com\/residential-broadband\/"]}]},{"@type":"BreadcrumbList","@id":"https:\/\/spacebridge.com\/residential-broadband\/#breadcrumb","itemListElement":[{"@type":"ListItem","position":1,"name":"Home","item":"https:\/\/spacebridge.com\/"},{"@type":"ListItem","position":2,"name":"Residential Broadband"}]},{"@type":"WebSite","@id":"https:\/\/spacebridge.com\/#website","url":"https:\/\/spacebridge.com\/","name":"Spacebridge Inc.","description":"Broadband Satellite Communications Systems","publisher":{"@id":"https:\/\/spacebridge.com\/#organization"},"potentialAction":[{"@type":"SearchAction","target":{"@type":"EntryPoint","urlTemplate":"https:\/\/spacebridge.com\/?s={search_term_string}"},"query-input":{"@type":"PropertyValueSpecification","valueRequired":true,"valueName":"search_term_string"}}],"inLanguage":"fr-FR"},{"@type":"Organization","@id":"https:\/\/spacebridge.com\/#organization","name":"SpaceBridge Inc.","url":"https:\/\/spacebridge.com\/","logo":{"@type":"ImageObject","inLanguage":"fr-FR","@id":"https:\/\/spacebridge.com\/#\/schema\/logo\/image\/","url":"https:\/\/spacebridge.com\/wp-content\/uploads\/2024\/02\/SpaceBridge-logo-no-tagline-full-color-on-white-or-blue.png","contentUrl":"https:\/\/spacebridge.com\/wp-content\/uploads\/2024\/02\/SpaceBridge-logo-no-tagline-full-color-on-white-or-blue.png","width":1474,"height":730,"caption":"SpaceBridge Inc."},"image":{"@id":"https:\/\/spacebridge.com\/#\/schema\/logo\/image\/"},"sameAs":["https:\/\/www.linkedin.com\/company\/spacebridgeinc\/"]}]}},"_links":{"self":[{"href":"https:\/\/spacebridge.com\/fr\/wp-json\/wp\/v2\/pages\/6837","targetHints":{"allow":["GET"]}}],"collection":[{"href":"https:\/\/spacebridge.com\/fr\/wp-json\/wp\/v2\/pages"}],"about":[{"href":"https:\/\/spacebridge.com\/fr\/wp-json\/wp\/v2\/types\/page"}],"author":[{"embeddable":true,"href":"https:\/\/spacebridge.com\/fr\/wp-json\/wp\/v2\/users\/13"}],"replies":[{"embeddable":true,"href":"https:\/\/spacebridge.com\/fr\/wp-json\/wp\/v2\/comments?post=6837"}],"version-history":[{"count":52,"href":"https:\/\/spacebridge.com\/fr\/wp-json\/wp\/v2\/pages\/6837\/revisions"}],"predecessor-version":[{"id":12292,"href":"https:\/\/spacebridge.com\/fr\/wp-json\/wp\/v2\/pages\/6837\/revisions\/12292"}],"wp:attachment":[{"href":"https:\/\/spacebridge.com\/fr\/wp-json\/wp\/v2\/media?parent=6837"}],"curies":[{"name":"wp","href":"https:\/\/api.w.org\/{rel}","templated":true}]}}