{"id":6785,"date":"2022-03-02T22:35:46","date_gmt":"2022-03-02T22:35:46","guid":{"rendered":"https:\/\/spacebridge.com\/?page_id=6785"},"modified":"2024-09-13T15:32:14","modified_gmt":"2024-09-13T15:32:14","slug":"maritime","status":"publish","type":"page","link":"https:\/\/spacebridge.com\/fr\/maritime\/","title":{"rendered":"Maritime"},"content":{"rendered":"<div data-elementor-type=\"wp-page\" data-elementor-id=\"6785\" class=\"elementor elementor-6785\" data-elementor-post-type=\"page\">\n\t\t\t\t\t\t<section class=\"elementor-section elementor-top-section elementor-element elementor-element-f6a4268 ot-traditional elementor-section-boxed elementor-section-height-default elementor-section-height-default\" data-id=\"f6a4268\" data-element_type=\"section\" data-e-type=\"section\">\n\t\t\t\t\t\t<div class=\"elementor-container elementor-column-gap-default\">\n\t\t\t\t\t<div class=\"elementor-column elementor-col-100 elementor-top-column elementor-element elementor-element-05c2c1b ot-flex-column-vertical\" data-id=\"05c2c1b\" data-element_type=\"column\" data-e-type=\"column\">\n\t\t\t<div class=\"elementor-widget-wrap elementor-element-populated\">\n\t\t\t\t\t\t<div class=\"elementor-element elementor-element-9d15ce4 elementor-widget elementor-widget-heading\" data-id=\"9d15ce4\" data-element_type=\"widget\" data-e-type=\"widget\" data-widget_type=\"heading.default\">\n\t\t\t\t<div class=\"elementor-widget-container\">\n\t\t\t\t\t<h2 class=\"elementor-heading-title elementor-size-medium\">Connectivit\u00e9 maritime par satellite<\/h2>\t\t\t\t<\/div>\n\t\t\t\t<\/div>\n\t\t\t\t<div class=\"elementor-element elementor-element-8aea3b5 elementor-widget elementor-widget-text-editor\" data-id=\"8aea3b5\" data-element_type=\"widget\" data-e-type=\"widget\" data-widget_type=\"text-editor.default\">\n\t\t\t\t<div class=\"elementor-widget-container\">\n\t\t\t\t\t\t\t\t\t<p>De mani\u00e8re g\u00e9n\u00e9rale, les entreprises maritimes se transforment \u00e0 mesure que les r\u00e9seaux satellitaires rendent les communications mondiales \u00e0 large bande 24\u00d77 en mer plus abordables, accessibles et puissantes. Par cons\u00e9quent, la technologie ATCOMs-on-the-Move offre des largeurs de bande et une couverture in\u00e9gal\u00e9es en mer pour les services de communications maritimes dans le monde entier, pour un large \u00e9ventail d'applications industrielles, y compris les flottes commerciales, les navires de transport, de p\u00eache et de croisi\u00e8re, les p\u00e9troliers et les plateformes offshore.<\/p><p>De plus, SpaceBridge propose un ensemble de routeurs et de modems terminaux VSAT SOTM pour les communications maritimes. En fait, nos modems satellites sont con\u00e7us pour supporter une installation au-dessus du pont en plein air. En outre, ils simplifient le d\u00e9ploiement et la maintenance et fournissent des liaisons par satellite tr\u00e8s efficaces.<\/p><p>En fait, les produits SpaceBridge permettent une grande vari\u00e9t\u00e9 d'applications maritimes telles que :<\/p><ul><li><strong>Liaisons de donn\u00e9es<\/strong>\u00a0pour la voix, les donn\u00e9es et la vid\u00e9o afin de surveiller et de contr\u00f4ler les actifs et les op\u00e9rations.<\/li><li><strong>Acc\u00e8s \u00e0 l'Internet\u00a0<\/strong>- notamment la connectivit\u00e9 \u00e0 large bande pour les entreprises, les services en cabine des compagnies de croisi\u00e8re, le Wi-Fi et le bien-\u00eatre de l'\u00e9quipage.<\/li><li><strong>Sans fil \/ Cellulaire \/ Wi-Fi<\/strong>\u00a0service pour les passagers<\/li><li><strong>Surveillance<\/strong>\u00a0et la surveillance : de la s\u00e9curit\u00e9 aux diagnostics et rapports sur les moteurs, en passant par les capteurs et l'\u00e9tat des conteneurs, le carburant, l'eau douce et les autres ressources.<\/li><li><strong>Gestion de la flotte<\/strong>\u00a0et l'automatisation des entreprises<\/li><li><strong><strong>Suivi des inventaires et du transport <\/strong>,\u00a0la livraison, la logistique et la surveillance du statut<\/strong>, de la livraison, la logistique et le suivi de la situation<\/li><li><strong>Vid\u00e9o HD et transmission de donn\u00e9es lourdes<\/strong>\u00a0pour des applications sp\u00e9cialis\u00e9es, telles que le forage et l'exploration des oc\u00e9ans.<\/li><\/ul><div class=\"more_info_content\"><p>En outre, les flottes gouvernementales et navales disposent \u00e9galement d'applications critiques telles que le commandement et le contr\u00f4le, l'\u00e9quipement \u00e0 distance, la surveillance des actifs, le bien-\u00eatre de l'\u00e9quipage et la surveillance en direct, qui exigent des largeurs de bande \u00e9lev\u00e9es que la technologie SATCOMs-on-the-Move fournit.<\/p><p>En outre, les services maritimes peuvent poser des d\u00e9fis techniques, op\u00e9rationnels et commerciaux uniques. Par cons\u00e9quent, en fonction du type de navire ou de plate-forme, ces d\u00e9fis peuvent \u00eatre les suivants :<\/p><ul><li>Besoins saisonniers, temporaires et \u00e0 forte fluctuation de trafic et de bande passante<\/li><li>Ainsi que l'itin\u00e9rance, le satellite et les commutations\/transferts de faisceaux.<\/li><li>De m\u00eame, les terminaux complexes qui n\u00e9cessitent des ressources en puissance satellitaire \u00e9lev\u00e9es<\/li><li>Cellulaire embarqu\u00e9 - r\u00e9seau itin\u00e9rant (3G\/4G\/LTE)<\/li><\/ul><\/div>\t\t\t\t\t\t\t\t<\/div>\n\t\t\t\t<\/div>\n\t\t\t\t\t<\/div>\n\t\t<\/div>\n\t\t\t\t\t<\/div>\n\t\t<\/section>\n\t\t\t\t<section class=\"elementor-section elementor-top-section elementor-element elementor-element-94996e4 ot-traditional elementor-section-boxed elementor-section-height-default elementor-section-height-default\" data-id=\"94996e4\" data-element_type=\"section\" data-e-type=\"section\">\n\t\t\t\t\t\t<div class=\"elementor-container elementor-column-gap-default\">\n\t\t\t\t\t<div class=\"elementor-column elementor-col-100 elementor-top-column elementor-element elementor-element-dfdb5e2 ot-flex-column-vertical\" data-id=\"dfdb5e2\" data-element_type=\"column\" data-e-type=\"column\">\n\t\t\t<div class=\"elementor-widget-wrap elementor-element-populated\">\n\t\t\t\t\t\t<div class=\"elementor-element elementor-element-d12ad53 elementor-widget elementor-widget-heading\" data-id=\"d12ad53\" data-element_type=\"widget\" data-e-type=\"widget\" data-widget_type=\"heading.default\">\n\t\t\t\t<div class=\"elementor-widget-container\">\n\t\t\t\t\t<h4 class=\"elementor-heading-title elementor-size-default\">Ressources Connexes<\/h4>\t\t\t\t<\/div>\n\t\t\t\t<\/div>\n\t\t\t\t<div class=\"elementor-element elementor-element-9cfab52 related-resources-acc elementor-widget elementor-widget-iaccordions\" data-id=\"9cfab52\" data-element_type=\"widget\" data-e-type=\"widget\" data-widget_type=\"iaccordions.default\">\n\t\t\t\t<div class=\"elementor-widget-container\">\n\t\t\t\t\t\r\n\t\t<div class=\"ot-accordions\">\r\n\t\t\t\t\t\t<div class=\"acc-item\">\r\n\t\t\t\t<span class=\"acc-toggle\">Fiches Techniques <i class=\"down flaticon-download-arrow\"><\/i><i class=\"up flaticon-up-arrow\"><\/i><\/span>\r\n\t\t\t\t<div class=\"acc-content\">\r\n\t\t\t\t\t<p><a href=\"https:\/\/spacebridge.com\/wp-content\/uploads\/2022\/02\/9.-Datasheet-U7780.pdf\">U7720 \u2013 Modem\/router satellite r\u00e9seau hautes performances<\/a><\/p><p><a href=\"https:\/\/spacebridge.com\/wp-content\/uploads\/2022\/06\/PB-U7400-DS-009-21105-fr.pdf\">U7400-M ASAT\u2122 Syst\u00e8me Mesh Satellite Modem<\/a><\/p>\t\t\t\t<\/div>\r\n\t\t\t<\/div>\r\n\t\t\t\t\t\t<div class=\"acc-item\">\r\n\t\t\t\t<span class=\"acc-toggle\">D\u00e9pliants <i class=\"down flaticon-download-arrow\"><\/i><i class=\"up flaticon-up-arrow\"><\/i><\/span>\r\n\t\t\t\t<div class=\"acc-content\">\r\n\t\t\t\t\t<p><a href=\"https:\/\/spacebridge.com\/wp-content\/uploads\/2022\/04\/PB-ASAT-SYSTEM-BR-007-22020-fr.pdf\">Brochure du syst\u00e8me ASAT<\/a><\/p><p><a href=\"https:\/\/spacebridge.com\/wp-content\/uploads\/2022\/04\/PB-ASAT-CBH-AN-007-21236-1-fr.pdf\">Description de la solution de liaisons de retour cellulaires<\/a><\/p><p><a href=\"https:\/\/spacebridge.com\/wp-content\/uploads\/2022\/04\/PB-SATCOMMOBILITY-AN-006-21060-fr.pdf\">Description de la solution des communications par satellite en mouvement<\/a><\/p>\t\t\t\t<\/div>\r\n\t\t\t<\/div>\r\n\t\t\t\t\t\t<div class=\"acc-item\">\r\n\t\t\t\t<span class=\"acc-toggle\">Livres Blancs <i class=\"down flaticon-download-arrow\"><\/i><i class=\"up flaticon-up-arrow\"><\/i><\/span>\r\n\t\t\t\t<div class=\"acc-content\">\r\n\t\t\t\t\t<p><a href=\"https:\/\/spacebridge.com\/wp-content\/uploads\/2022\/04\/PB-WAVESWITCH-WP-003-22020-1-fr.pdf\">Livre blanc WaveSwitch<\/a><\/p><p><a href=\"https:\/\/spacebridge.com\/wp-content\/uploads\/2022\/07\/SATCOM-on-the-Move.fr_.pdf\">SATCOM en mouvement - Livre blanc<\/a><\/p>\t\t\t\t<\/div>\r\n\t\t\t<\/div>\r\n\t\t\t\t\t\t<div class=\"acc-item\">\r\n\t\t\t\t<span class=\"acc-toggle\">Histoires de Succ\u00e8s <i class=\"down flaticon-download-arrow\"><\/i><i class=\"up flaticon-up-arrow\"><\/i><\/span>\r\n\t\t\t\t<div class=\"acc-content\">\r\n\t\t\t\t\t<p><a href=\"https:\/\/spacebridge.com\/wp-content\/uploads\/2022\/04\/Indonesian-Navy-21060-fr.pdf\">Marine indon\u00e9sienne - Histoire d'une r\u00e9ussite<\/a><\/p><p><a href=\"https:\/\/spacebridge.com\/wp-content\/uploads\/2022\/04\/Columbia-Aviation-21060-fr.pdf\">A\u00e9roports de Colombie - Histoire d'une r\u00e9ussite<\/a><\/p><p><a href=\"https:\/\/spacebridge.com\/wp-content\/uploads\/2022\/04\/China-SOA-21060-fr.pdf\">China SOA - Histoire d'une r\u00e9ussite<\/a><\/p><p><a href=\"https:\/\/spacebridge.com\/wp-content\/uploads\/2022\/04\/Omansat-Success-Story-1-2-fr.pdf\">Omansat - Histoire d'une r\u00e9ussite<\/a><\/p>\t\t\t\t<\/div>\r\n\t\t\t<\/div>\r\n\t\t\t\t    <\/div>\r\n\r\n\t    \t\t\t\t<\/div>\n\t\t\t\t<\/div>\n\t\t\t\t\t<\/div>\n\t\t<\/div>\n\t\t\t\t\t<\/div>\n\t\t<\/section>\n\t\t\t\t<\/div>","protected":false},"excerpt":{"rendered":"<p>Maritime Connectivity over Satellite Generally, maritime businesses transformed as satellite networks make global broadband 24\u00d77 communications at sea more affordable, accessible, and powerful. Therefore, ATCOMs-on-the-Move technology delivers unmatched bandwidths and [&hellip;]<\/p>\n","protected":false},"author":13,"featured_media":0,"parent":0,"menu_order":0,"comment_status":"closed","ping_status":"closed","template":"","meta":{"_acf_changed":false,"footnotes":""},"class_list":["post-6785","page","type-page","status-publish","hentry"],"acf":[],"yoast_head":"<!-- This site is optimized with the Yoast SEO plugin v27.3 - https:\/\/yoast.com\/product\/yoast-seo-wordpress\/ -->\n<title>Maritime - Spacebridge Inc.<\/title>\n<meta name=\"description\" content=\"Constant communication is crucial for the maritime. Click here to find out how satellite communication can help you!\" \/>\n<meta name=\"robots\" content=\"index, follow, max-snippet:-1, max-image-preview:large, max-video-preview:-1\" \/>\n<link rel=\"canonical\" href=\"https:\/\/spacebridge.com\/fr\/maritime\/\" \/>\n<meta property=\"og:locale\" content=\"fr_FR\" \/>\n<meta property=\"og:type\" content=\"article\" \/>\n<meta property=\"og:title\" content=\"Maritime - Spacebridge Inc.\" \/>\n<meta property=\"og:description\" content=\"Constant communication is crucial for the maritime. Click here to find out how satellite communication can help you!\" \/>\n<meta property=\"og:url\" content=\"https:\/\/spacebridge.com\/fr\/maritime\/\" \/>\n<meta property=\"og:site_name\" content=\"Spacebridge Inc.\" \/>\n<meta property=\"article:modified_time\" content=\"2024-09-13T15:32:14+00:00\" \/>\n<meta property=\"og:image\" content=\"https:\/\/spacebridge.com\/wp-content\/uploads\/2024\/02\/SpaceBridge-logo-no-tagline-full-color-on-white-or-blue.png\" \/>\n\t<meta property=\"og:image:width\" content=\"1474\" \/>\n\t<meta property=\"og:image:height\" content=\"730\" \/>\n\t<meta property=\"og:image:type\" content=\"image\/png\" \/>\n<meta name=\"twitter:card\" content=\"summary_large_image\" \/>\n<meta name=\"twitter:label1\" content=\"Dur\u00e9e de lecture estim\u00e9e\" \/>\n\t<meta name=\"twitter:data1\" content=\"2 minutes\" \/>\n<script type=\"application\/ld+json\" class=\"yoast-schema-graph\">{\"@context\":\"https:\\\/\\\/schema.org\",\"@graph\":[{\"@type\":\"WebPage\",\"@id\":\"https:\\\/\\\/spacebridge.com\\\/maritime\\\/\",\"url\":\"https:\\\/\\\/spacebridge.com\\\/maritime\\\/\",\"name\":\"Maritime - Spacebridge Inc.\",\"isPartOf\":{\"@id\":\"https:\\\/\\\/spacebridge.com\\\/#website\"},\"datePublished\":\"2022-03-02T22:35:46+00:00\",\"dateModified\":\"2024-09-13T15:32:14+00:00\",\"description\":\"Constant communication is crucial for the maritime. Click here to find out how satellite communication can help you!\",\"breadcrumb\":{\"@id\":\"https:\\\/\\\/spacebridge.com\\\/maritime\\\/#breadcrumb\"},\"inLanguage\":\"fr-FR\",\"potentialAction\":[{\"@type\":\"ReadAction\",\"target\":[\"https:\\\/\\\/spacebridge.com\\\/maritime\\\/\"]}]},{\"@type\":\"BreadcrumbList\",\"@id\":\"https:\\\/\\\/spacebridge.com\\\/maritime\\\/#breadcrumb\",\"itemListElement\":[{\"@type\":\"ListItem\",\"position\":1,\"name\":\"Home\",\"item\":\"https:\\\/\\\/spacebridge.com\\\/\"},{\"@type\":\"ListItem\",\"position\":2,\"name\":\"Maritime\"}]},{\"@type\":\"WebSite\",\"@id\":\"https:\\\/\\\/spacebridge.com\\\/#website\",\"url\":\"https:\\\/\\\/spacebridge.com\\\/\",\"name\":\"Spacebridge Inc.\",\"description\":\"Broadband Satellite Communications Systems\",\"publisher\":{\"@id\":\"https:\\\/\\\/spacebridge.com\\\/#organization\"},\"potentialAction\":[{\"@type\":\"SearchAction\",\"target\":{\"@type\":\"EntryPoint\",\"urlTemplate\":\"https:\\\/\\\/spacebridge.com\\\/?s={search_term_string}\"},\"query-input\":{\"@type\":\"PropertyValueSpecification\",\"valueRequired\":true,\"valueName\":\"search_term_string\"}}],\"inLanguage\":\"fr-FR\"},{\"@type\":\"Organization\",\"@id\":\"https:\\\/\\\/spacebridge.com\\\/#organization\",\"name\":\"SpaceBridge Inc.\",\"url\":\"https:\\\/\\\/spacebridge.com\\\/\",\"logo\":{\"@type\":\"ImageObject\",\"inLanguage\":\"fr-FR\",\"@id\":\"https:\\\/\\\/spacebridge.com\\\/#\\\/schema\\\/logo\\\/image\\\/\",\"url\":\"https:\\\/\\\/spacebridge.com\\\/wp-content\\\/uploads\\\/2024\\\/02\\\/SpaceBridge-logo-no-tagline-full-color-on-white-or-blue.png\",\"contentUrl\":\"https:\\\/\\\/spacebridge.com\\\/wp-content\\\/uploads\\\/2024\\\/02\\\/SpaceBridge-logo-no-tagline-full-color-on-white-or-blue.png\",\"width\":1474,\"height\":730,\"caption\":\"SpaceBridge Inc.\"},\"image\":{\"@id\":\"https:\\\/\\\/spacebridge.com\\\/#\\\/schema\\\/logo\\\/image\\\/\"},\"sameAs\":[\"https:\\\/\\\/www.linkedin.com\\\/company\\\/spacebridgeinc\\\/\"]}]}<\/script>\n<!-- \/ Yoast SEO plugin. -->","yoast_head_json":{"title":"Maritime - Spacebridge Inc.","description":"Constant communication is crucial for the maritime. Click here to find out how satellite communication can help you!","robots":{"index":"index","follow":"follow","max-snippet":"max-snippet:-1","max-image-preview":"max-image-preview:large","max-video-preview":"max-video-preview:-1"},"canonical":"https:\/\/spacebridge.com\/fr\/maritime\/","og_locale":"fr_FR","og_type":"article","og_title":"Maritime - Spacebridge Inc.","og_description":"Constant communication is crucial for the maritime. Click here to find out how satellite communication can help you!","og_url":"https:\/\/spacebridge.com\/fr\/maritime\/","og_site_name":"Spacebridge Inc.","article_modified_time":"2024-09-13T15:32:14+00:00","og_image":[{"width":1474,"height":730,"url":"https:\/\/spacebridge.com\/wp-content\/uploads\/2024\/02\/SpaceBridge-logo-no-tagline-full-color-on-white-or-blue.png","type":"image\/png"}],"twitter_card":"summary_large_image","twitter_misc":{"Dur\u00e9e de lecture estim\u00e9e":"2 minutes"},"schema":{"@context":"https:\/\/schema.org","@graph":[{"@type":"WebPage","@id":"https:\/\/spacebridge.com\/maritime\/","url":"https:\/\/spacebridge.com\/maritime\/","name":"Maritime - Spacebridge Inc.","isPartOf":{"@id":"https:\/\/spacebridge.com\/#website"},"datePublished":"2022-03-02T22:35:46+00:00","dateModified":"2024-09-13T15:32:14+00:00","description":"Constant communication is crucial for the maritime. Click here to find out how satellite communication can help you!","breadcrumb":{"@id":"https:\/\/spacebridge.com\/maritime\/#breadcrumb"},"inLanguage":"fr-FR","potentialAction":[{"@type":"ReadAction","target":["https:\/\/spacebridge.com\/maritime\/"]}]},{"@type":"BreadcrumbList","@id":"https:\/\/spacebridge.com\/maritime\/#breadcrumb","itemListElement":[{"@type":"ListItem","position":1,"name":"Home","item":"https:\/\/spacebridge.com\/"},{"@type":"ListItem","position":2,"name":"Maritime"}]},{"@type":"WebSite","@id":"https:\/\/spacebridge.com\/#website","url":"https:\/\/spacebridge.com\/","name":"Spacebridge Inc.","description":"Broadband Satellite Communications Systems","publisher":{"@id":"https:\/\/spacebridge.com\/#organization"},"potentialAction":[{"@type":"SearchAction","target":{"@type":"EntryPoint","urlTemplate":"https:\/\/spacebridge.com\/?s={search_term_string}"},"query-input":{"@type":"PropertyValueSpecification","valueRequired":true,"valueName":"search_term_string"}}],"inLanguage":"fr-FR"},{"@type":"Organization","@id":"https:\/\/spacebridge.com\/#organization","name":"SpaceBridge Inc.","url":"https:\/\/spacebridge.com\/","logo":{"@type":"ImageObject","inLanguage":"fr-FR","@id":"https:\/\/spacebridge.com\/#\/schema\/logo\/image\/","url":"https:\/\/spacebridge.com\/wp-content\/uploads\/2024\/02\/SpaceBridge-logo-no-tagline-full-color-on-white-or-blue.png","contentUrl":"https:\/\/spacebridge.com\/wp-content\/uploads\/2024\/02\/SpaceBridge-logo-no-tagline-full-color-on-white-or-blue.png","width":1474,"height":730,"caption":"SpaceBridge Inc."},"image":{"@id":"https:\/\/spacebridge.com\/#\/schema\/logo\/image\/"},"sameAs":["https:\/\/www.linkedin.com\/company\/spacebridgeinc\/"]}]}},"_links":{"self":[{"href":"https:\/\/spacebridge.com\/fr\/wp-json\/wp\/v2\/pages\/6785","targetHints":{"allow":["GET"]}}],"collection":[{"href":"https:\/\/spacebridge.com\/fr\/wp-json\/wp\/v2\/pages"}],"about":[{"href":"https:\/\/spacebridge.com\/fr\/wp-json\/wp\/v2\/types\/page"}],"author":[{"embeddable":true,"href":"https:\/\/spacebridge.com\/fr\/wp-json\/wp\/v2\/users\/13"}],"replies":[{"embeddable":true,"href":"https:\/\/spacebridge.com\/fr\/wp-json\/wp\/v2\/comments?post=6785"}],"version-history":[{"count":61,"href":"https:\/\/spacebridge.com\/fr\/wp-json\/wp\/v2\/pages\/6785\/revisions"}],"predecessor-version":[{"id":12354,"href":"https:\/\/spacebridge.com\/fr\/wp-json\/wp\/v2\/pages\/6785\/revisions\/12354"}],"wp:attachment":[{"href":"https:\/\/spacebridge.com\/fr\/wp-json\/wp\/v2\/media?parent=6785"}],"curies":[{"name":"wp","href":"https:\/\/api.w.org\/{rel}","templated":true}]}}