{"id":6780,"date":"2022-03-02T22:26:51","date_gmt":"2022-03-02T22:26:51","guid":{"rendered":"https:\/\/spacebridge.com\/?page_id=6780"},"modified":"2024-09-13T15:31:51","modified_gmt":"2024-09-13T15:31:51","slug":"airborne","status":"publish","type":"page","link":"https:\/\/spacebridge.com\/fr\/airborne\/","title":{"rendered":"En vol"},"content":{"rendered":"<div data-elementor-type=\"wp-page\" data-elementor-id=\"6780\" class=\"elementor elementor-6780\" data-elementor-post-type=\"page\">\n\t\t\t\t\t\t<section class=\"elementor-section elementor-top-section elementor-element elementor-element-5d246f3 ot-traditional elementor-section-boxed elementor-section-height-default elementor-section-height-default\" data-id=\"5d246f3\" data-element_type=\"section\" data-e-type=\"section\">\n\t\t\t\t\t\t<div class=\"elementor-container elementor-column-gap-default\">\n\t\t\t\t\t<div class=\"elementor-column elementor-col-100 elementor-top-column elementor-element elementor-element-2238902 ot-flex-column-vertical\" data-id=\"2238902\" data-element_type=\"column\" data-e-type=\"column\">\n\t\t\t<div class=\"elementor-widget-wrap elementor-element-populated\">\n\t\t\t\t\t\t<div class=\"elementor-element elementor-element-00546c6 elementor-widget elementor-widget-heading\" data-id=\"00546c6\" data-element_type=\"widget\" data-e-type=\"widget\" data-widget_type=\"heading.default\">\n\t\t\t\t<div class=\"elementor-widget-container\">\n\t\t\t\t\t<h2 class=\"elementor-heading-title elementor-size-medium\">SATCOMs a\u00e9roport\u00e9es, UAV (Unmanned Arial Vehicle) et BLoS (Beyond Line-of-Sight) critiques pour les missions.<\/h2>\t\t\t\t<\/div>\n\t\t\t\t<\/div>\n\t\t\t\t<div class=\"elementor-element elementor-element-2a50667 elementor-widget elementor-widget-text-editor\" data-id=\"2a50667\" data-element_type=\"widget\" data-e-type=\"widget\" data-widget_type=\"text-editor.default\">\n\t\t\t\t<div class=\"elementor-widget-container\">\n\t\t\t\t\t\t\t\t\t<p>Les d\u00e9placements a\u00e9riens n\u00e9cessitent une technologie dans les bandes de fr\u00e9quences Ku, X et autres, qui fournit des donn\u00e9es \u00e0 large bande passante pour assurer une communication constante. En fait, elle soutient une vari\u00e9t\u00e9 de missions de v\u00e9hicules a\u00e9riens sans pilote (UAV), notamment :<\/p><ul><li>Des liaisons \u00e0 haut d\u00e9bit pour permettre aux drones relais d'effectuer rapidement des missions d'acquisition de donn\u00e9es<\/li><li>Transmissions vid\u00e9o HD par des drones de surveillance<\/li><li>Raccordements des drones aux troupes d\u00e9ploy\u00e9es au-del\u00e0 de la visibilit\u00e9 directe (BLoS)<\/li><\/ul><p>En fait, la technologie SATCOMs-on-the-Move peut fournir des services vitaux de commandement, de contr\u00f4le et de communication (C3) au-del\u00e0 des lignes ennemies, du th\u00e9\u00e2tre d'op\u00e9rations \u00e0 un commandement ou un quartier g\u00e9n\u00e9ral arri\u00e8re, ou de retour dans le pays d'origine pour les liaisons tactiques \u00e0 haut d\u00e9bit par drone au-del\u00e0 de la ligne de vis\u00e9e.<\/p><p>En outre, pour les liaisons mont\u00e9es sur drone, le Spacebridge U7800 - Syst\u00e8me autonome \/ ASAT\u2122 Modem satellite \u00e0 double forme d'onde est une unit\u00e9 unique con\u00e7ue pour r\u00e9pondre aux demandes op\u00e9rationnelles intenses. En tant que VSAT de la s\u00e9rie Ultimate, il prend en charge la connectivit\u00e9 SCPC point \u00e0 point ainsi que la connectivit\u00e9 RCS MF-TDMA, ASCPC\u2122 et SCPC en \u00e9toile, y compris la connectivit\u00e9 de superposition maill\u00e9e en option. De plus, l'offre d'un cryptage de niveau gouvernemental, VLAN et VPN IPSec, une large gamme d'\u00e9mission et de r\u00e9ception et l'OpenAMIP int\u00e9gr\u00e9 pour l'interop\u00e9rabilit\u00e9 des antennes SOTM ne sont que quelques-unes des caract\u00e9ristiques de cette unit\u00e9 compacte, aliment\u00e9e en courant continu en option.<\/p><h6><strong>Commutation de bande passante et de forme d'onde \u00e0 la demande<\/strong><\/h6><p>Les missions de drones n\u00e9cessitent des liaisons de haute capacit\u00e9, mais pas toujours de mani\u00e8re continue et constante. Par cons\u00e9quent, la technologie WaveSwitch\u2122 de SpaceBridge est particuli\u00e8rement adapt\u00e9e pour soutenir la nature dynamique des op\u00e9rations militaires et des missions sporadiques.\u00a0 WaveSwitch<sup>\u2122<\/sup>\u00a0alloue efficacement les liaisons \u00e0 haut d\u00e9bit aux terminaux uniquement lorsque cela est n\u00e9cessaire.<\/p><p>En fait, les terminaux mont\u00e9s sur des drones utilisent des antennes \u00e0 faible encombrement et \u00e0 profil bas (LPA) pour des raisons d'a\u00e9rodynamisme et de furtivit\u00e9. Par cons\u00e9quent, la transmission \u00e0 spectre \u00e9tal\u00e9 est n\u00e9cessaire pour r\u00e9pondre aux sp\u00e9cifications de transmission des op\u00e9rateurs de satellites et des utilisateurs par l'interm\u00e9diaire de ces types de terminaux. En outre, les signaux \u00e0 spectre \u00e9tal\u00e9 sont souhait\u00e9s pour att\u00e9nuer le risque de d\u00e9tection et de brouillage dans les applications de d\u00e9fense.<\/p>\t\t\t\t\t\t\t\t<\/div>\n\t\t\t\t<\/div>\n\t\t\t\t\t<\/div>\n\t\t<\/div>\n\t\t\t\t\t<\/div>\n\t\t<\/section>\n\t\t\t\t<section class=\"elementor-section elementor-top-section elementor-element elementor-element-a8ab41f ot-traditional elementor-section-boxed elementor-section-height-default elementor-section-height-default\" data-id=\"a8ab41f\" data-element_type=\"section\" data-e-type=\"section\">\n\t\t\t\t\t\t<div class=\"elementor-container elementor-column-gap-default\">\n\t\t\t\t\t<div class=\"elementor-column elementor-col-100 elementor-top-column elementor-element elementor-element-09717bb ot-flex-column-vertical\" data-id=\"09717bb\" data-element_type=\"column\" data-e-type=\"column\">\n\t\t\t<div class=\"elementor-widget-wrap elementor-element-populated\">\n\t\t\t\t\t\t<div class=\"elementor-element elementor-element-2dc0331 elementor-widget elementor-widget-heading\" data-id=\"2dc0331\" data-element_type=\"widget\" data-e-type=\"widget\" data-widget_type=\"heading.default\">\n\t\t\t\t<div class=\"elementor-widget-container\">\n\t\t\t\t\t<h4 class=\"elementor-heading-title elementor-size-default\">Ressources Connexes<\/h4>\t\t\t\t<\/div>\n\t\t\t\t<\/div>\n\t\t\t\t<div class=\"elementor-element elementor-element-f4c59ba related-resources-acc elementor-widget elementor-widget-iaccordions\" data-id=\"f4c59ba\" data-element_type=\"widget\" data-e-type=\"widget\" data-widget_type=\"iaccordions.default\">\n\t\t\t\t<div class=\"elementor-widget-container\">\n\t\t\t\t\t\r\n\t\t<div class=\"ot-accordions\">\r\n\t\t\t\t\t\t<div class=\"acc-item\">\r\n\t\t\t\t<span class=\"acc-toggle\">Fiches Techniques <i class=\"down flaticon-download-arrow\"><\/i><i class=\"up flaticon-up-arrow\"><\/i><\/span>\r\n\t\t\t\t<div class=\"acc-content\">\r\n\t\t\t\t\t<p><a href=\"https:\/\/spacebridge.com\/wp-content\/uploads\/2022\/02\/9.-Datasheet-U7780.pdf\">U7720 \u2013 Modem\/router satellite r\u00e9seau hautes performances<\/a><\/p><p><a href=\"https:\/\/spacebridge.com\/wp-content\/uploads\/2022\/06\/PB-U7400-DS-009-21105-fr.pdf\">U7400-M ASAT\u2122 Syst\u00e8me Mesh Satellite Modem<\/a><\/p><p><a href=\"https:\/\/spacebridge.com\/wp-content\/uploads\/2023\/03\/PB-SBM90X-20230313-1-1.pdf\">SBM-90X Modem \u00e0 large bande GEO\/LEO\/MEO SCPC\/MCPC<\/a><\/p>\t\t\t\t<\/div>\r\n\t\t\t<\/div>\r\n\t\t\t\t\t\t<div class=\"acc-item\">\r\n\t\t\t\t<span class=\"acc-toggle\">D\u00e9pliants <i class=\"down flaticon-download-arrow\"><\/i><i class=\"up flaticon-up-arrow\"><\/i><\/span>\r\n\t\t\t\t<div class=\"acc-content\">\r\n\t\t\t\t\t<p><a href=\"https:\/\/spacebridge.com\/wp-content\/uploads\/2022\/04\/PB-ASAT-SYSTEM-BR-007-22020-fr.pdf\">Brochure du syst\u00e8me ASAT<\/a><\/p><p><a href=\"https:\/\/spacebridge.com\/wp-content\/uploads\/2022\/04\/PB-ASAT-CBH-AN-007-21236-1-fr.pdf\">Description de la solution de liaisons de retour cellulaires<\/a><\/p><p><a href=\"https:\/\/spacebridge.com\/wp-content\/uploads\/2022\/04\/PB-SATCOMMOBILITY-AN-006-21060-fr.pdf\">Description de la solution des communications par satellite en mouvement<\/a><\/p>\t\t\t\t<\/div>\r\n\t\t\t<\/div>\r\n\t\t\t\t\t\t<div class=\"acc-item\">\r\n\t\t\t\t<span class=\"acc-toggle\">Livres Blancs <i class=\"down flaticon-download-arrow\"><\/i><i class=\"up flaticon-up-arrow\"><\/i><\/span>\r\n\t\t\t\t<div class=\"acc-content\">\r\n\t\t\t\t\t<p><a href=\"https:\/\/spacebridge.com\/wp-content\/uploads\/2022\/04\/PB-WAVESWITCH-WP-003-22020-1-fr.pdf\">Livre blanc WaveSwitch<\/a><\/p><p><a href=\"https:\/\/spacebridge.com\/wp-content\/uploads\/2022\/07\/SATCOM-on-the-Move.fr_.pdf\">SATCOM en mouvement - Livre blanc<\/a><\/p>\t\t\t\t<\/div>\r\n\t\t\t<\/div>\r\n\t\t\t\t\t\t<div class=\"acc-item\">\r\n\t\t\t\t<span class=\"acc-toggle\">Histoires de Succ\u00e8s <i class=\"down flaticon-download-arrow\"><\/i><i class=\"up flaticon-up-arrow\"><\/i><\/span>\r\n\t\t\t\t<div class=\"acc-content\">\r\n\t\t\t\t\t<p><a href=\"https:\/\/spacebridge.com\/wp-content\/uploads\/2022\/04\/Indonesian-Navy-21060-fr.pdf\">Marine indon\u00e9sienne - Histoire d'une r\u00e9ussite<\/a><\/p><p><a href=\"https:\/\/spacebridge.com\/wp-content\/uploads\/2022\/04\/China-SOA-21060-fr.pdf\">China SOA - Histoire d'une r\u00e9ussite<\/a><\/p><p><a href=\"https:\/\/spacebridge.com\/wp-content\/uploads\/2022\/04\/Columbia-Aviation-21060-fr.pdf\">A\u00e9roports de Colombie - Histoire d'une r\u00e9ussite<\/a><\/p><p><a href=\"https:\/\/spacebridge.com\/wp-content\/uploads\/2022\/04\/Omansat-Success-Story-1-2-fr.pdf\">Omansat - Histoire d'une r\u00e9ussite<\/a><\/p>\t\t\t\t<\/div>\r\n\t\t\t<\/div>\r\n\t\t\t\t    <\/div>\r\n\r\n\t    \t\t\t\t<\/div>\n\t\t\t\t<\/div>\n\t\t\t\t\t<\/div>\n\t\t<\/div>\n\t\t\t\t\t<\/div>\n\t\t<\/section>\n\t\t\t\t<\/div>","protected":false},"excerpt":{"rendered":"<p>Mission-Critical Airborne, Unmanned Arial Vehicle (UAV) and Beyond Line-of-Sight (BLoS) SATCOMs Airborne movement requires technology in Ku, X, and other frequency bands that provides high-bandwidth data to assure constant communication. [&hellip;]<\/p>\n","protected":false},"author":13,"featured_media":0,"parent":0,"menu_order":0,"comment_status":"closed","ping_status":"closed","template":"","meta":{"_acf_changed":false,"footnotes":""},"class_list":["post-6780","page","type-page","status-publish","hentry"],"acf":[],"yoast_head":"<!-- This site is optimized with the Yoast SEO plugin v27.3 - https:\/\/yoast.com\/product\/yoast-seo-wordpress\/ -->\n<title>Airborne - Spacebridge Inc.<\/title>\n<meta name=\"description\" content=\"Airborne movement requires technology in Ku, X, and other frequency bands provides high-bandwidth data to assure a constant communication.\" \/>\n<meta name=\"robots\" content=\"index, follow, max-snippet:-1, max-image-preview:large, max-video-preview:-1\" \/>\n<link rel=\"canonical\" href=\"https:\/\/spacebridge.com\/fr\/airborne\/\" \/>\n<meta property=\"og:locale\" content=\"fr_FR\" \/>\n<meta property=\"og:type\" content=\"article\" \/>\n<meta property=\"og:title\" content=\"Airborne - Spacebridge Inc.\" \/>\n<meta property=\"og:description\" content=\"Airborne movement requires technology in Ku, X, and other frequency bands provides high-bandwidth data to assure a constant communication.\" \/>\n<meta property=\"og:url\" content=\"https:\/\/spacebridge.com\/fr\/airborne\/\" \/>\n<meta property=\"og:site_name\" content=\"Spacebridge Inc.\" \/>\n<meta property=\"article:modified_time\" content=\"2024-09-13T15:31:51+00:00\" \/>\n<meta property=\"og:image\" content=\"https:\/\/spacebridge.com\/wp-content\/uploads\/2024\/02\/SpaceBridge-logo-no-tagline-full-color-on-white-or-blue.png\" \/>\n\t<meta property=\"og:image:width\" content=\"1474\" \/>\n\t<meta property=\"og:image:height\" content=\"730\" \/>\n\t<meta property=\"og:image:type\" content=\"image\/png\" \/>\n<meta name=\"twitter:card\" content=\"summary_large_image\" \/>\n<meta name=\"twitter:label1\" content=\"Dur\u00e9e de lecture estim\u00e9e\" \/>\n\t<meta name=\"twitter:data1\" content=\"2 minutes\" \/>\n<script type=\"application\/ld+json\" class=\"yoast-schema-graph\">{\"@context\":\"https:\\\/\\\/schema.org\",\"@graph\":[{\"@type\":\"WebPage\",\"@id\":\"https:\\\/\\\/spacebridge.com\\\/airborne\\\/\",\"url\":\"https:\\\/\\\/spacebridge.com\\\/airborne\\\/\",\"name\":\"Airborne - Spacebridge Inc.\",\"isPartOf\":{\"@id\":\"https:\\\/\\\/spacebridge.com\\\/#website\"},\"datePublished\":\"2022-03-02T22:26:51+00:00\",\"dateModified\":\"2024-09-13T15:31:51+00:00\",\"description\":\"Airborne movement requires technology in Ku, X, and other frequency bands provides high-bandwidth data to assure a constant communication.\",\"breadcrumb\":{\"@id\":\"https:\\\/\\\/spacebridge.com\\\/airborne\\\/#breadcrumb\"},\"inLanguage\":\"fr-FR\",\"potentialAction\":[{\"@type\":\"ReadAction\",\"target\":[\"https:\\\/\\\/spacebridge.com\\\/airborne\\\/\"]}]},{\"@type\":\"BreadcrumbList\",\"@id\":\"https:\\\/\\\/spacebridge.com\\\/airborne\\\/#breadcrumb\",\"itemListElement\":[{\"@type\":\"ListItem\",\"position\":1,\"name\":\"Home\",\"item\":\"https:\\\/\\\/spacebridge.com\\\/\"},{\"@type\":\"ListItem\",\"position\":2,\"name\":\"Airborne\"}]},{\"@type\":\"WebSite\",\"@id\":\"https:\\\/\\\/spacebridge.com\\\/#website\",\"url\":\"https:\\\/\\\/spacebridge.com\\\/\",\"name\":\"Spacebridge Inc.\",\"description\":\"Broadband Satellite Communications Systems\",\"publisher\":{\"@id\":\"https:\\\/\\\/spacebridge.com\\\/#organization\"},\"potentialAction\":[{\"@type\":\"SearchAction\",\"target\":{\"@type\":\"EntryPoint\",\"urlTemplate\":\"https:\\\/\\\/spacebridge.com\\\/?s={search_term_string}\"},\"query-input\":{\"@type\":\"PropertyValueSpecification\",\"valueRequired\":true,\"valueName\":\"search_term_string\"}}],\"inLanguage\":\"fr-FR\"},{\"@type\":\"Organization\",\"@id\":\"https:\\\/\\\/spacebridge.com\\\/#organization\",\"name\":\"SpaceBridge Inc.\",\"url\":\"https:\\\/\\\/spacebridge.com\\\/\",\"logo\":{\"@type\":\"ImageObject\",\"inLanguage\":\"fr-FR\",\"@id\":\"https:\\\/\\\/spacebridge.com\\\/#\\\/schema\\\/logo\\\/image\\\/\",\"url\":\"https:\\\/\\\/spacebridge.com\\\/wp-content\\\/uploads\\\/2024\\\/02\\\/SpaceBridge-logo-no-tagline-full-color-on-white-or-blue.png\",\"contentUrl\":\"https:\\\/\\\/spacebridge.com\\\/wp-content\\\/uploads\\\/2024\\\/02\\\/SpaceBridge-logo-no-tagline-full-color-on-white-or-blue.png\",\"width\":1474,\"height\":730,\"caption\":\"SpaceBridge Inc.\"},\"image\":{\"@id\":\"https:\\\/\\\/spacebridge.com\\\/#\\\/schema\\\/logo\\\/image\\\/\"},\"sameAs\":[\"https:\\\/\\\/www.linkedin.com\\\/company\\\/spacebridgeinc\\\/\"]}]}<\/script>\n<!-- \/ Yoast SEO plugin. -->","yoast_head_json":{"title":"Airborne - Spacebridge Inc.","description":"Airborne movement requires technology in Ku, X, and other frequency bands provides high-bandwidth data to assure a constant communication.","robots":{"index":"index","follow":"follow","max-snippet":"max-snippet:-1","max-image-preview":"max-image-preview:large","max-video-preview":"max-video-preview:-1"},"canonical":"https:\/\/spacebridge.com\/fr\/airborne\/","og_locale":"fr_FR","og_type":"article","og_title":"Airborne - Spacebridge Inc.","og_description":"Airborne movement requires technology in Ku, X, and other frequency bands provides high-bandwidth data to assure a constant communication.","og_url":"https:\/\/spacebridge.com\/fr\/airborne\/","og_site_name":"Spacebridge Inc.","article_modified_time":"2024-09-13T15:31:51+00:00","og_image":[{"width":1474,"height":730,"url":"https:\/\/spacebridge.com\/wp-content\/uploads\/2024\/02\/SpaceBridge-logo-no-tagline-full-color-on-white-or-blue.png","type":"image\/png"}],"twitter_card":"summary_large_image","twitter_misc":{"Dur\u00e9e de lecture estim\u00e9e":"2 minutes"},"schema":{"@context":"https:\/\/schema.org","@graph":[{"@type":"WebPage","@id":"https:\/\/spacebridge.com\/airborne\/","url":"https:\/\/spacebridge.com\/airborne\/","name":"Airborne - Spacebridge Inc.","isPartOf":{"@id":"https:\/\/spacebridge.com\/#website"},"datePublished":"2022-03-02T22:26:51+00:00","dateModified":"2024-09-13T15:31:51+00:00","description":"Airborne movement requires technology in Ku, X, and other frequency bands provides high-bandwidth data to assure a constant communication.","breadcrumb":{"@id":"https:\/\/spacebridge.com\/airborne\/#breadcrumb"},"inLanguage":"fr-FR","potentialAction":[{"@type":"ReadAction","target":["https:\/\/spacebridge.com\/airborne\/"]}]},{"@type":"BreadcrumbList","@id":"https:\/\/spacebridge.com\/airborne\/#breadcrumb","itemListElement":[{"@type":"ListItem","position":1,"name":"Home","item":"https:\/\/spacebridge.com\/"},{"@type":"ListItem","position":2,"name":"Airborne"}]},{"@type":"WebSite","@id":"https:\/\/spacebridge.com\/#website","url":"https:\/\/spacebridge.com\/","name":"Spacebridge Inc.","description":"Broadband Satellite Communications Systems","publisher":{"@id":"https:\/\/spacebridge.com\/#organization"},"potentialAction":[{"@type":"SearchAction","target":{"@type":"EntryPoint","urlTemplate":"https:\/\/spacebridge.com\/?s={search_term_string}"},"query-input":{"@type":"PropertyValueSpecification","valueRequired":true,"valueName":"search_term_string"}}],"inLanguage":"fr-FR"},{"@type":"Organization","@id":"https:\/\/spacebridge.com\/#organization","name":"SpaceBridge Inc.","url":"https:\/\/spacebridge.com\/","logo":{"@type":"ImageObject","inLanguage":"fr-FR","@id":"https:\/\/spacebridge.com\/#\/schema\/logo\/image\/","url":"https:\/\/spacebridge.com\/wp-content\/uploads\/2024\/02\/SpaceBridge-logo-no-tagline-full-color-on-white-or-blue.png","contentUrl":"https:\/\/spacebridge.com\/wp-content\/uploads\/2024\/02\/SpaceBridge-logo-no-tagline-full-color-on-white-or-blue.png","width":1474,"height":730,"caption":"SpaceBridge Inc."},"image":{"@id":"https:\/\/spacebridge.com\/#\/schema\/logo\/image\/"},"sameAs":["https:\/\/www.linkedin.com\/company\/spacebridgeinc\/"]}]}},"_links":{"self":[{"href":"https:\/\/spacebridge.com\/fr\/wp-json\/wp\/v2\/pages\/6780","targetHints":{"allow":["GET"]}}],"collection":[{"href":"https:\/\/spacebridge.com\/fr\/wp-json\/wp\/v2\/pages"}],"about":[{"href":"https:\/\/spacebridge.com\/fr\/wp-json\/wp\/v2\/types\/page"}],"author":[{"embeddable":true,"href":"https:\/\/spacebridge.com\/fr\/wp-json\/wp\/v2\/users\/13"}],"replies":[{"embeddable":true,"href":"https:\/\/spacebridge.com\/fr\/wp-json\/wp\/v2\/comments?post=6780"}],"version-history":[{"count":58,"href":"https:\/\/spacebridge.com\/fr\/wp-json\/wp\/v2\/pages\/6780\/revisions"}],"predecessor-version":[{"id":12357,"href":"https:\/\/spacebridge.com\/fr\/wp-json\/wp\/v2\/pages\/6780\/revisions\/12357"}],"wp:attachment":[{"href":"https:\/\/spacebridge.com\/fr\/wp-json\/wp\/v2\/media?parent=6780"}],"curies":[{"name":"wp","href":"https:\/\/api.w.org\/{rel}","templated":true}]}}