{"id":6770,"date":"2022-03-02T21:44:56","date_gmt":"2022-03-02T21:44:56","guid":{"rendered":"https:\/\/spacebridge.com\/?page_id=6770"},"modified":"2024-09-13T15:31:19","modified_gmt":"2024-09-13T15:31:19","slug":"vehicular","status":"publish","type":"page","link":"https:\/\/spacebridge.com\/fr\/vehicular\/","title":{"rendered":"V\u00e9hicules"},"content":{"rendered":"<div data-elementor-type=\"wp-page\" data-elementor-id=\"6770\" class=\"elementor elementor-6770\" data-elementor-post-type=\"page\">\n\t\t\t\t\t\t<section class=\"elementor-section elementor-top-section elementor-element elementor-element-af8b09c ot-traditional elementor-section-boxed elementor-section-height-default elementor-section-height-default\" data-id=\"af8b09c\" data-element_type=\"section\" data-e-type=\"section\">\n\t\t\t\t\t\t<div class=\"elementor-container elementor-column-gap-default\">\n\t\t\t\t\t<div class=\"elementor-column elementor-col-100 elementor-top-column elementor-element elementor-element-fe8636a ot-flex-column-vertical\" data-id=\"fe8636a\" data-element_type=\"column\" data-e-type=\"column\">\n\t\t\t<div class=\"elementor-widget-wrap elementor-element-populated\">\n\t\t\t\t\t\t<div class=\"elementor-element elementor-element-4a457a5 elementor-widget elementor-widget-text-editor\" data-id=\"4a457a5\" data-element_type=\"widget\" data-e-type=\"widget\" data-widget_type=\"text-editor.default\">\n\t\t\t\t<div class=\"elementor-widget-container\">\n\t\t\t\t\t\t\t\t\t<p>Les gens veulent se dire connect\u00e9s et profiter de la qualit\u00e9 de leur exp\u00e9rience sans fil, \u00e0 tout moment et o\u00f9 qu'ils aillent - y compris pendant les longs trajets en voiture. En fait, les lignes de train, les lignes de bus et m\u00eame les services de ferry ajoutent des services haut d\u00e9bit, Wi-Fi et de voix sans fil pour les passagers.<\/p><p>Par cons\u00e9quent, la technologie SATCOMs-on-the-Move (SOTM) peut fournir une connectivit\u00e9 \u00e0 haut d\u00e9bit aux v\u00e9hicules de transport de passagers en mouvement, m\u00eame lorsqu'ils traversent des zones \u00e9tendues, \u00e9loign\u00e9es ou rurales sans couverture sans fil terrestre.<\/p><p>Cependant, le d\u00e9ploiement de ces types de r\u00e9seaux de satellites peut poser des d\u00e9fis tels que :<\/p><ul><li>Besoins saisonniers, temporaires et de grande fluctuation du trafic et de la bande passante.<\/li><li>Limitations des performances des antennes des terminaux satellites en raison des exigences de taille, de poids et de profil bas a\u00e9rodynamique.<\/li><li>Terminaux d'antennes de poursuite complexes qui peuvent n\u00e9cessiter des ressources en \u00e9nergie satellitaire \u00e9lev\u00e9es.<\/li><li>Optimisation et int\u00e9gration des liaisons par satellite pour le backhaul des cellules\/microcellules 3G\/4G\/LTE<\/li><\/ul><h6>Intervention d'urgence \/ Communications pour les premiers r\u00e9pondants<\/h6><p>Les catastrophes naturelles ou d'origine humaine peuvent d\u00e9truire ou mettre hors service les infrastructures de communication essentielles d'une r\u00e9gion.\u00a0 En outre, elles peuvent \u00e9galement frapper dans des endroits situ\u00e9s au-del\u00e0 du r\u00e9seau de t\u00e9l\u00e9communications.\u00a0 C'est pourquoi les r\u00e9seaux v\u00e9hiculaires \u00e0 satellite en mouvement (SOTM) et en pause (OTP) constituent des solutions rapidement d\u00e9ployables pour fournir une largeur de bande IP et \u00e0 large bande imm\u00e9diate sur place pour les communications des premiers intervenants et des services d'urgence.<\/p><p>De plus, SpaceBridge propose des modems et des routeurs satellitaires VSAT qui sont id\u00e9aux pour les configurations \u00e0 d\u00e9ploiement rapide - pour aider les \u00e9quipes d'urgence civiles ou gouvernementales \u00e0 \u00e9tablir les communications vocales, de donn\u00e9es, vid\u00e9o et sans fil dont elles ont besoin pour mener des op\u00e9rations efficaces.<\/p><h6><strong>Gestion de la flotte terrestre et mobile<\/strong><\/h6><p>Pour les flottes de v\u00e9hicules terrestres qui couvrent de vastes zones g\u00e9ographiques, les syst\u00e8mes de gestion de flotte en r\u00e9seau SATCOMs-on-the-Move peuvent garantir l'efficacit\u00e9 et le contr\u00f4le des op\u00e9rations, r\u00e9duire les d\u00e9penses excessives et rationaliser les op\u00e9rations et le service client. Les syst\u00e8mes SATCOMs-on-the-Move peuvent fournir une connectivit\u00e9 bidirectionnelle \u00e0 haut d\u00e9bit aux v\u00e9hicules, afin de prendre en charge diverses fonctions de gestion de flotte, depuis le suivi et le rapport de la localisation des v\u00e9hicules, la maintenance, le carburant et les donn\u00e9es de fret, jusqu'aux communications avec les op\u00e9rateurs sur le terrain et les conducteurs.<\/p><p>En outre, pour les r\u00e9seaux de gestion de flotte mobile terrestre, y compris les services qui utilisent des antennes mont\u00e9es sur v\u00e9hicule \u00e0 profil bas et des transmissions \u00e0 spectre \u00e9tal\u00e9, les terminaux Ultimate VSAT de SpaceBridge offrent le DSSS (spectre \u00e9tal\u00e9 \u00e0 s\u00e9quence directe) et l'interface OpenAMIP pour l'interop\u00e9rabilit\u00e9 avec les produits d'antenne de poursuite en mouvement, ainsi que des outils de mise en r\u00e9seau IP avanc\u00e9s et des avantages en termes de performance.<\/p>\t\t\t\t\t\t\t\t<\/div>\n\t\t\t\t<\/div>\n\t\t\t\t\t<\/div>\n\t\t<\/div>\n\t\t\t\t\t<\/div>\n\t\t<\/section>\n\t\t\t\t<section class=\"elementor-section elementor-top-section elementor-element elementor-element-bcbb6a8 ot-traditional elementor-section-boxed elementor-section-height-default elementor-section-height-default\" data-id=\"bcbb6a8\" data-element_type=\"section\" data-e-type=\"section\">\n\t\t\t\t\t\t<div class=\"elementor-container elementor-column-gap-default\">\n\t\t\t\t\t<div class=\"elementor-column elementor-col-100 elementor-top-column elementor-element elementor-element-55dcc68 ot-flex-column-vertical\" data-id=\"55dcc68\" data-element_type=\"column\" data-e-type=\"column\">\n\t\t\t<div class=\"elementor-widget-wrap elementor-element-populated\">\n\t\t\t\t\t\t<div class=\"elementor-element elementor-element-86ecdad elementor-widget elementor-widget-heading\" data-id=\"86ecdad\" data-element_type=\"widget\" data-e-type=\"widget\" data-widget_type=\"heading.default\">\n\t\t\t\t<div class=\"elementor-widget-container\">\n\t\t\t\t\t<h4 class=\"elementor-heading-title elementor-size-default\">Ressources Connexes<\/h4>\t\t\t\t<\/div>\n\t\t\t\t<\/div>\n\t\t\t\t<div class=\"elementor-element elementor-element-04a539a related-resources-acc elementor-widget elementor-widget-iaccordions\" data-id=\"04a539a\" data-element_type=\"widget\" data-e-type=\"widget\" data-widget_type=\"iaccordions.default\">\n\t\t\t\t<div class=\"elementor-widget-container\">\n\t\t\t\t\t\r\n\t\t<div class=\"ot-accordions\">\r\n\t\t\t\t\t\t<div class=\"acc-item\">\r\n\t\t\t\t<span class=\"acc-toggle\">Fiches Techniques <i class=\"down flaticon-download-arrow\"><\/i><i class=\"up flaticon-up-arrow\"><\/i><\/span>\r\n\t\t\t\t<div class=\"acc-content\">\r\n\t\t\t\t\t<p><a href=\"https:\/\/spacebridge.com\/wp-content\/uploads\/2022\/02\/9.-Datasheet-U7780.pdf\">U7720 \u2013 Modem\/router satellite r\u00e9seau hautes performances<\/a><\/p><p><a href=\"https:\/\/spacebridge.com\/wp-content\/uploads\/2022\/06\/PB-U7400-DS-009-21105-fr.pdf\">U7400-M ASAT\u2122 Syst\u00e8me Mesh Satellite Modem<\/a><\/p><p><a href=\"https:\/\/spacebridge.com\/wp-content\/uploads\/2022\/06\/PB-SBM90X-21235-fr.pdf\">SBM-90X Modem \u00e0 large bande GEO\/LEO\/MEO SCPC\/MCPC<\/a><\/p>\t\t\t\t<\/div>\r\n\t\t\t<\/div>\r\n\t\t\t\t\t\t<div class=\"acc-item\">\r\n\t\t\t\t<span class=\"acc-toggle\">D\u00e9pliants <i class=\"down flaticon-download-arrow\"><\/i><i class=\"up flaticon-up-arrow\"><\/i><\/span>\r\n\t\t\t\t<div class=\"acc-content\">\r\n\t\t\t\t\t<p><a href=\"https:\/\/spacebridge.com\/wp-content\/uploads\/2022\/04\/PB-ASAT-SYSTEM-BR-007-22020-fr.pdf\">ASAT System brochure<\/a><\/p><p><a href=\"https:\/\/spacebridge.com\/wp-content\/uploads\/2022\/04\/PB-ASAT-CBH-AN-007-21236-1-fr.pdf\">Description de la solution de liaisons de retour cellulaires<\/a><\/p><p><a href=\"https:\/\/spacebridge.com\/wp-content\/uploads\/2022\/04\/PB-SATCOMMOBILITY-AN-006-21060-fr.pdf\">Description de la solution des communications par satellite en mouvement<\/a><\/p>\t\t\t\t<\/div>\r\n\t\t\t<\/div>\r\n\t\t\t\t\t\t<div class=\"acc-item\">\r\n\t\t\t\t<span class=\"acc-toggle\">Livres Blancs <i class=\"down flaticon-download-arrow\"><\/i><i class=\"up flaticon-up-arrow\"><\/i><\/span>\r\n\t\t\t\t<div class=\"acc-content\">\r\n\t\t\t\t\t<p><a href=\"https:\/\/spacebridge.com\/wp-content\/uploads\/2022\/04\/PB-WAVESWITCH-WP-003-22020-1-fr.pdf\">Livre blanc WaveSwitch<\/a><\/p><p><a href=\"https:\/\/spacebridge.com\/wp-content\/uploads\/2022\/07\/SATCOM-on-the-Move.fr_.pdf\">SATCOM en mouvement - Livre blanc<\/a><\/p>\t\t\t\t<\/div>\r\n\t\t\t<\/div>\r\n\t\t\t\t\t\t<div class=\"acc-item\">\r\n\t\t\t\t<span class=\"acc-toggle\">Histoires de Succ\u00e8s <i class=\"down flaticon-download-arrow\"><\/i><i class=\"up flaticon-up-arrow\"><\/i><\/span>\r\n\t\t\t\t<div class=\"acc-content\">\r\n\t\t\t\t\t<p><a href=\"https:\/\/spacebridge.com\/wp-content\/uploads\/2022\/04\/Indonesian-Navy-21060-fr.pdf\">Marine indon\u00e9sienne - Histoire d'une r\u00e9ussite<\/a><\/p><p><a href=\"https:\/\/spacebridge.com\/wp-content\/uploads\/2022\/04\/Columbia-Aviation-21060-fr.pdf\">A\u00e9roports de Colombie - Histoire d'une r\u00e9ussite<\/a><\/p><p><a href=\"https:\/\/spacebridge.com\/wp-content\/uploads\/2022\/04\/China-SOA-21060-fr.pdf\">China SOA - Histoire d'une r\u00e9ussite<\/a><\/p>\t\t\t\t<\/div>\r\n\t\t\t<\/div>\r\n\t\t\t\t    <\/div>\r\n\r\n\t    \t\t\t\t<\/div>\n\t\t\t\t<\/div>\n\t\t\t\t\t<\/div>\n\t\t<\/div>\n\t\t\t\t\t<\/div>\n\t\t<\/section>\n\t\t\t\t<\/div>","protected":false},"excerpt":{"rendered":"<p>People want to say connected and enjoy their wireless quality of experience, anytime and wherever they go \u2014 including during long vehicular trips. In fact, train lines, bus lines and [&hellip;]<\/p>\n","protected":false},"author":13,"featured_media":0,"parent":0,"menu_order":0,"comment_status":"closed","ping_status":"closed","template":"","meta":{"_acf_changed":false,"footnotes":""},"class_list":["post-6770","page","type-page","status-publish","hentry"],"acf":[],"yoast_head":"<!-- This site is optimized with the Yoast SEO plugin v27.3 - https:\/\/yoast.com\/product\/yoast-seo-wordpress\/ -->\n<title>Vehicular - Spacebridge Inc.<\/title>\n<meta name=\"description\" content=\"People want to say connected and enjoy their wireless connectivity while on the move such as vehicular, trains, etc.\" \/>\n<meta name=\"robots\" content=\"index, follow, max-snippet:-1, max-image-preview:large, max-video-preview:-1\" \/>\n<link rel=\"canonical\" href=\"https:\/\/spacebridge.com\/fr\/vehicular\/\" \/>\n<meta property=\"og:locale\" content=\"fr_FR\" \/>\n<meta property=\"og:type\" content=\"article\" \/>\n<meta property=\"og:title\" content=\"Vehicular - Spacebridge Inc.\" \/>\n<meta property=\"og:description\" content=\"People want to say connected and enjoy their wireless connectivity while on the move such as vehicular, trains, etc.\" \/>\n<meta property=\"og:url\" content=\"https:\/\/spacebridge.com\/fr\/vehicular\/\" \/>\n<meta property=\"og:site_name\" content=\"Spacebridge Inc.\" \/>\n<meta property=\"article:modified_time\" content=\"2024-09-13T15:31:19+00:00\" \/>\n<meta property=\"og:image\" content=\"https:\/\/spacebridge.com\/wp-content\/uploads\/2024\/02\/SpaceBridge-logo-no-tagline-full-color-on-white-or-blue.png\" \/>\n\t<meta property=\"og:image:width\" content=\"1474\" \/>\n\t<meta property=\"og:image:height\" content=\"730\" \/>\n\t<meta property=\"og:image:type\" content=\"image\/png\" \/>\n<meta name=\"twitter:card\" content=\"summary_large_image\" \/>\n<meta name=\"twitter:label1\" content=\"Dur\u00e9e de lecture estim\u00e9e\" \/>\n\t<meta name=\"twitter:data1\" content=\"2 minutes\" \/>\n<script type=\"application\/ld+json\" class=\"yoast-schema-graph\">{\"@context\":\"https:\\\/\\\/schema.org\",\"@graph\":[{\"@type\":\"WebPage\",\"@id\":\"https:\\\/\\\/spacebridge.com\\\/vehicular\\\/\",\"url\":\"https:\\\/\\\/spacebridge.com\\\/vehicular\\\/\",\"name\":\"Vehicular - Spacebridge Inc.\",\"isPartOf\":{\"@id\":\"https:\\\/\\\/spacebridge.com\\\/#website\"},\"datePublished\":\"2022-03-02T21:44:56+00:00\",\"dateModified\":\"2024-09-13T15:31:19+00:00\",\"description\":\"People want to say connected and enjoy their wireless connectivity while on the move such as vehicular, trains, etc.\",\"breadcrumb\":{\"@id\":\"https:\\\/\\\/spacebridge.com\\\/vehicular\\\/#breadcrumb\"},\"inLanguage\":\"fr-FR\",\"potentialAction\":[{\"@type\":\"ReadAction\",\"target\":[\"https:\\\/\\\/spacebridge.com\\\/vehicular\\\/\"]}]},{\"@type\":\"BreadcrumbList\",\"@id\":\"https:\\\/\\\/spacebridge.com\\\/vehicular\\\/#breadcrumb\",\"itemListElement\":[{\"@type\":\"ListItem\",\"position\":1,\"name\":\"Home\",\"item\":\"https:\\\/\\\/spacebridge.com\\\/\"},{\"@type\":\"ListItem\",\"position\":2,\"name\":\"Vehicular\"}]},{\"@type\":\"WebSite\",\"@id\":\"https:\\\/\\\/spacebridge.com\\\/#website\",\"url\":\"https:\\\/\\\/spacebridge.com\\\/\",\"name\":\"Spacebridge Inc.\",\"description\":\"Broadband Satellite Communications Systems\",\"publisher\":{\"@id\":\"https:\\\/\\\/spacebridge.com\\\/#organization\"},\"potentialAction\":[{\"@type\":\"SearchAction\",\"target\":{\"@type\":\"EntryPoint\",\"urlTemplate\":\"https:\\\/\\\/spacebridge.com\\\/?s={search_term_string}\"},\"query-input\":{\"@type\":\"PropertyValueSpecification\",\"valueRequired\":true,\"valueName\":\"search_term_string\"}}],\"inLanguage\":\"fr-FR\"},{\"@type\":\"Organization\",\"@id\":\"https:\\\/\\\/spacebridge.com\\\/#organization\",\"name\":\"SpaceBridge Inc.\",\"url\":\"https:\\\/\\\/spacebridge.com\\\/\",\"logo\":{\"@type\":\"ImageObject\",\"inLanguage\":\"fr-FR\",\"@id\":\"https:\\\/\\\/spacebridge.com\\\/#\\\/schema\\\/logo\\\/image\\\/\",\"url\":\"https:\\\/\\\/spacebridge.com\\\/wp-content\\\/uploads\\\/2024\\\/02\\\/SpaceBridge-logo-no-tagline-full-color-on-white-or-blue.png\",\"contentUrl\":\"https:\\\/\\\/spacebridge.com\\\/wp-content\\\/uploads\\\/2024\\\/02\\\/SpaceBridge-logo-no-tagline-full-color-on-white-or-blue.png\",\"width\":1474,\"height\":730,\"caption\":\"SpaceBridge Inc.\"},\"image\":{\"@id\":\"https:\\\/\\\/spacebridge.com\\\/#\\\/schema\\\/logo\\\/image\\\/\"},\"sameAs\":[\"https:\\\/\\\/www.linkedin.com\\\/company\\\/spacebridgeinc\\\/\"]}]}<\/script>\n<!-- \/ Yoast SEO plugin. -->","yoast_head_json":{"title":"Vehicular - Spacebridge Inc.","description":"People want to say connected and enjoy their wireless connectivity while on the move such as vehicular, trains, etc.","robots":{"index":"index","follow":"follow","max-snippet":"max-snippet:-1","max-image-preview":"max-image-preview:large","max-video-preview":"max-video-preview:-1"},"canonical":"https:\/\/spacebridge.com\/fr\/vehicular\/","og_locale":"fr_FR","og_type":"article","og_title":"Vehicular - Spacebridge Inc.","og_description":"People want to say connected and enjoy their wireless connectivity while on the move such as vehicular, trains, etc.","og_url":"https:\/\/spacebridge.com\/fr\/vehicular\/","og_site_name":"Spacebridge Inc.","article_modified_time":"2024-09-13T15:31:19+00:00","og_image":[{"width":1474,"height":730,"url":"https:\/\/spacebridge.com\/wp-content\/uploads\/2024\/02\/SpaceBridge-logo-no-tagline-full-color-on-white-or-blue.png","type":"image\/png"}],"twitter_card":"summary_large_image","twitter_misc":{"Dur\u00e9e de lecture estim\u00e9e":"2 minutes"},"schema":{"@context":"https:\/\/schema.org","@graph":[{"@type":"WebPage","@id":"https:\/\/spacebridge.com\/vehicular\/","url":"https:\/\/spacebridge.com\/vehicular\/","name":"Vehicular - Spacebridge Inc.","isPartOf":{"@id":"https:\/\/spacebridge.com\/#website"},"datePublished":"2022-03-02T21:44:56+00:00","dateModified":"2024-09-13T15:31:19+00:00","description":"People want to say connected and enjoy their wireless connectivity while on the move such as vehicular, trains, etc.","breadcrumb":{"@id":"https:\/\/spacebridge.com\/vehicular\/#breadcrumb"},"inLanguage":"fr-FR","potentialAction":[{"@type":"ReadAction","target":["https:\/\/spacebridge.com\/vehicular\/"]}]},{"@type":"BreadcrumbList","@id":"https:\/\/spacebridge.com\/vehicular\/#breadcrumb","itemListElement":[{"@type":"ListItem","position":1,"name":"Home","item":"https:\/\/spacebridge.com\/"},{"@type":"ListItem","position":2,"name":"Vehicular"}]},{"@type":"WebSite","@id":"https:\/\/spacebridge.com\/#website","url":"https:\/\/spacebridge.com\/","name":"Spacebridge Inc.","description":"Broadband Satellite Communications Systems","publisher":{"@id":"https:\/\/spacebridge.com\/#organization"},"potentialAction":[{"@type":"SearchAction","target":{"@type":"EntryPoint","urlTemplate":"https:\/\/spacebridge.com\/?s={search_term_string}"},"query-input":{"@type":"PropertyValueSpecification","valueRequired":true,"valueName":"search_term_string"}}],"inLanguage":"fr-FR"},{"@type":"Organization","@id":"https:\/\/spacebridge.com\/#organization","name":"SpaceBridge Inc.","url":"https:\/\/spacebridge.com\/","logo":{"@type":"ImageObject","inLanguage":"fr-FR","@id":"https:\/\/spacebridge.com\/#\/schema\/logo\/image\/","url":"https:\/\/spacebridge.com\/wp-content\/uploads\/2024\/02\/SpaceBridge-logo-no-tagline-full-color-on-white-or-blue.png","contentUrl":"https:\/\/spacebridge.com\/wp-content\/uploads\/2024\/02\/SpaceBridge-logo-no-tagline-full-color-on-white-or-blue.png","width":1474,"height":730,"caption":"SpaceBridge Inc."},"image":{"@id":"https:\/\/spacebridge.com\/#\/schema\/logo\/image\/"},"sameAs":["https:\/\/www.linkedin.com\/company\/spacebridgeinc\/"]}]}},"_links":{"self":[{"href":"https:\/\/spacebridge.com\/fr\/wp-json\/wp\/v2\/pages\/6770","targetHints":{"allow":["GET"]}}],"collection":[{"href":"https:\/\/spacebridge.com\/fr\/wp-json\/wp\/v2\/pages"}],"about":[{"href":"https:\/\/spacebridge.com\/fr\/wp-json\/wp\/v2\/types\/page"}],"author":[{"embeddable":true,"href":"https:\/\/spacebridge.com\/fr\/wp-json\/wp\/v2\/users\/13"}],"replies":[{"embeddable":true,"href":"https:\/\/spacebridge.com\/fr\/wp-json\/wp\/v2\/comments?post=6770"}],"version-history":[{"count":46,"href":"https:\/\/spacebridge.com\/fr\/wp-json\/wp\/v2\/pages\/6770\/revisions"}],"predecessor-version":[{"id":12360,"href":"https:\/\/spacebridge.com\/fr\/wp-json\/wp\/v2\/pages\/6770\/revisions\/12360"}],"wp:attachment":[{"href":"https:\/\/spacebridge.com\/fr\/wp-json\/wp\/v2\/media?parent=6770"}],"curies":[{"name":"wp","href":"https:\/\/api.w.org\/{rel}","templated":true}]}}