{"id":6741,"date":"2022-03-02T21:24:55","date_gmt":"2022-03-02T21:24:55","guid":{"rendered":"https:\/\/spacebridge.com\/job-openings\/"},"modified":"2024-09-12T14:18:25","modified_gmt":"2024-09-12T14:18:25","slug":"job-openings","status":"publish","type":"page","link":"https:\/\/spacebridge.com\/fr\/job-openings\/","title":{"rendered":"Carri\u00e8res"},"content":{"rendered":"\t\t<div data-elementor-type=\"wp-page\" data-elementor-id=\"6741\" class=\"elementor elementor-6741\" data-elementor-post-type=\"page\">\n\t\t\t\t\t\t<section class=\"elementor-section elementor-top-section elementor-element elementor-element-e4c6c71 ot-traditional elementor-section-boxed elementor-section-height-default elementor-section-height-default\" data-id=\"e4c6c71\" data-element_type=\"section\" data-e-type=\"section\">\n\t\t\t\t\t\t<div class=\"elementor-container elementor-column-gap-default\">\n\t\t\t\t\t<div class=\"elementor-column elementor-col-100 elementor-top-column elementor-element elementor-element-1ef7f96 ot-flex-column-vertical\" data-id=\"1ef7f96\" data-element_type=\"column\" data-e-type=\"column\">\n\t\t\t<div class=\"elementor-widget-wrap elementor-element-populated\">\n\t\t\t\t\t\t<div class=\"elementor-element elementor-element-6618f8e elementor-widget elementor-widget-text-editor\" data-id=\"6618f8e\" data-element_type=\"widget\" data-e-type=\"widget\" data-widget_type=\"text-editor.default\">\n\t\t\t\t<div class=\"elementor-widget-container\">\n\t\t\t\t\t\t\t\t\t<p>Join our company of highly innovative people, who are passionate about what they do.<\/p>\t\t\t\t\t\t\t\t<\/div>\n\t\t\t\t<\/div>\n\t\t\t\t\t<\/div>\n\t\t<\/div>\n\t\t\t\t\t<\/div>\n\t\t<\/section>\n\t\t\t\t<section class=\"elementor-section elementor-top-section elementor-element elementor-element-5f46cbd4 ot-traditional elementor-section-boxed elementor-section-height-default elementor-section-height-default\" data-id=\"5f46cbd4\" data-element_type=\"section\" data-e-type=\"section\">\n\t\t\t\t\t\t<div class=\"elementor-container elementor-column-gap-default\">\n\t\t\t\t\t<div class=\"elementor-column elementor-col-100 elementor-top-column elementor-element elementor-element-66111973 ot-flex-column-vertical\" data-id=\"66111973\" data-element_type=\"column\" data-e-type=\"column\">\n\t\t\t<div class=\"elementor-widget-wrap elementor-element-populated\">\n\t\t\t\t\t\t<div class=\"elementor-element elementor-element-2b68b01b elementor-widget elementor-widget-shortcode\" data-id=\"2b68b01b\" data-element_type=\"widget\" data-e-type=\"widget\" data-widget_type=\"shortcode.default\">\n\t\t\t\t<div class=\"elementor-widget-container\">\n\t\t\t\t\t\t\t<div class=\"elementor-shortcode\">\t<div class=\"awsm-job-wrap\">\n\n\t\t<div class=\"awsm-filter-wrap\"><form action=\"https:\/\/spacebridge.com\/wp-admin\/admin-ajax.php\" method=\"POST\"><div class=\"awsm-filter-item-search\"><div class=\"awsm-filter-item-search-in\"><label for=\"awsm-jq-1\" class=\"awsm-sr-only\">Search<\/label><input type=\"text\" id=\"awsm-jq-1\" name=\"jq\" value=\"\" placeholder=\"Search\" class=\"awsm-job-search awsm-job-form-control\"><span class=\"awsm-job-search-btn awsm-job-search-icon-wrapper\"><i class=\"awsm-job-icon-search\"><\/i><\/span><span class=\"awsm-job-search-close-btn awsm-job-search-icon-wrapper awsm-job-hide\"><i class=\"awsm-job-icon-close-circle\"><\/i><\/span><\/div><\/div><a href=\"#\" class=\"awsm-filter-toggle\" role=\"button\" aria-pressed=\"false\"><span class=\"awsm-filter-toggle-text-wrapper awsm-sr-only\">Filter by<\/span><svg width=\"100\" height=\"100\" viewBox=\"0 0 100 100\" xmlns=\"http:\/\/www.w3.org\/2000\/svg\" version=\"1.1\" preserveAspectRatio=\"xMinYMin\"><path xmlns=\"http:\/\/www.w3.org\/2000\/svg\" fill=\"rgb(9.803922%,9.803922%,9.803922%)\" d=\"M 36.417969 19.9375 L 36.417969 17.265625 C 36.417969 16.160156 35.523438 15.265625 34.417969 15.265625 L 21.578125 15.265625 C 20.476562 15.265625 19.578125 16.160156 19.578125 17.265625 L 19.578125 19.9375 L 11 19.9375 L 11 26.9375 L 19.578125 26.9375 L 19.578125 30.105469 C 19.578125 31.210938 20.476562 32.105469 21.578125 32.105469 L 34.417969 32.105469 C 35.523438 32.105469 36.417969 31.210938 36.417969 30.105469 L 36.417969 26.9375 L 89 26.9375 L 89 19.9375 Z M 58.421875 43.578125 C 58.421875 42.476562 57.527344 41.578125 56.421875 41.578125 L 43.582031 41.578125 C 42.480469 41.578125 41.582031 42.476562 41.582031 43.578125 L 41.582031 46.5 L 11 46.5 L 11 53.5 L 41.582031 53.5 L 41.582031 56.421875 C 41.582031 57.527344 42.480469 58.421875 43.582031 58.421875 L 56.421875 58.421875 C 57.527344 58.421875 58.421875 57.527344 58.421875 56.421875 L 58.421875 53.5 L 89 53.5 L 89 46.5 L 58.421875 46.5 Z M 80.417969 70.140625 C 80.417969 69.035156 79.523438 68.140625 78.417969 68.140625 L 65.578125 68.140625 C 64.476562 68.140625 63.578125 69.035156 63.578125 70.140625 L 63.578125 73.0625 L 11 73.0625 L 11 80.0625 L 63.578125 80.0625 L 63.578125 82.984375 C 63.578125 84.085938 64.476562 84.984375 65.578125 84.984375 L 78.417969 84.984375 C 79.523438 84.984375 80.417969 84.085938 80.417969 82.984375 L 80.417969 80.0625 L 89 80.0625 L 89 73.0625 L 80.417969 73.0625 Z M 80.417969 70.140625\"\/><\/svg><\/a><div class=\"awsm-filter-items\"><div class=\"awsm-filter-item\" data-filter=\"job__category_spec\"><label for=\"awsm-job-category-filter-option-1\" class=\"awsm-sr-only\">All Job Category<\/label><select name=\"awsm_job_spec[job-category]\" class=\"awsm-filter-option awsm-job-category-filter-option\" id=\"awsm-job-category-filter-option-1\" aria-label=\"All Job Category\"><option value=\"\">All Job Category<\/option><option value=\"100\" data-slug=\"accounting\">accounting<\/option><option value=\"94\" data-slug=\"engineering\">engineering<\/option><option value=\"95\" data-slug=\"program-manager\">program manager<\/option><option value=\"174\" data-slug=\"sales\">sales<\/option><option value=\"101\" data-slug=\"system-engineering\">system engineering<\/option><option value=\"104\" data-slug=\"technician\">technician<\/option><\/select><\/div><div class=\"awsm-filter-item\" data-filter=\"job__type_spec\"><label for=\"awsm-job-type-filter-option-1\" class=\"awsm-sr-only\">All Job Type<\/label><select name=\"awsm_job_spec[job-type]\" class=\"awsm-filter-option awsm-job-type-filter-option\" id=\"awsm-job-type-filter-option-1\" aria-label=\"All Job Type\"><option value=\"\">All Job Type<\/option><option value=\"86\" data-slug=\"full-time\">Full Time<\/option><\/select><\/div><div class=\"awsm-filter-item\" data-filter=\"job__location_spec\"><label for=\"awsm-job-location-filter-option-1\" class=\"awsm-sr-only\">All Job Location<\/label><select name=\"awsm_job_spec[job-location]\" class=\"awsm-filter-option awsm-job-location-filter-option\" id=\"awsm-job-location-filter-option-1\" aria-label=\"All Job Location\"><option value=\"\">All Job Location<\/option><option value=\"110\" data-slug=\"montreal\">Montreal<\/option><\/select><\/div><\/div><input type=\"hidden\" name=\"action\" value=\"jobfilter\"><\/form><\/div>\n\t\t<div class=\"awsm-job-listings awsm-row awsm-grid-col-3\" data-listings=\"10\">\n\t\t\t\t\t<div class=\"awsm-job-listing-item awsm-grid-item\" id=\"awsm-grid-item-16543\">\t\t<a href=\"https:\/\/spacebridge.com\/fr\/jobs\/regional-director-of-sales-canada-government-dod-and-commercial\/\" class=\"awsm-job-item\">\t\t\t<div class=\"awsm-grid-left-col\">\n\t\t\t\t\n\t\t\t\t\n\t\t\t\t<h2 class=\"awsm-job-post-title\">\n\t\t\t\t\tRegional Director of Sales \u2013 Canada, Government, DoD and Commercial\t\t\t\t<\/h2>\n\n\t\t\t\t\t\t\t<\/div>\n\n\t\t\t<div class=\"awsm-grid-right-col\">\n\t\t\t\t<div class=\"awsm-job-specification-wrapper\"><div class=\"awsm-job-specification-item awsm-job-specification-job-category\"><span class=\"awsm-job-specification-term\">sales<\/span> <\/div><div class=\"awsm-job-specification-item awsm-job-specification-job-location\"><span class=\"awsm-job-specification-term\">Montreal<\/span> <\/div><\/div><div class=\"awsm-job-more-container\"><span class=\"awsm-job-more\">More Details <span><\/span><\/span><\/div>\t\t\t<\/div>\n\t\t<\/a>\t<\/div><div class=\"awsm-job-listing-item awsm-grid-item\" id=\"awsm-grid-item-16902\">\t\t<a href=\"https:\/\/spacebridge.com\/fr\/jobs\/accounts-payable-specialist\/\" class=\"awsm-job-item\">\t\t\t<div class=\"awsm-grid-left-col\">\n\t\t\t\t\n\t\t\t\t\n\t\t\t\t<h2 class=\"awsm-job-post-title\">\n\t\t\t\t\tAccounts Payable Specialist\t\t\t\t<\/h2>\n\n\t\t\t\t\t\t\t<\/div>\n\n\t\t\t<div class=\"awsm-grid-right-col\">\n\t\t\t\t<div class=\"awsm-job-specification-wrapper\"><div class=\"awsm-job-specification-item awsm-job-specification-job-category\"><span class=\"awsm-job-specification-term\">accounting<\/span> <\/div><div class=\"awsm-job-specification-item awsm-job-specification-job-location\"><span class=\"awsm-job-specification-term\">Montreal<\/span> <\/div><\/div><div class=\"awsm-job-more-container\"><span class=\"awsm-job-more\">More Details <span><\/span><\/span><\/div>\t\t\t<\/div>\n\t\t<\/a>\t<\/div><div class=\"awsm-job-listing-item awsm-grid-item\" id=\"awsm-grid-item-12874\">\t\t<a href=\"https:\/\/spacebridge.com\/fr\/jobs\/software-developer\/\" class=\"awsm-job-item\">\t\t\t<div class=\"awsm-grid-left-col\">\n\t\t\t\t\n\t\t\t\t\n\t\t\t\t<h2 class=\"awsm-job-post-title\">\n\t\t\t\t\tEmbedded Software Developer\t\t\t\t<\/h2>\n\n\t\t\t\t\t\t\t<\/div>\n\n\t\t\t<div class=\"awsm-grid-right-col\">\n\t\t\t\t<div class=\"awsm-job-specification-wrapper\"><div class=\"awsm-job-specification-item awsm-job-specification-job-category\"><span class=\"awsm-job-specification-term\">engineering<\/span> <\/div><div class=\"awsm-job-specification-item awsm-job-specification-job-location\"><span class=\"awsm-job-specification-term\">Montreal<\/span> <\/div><\/div><div class=\"awsm-job-more-container\"><span class=\"awsm-job-more\">More Details <span><\/span><\/span><\/div>\t\t\t<\/div>\n\t\t<\/a>\t<\/div><div class=\"awsm-job-listing-item awsm-grid-item\" id=\"awsm-grid-item-7042\">\t\t<a href=\"https:\/\/spacebridge.com\/fr\/jobs\/assembler-technician\/\" class=\"awsm-job-item\">\t\t\t<div class=\"awsm-grid-left-col\">\n\t\t\t\t\n\t\t\t\t\n\t\t\t\t<h2 class=\"awsm-job-post-title\">\n\t\t\t\t\tAssembler \/ Technician\t\t\t\t<\/h2>\n\n\t\t\t\t\t\t\t<\/div>\n\n\t\t\t<div class=\"awsm-grid-right-col\">\n\t\t\t\t<div class=\"awsm-job-specification-wrapper\"><div class=\"awsm-job-specification-item awsm-job-specification-job-category\"><span class=\"awsm-job-specification-term\">technician<\/span> <\/div><div class=\"awsm-job-specification-item awsm-job-specification-job-location\"><span class=\"awsm-job-specification-term\">Montreal<\/span> <\/div><\/div><div class=\"awsm-job-more-container\"><span class=\"awsm-job-more\">More Details <span><\/span><\/span><\/div>\t\t\t<\/div>\n\t\t<\/a>\t<\/div><div class=\"awsm-job-listing-item awsm-grid-item\" id=\"awsm-grid-item-9456\">\t\t<a href=\"https:\/\/spacebridge.com\/fr\/jobs\/pso-engineering\/\" class=\"awsm-job-item\">\t\t\t<div class=\"awsm-grid-left-col\">\n\t\t\t\t\n\t\t\t\t\n\t\t\t\t<h2 class=\"awsm-job-post-title\">\n\t\t\t\t\tProfessional Service Engineering Specialist\t\t\t\t<\/h2>\n\n\t\t\t\t\t\t\t<\/div>\n\n\t\t\t<div class=\"awsm-grid-right-col\">\n\t\t\t\t<div class=\"awsm-job-specification-wrapper\"><div class=\"awsm-job-specification-item awsm-job-specification-job-category\"><span class=\"awsm-job-specification-term\">engineering<\/span> <\/div><div class=\"awsm-job-specification-item awsm-job-specification-job-location\"><span class=\"awsm-job-specification-term\">Montreal<\/span> <\/div><\/div><div class=\"awsm-job-more-container\"><span class=\"awsm-job-more\">More Details <span><\/span><\/span><\/div>\t\t\t<\/div>\n\t\t<\/a>\t<\/div><div class=\"awsm-job-listing-item awsm-grid-item\" id=\"awsm-grid-item-13712\">\t\t<a href=\"https:\/\/spacebridge.com\/fr\/jobs\/verification-and-validation-specialist-2\/\" class=\"awsm-job-item\">\t\t\t<div class=\"awsm-grid-left-col\">\n\t\t\t\t\n\t\t\t\t\n\t\t\t\t<h2 class=\"awsm-job-post-title\">\n\t\t\t\t\tVerification and Validation Specialist\t\t\t\t<\/h2>\n\n\t\t\t\t\t\t\t<\/div>\n\n\t\t\t<div class=\"awsm-grid-right-col\">\n\t\t\t\t<div class=\"awsm-job-specification-wrapper\"><div class=\"awsm-job-specification-item awsm-job-specification-job-category\"><span class=\"awsm-job-specification-term\">engineering<\/span> <\/div><div class=\"awsm-job-specification-item awsm-job-specification-job-location\"><span class=\"awsm-job-specification-term\">Montreal<\/span> <\/div><\/div><div class=\"awsm-job-more-container\"><span class=\"awsm-job-more\">More Details <span><\/span><\/span><\/div>\t\t\t<\/div>\n\t\t<\/a>\t<\/div><div class=\"awsm-job-listing-item awsm-grid-item\" id=\"awsm-grid-item-11818\">\t\t<a href=\"https:\/\/spacebridge.com\/fr\/jobs\/pre-sales-engineering\/\" class=\"awsm-job-item\">\t\t\t<div class=\"awsm-grid-left-col\">\n\t\t\t\t\n\t\t\t\t\n\t\t\t\t<h2 class=\"awsm-job-post-title\">\n\t\t\t\t\tPre-Sales Engineering\t\t\t\t<\/h2>\n\n\t\t\t\t\t\t\t<\/div>\n\n\t\t\t<div class=\"awsm-grid-right-col\">\n\t\t\t\t<div class=\"awsm-job-specification-wrapper\"><div class=\"awsm-job-specification-item awsm-job-specification-job-category\"><span class=\"awsm-job-specification-term\">engineering<\/span> <span class=\"awsm-job-specification-term\">sales<\/span> <\/div><div class=\"awsm-job-specification-item awsm-job-specification-job-location\"><span class=\"awsm-job-specification-term\">Montreal<\/span> <\/div><\/div><div class=\"awsm-job-more-container\"><span class=\"awsm-job-more\">More Details <span><\/span><\/span><\/div>\t\t\t<\/div>\n\t\t<\/a>\t<\/div><div class=\"awsm-job-listing-item awsm-grid-item\" id=\"awsm-grid-item-16724\">\t\t<a href=\"https:\/\/spacebridge.com\/fr\/jobs\/systems-engineering-specialist\/\" class=\"awsm-job-item\">\t\t\t<div class=\"awsm-grid-left-col\">\n\t\t\t\t\n\t\t\t\t\n\t\t\t\t<h2 class=\"awsm-job-post-title\">\n\t\t\t\t\tSystems Engineering Specialist\t\t\t\t<\/h2>\n\n\t\t\t\t\t\t\t<\/div>\n\n\t\t\t<div class=\"awsm-grid-right-col\">\n\t\t\t\t<div class=\"awsm-job-specification-wrapper\"><div class=\"awsm-job-specification-item awsm-job-specification-job-category\"><span class=\"awsm-job-specification-term\">system engineering<\/span> <\/div><div class=\"awsm-job-specification-item awsm-job-specification-job-location\"><span class=\"awsm-job-specification-term\">Montreal<\/span> <\/div><\/div><div class=\"awsm-job-more-container\"><span class=\"awsm-job-more\">More Details <span><\/span><\/span><\/div>\t\t\t<\/div>\n\t\t<\/a>\t<\/div><div class=\"awsm-job-listing-item awsm-grid-item\" id=\"awsm-grid-item-12995\">\t\t<a href=\"https:\/\/spacebridge.com\/fr\/jobs\/project-manager\/\" class=\"awsm-job-item\">\t\t\t<div class=\"awsm-grid-left-col\">\n\t\t\t\t\n\t\t\t\t\n\t\t\t\t<h2 class=\"awsm-job-post-title\">\n\t\t\t\t\tProject Manager &#8211; Commercial\t\t\t\t<\/h2>\n\n\t\t\t\t\t\t\t<\/div>\n\n\t\t\t<div class=\"awsm-grid-right-col\">\n\t\t\t\t<div class=\"awsm-job-specification-wrapper\"><div class=\"awsm-job-specification-item awsm-job-specification-job-category\"><span class=\"awsm-job-specification-term\">program manager<\/span> <\/div><div class=\"awsm-job-specification-item awsm-job-specification-job-location\"><span class=\"awsm-job-specification-term\">Montreal<\/span> <\/div><\/div><div class=\"awsm-job-more-container\"><span class=\"awsm-job-more\">More Details <span><\/span><\/span><\/div>\t\t\t<\/div>\n\t\t<\/a>\t<\/div>\t\t\t\t<\/div>\n\t<\/div>\n<\/div>\n\t\t\t\t\t\t<\/div>\n\t\t\t\t<\/div>\n\t\t\t\t\t<\/div>\n\t\t<\/div>\n\t\t\t\t\t<\/div>\n\t\t<\/section>\n\t\t\t\t<\/div>\n\t\t","protected":false},"excerpt":{"rendered":"<p>Rejoignez notre entreprise compos\u00e9e de personnes tr\u00e8s innovantes et passionn\u00e9es par ce qu'elles font.<\/p>","protected":false},"author":13,"featured_media":5815,"parent":0,"menu_order":0,"comment_status":"closed","ping_status":"closed","template":"","meta":{"_acf_changed":false,"footnotes":""},"class_list":["post-6741","page","type-page","status-publish","has-post-thumbnail","hentry"],"acf":[],"yoast_head":"<!-- This site is optimized with the Yoast SEO plugin v27.3 - https:\/\/yoast.com\/product\/yoast-seo-wordpress\/ -->\n<title>Careers - Spacebridge Inc.<\/title>\n<meta name=\"description\" content=\"Discover the careers that SpaceBridge has for you. See how the right connection can be for your professional growth.\" \/>\n<meta name=\"robots\" content=\"index, follow, max-snippet:-1, max-image-preview:large, max-video-preview:-1\" \/>\n<link rel=\"canonical\" href=\"https:\/\/spacebridge.com\/fr\/job-openings\/\" \/>\n<meta property=\"og:locale\" content=\"fr_FR\" \/>\n<meta property=\"og:type\" content=\"article\" \/>\n<meta property=\"og:title\" content=\"Careers - Spacebridge Inc.\" \/>\n<meta property=\"og:description\" content=\"Discover the careers that SpaceBridge has for you. See how the right connection can be for your professional growth.\" \/>\n<meta property=\"og:url\" content=\"https:\/\/spacebridge.com\/fr\/job-openings\/\" \/>\n<meta property=\"og:site_name\" content=\"Spacebridge Inc.\" \/>\n<meta property=\"article:modified_time\" content=\"2024-09-12T14:18:25+00:00\" \/>\n<meta property=\"og:image\" content=\"https:\/\/spacebridge.com\/wp-content\/uploads\/2022\/02\/contact-us-pic-scaled-e1644591501169.gif\" \/>\n\t<meta property=\"og:image:width\" content=\"2560\" \/>\n\t<meta property=\"og:image:height\" content=\"1010\" \/>\n\t<meta property=\"og:image:type\" content=\"image\/gif\" \/>\n<meta name=\"twitter:card\" content=\"summary_large_image\" \/>\n<meta name=\"twitter:label1\" content=\"Dur\u00e9e de lecture estim\u00e9e\" \/>\n\t<meta name=\"twitter:data1\" content=\"1 minute\" \/>\n<script type=\"application\/ld+json\" class=\"yoast-schema-graph\">{\"@context\":\"https:\\\/\\\/schema.org\",\"@graph\":[{\"@type\":\"WebPage\",\"@id\":\"https:\\\/\\\/spacebridge.com\\\/job-openings\\\/\",\"url\":\"https:\\\/\\\/spacebridge.com\\\/job-openings\\\/\",\"name\":\"Careers - Spacebridge Inc.\",\"isPartOf\":{\"@id\":\"https:\\\/\\\/spacebridge.com\\\/#website\"},\"primaryImageOfPage\":{\"@id\":\"https:\\\/\\\/spacebridge.com\\\/job-openings\\\/#primaryimage\"},\"image\":{\"@id\":\"https:\\\/\\\/spacebridge.com\\\/job-openings\\\/#primaryimage\"},\"thumbnailUrl\":\"https:\\\/\\\/spacebridge.com\\\/wp-content\\\/uploads\\\/2022\\\/02\\\/contact-us-pic-scaled-e1644591501169.gif\",\"datePublished\":\"2022-03-02T21:24:55+00:00\",\"dateModified\":\"2024-09-12T14:18:25+00:00\",\"description\":\"Discover the careers that SpaceBridge has for you. See how the right connection can be for your professional growth.\",\"breadcrumb\":{\"@id\":\"https:\\\/\\\/spacebridge.com\\\/job-openings\\\/#breadcrumb\"},\"inLanguage\":\"fr-FR\",\"potentialAction\":[{\"@type\":\"ReadAction\",\"target\":[\"https:\\\/\\\/spacebridge.com\\\/job-openings\\\/\"]}]},{\"@type\":\"ImageObject\",\"inLanguage\":\"fr-FR\",\"@id\":\"https:\\\/\\\/spacebridge.com\\\/job-openings\\\/#primaryimage\",\"url\":\"https:\\\/\\\/spacebridge.com\\\/wp-content\\\/uploads\\\/2022\\\/02\\\/contact-us-pic-scaled-e1644591501169.gif\",\"contentUrl\":\"https:\\\/\\\/spacebridge.com\\\/wp-content\\\/uploads\\\/2022\\\/02\\\/contact-us-pic-scaled-e1644591501169.gif\",\"width\":1920,\"height\":758,\"caption\":\"careers\"},{\"@type\":\"BreadcrumbList\",\"@id\":\"https:\\\/\\\/spacebridge.com\\\/job-openings\\\/#breadcrumb\",\"itemListElement\":[{\"@type\":\"ListItem\",\"position\":1,\"name\":\"Home\",\"item\":\"https:\\\/\\\/spacebridge.com\\\/\"},{\"@type\":\"ListItem\",\"position\":2,\"name\":\"Careers\"}]},{\"@type\":\"WebSite\",\"@id\":\"https:\\\/\\\/spacebridge.com\\\/#website\",\"url\":\"https:\\\/\\\/spacebridge.com\\\/\",\"name\":\"Spacebridge Inc.\",\"description\":\"Broadband Satellite Communications Systems\",\"publisher\":{\"@id\":\"https:\\\/\\\/spacebridge.com\\\/#organization\"},\"potentialAction\":[{\"@type\":\"SearchAction\",\"target\":{\"@type\":\"EntryPoint\",\"urlTemplate\":\"https:\\\/\\\/spacebridge.com\\\/?s={search_term_string}\"},\"query-input\":{\"@type\":\"PropertyValueSpecification\",\"valueRequired\":true,\"valueName\":\"search_term_string\"}}],\"inLanguage\":\"fr-FR\"},{\"@type\":\"Organization\",\"@id\":\"https:\\\/\\\/spacebridge.com\\\/#organization\",\"name\":\"SpaceBridge Inc.\",\"url\":\"https:\\\/\\\/spacebridge.com\\\/\",\"logo\":{\"@type\":\"ImageObject\",\"inLanguage\":\"fr-FR\",\"@id\":\"https:\\\/\\\/spacebridge.com\\\/#\\\/schema\\\/logo\\\/image\\\/\",\"url\":\"https:\\\/\\\/spacebridge.com\\\/wp-content\\\/uploads\\\/2024\\\/02\\\/SpaceBridge-logo-no-tagline-full-color-on-white-or-blue.png\",\"contentUrl\":\"https:\\\/\\\/spacebridge.com\\\/wp-content\\\/uploads\\\/2024\\\/02\\\/SpaceBridge-logo-no-tagline-full-color-on-white-or-blue.png\",\"width\":1474,\"height\":730,\"caption\":\"SpaceBridge Inc.\"},\"image\":{\"@id\":\"https:\\\/\\\/spacebridge.com\\\/#\\\/schema\\\/logo\\\/image\\\/\"},\"sameAs\":[\"https:\\\/\\\/www.linkedin.com\\\/company\\\/spacebridgeinc\\\/\"]}]}<\/script>\n<!-- \/ Yoast SEO plugin. -->","yoast_head_json":{"title":"Careers - Spacebridge Inc.","description":"Discover the careers that SpaceBridge has for you. See how the right connection can be for your professional growth.","robots":{"index":"index","follow":"follow","max-snippet":"max-snippet:-1","max-image-preview":"max-image-preview:large","max-video-preview":"max-video-preview:-1"},"canonical":"https:\/\/spacebridge.com\/fr\/job-openings\/","og_locale":"fr_FR","og_type":"article","og_title":"Careers - Spacebridge Inc.","og_description":"Discover the careers that SpaceBridge has for you. See how the right connection can be for your professional growth.","og_url":"https:\/\/spacebridge.com\/fr\/job-openings\/","og_site_name":"Spacebridge Inc.","article_modified_time":"2024-09-12T14:18:25+00:00","og_image":[{"width":2560,"height":1010,"url":"https:\/\/spacebridge.com\/wp-content\/uploads\/2022\/02\/contact-us-pic-scaled-e1644591501169.gif","type":"image\/gif"}],"twitter_card":"summary_large_image","twitter_misc":{"Dur\u00e9e de lecture estim\u00e9e":"1 minute"},"schema":{"@context":"https:\/\/schema.org","@graph":[{"@type":"WebPage","@id":"https:\/\/spacebridge.com\/job-openings\/","url":"https:\/\/spacebridge.com\/job-openings\/","name":"Careers - Spacebridge Inc.","isPartOf":{"@id":"https:\/\/spacebridge.com\/#website"},"primaryImageOfPage":{"@id":"https:\/\/spacebridge.com\/job-openings\/#primaryimage"},"image":{"@id":"https:\/\/spacebridge.com\/job-openings\/#primaryimage"},"thumbnailUrl":"https:\/\/spacebridge.com\/wp-content\/uploads\/2022\/02\/contact-us-pic-scaled-e1644591501169.gif","datePublished":"2022-03-02T21:24:55+00:00","dateModified":"2024-09-12T14:18:25+00:00","description":"Discover the careers that SpaceBridge has for you. See how the right connection can be for your professional growth.","breadcrumb":{"@id":"https:\/\/spacebridge.com\/job-openings\/#breadcrumb"},"inLanguage":"fr-FR","potentialAction":[{"@type":"ReadAction","target":["https:\/\/spacebridge.com\/job-openings\/"]}]},{"@type":"ImageObject","inLanguage":"fr-FR","@id":"https:\/\/spacebridge.com\/job-openings\/#primaryimage","url":"https:\/\/spacebridge.com\/wp-content\/uploads\/2022\/02\/contact-us-pic-scaled-e1644591501169.gif","contentUrl":"https:\/\/spacebridge.com\/wp-content\/uploads\/2022\/02\/contact-us-pic-scaled-e1644591501169.gif","width":1920,"height":758,"caption":"careers"},{"@type":"BreadcrumbList","@id":"https:\/\/spacebridge.com\/job-openings\/#breadcrumb","itemListElement":[{"@type":"ListItem","position":1,"name":"Home","item":"https:\/\/spacebridge.com\/"},{"@type":"ListItem","position":2,"name":"Careers"}]},{"@type":"WebSite","@id":"https:\/\/spacebridge.com\/#website","url":"https:\/\/spacebridge.com\/","name":"Spacebridge Inc.","description":"Broadband Satellite Communications Systems","publisher":{"@id":"https:\/\/spacebridge.com\/#organization"},"potentialAction":[{"@type":"SearchAction","target":{"@type":"EntryPoint","urlTemplate":"https:\/\/spacebridge.com\/?s={search_term_string}"},"query-input":{"@type":"PropertyValueSpecification","valueRequired":true,"valueName":"search_term_string"}}],"inLanguage":"fr-FR"},{"@type":"Organization","@id":"https:\/\/spacebridge.com\/#organization","name":"SpaceBridge Inc.","url":"https:\/\/spacebridge.com\/","logo":{"@type":"ImageObject","inLanguage":"fr-FR","@id":"https:\/\/spacebridge.com\/#\/schema\/logo\/image\/","url":"https:\/\/spacebridge.com\/wp-content\/uploads\/2024\/02\/SpaceBridge-logo-no-tagline-full-color-on-white-or-blue.png","contentUrl":"https:\/\/spacebridge.com\/wp-content\/uploads\/2024\/02\/SpaceBridge-logo-no-tagline-full-color-on-white-or-blue.png","width":1474,"height":730,"caption":"SpaceBridge Inc."},"image":{"@id":"https:\/\/spacebridge.com\/#\/schema\/logo\/image\/"},"sameAs":["https:\/\/www.linkedin.com\/company\/spacebridgeinc\/"]}]}},"_links":{"self":[{"href":"https:\/\/spacebridge.com\/fr\/wp-json\/wp\/v2\/pages\/6741","targetHints":{"allow":["GET"]}}],"collection":[{"href":"https:\/\/spacebridge.com\/fr\/wp-json\/wp\/v2\/pages"}],"about":[{"href":"https:\/\/spacebridge.com\/fr\/wp-json\/wp\/v2\/types\/page"}],"author":[{"embeddable":true,"href":"https:\/\/spacebridge.com\/fr\/wp-json\/wp\/v2\/users\/13"}],"replies":[{"embeddable":true,"href":"https:\/\/spacebridge.com\/fr\/wp-json\/wp\/v2\/comments?post=6741"}],"version-history":[{"count":10,"href":"https:\/\/spacebridge.com\/fr\/wp-json\/wp\/v2\/pages\/6741\/revisions"}],"predecessor-version":[{"id":9131,"href":"https:\/\/spacebridge.com\/fr\/wp-json\/wp\/v2\/pages\/6741\/revisions\/9131"}],"wp:featuredmedia":[{"embeddable":true,"href":"https:\/\/spacebridge.com\/fr\/wp-json\/wp\/v2\/media\/5815"}],"wp:attachment":[{"href":"https:\/\/spacebridge.com\/fr\/wp-json\/wp\/v2\/media?parent=6741"}],"curies":[{"name":"wp","href":"https:\/\/api.w.org\/{rel}","templated":true}]}}