{"id":6736,"date":"2022-03-02T21:20:02","date_gmt":"2022-03-02T21:20:02","guid":{"rendered":"https:\/\/spacebridge.com\/?page_id=6736"},"modified":"2024-09-13T15:12:05","modified_gmt":"2024-09-13T15:12:05","slug":"deployed-arena-and-blos","status":"publish","type":"page","link":"https:\/\/spacebridge.com\/fr\/deployed-arena-and-blos\/","title":{"rendered":"D\u00e9ploiement de l'ar\u00e8ne et du BLOS"},"content":{"rendered":"<div data-elementor-type=\"wp-page\" data-elementor-id=\"6736\" class=\"elementor elementor-6736\" data-elementor-post-type=\"page\">\n\t\t\t\t\t\t<section class=\"elementor-section elementor-top-section elementor-element elementor-element-2168537 ot-traditional elementor-section-boxed elementor-section-height-default elementor-section-height-default\" data-id=\"2168537\" data-element_type=\"section\" data-e-type=\"section\">\n\t\t\t\t\t\t<div class=\"elementor-container elementor-column-gap-default\">\n\t\t\t\t\t<div class=\"elementor-column elementor-col-100 elementor-top-column elementor-element elementor-element-ce33ac5 ot-flex-column-vertical\" data-id=\"ce33ac5\" data-element_type=\"column\" data-e-type=\"column\">\n\t\t\t<div class=\"elementor-widget-wrap elementor-element-populated\">\n\t\t\t\t\t\t<div class=\"elementor-element elementor-element-1afd7a4 elementor-widget elementor-widget-text-editor\" data-id=\"1afd7a4\" data-element_type=\"widget\" data-e-type=\"widget\" data-widget_type=\"text-editor.default\">\n\t\t\t\t<div class=\"elementor-widget-container\">\n\t\t\t\t\t\t\t\t\t<p>Les communications tactiques au-del\u00e0 de la visibilit\u00e9 directe (Beyond Line-of-Sight, BLoS) entre les troupes sur le champ de bataille et les centres de commandement et de contr\u00f4le n\u00e9cessitent une communication par satellite costante et directe. En fait, les types de terminaux SATCOMs peuvent aller des VSAT fixes qui se d\u00e9placent avec un poste de commandement aux terminaux SATCOMS On-the-Move (SOTM) mont\u00e9s sur v\u00e9hicule, en passant par les terminaux satellites mobiles l\u00e9gers et les \"Manpacks\". Les Manpacks peuvent \u00eatre facilement et automatiquement mis en place en quelques minutes sur la pause (OTP) pour soutenir l'avanc\u00e9e des troupes.<\/p>\n<p>En outre, les liaisons par satellite destin\u00e9es aux troupes en mouvement et aux r\u00e9seaux des combattants doivent \u00eatre fiables, r\u00e9silientes, robustes et r\u00e9sistantes. Qu'il s'agisse de fournir des communications voix\/donn\u00e9es\/vid\u00e9o de haute qualit\u00e9, d'envoyer des renseignements et des listes de cibles, ou de mettre \u00e0 jour des cartes de connaissance de la situation en temps r\u00e9el pour \u00e9viter les tirs amis, la communication est essentielle.<\/p>\n<p>Consequently, the SpaceBridge\u00a0U7800\u00a0modem\u00a0is an ideal solution for diverse operational mission requirements, working both in Hub-and-Spoke MF-TDMA, as well as SCPC network configurations. SpaceBridge technology powers Star and Mesh two-way communication through the same platform giving organizations the flexibility to maximize bandwidth where and when needed.<\/p>\n<p>Therefore, Spacebridge solutions have been designed to provide minimum latency, the Highest Quality of Service (QoS), and the adaptability to meet requirements for protected, rapid, and real-time access to the information warfighters need in the field.\u00a0 In addition, embedded solutions for Transmission Security (TRANSEC) and Advanced Encryption Standards (AES) protect data\/voice\/video traffic in our Military products.<\/p>\n<h5>Communications militaires mobiles terrestres par satellite<\/h5>\n<p>En outre, les r\u00e9seaux de communication SATCOM militaires terrestres mobiles, en mouvement (OTM) et en pause (OTP), servent un large \u00e9ventail de missions n\u00e9cessitant des communications BLoS (Au-del\u00e0 de la ligne de vis\u00e9e) de haute capacit\u00e9, rapidement d\u00e9ployables, transportables et mobiles.<\/p>\n<p>\u00a0 Les applications comprennent :<\/p>\n<ul>\n<li>Bande passante s\u00e9curis\u00e9e pour le commandement, le contr\u00f4le et les communications (C3) au-del\u00e0 des lignes ennemies, de l'int\u00e9rieur du th\u00e9\u00e2tre d'op\u00e9rations \u00e0 un QG arri\u00e8re, ou \u00e0 un commandement du pays d'origine.<\/li>\n<li>Communications mont\u00e9es sur v\u00e9hicule<\/li>\n<li>Postes de commandement et bataillons d\u00e9ploy\u00e9s sur le champ de bataille<\/li>\n<li>S\u00e9curit\u00e9 et surveillance<\/li>\n<li>Communication tactique des forces sp\u00e9ciales, des unit\u00e9s d'\u00e9lite ou des troupes de terrain \u00e0 l'aide de petits Manpacks satellites pour des liaisons OTP (On-the-Pause) \u00e0 d\u00e9ploiement rapide.<\/li>\n<\/ul>\n<h5>SATCOM On-the-Move \/ On-the-Pause Routeur VSAT ext\u00e9rieur de qualit\u00e9 militaire<\/h5>\n<p>En outre, pour les besoins de l'OTM et de l'OTP sur le terrain militaire, le\u00a0<strong>U7800 - Modem satellite \u00e0 double forme d&#039;onde du syst\u00e8me autonome \/ ASAT \u2122<\/strong>\u00a0is a unique solution designed to meet intense demands in the field. Ultimate Series VSAT supports point-to-point SCPC connectivity. It also includes hub-spoke RCS MF-TDMA, ASCPC\u2122, and SCPC including optional mesh overlay connectivity. Therefore, offering Government-grade encryption, VLAN and IPSec VPN,\u00a0 a wide range transmit and receive range Direct Sequence Spread Spectrum (DSSS), and built-in OpenAMIP for SOTM antenna interoperability are just some of the features of this unit.<\/p>\n<p>Mobile bandwidth requirements can dramatically surge, and vary from the moment and the location.\u00a0 SpaceBridge WaveSwitch\u2122 technology offers unique advantages for Military SOTM networks. With WaveSwitch\u2122, satellite modems dynamically adjust bandwidth and waveform selection to meet changing traffic priorities and tactical environments. In this matter, organizations can optimize and maximize their available satellite resources and efficiency according to changing requirements. Additionally, real-time waveform switching provides real savings on a per-site, and network-wide basis. In fact, this is done for applications seeing drastic traffic density changes such as video contribution and trunks.<\/p>\n<p>Depending on the terrain and other factors, earth-to-space satellite links can be less subject to enemy interference than portable terrestrial radio\/wireless links.\u00a0 Therefore, WaveSwitch<sup>TM<\/sup>\u00a0commutation \u00e0 la vol\u00e9e ajoute un potentiel suppl\u00e9mentaire pour att\u00e9nuer le risque de brouillage et d'interception.<\/p>\t\t\t\t\t\t\t\t<\/div>\n\t\t\t\t<\/div>\n\t\t\t\t\t<\/div>\n\t\t<\/div>\n\t\t\t\t\t<\/div>\n\t\t<\/section>\n\t\t\t\t<section class=\"elementor-section elementor-top-section elementor-element elementor-element-537e93a ot-traditional elementor-section-boxed elementor-section-height-default elementor-section-height-default\" data-id=\"537e93a\" data-element_type=\"section\" data-e-type=\"section\">\n\t\t\t\t\t\t<div class=\"elementor-container elementor-column-gap-default\">\n\t\t\t\t\t<div class=\"elementor-column elementor-col-100 elementor-top-column elementor-element elementor-element-a6a328f ot-flex-column-vertical\" data-id=\"a6a328f\" data-element_type=\"column\" data-e-type=\"column\">\n\t\t\t<div class=\"elementor-widget-wrap elementor-element-populated\">\n\t\t\t\t\t\t<div class=\"elementor-element elementor-element-2d6847b elementor-widget elementor-widget-heading\" data-id=\"2d6847b\" data-element_type=\"widget\" data-e-type=\"widget\" data-widget_type=\"heading.default\">\n\t\t\t\t<div class=\"elementor-widget-container\">\n\t\t\t\t\t<h4 class=\"elementor-heading-title elementor-size-default\">Ressources Connexes<\/h4>\t\t\t\t<\/div>\n\t\t\t\t<\/div>\n\t\t\t\t<div class=\"elementor-element elementor-element-baab786 related-resources-acc elementor-widget elementor-widget-iaccordions\" data-id=\"baab786\" data-element_type=\"widget\" data-e-type=\"widget\" data-widget_type=\"iaccordions.default\">\n\t\t\t\t<div class=\"elementor-widget-container\">\n\t\t\t\t\t\r\n\t\t<div class=\"ot-accordions\">\r\n\t\t\t\t\t\t<div class=\"acc-item\">\r\n\t\t\t\t<span class=\"acc-toggle\">Fiches Techniques <i class=\"down flaticon-download-arrow\"><\/i><i class=\"up flaticon-up-arrow\"><\/i><\/span>\r\n\t\t\t\t<div class=\"acc-content\">\r\n\t\t\t\t\t<p><a href=\"https:\/\/spacebridge.com\/wp-content\/uploads\/2023\/03\/PB-SBM90X-20230313-1-1.pdf\">SBM-90X Modem \u00e0 large bande GEO\/LEO\/MEO SCPC\/MCPC<\/a><\/p><p><a href=\"https:\/\/spacebridge.com\/wp-content\/uploads\/2022\/02\/9.-Datasheet-U7780.pdf\">U7720 \u2013 Modem\/router satellite r\u00e9seau hautes performances<\/a><\/p>\t\t\t\t<\/div>\r\n\t\t\t<\/div>\r\n\t\t\t\t\t\t<div class=\"acc-item\">\r\n\t\t\t\t<span class=\"acc-toggle\">D\u00e9pliants <i class=\"down flaticon-download-arrow\"><\/i><i class=\"up flaticon-up-arrow\"><\/i><\/span>\r\n\t\t\t\t<div class=\"acc-content\">\r\n\t\t\t\t\t<p><a href=\"https:\/\/spacebridge.com\/wp-content\/uploads\/2022\/04\/PB-SATCOMMOBILITY-AN-006-21060-fr.pdf\">Description de la solution des communications par satellite en mouvement<\/a><\/p><p><a href=\"https:\/\/spacebridge.com\/wp-content\/uploads\/2022\/04\/PB-ASAT-SYSTEM-BR-007-22020-fr.pdf\">Brochure du syst\u00e8me ASAT<\/a><\/p><p><a href=\"https:\/\/spacebridge.com\/wp-content\/uploads\/2022\/04\/PB-ASAT-CBH-AN-007-21236-1-fr.pdf\">Description de la solution de liaisons de retour cellulaires<\/a><\/p>\t\t\t\t<\/div>\r\n\t\t\t<\/div>\r\n\t\t\t\t\t\t<div class=\"acc-item\">\r\n\t\t\t\t<span class=\"acc-toggle\">Livres Blancs <i class=\"down flaticon-download-arrow\"><\/i><i class=\"up flaticon-up-arrow\"><\/i><\/span>\r\n\t\t\t\t<div class=\"acc-content\">\r\n\t\t\t\t\t<p><a href=\"https:\/\/spacebridge.com\/wp-content\/uploads\/2022\/04\/PB-WAVESWITCH-WP-003-22020-1-fr.pdf\">Livre blanc WaveSwitch<\/a><\/p><p><a href=\"https:\/\/spacebridge.com\/wp-content\/uploads\/2022\/06\/Government-Defense-and-Home-Land-Security-White-Paper.fr_.pdf\">Livre blanc sur la s\u00e9curit\u00e9 du gouvernement et de la d\u00e9fense<\/a><\/p>\t\t\t\t<\/div>\r\n\t\t\t<\/div>\r\n\t\t\t\t\t\t<div class=\"acc-item\">\r\n\t\t\t\t<span class=\"acc-toggle\">Histoires de Succ\u00e8s <i class=\"down flaticon-download-arrow\"><\/i><i class=\"up flaticon-up-arrow\"><\/i><\/span>\r\n\t\t\t\t<div class=\"acc-content\">\r\n\t\t\t\t\t<p><a href=\"https:\/\/spacebridge.com\/wp-content\/uploads\/2022\/04\/Indonesian-Navy-21060-fr.pdf\">Marine indon\u00e9sienne - Histoire d'une r\u00e9ussite<\/a><\/p><p><a href=\"https:\/\/spacebridge.com\/wp-content\/uploads\/2022\/04\/Columbia-Aviation-21060-fr.pdf\">A\u00e9roports de Colombie - Histoire d'une r\u00e9ussite<\/a><\/p><p><a href=\"https:\/\/spacebridge.com\/wp-content\/uploads\/2022\/04\/China-SOA-21060-fr.pdf\">China SOA - Histoire d'une r\u00e9ussite<\/a><\/p><p><a href=\"https:\/\/spacebridge.com\/wp-content\/uploads\/2022\/04\/Omansat-Success-Story-1-2-fr.pdf\">Omansat - Histoire d'une r\u00e9ussite<\/a><\/p>\t\t\t\t<\/div>\r\n\t\t\t<\/div>\r\n\t\t\t\t    <\/div>\r\n\r\n\t    \t\t\t\t<\/div>\n\t\t\t\t<\/div>\n\t\t\t\t\t<\/div>\n\t\t<\/div>\n\t\t\t\t\t<\/div>\n\t\t<\/section>\n\t\t\t\t<\/div>","protected":false},"excerpt":{"rendered":"<p>Beyond Line-of-Sight (BLoS) tactical communications between troops on the battlefield and Command and Control Centers require a costant and direct satellite communication. In fact, SATCOMs terminal types can range from [&hellip;]<\/p>\n","protected":false},"author":13,"featured_media":0,"parent":0,"menu_order":0,"comment_status":"closed","ping_status":"closed","template":"","meta":{"_acf_changed":false,"footnotes":""},"class_list":["post-6736","page","type-page","status-publish","hentry"],"acf":[],"yoast_head":"<!-- This site is optimized with the Yoast SEO plugin v27.5 - https:\/\/yoast.com\/product\/yoast-seo-wordpress\/ -->\n<title>Deployed Arena and BLOS - Spacebridge Inc.<\/title>\n<meta name=\"description\" content=\"Satellite Communications can be critical for direct and constant Beyond Line-of-Sight (BLoS) tactical communications between troops on battlefield.\" \/>\n<meta name=\"robots\" content=\"index, follow, max-snippet:-1, max-image-preview:large, max-video-preview:-1\" \/>\n<link rel=\"canonical\" href=\"https:\/\/spacebridge.com\/fr\/deployed-arena-and-blos\/\" \/>\n<meta property=\"og:locale\" content=\"fr_FR\" \/>\n<meta property=\"og:type\" content=\"article\" \/>\n<meta property=\"og:title\" content=\"Deployed Arena and BLOS - Spacebridge Inc.\" \/>\n<meta property=\"og:description\" content=\"Satellite Communications can be critical for direct and constant Beyond Line-of-Sight (BLoS) tactical communications between troops on battlefield.\" \/>\n<meta property=\"og:url\" content=\"https:\/\/spacebridge.com\/fr\/deployed-arena-and-blos\/\" \/>\n<meta property=\"og:site_name\" content=\"Spacebridge Inc.\" \/>\n<meta property=\"article:modified_time\" content=\"2024-09-13T15:12:05+00:00\" \/>\n<meta property=\"og:image\" content=\"https:\/\/spacebridge.com\/wp-content\/uploads\/2024\/02\/SpaceBridge-logo-no-tagline-full-color-on-white-or-blue.png\" \/>\n\t<meta property=\"og:image:width\" content=\"1474\" \/>\n\t<meta property=\"og:image:height\" content=\"730\" \/>\n\t<meta property=\"og:image:type\" content=\"image\/png\" \/>\n<meta name=\"twitter:card\" content=\"summary_large_image\" \/>\n<meta name=\"twitter:label1\" content=\"Dur\u00e9e de lecture estim\u00e9e\" \/>\n\t<meta name=\"twitter:data1\" content=\"3 minutes\" \/>\n<script type=\"application\/ld+json\" class=\"yoast-schema-graph\">{\"@context\":\"https:\\\/\\\/schema.org\",\"@graph\":[{\"@type\":\"WebPage\",\"@id\":\"https:\\\/\\\/spacebridge.com\\\/deployed-arena-and-blos\\\/\",\"url\":\"https:\\\/\\\/spacebridge.com\\\/deployed-arena-and-blos\\\/\",\"name\":\"Deployed Arena and BLOS - Spacebridge Inc.\",\"isPartOf\":{\"@id\":\"https:\\\/\\\/spacebridge.com\\\/#website\"},\"datePublished\":\"2022-03-02T21:20:02+00:00\",\"dateModified\":\"2024-09-13T15:12:05+00:00\",\"description\":\"Satellite Communications can be critical for direct and constant Beyond Line-of-Sight (BLoS) tactical communications between troops on battlefield.\",\"breadcrumb\":{\"@id\":\"https:\\\/\\\/spacebridge.com\\\/deployed-arena-and-blos\\\/#breadcrumb\"},\"inLanguage\":\"fr-FR\",\"potentialAction\":[{\"@type\":\"ReadAction\",\"target\":[\"https:\\\/\\\/spacebridge.com\\\/deployed-arena-and-blos\\\/\"]}]},{\"@type\":\"BreadcrumbList\",\"@id\":\"https:\\\/\\\/spacebridge.com\\\/deployed-arena-and-blos\\\/#breadcrumb\",\"itemListElement\":[{\"@type\":\"ListItem\",\"position\":1,\"name\":\"Home\",\"item\":\"https:\\\/\\\/spacebridge.com\\\/\"},{\"@type\":\"ListItem\",\"position\":2,\"name\":\"Deployed Arena and BLOS\"}]},{\"@type\":\"WebSite\",\"@id\":\"https:\\\/\\\/spacebridge.com\\\/#website\",\"url\":\"https:\\\/\\\/spacebridge.com\\\/\",\"name\":\"Spacebridge Inc.\",\"description\":\"Broadband Satellite Communications Systems\",\"publisher\":{\"@id\":\"https:\\\/\\\/spacebridge.com\\\/#organization\"},\"potentialAction\":[{\"@type\":\"SearchAction\",\"target\":{\"@type\":\"EntryPoint\",\"urlTemplate\":\"https:\\\/\\\/spacebridge.com\\\/?s={search_term_string}\"},\"query-input\":{\"@type\":\"PropertyValueSpecification\",\"valueRequired\":true,\"valueName\":\"search_term_string\"}}],\"inLanguage\":\"fr-FR\"},{\"@type\":\"Organization\",\"@id\":\"https:\\\/\\\/spacebridge.com\\\/#organization\",\"name\":\"SpaceBridge Inc.\",\"url\":\"https:\\\/\\\/spacebridge.com\\\/\",\"logo\":{\"@type\":\"ImageObject\",\"inLanguage\":\"fr-FR\",\"@id\":\"https:\\\/\\\/spacebridge.com\\\/#\\\/schema\\\/logo\\\/image\\\/\",\"url\":\"https:\\\/\\\/spacebridge.com\\\/wp-content\\\/uploads\\\/2024\\\/02\\\/SpaceBridge-logo-no-tagline-full-color-on-white-or-blue.png\",\"contentUrl\":\"https:\\\/\\\/spacebridge.com\\\/wp-content\\\/uploads\\\/2024\\\/02\\\/SpaceBridge-logo-no-tagline-full-color-on-white-or-blue.png\",\"width\":1474,\"height\":730,\"caption\":\"SpaceBridge Inc.\"},\"image\":{\"@id\":\"https:\\\/\\\/spacebridge.com\\\/#\\\/schema\\\/logo\\\/image\\\/\"},\"sameAs\":[\"https:\\\/\\\/www.linkedin.com\\\/company\\\/spacebridgeinc\\\/\"]}]}<\/script>\n<!-- \/ Yoast SEO plugin. -->","yoast_head_json":{"title":"Deployed Arena and BLOS - Spacebridge Inc.","description":"Satellite Communications can be critical for direct and constant Beyond Line-of-Sight (BLoS) tactical communications between troops on battlefield.","robots":{"index":"index","follow":"follow","max-snippet":"max-snippet:-1","max-image-preview":"max-image-preview:large","max-video-preview":"max-video-preview:-1"},"canonical":"https:\/\/spacebridge.com\/fr\/deployed-arena-and-blos\/","og_locale":"fr_FR","og_type":"article","og_title":"Deployed Arena and BLOS - Spacebridge Inc.","og_description":"Satellite Communications can be critical for direct and constant Beyond Line-of-Sight (BLoS) tactical communications between troops on battlefield.","og_url":"https:\/\/spacebridge.com\/fr\/deployed-arena-and-blos\/","og_site_name":"Spacebridge Inc.","article_modified_time":"2024-09-13T15:12:05+00:00","og_image":[{"width":1474,"height":730,"url":"https:\/\/spacebridge.com\/wp-content\/uploads\/2024\/02\/SpaceBridge-logo-no-tagline-full-color-on-white-or-blue.png","type":"image\/png"}],"twitter_card":"summary_large_image","twitter_misc":{"Dur\u00e9e de lecture estim\u00e9e":"3 minutes"},"schema":{"@context":"https:\/\/schema.org","@graph":[{"@type":"WebPage","@id":"https:\/\/spacebridge.com\/deployed-arena-and-blos\/","url":"https:\/\/spacebridge.com\/deployed-arena-and-blos\/","name":"Deployed Arena and BLOS - Spacebridge Inc.","isPartOf":{"@id":"https:\/\/spacebridge.com\/#website"},"datePublished":"2022-03-02T21:20:02+00:00","dateModified":"2024-09-13T15:12:05+00:00","description":"Satellite Communications can be critical for direct and constant Beyond Line-of-Sight (BLoS) tactical communications between troops on battlefield.","breadcrumb":{"@id":"https:\/\/spacebridge.com\/deployed-arena-and-blos\/#breadcrumb"},"inLanguage":"fr-FR","potentialAction":[{"@type":"ReadAction","target":["https:\/\/spacebridge.com\/deployed-arena-and-blos\/"]}]},{"@type":"BreadcrumbList","@id":"https:\/\/spacebridge.com\/deployed-arena-and-blos\/#breadcrumb","itemListElement":[{"@type":"ListItem","position":1,"name":"Home","item":"https:\/\/spacebridge.com\/"},{"@type":"ListItem","position":2,"name":"Deployed Arena and BLOS"}]},{"@type":"WebSite","@id":"https:\/\/spacebridge.com\/#website","url":"https:\/\/spacebridge.com\/","name":"Spacebridge Inc.","description":"Broadband Satellite Communications Systems","publisher":{"@id":"https:\/\/spacebridge.com\/#organization"},"potentialAction":[{"@type":"SearchAction","target":{"@type":"EntryPoint","urlTemplate":"https:\/\/spacebridge.com\/?s={search_term_string}"},"query-input":{"@type":"PropertyValueSpecification","valueRequired":true,"valueName":"search_term_string"}}],"inLanguage":"fr-FR"},{"@type":"Organization","@id":"https:\/\/spacebridge.com\/#organization","name":"SpaceBridge Inc.","url":"https:\/\/spacebridge.com\/","logo":{"@type":"ImageObject","inLanguage":"fr-FR","@id":"https:\/\/spacebridge.com\/#\/schema\/logo\/image\/","url":"https:\/\/spacebridge.com\/wp-content\/uploads\/2024\/02\/SpaceBridge-logo-no-tagline-full-color-on-white-or-blue.png","contentUrl":"https:\/\/spacebridge.com\/wp-content\/uploads\/2024\/02\/SpaceBridge-logo-no-tagline-full-color-on-white-or-blue.png","width":1474,"height":730,"caption":"SpaceBridge Inc."},"image":{"@id":"https:\/\/spacebridge.com\/#\/schema\/logo\/image\/"},"sameAs":["https:\/\/www.linkedin.com\/company\/spacebridgeinc\/"]}]}},"_links":{"self":[{"href":"https:\/\/spacebridge.com\/fr\/wp-json\/wp\/v2\/pages\/6736","targetHints":{"allow":["GET"]}}],"collection":[{"href":"https:\/\/spacebridge.com\/fr\/wp-json\/wp\/v2\/pages"}],"about":[{"href":"https:\/\/spacebridge.com\/fr\/wp-json\/wp\/v2\/types\/page"}],"author":[{"embeddable":true,"href":"https:\/\/spacebridge.com\/fr\/wp-json\/wp\/v2\/users\/13"}],"replies":[{"embeddable":true,"href":"https:\/\/spacebridge.com\/fr\/wp-json\/wp\/v2\/comments?post=6736"}],"version-history":[{"count":97,"href":"https:\/\/spacebridge.com\/fr\/wp-json\/wp\/v2\/pages\/6736\/revisions"}],"predecessor-version":[{"id":12339,"href":"https:\/\/spacebridge.com\/fr\/wp-json\/wp\/v2\/pages\/6736\/revisions\/12339"}],"wp:attachment":[{"href":"https:\/\/spacebridge.com\/fr\/wp-json\/wp\/v2\/media?parent=6736"}],"curies":[{"name":"wp","href":"https:\/\/api.w.org\/{rel}","templated":true}]}}