{"id":6727,"date":"2022-03-02T20:45:49","date_gmt":"2022-03-02T20:45:49","guid":{"rendered":"https:\/\/spacebridge.com\/?page_id=6727"},"modified":"2024-09-13T15:12:31","modified_gmt":"2024-09-13T15:12:31","slug":"navy-arena-sotm","status":"publish","type":"page","link":"https:\/\/spacebridge.com\/fr\/navy-arena-sotm\/","title":{"rendered":"Marine Arena - SOTM"},"content":{"rendered":"<div data-elementor-type=\"wp-page\" data-elementor-id=\"6727\" class=\"elementor elementor-6727\" data-elementor-post-type=\"page\">\n\t\t\t\t\t\t<section class=\"elementor-section elementor-top-section elementor-element elementor-element-863f783 ot-traditional elementor-section-boxed elementor-section-height-default elementor-section-height-default\" data-id=\"863f783\" data-element_type=\"section\" data-e-type=\"section\">\n\t\t\t\t\t\t<div class=\"elementor-container elementor-column-gap-default\">\n\t\t\t\t\t<div class=\"elementor-column elementor-col-100 elementor-top-column elementor-element elementor-element-d1aa9ec ot-flex-column-vertical\" data-id=\"d1aa9ec\" data-element_type=\"column\" data-e-type=\"column\">\n\t\t\t<div class=\"elementor-widget-wrap elementor-element-populated\">\n\t\t\t\t\t\t<div class=\"elementor-element elementor-element-2dc5b51 elementor-widget elementor-widget-text-editor\" data-id=\"2dc5b51\" data-element_type=\"widget\" data-e-type=\"widget\" data-widget_type=\"text-editor.default\">\n\t\t\t\t<div class=\"elementor-widget-container\">\n\t\t\t\t\t\t\t\t\t<p>Pour la marine, les conditions impitoyables en mer rendent la fiabilit\u00e9 des communications essentielle \u00e0 la survie et au succ\u00e8s des missions. Par cons\u00e9quent, pour r\u00e9pondre aux exigences des missions, les marines d'aujourd'hui ont besoin de plus de bande passante que par le pass\u00e9 pour connecter les n\u0153uds, les capteurs, les plates-formes, les combattants et les armes r\u00e9partis sur les navires. En fait, la famille de terminaux SATCOM maritimes SpaceBridge et le WaveSwitch<sup>\u2122<\/sup>&nbsp;fournissent une solution. En fait, cette solution consiste en des communications \u00e0 haut d\u00e9bit fiables, s\u00e9curis\u00e9es et flexibles pour les chasseurs et les navires de guerre d\u00e9ploy\u00e9s.<\/p>\n<div>\n<h6><strong>R\u00e9seaux MESH<\/strong><\/h6>\n<p>En outre, pour les r\u00e9seaux \u00e0 fort maillage, les produits SpaceBridge U7400-M Mesh VSAT et passerelle HUB \u00e0 usage militaire ont \u00e9t\u00e9 con\u00e7us pour assurer une latence minimale et la plus haute qualit\u00e9 de service (QoS). Ils poss\u00e8dent \u00e9galement la capacit\u00e9 d'adaptation n\u00e9cessaire pour r\u00e9pondre aux exigences d'un acc\u00e8s prot\u00e9g\u00e9, rapide et en temps r\u00e9el aux informations dont les combattants ont besoin sur le terrain.\u00a0 De plus, des solutions int\u00e9gr\u00e9es pour la s\u00e9curit\u00e9 de transmission (TRANSEC) et les normes de cryptage avanc\u00e9es (AES) prot\u00e8gent le trafic de donn\u00e9es\/voix\/vid\u00e9o dans nos produits militaires.<\/p>\n<h6><strong>Commutation automatique des faisceaux pour le secteur maritime<\/strong><\/h6>\n<p>Les navires d\u00e9ploy\u00e9s peuvent naviguer \u00e0 travers la couverture des faisceaux de satellites, ce qui exige que le trafic passe d'un faisceau \u00e0 l'autre de mani\u00e8re transparente. Par cons\u00e9quent, le syst\u00e8me SpaceBridge prend naturellement en charge la commutation automatique de faisceaux (ABS) pour permettre le transfert du trafic d'un faisceau de satellite \u00e0 l'autre ou entre la couverture de deux satellites diff\u00e9rents lorsqu'un navire traverse plusieurs empreintes.<\/p>\n<p>En outre, les nouvelles possibilit\u00e9s d'exploitation des syst\u00e8mes satellitaires \u00e0 haut d\u00e9bit en bande Ka (HTS) \u00e0 faible latence en orbite terrestre moyenne (MEO) et en orbite terrestre basse (LEO) promettent des liaisons \u00e0 bande passante beaucoup plus large pour les combattants en mer et les syst\u00e8mes de guerre de l'information navale \u00e0 l'avenir et \u00e0 un co\u00fbt par m\u00e9gabit beaucoup plus faible. En outre, \u00e0 mesure que les ressources des satellites en bandes Ku et Ka, avec des faisceaux plus \u00e9troits, sont exploit\u00e9es sur les syst\u00e8mes HTS, la commutation automatique de faisceaux pourrait conna\u00eetre une croissance importante.<\/p>\n<\/div>\t\t\t\t\t\t\t\t<\/div>\n\t\t\t\t<\/div>\n\t\t\t\t\t<\/div>\n\t\t<\/div>\n\t\t\t\t\t<\/div>\n\t\t<\/section>\n\t\t\t\t<section class=\"elementor-section elementor-top-section elementor-element elementor-element-302c3e8 ot-traditional elementor-section-boxed elementor-section-height-default elementor-section-height-default\" data-id=\"302c3e8\" data-element_type=\"section\" data-e-type=\"section\">\n\t\t\t\t\t\t<div class=\"elementor-container elementor-column-gap-default\">\n\t\t\t\t\t<div class=\"elementor-column elementor-col-100 elementor-top-column elementor-element elementor-element-149131c ot-flex-column-vertical\" data-id=\"149131c\" data-element_type=\"column\" data-e-type=\"column\">\n\t\t\t<div class=\"elementor-widget-wrap elementor-element-populated\">\n\t\t\t\t\t\t<div class=\"elementor-element elementor-element-d91259f elementor-widget elementor-widget-heading\" data-id=\"d91259f\" data-element_type=\"widget\" data-e-type=\"widget\" data-widget_type=\"heading.default\">\n\t\t\t\t<div class=\"elementor-widget-container\">\n\t\t\t\t\t<h4 class=\"elementor-heading-title elementor-size-default\">Ressources Connexes<\/h4>\t\t\t\t<\/div>\n\t\t\t\t<\/div>\n\t\t\t\t<div class=\"elementor-element elementor-element-acc8c2c related-resources-acc elementor-widget elementor-widget-iaccordions\" data-id=\"acc8c2c\" data-element_type=\"widget\" data-e-type=\"widget\" data-widget_type=\"iaccordions.default\">\n\t\t\t\t<div class=\"elementor-widget-container\">\n\t\t\t\t\t\r\n\t\t<div class=\"ot-accordions\">\r\n\t\t\t\t\t\t<div class=\"acc-item\">\r\n\t\t\t\t<span class=\"acc-toggle\">Fiches Techniques <i class=\"down flaticon-download-arrow\"><\/i><i class=\"up flaticon-up-arrow\"><\/i><\/span>\r\n\t\t\t\t<div class=\"acc-content\">\r\n\t\t\t\t\t<p><a href=\"https:\/\/spacebridge.com\/wp-content\/uploads\/2022\/06\/PB-U7400-DS-009-21105-fr.pdf\">U7400-M ASAT\u2122 System Mesh Satellite Modem<\/a><\/p><p><a href=\"https:\/\/spacebridge.com\/wp-content\/uploads\/2023\/03\/PB-SBM90X-20230313-1-1.pdf\">SBM-90X Modem \u00e0 large bande GEO\/LEO\/MEO SCPC\/MCPC<\/a><\/p><p><a href=\"https:\/\/spacebridge.com\/wp-content\/uploads\/2022\/02\/9.-Datasheet-U7780.pdf\">U7720 \u2013 Modem\/router satellite r\u00e9seau hautes performances<\/a><\/p>\t\t\t\t<\/div>\r\n\t\t\t<\/div>\r\n\t\t\t\t\t\t<div class=\"acc-item\">\r\n\t\t\t\t<span class=\"acc-toggle\">D\u00e9pliants <i class=\"down flaticon-download-arrow\"><\/i><i class=\"up flaticon-up-arrow\"><\/i><\/span>\r\n\t\t\t\t<div class=\"acc-content\">\r\n\t\t\t\t\t<p><a href=\"https:\/\/spacebridge.com\/wp-content\/uploads\/2022\/04\/PB-ASAT-SYSTEM-BR-007-22020-fr.pdf\">Brochure du syst\u00e8me ASAT<\/a><\/p><p><a href=\"https:\/\/spacebridge.com\/wp-content\/uploads\/2022\/04\/PB-ASAT-CBH-AN-007-21236-1-fr.pdf\">Description de la solution de liaisons de retour cellulaires<\/a><\/p><p><a href=\"https:\/\/spacebridge.com\/wp-content\/uploads\/2022\/04\/PB-SATCOMMOBILITY-AN-006-21060-fr.pdf\">Description de la solution des communications par satellite en mouvement<\/a><\/p>\t\t\t\t<\/div>\r\n\t\t\t<\/div>\r\n\t\t\t\t\t\t<div class=\"acc-item\">\r\n\t\t\t\t<span class=\"acc-toggle\">Livres Blancs <i class=\"down flaticon-download-arrow\"><\/i><i class=\"up flaticon-up-arrow\"><\/i><\/span>\r\n\t\t\t\t<div class=\"acc-content\">\r\n\t\t\t\t\t<p><a href=\"https:\/\/spacebridge.com\/wp-content\/uploads\/2022\/04\/PB-WAVESWITCH-WP-003-22020-1-fr.pdf\">Livre blanc WaveSwitch<\/a><\/p><p><a href=\"https:\/\/spacebridge.com\/wp-content\/uploads\/2022\/06\/Government-Defense-and-Home-Land-Security-White-Paper.fr_.pdf\">Livre blanc sur la s\u00e9curit\u00e9 du gouvernement et de la d\u00e9fense<\/a><\/p>\t\t\t\t<\/div>\r\n\t\t\t<\/div>\r\n\t\t\t\t\t\t<div class=\"acc-item\">\r\n\t\t\t\t<span class=\"acc-toggle\">Histoires de Succ\u00e8s <i class=\"down flaticon-download-arrow\"><\/i><i class=\"up flaticon-up-arrow\"><\/i><\/span>\r\n\t\t\t\t<div class=\"acc-content\">\r\n\t\t\t\t\t<p><a href=\"https:\/\/spacebridge.com\/wp-content\/uploads\/2022\/04\/Indonesian-Navy-21060-fr.pdf\">Marine indon\u00e9sienne - Histoire d'une r\u00e9ussite<\/a><\/p><p><a href=\"https:\/\/spacebridge.com\/wp-content\/uploads\/2022\/04\/China-SOA-21060-fr.pdf\">China SOA - Histoire d'une r\u00e9ussite<\/a><\/p><p><a href=\"https:\/\/spacebridge.com\/wp-content\/uploads\/2022\/04\/Omansat-Success-Story-1-2-fr.pdf\">Omansat - Histoire d'une r\u00e9ussite <\/a><\/p>\t\t\t\t<\/div>\r\n\t\t\t<\/div>\r\n\t\t\t\t    <\/div>\r\n\r\n\t    \t\t\t\t<\/div>\n\t\t\t\t<\/div>\n\t\t\t\t\t<\/div>\n\t\t<\/div>\n\t\t\t\t\t<\/div>\n\t\t<\/section>\n\t\t\t\t<\/div>","protected":false},"excerpt":{"rendered":"<p>For the navy, unforgiving conditions at sea make reliable communications essential to survivability and mission success. Therefore, to meet mission requirements, today\u2019s navies need more bandwidth than in the past [&hellip;]<\/p>\n","protected":false},"author":13,"featured_media":0,"parent":0,"menu_order":0,"comment_status":"closed","ping_status":"closed","template":"","meta":{"_acf_changed":false,"footnotes":""},"class_list":["post-6727","page","type-page","status-publish","hentry"],"acf":[],"yoast_head":"<!-- This site is optimized with the Yoast SEO plugin v27.3 - https:\/\/yoast.com\/product\/yoast-seo-wordpress\/ -->\n<title>Navy Arena \u2013 SOTM - Spacebridge Inc.<\/title>\n<meta name=\"description\" content=\"For the navy, unforgiving conditions at sea make reliable communications essential to survivability and mission success.\" \/>\n<meta name=\"robots\" content=\"index, follow, max-snippet:-1, max-image-preview:large, max-video-preview:-1\" \/>\n<link rel=\"canonical\" href=\"https:\/\/spacebridge.com\/fr\/navy-arena-sotm\/\" \/>\n<meta property=\"og:locale\" content=\"fr_FR\" \/>\n<meta property=\"og:type\" content=\"article\" \/>\n<meta property=\"og:title\" content=\"Navy Arena \u2013 SOTM - Spacebridge Inc.\" \/>\n<meta property=\"og:description\" content=\"For the navy, unforgiving conditions at sea make reliable communications essential to survivability and mission success.\" \/>\n<meta property=\"og:url\" content=\"https:\/\/spacebridge.com\/fr\/navy-arena-sotm\/\" \/>\n<meta property=\"og:site_name\" content=\"Spacebridge Inc.\" \/>\n<meta property=\"article:modified_time\" content=\"2024-09-13T15:12:31+00:00\" \/>\n<meta property=\"og:image\" content=\"https:\/\/spacebridge.com\/wp-content\/uploads\/2024\/02\/SpaceBridge-logo-no-tagline-full-color-on-white-or-blue.png\" \/>\n\t<meta property=\"og:image:width\" content=\"1474\" \/>\n\t<meta property=\"og:image:height\" content=\"730\" \/>\n\t<meta property=\"og:image:type\" content=\"image\/png\" \/>\n<meta name=\"twitter:card\" content=\"summary_large_image\" \/>\n<meta name=\"twitter:label1\" content=\"Dur\u00e9e de lecture estim\u00e9e\" \/>\n\t<meta name=\"twitter:data1\" content=\"2 minutes\" \/>\n<script type=\"application\/ld+json\" class=\"yoast-schema-graph\">{\"@context\":\"https:\\\/\\\/schema.org\",\"@graph\":[{\"@type\":\"WebPage\",\"@id\":\"https:\\\/\\\/spacebridge.com\\\/navy-arena-sotm\\\/\",\"url\":\"https:\\\/\\\/spacebridge.com\\\/navy-arena-sotm\\\/\",\"name\":\"Navy Arena \u2013 SOTM - Spacebridge Inc.\",\"isPartOf\":{\"@id\":\"https:\\\/\\\/spacebridge.com\\\/#website\"},\"datePublished\":\"2022-03-02T20:45:49+00:00\",\"dateModified\":\"2024-09-13T15:12:31+00:00\",\"description\":\"For the navy, unforgiving conditions at sea make reliable communications essential to survivability and mission success.\",\"breadcrumb\":{\"@id\":\"https:\\\/\\\/spacebridge.com\\\/navy-arena-sotm\\\/#breadcrumb\"},\"inLanguage\":\"fr-FR\",\"potentialAction\":[{\"@type\":\"ReadAction\",\"target\":[\"https:\\\/\\\/spacebridge.com\\\/navy-arena-sotm\\\/\"]}]},{\"@type\":\"BreadcrumbList\",\"@id\":\"https:\\\/\\\/spacebridge.com\\\/navy-arena-sotm\\\/#breadcrumb\",\"itemListElement\":[{\"@type\":\"ListItem\",\"position\":1,\"name\":\"Home\",\"item\":\"https:\\\/\\\/spacebridge.com\\\/\"},{\"@type\":\"ListItem\",\"position\":2,\"name\":\"Navy Arena \u2013 SOTM\"}]},{\"@type\":\"WebSite\",\"@id\":\"https:\\\/\\\/spacebridge.com\\\/#website\",\"url\":\"https:\\\/\\\/spacebridge.com\\\/\",\"name\":\"Spacebridge Inc.\",\"description\":\"Broadband Satellite Communications Systems\",\"publisher\":{\"@id\":\"https:\\\/\\\/spacebridge.com\\\/#organization\"},\"potentialAction\":[{\"@type\":\"SearchAction\",\"target\":{\"@type\":\"EntryPoint\",\"urlTemplate\":\"https:\\\/\\\/spacebridge.com\\\/?s={search_term_string}\"},\"query-input\":{\"@type\":\"PropertyValueSpecification\",\"valueRequired\":true,\"valueName\":\"search_term_string\"}}],\"inLanguage\":\"fr-FR\"},{\"@type\":\"Organization\",\"@id\":\"https:\\\/\\\/spacebridge.com\\\/#organization\",\"name\":\"SpaceBridge Inc.\",\"url\":\"https:\\\/\\\/spacebridge.com\\\/\",\"logo\":{\"@type\":\"ImageObject\",\"inLanguage\":\"fr-FR\",\"@id\":\"https:\\\/\\\/spacebridge.com\\\/#\\\/schema\\\/logo\\\/image\\\/\",\"url\":\"https:\\\/\\\/spacebridge.com\\\/wp-content\\\/uploads\\\/2024\\\/02\\\/SpaceBridge-logo-no-tagline-full-color-on-white-or-blue.png\",\"contentUrl\":\"https:\\\/\\\/spacebridge.com\\\/wp-content\\\/uploads\\\/2024\\\/02\\\/SpaceBridge-logo-no-tagline-full-color-on-white-or-blue.png\",\"width\":1474,\"height\":730,\"caption\":\"SpaceBridge Inc.\"},\"image\":{\"@id\":\"https:\\\/\\\/spacebridge.com\\\/#\\\/schema\\\/logo\\\/image\\\/\"},\"sameAs\":[\"https:\\\/\\\/www.linkedin.com\\\/company\\\/spacebridgeinc\\\/\"]}]}<\/script>\n<!-- \/ Yoast SEO plugin. -->","yoast_head_json":{"title":"Navy Arena \u2013 SOTM - Spacebridge Inc.","description":"For the navy, unforgiving conditions at sea make reliable communications essential to survivability and mission success.","robots":{"index":"index","follow":"follow","max-snippet":"max-snippet:-1","max-image-preview":"max-image-preview:large","max-video-preview":"max-video-preview:-1"},"canonical":"https:\/\/spacebridge.com\/fr\/navy-arena-sotm\/","og_locale":"fr_FR","og_type":"article","og_title":"Navy Arena \u2013 SOTM - Spacebridge Inc.","og_description":"For the navy, unforgiving conditions at sea make reliable communications essential to survivability and mission success.","og_url":"https:\/\/spacebridge.com\/fr\/navy-arena-sotm\/","og_site_name":"Spacebridge Inc.","article_modified_time":"2024-09-13T15:12:31+00:00","og_image":[{"width":1474,"height":730,"url":"https:\/\/spacebridge.com\/wp-content\/uploads\/2024\/02\/SpaceBridge-logo-no-tagline-full-color-on-white-or-blue.png","type":"image\/png"}],"twitter_card":"summary_large_image","twitter_misc":{"Dur\u00e9e de lecture estim\u00e9e":"2 minutes"},"schema":{"@context":"https:\/\/schema.org","@graph":[{"@type":"WebPage","@id":"https:\/\/spacebridge.com\/navy-arena-sotm\/","url":"https:\/\/spacebridge.com\/navy-arena-sotm\/","name":"Navy Arena \u2013 SOTM - Spacebridge Inc.","isPartOf":{"@id":"https:\/\/spacebridge.com\/#website"},"datePublished":"2022-03-02T20:45:49+00:00","dateModified":"2024-09-13T15:12:31+00:00","description":"For the navy, unforgiving conditions at sea make reliable communications essential to survivability and mission success.","breadcrumb":{"@id":"https:\/\/spacebridge.com\/navy-arena-sotm\/#breadcrumb"},"inLanguage":"fr-FR","potentialAction":[{"@type":"ReadAction","target":["https:\/\/spacebridge.com\/navy-arena-sotm\/"]}]},{"@type":"BreadcrumbList","@id":"https:\/\/spacebridge.com\/navy-arena-sotm\/#breadcrumb","itemListElement":[{"@type":"ListItem","position":1,"name":"Home","item":"https:\/\/spacebridge.com\/"},{"@type":"ListItem","position":2,"name":"Navy Arena \u2013 SOTM"}]},{"@type":"WebSite","@id":"https:\/\/spacebridge.com\/#website","url":"https:\/\/spacebridge.com\/","name":"Spacebridge Inc.","description":"Broadband Satellite Communications Systems","publisher":{"@id":"https:\/\/spacebridge.com\/#organization"},"potentialAction":[{"@type":"SearchAction","target":{"@type":"EntryPoint","urlTemplate":"https:\/\/spacebridge.com\/?s={search_term_string}"},"query-input":{"@type":"PropertyValueSpecification","valueRequired":true,"valueName":"search_term_string"}}],"inLanguage":"fr-FR"},{"@type":"Organization","@id":"https:\/\/spacebridge.com\/#organization","name":"SpaceBridge Inc.","url":"https:\/\/spacebridge.com\/","logo":{"@type":"ImageObject","inLanguage":"fr-FR","@id":"https:\/\/spacebridge.com\/#\/schema\/logo\/image\/","url":"https:\/\/spacebridge.com\/wp-content\/uploads\/2024\/02\/SpaceBridge-logo-no-tagline-full-color-on-white-or-blue.png","contentUrl":"https:\/\/spacebridge.com\/wp-content\/uploads\/2024\/02\/SpaceBridge-logo-no-tagline-full-color-on-white-or-blue.png","width":1474,"height":730,"caption":"SpaceBridge Inc."},"image":{"@id":"https:\/\/spacebridge.com\/#\/schema\/logo\/image\/"},"sameAs":["https:\/\/www.linkedin.com\/company\/spacebridgeinc\/"]}]}},"_links":{"self":[{"href":"https:\/\/spacebridge.com\/fr\/wp-json\/wp\/v2\/pages\/6727","targetHints":{"allow":["GET"]}}],"collection":[{"href":"https:\/\/spacebridge.com\/fr\/wp-json\/wp\/v2\/pages"}],"about":[{"href":"https:\/\/spacebridge.com\/fr\/wp-json\/wp\/v2\/types\/page"}],"author":[{"embeddable":true,"href":"https:\/\/spacebridge.com\/fr\/wp-json\/wp\/v2\/users\/13"}],"replies":[{"embeddable":true,"href":"https:\/\/spacebridge.com\/fr\/wp-json\/wp\/v2\/comments?post=6727"}],"version-history":[{"count":105,"href":"https:\/\/spacebridge.com\/fr\/wp-json\/wp\/v2\/pages\/6727\/revisions"}],"predecessor-version":[{"id":12336,"href":"https:\/\/spacebridge.com\/fr\/wp-json\/wp\/v2\/pages\/6727\/revisions\/12336"}],"wp:attachment":[{"href":"https:\/\/spacebridge.com\/fr\/wp-json\/wp\/v2\/media?parent=6727"}],"curies":[{"name":"wp","href":"https:\/\/api.w.org\/{rel}","templated":true}]}}