{"id":6722,"date":"2022-03-02T20:35:49","date_gmt":"2022-03-02T20:35:49","guid":{"rendered":"https:\/\/spacebridge.com\/?page_id=6722"},"modified":"2024-09-13T15:11:31","modified_gmt":"2024-09-13T15:11:31","slug":"uav-communication-on-the-move","status":"publish","type":"page","link":"https:\/\/spacebridge.com\/fr\/uav-communication-on-the-move\/","title":{"rendered":"La communication par drone en mouvement"},"content":{"rendered":"<div data-elementor-type=\"wp-page\" data-elementor-id=\"6722\" class=\"elementor elementor-6722\" data-elementor-post-type=\"page\">\n\t\t\t\t\t\t<section class=\"elementor-section elementor-top-section elementor-element elementor-element-00c4903 ot-traditional elementor-section-boxed elementor-section-height-default elementor-section-height-default\" data-id=\"00c4903\" data-element_type=\"section\" data-e-type=\"section\">\n\t\t\t\t\t\t<div class=\"elementor-container elementor-column-gap-default\">\n\t\t\t\t\t<div class=\"elementor-column elementor-col-100 elementor-top-column elementor-element elementor-element-656c210 ot-flex-column-vertical\" data-id=\"656c210\" data-element_type=\"column\" data-e-type=\"column\">\n\t\t\t<div class=\"elementor-widget-wrap elementor-element-populated\">\n\t\t\t\t\t\t<div class=\"elementor-element elementor-element-c20112b elementor-widget elementor-widget-text-editor\" data-id=\"c20112b\" data-element_type=\"widget\" data-e-type=\"widget\" data-widget_type=\"text-editor.default\">\n\t\t\t\t<div class=\"elementor-widget-container\">\n\t\t\t\t\t\t\t\t\t<p>L'utilisation de drones militaires a augment\u00e9 de fa\u00e7on exponentielle ces derni\u00e8res ann\u00e9es. Les drones sont utilis\u00e9s pour le gouvernement civil des syst\u00e8mes a\u00e9riens autonomes ou des drones tels que les patrouilles frontali\u00e8res, les interventions d'urgence, la surveillance de l'environnement et des biens, et m\u00eame l'application de la loi.\u00a0Non seulement la demande de drones militaires s'est accrue pour effectuer des missions ISR (Intelligence, Surveillance et Reconnaissance), mais aussi pour permettre aux combattants et aux commandements de conna\u00eetre la situation sur le champ de bataille. Dans le m\u00eame temps, les exigences des missions continuent de pousser \u00e0 l'utilisation de tuyaux toujours plus grands et plus rapides. Les utilisateurs veulent une transmission en temps r\u00e9el et \u00e0 plus haute r\u00e9solution de donn\u00e9es vid\u00e9o, d'imagerie et de d\u00e9tection, ainsi que des relais de donn\u00e9es non en temps r\u00e9el plus rapides sur des liaisons par satellite pour donner un avantage aux combattants.<\/p>\n<p>Cependant, dans de nombreux cas, les performances des UAV sont limit\u00e9es en raison des restrictions de la bande passante du r\u00e9seau satellitaire lorsqu'un UAV vole au-del\u00e0 de la ligne de vis\u00e9e (BloS), par exemple en dehors du territoire national.\u00a0 C'est pourquoi les v\u00e9hicules a\u00e9riens sans pilote (UAV) militaires utilisent les communications par satellite pour des communications continues au-del\u00e0 de la ligne de vis\u00e9e (BLoS).&nbsp;<\/p>\n<p>De plus, l'architecture du r\u00e9seau SATCOM tactique SpaceBridge pour les drones permet des d\u00e9bits de donn\u00e9es plus \u00e9lev\u00e9s pour les liaisons avec les drones. En outre, le syst\u00e8me VSAT SpaceBridge ASAT\u2122 offre des capacit\u00e9s uniques con\u00e7ues pour r\u00e9pondre aux exigences \u00e9mergentes des missions de drones.<\/p>\n<h5>Capacit\u00e9s<\/h5>\n<ul>\n<li>Le syst\u00e8me permet aux drones distants d'acc\u00e9der \u00e0 d'importants pools de bande passante tout en obtenant une faible latence et une grande efficacit\u00e9 du r\u00e9seau. Il peut offrir de toutes nouvelles possibilit\u00e9s pour mieux exploiter la bande passante des satellites avanc\u00e9s disponibles.<\/li>\n<li>Le syst\u00e8me est dot\u00e9 d'une technologie de commutation de faisceau int\u00e9gr\u00e9e, d'une tr\u00e8s faible latence, de multiples porteuses de liaison montante et de liaisons aller et retour parfaitement synchronis\u00e9es. La solution SpaceBridge permet aux drones d'utiliser les syst\u00e8mes de satellites \u00e0 haut d\u00e9bit (HTS) - et d'acc\u00e9der \u00e0 un potentiel de bande passante consid\u00e9rablement accru. Les faisceaux \u00e9troits des satellites HTS r\u00e9duisent \u00e9galement l'empreinte potentielle visible au brouillage ennemi.<\/li>\n<li>L'assignation synchronis\u00e9e des fr\u00e9quences d'aller et de retour offre une r\u00e9silience contre le brouillage et r\u00e9duit la probabilit\u00e9 d'interception des grands drones tactiques.<\/li>\n<li>La commutation rapide des donn\u00e9es et les trames de donn\u00e9es tr\u00e8s courtes permettent \u00e9galement le concept d'op\u00e9rations Drone Swarm.<\/li>\n<\/ul>\n<h6><strong>Efficacit\u00e9 du segment spatial<\/strong><\/h6>\n<p>Au cours d'une mission, les besoins en bande passante des drones peuvent rapidement augmenter et diminuer.\u00a0 \u00c0 un moment donn\u00e9, un canal SCPC peut \u00eatre n\u00e9cessaire pour fournir le d\u00e9bit requis pour la diffusion en direct de vid\u00e9os \u00e0 ultra-haute r\u00e9solution ou de donn\u00e9es de d\u00e9tection riches.\u00a0 \u00c0 d'autres moments, la vitesse de la liaison de donn\u00e9es d'un UAV peut \u00eatre r\u00e9duite, ce qui lui permet de rendre la capacit\u00e9 du segment spatial \u00e0 un pool partag\u00e9 avec d'autres utilisateurs et de continuer \u00e0 r\u00e9pondre aux exigences de la mission en utilisant un pool de bande passante MF-TDMA.\u00a0 La technologie prim\u00e9e WaveSwitch\u2122 de SpaceBridge optimise de mani\u00e8re transparente la m\u00e9thode d'acc\u00e8s au satellite du syst\u00e8me pour s'adapter aux exigences variables du trafic en temps r\u00e9el.\u00a0 Ce premier syst\u00e8me VSAT de l'industrie avec commutation de forme d'onde \" \u00e0 la vol\u00e9e \" peut allouer la bande passante \u00e0 des drones ou \u00e0 des groupes en temps r\u00e9el \u00e0 partir d'un segment spatial commun. \u00a0Les topologies de r\u00e9seau en \u00e9toile ou maill\u00e9 prises en charge dans le m\u00eame syst\u00e8me sont accompagn\u00e9es d'outils d'acc\u00e9l\u00e9ration et d'optimisation de la liaison satellite IP, de gestion de r\u00e9seau et de QoS, ainsi que d'options de s\u00e9curit\u00e9 embarqu\u00e9e et de r\u00e9seau de niveau militaire.<\/p>\n<p>La solution SpaceBridge r\u00e9pond aux applications militaires et de s\u00e9curit\u00e9 les plus exigeantes. Cette solution est disponible dans une vari\u00e9t\u00e9 de facteurs de forme appropri\u00e9s et prend en charge OpenAMIP pour les SATCOMs critiques en mouvement.<\/p>\t\t\t\t\t\t\t\t<\/div>\n\t\t\t\t<\/div>\n\t\t\t\t\t<\/div>\n\t\t<\/div>\n\t\t\t\t\t<\/div>\n\t\t<\/section>\n\t\t\t\t<section class=\"elementor-section elementor-top-section elementor-element elementor-element-9bc85d6 ot-traditional elementor-section-boxed elementor-section-height-default elementor-section-height-default\" data-id=\"9bc85d6\" data-element_type=\"section\" data-e-type=\"section\">\n\t\t\t\t\t\t<div class=\"elementor-container elementor-column-gap-default\">\n\t\t\t\t\t<div class=\"elementor-column elementor-col-100 elementor-top-column elementor-element elementor-element-1a8e50d ot-flex-column-vertical\" data-id=\"1a8e50d\" data-element_type=\"column\" data-e-type=\"column\">\n\t\t\t<div class=\"elementor-widget-wrap elementor-element-populated\">\n\t\t\t\t\t\t<div class=\"elementor-element elementor-element-df42acb elementor-widget elementor-widget-heading\" data-id=\"df42acb\" data-element_type=\"widget\" data-e-type=\"widget\" data-widget_type=\"heading.default\">\n\t\t\t\t<div class=\"elementor-widget-container\">\n\t\t\t\t\t<h4 class=\"elementor-heading-title elementor-size-default\">Ressources Connexes<\/h4>\t\t\t\t<\/div>\n\t\t\t\t<\/div>\n\t\t\t\t<div class=\"elementor-element elementor-element-c8e1561 related-resources-acc elementor-widget elementor-widget-iaccordions\" data-id=\"c8e1561\" data-element_type=\"widget\" data-e-type=\"widget\" data-widget_type=\"iaccordions.default\">\n\t\t\t\t<div class=\"elementor-widget-container\">\n\t\t\t\t\t\r\n\t\t<div class=\"ot-accordions\">\r\n\t\t\t\t\t\t<div class=\"acc-item\">\r\n\t\t\t\t<span class=\"acc-toggle\">Fiches Techniques <i class=\"down flaticon-download-arrow\"><\/i><i class=\"up flaticon-up-arrow\"><\/i><\/span>\r\n\t\t\t\t<div class=\"acc-content\">\r\n\t\t\t\t\t<p><a href=\"https:\/\/spacebridge.com\/wp-content\/uploads\/2023\/03\/PB-SBM90X-20230313-1-1.pdf\">SBM-90X Modem \u00e0 large bande GEO\/LEO\/MEO SCPC\/MCPC<\/a><\/p><p><a href=\"https:\/\/spacebridge.com\/wp-content\/uploads\/2022\/05\/U7720-datasheet-template2-002-fr.pdf\">U7720 \u2013 Modem\/router satellite r\u00e9seau hautes performances<\/a><\/p>\t\t\t\t<\/div>\r\n\t\t\t<\/div>\r\n\t\t\t\t\t\t<div class=\"acc-item\">\r\n\t\t\t\t<span class=\"acc-toggle\">D\u00e9pliants <i class=\"down flaticon-download-arrow\"><\/i><i class=\"up flaticon-up-arrow\"><\/i><\/span>\r\n\t\t\t\t<div class=\"acc-content\">\r\n\t\t\t\t\t<p><a href=\"https:\/\/spacebridge.com\/wp-content\/uploads\/2022\/04\/PB-SATCOMMOBILITY-AN-006-21060-fr.pdf\">Description de la solution des communications par satellite en mouvement<\/a><\/p><p><a href=\"https:\/\/spacebridge.com\/wp-content\/uploads\/2022\/04\/PB-ASAT-SYSTEM-BR-007-22020-fr.pdf\">ASAT System brochure<\/a><\/p><p><a href=\"https:\/\/spacebridge.com\/wp-content\/uploads\/2022\/04\/PB-ASAT-CBH-AN-007-21236-1-fr.pdf\">Description de la solution de liaisons de retour cellulaires<\/a><\/p>\t\t\t\t<\/div>\r\n\t\t\t<\/div>\r\n\t\t\t\t\t\t<div class=\"acc-item\">\r\n\t\t\t\t<span class=\"acc-toggle\">Livres Blancs <i class=\"down flaticon-download-arrow\"><\/i><i class=\"up flaticon-up-arrow\"><\/i><\/span>\r\n\t\t\t\t<div class=\"acc-content\">\r\n\t\t\t\t\t<p><a href=\"https:\/\/spacebridge.com\/wp-content\/uploads\/2022\/04\/PB-WAVESWITCH-WP-003-22020-1-fr.pdf\">Livre blanc WaveSwitch<\/a><\/p><p><a href=\"https:\/\/spacebridge.com\/wp-content\/uploads\/2022\/06\/Government-Defense-and-Home-Land-Security-White-Paper.fr_.pdf\">Livre blanc sur la s\u00e9curit\u00e9 du gouvernement et de la d\u00e9fense<\/a><\/p>\t\t\t\t<\/div>\r\n\t\t\t<\/div>\r\n\t\t\t\t\t\t<div class=\"acc-item\">\r\n\t\t\t\t<span class=\"acc-toggle\">Histoires de Succ\u00e8s <i class=\"down flaticon-download-arrow\"><\/i><i class=\"up flaticon-up-arrow\"><\/i><\/span>\r\n\t\t\t\t<div class=\"acc-content\">\r\n\t\t\t\t\t<p><a href=\"https:\/\/spacebridge.com\/wp-content\/uploads\/2022\/04\/Indonesian-Navy-21060-fr.pdf\">Marine indon\u00e9sienne - Histoire d'une r\u00e9ussite<\/a><\/p><p><a href=\"https:\/\/spacebridge.com\/wp-content\/uploads\/2022\/04\/Columbia-Aviation-21060-fr.pdf\">A\u00e9roports de Colombie - Histoire d'une r\u00e9ussite<\/a><\/p><p><a href=\"https:\/\/spacebridge.com\/wp-content\/uploads\/2022\/04\/China-SOA-21060-fr.pdf\">China SOA - Histoire d'une r\u00e9ussite<\/a><\/p>\t\t\t\t<\/div>\r\n\t\t\t<\/div>\r\n\t\t\t\t    <\/div>\r\n\r\n\t    \t\t\t\t<\/div>\n\t\t\t\t<\/div>\n\t\t\t\t\t<\/div>\n\t\t<\/div>\n\t\t\t\t\t<\/div>\n\t\t<\/section>\n\t\t\t\t<\/div>","protected":false},"excerpt":{"rendered":"<p>The use of military UAV has increased exponentially in recent years. UAVs are used for civilian government of autonomous aerial systems or drones such as Border Patrol, Emergency Response, Environmental [&hellip;]<\/p>\n","protected":false},"author":13,"featured_media":0,"parent":0,"menu_order":0,"comment_status":"closed","ping_status":"closed","template":"","meta":{"_acf_changed":false,"footnotes":""},"class_list":["post-6722","page","type-page","status-publish","hentry"],"acf":[],"yoast_head":"<!-- This site is optimized with the Yoast SEO plugin v27.3 - https:\/\/yoast.com\/product\/yoast-seo-wordpress\/ -->\n<title>UAV Communication on the move - Spacebridge Inc.<\/title>\n<meta name=\"description\" content=\"Military UAV has increased exponentially in the recent years.\u00a0 They are used for civilian government of autonomous aerial systems or drones.\" \/>\n<meta name=\"robots\" content=\"index, follow, max-snippet:-1, max-image-preview:large, max-video-preview:-1\" \/>\n<link rel=\"canonical\" href=\"https:\/\/spacebridge.com\/fr\/uav-communication-on-the-move\/\" \/>\n<meta property=\"og:locale\" content=\"fr_FR\" \/>\n<meta property=\"og:type\" content=\"article\" \/>\n<meta property=\"og:title\" content=\"UAV Communication on the move - Spacebridge Inc.\" \/>\n<meta property=\"og:description\" content=\"Military UAV has increased exponentially in the recent years.\u00a0 They are used for civilian government of autonomous aerial systems or drones.\" \/>\n<meta property=\"og:url\" content=\"https:\/\/spacebridge.com\/fr\/uav-communication-on-the-move\/\" \/>\n<meta property=\"og:site_name\" content=\"Spacebridge Inc.\" \/>\n<meta property=\"article:modified_time\" content=\"2024-09-13T15:11:31+00:00\" \/>\n<meta property=\"og:image\" content=\"https:\/\/spacebridge.com\/wp-content\/uploads\/2024\/02\/SpaceBridge-logo-no-tagline-full-color-on-white-or-blue.png\" \/>\n\t<meta property=\"og:image:width\" content=\"1474\" \/>\n\t<meta property=\"og:image:height\" content=\"730\" \/>\n\t<meta property=\"og:image:type\" content=\"image\/png\" \/>\n<meta name=\"twitter:card\" content=\"summary_large_image\" \/>\n<meta name=\"twitter:label1\" content=\"Dur\u00e9e de lecture estim\u00e9e\" \/>\n\t<meta name=\"twitter:data1\" content=\"3 minutes\" \/>\n<script type=\"application\/ld+json\" class=\"yoast-schema-graph\">{\"@context\":\"https:\\\/\\\/schema.org\",\"@graph\":[{\"@type\":\"WebPage\",\"@id\":\"https:\\\/\\\/spacebridge.com\\\/uav-communication-on-the-move\\\/\",\"url\":\"https:\\\/\\\/spacebridge.com\\\/uav-communication-on-the-move\\\/\",\"name\":\"UAV Communication on the move - Spacebridge Inc.\",\"isPartOf\":{\"@id\":\"https:\\\/\\\/spacebridge.com\\\/#website\"},\"datePublished\":\"2022-03-02T20:35:49+00:00\",\"dateModified\":\"2024-09-13T15:11:31+00:00\",\"description\":\"Military UAV has increased exponentially in the recent years.\u00a0 They are used for civilian government of autonomous aerial systems or drones.\",\"breadcrumb\":{\"@id\":\"https:\\\/\\\/spacebridge.com\\\/uav-communication-on-the-move\\\/#breadcrumb\"},\"inLanguage\":\"fr-FR\",\"potentialAction\":[{\"@type\":\"ReadAction\",\"target\":[\"https:\\\/\\\/spacebridge.com\\\/uav-communication-on-the-move\\\/\"]}]},{\"@type\":\"BreadcrumbList\",\"@id\":\"https:\\\/\\\/spacebridge.com\\\/uav-communication-on-the-move\\\/#breadcrumb\",\"itemListElement\":[{\"@type\":\"ListItem\",\"position\":1,\"name\":\"Home\",\"item\":\"https:\\\/\\\/spacebridge.com\\\/\"},{\"@type\":\"ListItem\",\"position\":2,\"name\":\"UAV Communication on the move\"}]},{\"@type\":\"WebSite\",\"@id\":\"https:\\\/\\\/spacebridge.com\\\/#website\",\"url\":\"https:\\\/\\\/spacebridge.com\\\/\",\"name\":\"Spacebridge Inc.\",\"description\":\"Broadband Satellite Communications Systems\",\"publisher\":{\"@id\":\"https:\\\/\\\/spacebridge.com\\\/#organization\"},\"potentialAction\":[{\"@type\":\"SearchAction\",\"target\":{\"@type\":\"EntryPoint\",\"urlTemplate\":\"https:\\\/\\\/spacebridge.com\\\/?s={search_term_string}\"},\"query-input\":{\"@type\":\"PropertyValueSpecification\",\"valueRequired\":true,\"valueName\":\"search_term_string\"}}],\"inLanguage\":\"fr-FR\"},{\"@type\":\"Organization\",\"@id\":\"https:\\\/\\\/spacebridge.com\\\/#organization\",\"name\":\"SpaceBridge Inc.\",\"url\":\"https:\\\/\\\/spacebridge.com\\\/\",\"logo\":{\"@type\":\"ImageObject\",\"inLanguage\":\"fr-FR\",\"@id\":\"https:\\\/\\\/spacebridge.com\\\/#\\\/schema\\\/logo\\\/image\\\/\",\"url\":\"https:\\\/\\\/spacebridge.com\\\/wp-content\\\/uploads\\\/2024\\\/02\\\/SpaceBridge-logo-no-tagline-full-color-on-white-or-blue.png\",\"contentUrl\":\"https:\\\/\\\/spacebridge.com\\\/wp-content\\\/uploads\\\/2024\\\/02\\\/SpaceBridge-logo-no-tagline-full-color-on-white-or-blue.png\",\"width\":1474,\"height\":730,\"caption\":\"SpaceBridge Inc.\"},\"image\":{\"@id\":\"https:\\\/\\\/spacebridge.com\\\/#\\\/schema\\\/logo\\\/image\\\/\"},\"sameAs\":[\"https:\\\/\\\/www.linkedin.com\\\/company\\\/spacebridgeinc\\\/\"]}]}<\/script>\n<!-- \/ Yoast SEO plugin. -->","yoast_head_json":{"title":"UAV Communication on the move - Spacebridge Inc.","description":"Military UAV has increased exponentially in the recent years.\u00a0 They are used for civilian government of autonomous aerial systems or drones.","robots":{"index":"index","follow":"follow","max-snippet":"max-snippet:-1","max-image-preview":"max-image-preview:large","max-video-preview":"max-video-preview:-1"},"canonical":"https:\/\/spacebridge.com\/fr\/uav-communication-on-the-move\/","og_locale":"fr_FR","og_type":"article","og_title":"UAV Communication on the move - Spacebridge Inc.","og_description":"Military UAV has increased exponentially in the recent years.\u00a0 They are used for civilian government of autonomous aerial systems or drones.","og_url":"https:\/\/spacebridge.com\/fr\/uav-communication-on-the-move\/","og_site_name":"Spacebridge Inc.","article_modified_time":"2024-09-13T15:11:31+00:00","og_image":[{"width":1474,"height":730,"url":"https:\/\/spacebridge.com\/wp-content\/uploads\/2024\/02\/SpaceBridge-logo-no-tagline-full-color-on-white-or-blue.png","type":"image\/png"}],"twitter_card":"summary_large_image","twitter_misc":{"Dur\u00e9e de lecture estim\u00e9e":"3 minutes"},"schema":{"@context":"https:\/\/schema.org","@graph":[{"@type":"WebPage","@id":"https:\/\/spacebridge.com\/uav-communication-on-the-move\/","url":"https:\/\/spacebridge.com\/uav-communication-on-the-move\/","name":"UAV Communication on the move - Spacebridge Inc.","isPartOf":{"@id":"https:\/\/spacebridge.com\/#website"},"datePublished":"2022-03-02T20:35:49+00:00","dateModified":"2024-09-13T15:11:31+00:00","description":"Military UAV has increased exponentially in the recent years.\u00a0 They are used for civilian government of autonomous aerial systems or drones.","breadcrumb":{"@id":"https:\/\/spacebridge.com\/uav-communication-on-the-move\/#breadcrumb"},"inLanguage":"fr-FR","potentialAction":[{"@type":"ReadAction","target":["https:\/\/spacebridge.com\/uav-communication-on-the-move\/"]}]},{"@type":"BreadcrumbList","@id":"https:\/\/spacebridge.com\/uav-communication-on-the-move\/#breadcrumb","itemListElement":[{"@type":"ListItem","position":1,"name":"Home","item":"https:\/\/spacebridge.com\/"},{"@type":"ListItem","position":2,"name":"UAV Communication on the move"}]},{"@type":"WebSite","@id":"https:\/\/spacebridge.com\/#website","url":"https:\/\/spacebridge.com\/","name":"Spacebridge Inc.","description":"Broadband Satellite Communications Systems","publisher":{"@id":"https:\/\/spacebridge.com\/#organization"},"potentialAction":[{"@type":"SearchAction","target":{"@type":"EntryPoint","urlTemplate":"https:\/\/spacebridge.com\/?s={search_term_string}"},"query-input":{"@type":"PropertyValueSpecification","valueRequired":true,"valueName":"search_term_string"}}],"inLanguage":"fr-FR"},{"@type":"Organization","@id":"https:\/\/spacebridge.com\/#organization","name":"SpaceBridge Inc.","url":"https:\/\/spacebridge.com\/","logo":{"@type":"ImageObject","inLanguage":"fr-FR","@id":"https:\/\/spacebridge.com\/#\/schema\/logo\/image\/","url":"https:\/\/spacebridge.com\/wp-content\/uploads\/2024\/02\/SpaceBridge-logo-no-tagline-full-color-on-white-or-blue.png","contentUrl":"https:\/\/spacebridge.com\/wp-content\/uploads\/2024\/02\/SpaceBridge-logo-no-tagline-full-color-on-white-or-blue.png","width":1474,"height":730,"caption":"SpaceBridge Inc."},"image":{"@id":"https:\/\/spacebridge.com\/#\/schema\/logo\/image\/"},"sameAs":["https:\/\/www.linkedin.com\/company\/spacebridgeinc\/"]}]}},"_links":{"self":[{"href":"https:\/\/spacebridge.com\/fr\/wp-json\/wp\/v2\/pages\/6722","targetHints":{"allow":["GET"]}}],"collection":[{"href":"https:\/\/spacebridge.com\/fr\/wp-json\/wp\/v2\/pages"}],"about":[{"href":"https:\/\/spacebridge.com\/fr\/wp-json\/wp\/v2\/types\/page"}],"author":[{"embeddable":true,"href":"https:\/\/spacebridge.com\/fr\/wp-json\/wp\/v2\/users\/13"}],"replies":[{"embeddable":true,"href":"https:\/\/spacebridge.com\/fr\/wp-json\/wp\/v2\/comments?post=6722"}],"version-history":[{"count":97,"href":"https:\/\/spacebridge.com\/fr\/wp-json\/wp\/v2\/pages\/6722\/revisions"}],"predecessor-version":[{"id":11522,"href":"https:\/\/spacebridge.com\/fr\/wp-json\/wp\/v2\/pages\/6722\/revisions\/11522"}],"wp:attachment":[{"href":"https:\/\/spacebridge.com\/fr\/wp-json\/wp\/v2\/media?parent=6722"}],"curies":[{"name":"wp","href":"https:\/\/api.w.org\/{rel}","templated":true}]}}