{"id":6717,"date":"2022-03-02T20:31:18","date_gmt":"2022-03-02T20:31:18","guid":{"rendered":"https:\/\/spacebridge.com\/?page_id=6717"},"modified":"2024-09-13T15:11:07","modified_gmt":"2024-09-13T15:11:07","slug":"air-traffic-control","status":"publish","type":"page","link":"https:\/\/spacebridge.com\/fr\/air-traffic-control\/","title":{"rendered":"Contr\u00f4le du trafic a\u00e9rien"},"content":{"rendered":"<div data-elementor-type=\"wp-page\" data-elementor-id=\"6717\" class=\"elementor elementor-6717\" data-elementor-post-type=\"page\">\n\t\t\t\t\t\t<section class=\"elementor-section elementor-top-section elementor-element elementor-element-03148b2 ot-traditional elementor-section-boxed elementor-section-height-default elementor-section-height-default\" data-id=\"03148b2\" data-element_type=\"section\" data-e-type=\"section\">\n\t\t\t\t\t\t<div class=\"elementor-container elementor-column-gap-default\">\n\t\t\t\t\t<div class=\"elementor-column elementor-col-100 elementor-top-column elementor-element elementor-element-eb5d4da ot-flex-column-vertical\" data-id=\"eb5d4da\" data-element_type=\"column\" data-e-type=\"column\">\n\t\t\t<div class=\"elementor-widget-wrap elementor-element-populated\">\n\t\t\t\t\t\t<div class=\"elementor-element elementor-element-1e6ec0d elementor-widget elementor-widget-text-editor\" data-id=\"1e6ec0d\" data-element_type=\"widget\" data-e-type=\"widget\" data-widget_type=\"text-editor.default\">\n\t\t\t\t<div class=\"elementor-widget-container\">\n\t\t\t\t\t\t\t\t\t<p>Pour les autorit\u00e9s charg\u00e9es du contr\u00f4le du trafic a\u00e9rien (ATC), il est essentiel de garantir le plus haut niveau de s\u00e9curit\u00e9 aux passagers. En effet, la fiabilit\u00e9 des communications vocales et de donn\u00e9es entre les contr\u00f4leurs a\u00e9riens et les pilotes est l'un des \u00e9l\u00e9ments cruciaux pour assurer la s\u00e9curit\u00e9 des passagers.<\/p><p>\u00a0C'est pourquoi SpaceBridge propose une solution unique bas\u00e9e sur notre syst\u00e8me prim\u00e9 WaveSwitch<sup>\u2122<\/sup>\u00a0technologie. Elle fournit efficacement des services de communication et de navigation a\u00e9rienne par satellite. Cette solution suit les normes et les pratiques recommand\u00e9es avec le concept de s\u00e9curit\u00e9 op\u00e9rationnelle du CNS\/ATM (Communications, Navigation, Surveillance \/ Gestion du trafic a\u00e9rien) \u00e9tabli et recommand\u00e9 par l'OACI (Organisation A\u00e9ronautique Civile Internationale). En fait, non seulement notre solution r\u00e9pond aux normes d'applications critiques de s\u00e9curit\u00e9 requises pour la gestion du trafic a\u00e9rien, mais contrairement \u00e0 d'autres, le flexible WaveSwitch<sup>\u2122\u00a0<\/sup>\u00a0permet \u00e9galement aux op\u00e9rateurs de mettre en \u0153uvre des r\u00e9seaux en \u00e9toile et des r\u00e9seaux maill\u00e9s au sein de la m\u00eame plateforme. Elle combine la hi\u00e9rarchisation du trafic afin d'augmenter les performances et l'efficacit\u00e9.<\/p><p>De plus, la solution SpaceBridge, con\u00e7ue pour fournir une latence minimale, offre la plus haute qualit\u00e9 de service (QoS) afin de r\u00e9pondre aux exigences de transmission s\u00e9curis\u00e9e de la voix op\u00e9rationnelle sur un backbone IP. Ainsi, les interfaces ATC existantes peuvent \u00eatre interconnect\u00e9es par un r\u00e9seau sur des backbones bas\u00e9s sur Ethernet\/IP. Cela se fait en maintenant un fonctionnement fiable et stable des piles de protocoles ATC.\u00a0<\/p><p>En outre, dans le cadre d'un r\u00e9seau hautement r\u00e9silient et de plans de reprise apr\u00e8s sinistre, les modems SpaceBridge U7400-M Mesh peuvent \u00eatre d\u00e9ploy\u00e9s dans des configurations redondantes. Ils se connectent \u00e0 des passerelles VSAT HUB redondantes et g\u00e9ographiquement diff\u00e9rentes afin d'offrir une disponibilit\u00e9 de 99,99999 % aux autorit\u00e9s de contr\u00f4le a\u00e9rien. En outre, ce type de solution utilise la redondance de terminal local (LTR) en liaison avec les modems U7400-M Mesh et s'int\u00e8gre \u00e0 des dispositifs de m\u00e9diation VHF externes qui convertissent les trames VHF et HF en trames Ethernet.<\/p>\t\t\t\t\t\t\t\t<\/div>\n\t\t\t\t<\/div>\n\t\t\t\t\t<\/div>\n\t\t<\/div>\n\t\t\t\t\t<\/div>\n\t\t<\/section>\n\t\t\t\t<section class=\"elementor-section elementor-top-section elementor-element elementor-element-b7a78de ot-traditional elementor-section-boxed elementor-section-height-default elementor-section-height-default\" data-id=\"b7a78de\" data-element_type=\"section\" data-e-type=\"section\">\n\t\t\t\t\t\t<div class=\"elementor-container elementor-column-gap-default\">\n\t\t\t\t\t<div class=\"elementor-column elementor-col-100 elementor-top-column elementor-element elementor-element-1fc4bbe ot-flex-column-vertical\" data-id=\"1fc4bbe\" data-element_type=\"column\" data-e-type=\"column\">\n\t\t\t<div class=\"elementor-widget-wrap elementor-element-populated\">\n\t\t\t\t\t\t<div class=\"elementor-element elementor-element-5e6117e elementor-widget elementor-widget-heading\" data-id=\"5e6117e\" data-element_type=\"widget\" data-e-type=\"widget\" data-widget_type=\"heading.default\">\n\t\t\t\t<div class=\"elementor-widget-container\">\n\t\t\t\t\t<h4 class=\"elementor-heading-title elementor-size-default\">Ressources Connexes<\/h4>\t\t\t\t<\/div>\n\t\t\t\t<\/div>\n\t\t\t\t<div class=\"elementor-element elementor-element-6df0185 related-resources-acc elementor-widget elementor-widget-iaccordions\" data-id=\"6df0185\" data-element_type=\"widget\" data-e-type=\"widget\" data-widget_type=\"iaccordions.default\">\n\t\t\t\t<div class=\"elementor-widget-container\">\n\t\t\t\t\t\r\n\t\t<div class=\"ot-accordions\">\r\n\t\t\t\t\t\t<div class=\"acc-item\">\r\n\t\t\t\t<span class=\"acc-toggle\">Fiches Techniques <i class=\"down flaticon-download-arrow\"><\/i><i class=\"up flaticon-up-arrow\"><\/i><\/span>\r\n\t\t\t\t<div class=\"acc-content\">\r\n\t\t\t\t\t<p><a href=\"https:\/\/spacebridge.com\/wp-content\/uploads\/2022\/06\/PB-U7400-DS-009-21105-fr.pdf\">U7400-M ASAT\u2122 System Mesh Satellite Modem<\/a><\/p><p><a href=\"https:\/\/spacebridge.com\/wp-content\/uploads\/2022\/02\/PB-U7780-DS-001-231123-002.pdf\">U7780 \u2013 Modem satellite MF-TDMA professionnel du syst\u00e8me ASAT\u2122<\/a><\/p><p><a href=\"https:\/\/spacebridge.com\/wp-content\/uploads\/2022\/05\/U7720-datasheet-template2-002-fr.pdf\">U7720 \u2013 Modem\/router satellite r\u00e9seau hautes performances<\/a><\/p>\t\t\t\t<\/div>\r\n\t\t\t<\/div>\r\n\t\t\t\t\t\t<div class=\"acc-item\">\r\n\t\t\t\t<span class=\"acc-toggle\">D\u00e9pliants <i class=\"down flaticon-download-arrow\"><\/i><i class=\"up flaticon-up-arrow\"><\/i><\/span>\r\n\t\t\t\t<div class=\"acc-content\">\r\n\t\t\t\t\t<p><a href=\"https:\/\/spacebridge.com\/wp-content\/uploads\/2022\/04\/PB-ASAT-SYSTEM-BR-007-22020-fr.pdf\">Brochure du syst\u00e8me ASAT<\/a><\/p><p><a href=\"https:\/\/spacebridge.com\/wp-content\/uploads\/2022\/04\/PB-ASAT-CBH-AN-007-21236-1-fr.pdf\">Description de la solution de liaisons de retour cellulaires<\/a><\/p>\t\t\t\t<\/div>\r\n\t\t\t<\/div>\r\n\t\t\t\t\t\t<div class=\"acc-item\">\r\n\t\t\t\t<span class=\"acc-toggle\">Livres Blancs <i class=\"down flaticon-download-arrow\"><\/i><i class=\"up flaticon-up-arrow\"><\/i><\/span>\r\n\t\t\t\t<div class=\"acc-content\">\r\n\t\t\t\t\t<p><a href=\"https:\/\/spacebridge.com\/wp-content\/uploads\/2022\/04\/PB-WAVESWITCH-WP-003-22020-1-fr.pdf\">Livre blanc WaveSwitch<\/a><\/p><p><a href=\"https:\/\/spacebridge.com\/wp-content\/uploads\/2022\/06\/Government-Defense-and-Home-Land-Security-White-Paper.fr_.pdf\">Livre blanc sur la s\u00e9curit\u00e9 du gouvernement et de la d\u00e9fense<\/a><\/p>\t\t\t\t<\/div>\r\n\t\t\t<\/div>\r\n\t\t\t\t\t\t<div class=\"acc-item\">\r\n\t\t\t\t<span class=\"acc-toggle\">Histoires de Succ\u00e8s <i class=\"down flaticon-download-arrow\"><\/i><i class=\"up flaticon-up-arrow\"><\/i><\/span>\r\n\t\t\t\t<div class=\"acc-content\">\r\n\t\t\t\t\t<p><a href=\"https:\/\/spacebridge.com\/wp-content\/uploads\/2022\/04\/Columbia-Aviation-21060-fr.pdf\">A\u00e9roports de Colombie - Histoire d'une r\u00e9ussite<\/a><\/p><p>\u00a0<\/p>\t\t\t\t<\/div>\r\n\t\t\t<\/div>\r\n\t\t\t\t    <\/div>\r\n\r\n\t    \t\t\t\t<\/div>\n\t\t\t\t<\/div>\n\t\t\t\t\t<\/div>\n\t\t<\/div>\n\t\t\t\t\t<\/div>\n\t\t<\/section>\n\t\t\t\t<\/div>","protected":false},"excerpt":{"rendered":"<p>For Air Traffic Control (ATC) authorities, it is essential to ensure the highest level of passenger safety. In fact, reliable voice and data communications between air traffic controllers and pilots [&hellip;]<\/p>\n","protected":false},"author":13,"featured_media":0,"parent":0,"menu_order":0,"comment_status":"closed","ping_status":"closed","template":"","meta":{"_acf_changed":false,"footnotes":""},"class_list":["post-6717","page","type-page","status-publish","hentry"],"acf":[],"yoast_head":"<!-- This site is optimized with the Yoast SEO plugin v27.3 - https:\/\/yoast.com\/product\/yoast-seo-wordpress\/ -->\n<title>Air Traffic Control - Spacebridge Inc.<\/title>\n<meta name=\"description\" content=\"Ensuring the highest level of passenger safety is essential for Air Traffic Control (ATC) authorities.\u00a0Learn how we can help.\" \/>\n<meta name=\"robots\" content=\"index, follow, max-snippet:-1, max-image-preview:large, max-video-preview:-1\" \/>\n<link rel=\"canonical\" href=\"https:\/\/spacebridge.com\/fr\/air-traffic-control\/\" \/>\n<meta property=\"og:locale\" content=\"fr_FR\" \/>\n<meta property=\"og:type\" content=\"article\" \/>\n<meta property=\"og:title\" content=\"Air Traffic Control - Spacebridge Inc.\" \/>\n<meta property=\"og:description\" content=\"Ensuring the highest level of passenger safety is essential for Air Traffic Control (ATC) authorities.\u00a0Learn how we can help.\" \/>\n<meta property=\"og:url\" content=\"https:\/\/spacebridge.com\/fr\/air-traffic-control\/\" \/>\n<meta property=\"og:site_name\" content=\"Spacebridge Inc.\" \/>\n<meta property=\"article:modified_time\" content=\"2024-09-13T15:11:07+00:00\" \/>\n<meta property=\"og:image\" content=\"https:\/\/spacebridge.com\/wp-content\/uploads\/2024\/02\/SpaceBridge-logo-no-tagline-full-color-on-white-or-blue.png\" \/>\n\t<meta property=\"og:image:width\" content=\"1474\" \/>\n\t<meta property=\"og:image:height\" content=\"730\" \/>\n\t<meta property=\"og:image:type\" content=\"image\/png\" \/>\n<meta name=\"twitter:card\" content=\"summary_large_image\" \/>\n<meta name=\"twitter:label1\" content=\"Dur\u00e9e de lecture estim\u00e9e\" \/>\n\t<meta name=\"twitter:data1\" content=\"2 minutes\" \/>\n<script type=\"application\/ld+json\" class=\"yoast-schema-graph\">{\"@context\":\"https:\\\/\\\/schema.org\",\"@graph\":[{\"@type\":\"WebPage\",\"@id\":\"https:\\\/\\\/spacebridge.com\\\/air-traffic-control\\\/\",\"url\":\"https:\\\/\\\/spacebridge.com\\\/air-traffic-control\\\/\",\"name\":\"Air Traffic Control - Spacebridge Inc.\",\"isPartOf\":{\"@id\":\"https:\\\/\\\/spacebridge.com\\\/#website\"},\"datePublished\":\"2022-03-02T20:31:18+00:00\",\"dateModified\":\"2024-09-13T15:11:07+00:00\",\"description\":\"Ensuring the highest level of passenger safety is essential for Air Traffic Control (ATC) authorities.\u00a0Learn how we can help.\",\"breadcrumb\":{\"@id\":\"https:\\\/\\\/spacebridge.com\\\/air-traffic-control\\\/#breadcrumb\"},\"inLanguage\":\"fr-FR\",\"potentialAction\":[{\"@type\":\"ReadAction\",\"target\":[\"https:\\\/\\\/spacebridge.com\\\/air-traffic-control\\\/\"]}]},{\"@type\":\"BreadcrumbList\",\"@id\":\"https:\\\/\\\/spacebridge.com\\\/air-traffic-control\\\/#breadcrumb\",\"itemListElement\":[{\"@type\":\"ListItem\",\"position\":1,\"name\":\"Home\",\"item\":\"https:\\\/\\\/spacebridge.com\\\/\"},{\"@type\":\"ListItem\",\"position\":2,\"name\":\"Air Traffic Control\"}]},{\"@type\":\"WebSite\",\"@id\":\"https:\\\/\\\/spacebridge.com\\\/#website\",\"url\":\"https:\\\/\\\/spacebridge.com\\\/\",\"name\":\"Spacebridge Inc.\",\"description\":\"Broadband Satellite Communications Systems\",\"publisher\":{\"@id\":\"https:\\\/\\\/spacebridge.com\\\/#organization\"},\"potentialAction\":[{\"@type\":\"SearchAction\",\"target\":{\"@type\":\"EntryPoint\",\"urlTemplate\":\"https:\\\/\\\/spacebridge.com\\\/?s={search_term_string}\"},\"query-input\":{\"@type\":\"PropertyValueSpecification\",\"valueRequired\":true,\"valueName\":\"search_term_string\"}}],\"inLanguage\":\"fr-FR\"},{\"@type\":\"Organization\",\"@id\":\"https:\\\/\\\/spacebridge.com\\\/#organization\",\"name\":\"SpaceBridge Inc.\",\"url\":\"https:\\\/\\\/spacebridge.com\\\/\",\"logo\":{\"@type\":\"ImageObject\",\"inLanguage\":\"fr-FR\",\"@id\":\"https:\\\/\\\/spacebridge.com\\\/#\\\/schema\\\/logo\\\/image\\\/\",\"url\":\"https:\\\/\\\/spacebridge.com\\\/wp-content\\\/uploads\\\/2024\\\/02\\\/SpaceBridge-logo-no-tagline-full-color-on-white-or-blue.png\",\"contentUrl\":\"https:\\\/\\\/spacebridge.com\\\/wp-content\\\/uploads\\\/2024\\\/02\\\/SpaceBridge-logo-no-tagline-full-color-on-white-or-blue.png\",\"width\":1474,\"height\":730,\"caption\":\"SpaceBridge Inc.\"},\"image\":{\"@id\":\"https:\\\/\\\/spacebridge.com\\\/#\\\/schema\\\/logo\\\/image\\\/\"},\"sameAs\":[\"https:\\\/\\\/www.linkedin.com\\\/company\\\/spacebridgeinc\\\/\"]}]}<\/script>\n<!-- \/ Yoast SEO plugin. -->","yoast_head_json":{"title":"Air Traffic Control - Spacebridge Inc.","description":"Ensuring the highest level of passenger safety is essential for Air Traffic Control (ATC) authorities.\u00a0Learn how we can help.","robots":{"index":"index","follow":"follow","max-snippet":"max-snippet:-1","max-image-preview":"max-image-preview:large","max-video-preview":"max-video-preview:-1"},"canonical":"https:\/\/spacebridge.com\/fr\/air-traffic-control\/","og_locale":"fr_FR","og_type":"article","og_title":"Air Traffic Control - Spacebridge Inc.","og_description":"Ensuring the highest level of passenger safety is essential for Air Traffic Control (ATC) authorities.\u00a0Learn how we can help.","og_url":"https:\/\/spacebridge.com\/fr\/air-traffic-control\/","og_site_name":"Spacebridge Inc.","article_modified_time":"2024-09-13T15:11:07+00:00","og_image":[{"width":1474,"height":730,"url":"https:\/\/spacebridge.com\/wp-content\/uploads\/2024\/02\/SpaceBridge-logo-no-tagline-full-color-on-white-or-blue.png","type":"image\/png"}],"twitter_card":"summary_large_image","twitter_misc":{"Dur\u00e9e de lecture estim\u00e9e":"2 minutes"},"schema":{"@context":"https:\/\/schema.org","@graph":[{"@type":"WebPage","@id":"https:\/\/spacebridge.com\/air-traffic-control\/","url":"https:\/\/spacebridge.com\/air-traffic-control\/","name":"Air Traffic Control - Spacebridge Inc.","isPartOf":{"@id":"https:\/\/spacebridge.com\/#website"},"datePublished":"2022-03-02T20:31:18+00:00","dateModified":"2024-09-13T15:11:07+00:00","description":"Ensuring the highest level of passenger safety is essential for Air Traffic Control (ATC) authorities.\u00a0Learn how we can help.","breadcrumb":{"@id":"https:\/\/spacebridge.com\/air-traffic-control\/#breadcrumb"},"inLanguage":"fr-FR","potentialAction":[{"@type":"ReadAction","target":["https:\/\/spacebridge.com\/air-traffic-control\/"]}]},{"@type":"BreadcrumbList","@id":"https:\/\/spacebridge.com\/air-traffic-control\/#breadcrumb","itemListElement":[{"@type":"ListItem","position":1,"name":"Home","item":"https:\/\/spacebridge.com\/"},{"@type":"ListItem","position":2,"name":"Air Traffic Control"}]},{"@type":"WebSite","@id":"https:\/\/spacebridge.com\/#website","url":"https:\/\/spacebridge.com\/","name":"Spacebridge Inc.","description":"Broadband Satellite Communications Systems","publisher":{"@id":"https:\/\/spacebridge.com\/#organization"},"potentialAction":[{"@type":"SearchAction","target":{"@type":"EntryPoint","urlTemplate":"https:\/\/spacebridge.com\/?s={search_term_string}"},"query-input":{"@type":"PropertyValueSpecification","valueRequired":true,"valueName":"search_term_string"}}],"inLanguage":"fr-FR"},{"@type":"Organization","@id":"https:\/\/spacebridge.com\/#organization","name":"SpaceBridge Inc.","url":"https:\/\/spacebridge.com\/","logo":{"@type":"ImageObject","inLanguage":"fr-FR","@id":"https:\/\/spacebridge.com\/#\/schema\/logo\/image\/","url":"https:\/\/spacebridge.com\/wp-content\/uploads\/2024\/02\/SpaceBridge-logo-no-tagline-full-color-on-white-or-blue.png","contentUrl":"https:\/\/spacebridge.com\/wp-content\/uploads\/2024\/02\/SpaceBridge-logo-no-tagline-full-color-on-white-or-blue.png","width":1474,"height":730,"caption":"SpaceBridge Inc."},"image":{"@id":"https:\/\/spacebridge.com\/#\/schema\/logo\/image\/"},"sameAs":["https:\/\/www.linkedin.com\/company\/spacebridgeinc\/"]}]}},"_links":{"self":[{"href":"https:\/\/spacebridge.com\/fr\/wp-json\/wp\/v2\/pages\/6717","targetHints":{"allow":["GET"]}}],"collection":[{"href":"https:\/\/spacebridge.com\/fr\/wp-json\/wp\/v2\/pages"}],"about":[{"href":"https:\/\/spacebridge.com\/fr\/wp-json\/wp\/v2\/types\/page"}],"author":[{"embeddable":true,"href":"https:\/\/spacebridge.com\/fr\/wp-json\/wp\/v2\/users\/13"}],"replies":[{"embeddable":true,"href":"https:\/\/spacebridge.com\/fr\/wp-json\/wp\/v2\/comments?post=6717"}],"version-history":[{"count":79,"href":"https:\/\/spacebridge.com\/fr\/wp-json\/wp\/v2\/pages\/6717\/revisions"}],"predecessor-version":[{"id":12298,"href":"https:\/\/spacebridge.com\/fr\/wp-json\/wp\/v2\/pages\/6717\/revisions\/12298"}],"wp:attachment":[{"href":"https:\/\/spacebridge.com\/fr\/wp-json\/wp\/v2\/media?parent=6717"}],"curies":[{"name":"wp","href":"https:\/\/api.w.org\/{rel}","templated":true}]}}