{"id":6654,"date":"2022-03-02T18:58:10","date_gmt":"2022-03-02T18:58:10","guid":{"rendered":"https:\/\/spacebridge.com\/?page_id=6654"},"modified":"2024-09-13T15:34:27","modified_gmt":"2024-09-13T15:34:27","slug":"financial-institutions","status":"publish","type":"page","link":"https:\/\/spacebridge.com\/fr\/financial-institutions\/","title":{"rendered":"Guichet automatique et institutions financi\u00e8res"},"content":{"rendered":"<div data-elementor-type=\"wp-page\" data-elementor-id=\"6654\" class=\"elementor elementor-6654\" data-elementor-post-type=\"page\">\n\t\t\t\t\t\t<section class=\"elementor-section elementor-top-section elementor-element elementor-element-7c7dd50 ot-traditional elementor-section-boxed elementor-section-height-default elementor-section-height-default\" data-id=\"7c7dd50\" data-element_type=\"section\" data-e-type=\"section\">\n\t\t\t\t\t\t<div class=\"elementor-container elementor-column-gap-default\">\n\t\t\t\t\t<div class=\"elementor-column elementor-col-100 elementor-top-column elementor-element elementor-element-377e1ca ot-flex-column-vertical\" data-id=\"377e1ca\" data-element_type=\"column\" data-e-type=\"column\">\n\t\t\t<div class=\"elementor-widget-wrap elementor-element-populated\">\n\t\t\t\t\t\t<div class=\"elementor-element elementor-element-ea90ff2 elementor-widget elementor-widget-text-editor\" data-id=\"ea90ff2\" data-element_type=\"widget\" data-e-type=\"widget\" data-widget_type=\"text-editor.default\">\n\t\t\t\t<div class=\"elementor-widget-container\">\n\t\t\t\t\t\t\t\t\t<p>Les institutions financi\u00e8res, les banques de d\u00e9tail, les assurances, les services de d\u00e9tail, les r\u00e9seaux de guichets automatiques et les loteries sont parmi celles qui peuvent avoir besoin de r\u00e9seaux de donn\u00e9es pour \u00e9voluer vers des centaines ou des milliers de sites distants dans un r\u00e9seau d'entreprise s\u00e9curis\u00e9 et g\u00e9r\u00e9 de mani\u00e8re centralis\u00e9e. En outre, les applications industrielles IoT\/ M2M peuvent aller de la connectivit\u00e9 des r\u00e9seaux de traitement des transactions \u00e0 la vid\u00e9osurveillance, en passant par les kiosques num\u00e9riques et la distribution de panneaux de signalisation.<\/p><div class=\"more_info_content\"><p>En fait, les r\u00e9seaux VSAT peuvent diffuser efficacement des donn\u00e9es vers un nombre pratiquement illimit\u00e9 d'emplacements dans l'empreinte d'un satellite. Ils le font tout en fournissant une qualit\u00e9 de service uniforme pour les r\u00e9seaux de donn\u00e9es IP financiers et transactionnels.<\/p><p>Ainsi, contrairement aux lignes terrestres, la bande passante du satellite peut \u00eatre partag\u00e9e entre tous les sites dans les r\u00e9seaux point \u00e0 multipoint. Cela permet de r\u00e9aliser d'importantes \u00e9conomies de bande passante par site pour certains types de r\u00e9seaux IoT.\u00a0 Par exemple, pour les services transactionnels qui ne n\u00e9cessitent que de petites quantit\u00e9s de donn\u00e9es \"en rafale\", comme les distributeurs automatiques de billets. En outre, la capacit\u00e9 satellitaire peut \u00eatre partag\u00e9e de mani\u00e8re fiable entre des centaines de terminaux. Ainsi, le co\u00fbt par site est inf\u00e9rieur au co\u00fbt terrestre dans certaines r\u00e9gions.<\/p><p>En outre, pour les institutions financi\u00e8res, les cha\u00eenes de magasins et les r\u00e9seaux nationaux, les VSAT sont facilement install\u00e9s dans des sites ruraux et \u00e9loign\u00e9s o\u00f9 les lignes terrestres ou le service cellulaire ne sont pas disponibles ou abordables.<\/p><p>Pour les r\u00e9seaux ATM, la loterie financi\u00e8re et les exigences similaires, le SpaceBridge C7700 IoT VSAT utilisant un r\u00e9seau VSAT ASAT IITM offre des configurations pour un comportement transactionnel \u00e0 faible d\u00e9bit de donn\u00e9es avec une gigue minimale et un retard r\u00e9duit.<\/p><p>En outre, pour une capacit\u00e9 IP \u00e0 tr\u00e8s haut d\u00e9bit, les modems U7780 et U7800 offrent un d\u00e9bit encore plus \u00e9lev\u00e9 et des fonctions suppl\u00e9mentaires de performance et de gestion du r\u00e9seau IP.<\/p><h6>WaveSwitch\u00a0<\/h6><p>La technologie SpaceBridge WaveSwitch\u2122 optimise de mani\u00e8re transparente la m\u00e9thode d'acc\u00e8s par satellite s\u00e9lectionn\u00e9e afin de r\u00e9pondre aux diff\u00e9rentes exigences des applications des clients en temps r\u00e9el. De plus, ce premier syst\u00e8me VSAT de l'industrie, dot\u00e9 d'une commutation de forme d'onde \" \u00e0 la vol\u00e9e \", alloue la bande passante aux sites ou aux groupes en temps r\u00e9el \u00e0 partir d'un pool commun de segment spatial de bande passante. WaveSwitch<sup>\u2122<\/sup>\u00a0s\u00e9lectionne dynamiquement la forme d'onde RCSX\u2122 de SpaceBridge, leader de l'industrie.<\/p><\/div>\t\t\t\t\t\t\t\t<\/div>\n\t\t\t\t<\/div>\n\t\t\t\t\t<\/div>\n\t\t<\/div>\n\t\t\t\t\t<\/div>\n\t\t<\/section>\n\t\t\t\t<section class=\"elementor-section elementor-top-section elementor-element elementor-element-34f00f4 ot-traditional elementor-section-boxed elementor-section-height-default elementor-section-height-default\" data-id=\"34f00f4\" data-element_type=\"section\" data-e-type=\"section\">\n\t\t\t\t\t\t<div class=\"elementor-container elementor-column-gap-default\">\n\t\t\t\t\t<div class=\"elementor-column elementor-col-100 elementor-top-column elementor-element elementor-element-8a996fe ot-flex-column-vertical\" data-id=\"8a996fe\" data-element_type=\"column\" data-e-type=\"column\">\n\t\t\t<div class=\"elementor-widget-wrap elementor-element-populated\">\n\t\t\t\t\t\t<div class=\"elementor-element elementor-element-30a3851 elementor-widget elementor-widget-heading\" data-id=\"30a3851\" data-element_type=\"widget\" data-e-type=\"widget\" data-widget_type=\"heading.default\">\n\t\t\t\t<div class=\"elementor-widget-container\">\n\t\t\t\t\t<h4 class=\"elementor-heading-title elementor-size-default\">Ressources Connexes<\/h4>\t\t\t\t<\/div>\n\t\t\t\t<\/div>\n\t\t\t\t<div class=\"elementor-element elementor-element-8cc2c66 related-resources-acc elementor-widget elementor-widget-iaccordions\" data-id=\"8cc2c66\" data-element_type=\"widget\" data-e-type=\"widget\" data-widget_type=\"iaccordions.default\">\n\t\t\t\t<div class=\"elementor-widget-container\">\n\t\t\t\t\t\r\n\t\t<div class=\"ot-accordions\">\r\n\t\t\t\t\t\t<div class=\"acc-item\">\r\n\t\t\t\t<span class=\"acc-toggle\">Fiches Techniques <i class=\"down flaticon-download-arrow\"><\/i><i class=\"up flaticon-up-arrow\"><\/i><\/span>\r\n\t\t\t\t<div class=\"acc-content\">\r\n\t\t\t\t\t<p><a href=\"https:\/\/spacebridge.com\/wp-content\/uploads\/2022\/02\/C7700-DS-20231113R03.pdf\">C7700 - Modem\/appareil satellite \u00e0 large bande du syst\u00e8me ASAT\u2122<\/a><\/p><p><a href=\"https:\/\/spacebridge.com\/wp-content\/uploads\/2022\/05\/U7720-datasheet-template2-002-fr.pdf\">U7720 \u2013 Modem\/router satellite r\u00e9seau hautes performances<\/a><\/p>\t\t\t\t<\/div>\r\n\t\t\t<\/div>\r\n\t\t\t\t\t\t<div class=\"acc-item\">\r\n\t\t\t\t<span class=\"acc-toggle\">D\u00e9pliants <i class=\"down flaticon-download-arrow\"><\/i><i class=\"up flaticon-up-arrow\"><\/i><\/span>\r\n\t\t\t\t<div class=\"acc-content\">\r\n\t\t\t\t\t<p><a href=\"https:\/\/spacebridge.com\/wp-content\/uploads\/2022\/04\/PB-ASAT-SYSTEM-BR-007-22020-fr.pdf\">Brochure du syst\u00e8me ASAT<\/a><\/p><p><a href=\"https:\/\/spacebridge.com\/wp-content\/uploads\/2022\/04\/PB-ASAT-CBH-AN-007-21236-1-fr.pdf\">Description de la solution de liaisons de retour cellulaires<\/a><\/p>\t\t\t\t<\/div>\r\n\t\t\t<\/div>\r\n\t\t\t\t\t\t<div class=\"acc-item\">\r\n\t\t\t\t<span class=\"acc-toggle\">Livres Blancs <i class=\"down flaticon-download-arrow\"><\/i><i class=\"up flaticon-up-arrow\"><\/i><\/span>\r\n\t\t\t\t<div class=\"acc-content\">\r\n\t\t\t\t\t<p><a href=\"https:\/\/spacebridge.com\/wp-content\/uploads\/2022\/04\/PB-IOT-WP-003-21061-1-fr.pdf\">Livre blanc sur l'IdO<\/a><\/p><p><a href=\"https:\/\/spacebridge.com\/wp-content\/uploads\/2022\/07\/Internet-of-Things-IoT-Machine-to-Machine-M2M-fr.pdf\">IIoT, services publics, mines, loterie, banques ATM, O&amp;G - Livre blanc<\/a><\/p><p><a href=\"https:\/\/spacebridge.com\/wp-content\/uploads\/2022\/06\/banking-financial-inclusion_2021.pdf\">Livre blanc sur l'inclusion financi\u00e8re<\/a><\/p><p><a href=\"https:\/\/spacebridge.com\/wp-content\/uploads\/2022\/04\/PB-WAVESWITCH-WP-003-22020-1-fr.pdf\">Livre blanc WaveSwitch<\/a><\/p>\t\t\t\t<\/div>\r\n\t\t\t<\/div>\r\n\t\t\t\t\t\t<div class=\"acc-item\">\r\n\t\t\t\t<span class=\"acc-toggle\">Histoires de Succ\u00e8s <i class=\"down flaticon-download-arrow\"><\/i><i class=\"up flaticon-up-arrow\"><\/i><\/span>\r\n\t\t\t\t<div class=\"acc-content\">\r\n\t\t\t\t\t<p><a href=\"https:\/\/spacebridge.com\/wp-content\/uploads\/2022\/06\/Penoles-fr.pdf\">Pe\u00f1oles - Histoire d'une r\u00e9ussite<\/a><\/p><p><a href=\"https:\/\/spacebridge.com\/wp-content\/uploads\/2022\/06\/Claro-Chile-fr.pdf\">Claro Chile - CBH 3-4G - Histoire d'une r\u00e9ussite<\/a><\/p><p><a href=\"https:\/\/spacebridge.com\/wp-content\/uploads\/2022\/04\/Claro-Argentina-21060-fr.pdf\">Claro Argentina CBH - Histoire d'une r\u00e9ussite<\/a><\/p><p><a href=\"https:\/\/spacebridge.com\/wp-content\/uploads\/2022\/04\/CBH-Brazil-21060-fr.pdf\">CBH Br\u00e9sil - Histoire d'une r\u00e9ussite <\/a><\/p>\t\t\t\t<\/div>\r\n\t\t\t<\/div>\r\n\t\t\t\t    <\/div>\r\n\r\n\t    \t\t\t\t<\/div>\n\t\t\t\t<\/div>\n\t\t\t\t\t<\/div>\n\t\t<\/div>\n\t\t\t\t\t<\/div>\n\t\t<\/section>\n\t\t\t\t<\/div>","protected":false},"excerpt":{"rendered":"<p>Financial institutions, retail banks, insurance, retail service, ATM networks and lottery are among those that can require data networks to scale to hundreds or thousands of remote locations in a [&hellip;]<\/p>\n","protected":false},"author":13,"featured_media":0,"parent":0,"menu_order":0,"comment_status":"closed","ping_status":"closed","template":"","meta":{"_acf_changed":false,"footnotes":""},"class_list":["post-6654","page","type-page","status-publish","hentry"],"acf":[],"yoast_head":"<!-- This site is optimized with the Yoast SEO plugin v27.3 - https:\/\/yoast.com\/product\/yoast-seo-wordpress\/ -->\n<title>ATMs &amp;                                Financial Institutions - Spacebridge Inc.<\/title>\n<meta name=\"description\" content=\"Financial institutions, retail banks and service, ATM networks, Lottery, are among those that can require data networks for remote locations.\" \/>\n<meta name=\"robots\" content=\"index, follow, max-snippet:-1, max-image-preview:large, max-video-preview:-1\" \/>\n<link rel=\"canonical\" href=\"https:\/\/spacebridge.com\/fr\/financial-institutions\/\" \/>\n<meta property=\"og:locale\" content=\"fr_FR\" \/>\n<meta property=\"og:type\" content=\"article\" \/>\n<meta property=\"og:title\" content=\"ATMs &amp;                                Financial Institutions - Spacebridge Inc.\" \/>\n<meta property=\"og:description\" content=\"Financial institutions, retail banks and service, ATM networks, Lottery, are among those that can require data networks for remote locations.\" \/>\n<meta property=\"og:url\" content=\"https:\/\/spacebridge.com\/fr\/financial-institutions\/\" \/>\n<meta property=\"og:site_name\" content=\"Spacebridge Inc.\" \/>\n<meta property=\"article:modified_time\" content=\"2024-09-13T15:34:27+00:00\" \/>\n<meta property=\"og:image\" content=\"https:\/\/spacebridge.com\/wp-content\/uploads\/2024\/02\/SpaceBridge-logo-no-tagline-full-color-on-white-or-blue.png\" \/>\n\t<meta property=\"og:image:width\" content=\"1474\" \/>\n\t<meta property=\"og:image:height\" content=\"730\" \/>\n\t<meta property=\"og:image:type\" content=\"image\/png\" \/>\n<meta name=\"twitter:card\" content=\"summary_large_image\" \/>\n<meta name=\"twitter:label1\" content=\"Dur\u00e9e de lecture estim\u00e9e\" \/>\n\t<meta name=\"twitter:data1\" content=\"2 minutes\" \/>\n<script type=\"application\/ld+json\" class=\"yoast-schema-graph\">{\"@context\":\"https:\\\/\\\/schema.org\",\"@graph\":[{\"@type\":\"WebPage\",\"@id\":\"https:\\\/\\\/spacebridge.com\\\/financial-institutions\\\/\",\"url\":\"https:\\\/\\\/spacebridge.com\\\/financial-institutions\\\/\",\"name\":\"ATMs & Financial Institutions - Spacebridge Inc.\",\"isPartOf\":{\"@id\":\"https:\\\/\\\/spacebridge.com\\\/#website\"},\"datePublished\":\"2022-03-02T18:58:10+00:00\",\"dateModified\":\"2024-09-13T15:34:27+00:00\",\"description\":\"Financial institutions, retail banks and service, ATM networks, Lottery, are among those that can require data networks for remote locations.\",\"breadcrumb\":{\"@id\":\"https:\\\/\\\/spacebridge.com\\\/financial-institutions\\\/#breadcrumb\"},\"inLanguage\":\"fr-FR\",\"potentialAction\":[{\"@type\":\"ReadAction\",\"target\":[\"https:\\\/\\\/spacebridge.com\\\/financial-institutions\\\/\"]}]},{\"@type\":\"BreadcrumbList\",\"@id\":\"https:\\\/\\\/spacebridge.com\\\/financial-institutions\\\/#breadcrumb\",\"itemListElement\":[{\"@type\":\"ListItem\",\"position\":1,\"name\":\"Home\",\"item\":\"https:\\\/\\\/spacebridge.com\\\/\"},{\"@type\":\"ListItem\",\"position\":2,\"name\":\"ATMs &#038; Financial Institutions\"}]},{\"@type\":\"WebSite\",\"@id\":\"https:\\\/\\\/spacebridge.com\\\/#website\",\"url\":\"https:\\\/\\\/spacebridge.com\\\/\",\"name\":\"Spacebridge Inc.\",\"description\":\"Broadband Satellite Communications Systems\",\"publisher\":{\"@id\":\"https:\\\/\\\/spacebridge.com\\\/#organization\"},\"potentialAction\":[{\"@type\":\"SearchAction\",\"target\":{\"@type\":\"EntryPoint\",\"urlTemplate\":\"https:\\\/\\\/spacebridge.com\\\/?s={search_term_string}\"},\"query-input\":{\"@type\":\"PropertyValueSpecification\",\"valueRequired\":true,\"valueName\":\"search_term_string\"}}],\"inLanguage\":\"fr-FR\"},{\"@type\":\"Organization\",\"@id\":\"https:\\\/\\\/spacebridge.com\\\/#organization\",\"name\":\"SpaceBridge Inc.\",\"url\":\"https:\\\/\\\/spacebridge.com\\\/\",\"logo\":{\"@type\":\"ImageObject\",\"inLanguage\":\"fr-FR\",\"@id\":\"https:\\\/\\\/spacebridge.com\\\/#\\\/schema\\\/logo\\\/image\\\/\",\"url\":\"https:\\\/\\\/spacebridge.com\\\/wp-content\\\/uploads\\\/2024\\\/02\\\/SpaceBridge-logo-no-tagline-full-color-on-white-or-blue.png\",\"contentUrl\":\"https:\\\/\\\/spacebridge.com\\\/wp-content\\\/uploads\\\/2024\\\/02\\\/SpaceBridge-logo-no-tagline-full-color-on-white-or-blue.png\",\"width\":1474,\"height\":730,\"caption\":\"SpaceBridge Inc.\"},\"image\":{\"@id\":\"https:\\\/\\\/spacebridge.com\\\/#\\\/schema\\\/logo\\\/image\\\/\"},\"sameAs\":[\"https:\\\/\\\/www.linkedin.com\\\/company\\\/spacebridgeinc\\\/\"]}]}<\/script>\n<!-- \/ Yoast SEO plugin. -->","yoast_head_json":{"title":"ATMs &                                Financial Institutions - Spacebridge Inc.","description":"Financial institutions, retail banks and service, ATM networks, Lottery, are among those that can require data networks for remote locations.","robots":{"index":"index","follow":"follow","max-snippet":"max-snippet:-1","max-image-preview":"max-image-preview:large","max-video-preview":"max-video-preview:-1"},"canonical":"https:\/\/spacebridge.com\/fr\/financial-institutions\/","og_locale":"fr_FR","og_type":"article","og_title":"ATMs &                                Financial Institutions - Spacebridge Inc.","og_description":"Financial institutions, retail banks and service, ATM networks, Lottery, are among those that can require data networks for remote locations.","og_url":"https:\/\/spacebridge.com\/fr\/financial-institutions\/","og_site_name":"Spacebridge Inc.","article_modified_time":"2024-09-13T15:34:27+00:00","og_image":[{"width":1474,"height":730,"url":"https:\/\/spacebridge.com\/wp-content\/uploads\/2024\/02\/SpaceBridge-logo-no-tagline-full-color-on-white-or-blue.png","type":"image\/png"}],"twitter_card":"summary_large_image","twitter_misc":{"Dur\u00e9e de lecture estim\u00e9e":"2 minutes"},"schema":{"@context":"https:\/\/schema.org","@graph":[{"@type":"WebPage","@id":"https:\/\/spacebridge.com\/financial-institutions\/","url":"https:\/\/spacebridge.com\/financial-institutions\/","name":"ATMs & Financial Institutions - Spacebridge Inc.","isPartOf":{"@id":"https:\/\/spacebridge.com\/#website"},"datePublished":"2022-03-02T18:58:10+00:00","dateModified":"2024-09-13T15:34:27+00:00","description":"Financial institutions, retail banks and service, ATM networks, Lottery, are among those that can require data networks for remote locations.","breadcrumb":{"@id":"https:\/\/spacebridge.com\/financial-institutions\/#breadcrumb"},"inLanguage":"fr-FR","potentialAction":[{"@type":"ReadAction","target":["https:\/\/spacebridge.com\/financial-institutions\/"]}]},{"@type":"BreadcrumbList","@id":"https:\/\/spacebridge.com\/financial-institutions\/#breadcrumb","itemListElement":[{"@type":"ListItem","position":1,"name":"Home","item":"https:\/\/spacebridge.com\/"},{"@type":"ListItem","position":2,"name":"ATMs &#038; Financial Institutions"}]},{"@type":"WebSite","@id":"https:\/\/spacebridge.com\/#website","url":"https:\/\/spacebridge.com\/","name":"Spacebridge Inc.","description":"Broadband Satellite Communications Systems","publisher":{"@id":"https:\/\/spacebridge.com\/#organization"},"potentialAction":[{"@type":"SearchAction","target":{"@type":"EntryPoint","urlTemplate":"https:\/\/spacebridge.com\/?s={search_term_string}"},"query-input":{"@type":"PropertyValueSpecification","valueRequired":true,"valueName":"search_term_string"}}],"inLanguage":"fr-FR"},{"@type":"Organization","@id":"https:\/\/spacebridge.com\/#organization","name":"SpaceBridge Inc.","url":"https:\/\/spacebridge.com\/","logo":{"@type":"ImageObject","inLanguage":"fr-FR","@id":"https:\/\/spacebridge.com\/#\/schema\/logo\/image\/","url":"https:\/\/spacebridge.com\/wp-content\/uploads\/2024\/02\/SpaceBridge-logo-no-tagline-full-color-on-white-or-blue.png","contentUrl":"https:\/\/spacebridge.com\/wp-content\/uploads\/2024\/02\/SpaceBridge-logo-no-tagline-full-color-on-white-or-blue.png","width":1474,"height":730,"caption":"SpaceBridge Inc."},"image":{"@id":"https:\/\/spacebridge.com\/#\/schema\/logo\/image\/"},"sameAs":["https:\/\/www.linkedin.com\/company\/spacebridgeinc\/"]}]}},"_links":{"self":[{"href":"https:\/\/spacebridge.com\/fr\/wp-json\/wp\/v2\/pages\/6654","targetHints":{"allow":["GET"]}}],"collection":[{"href":"https:\/\/spacebridge.com\/fr\/wp-json\/wp\/v2\/pages"}],"about":[{"href":"https:\/\/spacebridge.com\/fr\/wp-json\/wp\/v2\/types\/page"}],"author":[{"embeddable":true,"href":"https:\/\/spacebridge.com\/fr\/wp-json\/wp\/v2\/users\/13"}],"replies":[{"embeddable":true,"href":"https:\/\/spacebridge.com\/fr\/wp-json\/wp\/v2\/comments?post=6654"}],"version-history":[{"count":107,"href":"https:\/\/spacebridge.com\/fr\/wp-json\/wp\/v2\/pages\/6654\/revisions"}],"predecessor-version":[{"id":12313,"href":"https:\/\/spacebridge.com\/fr\/wp-json\/wp\/v2\/pages\/6654\/revisions\/12313"}],"wp:attachment":[{"href":"https:\/\/spacebridge.com\/fr\/wp-json\/wp\/v2\/media?parent=6654"}],"curies":[{"name":"wp","href":"https:\/\/api.w.org\/{rel}","templated":true}]}}