{"id":6649,"date":"2022-03-02T18:55:12","date_gmt":"2022-03-02T18:55:12","guid":{"rendered":"https:\/\/spacebridge.com\/?page_id=6649"},"modified":"2024-09-13T15:34:03","modified_gmt":"2024-09-13T15:34:03","slug":"mines","status":"publish","type":"page","link":"https:\/\/spacebridge.com\/fr\/mines\/","title":{"rendered":"Mines"},"content":{"rendered":"<div data-elementor-type=\"wp-page\" data-elementor-id=\"6649\" class=\"elementor elementor-6649\" data-elementor-post-type=\"page\">\n\t\t\t\t\t\t<section class=\"elementor-section elementor-top-section elementor-element elementor-element-52e2662 ot-traditional elementor-section-boxed elementor-section-height-default elementor-section-height-default\" data-id=\"52e2662\" data-element_type=\"section\" data-e-type=\"section\">\n\t\t\t\t\t\t<div class=\"elementor-container elementor-column-gap-default\">\n\t\t\t\t\t<div class=\"elementor-column elementor-col-100 elementor-top-column elementor-element elementor-element-9120165 ot-flex-column-vertical\" data-id=\"9120165\" data-element_type=\"column\" data-e-type=\"column\">\n\t\t\t<div class=\"elementor-widget-wrap elementor-element-populated\">\n\t\t\t\t\t\t<div class=\"elementor-element elementor-element-05bf938 elementor-widget elementor-widget-text-editor\" data-id=\"05bf938\" data-element_type=\"widget\" data-e-type=\"widget\" data-widget_type=\"text-editor.default\">\n\t\t\t\t<div class=\"elementor-widget-container\">\n\t\t\t\t\t\t\t\t\t<p>Les mines peuvent se trouver bien au-del\u00e0 de la port\u00e9e des t\u00e9l\u00e9phones mobiles et des t\u00e9l\u00e9communications terrestres.\u00a0 Le manque d'acc\u00e8s \u00e0 l'analyse des donn\u00e9es, aux conseils d'experts et \u00e0 la prise de d\u00e9cision en temps opportun peut cr\u00e9er des difficult\u00e9s et augmenter les d\u00e9penses d'une exploitation mini\u00e8re. Lorsque votre exploitation mini\u00e8re la plus \u00e9loign\u00e9e est connect\u00e9e en direct et en toute s\u00e9curit\u00e9 \u00e0 vos fonctions centrales de r\u00e9seau scientifique, analytique et d'entreprise, les am\u00e9liorations en mati\u00e8re de contr\u00f4le, de rapports et d'op\u00e9rations peuvent \u00eatre consid\u00e9rables.<\/p><p>Pour les entreprises mini\u00e8res, le syst\u00e8me VSAT SpaceBridge ASAT \u2122 Built-for-IOT peut \u00e9galement relier des applications IoT critiques ainsi que la surveillance de la s\u00e9curit\u00e9 des mines, le contr\u00f4le d'acc\u00e8s, la surveillance CCTV et le suivi et la gestion des actifs, le tout \u00e0 des milliers de kilom\u00e8tres de distance.<\/p>\t\t\t\t\t\t\t\t<\/div>\n\t\t\t\t<\/div>\n\t\t\t\t\t<\/div>\n\t\t<\/div>\n\t\t\t\t\t<\/div>\n\t\t<\/section>\n\t\t\t\t<section class=\"elementor-section elementor-top-section elementor-element elementor-element-a16c3af ot-traditional elementor-section-boxed elementor-section-height-default elementor-section-height-default\" data-id=\"a16c3af\" data-element_type=\"section\" data-e-type=\"section\">\n\t\t\t\t\t\t<div class=\"elementor-container elementor-column-gap-default\">\n\t\t\t\t\t<div class=\"elementor-column elementor-col-100 elementor-top-column elementor-element elementor-element-9c2af9c ot-flex-column-vertical\" data-id=\"9c2af9c\" data-element_type=\"column\" data-e-type=\"column\">\n\t\t\t<div class=\"elementor-widget-wrap elementor-element-populated\">\n\t\t\t\t\t\t<div class=\"elementor-element elementor-element-88b1d76 elementor-widget elementor-widget-heading\" data-id=\"88b1d76\" data-element_type=\"widget\" data-e-type=\"widget\" data-widget_type=\"heading.default\">\n\t\t\t\t<div class=\"elementor-widget-container\">\n\t\t\t\t\t<h4 class=\"elementor-heading-title elementor-size-default\">Ressources Connexes<\/h4>\t\t\t\t<\/div>\n\t\t\t\t<\/div>\n\t\t\t\t<div class=\"elementor-element elementor-element-f90353d related-resources-acc elementor-widget elementor-widget-iaccordions\" data-id=\"f90353d\" data-element_type=\"widget\" data-e-type=\"widget\" data-widget_type=\"iaccordions.default\">\n\t\t\t\t<div class=\"elementor-widget-container\">\n\t\t\t\t\t\r\n\t\t<div class=\"ot-accordions\">\r\n\t\t\t\t\t\t<div class=\"acc-item\">\r\n\t\t\t\t<span class=\"acc-toggle\">Data Sheet <i class=\"down flaticon-download-arrow\"><\/i><i class=\"up flaticon-up-arrow\"><\/i><\/span>\r\n\t\t\t\t<div class=\"acc-content\">\r\n\t\t\t\t\t<p><a href=\"https:\/\/spacebridge.com\/wp-content\/uploads\/2022\/02\/C7700-DS-20231113R03.pdf\">C7700 - Modem\/appareil satellite \u00e0 large bande du syst\u00e8me ASAT\u2122<\/a><\/p><p><a href=\"https:\/\/spacebridge.com\/wp-content\/uploads\/2022\/02\/9.-Datasheet-U7780.pdf\">U7720 \u2013 Modem\/router satellite r\u00e9seau hautes performances<\/a><\/p>\t\t\t\t<\/div>\r\n\t\t\t<\/div>\r\n\t\t\t\t\t\t<div class=\"acc-item\">\r\n\t\t\t\t<span class=\"acc-toggle\">D\u00e9pliants <i class=\"down flaticon-download-arrow\"><\/i><i class=\"up flaticon-up-arrow\"><\/i><\/span>\r\n\t\t\t\t<div class=\"acc-content\">\r\n\t\t\t\t\t<p><a href=\"https:\/\/spacebridge.com\/wp-content\/uploads\/2022\/04\/PB-ASAT-SYSTEM-BR-007-22020-fr.pdf\">Brochure du syst\u00e8me ASAT<\/a><\/p><p><a href=\"https:\/\/spacebridge.com\/wp-content\/uploads\/2022\/04\/PB-ASAT-CBH-AN-007-21236-1-fr.pdf\">Description de la solution de liaisons de retour cellulaires<\/a><\/p>\t\t\t\t<\/div>\r\n\t\t\t<\/div>\r\n\t\t\t\t\t\t<div class=\"acc-item\">\r\n\t\t\t\t<span class=\"acc-toggle\">Livres Blancs <i class=\"down flaticon-download-arrow\"><\/i><i class=\"up flaticon-up-arrow\"><\/i><\/span>\r\n\t\t\t\t<div class=\"acc-content\">\r\n\t\t\t\t\t<p><a href=\"https:\/\/spacebridge.com\/wp-content\/uploads\/2022\/04\/PB-IOT-WP-003-21061-1-fr.pdf\">Livre blanc sur l'IdO<\/a><\/p><p><a href=\"https:\/\/spacebridge.com\/wp-content\/uploads\/2022\/07\/Internet-of-Things-IoT-Machine-to-Machine-M2M-fr.pdf\">IIoT, services publics, mines, loterie, banques ATM, O&amp;G - Livre blanc<\/a><\/p><p><a href=\"https:\/\/spacebridge.com\/wp-content\/uploads\/2022\/04\/PB-WAVESWITCH-WP-003-22020-1-fr.pdf\">Livre blanc WaveSwitch<\/a><\/p>\t\t\t\t<\/div>\r\n\t\t\t<\/div>\r\n\t\t\t\t\t\t<div class=\"acc-item\">\r\n\t\t\t\t<span class=\"acc-toggle\">Histoires de Succ\u00e8s <i class=\"down flaticon-download-arrow\"><\/i><i class=\"up flaticon-up-arrow\"><\/i><\/span>\r\n\t\t\t\t<div class=\"acc-content\">\r\n\t\t\t\t\t<p><a href=\"https:\/\/spacebridge.com\/wp-content\/uploads\/2022\/06\/Penoles-fr.pdf\">Pe\u00f1oles - Histoire d'une r\u00e9ussite<\/a><\/p>\t\t\t\t<\/div>\r\n\t\t\t<\/div>\r\n\t\t\t\t    <\/div>\r\n\r\n\t    \t\t\t\t<\/div>\n\t\t\t\t<\/div>\n\t\t\t\t\t<\/div>\n\t\t<\/div>\n\t\t\t\t\t<\/div>\n\t\t<\/section>\n\t\t\t\t<\/div>","protected":false},"excerpt":{"rendered":"<p>Mines can be far beyond the reach of mobile phones and terrestrial telecoms.\u00a0 Lack of access to timely data analysis, expert advice, and decision-making can create hardships and increased expenses [&hellip;]<\/p>\n","protected":false},"author":13,"featured_media":0,"parent":0,"menu_order":0,"comment_status":"closed","ping_status":"closed","template":"","meta":{"_acf_changed":false,"footnotes":""},"class_list":["post-6649","page","type-page","status-publish","hentry"],"acf":[],"yoast_head":"<!-- This site is optimized with the Yoast SEO plugin v27.3 - https:\/\/yoast.com\/product\/yoast-seo-wordpress\/ -->\n<title>Mines - Spacebridge Inc.<\/title>\n<meta name=\"description\" content=\"Mines can be far beyond the reach of mobile phones and terrestrial telecoms. Discover how the right connection can be.\" \/>\n<meta name=\"robots\" content=\"index, follow, max-snippet:-1, max-image-preview:large, max-video-preview:-1\" \/>\n<link rel=\"canonical\" href=\"https:\/\/spacebridge.com\/fr\/mines\/\" \/>\n<meta property=\"og:locale\" content=\"fr_FR\" \/>\n<meta property=\"og:type\" content=\"article\" \/>\n<meta property=\"og:title\" content=\"Mines - Spacebridge Inc.\" \/>\n<meta property=\"og:description\" content=\"Mines can be far beyond the reach of mobile phones and terrestrial telecoms. Discover how the right connection can be.\" \/>\n<meta property=\"og:url\" content=\"https:\/\/spacebridge.com\/fr\/mines\/\" \/>\n<meta property=\"og:site_name\" content=\"Spacebridge Inc.\" \/>\n<meta property=\"article:modified_time\" content=\"2024-09-13T15:34:03+00:00\" \/>\n<meta property=\"og:image\" content=\"https:\/\/spacebridge.com\/wp-content\/uploads\/2024\/02\/SpaceBridge-logo-no-tagline-full-color-on-white-or-blue.png\" \/>\n\t<meta property=\"og:image:width\" content=\"1474\" \/>\n\t<meta property=\"og:image:height\" content=\"730\" \/>\n\t<meta property=\"og:image:type\" content=\"image\/png\" \/>\n<meta name=\"twitter:card\" content=\"summary_large_image\" \/>\n<meta name=\"twitter:label1\" content=\"Dur\u00e9e de lecture estim\u00e9e\" \/>\n\t<meta name=\"twitter:data1\" content=\"1 minute\" \/>\n<script type=\"application\/ld+json\" class=\"yoast-schema-graph\">{\"@context\":\"https:\\\/\\\/schema.org\",\"@graph\":[{\"@type\":\"WebPage\",\"@id\":\"https:\\\/\\\/spacebridge.com\\\/mines\\\/\",\"url\":\"https:\\\/\\\/spacebridge.com\\\/mines\\\/\",\"name\":\"Mines - Spacebridge Inc.\",\"isPartOf\":{\"@id\":\"https:\\\/\\\/spacebridge.com\\\/#website\"},\"datePublished\":\"2022-03-02T18:55:12+00:00\",\"dateModified\":\"2024-09-13T15:34:03+00:00\",\"description\":\"Mines can be far beyond the reach of mobile phones and terrestrial telecoms. Discover how the right connection can be.\",\"breadcrumb\":{\"@id\":\"https:\\\/\\\/spacebridge.com\\\/mines\\\/#breadcrumb\"},\"inLanguage\":\"fr-FR\",\"potentialAction\":[{\"@type\":\"ReadAction\",\"target\":[\"https:\\\/\\\/spacebridge.com\\\/mines\\\/\"]}]},{\"@type\":\"BreadcrumbList\",\"@id\":\"https:\\\/\\\/spacebridge.com\\\/mines\\\/#breadcrumb\",\"itemListElement\":[{\"@type\":\"ListItem\",\"position\":1,\"name\":\"Home\",\"item\":\"https:\\\/\\\/spacebridge.com\\\/\"},{\"@type\":\"ListItem\",\"position\":2,\"name\":\"Mines\"}]},{\"@type\":\"WebSite\",\"@id\":\"https:\\\/\\\/spacebridge.com\\\/#website\",\"url\":\"https:\\\/\\\/spacebridge.com\\\/\",\"name\":\"Spacebridge Inc.\",\"description\":\"Broadband Satellite Communications Systems\",\"publisher\":{\"@id\":\"https:\\\/\\\/spacebridge.com\\\/#organization\"},\"potentialAction\":[{\"@type\":\"SearchAction\",\"target\":{\"@type\":\"EntryPoint\",\"urlTemplate\":\"https:\\\/\\\/spacebridge.com\\\/?s={search_term_string}\"},\"query-input\":{\"@type\":\"PropertyValueSpecification\",\"valueRequired\":true,\"valueName\":\"search_term_string\"}}],\"inLanguage\":\"fr-FR\"},{\"@type\":\"Organization\",\"@id\":\"https:\\\/\\\/spacebridge.com\\\/#organization\",\"name\":\"SpaceBridge Inc.\",\"url\":\"https:\\\/\\\/spacebridge.com\\\/\",\"logo\":{\"@type\":\"ImageObject\",\"inLanguage\":\"fr-FR\",\"@id\":\"https:\\\/\\\/spacebridge.com\\\/#\\\/schema\\\/logo\\\/image\\\/\",\"url\":\"https:\\\/\\\/spacebridge.com\\\/wp-content\\\/uploads\\\/2024\\\/02\\\/SpaceBridge-logo-no-tagline-full-color-on-white-or-blue.png\",\"contentUrl\":\"https:\\\/\\\/spacebridge.com\\\/wp-content\\\/uploads\\\/2024\\\/02\\\/SpaceBridge-logo-no-tagline-full-color-on-white-or-blue.png\",\"width\":1474,\"height\":730,\"caption\":\"SpaceBridge Inc.\"},\"image\":{\"@id\":\"https:\\\/\\\/spacebridge.com\\\/#\\\/schema\\\/logo\\\/image\\\/\"},\"sameAs\":[\"https:\\\/\\\/www.linkedin.com\\\/company\\\/spacebridgeinc\\\/\"]}]}<\/script>\n<!-- \/ Yoast SEO plugin. -->","yoast_head_json":{"title":"Mines - Spacebridge Inc.","description":"Mines can be far beyond the reach of mobile phones and terrestrial telecoms. Discover how the right connection can be.","robots":{"index":"index","follow":"follow","max-snippet":"max-snippet:-1","max-image-preview":"max-image-preview:large","max-video-preview":"max-video-preview:-1"},"canonical":"https:\/\/spacebridge.com\/fr\/mines\/","og_locale":"fr_FR","og_type":"article","og_title":"Mines - Spacebridge Inc.","og_description":"Mines can be far beyond the reach of mobile phones and terrestrial telecoms. Discover how the right connection can be.","og_url":"https:\/\/spacebridge.com\/fr\/mines\/","og_site_name":"Spacebridge Inc.","article_modified_time":"2024-09-13T15:34:03+00:00","og_image":[{"width":1474,"height":730,"url":"https:\/\/spacebridge.com\/wp-content\/uploads\/2024\/02\/SpaceBridge-logo-no-tagline-full-color-on-white-or-blue.png","type":"image\/png"}],"twitter_card":"summary_large_image","twitter_misc":{"Dur\u00e9e de lecture estim\u00e9e":"1 minute"},"schema":{"@context":"https:\/\/schema.org","@graph":[{"@type":"WebPage","@id":"https:\/\/spacebridge.com\/mines\/","url":"https:\/\/spacebridge.com\/mines\/","name":"Mines - Spacebridge Inc.","isPartOf":{"@id":"https:\/\/spacebridge.com\/#website"},"datePublished":"2022-03-02T18:55:12+00:00","dateModified":"2024-09-13T15:34:03+00:00","description":"Mines can be far beyond the reach of mobile phones and terrestrial telecoms. Discover how the right connection can be.","breadcrumb":{"@id":"https:\/\/spacebridge.com\/mines\/#breadcrumb"},"inLanguage":"fr-FR","potentialAction":[{"@type":"ReadAction","target":["https:\/\/spacebridge.com\/mines\/"]}]},{"@type":"BreadcrumbList","@id":"https:\/\/spacebridge.com\/mines\/#breadcrumb","itemListElement":[{"@type":"ListItem","position":1,"name":"Home","item":"https:\/\/spacebridge.com\/"},{"@type":"ListItem","position":2,"name":"Mines"}]},{"@type":"WebSite","@id":"https:\/\/spacebridge.com\/#website","url":"https:\/\/spacebridge.com\/","name":"Spacebridge Inc.","description":"Broadband Satellite Communications Systems","publisher":{"@id":"https:\/\/spacebridge.com\/#organization"},"potentialAction":[{"@type":"SearchAction","target":{"@type":"EntryPoint","urlTemplate":"https:\/\/spacebridge.com\/?s={search_term_string}"},"query-input":{"@type":"PropertyValueSpecification","valueRequired":true,"valueName":"search_term_string"}}],"inLanguage":"fr-FR"},{"@type":"Organization","@id":"https:\/\/spacebridge.com\/#organization","name":"SpaceBridge Inc.","url":"https:\/\/spacebridge.com\/","logo":{"@type":"ImageObject","inLanguage":"fr-FR","@id":"https:\/\/spacebridge.com\/#\/schema\/logo\/image\/","url":"https:\/\/spacebridge.com\/wp-content\/uploads\/2024\/02\/SpaceBridge-logo-no-tagline-full-color-on-white-or-blue.png","contentUrl":"https:\/\/spacebridge.com\/wp-content\/uploads\/2024\/02\/SpaceBridge-logo-no-tagline-full-color-on-white-or-blue.png","width":1474,"height":730,"caption":"SpaceBridge Inc."},"image":{"@id":"https:\/\/spacebridge.com\/#\/schema\/logo\/image\/"},"sameAs":["https:\/\/www.linkedin.com\/company\/spacebridgeinc\/"]}]}},"_links":{"self":[{"href":"https:\/\/spacebridge.com\/fr\/wp-json\/wp\/v2\/pages\/6649","targetHints":{"allow":["GET"]}}],"collection":[{"href":"https:\/\/spacebridge.com\/fr\/wp-json\/wp\/v2\/pages"}],"about":[{"href":"https:\/\/spacebridge.com\/fr\/wp-json\/wp\/v2\/types\/page"}],"author":[{"embeddable":true,"href":"https:\/\/spacebridge.com\/fr\/wp-json\/wp\/v2\/users\/13"}],"replies":[{"embeddable":true,"href":"https:\/\/spacebridge.com\/fr\/wp-json\/wp\/v2\/comments?post=6649"}],"version-history":[{"count":55,"href":"https:\/\/spacebridge.com\/fr\/wp-json\/wp\/v2\/pages\/6649\/revisions"}],"predecessor-version":[{"id":12351,"href":"https:\/\/spacebridge.com\/fr\/wp-json\/wp\/v2\/pages\/6649\/revisions\/12351"}],"wp:attachment":[{"href":"https:\/\/spacebridge.com\/fr\/wp-json\/wp\/v2\/media?parent=6649"}],"curies":[{"name":"wp","href":"https:\/\/api.w.org\/{rel}","templated":true}]}}