{"id":6643,"date":"2022-03-02T18:45:58","date_gmt":"2022-03-02T18:45:58","guid":{"rendered":"https:\/\/spacebridge.com\/?page_id=6643"},"modified":"2024-09-13T15:33:35","modified_gmt":"2024-09-13T15:33:35","slug":"oil-gas","status":"publish","type":"page","link":"https:\/\/spacebridge.com\/fr\/oil-gas\/","title":{"rendered":"P\u00e9trole et gaz"},"content":{"rendered":"<div data-elementor-type=\"wp-page\" data-elementor-id=\"6643\" class=\"elementor elementor-6643\" data-elementor-post-type=\"page\">\n\t\t\t\t\t\t<section class=\"elementor-section elementor-top-section elementor-element elementor-element-108a24f ot-traditional elementor-section-boxed elementor-section-height-default elementor-section-height-default\" data-id=\"108a24f\" data-element_type=\"section\" data-e-type=\"section\">\n\t\t\t\t\t\t<div class=\"elementor-container elementor-column-gap-default\">\n\t\t\t\t\t<div class=\"elementor-column elementor-col-100 elementor-top-column elementor-element elementor-element-9538687 ot-flex-column-vertical\" data-id=\"9538687\" data-element_type=\"column\" data-e-type=\"column\">\n\t\t\t<div class=\"elementor-widget-wrap elementor-element-populated\">\n\t\t\t\t\t\t<div class=\"elementor-element elementor-element-940b062 elementor-widget elementor-widget-heading\" data-id=\"940b062\" data-element_type=\"widget\" data-e-type=\"widget\" data-widget_type=\"heading.default\">\n\t\t\t\t<div class=\"elementor-widget-container\">\n\t\t\t\t\t<h2 class=\"elementor-heading-title elementor-size-large\">P\u00e9trole, gaz et services publics\n<\/h2>\t\t\t\t<\/div>\n\t\t\t\t<\/div>\n\t\t\t\t<div class=\"elementor-element elementor-element-f8cfaef elementor-widget elementor-widget-text-editor\" data-id=\"f8cfaef\" data-element_type=\"widget\" data-e-type=\"widget\" data-widget_type=\"text-editor.default\">\n\t\t\t\t<div class=\"elementor-widget-container\">\n\t\t\t\t\t\t\t\t\t<p>En r\u00e9alit\u00e9, les infrastructures des services publics d'\u00e9lectricit\u00e9, de p\u00e9trole et de gaz et d'eau traversent des endroits qui peuvent \u00eatre \u00e9loign\u00e9s, et au-del\u00e0 de la couverture terrestre filaire ou cellulaire - des pipelines aux sous-stations, en passant par d'autres installations de transmission et de distribution. Par cons\u00e9quent, les r\u00e9seaux satellitaires fournissent des r\u00e9seaux de donn\u00e9es rentables et efficaces pour les services publics d'\u00e9lectricit\u00e9, de gaz et d'eau afin d'obtenir une visibilit\u00e9 critique, en surveillant et en permettant le contr\u00f4le \u00e0 distance de leurs syst\u00e8mes et infrastructures de distribution et de transmission. En fait, la croissance actuelle des syst\u00e8mes intelligents implique un besoin encore plus grand de donn\u00e9es et de bande passante. Les avantages potentiels des r\u00e9seaux satellitaires sont donc d'autant plus essentiels pour les services publics du futur.<\/p><div class=\"more_info_content\"><p>Ainsi, le SpaceBridge ASAT \u2122 VSAT pour <a href=\"https:\/\/spacebridge.com\/fr\/iiot\/\">Internet des objets<\/a> \/ Le syst\u00e8me Machine-to-Machine peut r\u00e9pondre aux diverses exigences des r\u00e9seaux de p\u00e9trole et de gaz et des services publics en mati\u00e8re de r\u00e9seaux de donn\u00e9es de plus en plus rapides reliant les appareils sur le terrain et dans les entreprises.<\/p><p>En fait, ce terminal ultracompact, tout ext\u00e9rieur et prot\u00e9g\u00e9 contre les intemp\u00e9ries, offre de puissantes capacit\u00e9s allant du d\u00e9bit binaire faible \u00e0 la large bande. De plus, il offre une gamme de services - des donn\u00e9es de plusieurs m\u00e9gabits pour les r\u00e9seaux intelligents ou la surveillance aux d\u00e9bits faibles pour l'interrogation des machines - tout en minimisant et en optimisant le co\u00fbt du satellite.<\/p><\/div>\t\t\t\t\t\t\t\t<\/div>\n\t\t\t\t<\/div>\n\t\t\t\t\t<\/div>\n\t\t<\/div>\n\t\t\t\t\t<\/div>\n\t\t<\/section>\n\t\t\t\t<section class=\"elementor-section elementor-top-section elementor-element elementor-element-6208cf0 ot-traditional elementor-section-boxed elementor-section-height-default elementor-section-height-default\" data-id=\"6208cf0\" data-element_type=\"section\" data-e-type=\"section\">\n\t\t\t\t\t\t<div class=\"elementor-container elementor-column-gap-default\">\n\t\t\t\t\t<div class=\"elementor-column elementor-col-100 elementor-top-column elementor-element elementor-element-0fb8f6e ot-flex-column-vertical\" data-id=\"0fb8f6e\" data-element_type=\"column\" data-e-type=\"column\">\n\t\t\t<div class=\"elementor-widget-wrap elementor-element-populated\">\n\t\t\t\t\t\t<div class=\"elementor-element elementor-element-8d9409c elementor-widget elementor-widget-heading\" data-id=\"8d9409c\" data-element_type=\"widget\" data-e-type=\"widget\" data-widget_type=\"heading.default\">\n\t\t\t\t<div class=\"elementor-widget-container\">\n\t\t\t\t\t<h4 class=\"elementor-heading-title elementor-size-default\">Ressources Connexes<\/h4>\t\t\t\t<\/div>\n\t\t\t\t<\/div>\n\t\t\t\t<div class=\"elementor-element elementor-element-24524b4 related-resources-acc elementor-widget elementor-widget-iaccordions\" data-id=\"24524b4\" data-element_type=\"widget\" data-e-type=\"widget\" data-widget_type=\"iaccordions.default\">\n\t\t\t\t<div class=\"elementor-widget-container\">\n\t\t\t\t\t\r\n\t\t<div class=\"ot-accordions\">\r\n\t\t\t\t\t\t<div class=\"acc-item\">\r\n\t\t\t\t<span class=\"acc-toggle\">Fiches Techniques <i class=\"down flaticon-download-arrow\"><\/i><i class=\"up flaticon-up-arrow\"><\/i><\/span>\r\n\t\t\t\t<div class=\"acc-content\">\r\n\t\t\t\t\t<p><a href=\"https:\/\/spacebridge.com\/wp-content\/uploads\/2022\/02\/C7700-DS-20231113R03.pdf\">C7700 - Modem\/appareil satellite \u00e0 large bande du syst\u00e8me ASAT\u2122<\/a><\/p><p><a href=\"https:\/\/spacebridge.com\/wp-content\/uploads\/2022\/05\/U7720-datasheet-template2-002-fr.pdf\">U7720 \u2013 Modem\/router satellite r\u00e9seau hautes performances<\/a><\/p>\t\t\t\t<\/div>\r\n\t\t\t<\/div>\r\n\t\t\t\t\t\t<div class=\"acc-item\">\r\n\t\t\t\t<span class=\"acc-toggle\">D\u00e9pliants <i class=\"down flaticon-download-arrow\"><\/i><i class=\"up flaticon-up-arrow\"><\/i><\/span>\r\n\t\t\t\t<div class=\"acc-content\">\r\n\t\t\t\t\t<p><a href=\"https:\/\/spacebridge.com\/wp-content\/uploads\/2022\/04\/PB-ASAT-SYSTEM-BR-007-22020-fr.pdf\">Brochure du syst\u00e8me ASAT<\/a><\/p><p><a href=\"https:\/\/spacebridge.com\/wp-content\/uploads\/2022\/04\/PB-ASAT-CBH-AN-007-21236-1-fr.pdf\">Description de la solution de liaisons de retour cellulaires<\/a><\/p>\t\t\t\t<\/div>\r\n\t\t\t<\/div>\r\n\t\t\t\t\t\t<div class=\"acc-item\">\r\n\t\t\t\t<span class=\"acc-toggle\">Livres Blancs <i class=\"down flaticon-download-arrow\"><\/i><i class=\"up flaticon-up-arrow\"><\/i><\/span>\r\n\t\t\t\t<div class=\"acc-content\">\r\n\t\t\t\t\t<p><a href=\"https:\/\/spacebridge.com\/wp-content\/uploads\/2022\/04\/PB-IOT-WP-003-21061-1-fr.pdf\">Livre blanc sur l'IdO<\/a><\/p><p><a href=\"https:\/\/spacebridge.com\/wp-content\/uploads\/2022\/07\/Internet-of-Things-IoT-Machine-to-Machine-M2M-fr.pdf\">IIoT, services publics, mines, loterie, banques ATM, O&amp;G - Livre blanc<\/a><\/p><p><a href=\"https:\/\/spacebridge.com\/wp-content\/uploads\/2022\/04\/PB-WAVESWITCH-WP-003-22020-1-fr.pdf\">Livre blanc WaveSwitch<\/a><\/p><p><a href=\"https:\/\/spacebridge.com\/wp-content\/uploads\/2022\/06\/banking-financial-inclusion_2021.pdf\">Livre blanc sur l'inclusion financi\u00e8re<\/a><\/p>\t\t\t\t<\/div>\r\n\t\t\t<\/div>\r\n\t\t\t\t\t\t<div class=\"acc-item\">\r\n\t\t\t\t<span class=\"acc-toggle\">Histoires de Succ\u00e8s <i class=\"down flaticon-download-arrow\"><\/i><i class=\"up flaticon-up-arrow\"><\/i><\/span>\r\n\t\t\t\t<div class=\"acc-content\">\r\n\t\t\t\t\t<p><a href=\"https:\/\/spacebridge.com\/wp-content\/uploads\/2022\/04\/Indonesian-Navy-21060-fr.pdf\">Marine indon\u00e9sienne - Histoire d'une r\u00e9ussite<\/a><\/p><p><a href=\"https:\/\/spacebridge.com\/wp-content\/uploads\/2022\/04\/China-SOA-21060-fr.pdf\">China SOA - Histoire d'une r\u00e9ussite<\/a><\/p><p><a href=\"https:\/\/spacebridge.com\/wp-content\/uploads\/2022\/06\/Penoles-fr.pdf\"> Pe\u00f1oles - Histoire d'une r\u00e9ussite<\/a><\/p><p>\u00a0<\/p>\t\t\t\t<\/div>\r\n\t\t\t<\/div>\r\n\t\t\t\t    <\/div>\r\n\r\n\t    \t\t\t\t<\/div>\n\t\t\t\t<\/div>\n\t\t\t\t\t<\/div>\n\t\t<\/div>\n\t\t\t\t\t<\/div>\n\t\t<\/section>\n\t\t\t\t<\/div>","protected":false},"excerpt":{"rendered":"<p>Oil, Gas, and Utilities In reality, electrical power, oil &amp; gas, and water utility infrastructures traverse locations that can be remote, and beyond terrestrial wireline or cell coverage\u2014from pipelines to [&hellip;]<\/p>\n","protected":false},"author":13,"featured_media":0,"parent":0,"menu_order":0,"comment_status":"closed","ping_status":"closed","template":"","meta":{"_acf_changed":false,"footnotes":""},"class_list":["post-6643","page","type-page","status-publish","hentry"],"acf":[],"yoast_head":"<!-- This site is optimized with the Yoast SEO plugin v27.3 - https:\/\/yoast.com\/product\/yoast-seo-wordpress\/ -->\n<title>Oil &amp; Gas - Spacebridge Inc.<\/title>\n<meta name=\"description\" content=\"Electrical power, oil &amp; gas, and water utility infrastructures traverse locations that can be remote, discover how you can stay connected.\" \/>\n<meta name=\"robots\" content=\"index, follow, max-snippet:-1, max-image-preview:large, max-video-preview:-1\" \/>\n<link rel=\"canonical\" href=\"https:\/\/spacebridge.com\/fr\/oil-gas\/\" \/>\n<meta property=\"og:locale\" content=\"fr_FR\" \/>\n<meta property=\"og:type\" content=\"article\" \/>\n<meta property=\"og:title\" content=\"Oil &amp; Gas - Spacebridge Inc.\" \/>\n<meta property=\"og:description\" content=\"Electrical power, oil &amp; gas, and water utility infrastructures traverse locations that can be remote, discover how you can stay connected.\" \/>\n<meta property=\"og:url\" content=\"https:\/\/spacebridge.com\/fr\/oil-gas\/\" \/>\n<meta property=\"og:site_name\" content=\"Spacebridge Inc.\" \/>\n<meta property=\"article:modified_time\" content=\"2024-09-13T15:33:35+00:00\" \/>\n<meta property=\"og:image\" content=\"https:\/\/spacebridge.com\/wp-content\/uploads\/2024\/02\/SpaceBridge-logo-no-tagline-full-color-on-white-or-blue.png\" \/>\n\t<meta property=\"og:image:width\" content=\"1474\" \/>\n\t<meta property=\"og:image:height\" content=\"730\" \/>\n\t<meta property=\"og:image:type\" content=\"image\/png\" \/>\n<meta name=\"twitter:card\" content=\"summary_large_image\" \/>\n<meta name=\"twitter:image\" content=\"https:\/\/spacebridge.com\/wp-content\/uploads\/2022\/03\/oilgas.gif\" \/>\n<meta name=\"twitter:label1\" content=\"Dur\u00e9e de lecture estim\u00e9e\" \/>\n\t<meta name=\"twitter:data1\" content=\"2 minutes\" \/>\n<script type=\"application\/ld+json\" class=\"yoast-schema-graph\">{\"@context\":\"https:\\\/\\\/schema.org\",\"@graph\":[{\"@type\":\"WebPage\",\"@id\":\"https:\\\/\\\/spacebridge.com\\\/oil-gas\\\/\",\"url\":\"https:\\\/\\\/spacebridge.com\\\/oil-gas\\\/\",\"name\":\"Oil & Gas - Spacebridge Inc.\",\"isPartOf\":{\"@id\":\"https:\\\/\\\/spacebridge.com\\\/#website\"},\"datePublished\":\"2022-03-02T18:45:58+00:00\",\"dateModified\":\"2024-09-13T15:33:35+00:00\",\"description\":\"Electrical power, oil & gas, and water utility infrastructures traverse locations that can be remote, discover how you can stay connected.\",\"breadcrumb\":{\"@id\":\"https:\\\/\\\/spacebridge.com\\\/oil-gas\\\/#breadcrumb\"},\"inLanguage\":\"fr-FR\",\"potentialAction\":[{\"@type\":\"ReadAction\",\"target\":[\"https:\\\/\\\/spacebridge.com\\\/oil-gas\\\/\"]}]},{\"@type\":\"BreadcrumbList\",\"@id\":\"https:\\\/\\\/spacebridge.com\\\/oil-gas\\\/#breadcrumb\",\"itemListElement\":[{\"@type\":\"ListItem\",\"position\":1,\"name\":\"Home\",\"item\":\"https:\\\/\\\/spacebridge.com\\\/\"},{\"@type\":\"ListItem\",\"position\":2,\"name\":\"Oil &#038; Gas\"}]},{\"@type\":\"WebSite\",\"@id\":\"https:\\\/\\\/spacebridge.com\\\/#website\",\"url\":\"https:\\\/\\\/spacebridge.com\\\/\",\"name\":\"Spacebridge Inc.\",\"description\":\"Broadband Satellite Communications Systems\",\"publisher\":{\"@id\":\"https:\\\/\\\/spacebridge.com\\\/#organization\"},\"potentialAction\":[{\"@type\":\"SearchAction\",\"target\":{\"@type\":\"EntryPoint\",\"urlTemplate\":\"https:\\\/\\\/spacebridge.com\\\/?s={search_term_string}\"},\"query-input\":{\"@type\":\"PropertyValueSpecification\",\"valueRequired\":true,\"valueName\":\"search_term_string\"}}],\"inLanguage\":\"fr-FR\"},{\"@type\":\"Organization\",\"@id\":\"https:\\\/\\\/spacebridge.com\\\/#organization\",\"name\":\"SpaceBridge Inc.\",\"url\":\"https:\\\/\\\/spacebridge.com\\\/\",\"logo\":{\"@type\":\"ImageObject\",\"inLanguage\":\"fr-FR\",\"@id\":\"https:\\\/\\\/spacebridge.com\\\/#\\\/schema\\\/logo\\\/image\\\/\",\"url\":\"https:\\\/\\\/spacebridge.com\\\/wp-content\\\/uploads\\\/2024\\\/02\\\/SpaceBridge-logo-no-tagline-full-color-on-white-or-blue.png\",\"contentUrl\":\"https:\\\/\\\/spacebridge.com\\\/wp-content\\\/uploads\\\/2024\\\/02\\\/SpaceBridge-logo-no-tagline-full-color-on-white-or-blue.png\",\"width\":1474,\"height\":730,\"caption\":\"SpaceBridge Inc.\"},\"image\":{\"@id\":\"https:\\\/\\\/spacebridge.com\\\/#\\\/schema\\\/logo\\\/image\\\/\"},\"sameAs\":[\"https:\\\/\\\/www.linkedin.com\\\/company\\\/spacebridgeinc\\\/\"]}]}<\/script>\n<!-- \/ Yoast SEO plugin. -->","yoast_head_json":{"title":"Oil & Gas - Spacebridge Inc.","description":"Electrical power, oil & gas, and water utility infrastructures traverse locations that can be remote, discover how you can stay connected.","robots":{"index":"index","follow":"follow","max-snippet":"max-snippet:-1","max-image-preview":"max-image-preview:large","max-video-preview":"max-video-preview:-1"},"canonical":"https:\/\/spacebridge.com\/fr\/oil-gas\/","og_locale":"fr_FR","og_type":"article","og_title":"Oil & Gas - Spacebridge Inc.","og_description":"Electrical power, oil & gas, and water utility infrastructures traverse locations that can be remote, discover how you can stay connected.","og_url":"https:\/\/spacebridge.com\/fr\/oil-gas\/","og_site_name":"Spacebridge Inc.","article_modified_time":"2024-09-13T15:33:35+00:00","og_image":[{"width":1474,"height":730,"url":"https:\/\/spacebridge.com\/wp-content\/uploads\/2024\/02\/SpaceBridge-logo-no-tagline-full-color-on-white-or-blue.png","type":"image\/png"}],"twitter_card":"summary_large_image","twitter_image":"https:\/\/spacebridge.com\/wp-content\/uploads\/2022\/03\/oilgas.gif","twitter_misc":{"Dur\u00e9e de lecture estim\u00e9e":"2 minutes"},"schema":{"@context":"https:\/\/schema.org","@graph":[{"@type":"WebPage","@id":"https:\/\/spacebridge.com\/oil-gas\/","url":"https:\/\/spacebridge.com\/oil-gas\/","name":"Oil & Gas - Spacebridge Inc.","isPartOf":{"@id":"https:\/\/spacebridge.com\/#website"},"datePublished":"2022-03-02T18:45:58+00:00","dateModified":"2024-09-13T15:33:35+00:00","description":"Electrical power, oil & gas, and water utility infrastructures traverse locations that can be remote, discover how you can stay connected.","breadcrumb":{"@id":"https:\/\/spacebridge.com\/oil-gas\/#breadcrumb"},"inLanguage":"fr-FR","potentialAction":[{"@type":"ReadAction","target":["https:\/\/spacebridge.com\/oil-gas\/"]}]},{"@type":"BreadcrumbList","@id":"https:\/\/spacebridge.com\/oil-gas\/#breadcrumb","itemListElement":[{"@type":"ListItem","position":1,"name":"Home","item":"https:\/\/spacebridge.com\/"},{"@type":"ListItem","position":2,"name":"Oil &#038; Gas"}]},{"@type":"WebSite","@id":"https:\/\/spacebridge.com\/#website","url":"https:\/\/spacebridge.com\/","name":"Spacebridge Inc.","description":"Broadband Satellite Communications Systems","publisher":{"@id":"https:\/\/spacebridge.com\/#organization"},"potentialAction":[{"@type":"SearchAction","target":{"@type":"EntryPoint","urlTemplate":"https:\/\/spacebridge.com\/?s={search_term_string}"},"query-input":{"@type":"PropertyValueSpecification","valueRequired":true,"valueName":"search_term_string"}}],"inLanguage":"fr-FR"},{"@type":"Organization","@id":"https:\/\/spacebridge.com\/#organization","name":"SpaceBridge Inc.","url":"https:\/\/spacebridge.com\/","logo":{"@type":"ImageObject","inLanguage":"fr-FR","@id":"https:\/\/spacebridge.com\/#\/schema\/logo\/image\/","url":"https:\/\/spacebridge.com\/wp-content\/uploads\/2024\/02\/SpaceBridge-logo-no-tagline-full-color-on-white-or-blue.png","contentUrl":"https:\/\/spacebridge.com\/wp-content\/uploads\/2024\/02\/SpaceBridge-logo-no-tagline-full-color-on-white-or-blue.png","width":1474,"height":730,"caption":"SpaceBridge Inc."},"image":{"@id":"https:\/\/spacebridge.com\/#\/schema\/logo\/image\/"},"sameAs":["https:\/\/www.linkedin.com\/company\/spacebridgeinc\/"]}]}},"_links":{"self":[{"href":"https:\/\/spacebridge.com\/fr\/wp-json\/wp\/v2\/pages\/6643","targetHints":{"allow":["GET"]}}],"collection":[{"href":"https:\/\/spacebridge.com\/fr\/wp-json\/wp\/v2\/pages"}],"about":[{"href":"https:\/\/spacebridge.com\/fr\/wp-json\/wp\/v2\/types\/page"}],"author":[{"embeddable":true,"href":"https:\/\/spacebridge.com\/fr\/wp-json\/wp\/v2\/users\/13"}],"replies":[{"embeddable":true,"href":"https:\/\/spacebridge.com\/fr\/wp-json\/wp\/v2\/comments?post=6643"}],"version-history":[{"count":73,"href":"https:\/\/spacebridge.com\/fr\/wp-json\/wp\/v2\/pages\/6643\/revisions"}],"predecessor-version":[{"id":12307,"href":"https:\/\/spacebridge.com\/fr\/wp-json\/wp\/v2\/pages\/6643\/revisions\/12307"}],"wp:attachment":[{"href":"https:\/\/spacebridge.com\/fr\/wp-json\/wp\/v2\/media?parent=6643"}],"curies":[{"name":"wp","href":"https:\/\/api.w.org\/{rel}","templated":true}]}}