{"id":6569,"date":"2022-03-02T16:41:06","date_gmt":"2022-03-02T16:41:06","guid":{"rendered":"https:\/\/spacebridge.com\/?page_id=6569"},"modified":"2024-09-13T15:29:23","modified_gmt":"2024-09-13T15:29:23","slug":"2g-cellular-networks","status":"publish","type":"page","link":"https:\/\/spacebridge.com\/fr\/2g-cellular-networks\/","title":{"rendered":"R\u00e9seaux cellulaires 2G"},"content":{"rendered":"<div data-elementor-type=\"wp-page\" data-elementor-id=\"6569\" class=\"elementor elementor-6569\" data-elementor-post-type=\"page\">\n\t\t\t\t\t\t<section class=\"elementor-section elementor-top-section elementor-element elementor-element-492abbb ot-traditional elementor-section-boxed elementor-section-height-default elementor-section-height-default\" data-id=\"492abbb\" data-element_type=\"section\" data-e-type=\"section\">\n\t\t\t\t\t\t<div class=\"elementor-container elementor-column-gap-default\">\n\t\t\t\t\t<div class=\"elementor-column elementor-col-100 elementor-top-column elementor-element elementor-element-cd2735b ot-flex-column-vertical\" data-id=\"cd2735b\" data-element_type=\"column\" data-e-type=\"column\">\n\t\t\t<div class=\"elementor-widget-wrap elementor-element-populated\">\n\t\t\t\t\t\t<div class=\"elementor-element elementor-element-a08f597 elementor-widget elementor-widget-heading\" data-id=\"a08f597\" data-element_type=\"widget\" data-e-type=\"widget\" data-widget_type=\"heading.default\">\n\t\t\t\t<div class=\"elementor-widget-container\">\n\t\t\t\t\t<h2 class=\"elementor-heading-title elementor-size-medium\">Pour que les op\u00e9rateurs de r\u00e9seaux mobiles puissent b\u00e9n\u00e9ficier des avantages commerciaux de la liaison de retour par satellite dans les r\u00e9seaux 2G, la solution satellite doit :<\/h2>\t\t\t\t<\/div>\n\t\t\t\t<\/div>\n\t\t\t\t<div class=\"elementor-element elementor-element-2ffd58b elementor-widget elementor-widget-text-editor\" data-id=\"2ffd58b\" data-element_type=\"widget\" data-e-type=\"widget\" data-widget_type=\"text-editor.default\">\n\t\t\t\t<div class=\"elementor-widget-container\">\n\t\t\t\t\t\t\t\t\t<ul><li>Optimiser l'utilisation des segments d'espace - un co\u00fbt r\u00e9current cl\u00e9<\/li><li>En outre, l'int\u00e9gration compl\u00e8te avec les fournisseurs de stations de base cellulaires permet d'optimiser la gigue, le retard et la synchronisation entre la station \u00e9mettrice-r\u00e9ceptrice de base (BTS) et le contr\u00f4leur de station de base (BSC).<\/li><li>De plus, il s'int\u00e8gre facilement dans des r\u00e9seaux mobiles complexes, avec des normes multiples.<\/li><\/ul><h6><strong>Syst\u00e8me VSAT ASAT\u2122 Ultimate Series : Solutions de backhaul 2G<\/strong><\/h6><p>En outre, les concentrateurs VSAT SpaceBridge ASAT\u2122 et les terminaux satellitaires (U7780 et U7800) int\u00e8grent des modems optimis\u00e9s pour les r\u00e9seaux cellulaires 2G afin de fournir une solution de r\u00e9seau satellitaire de bout en bout qui r\u00e9duit les co\u00fbts de d\u00e9ploiement et d'exploitation.<\/p><p><strong>Le syst\u00e8me SpaceBridge ASAT \u2122 est parfaitement adapt\u00e9 pour :<\/strong><\/p><ul><li>Extension de la couverture cellulaire et sans fil dans les zones exurbaines, rurales ou \u00e9loign\u00e9es<\/li><li>Sauvegarde des liens de backhaul terrestres<\/li><li>Capacit\u00e9 de reprise apr\u00e8s sinistre et d'\u00e9v\u00e9nements sp\u00e9ciaux<\/li><li>Il s'agit \u00e9galement de fournir une capacit\u00e9 suppl\u00e9mentaire pour le d\u00e9bordement du trafic aux heures de pointe. Par exemple, pour d\u00e9charger le trafic de d\u00e9bordement des voies de liaison hertzienne satur\u00e9es.<\/li><\/ul><p>En outre, pour le backhaul des r\u00e9seaux cellulaires 2G, les modems VSAT SpaceBridge U7780, et U7800 int\u00e8grent une optimisation pour maximiser la bande passante du backhaul dans un package rentable. En outre, ils permettent \u00e9galement une synchronisation compl\u00e8te entre le BSC et le BTS.<\/p>\t\t\t\t\t\t\t\t<\/div>\n\t\t\t\t<\/div>\n\t\t\t\t\t<\/div>\n\t\t<\/div>\n\t\t\t\t\t<\/div>\n\t\t<\/section>\n\t\t\t\t<section class=\"elementor-section elementor-top-section elementor-element elementor-element-9b55890 ot-traditional elementor-section-boxed elementor-section-height-default elementor-section-height-default\" data-id=\"9b55890\" data-element_type=\"section\" data-e-type=\"section\">\n\t\t\t\t\t\t<div class=\"elementor-container elementor-column-gap-default\">\n\t\t\t\t\t<div class=\"elementor-column elementor-col-100 elementor-top-column elementor-element elementor-element-d9ba04e ot-flex-column-vertical\" data-id=\"d9ba04e\" data-element_type=\"column\" data-e-type=\"column\">\n\t\t\t<div class=\"elementor-widget-wrap elementor-element-populated\">\n\t\t\t\t\t\t<div class=\"elementor-element elementor-element-eafa815 elementor-widget elementor-widget-heading\" data-id=\"eafa815\" data-element_type=\"widget\" data-e-type=\"widget\" data-widget_type=\"heading.default\">\n\t\t\t\t<div class=\"elementor-widget-container\">\n\t\t\t\t\t<h4 class=\"elementor-heading-title elementor-size-default\">Ressources Connexes<\/h4>\t\t\t\t<\/div>\n\t\t\t\t<\/div>\n\t\t\t\t<div class=\"elementor-element elementor-element-a0cd992 related-resources-acc elementor-widget elementor-widget-iaccordions\" data-id=\"a0cd992\" data-element_type=\"widget\" data-e-type=\"widget\" data-widget_type=\"iaccordions.default\">\n\t\t\t\t<div class=\"elementor-widget-container\">\n\t\t\t\t\t\r\n\t\t<div class=\"ot-accordions\">\r\n\t\t\t\t\t\t<div class=\"acc-item\">\r\n\t\t\t\t<span class=\"acc-toggle\">Fiches Techniques <i class=\"down flaticon-download-arrow\"><\/i><i class=\"up flaticon-up-arrow\"><\/i><\/span>\r\n\t\t\t\t<div class=\"acc-content\">\r\n\t\t\t\t\t<p><a href=\"https:\/\/spacebridge.com\/wp-content\/uploads\/2022\/02\/PB-U7780-DS-001-231123-002.pdf\">U7780 \u2013 Modem satellite MF-TDMA professionnel du syst\u00e8me ASAT\u2122<\/a><\/p>\t\t\t\t<\/div>\r\n\t\t\t<\/div>\r\n\t\t\t\t\t\t<div class=\"acc-item\">\r\n\t\t\t\t<span class=\"acc-toggle\">D\u00e9pliants <i class=\"down flaticon-download-arrow\"><\/i><i class=\"up flaticon-up-arrow\"><\/i><\/span>\r\n\t\t\t\t<div class=\"acc-content\">\r\n\t\t\t\t\t<p><a href=\"https:\/\/spacebridge.com\/wp-content\/uploads\/2022\/04\/PB-ASAT-SYSTEM-BR-007-22020-fr.pdf\">Brochure du syst\u00e8me ASAT<\/a><\/p><p><a href=\"https:\/\/spacebridge.com\/wp-content\/uploads\/2022\/04\/PB-ASAT-CBH-AN-007-21236-1-fr.pdf\">Description de la solution de liaisons de retour cellulaires<\/a><\/p>\t\t\t\t<\/div>\r\n\t\t\t<\/div>\r\n\t\t\t\t\t\t<div class=\"acc-item\">\r\n\t\t\t\t<span class=\"acc-toggle\">Livres Blancs <i class=\"down flaticon-download-arrow\"><\/i><i class=\"up flaticon-up-arrow\"><\/i><\/span>\r\n\t\t\t\t<div class=\"acc-content\">\r\n\t\t\t\t\t<p><a href=\"https:\/\/spacebridge.com\/wp-content\/uploads\/2022\/04\/PB-WAVESWITCH-WP-003-22020-1-fr.pdf\">Livre blanc WaveSwitch<\/a><\/p><p><a href=\"https:\/\/spacebridge.com\/wp-content\/uploads\/2022\/07\/Cellular-Backhaul.fr_.pdf\">Backhaul cellulaire - Livre blanc<\/a><\/p>\t\t\t\t<\/div>\r\n\t\t\t<\/div>\r\n\t\t\t\t\t\t<div class=\"acc-item\">\r\n\t\t\t\t<span class=\"acc-toggle\">Histoires de Succ\u00e8s <i class=\"down flaticon-download-arrow\"><\/i><i class=\"up flaticon-up-arrow\"><\/i><\/span>\r\n\t\t\t\t<div class=\"acc-content\">\r\n\t\t\t\t\t<p><a href=\"https:\/\/spacebridge.com\/wp-content\/uploads\/2022\/06\/Claro-Chile-fr.pdf\">Claro Chile - CBH 3-4G - Histoire d'une r\u00e9ussite<\/a><\/p><p><a href=\"https:\/\/spacebridge.com\/wp-content\/uploads\/2022\/04\/Claro-Argentina-21060-fr.pdf\">Claro Argentina CBH - Histoire d'une r\u00e9ussite<\/a><\/p><p><a href=\"https:\/\/spacebridge.com\/wp-content\/uploads\/2022\/04\/CBH-Brazil-21060-fr.pdf\">CBH Br\u00e9sil - Histoire d'une r\u00e9ussite<\/a><\/p><p><a href=\"https:\/\/spacebridge.com\/wp-content\/uploads\/2022\/04\/Omansat-Success-Story-1-2-fr.pdf\">Omansat - Histoire d'une r\u00e9ussite<\/a><\/p><p><a href=\"https:\/\/spacebridge.com\/wp-content\/uploads\/2022\/05\/MTN-Nigeria-Success-Story-fr.pdf\">MTN Nigeria - Histoire d'une r\u00e9ussite<\/a><\/p>\t\t\t\t<\/div>\r\n\t\t\t<\/div>\r\n\t\t\t\t    <\/div>\r\n\r\n\t    \t\t\t\t<\/div>\n\t\t\t\t<\/div>\n\t\t\t\t\t<\/div>\n\t\t<\/div>\n\t\t\t\t\t<\/div>\n\t\t<\/section>\n\t\t\t\t<\/div>","protected":false},"excerpt":{"rendered":"<p>For mobile network operators to gain the business advantages of satellite backhaul in 2G networks, the satellite solution needs to: Optimize space segment usage \u2013 a key recurring cost In [&hellip;]<\/p>\n","protected":false},"author":13,"featured_media":0,"parent":0,"menu_order":0,"comment_status":"closed","ping_status":"closed","template":"","meta":{"_acf_changed":false,"footnotes":""},"class_list":["post-6569","page","type-page","status-publish","hentry"],"acf":[],"yoast_head":"<!-- This site is optimized with the Yoast SEO plugin v27.3 - https:\/\/yoast.com\/product\/yoast-seo-wordpress\/ -->\n<title>2G Cellular Networks - Spacebridge Inc.<\/title>\n<meta name=\"description\" content=\"For mobile network operators to gain the business advantages of satellite backhaul in 2G networks, the satellite solution needs.\" \/>\n<meta name=\"robots\" content=\"index, follow, max-snippet:-1, max-image-preview:large, max-video-preview:-1\" \/>\n<link rel=\"canonical\" href=\"https:\/\/spacebridge.com\/fr\/2g-cellular-networks\/\" \/>\n<meta property=\"og:locale\" content=\"fr_FR\" \/>\n<meta property=\"og:type\" content=\"article\" \/>\n<meta property=\"og:title\" content=\"2G Cellular Networks - Spacebridge Inc.\" \/>\n<meta property=\"og:description\" content=\"For mobile network operators to gain the business advantages of satellite backhaul in 2G networks, the satellite solution needs.\" \/>\n<meta property=\"og:url\" content=\"https:\/\/spacebridge.com\/fr\/2g-cellular-networks\/\" \/>\n<meta property=\"og:site_name\" content=\"Spacebridge Inc.\" \/>\n<meta property=\"article:modified_time\" content=\"2024-09-13T15:29:23+00:00\" \/>\n<meta property=\"og:image\" content=\"https:\/\/spacebridge.com\/wp-content\/uploads\/2024\/02\/SpaceBridge-logo-no-tagline-full-color-on-white-or-blue.png\" \/>\n\t<meta property=\"og:image:width\" content=\"1474\" \/>\n\t<meta property=\"og:image:height\" content=\"730\" \/>\n\t<meta property=\"og:image:type\" content=\"image\/png\" \/>\n<meta name=\"twitter:card\" content=\"summary_large_image\" \/>\n<meta name=\"twitter:label1\" content=\"Dur\u00e9e de lecture estim\u00e9e\" \/>\n\t<meta name=\"twitter:data1\" content=\"2 minutes\" \/>\n<script type=\"application\/ld+json\" class=\"yoast-schema-graph\">{\"@context\":\"https:\\\/\\\/schema.org\",\"@graph\":[{\"@type\":\"WebPage\",\"@id\":\"https:\\\/\\\/spacebridge.com\\\/2g-cellular-networks\\\/\",\"url\":\"https:\\\/\\\/spacebridge.com\\\/2g-cellular-networks\\\/\",\"name\":\"2G Cellular Networks - Spacebridge Inc.\",\"isPartOf\":{\"@id\":\"https:\\\/\\\/spacebridge.com\\\/#website\"},\"datePublished\":\"2022-03-02T16:41:06+00:00\",\"dateModified\":\"2024-09-13T15:29:23+00:00\",\"description\":\"For mobile network operators to gain the business advantages of satellite backhaul in 2G networks, the satellite solution needs.\",\"breadcrumb\":{\"@id\":\"https:\\\/\\\/spacebridge.com\\\/2g-cellular-networks\\\/#breadcrumb\"},\"inLanguage\":\"fr-FR\",\"potentialAction\":[{\"@type\":\"ReadAction\",\"target\":[\"https:\\\/\\\/spacebridge.com\\\/2g-cellular-networks\\\/\"]}]},{\"@type\":\"BreadcrumbList\",\"@id\":\"https:\\\/\\\/spacebridge.com\\\/2g-cellular-networks\\\/#breadcrumb\",\"itemListElement\":[{\"@type\":\"ListItem\",\"position\":1,\"name\":\"Home\",\"item\":\"https:\\\/\\\/spacebridge.com\\\/\"},{\"@type\":\"ListItem\",\"position\":2,\"name\":\"2G Cellular Networks\"}]},{\"@type\":\"WebSite\",\"@id\":\"https:\\\/\\\/spacebridge.com\\\/#website\",\"url\":\"https:\\\/\\\/spacebridge.com\\\/\",\"name\":\"Spacebridge Inc.\",\"description\":\"Broadband Satellite Communications Systems\",\"publisher\":{\"@id\":\"https:\\\/\\\/spacebridge.com\\\/#organization\"},\"potentialAction\":[{\"@type\":\"SearchAction\",\"target\":{\"@type\":\"EntryPoint\",\"urlTemplate\":\"https:\\\/\\\/spacebridge.com\\\/?s={search_term_string}\"},\"query-input\":{\"@type\":\"PropertyValueSpecification\",\"valueRequired\":true,\"valueName\":\"search_term_string\"}}],\"inLanguage\":\"fr-FR\"},{\"@type\":\"Organization\",\"@id\":\"https:\\\/\\\/spacebridge.com\\\/#organization\",\"name\":\"SpaceBridge Inc.\",\"url\":\"https:\\\/\\\/spacebridge.com\\\/\",\"logo\":{\"@type\":\"ImageObject\",\"inLanguage\":\"fr-FR\",\"@id\":\"https:\\\/\\\/spacebridge.com\\\/#\\\/schema\\\/logo\\\/image\\\/\",\"url\":\"https:\\\/\\\/spacebridge.com\\\/wp-content\\\/uploads\\\/2024\\\/02\\\/SpaceBridge-logo-no-tagline-full-color-on-white-or-blue.png\",\"contentUrl\":\"https:\\\/\\\/spacebridge.com\\\/wp-content\\\/uploads\\\/2024\\\/02\\\/SpaceBridge-logo-no-tagline-full-color-on-white-or-blue.png\",\"width\":1474,\"height\":730,\"caption\":\"SpaceBridge Inc.\"},\"image\":{\"@id\":\"https:\\\/\\\/spacebridge.com\\\/#\\\/schema\\\/logo\\\/image\\\/\"},\"sameAs\":[\"https:\\\/\\\/www.linkedin.com\\\/company\\\/spacebridgeinc\\\/\"]}]}<\/script>\n<!-- \/ Yoast SEO plugin. -->","yoast_head_json":{"title":"2G Cellular Networks - Spacebridge Inc.","description":"For mobile network operators to gain the business advantages of satellite backhaul in 2G networks, the satellite solution needs.","robots":{"index":"index","follow":"follow","max-snippet":"max-snippet:-1","max-image-preview":"max-image-preview:large","max-video-preview":"max-video-preview:-1"},"canonical":"https:\/\/spacebridge.com\/fr\/2g-cellular-networks\/","og_locale":"fr_FR","og_type":"article","og_title":"2G Cellular Networks - Spacebridge Inc.","og_description":"For mobile network operators to gain the business advantages of satellite backhaul in 2G networks, the satellite solution needs.","og_url":"https:\/\/spacebridge.com\/fr\/2g-cellular-networks\/","og_site_name":"Spacebridge Inc.","article_modified_time":"2024-09-13T15:29:23+00:00","og_image":[{"width":1474,"height":730,"url":"https:\/\/spacebridge.com\/wp-content\/uploads\/2024\/02\/SpaceBridge-logo-no-tagline-full-color-on-white-or-blue.png","type":"image\/png"}],"twitter_card":"summary_large_image","twitter_misc":{"Dur\u00e9e de lecture estim\u00e9e":"2 minutes"},"schema":{"@context":"https:\/\/schema.org","@graph":[{"@type":"WebPage","@id":"https:\/\/spacebridge.com\/2g-cellular-networks\/","url":"https:\/\/spacebridge.com\/2g-cellular-networks\/","name":"2G Cellular Networks - Spacebridge Inc.","isPartOf":{"@id":"https:\/\/spacebridge.com\/#website"},"datePublished":"2022-03-02T16:41:06+00:00","dateModified":"2024-09-13T15:29:23+00:00","description":"For mobile network operators to gain the business advantages of satellite backhaul in 2G networks, the satellite solution needs.","breadcrumb":{"@id":"https:\/\/spacebridge.com\/2g-cellular-networks\/#breadcrumb"},"inLanguage":"fr-FR","potentialAction":[{"@type":"ReadAction","target":["https:\/\/spacebridge.com\/2g-cellular-networks\/"]}]},{"@type":"BreadcrumbList","@id":"https:\/\/spacebridge.com\/2g-cellular-networks\/#breadcrumb","itemListElement":[{"@type":"ListItem","position":1,"name":"Home","item":"https:\/\/spacebridge.com\/"},{"@type":"ListItem","position":2,"name":"2G Cellular Networks"}]},{"@type":"WebSite","@id":"https:\/\/spacebridge.com\/#website","url":"https:\/\/spacebridge.com\/","name":"Spacebridge Inc.","description":"Broadband Satellite Communications Systems","publisher":{"@id":"https:\/\/spacebridge.com\/#organization"},"potentialAction":[{"@type":"SearchAction","target":{"@type":"EntryPoint","urlTemplate":"https:\/\/spacebridge.com\/?s={search_term_string}"},"query-input":{"@type":"PropertyValueSpecification","valueRequired":true,"valueName":"search_term_string"}}],"inLanguage":"fr-FR"},{"@type":"Organization","@id":"https:\/\/spacebridge.com\/#organization","name":"SpaceBridge Inc.","url":"https:\/\/spacebridge.com\/","logo":{"@type":"ImageObject","inLanguage":"fr-FR","@id":"https:\/\/spacebridge.com\/#\/schema\/logo\/image\/","url":"https:\/\/spacebridge.com\/wp-content\/uploads\/2024\/02\/SpaceBridge-logo-no-tagline-full-color-on-white-or-blue.png","contentUrl":"https:\/\/spacebridge.com\/wp-content\/uploads\/2024\/02\/SpaceBridge-logo-no-tagline-full-color-on-white-or-blue.png","width":1474,"height":730,"caption":"SpaceBridge Inc."},"image":{"@id":"https:\/\/spacebridge.com\/#\/schema\/logo\/image\/"},"sameAs":["https:\/\/www.linkedin.com\/company\/spacebridgeinc\/"]}]}},"_links":{"self":[{"href":"https:\/\/spacebridge.com\/fr\/wp-json\/wp\/v2\/pages\/6569","targetHints":{"allow":["GET"]}}],"collection":[{"href":"https:\/\/spacebridge.com\/fr\/wp-json\/wp\/v2\/pages"}],"about":[{"href":"https:\/\/spacebridge.com\/fr\/wp-json\/wp\/v2\/types\/page"}],"author":[{"embeddable":true,"href":"https:\/\/spacebridge.com\/fr\/wp-json\/wp\/v2\/users\/13"}],"replies":[{"embeddable":true,"href":"https:\/\/spacebridge.com\/fr\/wp-json\/wp\/v2\/comments?post=6569"}],"version-history":[{"count":76,"href":"https:\/\/spacebridge.com\/fr\/wp-json\/wp\/v2\/pages\/6569\/revisions"}],"predecessor-version":[{"id":12304,"href":"https:\/\/spacebridge.com\/fr\/wp-json\/wp\/v2\/pages\/6569\/revisions\/12304"}],"wp:attachment":[{"href":"https:\/\/spacebridge.com\/fr\/wp-json\/wp\/v2\/media?parent=6569"}],"curies":[{"name":"wp","href":"https:\/\/api.w.org\/{rel}","templated":true}]}}