{"id":6534,"date":"2022-02-25T19:19:05","date_gmt":"2022-02-25T19:19:05","guid":{"rendered":"https:\/\/spacebridge.com\/?page_id=6534"},"modified":"2024-09-13T15:07:28","modified_gmt":"2024-09-13T15:07:28","slug":"enterprise-broadband","status":"publish","type":"page","link":"https:\/\/spacebridge.com\/fr\/enterprise-broadband\/","title":{"rendered":"Entreprise et Haut D\u00e9bit"},"content":{"rendered":"<div data-elementor-type=\"wp-page\" data-elementor-id=\"6534\" class=\"elementor elementor-6534\" data-elementor-post-type=\"page\">\n\t\t\t\t\t\t<section class=\"elementor-section elementor-top-section elementor-element elementor-element-d3f8f02 ot-traditional elementor-section-boxed elementor-section-height-default elementor-section-height-default\" data-id=\"d3f8f02\" data-element_type=\"section\" data-e-type=\"section\">\n\t\t\t\t\t\t<div class=\"elementor-container elementor-column-gap-default\">\n\t\t\t\t\t<div class=\"elementor-column elementor-col-100 elementor-top-column elementor-element elementor-element-9d1ca74 ot-flex-column-vertical\" data-id=\"9d1ca74\" data-element_type=\"column\" data-e-type=\"column\">\n\t\t\t<div class=\"elementor-widget-wrap elementor-element-populated\">\n\t\t\t\t\t\t<div class=\"elementor-element elementor-element-b465cc7 elementor-widget elementor-widget-text-editor\" data-id=\"b465cc7\" data-element_type=\"widget\" data-e-type=\"widget\" data-widget_type=\"text-editor.default\">\n\t\t\t\t<div class=\"elementor-widget-container\">\n\t\t\t\t\t\t\t\t\t<p>La large bande d'entreprise devient indispensable dans l'utilisation quotidienne des entreprises. Avec de plus en plus d'applications informatiques d'entreprise migr\u00e9es vers et fonctionnant sur des clouds priv\u00e9s et\/ou publics, une connectivit\u00e9 IP\/Internet haut d\u00e9bit et fiable est devenue plus essentielle que jamais pour les activit\u00e9s quotidiennes. De plus, les nouveaux syst\u00e8mes satellitaires \u00e0 haut d\u00e9bit (HTS) peuvent d\u00e9sormais offrir une capacit\u00e9 plus de 100 fois sup\u00e9rieure \u00e0 celle des satellites de services fixes conventionnels. Par cons\u00e9quent, avec cette augmentation massive du d\u00e9bit, les syst\u00e8mes HTS r\u00e9duisent consid\u00e9rablement le co\u00fbt par bit et par seconde. Ainsi, la capacit\u00e9 de bande passante lib\u00e8re le potentiel pour de toute nouvelles applications et march\u00e9s satellitaires.<\/p><p>L'\u00e9conomie de la bande passante des satellites HTS fait tomber les barri\u00e8res auxquelles se heurtait jusqu'\u00e0 pr\u00e9sent l'acc\u00e8s Internet haut d\u00e9bit d'entreprise par satellite. En outre, de nouvelles capacit\u00e9s HTS sont mises en ligne dans le monde entier pour r\u00e9pondre \u00e0 la demande du march\u00e9 dans les zones non desservies ou mal desservies par les r\u00e9seaux terrestres.<\/p><p>Contrairement aux satellites traditionnels, les services HTS peuvent \u00eatre comp\u00e9titifs, en termes de vitesse, de qualit\u00e9 et de prix, avec les solutions terrestres dans les zones exurbaines. \u00a0Et les opportunit\u00e9s du march\u00e9 HTS ne se limitent pas \u00e0 l'espace large bande grand public.\u00a0 Les nouveaux satellites en bande Ka et HTS et la technologie correspondante offrent \u00e9galement la possibilit\u00e9 de desservir de mani\u00e8re unique les march\u00e9s des communications des entreprises et des gouvernements sur terre, en mer et dans les airs. \u00a0La r\u00e9duction du co\u00fbt par bit de nombreuses plates-formes HTS permet \u00e9galement d'am\u00e9liorer consid\u00e9rablement la rentabilit\u00e9 de l'utilisation du satellite par les op\u00e9rateurs de t\u00e9l\u00e9phonie mobile pour la transmission de la voix et des donn\u00e9es.<\/p>\t\t\t\t\t\t\t\t<\/div>\n\t\t\t\t<\/div>\n\t\t\t\t\t<\/div>\n\t\t<\/div>\n\t\t\t\t\t<\/div>\n\t\t<\/section>\n\t\t\t\t<section class=\"elementor-section elementor-top-section elementor-element elementor-element-b4dc837 ot-traditional elementor-section-boxed elementor-section-height-default elementor-section-height-default\" data-id=\"b4dc837\" data-element_type=\"section\" data-e-type=\"section\">\n\t\t\t\t\t\t<div class=\"elementor-container elementor-column-gap-default\">\n\t\t\t\t\t<div class=\"elementor-column elementor-col-100 elementor-top-column elementor-element elementor-element-f242def ot-flex-column-vertical\" data-id=\"f242def\" data-element_type=\"column\" data-e-type=\"column\">\n\t\t\t<div class=\"elementor-widget-wrap elementor-element-populated\">\n\t\t\t\t\t\t<div class=\"elementor-element elementor-element-9cb5bbd elementor-widget elementor-widget-heading\" data-id=\"9cb5bbd\" data-element_type=\"widget\" data-e-type=\"widget\" data-widget_type=\"heading.default\">\n\t\t\t\t<div class=\"elementor-widget-container\">\n\t\t\t\t\t<h2 class=\"elementor-heading-title elementor-size-default\">Nos secteurs d'activit\u00e9<br>\n\n<\/h2>\t\t\t\t<\/div>\n\t\t\t\t<\/div>\n\t\t\t\t\t<\/div>\n\t\t<\/div>\n\t\t\t\t\t<\/div>\n\t\t<\/section>\n\t\t\t\t<section class=\"elementor-section elementor-top-section elementor-element elementor-element-c8eafb7 related-products-section ot-traditional elementor-section-boxed elementor-section-height-default elementor-section-height-default\" data-id=\"c8eafb7\" data-element_type=\"section\" data-e-type=\"section\">\n\t\t\t\t\t\t<div class=\"elementor-container elementor-column-gap-default\">\n\t\t\t\t\t<div class=\"elementor-column elementor-col-33 elementor-top-column elementor-element elementor-element-21ab6f7 ot-flex-column-vertical\" data-id=\"21ab6f7\" data-element_type=\"column\" data-e-type=\"column\">\n\t\t\t<div class=\"elementor-widget-wrap elementor-element-populated\">\n\t\t\t\t\t\t<div class=\"elementor-element elementor-element-cc865b6 elementor-widget elementor-widget-iiconbox2\" data-id=\"cc865b6\" data-element_type=\"widget\" data-e-type=\"widget\" data-widget_type=\"iiconbox2.default\">\n\t\t\t\t<div class=\"elementor-widget-container\">\n\t\t\t\t\t\t\t<div class=\"icon-box-s2 s2\">\r\n\t\t\t<div class=\"icon-main\">\r\n\t\t        \t\t\t    <img decoding=\"async\" src=\"https:\/\/spacebridge.com\/wp-content\/uploads\/2022\/03\/enterprise-1.gif\" alt=\"Enterprise\">\t\t        \t\t        \t        <\/div>\r\n\t        <div class=\"content-box\">\r\n\t            <h5><a href=\"\/fr\/enterprise\/\">Entreprise<\/a><\/h5>\r\n\t            <p><\/p>\r\n\t        <\/div>\r\n\t    <\/div>\r\n\t    \t\t\t\t<\/div>\n\t\t\t\t<\/div>\n\t\t\t\t\t<\/div>\n\t\t<\/div>\n\t\t\t\t<div class=\"elementor-column elementor-col-33 elementor-top-column elementor-element elementor-element-4764887 ot-flex-column-vertical\" data-id=\"4764887\" data-element_type=\"column\" data-e-type=\"column\">\n\t\t\t<div class=\"elementor-widget-wrap elementor-element-populated\">\n\t\t\t\t\t\t<div class=\"elementor-element elementor-element-4278418 elementor-widget elementor-widget-iiconbox2\" data-id=\"4278418\" data-element_type=\"widget\" data-e-type=\"widget\" data-widget_type=\"iiconbox2.default\">\n\t\t\t\t<div class=\"elementor-widget-container\">\n\t\t\t\t\t\t\t<div class=\"icon-box-s2 s2\">\r\n\t\t\t<div class=\"icon-main\">\r\n\t\t        \t\t\t    <img decoding=\"async\" src=\"https:\/\/spacebridge.com\/wp-content\/uploads\/2022\/03\/broadband.gif\" alt=\"Residential Broadband\">\t\t        \t\t        \t        <\/div>\r\n\t        <div class=\"content-box\">\r\n\t            <h5><a href=\"\/fr\/residential-broadband\/\">Haut d\u00e9bit r\u00e9sidentiel<\/a><\/h5>\r\n\t            <p><\/p>\r\n\t        <\/div>\r\n\t    <\/div>\r\n\t    \t\t\t\t<\/div>\n\t\t\t\t<\/div>\n\t\t\t\t\t<\/div>\n\t\t<\/div>\n\t\t\t\t<div class=\"elementor-column elementor-col-33 elementor-top-column elementor-element elementor-element-bb429c2 ot-flex-column-vertical\" data-id=\"bb429c2\" data-element_type=\"column\" data-e-type=\"column\">\n\t\t\t<div class=\"elementor-widget-wrap elementor-element-populated\">\n\t\t\t\t\t\t<div class=\"elementor-element elementor-element-17adb3b elementor-widget elementor-widget-iiconbox2\" data-id=\"17adb3b\" data-element_type=\"widget\" data-e-type=\"widget\" data-widget_type=\"iiconbox2.default\">\n\t\t\t\t<div class=\"elementor-widget-container\">\n\t\t\t\t\t\t\t<div class=\"icon-box-s2 s2\">\r\n\t\t\t<div class=\"icon-main\">\r\n\t\t        \t\t\t    <img decoding=\"async\" src=\"https:\/\/spacebridge.com\/wp-content\/uploads\/2022\/03\/graduation-cap.gif\" alt=\"E-Education\">\t\t        \t\t        \t        <\/div>\r\n\t        <div class=\"content-box\">\r\n\t            <h5><a href=\"\/fr\/e-education\/\">E-\u00e9ducation<\/a><\/h5>\r\n\t            <p><\/p>\r\n\t        <\/div>\r\n\t    <\/div>\r\n\t    \t\t\t\t<\/div>\n\t\t\t\t<\/div>\n\t\t\t\t\t<\/div>\n\t\t<\/div>\n\t\t\t\t\t<\/div>\n\t\t<\/section>\n\t\t\t\t<section class=\"elementor-section elementor-top-section elementor-element elementor-element-550a51c ot-traditional elementor-section-boxed elementor-section-height-default elementor-section-height-default\" data-id=\"550a51c\" data-element_type=\"section\" data-e-type=\"section\">\n\t\t\t\t\t\t<div class=\"elementor-container elementor-column-gap-default\">\n\t\t\t\t\t<div class=\"elementor-column elementor-col-100 elementor-top-column elementor-element elementor-element-3980853 ot-flex-column-vertical\" data-id=\"3980853\" data-element_type=\"column\" data-e-type=\"column\">\n\t\t\t<div class=\"elementor-widget-wrap elementor-element-populated\">\n\t\t\t\t\t\t<div class=\"elementor-element elementor-element-6848520 elementor-widget elementor-widget-heading\" data-id=\"6848520\" data-element_type=\"widget\" data-e-type=\"widget\" data-widget_type=\"heading.default\">\n\t\t\t\t<div class=\"elementor-widget-container\">\n\t\t\t\t\t<h4 class=\"elementor-heading-title elementor-size-default\">Ressources Connexes<\/h4>\t\t\t\t<\/div>\n\t\t\t\t<\/div>\n\t\t\t\t<div class=\"elementor-element elementor-element-d5ea0b0 related-resources-acc elementor-widget elementor-widget-iaccordions\" data-id=\"d5ea0b0\" data-element_type=\"widget\" data-e-type=\"widget\" data-widget_type=\"iaccordions.default\">\n\t\t\t\t<div class=\"elementor-widget-container\">\n\t\t\t\t\t\r\n\t\t<div class=\"ot-accordions\">\r\n\t\t\t\t\t\t<div class=\"acc-item\">\r\n\t\t\t\t<span class=\"acc-toggle\">Fiches Techniques <i class=\"down flaticon-download-arrow\"><\/i><i class=\"up flaticon-up-arrow\"><\/i><\/span>\r\n\t\t\t\t<div class=\"acc-content\">\r\n\t\t\t\t\t<p><a href=\"https:\/\/spacebridge.com\/wp-content\/uploads\/2022\/02\/C7700-DS-20231113R03.pdf\">C7700 - Modem\/appareil satellite \u00e0 large bande du syst\u00e8me ASAT\u2122<\/a><\/p><p><a href=\"https:\/\/spacebridge.com\/wp-content\/uploads\/2022\/05\/PB-E7000-DS-006-21105_1-fr.pdf\">Modem satellite de connectivit\u00e9 d&#039;entreprise du syst\u00e8me E7000 ASAT\u2122<\/a><\/p>\t\t\t\t<\/div>\r\n\t\t\t<\/div>\r\n\t\t\t\t\t\t<div class=\"acc-item\">\r\n\t\t\t\t<span class=\"acc-toggle\">D\u00e9pliants <i class=\"down flaticon-download-arrow\"><\/i><i class=\"up flaticon-up-arrow\"><\/i><\/span>\r\n\t\t\t\t<div class=\"acc-content\">\r\n\t\t\t\t\t<p><a href=\"https:\/\/spacebridge.com\/wp-content\/uploads\/2022\/04\/PB-ASAT-SYSTEM-BR-007-22020-fr.pdf\">Brochure du syst\u00e8me ASAT<\/a><\/p><p><a href=\"https:\/\/spacebridge.com\/wp-content\/uploads\/2022\/04\/PB-ASAT-CBH-AN-007-21236-1-fr.pdf\">Description de la solution de liaisons de retour cellulaires<\/a><\/p>\t\t\t\t<\/div>\r\n\t\t\t<\/div>\r\n\t\t\t\t\t\t<div class=\"acc-item\">\r\n\t\t\t\t<span class=\"acc-toggle\">Livres Blancs <i class=\"down flaticon-download-arrow\"><\/i><i class=\"up flaticon-up-arrow\"><\/i><\/span>\r\n\t\t\t\t<div class=\"acc-content\">\r\n\t\t\t\t\t<p><a href=\"https:\/\/spacebridge.com\/wp-content\/uploads\/2022\/04\/PB-WAVESWITCH-WP-003-22020-1-fr.pdf\">Livre blanc WaveSwitch <\/a><\/p>\t\t\t\t<\/div>\r\n\t\t\t<\/div>\r\n\t\t\t\t\t\t<div class=\"acc-item\">\r\n\t\t\t\t<span class=\"acc-toggle\">Histoires de Succ\u00e8s <i class=\"down flaticon-download-arrow\"><\/i><i class=\"up flaticon-up-arrow\"><\/i><\/span>\r\n\t\t\t\t<div class=\"acc-content\">\r\n\t\t\t\t\t<p><a href=\"https:\/\/spacebridge.com\/wp-content\/uploads\/2022\/06\/Venezuela-CANTV-21060_1-fr.pdf\">Venezuela-CANTV - Histoire d'une r\u00e9ussite<\/a><\/p><p><a href=\"https:\/\/spacebridge.com\/wp-content\/uploads\/2022\/04\/Omansat-Success-Story-1-2-fr.pdf\">Omansat - Histoire d'une r\u00e9ussite<\/a><\/p>\t\t\t\t<\/div>\r\n\t\t\t<\/div>\r\n\t\t\t\t\t\t<div class=\"acc-item\">\r\n\t\t\t\t<span class=\"acc-toggle\">Videos <i class=\"down flaticon-download-arrow\"><\/i><i class=\"up flaticon-up-arrow\"><\/i><\/span>\r\n\t\t\t\t<div class=\"acc-content\">\r\n\t\t\t\t\t<p><iframe title=\"YouTube video player\" src=\"\/\/www.youtube.com\/embed\/kakmjv4KUUA\" width=\"560\" height=\"263\" frameborder=\"0\" allowfullscreen=\"allowfullscreen\"><\/iframe><\/p><p><iframe src=\"\/\/www.youtube.com\/embed\/eUfe7Ty_Af8?ab_channel=SpaceBridge\" width=\"560\" height=\"314\" allowfullscreen=\"allowfullscreen\"><\/iframe><\/p>\t\t\t\t<\/div>\r\n\t\t\t<\/div>\r\n\t\t\t\t    <\/div>\r\n\r\n\t    \t\t\t\t<\/div>\n\t\t\t\t<\/div>\n\t\t\t\t\t<\/div>\n\t\t<\/div>\n\t\t\t\t\t<\/div>\n\t\t<\/section>\n\t\t\t\t<\/div>","protected":false},"excerpt":{"rendered":"<p>Enterprise broadband is becoming necessary in companies&#8217; daily use. With more enterprise IT applications migrating to and running on private and\/or public clouds,\u00a0 reliable high-speed IP\/Internet connectivity has become more [&hellip;]<\/p>\n","protected":false},"author":13,"featured_media":0,"parent":0,"menu_order":0,"comment_status":"closed","ping_status":"closed","template":"","meta":{"_acf_changed":false,"footnotes":""},"class_list":["post-6534","page","type-page","status-publish","hentry"],"acf":[],"yoast_head":"<!-- This site is optimized with the Yoast SEO plugin v27.4 - https:\/\/yoast.com\/product\/yoast-seo-wordpress\/ -->\n<title>Enterprise &amp; Broadband - Spacebridge Inc.<\/title>\n<meta name=\"description\" content=\"Enterprise broadband is becoming necessary and even integral to daily business than ever before especially for larger companies.\" \/>\n<meta name=\"robots\" content=\"index, follow, max-snippet:-1, max-image-preview:large, max-video-preview:-1\" \/>\n<link rel=\"canonical\" href=\"https:\/\/spacebridge.com\/fr\/enterprise-broadband\/\" \/>\n<meta property=\"og:locale\" content=\"fr_FR\" \/>\n<meta property=\"og:type\" content=\"article\" \/>\n<meta property=\"og:title\" content=\"Enterprise &amp; Broadband - Spacebridge Inc.\" \/>\n<meta property=\"og:description\" content=\"Enterprise broadband is becoming necessary and even integral to daily business than ever before especially for larger companies.\" \/>\n<meta property=\"og:url\" content=\"https:\/\/spacebridge.com\/fr\/enterprise-broadband\/\" \/>\n<meta property=\"og:site_name\" content=\"Spacebridge Inc.\" \/>\n<meta property=\"article:modified_time\" content=\"2024-09-13T15:07:28+00:00\" \/>\n<meta property=\"og:image\" content=\"https:\/\/spacebridge.com\/wp-content\/uploads\/2022\/03\/enterprise-1.gif\" \/>\n<meta name=\"twitter:card\" content=\"summary_large_image\" \/>\n<meta name=\"twitter:label1\" content=\"Dur\u00e9e de lecture estim\u00e9e\" \/>\n\t<meta name=\"twitter:data1\" content=\"2 minutes\" \/>\n<script type=\"application\/ld+json\" class=\"yoast-schema-graph\">{\"@context\":\"https:\\\/\\\/schema.org\",\"@graph\":[{\"@type\":\"WebPage\",\"@id\":\"https:\\\/\\\/spacebridge.com\\\/enterprise-broadband\\\/\",\"url\":\"https:\\\/\\\/spacebridge.com\\\/enterprise-broadband\\\/\",\"name\":\"Enterprise & Broadband - Spacebridge Inc.\",\"isPartOf\":{\"@id\":\"https:\\\/\\\/spacebridge.com\\\/#website\"},\"primaryImageOfPage\":{\"@id\":\"https:\\\/\\\/spacebridge.com\\\/enterprise-broadband\\\/#primaryimage\"},\"image\":{\"@id\":\"https:\\\/\\\/spacebridge.com\\\/enterprise-broadband\\\/#primaryimage\"},\"thumbnailUrl\":\"https:\\\/\\\/spacebridge.com\\\/wp-content\\\/uploads\\\/2022\\\/03\\\/enterprise-1.gif\",\"datePublished\":\"2022-02-25T19:19:05+00:00\",\"dateModified\":\"2024-09-13T15:07:28+00:00\",\"description\":\"Enterprise broadband is becoming necessary and even integral to daily business than ever before especially for larger companies.\",\"breadcrumb\":{\"@id\":\"https:\\\/\\\/spacebridge.com\\\/enterprise-broadband\\\/#breadcrumb\"},\"inLanguage\":\"fr-FR\",\"potentialAction\":[{\"@type\":\"ReadAction\",\"target\":[\"https:\\\/\\\/spacebridge.com\\\/enterprise-broadband\\\/\"]}]},{\"@type\":\"ImageObject\",\"inLanguage\":\"fr-FR\",\"@id\":\"https:\\\/\\\/spacebridge.com\\\/enterprise-broadband\\\/#primaryimage\",\"url\":\"https:\\\/\\\/spacebridge.com\\\/wp-content\\\/uploads\\\/2022\\\/03\\\/enterprise-1.gif\",\"contentUrl\":\"https:\\\/\\\/spacebridge.com\\\/wp-content\\\/uploads\\\/2022\\\/03\\\/enterprise-1.gif\"},{\"@type\":\"BreadcrumbList\",\"@id\":\"https:\\\/\\\/spacebridge.com\\\/enterprise-broadband\\\/#breadcrumb\",\"itemListElement\":[{\"@type\":\"ListItem\",\"position\":1,\"name\":\"Home\",\"item\":\"https:\\\/\\\/spacebridge.com\\\/\"},{\"@type\":\"ListItem\",\"position\":2,\"name\":\"Enterprise &#038; Broadband\"}]},{\"@type\":\"WebSite\",\"@id\":\"https:\\\/\\\/spacebridge.com\\\/#website\",\"url\":\"https:\\\/\\\/spacebridge.com\\\/\",\"name\":\"Spacebridge Inc.\",\"description\":\"Broadband Satellite Communications Systems\",\"publisher\":{\"@id\":\"https:\\\/\\\/spacebridge.com\\\/#organization\"},\"potentialAction\":[{\"@type\":\"SearchAction\",\"target\":{\"@type\":\"EntryPoint\",\"urlTemplate\":\"https:\\\/\\\/spacebridge.com\\\/?s={search_term_string}\"},\"query-input\":{\"@type\":\"PropertyValueSpecification\",\"valueRequired\":true,\"valueName\":\"search_term_string\"}}],\"inLanguage\":\"fr-FR\"},{\"@type\":\"Organization\",\"@id\":\"https:\\\/\\\/spacebridge.com\\\/#organization\",\"name\":\"SpaceBridge Inc.\",\"url\":\"https:\\\/\\\/spacebridge.com\\\/\",\"logo\":{\"@type\":\"ImageObject\",\"inLanguage\":\"fr-FR\",\"@id\":\"https:\\\/\\\/spacebridge.com\\\/#\\\/schema\\\/logo\\\/image\\\/\",\"url\":\"https:\\\/\\\/spacebridge.com\\\/wp-content\\\/uploads\\\/2024\\\/02\\\/SpaceBridge-logo-no-tagline-full-color-on-white-or-blue.png\",\"contentUrl\":\"https:\\\/\\\/spacebridge.com\\\/wp-content\\\/uploads\\\/2024\\\/02\\\/SpaceBridge-logo-no-tagline-full-color-on-white-or-blue.png\",\"width\":1474,\"height\":730,\"caption\":\"SpaceBridge Inc.\"},\"image\":{\"@id\":\"https:\\\/\\\/spacebridge.com\\\/#\\\/schema\\\/logo\\\/image\\\/\"},\"sameAs\":[\"https:\\\/\\\/www.linkedin.com\\\/company\\\/spacebridgeinc\\\/\"]}]}<\/script>\n<!-- \/ Yoast SEO plugin. -->","yoast_head_json":{"title":"Enterprise & Broadband - Spacebridge Inc.","description":"Enterprise broadband is becoming necessary and even integral to daily business than ever before especially for larger companies.","robots":{"index":"index","follow":"follow","max-snippet":"max-snippet:-1","max-image-preview":"max-image-preview:large","max-video-preview":"max-video-preview:-1"},"canonical":"https:\/\/spacebridge.com\/fr\/enterprise-broadband\/","og_locale":"fr_FR","og_type":"article","og_title":"Enterprise & Broadband - Spacebridge Inc.","og_description":"Enterprise broadband is becoming necessary and even integral to daily business than ever before especially for larger companies.","og_url":"https:\/\/spacebridge.com\/fr\/enterprise-broadband\/","og_site_name":"Spacebridge Inc.","article_modified_time":"2024-09-13T15:07:28+00:00","og_image":[{"url":"https:\/\/spacebridge.com\/wp-content\/uploads\/2022\/03\/enterprise-1.gif","type":"","width":"","height":""}],"twitter_card":"summary_large_image","twitter_misc":{"Dur\u00e9e de lecture estim\u00e9e":"2 minutes"},"schema":{"@context":"https:\/\/schema.org","@graph":[{"@type":"WebPage","@id":"https:\/\/spacebridge.com\/enterprise-broadband\/","url":"https:\/\/spacebridge.com\/enterprise-broadband\/","name":"Enterprise & Broadband - Spacebridge Inc.","isPartOf":{"@id":"https:\/\/spacebridge.com\/#website"},"primaryImageOfPage":{"@id":"https:\/\/spacebridge.com\/enterprise-broadband\/#primaryimage"},"image":{"@id":"https:\/\/spacebridge.com\/enterprise-broadband\/#primaryimage"},"thumbnailUrl":"https:\/\/spacebridge.com\/wp-content\/uploads\/2022\/03\/enterprise-1.gif","datePublished":"2022-02-25T19:19:05+00:00","dateModified":"2024-09-13T15:07:28+00:00","description":"Enterprise broadband is becoming necessary and even integral to daily business than ever before especially for larger companies.","breadcrumb":{"@id":"https:\/\/spacebridge.com\/enterprise-broadband\/#breadcrumb"},"inLanguage":"fr-FR","potentialAction":[{"@type":"ReadAction","target":["https:\/\/spacebridge.com\/enterprise-broadband\/"]}]},{"@type":"ImageObject","inLanguage":"fr-FR","@id":"https:\/\/spacebridge.com\/enterprise-broadband\/#primaryimage","url":"https:\/\/spacebridge.com\/wp-content\/uploads\/2022\/03\/enterprise-1.gif","contentUrl":"https:\/\/spacebridge.com\/wp-content\/uploads\/2022\/03\/enterprise-1.gif"},{"@type":"BreadcrumbList","@id":"https:\/\/spacebridge.com\/enterprise-broadband\/#breadcrumb","itemListElement":[{"@type":"ListItem","position":1,"name":"Home","item":"https:\/\/spacebridge.com\/"},{"@type":"ListItem","position":2,"name":"Enterprise &#038; Broadband"}]},{"@type":"WebSite","@id":"https:\/\/spacebridge.com\/#website","url":"https:\/\/spacebridge.com\/","name":"Spacebridge Inc.","description":"Broadband Satellite Communications Systems","publisher":{"@id":"https:\/\/spacebridge.com\/#organization"},"potentialAction":[{"@type":"SearchAction","target":{"@type":"EntryPoint","urlTemplate":"https:\/\/spacebridge.com\/?s={search_term_string}"},"query-input":{"@type":"PropertyValueSpecification","valueRequired":true,"valueName":"search_term_string"}}],"inLanguage":"fr-FR"},{"@type":"Organization","@id":"https:\/\/spacebridge.com\/#organization","name":"SpaceBridge Inc.","url":"https:\/\/spacebridge.com\/","logo":{"@type":"ImageObject","inLanguage":"fr-FR","@id":"https:\/\/spacebridge.com\/#\/schema\/logo\/image\/","url":"https:\/\/spacebridge.com\/wp-content\/uploads\/2024\/02\/SpaceBridge-logo-no-tagline-full-color-on-white-or-blue.png","contentUrl":"https:\/\/spacebridge.com\/wp-content\/uploads\/2024\/02\/SpaceBridge-logo-no-tagline-full-color-on-white-or-blue.png","width":1474,"height":730,"caption":"SpaceBridge Inc."},"image":{"@id":"https:\/\/spacebridge.com\/#\/schema\/logo\/image\/"},"sameAs":["https:\/\/www.linkedin.com\/company\/spacebridgeinc\/"]}]}},"_links":{"self":[{"href":"https:\/\/spacebridge.com\/fr\/wp-json\/wp\/v2\/pages\/6534","targetHints":{"allow":["GET"]}}],"collection":[{"href":"https:\/\/spacebridge.com\/fr\/wp-json\/wp\/v2\/pages"}],"about":[{"href":"https:\/\/spacebridge.com\/fr\/wp-json\/wp\/v2\/types\/page"}],"author":[{"embeddable":true,"href":"https:\/\/spacebridge.com\/fr\/wp-json\/wp\/v2\/users\/13"}],"replies":[{"embeddable":true,"href":"https:\/\/spacebridge.com\/fr\/wp-json\/wp\/v2\/comments?post=6534"}],"version-history":[{"count":165,"href":"https:\/\/spacebridge.com\/fr\/wp-json\/wp\/v2\/pages\/6534\/revisions"}],"predecessor-version":[{"id":12316,"href":"https:\/\/spacebridge.com\/fr\/wp-json\/wp\/v2\/pages\/6534\/revisions\/12316"}],"wp:attachment":[{"href":"https:\/\/spacebridge.com\/fr\/wp-json\/wp\/v2\/media?parent=6534"}],"curies":[{"name":"wp","href":"https:\/\/api.w.org\/{rel}","templated":true}]}}