{"id":6453,"date":"2022-02-25T16:57:58","date_gmt":"2022-02-25T16:57:58","guid":{"rendered":"https:\/\/spacebridge.com\/?page_id=6453"},"modified":"2024-09-13T15:28:55","modified_gmt":"2024-09-13T15:28:55","slug":"5g-cellular-networks","status":"publish","type":"page","link":"https:\/\/spacebridge.com\/fr\/5g-cellular-networks\/","title":{"rendered":"R\u00e9seaux cellulaires 5G"},"content":{"rendered":"<div data-elementor-type=\"wp-page\" data-elementor-id=\"6453\" class=\"elementor elementor-6453\" data-elementor-post-type=\"page\">\n\t\t\t\t\t\t<section class=\"elementor-section elementor-top-section elementor-element elementor-element-42a69e7 ot-traditional elementor-section-boxed elementor-section-height-default elementor-section-height-default\" data-id=\"42a69e7\" data-element_type=\"section\" data-e-type=\"section\">\n\t\t\t\t\t\t<div class=\"elementor-container elementor-column-gap-default\">\n\t\t\t\t\t<div class=\"elementor-column elementor-col-100 elementor-top-column elementor-element elementor-element-532279d ot-flex-column-vertical\" data-id=\"532279d\" data-element_type=\"column\" data-e-type=\"column\">\n\t\t\t<div class=\"elementor-widget-wrap elementor-element-populated\">\n\t\t\t\t\t\t<div class=\"elementor-element elementor-element-32b1d6c elementor-widget elementor-widget-heading\" data-id=\"32b1d6c\" data-element_type=\"widget\" data-e-type=\"widget\" data-widget_type=\"heading.default\">\n\t\t\t\t<div class=\"elementor-widget-container\">\n\t\t\t\t\t<h2 class=\"elementor-heading-title elementor-size-medium\">La voie vers le haut d\u00e9bit 5G : L'informatique de p\u00e9riph\u00e9rie \u00e0 acc\u00e8s multiple (MEC)<\/h2>\t\t\t\t<\/div>\n\t\t\t\t<\/div>\n\t\t\t\t<div class=\"elementor-element elementor-element-82dac35 elementor-widget elementor-widget-text-editor\" data-id=\"82dac35\" data-element_type=\"widget\" data-e-type=\"widget\" data-widget_type=\"text-editor.default\">\n\t\t\t\t<div class=\"elementor-widget-container\">\n\t\t\t\t\t\t\t\t\t<p>R\u00e9seau 5G<span style=\"color: #6d6d6d; font-family: 'Nunito Sans', sans-serif; font-size: 16px; font-weight: 400;\">\u00a0repousse certaines d\u00e9cisions et applications \u00e0 la \"p\u00e9riph\u00e9rie\" du r\u00e9seau, plus pr\u00e8s des abonn\u00e9s, afin de fournir un acc\u00e8s \u00e0 faible latence et \u00e0 large bande passante aux contenus et services. Par cons\u00e9quent, les technologies d'informatique en p\u00e9riph\u00e9rie et les MEC en particulier, constituent une voie de migration vers la 5G.<\/span><\/p><h5><strong>R\u00e9seau d'acc\u00e8s radio ouvert (RAN) et informatique de p\u00e9riph\u00e9rie multi-acc\u00e8s \/ informatique de p\u00e9riph\u00e9rie mobile<\/strong><\/h5><p>De plus, les op\u00e9rateurs de t\u00e9l\u00e9phonie mobile peuvent utiliser le MEC pour d\u00e9ployer rapidement et avec souplesse des applications et des services innovants pour les abonn\u00e9s mobiles en ouvrant la p\u00e9riph\u00e9rie de leur r\u00e9seau d'acc\u00e8s radio (RAN) \u00e0 des tiers autoris\u00e9s.<\/p><p>En outre, le d\u00e9ploiement d'une plateforme MEC open-RAN permettra \u00e0 un op\u00e9rateur de d\u00e9charger le traitement du noyau vers la p\u00e9riph\u00e9rie du r\u00e9seau et de rapprocher le contenu des utilisateurs finaux. Par cons\u00e9quent, en traitant les donn\u00e9es localement, les applications MEC peuvent \u00e9galement r\u00e9duire de mani\u00e8re significative le trafic de retour et les co\u00fbts de transfert de donn\u00e9es. De m\u00eame, les op\u00e9rateurs peuvent d\u00e9charger le trafic de leurs propres r\u00e9seaux tout en laissant les r\u00e9seaux autoris\u00e9s et authentifi\u00e9s injecter du contenu directement \u00e0 la p\u00e9riph\u00e9rie sans utiliser le r\u00e9seau central de l'op\u00e9rateur mobile. En fait, cela peut se faire tout en maintenant une compatibilit\u00e9 et un support complets du r\u00e9seau central.\u00a0<\/p><h5><strong>Tirer parti des avantages du satellite avec Mobile Edge<\/strong><\/h5><p>Par nature, les satellites sont une technologie de diffusion \u00e0 grande \u00e9chelle, de type \"un vers plusieurs\", et sont tr\u00e8s efficaces pour diffuser le m\u00eame contenu \u00e0 de nombreux endroits. En fait, cela les rend tr\u00e8s efficaces pour :<\/p><ul><li>La mise \u00e0 jour instantan\u00e9e des points d'extr\u00e9mit\u00e9 du CDN et des serveurs de mise en cache avec le contenu populaire qui peut \u00eatre mis en cache localement.<\/li><li>Diffusion du m\u00eame flux en direct vers un nombre pratiquement illimit\u00e9 de points de r\u00e9ception.<\/li><\/ul><p>Associ\u00e9s \u00e0 la MEC, les satellites peuvent \u00eatre utilis\u00e9s pour distribuer plus efficacement certains types de trafic vid\u00e9o et de contenu \u00e0 forte intensit\u00e9 de bande passante. Cela permet de lib\u00e9rer de la capacit\u00e9 de transport terrestre pour les services interactifs.<\/p>\t\t\t\t\t\t\t\t<\/div>\n\t\t\t\t<\/div>\n\t\t\t\t\t<\/div>\n\t\t<\/div>\n\t\t\t\t\t<\/div>\n\t\t<\/section>\n\t\t\t\t<section class=\"elementor-section elementor-top-section elementor-element elementor-element-84b24cf ot-traditional elementor-section-boxed elementor-section-height-default elementor-section-height-default\" data-id=\"84b24cf\" data-element_type=\"section\" data-e-type=\"section\">\n\t\t\t\t\t\t<div class=\"elementor-container elementor-column-gap-default\">\n\t\t\t\t\t<div class=\"elementor-column elementor-col-100 elementor-top-column elementor-element elementor-element-0a61357 ot-flex-column-vertical\" data-id=\"0a61357\" data-element_type=\"column\" data-e-type=\"column\">\n\t\t\t<div class=\"elementor-widget-wrap elementor-element-populated\">\n\t\t\t\t\t\t<div class=\"elementor-element elementor-element-623f93d elementor-widget elementor-widget-heading\" data-id=\"623f93d\" data-element_type=\"widget\" data-e-type=\"widget\" data-widget_type=\"heading.default\">\n\t\t\t\t<div class=\"elementor-widget-container\">\n\t\t\t\t\t<h4 class=\"elementor-heading-title elementor-size-default\">Ressources Connexes<\/h4>\t\t\t\t<\/div>\n\t\t\t\t<\/div>\n\t\t\t\t<div class=\"elementor-element elementor-element-bdd205a related-resources-acc elementor-widget elementor-widget-iaccordions\" data-id=\"bdd205a\" data-element_type=\"widget\" data-e-type=\"widget\" data-widget_type=\"iaccordions.default\">\n\t\t\t\t<div class=\"elementor-widget-container\">\n\t\t\t\t\t\r\n\t\t<div class=\"ot-accordions\">\r\n\t\t\t\t\t\t<div class=\"acc-item\">\r\n\t\t\t\t<span class=\"acc-toggle\">Fiches Techniques <i class=\"down flaticon-download-arrow\"><\/i><i class=\"up flaticon-up-arrow\"><\/i><\/span>\r\n\t\t\t\t<div class=\"acc-content\">\r\n\t\t\t\t\t<p><a href=\"https:\/\/spacebridge.com\/wp-content\/uploads\/2023\/03\/PB-SBM90X-20230313-1-1.pdf\">SBM-90X Modem \u00e0 large bande GEO\/LEO\/MEO SCPC\/MCPC<\/a><\/p><p><a href=\"https:\/\/spacebridge.com\/wp-content\/uploads\/2022\/02\/PB-U7780-DS-001-231123-002.pdf\">U7780 \u2013 Modem satellite MF-TDMA professionnel du syst\u00e8me ASAT\u2122<\/a><\/p>\t\t\t\t<\/div>\r\n\t\t\t<\/div>\r\n\t\t\t\t\t\t<div class=\"acc-item\">\r\n\t\t\t\t<span class=\"acc-toggle\">D\u00e9pliants <i class=\"down flaticon-download-arrow\"><\/i><i class=\"up flaticon-up-arrow\"><\/i><\/span>\r\n\t\t\t\t<div class=\"acc-content\">\r\n\t\t\t\t\t<p><a href=\"https:\/\/spacebridge.com\/wp-content\/uploads\/2022\/04\/PB-ASAT-SYSTEM-BR-007-22020-fr.pdf\">Brochure du syst\u00e8me ASAT<\/a><\/p><p><a href=\"https:\/\/spacebridge.com\/wp-content\/uploads\/2022\/04\/PB-ASAT-CBH-AN-007-21236-1-fr.pdf\">Description de la solution de liaisons de retour cellulaires<\/a><\/p>\t\t\t\t<\/div>\r\n\t\t\t<\/div>\r\n\t\t\t\t\t\t<div class=\"acc-item\">\r\n\t\t\t\t<span class=\"acc-toggle\">Livres Blancs <i class=\"down flaticon-download-arrow\"><\/i><i class=\"up flaticon-up-arrow\"><\/i><\/span>\r\n\t\t\t\t<div class=\"acc-content\">\r\n\t\t\t\t\t<p><a href=\"https:\/\/spacebridge.com\/wp-content\/uploads\/2022\/04\/PB-WAVESWITCH-WP-003-22020-1-fr.pdf\">Livre blanc WaveSwitch<\/a><\/p><p><a href=\"https:\/\/spacebridge.com\/wp-content\/uploads\/2022\/07\/Cellular-Backhaul.fr_.pdf\">Backhaul cellulaire - Livre blanc<\/a><\/p>\t\t\t\t<\/div>\r\n\t\t\t<\/div>\r\n\t\t\t\t\t\t<div class=\"acc-item\">\r\n\t\t\t\t<span class=\"acc-toggle\">Histoires de Succ\u00e8s <i class=\"down flaticon-download-arrow\"><\/i><i class=\"up flaticon-up-arrow\"><\/i><\/span>\r\n\t\t\t\t<div class=\"acc-content\">\r\n\t\t\t\t\t<p><a href=\"https:\/\/spacebridge.com\/wp-content\/uploads\/2022\/06\/Claro-Chile-fr.pdf\">Claro Chile - CBH 3-4G - Histoire d'une r\u00e9ussite<\/a><\/p><p><a href=\"https:\/\/spacebridge.com\/wp-content\/uploads\/2022\/04\/Claro-Argentina-21060-fr.pdf\">Claro Argentina CBH - Histoire d'une r\u00e9ussite<\/a><\/p><p><a href=\"https:\/\/spacebridge.com\/wp-content\/uploads\/2022\/04\/CBH-Brazil-21060-fr.pdf\">CBH Br\u00e9sil - Histoire d'une r\u00e9ussite<\/a><\/p><p><a href=\"https:\/\/spacebridge.com\/wp-content\/uploads\/2022\/04\/Omansat-Success-Story-1-2-fr.pdf\">Omansat - Histoire d'une r\u00e9ussite<\/a><\/p><p><a href=\"https:\/\/spacebridge.com\/wp-content\/uploads\/2022\/05\/MTN-Nigeria-Success-Story-fr.pdf\">MTN Nigeria - Histoire d'une r\u00e9ussite<\/a><\/p>\t\t\t\t<\/div>\r\n\t\t\t<\/div>\r\n\t\t\t\t    <\/div>\r\n\r\n\t    \t\t\t\t<\/div>\n\t\t\t\t<\/div>\n\t\t\t\t\t<\/div>\n\t\t<\/div>\n\t\t\t\t\t<\/div>\n\t\t<\/section>\n\t\t\t\t<\/div>","protected":false},"excerpt":{"rendered":"<p>Path to 5G Broadband: Multi-Access Edge Computing (MEC) 5G network\u00a0architecture pushes some decisions and applications to the \u201cEdge\u201d of the network, closer to subscribers, in order to provide low latency [&hellip;]<\/p>\n","protected":false},"author":13,"featured_media":0,"parent":0,"menu_order":0,"comment_status":"closed","ping_status":"closed","template":"","meta":{"_acf_changed":false,"footnotes":""},"class_list":["post-6453","page","type-page","status-publish","hentry"],"acf":[],"yoast_head":"<!-- This site is optimized with the Yoast SEO plugin v27.3 - https:\/\/yoast.com\/product\/yoast-seo-wordpress\/ -->\n<title>5G Cellular Networks - Spacebridge Inc.<\/title>\n<meta name=\"description\" content=\"5G network architecture pushes some decisions and applications in order to provide low latency and high bandwidth access.\" \/>\n<meta name=\"robots\" content=\"index, follow, max-snippet:-1, max-image-preview:large, max-video-preview:-1\" \/>\n<link rel=\"canonical\" href=\"https:\/\/spacebridge.com\/fr\/5g-cellular-networks\/\" \/>\n<meta property=\"og:locale\" content=\"fr_FR\" \/>\n<meta property=\"og:type\" content=\"article\" \/>\n<meta property=\"og:title\" content=\"5G Cellular Networks - Spacebridge Inc.\" \/>\n<meta property=\"og:description\" content=\"5G network architecture pushes some decisions and applications in order to provide low latency and high bandwidth access.\" \/>\n<meta property=\"og:url\" content=\"https:\/\/spacebridge.com\/fr\/5g-cellular-networks\/\" \/>\n<meta property=\"og:site_name\" content=\"Spacebridge Inc.\" \/>\n<meta property=\"article:modified_time\" content=\"2024-09-13T15:28:55+00:00\" \/>\n<meta property=\"og:image\" content=\"https:\/\/spacebridge.com\/wp-content\/uploads\/2024\/02\/SpaceBridge-logo-no-tagline-full-color-on-white-or-blue.png\" \/>\n\t<meta property=\"og:image:width\" content=\"1474\" \/>\n\t<meta property=\"og:image:height\" content=\"730\" \/>\n\t<meta property=\"og:image:type\" content=\"image\/png\" \/>\n<meta name=\"twitter:card\" content=\"summary_large_image\" \/>\n<meta name=\"twitter:label1\" content=\"Dur\u00e9e de lecture estim\u00e9e\" \/>\n\t<meta name=\"twitter:data1\" content=\"2 minutes\" \/>\n<script type=\"application\/ld+json\" class=\"yoast-schema-graph\">{\"@context\":\"https:\\\/\\\/schema.org\",\"@graph\":[{\"@type\":\"WebPage\",\"@id\":\"https:\\\/\\\/spacebridge.com\\\/5g-cellular-networks\\\/\",\"url\":\"https:\\\/\\\/spacebridge.com\\\/5g-cellular-networks\\\/\",\"name\":\"5G Cellular Networks - Spacebridge Inc.\",\"isPartOf\":{\"@id\":\"https:\\\/\\\/spacebridge.com\\\/#website\"},\"datePublished\":\"2022-02-25T16:57:58+00:00\",\"dateModified\":\"2024-09-13T15:28:55+00:00\",\"description\":\"5G network architecture pushes some decisions and applications in order to provide low latency and high bandwidth access.\",\"breadcrumb\":{\"@id\":\"https:\\\/\\\/spacebridge.com\\\/5g-cellular-networks\\\/#breadcrumb\"},\"inLanguage\":\"fr-FR\",\"potentialAction\":[{\"@type\":\"ReadAction\",\"target\":[\"https:\\\/\\\/spacebridge.com\\\/5g-cellular-networks\\\/\"]}]},{\"@type\":\"BreadcrumbList\",\"@id\":\"https:\\\/\\\/spacebridge.com\\\/5g-cellular-networks\\\/#breadcrumb\",\"itemListElement\":[{\"@type\":\"ListItem\",\"position\":1,\"name\":\"Home\",\"item\":\"https:\\\/\\\/spacebridge.com\\\/\"},{\"@type\":\"ListItem\",\"position\":2,\"name\":\"5G Cellular Networks\"}]},{\"@type\":\"WebSite\",\"@id\":\"https:\\\/\\\/spacebridge.com\\\/#website\",\"url\":\"https:\\\/\\\/spacebridge.com\\\/\",\"name\":\"Spacebridge Inc.\",\"description\":\"Broadband Satellite Communications Systems\",\"publisher\":{\"@id\":\"https:\\\/\\\/spacebridge.com\\\/#organization\"},\"potentialAction\":[{\"@type\":\"SearchAction\",\"target\":{\"@type\":\"EntryPoint\",\"urlTemplate\":\"https:\\\/\\\/spacebridge.com\\\/?s={search_term_string}\"},\"query-input\":{\"@type\":\"PropertyValueSpecification\",\"valueRequired\":true,\"valueName\":\"search_term_string\"}}],\"inLanguage\":\"fr-FR\"},{\"@type\":\"Organization\",\"@id\":\"https:\\\/\\\/spacebridge.com\\\/#organization\",\"name\":\"SpaceBridge Inc.\",\"url\":\"https:\\\/\\\/spacebridge.com\\\/\",\"logo\":{\"@type\":\"ImageObject\",\"inLanguage\":\"fr-FR\",\"@id\":\"https:\\\/\\\/spacebridge.com\\\/#\\\/schema\\\/logo\\\/image\\\/\",\"url\":\"https:\\\/\\\/spacebridge.com\\\/wp-content\\\/uploads\\\/2024\\\/02\\\/SpaceBridge-logo-no-tagline-full-color-on-white-or-blue.png\",\"contentUrl\":\"https:\\\/\\\/spacebridge.com\\\/wp-content\\\/uploads\\\/2024\\\/02\\\/SpaceBridge-logo-no-tagline-full-color-on-white-or-blue.png\",\"width\":1474,\"height\":730,\"caption\":\"SpaceBridge Inc.\"},\"image\":{\"@id\":\"https:\\\/\\\/spacebridge.com\\\/#\\\/schema\\\/logo\\\/image\\\/\"},\"sameAs\":[\"https:\\\/\\\/www.linkedin.com\\\/company\\\/spacebridgeinc\\\/\"]}]}<\/script>\n<!-- \/ Yoast SEO plugin. -->","yoast_head_json":{"title":"5G Cellular Networks - Spacebridge Inc.","description":"5G network architecture pushes some decisions and applications in order to provide low latency and high bandwidth access.","robots":{"index":"index","follow":"follow","max-snippet":"max-snippet:-1","max-image-preview":"max-image-preview:large","max-video-preview":"max-video-preview:-1"},"canonical":"https:\/\/spacebridge.com\/fr\/5g-cellular-networks\/","og_locale":"fr_FR","og_type":"article","og_title":"5G Cellular Networks - Spacebridge Inc.","og_description":"5G network architecture pushes some decisions and applications in order to provide low latency and high bandwidth access.","og_url":"https:\/\/spacebridge.com\/fr\/5g-cellular-networks\/","og_site_name":"Spacebridge Inc.","article_modified_time":"2024-09-13T15:28:55+00:00","og_image":[{"width":1474,"height":730,"url":"https:\/\/spacebridge.com\/wp-content\/uploads\/2024\/02\/SpaceBridge-logo-no-tagline-full-color-on-white-or-blue.png","type":"image\/png"}],"twitter_card":"summary_large_image","twitter_misc":{"Dur\u00e9e de lecture estim\u00e9e":"2 minutes"},"schema":{"@context":"https:\/\/schema.org","@graph":[{"@type":"WebPage","@id":"https:\/\/spacebridge.com\/5g-cellular-networks\/","url":"https:\/\/spacebridge.com\/5g-cellular-networks\/","name":"5G Cellular Networks - Spacebridge Inc.","isPartOf":{"@id":"https:\/\/spacebridge.com\/#website"},"datePublished":"2022-02-25T16:57:58+00:00","dateModified":"2024-09-13T15:28:55+00:00","description":"5G network architecture pushes some decisions and applications in order to provide low latency and high bandwidth access.","breadcrumb":{"@id":"https:\/\/spacebridge.com\/5g-cellular-networks\/#breadcrumb"},"inLanguage":"fr-FR","potentialAction":[{"@type":"ReadAction","target":["https:\/\/spacebridge.com\/5g-cellular-networks\/"]}]},{"@type":"BreadcrumbList","@id":"https:\/\/spacebridge.com\/5g-cellular-networks\/#breadcrumb","itemListElement":[{"@type":"ListItem","position":1,"name":"Home","item":"https:\/\/spacebridge.com\/"},{"@type":"ListItem","position":2,"name":"5G Cellular Networks"}]},{"@type":"WebSite","@id":"https:\/\/spacebridge.com\/#website","url":"https:\/\/spacebridge.com\/","name":"Spacebridge Inc.","description":"Broadband Satellite Communications Systems","publisher":{"@id":"https:\/\/spacebridge.com\/#organization"},"potentialAction":[{"@type":"SearchAction","target":{"@type":"EntryPoint","urlTemplate":"https:\/\/spacebridge.com\/?s={search_term_string}"},"query-input":{"@type":"PropertyValueSpecification","valueRequired":true,"valueName":"search_term_string"}}],"inLanguage":"fr-FR"},{"@type":"Organization","@id":"https:\/\/spacebridge.com\/#organization","name":"SpaceBridge Inc.","url":"https:\/\/spacebridge.com\/","logo":{"@type":"ImageObject","inLanguage":"fr-FR","@id":"https:\/\/spacebridge.com\/#\/schema\/logo\/image\/","url":"https:\/\/spacebridge.com\/wp-content\/uploads\/2024\/02\/SpaceBridge-logo-no-tagline-full-color-on-white-or-blue.png","contentUrl":"https:\/\/spacebridge.com\/wp-content\/uploads\/2024\/02\/SpaceBridge-logo-no-tagline-full-color-on-white-or-blue.png","width":1474,"height":730,"caption":"SpaceBridge Inc."},"image":{"@id":"https:\/\/spacebridge.com\/#\/schema\/logo\/image\/"},"sameAs":["https:\/\/www.linkedin.com\/company\/spacebridgeinc\/"]}]}},"_links":{"self":[{"href":"https:\/\/spacebridge.com\/fr\/wp-json\/wp\/v2\/pages\/6453","targetHints":{"allow":["GET"]}}],"collection":[{"href":"https:\/\/spacebridge.com\/fr\/wp-json\/wp\/v2\/pages"}],"about":[{"href":"https:\/\/spacebridge.com\/fr\/wp-json\/wp\/v2\/types\/page"}],"author":[{"embeddable":true,"href":"https:\/\/spacebridge.com\/fr\/wp-json\/wp\/v2\/users\/13"}],"replies":[{"embeddable":true,"href":"https:\/\/spacebridge.com\/fr\/wp-json\/wp\/v2\/comments?post=6453"}],"version-history":[{"count":74,"href":"https:\/\/spacebridge.com\/fr\/wp-json\/wp\/v2\/pages\/6453\/revisions"}],"predecessor-version":[{"id":12301,"href":"https:\/\/spacebridge.com\/fr\/wp-json\/wp\/v2\/pages\/6453\/revisions\/12301"}],"wp:attachment":[{"href":"https:\/\/spacebridge.com\/fr\/wp-json\/wp\/v2\/media?parent=6453"}],"curies":[{"name":"wp","href":"https:\/\/api.w.org\/{rel}","templated":true}]}}