{"id":6233,"date":"2022-02-22T18:01:16","date_gmt":"2022-02-22T18:01:16","guid":{"rendered":"https:\/\/spacebridge.com\/?page_id=6233"},"modified":"2024-09-13T15:32:39","modified_gmt":"2024-09-13T15:32:39","slug":"mobility","status":"publish","type":"page","link":"https:\/\/spacebridge.com\/fr\/mobility\/","title":{"rendered":"Mobilit\u00e9"},"content":{"rendered":"<div data-elementor-type=\"wp-page\" data-elementor-id=\"6233\" class=\"elementor elementor-6233\" data-elementor-post-type=\"page\">\n\t\t\t\t\t\t<section class=\"elementor-section elementor-top-section elementor-element elementor-element-987aca8 ot-traditional elementor-section-boxed elementor-section-height-default elementor-section-height-default\" data-id=\"987aca8\" data-element_type=\"section\" data-e-type=\"section\">\n\t\t\t\t\t\t<div class=\"elementor-container elementor-column-gap-default\">\n\t\t\t\t\t<div class=\"elementor-column elementor-col-100 elementor-top-column elementor-element elementor-element-166c454 ot-flex-column-vertical\" data-id=\"166c454\" data-element_type=\"column\" data-e-type=\"column\">\n\t\t\t<div class=\"elementor-widget-wrap elementor-element-populated\">\n\t\t\t\t\t\t<div class=\"elementor-element elementor-element-eeec35f elementor-widget elementor-widget-heading\" data-id=\"eeec35f\" data-element_type=\"widget\" data-e-type=\"widget\" data-widget_type=\"heading.default\">\n\t\t\t\t<div class=\"elementor-widget-container\">\n\t\t\t\t\t<h2 class=\"elementor-heading-title elementor-size-medium\">Les communications par satellite en mouvement<\/h2>\t\t\t\t<\/div>\n\t\t\t\t<\/div>\n\t\t\t\t<div class=\"elementor-element elementor-element-474dcd5 elementor-widget elementor-widget-text-editor\" data-id=\"474dcd5\" data-element_type=\"widget\" data-e-type=\"widget\" data-widget_type=\"text-editor.default\">\n\t\t\t\t<div class=\"elementor-widget-container\">\n\t\t\t\t\t\t\t\t\t<p>Tout d'abord, l'utilisation de fr\u00e9quences satellitaires \u00e0 large bande (C, Ku, X, Ka) pour fournir des services \u00e0 large bande passante aux antennes de stations terrestres capables de suivre en permanence les satellites et de maintenir des liaisons de communication en mouvement a ouvert de nouveaux march\u00e9s pour les applications SATCOMS On-the-Move (SOTM) sur terre, en mer et dans les airs. De plus, les nouvelles g\u00e9n\u00e9rations de satellites, y compris les syst\u00e8mes de satellites \u00e0 haut d\u00e9bit (HTS) en bande Ka, avec une couverture et une largeur de bande mondiales plus importantes, et la possibilit\u00e9 de fournir une plus grande capacit\u00e9 \u00e0 des terminaux plus petits, rendent les services de mobilit\u00e9 OTM et OTP plus pratiques et plus abordables que jamais. De plus, les produits SpaceBridge offrent des solutions \u00e0 une vari\u00e9t\u00e9 d'exigences industrielles pour les terminaux SOTM et OTP.<\/p><p>De plus, les syst\u00e8mes terrestres SATCOMS On-the-Move (OTM) d'aujourd'hui fournissent des communications \u00e0 large bande passante \u00e0 des terminaux d'antenne en mouvement mont\u00e9s sur des v\u00e9hicules en mouvement dans une vari\u00e9t\u00e9 de segments de march\u00e9, du terrestre au maritime, en passant par l'a\u00e9rien, notamment :<\/p><p>\u00a0<\/p>\t\t\t\t\t\t\t\t<\/div>\n\t\t\t\t<\/div>\n\t\t\t\t\t<\/div>\n\t\t<\/div>\n\t\t\t\t\t<\/div>\n\t\t<\/section>\n\t\t\t\t<section class=\"elementor-section elementor-top-section elementor-element elementor-element-8826762 ot-traditional elementor-section-boxed elementor-section-height-default elementor-section-height-default\" data-id=\"8826762\" data-element_type=\"section\" data-e-type=\"section\">\n\t\t\t\t\t\t<div class=\"elementor-container elementor-column-gap-default\">\n\t\t\t\t\t<div class=\"elementor-column elementor-col-50 elementor-top-column elementor-element elementor-element-34993c0 ot-flex-column-vertical\" data-id=\"34993c0\" data-element_type=\"column\" data-e-type=\"column\">\n\t\t\t<div class=\"elementor-widget-wrap elementor-element-populated\">\n\t\t\t\t\t\t<div class=\"elementor-element elementor-element-45efbe8 elementor-widget elementor-widget-text-editor\" data-id=\"45efbe8\" data-element_type=\"widget\" data-e-type=\"widget\" data-widget_type=\"text-editor.default\">\n\t\t\t\t<div class=\"elementor-widget-container\">\n\t\t\t\t\t\t\t\t\t<ul><li>R\u00e9seaux militaires et de s\u00e9curit\u00e9 int\u00e9rieure<\/li><li>Ainsi que les r\u00e9seaux d'intervention d'urgence<\/li><li>De plus, les communications a\u00e9riennes<\/li><li>Services de transport de passagers \u00e0 haut d\u00e9bit : Par exemple, les lignes de croisi\u00e8re maritime, a\u00e9ronautique, ferroviaire et de bus.<\/li><\/ul>\t\t\t\t\t\t\t\t<\/div>\n\t\t\t\t<\/div>\n\t\t\t\t\t<\/div>\n\t\t<\/div>\n\t\t\t\t<div class=\"elementor-column elementor-col-50 elementor-top-column elementor-element elementor-element-11140b5 ot-flex-column-vertical\" data-id=\"11140b5\" data-element_type=\"column\" data-e-type=\"column\">\n\t\t\t<div class=\"elementor-widget-wrap elementor-element-populated\">\n\t\t\t\t\t\t<div class=\"elementor-element elementor-element-2a5f2df elementor-widget elementor-widget-text-editor\" data-id=\"2a5f2df\" data-element_type=\"widget\" data-e-type=\"widget\" data-widget_type=\"text-editor.default\">\n\t\t\t\t<div class=\"elementor-widget-container\">\n\t\t\t\t\t\t\t\t\t<ul><li>La mobilit\u00e9 maritime : Par exemple, la navigation commerciale, l'\u00e9nergie offshore, les croisi\u00e8res et les communications des navires de plaisance.<\/li><li>Ainsi que la gestion des actifs, du fret et de la logistique de la flotte terrestre et maritime.<\/li><\/ul>\t\t\t\t\t\t\t\t<\/div>\n\t\t\t\t<\/div>\n\t\t\t\t\t<\/div>\n\t\t<\/div>\n\t\t\t\t\t<\/div>\n\t\t<\/section>\n\t\t\t\t<section class=\"elementor-section elementor-top-section elementor-element elementor-element-65dddf6 ot-traditional elementor-section-boxed elementor-section-height-default elementor-section-height-default\" data-id=\"65dddf6\" data-element_type=\"section\" data-e-type=\"section\">\n\t\t\t\t\t\t<div class=\"elementor-container elementor-column-gap-default\">\n\t\t\t\t\t<div class=\"elementor-column elementor-col-100 elementor-top-column elementor-element elementor-element-f29a840 ot-flex-column-vertical\" data-id=\"f29a840\" data-element_type=\"column\" data-e-type=\"column\">\n\t\t\t<div class=\"elementor-widget-wrap elementor-element-populated\">\n\t\t\t\t\t\t<div class=\"elementor-element elementor-element-e20896e elementor-widget elementor-widget-heading\" data-id=\"e20896e\" data-element_type=\"widget\" data-e-type=\"widget\" data-widget_type=\"heading.default\">\n\t\t\t\t<div class=\"elementor-widget-container\">\n\t\t\t\t\t<h2 class=\"elementor-heading-title elementor-size-default\">Nos secteurs d'activit\u00e9<br>\n\n<\/h2>\t\t\t\t<\/div>\n\t\t\t\t<\/div>\n\t\t\t\t\t<\/div>\n\t\t<\/div>\n\t\t\t\t\t<\/div>\n\t\t<\/section>\n\t\t\t\t<section class=\"elementor-section elementor-top-section elementor-element elementor-element-c529b10 related-products-section ot-traditional elementor-section-boxed elementor-section-height-default elementor-section-height-default\" data-id=\"c529b10\" data-element_type=\"section\" data-e-type=\"section\">\n\t\t\t\t\t\t<div class=\"elementor-container elementor-column-gap-default\">\n\t\t\t\t\t<div class=\"elementor-column elementor-col-33 elementor-top-column elementor-element elementor-element-e18a225 ot-flex-column-vertical\" data-id=\"e18a225\" data-element_type=\"column\" data-e-type=\"column\">\n\t\t\t<div class=\"elementor-widget-wrap elementor-element-populated\">\n\t\t\t\t\t\t<div class=\"elementor-element elementor-element-5cf2ffb elementor-widget elementor-widget-iiconbox2\" data-id=\"5cf2ffb\" data-element_type=\"widget\" data-e-type=\"widget\" data-widget_type=\"iiconbox2.default\">\n\t\t\t\t<div class=\"elementor-widget-container\">\n\t\t\t\t\t\t\t<div class=\"icon-box-s2 s2\">\r\n\t\t\t<div class=\"icon-main\">\r\n\t\t        \t\t\t    <img decoding=\"async\" src=\"https:\/\/spacebridge.com\/wp-content\/uploads\/2022\/02\/electric-car.gif\" alt=\"Vehicular \">\t\t        \t\t        \t        <\/div>\r\n\t        <div class=\"content-box\">\r\n\t            <h5><a href=\"\/fr\/vehicular\/\">V\u00e9hicules <\/a><\/h5>\r\n\t            <p><\/p>\r\n\t        <\/div>\r\n\t    <\/div>\r\n\t    \t\t\t\t<\/div>\n\t\t\t\t<\/div>\n\t\t\t\t\t<\/div>\n\t\t<\/div>\n\t\t\t\t<div class=\"elementor-column elementor-col-33 elementor-top-column elementor-element elementor-element-d4d0fad ot-flex-column-vertical\" data-id=\"d4d0fad\" data-element_type=\"column\" data-e-type=\"column\">\n\t\t\t<div class=\"elementor-widget-wrap elementor-element-populated\">\n\t\t\t\t\t\t<div class=\"elementor-element elementor-element-cb37bc8 elementor-widget elementor-widget-iiconbox2\" data-id=\"cb37bc8\" data-element_type=\"widget\" data-e-type=\"widget\" data-widget_type=\"iiconbox2.default\">\n\t\t\t\t<div class=\"elementor-widget-container\">\n\t\t\t\t\t\t\t<div class=\"icon-box-s2 s2\">\r\n\t\t\t<div class=\"icon-main\">\r\n\t\t        \t\t\t    <img decoding=\"async\" src=\"https:\/\/spacebridge.com\/wp-content\/uploads\/2022\/02\/airplane.gif\" alt=\"Airborne\">\t\t        \t\t        \t        <\/div>\r\n\t        <div class=\"content-box\">\r\n\t            <h5><a href=\"\/fr\/airborne\/\">En vol<\/a><\/h5>\r\n\t            <p><\/p>\r\n\t        <\/div>\r\n\t    <\/div>\r\n\t    \t\t\t\t<\/div>\n\t\t\t\t<\/div>\n\t\t\t\t\t<\/div>\n\t\t<\/div>\n\t\t\t\t<div class=\"elementor-column elementor-col-33 elementor-top-column elementor-element elementor-element-b3711f5 ot-flex-column-vertical\" data-id=\"b3711f5\" data-element_type=\"column\" data-e-type=\"column\">\n\t\t\t<div class=\"elementor-widget-wrap elementor-element-populated\">\n\t\t\t\t\t\t<div class=\"elementor-element elementor-element-f0cf631 elementor-widget elementor-widget-iiconbox2\" data-id=\"f0cf631\" data-element_type=\"widget\" data-e-type=\"widget\" data-widget_type=\"iiconbox2.default\">\n\t\t\t\t<div class=\"elementor-widget-container\">\n\t\t\t\t\t\t\t<div class=\"icon-box-s2 s2\">\r\n\t\t\t<div class=\"icon-main\">\r\n\t\t        \t\t\t    <img decoding=\"async\" src=\"https:\/\/spacebridge.com\/wp-content\/uploads\/2022\/02\/cruise.gif\" alt=\"Maritime\">\t\t        \t\t        \t        <\/div>\r\n\t        <div class=\"content-box\">\r\n\t            <h5><a href=\"\/fr\/maritime\/\">Maritime<\/a><\/h5>\r\n\t            <p><\/p>\r\n\t        <\/div>\r\n\t    <\/div>\r\n\t    \t\t\t\t<\/div>\n\t\t\t\t<\/div>\n\t\t\t\t\t<\/div>\n\t\t<\/div>\n\t\t\t\t\t<\/div>\n\t\t<\/section>\n\t\t\t\t<section class=\"elementor-section elementor-top-section elementor-element elementor-element-af32b37 ot-traditional elementor-section-boxed elementor-section-height-default elementor-section-height-default\" data-id=\"af32b37\" data-element_type=\"section\" data-e-type=\"section\">\n\t\t\t\t\t\t<div class=\"elementor-container elementor-column-gap-default\">\n\t\t\t\t\t<div class=\"elementor-column elementor-col-100 elementor-top-column elementor-element elementor-element-5dc3fb0 ot-flex-column-vertical\" data-id=\"5dc3fb0\" data-element_type=\"column\" data-e-type=\"column\">\n\t\t\t<div class=\"elementor-widget-wrap elementor-element-populated\">\n\t\t\t\t\t\t<div class=\"elementor-element elementor-element-89ddd4f elementor-widget elementor-widget-heading\" data-id=\"89ddd4f\" data-element_type=\"widget\" data-e-type=\"widget\" data-widget_type=\"heading.default\">\n\t\t\t\t<div class=\"elementor-widget-container\">\n\t\t\t\t\t<h4 class=\"elementor-heading-title elementor-size-default\">Ressources Connexes<\/h4>\t\t\t\t<\/div>\n\t\t\t\t<\/div>\n\t\t\t\t<div class=\"elementor-element elementor-element-ac7380f related-resources-acc elementor-widget elementor-widget-iaccordions\" data-id=\"ac7380f\" data-element_type=\"widget\" data-e-type=\"widget\" data-widget_type=\"iaccordions.default\">\n\t\t\t\t<div class=\"elementor-widget-container\">\n\t\t\t\t\t\r\n\t\t<div class=\"ot-accordions\">\r\n\t\t\t\t\t\t<div class=\"acc-item\">\r\n\t\t\t\t<span class=\"acc-toggle\">Fiches Techniques <i class=\"down flaticon-download-arrow\"><\/i><i class=\"up flaticon-up-arrow\"><\/i><\/span>\r\n\t\t\t\t<div class=\"acc-content\">\r\n\t\t\t\t\t<p><a href=\"https:\/\/spacebridge.com\/wp-content\/uploads\/2022\/02\/9.-Datasheet-U7780.pdf\">U7720 \u2013 Modem\/router satellite r\u00e9seau hautes performances<\/a><\/p><p><a href=\"https:\/\/spacebridge.com\/wp-content\/uploads\/2022\/06\/PB-U7400-DS-009-21105-fr.pdf\">U7400-M ASAT\u2122 Syst\u00e8me Mesh Satellite Modem<\/a><\/p>\t\t\t\t<\/div>\r\n\t\t\t<\/div>\r\n\t\t\t\t\t\t<div class=\"acc-item\">\r\n\t\t\t\t<span class=\"acc-toggle\">D\u00e9pliants <i class=\"down flaticon-download-arrow\"><\/i><i class=\"up flaticon-up-arrow\"><\/i><\/span>\r\n\t\t\t\t<div class=\"acc-content\">\r\n\t\t\t\t\t<p><a href=\"https:\/\/spacebridge.com\/wp-content\/uploads\/2022\/04\/PB-ASAT-SYSTEM-BR-007-22020-fr.pdf\">Brochure du syst\u00e8me ASAT<\/a><\/p><p><a href=\"https:\/\/spacebridge.com\/wp-content\/uploads\/2022\/04\/PB-ASAT-CBH-AN-007-21236-1-fr.pdf\">Description de la solution de liaisons de retour cellulaires<\/a><\/p><p><a href=\"https:\/\/spacebridge.com\/wp-content\/uploads\/2022\/04\/PB-SATCOMMOBILITY-AN-006-21060-fr.pdf\">Description de la solution des communications par satellite en mouvement<\/a><\/p>\t\t\t\t<\/div>\r\n\t\t\t<\/div>\r\n\t\t\t\t\t\t<div class=\"acc-item\">\r\n\t\t\t\t<span class=\"acc-toggle\">Livres Blancs <i class=\"down flaticon-download-arrow\"><\/i><i class=\"up flaticon-up-arrow\"><\/i><\/span>\r\n\t\t\t\t<div class=\"acc-content\">\r\n\t\t\t\t\t<p><a href=\"https:\/\/spacebridge.com\/wp-content\/uploads\/2022\/04\/PB-WAVESWITCH-WP-003-22020-1-fr.pdf\">Livre blanc WaveSwitch<\/a><\/p><p><a href=\"https:\/\/spacebridge.com\/wp-content\/uploads\/2022\/07\/SATCOM-on-the-Move.fr_.pdf\">SATCOM en mouvement - Livre blanc<\/a><\/p>\t\t\t\t<\/div>\r\n\t\t\t<\/div>\r\n\t\t\t\t\t\t<div class=\"acc-item\">\r\n\t\t\t\t<span class=\"acc-toggle\">Histoires de Succ\u00e8s  <i class=\"down flaticon-download-arrow\"><\/i><i class=\"up flaticon-up-arrow\"><\/i><\/span>\r\n\t\t\t\t<div class=\"acc-content\">\r\n\t\t\t\t\t<p><a href=\"https:\/\/spacebridge.com\/wp-content\/uploads\/2022\/04\/Indonesian-Navy-21060-fr.pdf\">Marine indon\u00e9sienne - Histoire d'une r\u00e9ussite<\/a><\/p><p><a href=\"https:\/\/spacebridge.com\/wp-content\/uploads\/2022\/04\/Columbia-Aviation-21060-fr.pdf\">A\u00e9roports de Colombie - Histoire d'une r\u00e9ussite<\/a><\/p><p><a href=\"https:\/\/spacebridge.com\/wp-content\/uploads\/2022\/04\/China-SOA-21060-fr.pdf\">China SOA - Histoire d'une r\u00e9ussite<\/a><\/p>\t\t\t\t<\/div>\r\n\t\t\t<\/div>\r\n\t\t\t\t\t\t<div class=\"acc-item\">\r\n\t\t\t\t<span class=\"acc-toggle\">Videos <i class=\"down flaticon-download-arrow\"><\/i><i class=\"up flaticon-up-arrow\"><\/i><\/span>\r\n\t\t\t\t<div class=\"acc-content\">\r\n\t\t\t\t\t<p><iframe title=\"YouTube video player\" src=\"\/\/www.youtube.com\/embed\/kakmjv4KUUA\" width=\"560\" height=\"263\" frameborder=\"0\" allowfullscreen=\"allowfullscreen\"><\/iframe><\/p><p><iframe src=\"\/\/www.youtube.com\/embed\/eUfe7Ty_Af8?ab_channel=SpaceBridge\" width=\"560\" height=\"314\" allowfullscreen=\"allowfullscreen\"><\/iframe><\/p>\t\t\t\t<\/div>\r\n\t\t\t<\/div>\r\n\t\t\t\t    <\/div>\r\n\r\n\t    \t\t\t\t<\/div>\n\t\t\t\t<\/div>\n\t\t\t\t\t<\/div>\n\t\t<\/div>\n\t\t\t\t\t<\/div>\n\t\t<\/section>\n\t\t\t\t<\/div>","protected":false},"excerpt":{"rendered":"<p>Satcom On The Move \u2013 SOTM Firstly, the use of wide band satellite frequencies (C, Ku, X, Ka) to provide high bandwidth services to earth station antennas that can continuously [&hellip;]<\/p>\n","protected":false},"author":13,"featured_media":0,"parent":0,"menu_order":0,"comment_status":"closed","ping_status":"closed","template":"","meta":{"_acf_changed":false,"footnotes":""},"class_list":["post-6233","page","type-page","status-publish","hentry"],"acf":[],"yoast_head":"<!-- This site is optimized with the Yoast SEO plugin v27.4 - https:\/\/yoast.com\/product\/yoast-seo-wordpress\/ -->\n<title>Mobility - Spacebridge Inc.<\/title>\n<meta name=\"description\" content=\"Due to the high levels of mobility, connectivity is a crucial thing for all companies and even for all humans.\" \/>\n<meta name=\"robots\" content=\"index, follow, max-snippet:-1, max-image-preview:large, max-video-preview:-1\" \/>\n<link rel=\"canonical\" href=\"https:\/\/spacebridge.com\/fr\/mobility\/\" \/>\n<meta property=\"og:locale\" content=\"fr_FR\" \/>\n<meta property=\"og:type\" content=\"article\" \/>\n<meta property=\"og:title\" content=\"Mobility - Spacebridge Inc.\" \/>\n<meta property=\"og:description\" content=\"Due to the high levels of mobility, connectivity is a crucial thing for all companies and even for all humans.\" \/>\n<meta property=\"og:url\" content=\"https:\/\/spacebridge.com\/fr\/mobility\/\" \/>\n<meta property=\"og:site_name\" content=\"Spacebridge Inc.\" \/>\n<meta property=\"article:modified_time\" content=\"2024-09-13T15:32:39+00:00\" \/>\n<meta property=\"og:image\" content=\"https:\/\/spacebridge.com\/wp-content\/uploads\/2022\/02\/electric-car.gif\" \/>\n<meta name=\"twitter:card\" content=\"summary_large_image\" \/>\n<meta name=\"twitter:label1\" content=\"Dur\u00e9e de lecture estim\u00e9e\" \/>\n\t<meta name=\"twitter:data1\" content=\"2 minutes\" \/>\n<script type=\"application\/ld+json\" class=\"yoast-schema-graph\">{\"@context\":\"https:\\\/\\\/schema.org\",\"@graph\":[{\"@type\":\"WebPage\",\"@id\":\"https:\\\/\\\/spacebridge.com\\\/mobility\\\/\",\"url\":\"https:\\\/\\\/spacebridge.com\\\/mobility\\\/\",\"name\":\"Mobility - Spacebridge Inc.\",\"isPartOf\":{\"@id\":\"https:\\\/\\\/spacebridge.com\\\/#website\"},\"primaryImageOfPage\":{\"@id\":\"https:\\\/\\\/spacebridge.com\\\/mobility\\\/#primaryimage\"},\"image\":{\"@id\":\"https:\\\/\\\/spacebridge.com\\\/mobility\\\/#primaryimage\"},\"thumbnailUrl\":\"https:\\\/\\\/spacebridge.com\\\/wp-content\\\/uploads\\\/2022\\\/02\\\/electric-car.gif\",\"datePublished\":\"2022-02-22T18:01:16+00:00\",\"dateModified\":\"2024-09-13T15:32:39+00:00\",\"description\":\"Due to the high levels of mobility, connectivity is a crucial thing for all companies and even for all humans.\",\"breadcrumb\":{\"@id\":\"https:\\\/\\\/spacebridge.com\\\/mobility\\\/#breadcrumb\"},\"inLanguage\":\"fr-FR\",\"potentialAction\":[{\"@type\":\"ReadAction\",\"target\":[\"https:\\\/\\\/spacebridge.com\\\/mobility\\\/\"]}]},{\"@type\":\"ImageObject\",\"inLanguage\":\"fr-FR\",\"@id\":\"https:\\\/\\\/spacebridge.com\\\/mobility\\\/#primaryimage\",\"url\":\"https:\\\/\\\/spacebridge.com\\\/wp-content\\\/uploads\\\/2022\\\/02\\\/electric-car.gif\",\"contentUrl\":\"https:\\\/\\\/spacebridge.com\\\/wp-content\\\/uploads\\\/2022\\\/02\\\/electric-car.gif\"},{\"@type\":\"BreadcrumbList\",\"@id\":\"https:\\\/\\\/spacebridge.com\\\/mobility\\\/#breadcrumb\",\"itemListElement\":[{\"@type\":\"ListItem\",\"position\":1,\"name\":\"Home\",\"item\":\"https:\\\/\\\/spacebridge.com\\\/\"},{\"@type\":\"ListItem\",\"position\":2,\"name\":\"Mobility\"}]},{\"@type\":\"WebSite\",\"@id\":\"https:\\\/\\\/spacebridge.com\\\/#website\",\"url\":\"https:\\\/\\\/spacebridge.com\\\/\",\"name\":\"Spacebridge Inc.\",\"description\":\"Broadband Satellite Communications Systems\",\"publisher\":{\"@id\":\"https:\\\/\\\/spacebridge.com\\\/#organization\"},\"potentialAction\":[{\"@type\":\"SearchAction\",\"target\":{\"@type\":\"EntryPoint\",\"urlTemplate\":\"https:\\\/\\\/spacebridge.com\\\/?s={search_term_string}\"},\"query-input\":{\"@type\":\"PropertyValueSpecification\",\"valueRequired\":true,\"valueName\":\"search_term_string\"}}],\"inLanguage\":\"fr-FR\"},{\"@type\":\"Organization\",\"@id\":\"https:\\\/\\\/spacebridge.com\\\/#organization\",\"name\":\"SpaceBridge Inc.\",\"url\":\"https:\\\/\\\/spacebridge.com\\\/\",\"logo\":{\"@type\":\"ImageObject\",\"inLanguage\":\"fr-FR\",\"@id\":\"https:\\\/\\\/spacebridge.com\\\/#\\\/schema\\\/logo\\\/image\\\/\",\"url\":\"https:\\\/\\\/spacebridge.com\\\/wp-content\\\/uploads\\\/2024\\\/02\\\/SpaceBridge-logo-no-tagline-full-color-on-white-or-blue.png\",\"contentUrl\":\"https:\\\/\\\/spacebridge.com\\\/wp-content\\\/uploads\\\/2024\\\/02\\\/SpaceBridge-logo-no-tagline-full-color-on-white-or-blue.png\",\"width\":1474,\"height\":730,\"caption\":\"SpaceBridge Inc.\"},\"image\":{\"@id\":\"https:\\\/\\\/spacebridge.com\\\/#\\\/schema\\\/logo\\\/image\\\/\"},\"sameAs\":[\"https:\\\/\\\/www.linkedin.com\\\/company\\\/spacebridgeinc\\\/\"]}]}<\/script>\n<!-- \/ Yoast SEO plugin. -->","yoast_head_json":{"title":"Mobility - Spacebridge Inc.","description":"Due to the high levels of mobility, connectivity is a crucial thing for all companies and even for all humans.","robots":{"index":"index","follow":"follow","max-snippet":"max-snippet:-1","max-image-preview":"max-image-preview:large","max-video-preview":"max-video-preview:-1"},"canonical":"https:\/\/spacebridge.com\/fr\/mobility\/","og_locale":"fr_FR","og_type":"article","og_title":"Mobility - Spacebridge Inc.","og_description":"Due to the high levels of mobility, connectivity is a crucial thing for all companies and even for all humans.","og_url":"https:\/\/spacebridge.com\/fr\/mobility\/","og_site_name":"Spacebridge Inc.","article_modified_time":"2024-09-13T15:32:39+00:00","og_image":[{"url":"https:\/\/spacebridge.com\/wp-content\/uploads\/2022\/02\/electric-car.gif","type":"","width":"","height":""}],"twitter_card":"summary_large_image","twitter_misc":{"Dur\u00e9e de lecture estim\u00e9e":"2 minutes"},"schema":{"@context":"https:\/\/schema.org","@graph":[{"@type":"WebPage","@id":"https:\/\/spacebridge.com\/mobility\/","url":"https:\/\/spacebridge.com\/mobility\/","name":"Mobility - Spacebridge Inc.","isPartOf":{"@id":"https:\/\/spacebridge.com\/#website"},"primaryImageOfPage":{"@id":"https:\/\/spacebridge.com\/mobility\/#primaryimage"},"image":{"@id":"https:\/\/spacebridge.com\/mobility\/#primaryimage"},"thumbnailUrl":"https:\/\/spacebridge.com\/wp-content\/uploads\/2022\/02\/electric-car.gif","datePublished":"2022-02-22T18:01:16+00:00","dateModified":"2024-09-13T15:32:39+00:00","description":"Due to the high levels of mobility, connectivity is a crucial thing for all companies and even for all humans.","breadcrumb":{"@id":"https:\/\/spacebridge.com\/mobility\/#breadcrumb"},"inLanguage":"fr-FR","potentialAction":[{"@type":"ReadAction","target":["https:\/\/spacebridge.com\/mobility\/"]}]},{"@type":"ImageObject","inLanguage":"fr-FR","@id":"https:\/\/spacebridge.com\/mobility\/#primaryimage","url":"https:\/\/spacebridge.com\/wp-content\/uploads\/2022\/02\/electric-car.gif","contentUrl":"https:\/\/spacebridge.com\/wp-content\/uploads\/2022\/02\/electric-car.gif"},{"@type":"BreadcrumbList","@id":"https:\/\/spacebridge.com\/mobility\/#breadcrumb","itemListElement":[{"@type":"ListItem","position":1,"name":"Home","item":"https:\/\/spacebridge.com\/"},{"@type":"ListItem","position":2,"name":"Mobility"}]},{"@type":"WebSite","@id":"https:\/\/spacebridge.com\/#website","url":"https:\/\/spacebridge.com\/","name":"Spacebridge Inc.","description":"Broadband Satellite Communications Systems","publisher":{"@id":"https:\/\/spacebridge.com\/#organization"},"potentialAction":[{"@type":"SearchAction","target":{"@type":"EntryPoint","urlTemplate":"https:\/\/spacebridge.com\/?s={search_term_string}"},"query-input":{"@type":"PropertyValueSpecification","valueRequired":true,"valueName":"search_term_string"}}],"inLanguage":"fr-FR"},{"@type":"Organization","@id":"https:\/\/spacebridge.com\/#organization","name":"SpaceBridge Inc.","url":"https:\/\/spacebridge.com\/","logo":{"@type":"ImageObject","inLanguage":"fr-FR","@id":"https:\/\/spacebridge.com\/#\/schema\/logo\/image\/","url":"https:\/\/spacebridge.com\/wp-content\/uploads\/2024\/02\/SpaceBridge-logo-no-tagline-full-color-on-white-or-blue.png","contentUrl":"https:\/\/spacebridge.com\/wp-content\/uploads\/2024\/02\/SpaceBridge-logo-no-tagline-full-color-on-white-or-blue.png","width":1474,"height":730,"caption":"SpaceBridge Inc."},"image":{"@id":"https:\/\/spacebridge.com\/#\/schema\/logo\/image\/"},"sameAs":["https:\/\/www.linkedin.com\/company\/spacebridgeinc\/"]}]}},"_links":{"self":[{"href":"https:\/\/spacebridge.com\/fr\/wp-json\/wp\/v2\/pages\/6233","targetHints":{"allow":["GET"]}}],"collection":[{"href":"https:\/\/spacebridge.com\/fr\/wp-json\/wp\/v2\/pages"}],"about":[{"href":"https:\/\/spacebridge.com\/fr\/wp-json\/wp\/v2\/types\/page"}],"author":[{"embeddable":true,"href":"https:\/\/spacebridge.com\/fr\/wp-json\/wp\/v2\/users\/13"}],"replies":[{"embeddable":true,"href":"https:\/\/spacebridge.com\/fr\/wp-json\/wp\/v2\/comments?post=6233"}],"version-history":[{"count":148,"href":"https:\/\/spacebridge.com\/fr\/wp-json\/wp\/v2\/pages\/6233\/revisions"}],"predecessor-version":[{"id":12363,"href":"https:\/\/spacebridge.com\/fr\/wp-json\/wp\/v2\/pages\/6233\/revisions\/12363"}],"wp:attachment":[{"href":"https:\/\/spacebridge.com\/fr\/wp-json\/wp\/v2\/media?parent=6233"}],"curies":[{"name":"wp","href":"https:\/\/api.w.org\/{rel}","templated":true}]}}