{"id":16412,"date":"2025-11-17T16:18:23","date_gmt":"2025-11-17T16:18:23","guid":{"rendered":"https:\/\/spacebridge.com\/?page_id=16412"},"modified":"2025-11-17T16:22:24","modified_gmt":"2025-11-17T16:22:24","slug":"anti-bribery-and-anti-corruption-policy","status":"publish","type":"page","link":"https:\/\/spacebridge.com\/fr\/anti-bribery-and-anti-corruption-policy\/","title":{"rendered":"LA POLITIQUE DE LA LUTTE CONTRE LA FRAUDE ET CORRUPTION"},"content":{"rendered":"<p><strong>1.\tLE BUT<\/strong><\/p>\n\n\n\n<p>SpaceBridge Inc. (together with its subsidiaries, \u201cSpaceBridge \u201c or the \u201cCompany\u201d) are committed to conducting our business in accordance with all applicable laws, rules and regulations and the highest ethical standards, and this commitment is embodied in the Code of Conduct.<\/p>\n\n\n\n<p>Aux fins de la pr\u00e9sente politique, un \u00ab entrepreneur \u00bb, un \u00ab fournisseur \u00bb ou un \u00ab tiers \u00bb est d\u00e9fini comme une entit\u00e9 ou une personne qui fournit et re\u00e7oit des paiements pour des services ou des biens li\u00e9s \u00e0 tout aspect de l'exploitation de SpaceBridge, y compris des consultants et des sous-traitants.<\/p>\n\n\n\n<p>Aux fins de la pr\u00e9sente politique, un \u00ab entrepreneur \u00bb, un \u00ab fournisseur \u00bb ou un \u00ab tiers \u00bb est d\u00e9fini comme une entit\u00e9 ou une personne qui fournit et re\u00e7oit un paiement pour des services ou des biens li\u00e9s \u00e0 tout aspect de l'exploitation de SpaceBridge, et comprend les consultants et les sous-traitants.<\/p>\n\n\n\n<p><strong>2.\tL'APPLICATION<\/strong><\/p>\n\n\n\n<p>Cette politique s'applique \u00e0 tout employ\u00e9, consultant ind\u00e9pendant ou repr\u00e9sentant de SpaceBridge, y compris les cadres sup\u00e9rieurs et les directeurs financiers, ainsi qu\u2019aux membres du conseil d'administration de SpaceBridge. L\u2019exigence du respect de cette politique s\u2019applique \u00e9galement aux sous-traitants et fournisseurs de SpaceBridge. La pr\u00e9sente politique vise \u00e0 suppl\u00e9menter toutes les lois, r\u00e8gles et autres politiques d'entreprise applicables. Cette politique n'a pas dans le but de remplacer les lois locales.<\/p>\n\n\n\n<p><strong>3.\tLA D\u00c9FINITION<\/strong><\/p>\n\n\n\n<p>La \u00ab corruption \u00bb est l\u2019abus du pouvoir public \u00e0 des fins priv\u00e9es, ou l\u2019abus du pouvoir confi\u00e9 \u00e0 des gains personnels. La \u00ab fraude\u00bb est l'offre, la promesse ou le paiement en esp\u00e8ces, de cadeaux ou m\u00eame de divertissements excessifs, ou toute forme d\u2019incitation offerte ou donn\u00e9e \u00e0 une personne de confiance pour influencer les opinions ou l\u2019attitude de cette personne ou pour obtenir un avantage incorrect. La fraude et la corruption peuvent prendre de nombreuses formes, notamment:<\/p>\n\n\n\n<p>\u2022\tle paiement en esp\u00e8ces;<\/p>\n\n\n\n<p>\u2022       l\u2019emploie fictive ou relations de \u00ab consultation \u00bb;<\/p>\n\n\n\n<p>\u2022\tles pots-de-vin;<\/p>\n\n\n\n<p>\u2022\tles contributions politiques;<\/p>\n\n\n\n<p>\u2022\tles dons de bienfaisance;<\/p>\n\n\n\n<p>\u2022\tles avantages sociaux; ou<\/p>\n\n\n\n<p>\u2022\tles cadeaux, les voyages, l\u2019hospitalit\u00e9 et le remboursement des d\u00e9penses<\/p>\n\n\n\n<p><strong>4.\tLES EXIGENCES DE LA POLITIQUE<\/strong><\/p>\n\n\n\n<p>Il est strictement interdit au personnel et aux repr\u00e9sentants de SpaceBridge d'offrir, de payer, de promettre ou d'autoriser:<\/p>\n\n\n\n<p>\u2022\ttout paiement ou autre chose de valeur;<\/p>\n\n\n\n<p>\u2022\t\u00e0 toute personne;<\/p>\n\n\n\n<p>\u2022\tdirectement ou indirectement par ou \u00e0 un tiers;<\/p>\n\n\n\n<p>o\taux fins de (comme de);<\/p>\n\n\n\n<p>o\tforcer la personne \u00e0 agir ou \u00e0 ne pas agir en violation d'une obligation l\u00e9gale;<\/p>\n\n\n\n<p>o\tforcer la personne \u00e0 abuser ou \u00e0 escroquer de sa position; ou<\/p>\n\n\n\n<p>o\tobtenir un avantage, un contrat ou une concession inappropri\u00e9e<\/p>\n\n\n\n<p>\u2022\tau nom de SpaceBridge ou toute autre partie.<\/p>\n\n\n\n<p><strong>(\u00ab L\u2019activit\u00e9 de paiement inad\u00e9quate \u00bb)<\/strong><\/p>\n\n\n\n<p>Afin de promouvoir le respect de la l\u00e9gislation anticorruption au Canada, aux \u00c9tats-Unis, au Royaume-Uni, au Br\u00e9sil, en Colombie et dans d'autres pays concern\u00e9s, aucun membre du personnel de SpaceBridge ne doit effectuer un paiement indu \u00e0 l'\u00e9gard d'un fonctionnaire \u00e9tranger, d'un fonctionnaire national ou d'une personne exer\u00e7ant des activit\u00e9s dans le secteur priv\u00e9.<\/p>\n\n\n\n<p>De plus, les livres et les registres de SpaceBridge doivent consigner correctement le montant et la description \u00e9crite de toute op\u00e9ration.<\/p>\n\n\n\n<p>Le personnel de SpaceBridge doit s'assurer qu'il existe un lien raisonnable entre la substance d'une transaction et la mani\u00e8re dont elle est d\u00e9crite dans les livres et registres de la soci\u00e9t\u00e9.<\/p>\n\n\n\n<p>Le personnel de SpaceBridge doit s\u2019assurer qu\u2019il existe une liaison rationnelle entre le contenu d\u2019une transaction et la fa\u00e7on dont elle est d\u00e9crite dans les livres et registres de l\u2019entreprise.\n\nIl est envisag\u00e9 que SpaceBridge \u00e9tablisse des proc\u00e9dures et des normes d\u00e9taill\u00e9es relatives \u00e0 la formation, \u00e0 la diligence raisonnable, \u00e0 l'enregistrement des transactions et \u00e0 d'autres domaines, pour mettre en \u0153uvre les termes de la pr\u00e9sente politique.<\/p>\n\n\n\n<p>En particulier, SpaceBridge \u00e9tablera des normes et des proc\u00e9dures pour:<\/p>\n\n\n\n<p>\u2022\tle financement de voyages les membres ou les repr\u00e9sentants du gouvernement;<\/p>\n\n\n\n<p>\u2022\tle soutien direct et l\u2019aide en nature aux fonctionnaires du gouvernement;<\/p>\n\n\n\n<p>\u2022\tle soutien \u00e0 la s\u00e9curit\u00e9 des organes publics d\u2019application des lois;<\/p>\n\n\n\n<p>\u2022\tles indemnit\u00e9s journali\u00e8res pour les fonctionnaires;<\/p>\n\n\n\n<p>\u2022\tla pr\u00e9servation les tierces parties, y compris ceux qui peuvent interagir avec le gouvernement au nom de SpaceBridge;<\/p>\n\n\n\n<p>\u2022\tles contacts avec des entreprises gouvernementaux;<\/p>\n\n\n\n<p>\u2022\tles repas, cadeaux et divertissements pour les fonctionnaires; et<\/p>\n\n\n\n<p>\u2022\tles dons et les contributions charitables \u00e0 des repr\u00e9sentants du gouvernement<\/p>\n\n\n\n<p><strong>5.\tLES V\u00c9RIFICATIONS<\/strong><\/p>\n\n\n\n<p>Les installations, les unit\u00e9s d\u2019exploitation et les entrepreneurs de SpaceBridge peuvent faire l\u2019objet d\u2019une v\u00e9rification p\u00e9riodique afin d\u2019assurer la conformit\u00e9 aux exigences de la pr\u00e9sente politique et des proc\u00e9dures et lignes directrices applicables Les v\u00e9rifications internes peuvent \u00eatre effectu\u00e9es par SpaceBridge ou par des tiers externes.<\/p>\n\n\n\n<p>La documentation de v\u00e9rification devrait comprendre des plans d\u2019action pour l\u2019am\u00e9lioration de la performance.<\/p>\n\n\n\n<p><strong>6.\tL\u2019INTERACTION AVEC D'AUTRES POLITIQUES D'ENTREPRISE<\/strong><\/p>\n\n\n\n<p>Les autres politiques de SpaceBridge qui ont \u00e9t\u00e9 touch\u00e9es et qui devraient \u00eatre interpr\u00e9t\u00e9es conform\u00e9ment \u00e0 la pr\u00e9sente politique, incluent le code de conduite.<\/p>\n\n\n\n<p><strong>7.\tLA RENONCIATION<\/strong><\/p>\n\n\n\n<p>Il n'y a aucune d\u00e9rogation ou de renonciation permise \u00e0 la pr\u00e9sente politique.<\/p>\n\n\n\n<p><strong>8.\tLA DISCIPLINE<\/strong><\/p>\n\n\n\n<p>Tout employ\u00e9 qui viole les conditions de la pr\u00e9sente politique fera l'objet de mesures disciplinaires.\nTout employ\u00e9 qui a une connaissance directe des violations potentielles de la pr\u00e9sente politique, mais qui omet de signaler de telles violations possibles \u00e0 la direction de l\u2019entreprise, fera l'objet de mesures disciplinaires.<\/p>\n\n\n\n<p>Tout employ\u00e9 ayant connaissance directe de violations potentielles de la pr\u00e9sente politique, mais omettant de signaler ces violations potentielles \u00e0 la direction de l'entreprise, fera l'objet de mesures disciplinaires.<\/p>\n\n\n\n<p>Tout employ\u00e9 qui met la confusion ou emp\u00eache d'enqu\u00eater sur des violations potentielles de la pr\u00e9sente politique fera l'objet de mesures disciplinaires. Dans tous les cas, les mesures disciplinaires peuvent aller jusqu\u2019au cong\u00e9diement.<\/p>\n\n\n\n<p>Tout agent tiers qui viole les conditions de la pr\u00e9sente politique, qui est au courant, mais n\u2019informe pas la direction de SpaceBridge des violations possibles de la pr\u00e9sente politique, ou qui trompe les enqu\u00eateurs sur des violations potentielles de la pr\u00e9sente politique, peut avoir leurs contrats r\u00e9\u00e9valu\u00e9s ou r\u00e9sili\u00e9s.<\/p>\n\n\n\n<p><strong>9. LES R\u00c9F\u00c9RENCES<\/strong><\/p>\n\n\n\n<p>Les informations g\u00e9n\u00e9rales pour tous les pays qui font parties \u00e0 la Convention anticorruption de l'OCDE: http:\/\/www.oecd.org\/daf\/anti-bribery\/countryreportsontheimplementationoftheoecdanti-briberyconvention.htm<\/p>\n\n\n\n<p>Le LCAPE peut \u00eatre trouv\u00e9 \u00e0:\nhttps:\/\/laws-lois.justice.gc.ca\/fra\/lois\/c-45.2\/index.html<\/p>\n\n\n\n<p>Le LPCE se trouve sur:\nhttp:\/\/www.justice.gov\/criminal\/fraud\/fcpa\/<\/p>\n\n\n\n<p>La loi sur la corruption peut \u00eatre consult\u00e9e \u00e0 l'adresse suivante:\nhttp:\/\/www.legislation.gov.uk\/ukpga\/2010\/23\/contents<\/p>\n\n\n\n<p>La loi br\u00e9silienne anticorruption est disponible \u00e0 l'adresse:\n http:\/\/www.planalto.gov.br\/ccivil_03\/_Ato2011-2014\/2013\/Lei\/L12846.htm<\/p>\n\n\n\n<p>La loi anticorruption colombienne peut \u00eatre consult\u00e9e \u00e0 l'adresse suivante: http:\/\/www.secretariasenado.gov.co\/senado\/basedoc\/ley_1474_2011.html<\/p>","protected":false},"excerpt":{"rendered":"<p>1. PURPOSE SpaceBridge Inc. (together with its subsidiaries, \u201cSpaceBridge \u201c or the \u201cCompany\u201d) are committed to conducting our business in accordance with all applicable laws, rules and regulations and the [&hellip;]<\/p>\n","protected":false},"author":13,"featured_media":0,"parent":0,"menu_order":0,"comment_status":"closed","ping_status":"closed","template":"","meta":{"_acf_changed":false,"footnotes":""},"class_list":["post-16412","page","type-page","status-publish","hentry"],"acf":[],"yoast_head":"<!-- This site is optimized with the Yoast SEO plugin v27.3 - https:\/\/yoast.com\/product\/yoast-seo-wordpress\/ -->\n<title>Anti-Bribery and Anti-Corruption Policy - Spacebridge Inc.<\/title>\n<meta name=\"description\" content=\"SpaceBridge Inc. (together with its subsidiaries, \u201cSpaceBridge \u201c or the \u201cCompany\u201d) are committed to conducting our business in accordance with all applicable laws, rules and regulations and the highest ethical standards, and this commitment is embodied in the Code of Conduct.\" \/>\n<meta name=\"robots\" content=\"index, follow, max-snippet:-1, max-image-preview:large, max-video-preview:-1\" \/>\n<link rel=\"canonical\" href=\"https:\/\/spacebridge.com\/fr\/anti-bribery-and-anti-corruption-policy\/\" \/>\n<meta property=\"og:locale\" content=\"fr_FR\" \/>\n<meta property=\"og:type\" content=\"article\" \/>\n<meta property=\"og:title\" content=\"Anti-Bribery and Anti-Corruption Policy - Spacebridge Inc.\" \/>\n<meta property=\"og:description\" content=\"SpaceBridge Inc. (together with its subsidiaries, \u201cSpaceBridge \u201c or the \u201cCompany\u201d) are committed to conducting our business in accordance with all applicable laws, rules and regulations and the highest ethical standards, and this commitment is embodied in the Code of Conduct.\" \/>\n<meta property=\"og:url\" content=\"https:\/\/spacebridge.com\/fr\/anti-bribery-and-anti-corruption-policy\/\" \/>\n<meta property=\"og:site_name\" content=\"Spacebridge Inc.\" \/>\n<meta property=\"article:modified_time\" content=\"2025-11-17T16:22:24+00:00\" \/>\n<meta property=\"og:image\" content=\"https:\/\/spacebridge.com\/wp-content\/uploads\/2024\/02\/SpaceBridge-logo-no-tagline-full-color-on-white-or-blue.png\" \/>\n\t<meta property=\"og:image:width\" content=\"1474\" \/>\n\t<meta property=\"og:image:height\" content=\"730\" \/>\n\t<meta property=\"og:image:type\" content=\"image\/png\" \/>\n<meta name=\"twitter:card\" content=\"summary_large_image\" \/>\n<meta name=\"twitter:label1\" content=\"Dur\u00e9e de lecture estim\u00e9e\" \/>\n\t<meta name=\"twitter:data1\" content=\"5 minutes\" \/>\n<script type=\"application\/ld+json\" class=\"yoast-schema-graph\">{\"@context\":\"https:\\\/\\\/schema.org\",\"@graph\":[{\"@type\":\"WebPage\",\"@id\":\"https:\\\/\\\/spacebridge.com\\\/anti-bribery-and-anti-corruption-policy\\\/\",\"url\":\"https:\\\/\\\/spacebridge.com\\\/anti-bribery-and-anti-corruption-policy\\\/\",\"name\":\"Anti-Bribery and Anti-Corruption Policy - Spacebridge Inc.\",\"isPartOf\":{\"@id\":\"https:\\\/\\\/spacebridge.com\\\/#website\"},\"datePublished\":\"2025-11-17T16:18:23+00:00\",\"dateModified\":\"2025-11-17T16:22:24+00:00\",\"description\":\"SpaceBridge Inc. (together with its subsidiaries, \u201cSpaceBridge \u201c or the \u201cCompany\u201d) are committed to conducting our business in accordance with all applicable laws, rules and regulations and the highest ethical standards, and this commitment is embodied in the Code of Conduct.\",\"breadcrumb\":{\"@id\":\"https:\\\/\\\/spacebridge.com\\\/anti-bribery-and-anti-corruption-policy\\\/#breadcrumb\"},\"inLanguage\":\"fr-FR\",\"potentialAction\":[{\"@type\":\"ReadAction\",\"target\":[\"https:\\\/\\\/spacebridge.com\\\/anti-bribery-and-anti-corruption-policy\\\/\"]}]},{\"@type\":\"BreadcrumbList\",\"@id\":\"https:\\\/\\\/spacebridge.com\\\/anti-bribery-and-anti-corruption-policy\\\/#breadcrumb\",\"itemListElement\":[{\"@type\":\"ListItem\",\"position\":1,\"name\":\"Home\",\"item\":\"https:\\\/\\\/spacebridge.com\\\/\"},{\"@type\":\"ListItem\",\"position\":2,\"name\":\"Anti-Bribery and Anti-Corruption Policy\"}]},{\"@type\":\"WebSite\",\"@id\":\"https:\\\/\\\/spacebridge.com\\\/#website\",\"url\":\"https:\\\/\\\/spacebridge.com\\\/\",\"name\":\"Spacebridge Inc.\",\"description\":\"Broadband Satellite Communications Systems\",\"publisher\":{\"@id\":\"https:\\\/\\\/spacebridge.com\\\/#organization\"},\"potentialAction\":[{\"@type\":\"SearchAction\",\"target\":{\"@type\":\"EntryPoint\",\"urlTemplate\":\"https:\\\/\\\/spacebridge.com\\\/?s={search_term_string}\"},\"query-input\":{\"@type\":\"PropertyValueSpecification\",\"valueRequired\":true,\"valueName\":\"search_term_string\"}}],\"inLanguage\":\"fr-FR\"},{\"@type\":\"Organization\",\"@id\":\"https:\\\/\\\/spacebridge.com\\\/#organization\",\"name\":\"SpaceBridge Inc.\",\"url\":\"https:\\\/\\\/spacebridge.com\\\/\",\"logo\":{\"@type\":\"ImageObject\",\"inLanguage\":\"fr-FR\",\"@id\":\"https:\\\/\\\/spacebridge.com\\\/#\\\/schema\\\/logo\\\/image\\\/\",\"url\":\"https:\\\/\\\/spacebridge.com\\\/wp-content\\\/uploads\\\/2024\\\/02\\\/SpaceBridge-logo-no-tagline-full-color-on-white-or-blue.png\",\"contentUrl\":\"https:\\\/\\\/spacebridge.com\\\/wp-content\\\/uploads\\\/2024\\\/02\\\/SpaceBridge-logo-no-tagline-full-color-on-white-or-blue.png\",\"width\":1474,\"height\":730,\"caption\":\"SpaceBridge Inc.\"},\"image\":{\"@id\":\"https:\\\/\\\/spacebridge.com\\\/#\\\/schema\\\/logo\\\/image\\\/\"},\"sameAs\":[\"https:\\\/\\\/www.linkedin.com\\\/company\\\/spacebridgeinc\\\/\"]}]}<\/script>\n<!-- \/ Yoast SEO plugin. -->","yoast_head_json":{"title":"Anti-Bribery and Anti-Corruption Policy - Spacebridge Inc.","description":"SpaceBridge Inc. (together with its subsidiaries, \u201cSpaceBridge \u201c or the \u201cCompany\u201d) are committed to conducting our business in accordance with all applicable laws, rules and regulations and the highest ethical standards, and this commitment is embodied in the Code of Conduct.","robots":{"index":"index","follow":"follow","max-snippet":"max-snippet:-1","max-image-preview":"max-image-preview:large","max-video-preview":"max-video-preview:-1"},"canonical":"https:\/\/spacebridge.com\/fr\/anti-bribery-and-anti-corruption-policy\/","og_locale":"fr_FR","og_type":"article","og_title":"Anti-Bribery and Anti-Corruption Policy - Spacebridge Inc.","og_description":"SpaceBridge Inc. (together with its subsidiaries, \u201cSpaceBridge \u201c or the \u201cCompany\u201d) are committed to conducting our business in accordance with all applicable laws, rules and regulations and the highest ethical standards, and this commitment is embodied in the Code of Conduct.","og_url":"https:\/\/spacebridge.com\/fr\/anti-bribery-and-anti-corruption-policy\/","og_site_name":"Spacebridge Inc.","article_modified_time":"2025-11-17T16:22:24+00:00","og_image":[{"width":1474,"height":730,"url":"https:\/\/spacebridge.com\/wp-content\/uploads\/2024\/02\/SpaceBridge-logo-no-tagline-full-color-on-white-or-blue.png","type":"image\/png"}],"twitter_card":"summary_large_image","twitter_misc":{"Dur\u00e9e de lecture estim\u00e9e":"5 minutes"},"schema":{"@context":"https:\/\/schema.org","@graph":[{"@type":"WebPage","@id":"https:\/\/spacebridge.com\/anti-bribery-and-anti-corruption-policy\/","url":"https:\/\/spacebridge.com\/anti-bribery-and-anti-corruption-policy\/","name":"Anti-Bribery and Anti-Corruption Policy - Spacebridge Inc.","isPartOf":{"@id":"https:\/\/spacebridge.com\/#website"},"datePublished":"2025-11-17T16:18:23+00:00","dateModified":"2025-11-17T16:22:24+00:00","description":"SpaceBridge Inc. (together with its subsidiaries, \u201cSpaceBridge \u201c or the \u201cCompany\u201d) are committed to conducting our business in accordance with all applicable laws, rules and regulations and the highest ethical standards, and this commitment is embodied in the Code of Conduct.","breadcrumb":{"@id":"https:\/\/spacebridge.com\/anti-bribery-and-anti-corruption-policy\/#breadcrumb"},"inLanguage":"fr-FR","potentialAction":[{"@type":"ReadAction","target":["https:\/\/spacebridge.com\/anti-bribery-and-anti-corruption-policy\/"]}]},{"@type":"BreadcrumbList","@id":"https:\/\/spacebridge.com\/anti-bribery-and-anti-corruption-policy\/#breadcrumb","itemListElement":[{"@type":"ListItem","position":1,"name":"Home","item":"https:\/\/spacebridge.com\/"},{"@type":"ListItem","position":2,"name":"Anti-Bribery and Anti-Corruption Policy"}]},{"@type":"WebSite","@id":"https:\/\/spacebridge.com\/#website","url":"https:\/\/spacebridge.com\/","name":"Spacebridge Inc.","description":"Broadband Satellite Communications Systems","publisher":{"@id":"https:\/\/spacebridge.com\/#organization"},"potentialAction":[{"@type":"SearchAction","target":{"@type":"EntryPoint","urlTemplate":"https:\/\/spacebridge.com\/?s={search_term_string}"},"query-input":{"@type":"PropertyValueSpecification","valueRequired":true,"valueName":"search_term_string"}}],"inLanguage":"fr-FR"},{"@type":"Organization","@id":"https:\/\/spacebridge.com\/#organization","name":"SpaceBridge Inc.","url":"https:\/\/spacebridge.com\/","logo":{"@type":"ImageObject","inLanguage":"fr-FR","@id":"https:\/\/spacebridge.com\/#\/schema\/logo\/image\/","url":"https:\/\/spacebridge.com\/wp-content\/uploads\/2024\/02\/SpaceBridge-logo-no-tagline-full-color-on-white-or-blue.png","contentUrl":"https:\/\/spacebridge.com\/wp-content\/uploads\/2024\/02\/SpaceBridge-logo-no-tagline-full-color-on-white-or-blue.png","width":1474,"height":730,"caption":"SpaceBridge Inc."},"image":{"@id":"https:\/\/spacebridge.com\/#\/schema\/logo\/image\/"},"sameAs":["https:\/\/www.linkedin.com\/company\/spacebridgeinc\/"]}]}},"_links":{"self":[{"href":"https:\/\/spacebridge.com\/fr\/wp-json\/wp\/v2\/pages\/16412","targetHints":{"allow":["GET"]}}],"collection":[{"href":"https:\/\/spacebridge.com\/fr\/wp-json\/wp\/v2\/pages"}],"about":[{"href":"https:\/\/spacebridge.com\/fr\/wp-json\/wp\/v2\/types\/page"}],"author":[{"embeddable":true,"href":"https:\/\/spacebridge.com\/fr\/wp-json\/wp\/v2\/users\/13"}],"replies":[{"embeddable":true,"href":"https:\/\/spacebridge.com\/fr\/wp-json\/wp\/v2\/comments?post=16412"}],"version-history":[{"count":1,"href":"https:\/\/spacebridge.com\/fr\/wp-json\/wp\/v2\/pages\/16412\/revisions"}],"predecessor-version":[{"id":16413,"href":"https:\/\/spacebridge.com\/fr\/wp-json\/wp\/v2\/pages\/16412\/revisions\/16413"}],"wp:attachment":[{"href":"https:\/\/spacebridge.com\/fr\/wp-json\/wp\/v2\/media?parent=16412"}],"curies":[{"name":"wp","href":"https:\/\/api.w.org\/{rel}","templated":true}]}}